{"id":12365,"date":"2018-07-10T06:54:50","date_gmt":"2018-07-10T06:54:50","guid":{"rendered":"http:\/\/testwordpress.nirmalnagari.org\/smnd\/index.php\/awards\/"},"modified":"2026-02-04T19:51:06","modified_gmt":"2026-02-04T19:51:06","slug":"ocenenia","status":"publish","type":"page","link":"https:\/\/shrimataji.org\/test\/sk\/ocenenia\/","title":{"rendered":"Ocenenia"},"content":{"rendered":"\n\n\t<h1>Ocenenia<\/h1>\n<h2>Medzin\u00e1rodn\u00e9 uznania<\/h2>\n\t<h4>Humanit\u00e1rna a duchovn\u00e1 pr\u00e1ca \u0160ri Matad\u017ei vyvol\u00e1vala obdiv nielen u mnoh\u00fdch jednotlivcov vo viac ako 95 krajin\u00e1ch, ktor\u00ed osobne profitovali z jej u\u010denia, ale aj vo vl\u00e1de, u hodnost\u00e1rov, vo vzdel\u00e1vac\u00edch in\u0161tit\u00faci\u00e1ch \u010di humanit\u00e1rnych organiz\u00e1ci\u00e1ch.<\/h4>\n<p>Petrovsk\u00e1 akad\u00e9mia umenia a vedy v Petrohrade uznala vedeck\u00fa a overite\u013en\u00fa povahu jej u\u010denia a udelila \u0160ri Matad\u017ei \u010destn\u00e9 \u010dlenstvo so slovami: &#8220;Ste e\u0161te na vy\u0161\u0161ej \u00farovni ako veda.&#8221;<\/p>\n<p>In\u00ed, ako napr\u00edklad Claes Nobel, jej \u010fakovali za to, \u017ee dala \u013eudstvu n\u00e1dej. V\u0161etky ocenenia prijala s typickou pokorou, chv\u00e1lila \u00fasilie ostatn\u00fdch a trvala na kolekt\u00edvnom, nie individu\u00e1lnom \u00faspechu.<\/p>\n<p>Napriek ne\u00fanavn\u00e9mu cestovaniu \u0160ri Matad\u017ei nikdy nehovorila o svojom n\u00e1ro\u010dnom harmonograme ako o \u00fanavnom, ale sk\u00f4r ho prirovn\u00e1vala k pr\u00e1ci miluj\u00facej matky, ktor\u00e1 sa star\u00e1 o blaho svojich det\u00ed.<\/p>\n\t\t<iframe loading=\"lazy\" title=\"Claes Nobel - Tribute to Shri Mataji\" width=\"1920\" height=\"1080\" src=\"https:\/\/www.youtube.com\/embed\/K4ftCStNzWk?feature=oembed\" frameborder=\"0\" allow=\"accelerometer; autoplay; clipboard-write; encrypted-media; gyroscope; picture-in-picture; web-share\" allowfullscreen><\/iframe>\t\n<figure itemscope itemtype=\"https:\/\/schema.org\/ImageObject\">\n\t\t\t\t<img decoding=\"async\" src=\"https:\/\/shrimataji.org\/test\/wp-content\/uploads\/2026\/01\/SK_shri-mataji-at-the-womens-conference-in-beijing-13.09.1995.jpg\" alt=\"Konferencia Organiz\u00e1cie Spojen\u00fdch n\u00e1rodov (Peking, \u010c\u00edna, 1995)\" height=\"888\" width=\"1362\" title=\"SK_shri-mataji-at-the-womens-conference-in-beijing-13.09.1995\" onerror=\"this.style.display='none'\" loading=\"lazy\" \/>\n\t\t<figcaption>Konferencia Organiz\u00e1cie Spojen\u00fdch n\u00e1rodov (Peking, \u010c\u00edna, 1995)<\/figcaption>\n\t<\/figure>\n\t<p><strong>Niektor\u00e9 ocenenia a uznania<\/strong><\/p>\n<p>\u0160ri Matad\u017ei bola celosvetovo uzn\u00e1van\u00e1 nieko\u013ek\u00fdmi prest\u00ed\u017enymi in\u0161tit\u00faciami za jej nezi\u0161tn\u00fa pr\u00e1cu a za pozoruhodn\u00e9 v\u00fdsledky jej duchovn\u00e9ho u\u010denia prostredn\u00edctvom Sahad\u017ea jogy, z ktor\u00fdch niektor\u00e9 s\u00fa uveden\u00e9 ni\u017e\u0161ie.<\/p>\n<strong>Taliansko, 1986<br \/>\n<\/strong>Bola vl\u00e1dou vyhl\u00e1sen\u00e1 za &#8220;Osobnos\u0165 roka&#8221;.\n<strong>Moskva, Rusko, 1989<br \/>\n<\/strong>Po stretnut\u00ed \u0160ri Matad\u017ei s ministrom zdravotn\u00edctva ZSSR, bola Sahad\u017ea joge udelen\u00e1 pln\u00e1 vl\u00e1dna podpora, vr\u00e1tane financovania vedeck\u00e9ho v\u00fdskumu.<strong><br \/>\n<\/strong>\n<strong>New York, 1990 &#8211; 1994<br \/>\n<\/strong>Bola pozvan\u00e1 Organiz\u00e1ciou Spojen\u00fdch n\u00e1rodov \u0161tyri roky po sebe, aby hovorila o sp\u00f4soboch a prostriedkoch na dosiahnutie svetov\u00e9ho mieru.<strong><br \/>\n<\/strong>\n<strong>Petrohrad, Rusko, 1993<br \/>\n<\/strong>Bola vymenovan\u00e1 za \u010destn\u00e9ho \u010dlena Petrovskej akad\u00e9mie umenia a vedy. V hist\u00f3rii akad\u00e9mie bolo toto vyznamenanie udelen\u00e9 len dvan\u00e1stim \u013eu\u010fom, jedn\u00fdm z nich bol Einstein. \u0160ri Matad\u017ei viedla prv\u00fa medzin\u00e1rodn\u00fa konferenciu o medic\u00edne a sebapoznan\u00ed, ktor\u00e1 sa potom stala ka\u017edoro\u010dnou udalos\u0165ou na tejto akad\u00e9mii.\n<strong>Braz\u00edlia, 1994<br \/>\n<\/strong>Starosta Braz\u00edlie priv\u00edtal \u0160ri Matad\u017ei na letisku, odovzdal jej k\u013e\u00fa\u010d od mesta a sponzoroval v\u0161etky jej programy.\n<strong>New York, 1994<br \/>\n<\/strong>26. september bol vyhl\u00e1sen\u00fd za &#8220;De\u0148 \u0160ri Matad\u017ei Nirmala Devi&#8221;. Na po\u010des\u0165 \u0160ri Matad\u017ei a na oslavu jej spojenia s Mah\u00e1tma G\u00e1ndh\u00edm usporiadali uv\u00edtaciu prehliadku s policajn\u00fdm sprievodom.\n<strong>Britsk\u00e1 Kolumbia, Kanada, 1994<br \/>\n<\/strong>V mene obyvate\u013eov Kanady v provincii Britsk\u00e1 Kolumbia odovzdal premi\u00e9r &#8211; Mike Harcourt, uv\u00edtac\u00ed list.\n<strong>Rumunsko, 1995<\/strong><br \/>\nProfesor Drimer, ved\u00faci Ekologickej univerzity v Bukure\u0161ti, udelil \u0160ri Matad\u017ei \u010destn\u00fd doktor\u00e1t v kognit\u00edvnej vede.\n<strong>\u010c\u00edna, 1995<\/strong><br \/>\nBola ofici\u00e1lnym hos\u0165om \u010d\u00ednskej vl\u00e1dy a vyst\u00fapila na Medzin\u00e1rodnej \u017eenskej konferencii OSN.\n<strong>Pune, India, 1996<\/strong><br \/>\nPri pr\u00edle\u017eitosti 700. v\u00fdro\u010dia sv\u00e4t\u00e9ho Gjan\u00e9\u0161varu vyst\u00fapila \u0160ri Matad\u017ei na stretnut\u00ed &#8220;Svetov\u00fdch Filozofov 96, Parlamente vedy, n\u00e1bo\u017eenstva a filozofie,&#8221; kde bola ocenen\u00e1 za svoje duchovn\u00e9 hnutie Sahad\u017ea jogy.\n<strong>Lond\u00fdn, 1997<\/strong><br \/>\nPrasynovec Alfreda Nobela, predseda United Earth a The national Society of High School Scholars, ocenil \u017eivot a pr\u00e1cu \u0160ri Matad\u017ei na verejnom prejave v Royal Albert Hall.\n<strong>USA, na 105. kongrese v 1997 a na 106. kongrese v 2000<\/strong><br \/>\nUdelil kongresman Eliot Engle poctu \u0160ri Matad\u017ei za jej oddan\u00fa a ne\u00fanavn\u00fa pr\u00e1cu pre \u013eudstvo.\n<strong>Cabella Ligure, Taliansko, 2006<\/strong><br \/>\nBolo \u0160ri Matad\u017ei udelen\u00e9 \u010destn\u00e9 talianske ob\u010dianstvo, po ktorom nasledovalo zalo\u017eenie nad\u00e1cie &#8220;\u0160ri Matad\u017ei Nirmala Devi World Foundation &#8211; Sahad\u017ea joga&#8221;. T\u00e1to nad\u00e1cia m\u00e1 svoj domov v Cabella Ligure.\n<strong>Nov\u00e9 Dill\u00ed, India 2024<\/strong><br \/>\nVl\u00e1da Indie prostredn\u00edctvom Ministerstva financi\u00ed vydala pam\u00e4tn\u00fa mincu na po\u010des\u0165 nezi\u0161tnej slu\u017eby \u0160r\u00ed Matad\u017e\u00ed Nirmala Devi pre blaho a duchovn\u00e9 pozdvihnutie cel\u00e9ho \u013eudstva. Pri pr\u00edle\u017eitosti st\u00e9ho v\u00fdro\u010dia jej narodenia sa 14. okt\u00f3bra 2024 v audit\u00f3riu N\u00e1rodn\u00e9ho m\u00fazea v Novom Dill\u00ed sa konalo sl\u00e1vnostn\u00e9 podujatie pri pr\u00edle\u017eitosti vydania mince.\n<figure itemscope itemtype=\"https:\/\/schema.org\/ImageObject\">\n\t\t\t\t<img decoding=\"async\" src=\"https:\/\/shrimataji.org\/test\/wp-content\/uploads\/2026\/01\/SK_lwp-3459.jpg\" alt=\"Cabella Ligure, Taliansko\" height=\"427\" width=\"640\" title=\"SK_lwp-3459\" onerror=\"this.style.display='none'\" loading=\"lazy\" \/>\n\t\t<figcaption>Cabella Ligure, Taliansko<\/figcaption>\n\t<\/figure>\n\t<div class=\"su-quote su-quote-style-default\"><div class=\"su-quote-inner su-u-clearfix su-u-trim\">Postavenie matky je odli\u0161n\u00e9, jej l\u00e1ska, trpezlivos\u0165 a odp\u00fa\u0161\u0165anie s\u00fa jej dan\u00e9, jej postoj je celkom in\u00fd &#8211; nerob\u00ed to pre \u017eiadny \u00faspech, meno alebo nie\u010do in\u00e9&#8230;rob\u00ed to preto, \u017ee je matkou. <\/div><\/div>\n\n","protected":false},"excerpt":{"rendered":"<p>Ocenenia Medzin\u00e1rodn\u00e9 uznania Humanit\u00e1rna a duchovn\u00e1 pr\u00e1ca \u0160ri Matad\u017ei vyvol\u00e1vala obdiv nielen u mnoh\u00fdch jednotlivcov vo viac ako 95 krajin\u00e1ch, ktor\u00ed osobne profitovali z jej u\u010denia, ale aj vo vl\u00e1de, u hodnost\u00e1rov, vo vzdel\u00e1vac\u00edch in\u0161tit\u00faci\u00e1ch \u010di humanit\u00e1rnych organiz\u00e1ci\u00e1ch. Petrovsk\u00e1 akad\u00e9mia umenia a vedy v Petrohrade uznala vedeck\u00fa a overite\u013en\u00fa povahu jej u\u010denia a udelila \u0160ri&hellip; <br \/> <a class=\"read-more\" href=\"https:\/\/shrimataji.org\/test\/sk\/ocenenia\/\">Read more<\/a><\/p>\n","protected":false},"author":28,"featured_media":156,"parent":0,"menu_order":0,"comment_status":"closed","ping_status":"closed","template":"","meta":{"inline_featured_image":false,"footnotes":""},"class_list":["post-12365","page","type-page","status-publish","has-post-thumbnail","hentry"],"yoast_head":"<!-- This site is optimized with the Yoast SEO plugin v27.4 - https:\/\/yoast.com\/product\/yoast-seo-wordpress\/ -->\n<title>Ocenenia - TEST - SMND<\/title>\n<meta name=\"robots\" content=\"noindex, follow, max-snippet:-1, max-image-preview:large, max-video-preview:-1\" \/>\n<meta property=\"og:locale\" content=\"en_US\" \/>\n<meta property=\"og:type\" content=\"article\" \/>\n<meta property=\"og:title\" content=\"Ocenenia - TEST - SMND\" \/>\n<meta property=\"og:description\" content=\"Ocenenia Medzin\u00e1rodn\u00e9 uznania Humanit\u00e1rna a duchovn\u00e1 pr\u00e1ca \u0160ri Matad\u017ei vyvol\u00e1vala obdiv nielen u mnoh\u00fdch jednotlivcov vo viac ako 95 krajin\u00e1ch, ktor\u00ed osobne profitovali z jej u\u010denia, ale aj vo vl\u00e1de, u hodnost\u00e1rov, vo vzdel\u00e1vac\u00edch in\u0161tit\u00faci\u00e1ch \u010di humanit\u00e1rnych organiz\u00e1ci\u00e1ch. Petrovsk\u00e1 akad\u00e9mia umenia a vedy v Petrohrade uznala vedeck\u00fa a overite\u013en\u00fa povahu jej u\u010denia a udelila \u0160ri&hellip; Read more\" \/>\n<meta property=\"og:url\" content=\"https:\/\/shrimataji.org\/test\/sk\/ocenenia\/\" \/>\n<meta property=\"og:site_name\" content=\"TEST - SMND\" \/>\n<meta property=\"article:publisher\" content=\"https:\/\/www.facebook.com\/shrimataji\" \/>\n<meta property=\"article:modified_time\" content=\"2026-02-04T19:51:06+00:00\" \/>\n<meta property=\"og:image\" content=\"https:\/\/shrimataji.org\/test\/wp-content\/uploads\/2018\/07\/media_originals\/images\/headers-life-awards\/shri-mataji-recieves-recognition-in-moscow-russia.jpg\" \/>\n\t<meta property=\"og:image:width\" content=\"990\" \/>\n\t<meta property=\"og:image:height\" content=\"350\" \/>\n\t<meta property=\"og:image:type\" content=\"image\/jpeg\" \/>\n<meta name=\"twitter:card\" content=\"summary_large_image\" \/>\n<meta name=\"twitter:site\" content=\"@shrimataji\" \/>\n<script type=\"application\/ld+json\" class=\"yoast-schema-graph\">{\"@context\":\"https:\\\/\\\/schema.org\",\"@graph\":[{\"@type\":\"WebPage\",\"@id\":\"https:\\\/\\\/shrimataji.org\\\/test\\\/sk\\\/ocenenia\\\/\",\"url\":\"https:\\\/\\\/shrimataji.org\\\/test\\\/sk\\\/ocenenia\\\/\",\"name\":\"Ocenenia - TEST - SMND\",\"isPartOf\":{\"@id\":\"https:\\\/\\\/shrimataji.org\\\/test\\\/#website\"},\"primaryImageOfPage\":{\"@id\":\"https:\\\/\\\/shrimataji.org\\\/test\\\/sk\\\/ocenenia\\\/#primaryimage\"},\"image\":{\"@id\":\"https:\\\/\\\/shrimataji.org\\\/test\\\/sk\\\/ocenenia\\\/#primaryimage\"},\"thumbnailUrl\":\"https:\\\/\\\/shrimataji.org\\\/test\\\/wp-content\\\/uploads\\\/2018\\\/07\\\/media_originals\\\/images\\\/headers-life-awards\\\/shri-mataji-recieves-recognition-in-moscow-russia.jpg\",\"datePublished\":\"2018-07-10T06:54:50+00:00\",\"dateModified\":\"2026-02-04T19:51:06+00:00\",\"breadcrumb\":{\"@id\":\"https:\\\/\\\/shrimataji.org\\\/test\\\/sk\\\/ocenenia\\\/#breadcrumb\"},\"inLanguage\":\"en-US\",\"potentialAction\":[{\"@type\":\"ReadAction\",\"target\":[\"https:\\\/\\\/shrimataji.org\\\/test\\\/sk\\\/ocenenia\\\/\"]}]},{\"@type\":\"ImageObject\",\"inLanguage\":\"en-US\",\"@id\":\"https:\\\/\\\/shrimataji.org\\\/test\\\/sk\\\/ocenenia\\\/#primaryimage\",\"url\":\"https:\\\/\\\/shrimataji.org\\\/test\\\/wp-content\\\/uploads\\\/2018\\\/07\\\/media_originals\\\/images\\\/headers-life-awards\\\/shri-mataji-recieves-recognition-in-moscow-russia.jpg\",\"contentUrl\":\"https:\\\/\\\/shrimataji.org\\\/test\\\/wp-content\\\/uploads\\\/2018\\\/07\\\/media_originals\\\/images\\\/headers-life-awards\\\/shri-mataji-recieves-recognition-in-moscow-russia.jpg\",\"width\":990,\"height\":350},{\"@type\":\"BreadcrumbList\",\"@id\":\"https:\\\/\\\/shrimataji.org\\\/test\\\/sk\\\/ocenenia\\\/#breadcrumb\",\"itemListElement\":[{\"@type\":\"ListItem\",\"position\":1,\"name\":\"Home\",\"item\":\"https:\\\/\\\/shrimataji.org\\\/test\\\/uk\\\/home-en\\\/\"},{\"@type\":\"ListItem\",\"position\":2,\"name\":\"Ocenenia\"}]},{\"@type\":\"WebSite\",\"@id\":\"https:\\\/\\\/shrimataji.org\\\/test\\\/#website\",\"url\":\"https:\\\/\\\/shrimataji.org\\\/test\\\/\",\"name\":\"Shri Mataji Nirmala Devi\",\"description\":\"A Life Dedicated to Humanity\",\"publisher\":{\"@id\":\"https:\\\/\\\/shrimataji.org\\\/test\\\/#\\\/schema\\\/person\\\/a1b3419c6585f164aa96da1ff85715d1\"},\"potentialAction\":[{\"@type\":\"SearchAction\",\"target\":{\"@type\":\"EntryPoint\",\"urlTemplate\":\"https:\\\/\\\/shrimataji.org\\\/test\\\/?s={search_term_string}\"},\"query-input\":{\"@type\":\"PropertyValueSpecification\",\"valueRequired\":true,\"valueName\":\"search_term_string\"}}],\"inLanguage\":\"en-US\"},{\"@type\":[\"Person\",\"Organization\"],\"@id\":\"https:\\\/\\\/shrimataji.org\\\/test\\\/#\\\/schema\\\/person\\\/a1b3419c6585f164aa96da1ff85715d1\",\"name\":\"Nirmala Shrivastava\",\"image\":{\"@type\":\"ImageObject\",\"inLanguage\":\"en-US\",\"@id\":\"https:\\\/\\\/shrimataji.org\\\/test\\\/wp-content\\\/uploads\\\/2023\\\/02\\\/SMO_LOGO-03.svg\",\"url\":\"https:\\\/\\\/shrimataji.org\\\/test\\\/wp-content\\\/uploads\\\/2023\\\/02\\\/SMO_LOGO-03.svg\",\"contentUrl\":\"https:\\\/\\\/shrimataji.org\\\/test\\\/wp-content\\\/uploads\\\/2023\\\/02\\\/SMO_LOGO-03.svg\",\"width\":\"1024\",\"height\":\"1024\",\"caption\":\"Nirmala Shrivastava\"},\"logo\":{\"@id\":\"https:\\\/\\\/shrimataji.org\\\/test\\\/wp-content\\\/uploads\\\/2023\\\/02\\\/SMO_LOGO-03.svg\"},\"sameAs\":[\"https:\\\/\\\/shrimataji.org\\\/test\",\"https:\\\/\\\/www.facebook.com\\\/shrimataji\",\"https:\\\/\\\/x.com\\\/shrimataji\",\"https:\\\/\\\/www.youtube.com\\\/@Shri_Mataji_Nirmala_Devi\\\/featured\"]}]}<\/script>\n<!-- \/ Yoast SEO plugin. -->","yoast_head_json":{"title":"Ocenenia - TEST - SMND","robots":{"index":"noindex","follow":"follow","max-snippet":"max-snippet:-1","max-image-preview":"max-image-preview:large","max-video-preview":"max-video-preview:-1"},"og_locale":"en_US","og_type":"article","og_title":"Ocenenia - TEST - SMND","og_description":"Ocenenia Medzin\u00e1rodn\u00e9 uznania Humanit\u00e1rna a duchovn\u00e1 pr\u00e1ca \u0160ri Matad\u017ei vyvol\u00e1vala obdiv nielen u mnoh\u00fdch jednotlivcov vo viac ako 95 krajin\u00e1ch, ktor\u00ed osobne profitovali z jej u\u010denia, ale aj vo vl\u00e1de, u hodnost\u00e1rov, vo vzdel\u00e1vac\u00edch in\u0161tit\u00faci\u00e1ch \u010di humanit\u00e1rnych organiz\u00e1ci\u00e1ch. Petrovsk\u00e1 akad\u00e9mia umenia a vedy v Petrohrade uznala vedeck\u00fa a overite\u013en\u00fa povahu jej u\u010denia a udelila \u0160ri&hellip; Read more","og_url":"https:\/\/shrimataji.org\/test\/sk\/ocenenia\/","og_site_name":"TEST - SMND","article_publisher":"https:\/\/www.facebook.com\/shrimataji","article_modified_time":"2026-02-04T19:51:06+00:00","og_image":[{"width":990,"height":350,"url":"https:\/\/shrimataji.org\/test\/wp-content\/uploads\/2018\/07\/media_originals\/images\/headers-life-awards\/shri-mataji-recieves-recognition-in-moscow-russia.jpg","type":"image\/jpeg"}],"twitter_card":"summary_large_image","twitter_site":"@shrimataji","schema":{"@context":"https:\/\/schema.org","@graph":[{"@type":"WebPage","@id":"https:\/\/shrimataji.org\/test\/sk\/ocenenia\/","url":"https:\/\/shrimataji.org\/test\/sk\/ocenenia\/","name":"Ocenenia - TEST - SMND","isPartOf":{"@id":"https:\/\/shrimataji.org\/test\/#website"},"primaryImageOfPage":{"@id":"https:\/\/shrimataji.org\/test\/sk\/ocenenia\/#primaryimage"},"image":{"@id":"https:\/\/shrimataji.org\/test\/sk\/ocenenia\/#primaryimage"},"thumbnailUrl":"https:\/\/shrimataji.org\/test\/wp-content\/uploads\/2018\/07\/media_originals\/images\/headers-life-awards\/shri-mataji-recieves-recognition-in-moscow-russia.jpg","datePublished":"2018-07-10T06:54:50+00:00","dateModified":"2026-02-04T19:51:06+00:00","breadcrumb":{"@id":"https:\/\/shrimataji.org\/test\/sk\/ocenenia\/#breadcrumb"},"inLanguage":"en-US","potentialAction":[{"@type":"ReadAction","target":["https:\/\/shrimataji.org\/test\/sk\/ocenenia\/"]}]},{"@type":"ImageObject","inLanguage":"en-US","@id":"https:\/\/shrimataji.org\/test\/sk\/ocenenia\/#primaryimage","url":"https:\/\/shrimataji.org\/test\/wp-content\/uploads\/2018\/07\/media_originals\/images\/headers-life-awards\/shri-mataji-recieves-recognition-in-moscow-russia.jpg","contentUrl":"https:\/\/shrimataji.org\/test\/wp-content\/uploads\/2018\/07\/media_originals\/images\/headers-life-awards\/shri-mataji-recieves-recognition-in-moscow-russia.jpg","width":990,"height":350},{"@type":"BreadcrumbList","@id":"https:\/\/shrimataji.org\/test\/sk\/ocenenia\/#breadcrumb","itemListElement":[{"@type":"ListItem","position":1,"name":"Home","item":"https:\/\/shrimataji.org\/test\/uk\/home-en\/"},{"@type":"ListItem","position":2,"name":"Ocenenia"}]},{"@type":"WebSite","@id":"https:\/\/shrimataji.org\/test\/#website","url":"https:\/\/shrimataji.org\/test\/","name":"Shri Mataji Nirmala Devi","description":"A Life Dedicated to Humanity","publisher":{"@id":"https:\/\/shrimataji.org\/test\/#\/schema\/person\/a1b3419c6585f164aa96da1ff85715d1"},"potentialAction":[{"@type":"SearchAction","target":{"@type":"EntryPoint","urlTemplate":"https:\/\/shrimataji.org\/test\/?s={search_term_string}"},"query-input":{"@type":"PropertyValueSpecification","valueRequired":true,"valueName":"search_term_string"}}],"inLanguage":"en-US"},{"@type":["Person","Organization"],"@id":"https:\/\/shrimataji.org\/test\/#\/schema\/person\/a1b3419c6585f164aa96da1ff85715d1","name":"Nirmala Shrivastava","image":{"@type":"ImageObject","inLanguage":"en-US","@id":"https:\/\/shrimataji.org\/test\/wp-content\/uploads\/2023\/02\/SMO_LOGO-03.svg","url":"https:\/\/shrimataji.org\/test\/wp-content\/uploads\/2023\/02\/SMO_LOGO-03.svg","contentUrl":"https:\/\/shrimataji.org\/test\/wp-content\/uploads\/2023\/02\/SMO_LOGO-03.svg","width":"1024","height":"1024","caption":"Nirmala Shrivastava"},"logo":{"@id":"https:\/\/shrimataji.org\/test\/wp-content\/uploads\/2023\/02\/SMO_LOGO-03.svg"},"sameAs":["https:\/\/shrimataji.org\/test","https:\/\/www.facebook.com\/shrimataji","https:\/\/x.com\/shrimataji","https:\/\/www.youtube.com\/@Shri_Mataji_Nirmala_Devi\/featured"]}]}},"lang":"sk","translations":{"sk":12365,"ur":37691,"en":437,"am":17967,"th":19895,"hu":19442,"sq":18368,"zh":17265,"tr":10136,"pt":10353,"de":10626,"fr":10724,"it":10822,"es":10920,"ja":11217,"ru":11405,"bn":11597,"te":11705,"sw":11828,"he":11976,"el":12267,"fa":12463,"fi":12561,"bg":13438,"ro":14512,"cs":14705,"nl":16528,"ku":16688,"ar":16864,"be":18575,"kn":18849,"mr":20259,"uk":20551,"ml":20850,"ta":22683,"sv":22956,"gu":28804,"pa":28962,"fil":29402,"da":37710,"pl":37927,"nn":38262},"pll_sync_post":[],"_links":{"self":[{"href":"https:\/\/shrimataji.org\/test\/wp-json\/wp\/v2\/pages\/12365","targetHints":{"allow":["GET"]}}],"collection":[{"href":"https:\/\/shrimataji.org\/test\/wp-json\/wp\/v2\/pages"}],"about":[{"href":"https:\/\/shrimataji.org\/test\/wp-json\/wp\/v2\/types\/page"}],"author":[{"embeddable":true,"href":"https:\/\/shrimataji.org\/test\/wp-json\/wp\/v2\/users\/28"}],"replies":[{"embeddable":true,"href":"https:\/\/shrimataji.org\/test\/wp-json\/wp\/v2\/comments?post=12365"}],"version-history":[{"count":0,"href":"https:\/\/shrimataji.org\/test\/wp-json\/wp\/v2\/pages\/12365\/revisions"}],"wp:featuredmedia":[{"embeddable":true,"href":"https:\/\/shrimataji.org\/test\/wp-json\/wp\/v2\/media\/156"}],"wp:attachment":[{"href":"https:\/\/shrimataji.org\/test\/wp-json\/wp\/v2\/media?parent=12365"}],"curies":[{"name":"wp","href":"https:\/\/api.w.org\/{rel}","templated":true}]}}