{"id":12366,"date":"2022-01-29T09:51:00","date_gmt":"2022-01-29T09:51:00","guid":{"rendered":"https:\/\/test.shrimataji.org\/?page_id=6388"},"modified":"2026-01-31T06:06:50","modified_gmt":"2026-01-31T06:06:50","slug":"ako-sa-stat-majstrom","status":"publish","type":"page","link":"https:\/\/shrimataji.org\/test\/sk\/ako-sa-stat-majstrom\/","title":{"rendered":"Ako sa sta\u0165 majstrom"},"content":{"rendered":"\n\n\t<h1>Ako sa sta\u0165 majstrom<\/h1>\n<h2>Prebudenie svojho princ\u00edpu gurua<\/h2>\n<div class=\"su-quote su-quote-style-default\"><div class=\"su-quote-inner su-u-clearfix su-u-trim\"> No my sme ove\u013ea viac ako v\u0161etky be\u017en\u00e9 n\u00e1stroje, dokonca viac, ako tie najkomplikovanej\u0161ie, najpokro\u010dilej\u0161ie vyvinut\u00e9 vedou. Preto\u017ee sa dost\u00e1vame na t\u00fa \u00farove\u0148, kde sme sami vedou, vedou pravdy, absol\u00fatnej pravdy. \u010ci\u017ee \u010do je potrebn\u00e9 ma\u0165, aby sme sa stali guruom &#8211; seba\u00factu. <\/div><\/div>\n<h4>\u0160ri Matad\u017ei zd\u00f4raz\u0148ovala z\u00e1sady na dosiahnutie svojho majstrovsta &#8211; sebaovl\u00e1dania od sam\u00e9ho za\u010diatku u\u010denia Sahad\u017ea jogy. Na rozdiel od in\u00fdch jogov\u00fdch discipl\u00edn, ktor\u00e9 vy\u017eaduj\u00fa roky u\u010denia pod pr\u00edsnym veden\u00edm majstra alebo gurua, medit\u00e1cia Sahad\u017ea jogy sa zameriava na dosiahnutie n\u00e1\u0161ho vlastn\u00e9ho vroden\u00e9ho princ\u00edpu majstra, ktor\u00fdm je osvieten\u00e1 Du\u0161a.<\/h4>\n<p>V\u0161etky skuto\u010dn\u00e9 vedomosti mo\u017eno spozna\u0165 len pomocou n\u00e1\u0161ho centr\u00e1lneho nervov\u00e9ho syst\u00e9mu. \u0160iesty zmysel &#8211; jemn\u00e9, vibra\u010dn\u00e9 vedomie, aktivovan\u00e9 pri Sebarealiz\u00e1cii, je upevnen\u00e9 spr\u00e1vnou medita\u010dnou praxou Sahad\u017ea jogy a stane sa dokonal\u00fdm n\u00e1strojom na overenie na\u0161ich vedomost\u00ed a vedomost\u00ed druh\u00fdch &#8211; v tejto novej dimenzii vedomia.<\/p>\n<p>Akon\u00e1hle dosiahneme tento stav vroden\u00e9ho majstrovstva, jasne vid\u00edme veci tak\u00e9, ak\u00e9 s\u00fa, a nie tak\u00e9, ak\u00e9 sme ich predt\u00fdm chceli vidie\u0165. Nenasledujeme slepo nejak\u00fa vieru \u010di n\u00e1bo\u017eenstvo, doktr\u00edny a dogmy, miesto toho sa na\u0161a perspekt\u00edva zmen\u00ed tak, \u017ee v\u0161etko vid\u00edme vo svetle dokonal\u00e9ho vibra\u010dn\u00e9ho vedomia, ktor\u00e9 je mimo dualitu na\u0161ej obmedzenej mysle.<\/p>\n<p>Spo\u010diatku m\u00f4\u017eu tak\u00e9to bo\u017esk\u00e9 z\u00e1\u017eitky trva\u0165 len kr\u00e1tku chv\u00ed\u013eu, ale ke\u010f \u00faprimne napredujeme v medit\u00e1cii Sahad\u017ea jogy, tieto hlbok\u00e9 sk\u00fasenosti sa st\u00e1vaj\u00fa neoddelite\u013enou s\u00fa\u010das\u0165ou n\u00e1\u0161ho \u017eivota. Sme schopn\u00ed \u010deli\u0165 ka\u017ed\u00e9mu aspektu \u017eivota s vyrovnanos\u0165ou, zvl\u00e1dnu\u0165 ka\u017ed\u00fa situ\u00e1ciu, ktor\u00e1 sa n\u00e1m predt\u00fdm javila ako sk\u013eu\u010duj\u00faca \u010di znepokojuj\u00faca.<\/p>\n<p>Tento stav &#8211; majstrovstva n\u00e1m umo\u017e\u0148uje vnies\u0165 nielen harm\u00f3niu a rovnov\u00e1hu do n\u00e1\u0161ho ka\u017edodenn\u00e9ho \u017eivota, ale n\u00e1m aj umo\u017e\u0148uje privies\u0165 ostatn\u00fdch do tohto kr\u00e1sneho stavu. Mnoh\u00ed sahad\u017ea jog\u00edni za\u017eili, ako sa ich vlastn\u00e9 \u017eivoty, \u017eivot ich rodiny, priate\u013eov ba aj okolia zmenili len t\u00fdm, \u017ee sa stali svojim vlastn\u00fdm majstrom a dosiahli stav sebaovl\u00e1dania.<\/p>\n<div class=\"su-quote su-quote-style-default\"><div class=\"su-quote-inner su-u-clearfix su-u-trim\"> Takisto, ke\u010f dosiahnete tento vy\u0161\u0161\u00ed stav, potom bez toho, aby ste nie\u010do povedali alebo urobili, na uskuto\u010dnenie \u010dohoko\u013evek sta\u010d\u00ed v\u00e1\u0161 poh\u013ead. <\/div><\/div>\n\n","protected":false},"excerpt":{"rendered":"<p>Ako sa sta\u0165 majstrom Prebudenie svojho princ\u00edpu gurua \u0160ri Matad\u017ei zd\u00f4raz\u0148ovala z\u00e1sady na dosiahnutie svojho majstrovsta &#8211; sebaovl\u00e1dania od sam\u00e9ho za\u010diatku u\u010denia Sahad\u017ea jogy. Na rozdiel od in\u00fdch jogov\u00fdch discipl\u00edn, ktor\u00e9 vy\u017eaduj\u00fa roky u\u010denia pod pr\u00edsnym veden\u00edm majstra alebo gurua, medit\u00e1cia Sahad\u017ea jogy sa zameriava na dosiahnutie n\u00e1\u0161ho vlastn\u00e9ho vroden\u00e9ho princ\u00edpu majstra, ktor\u00fdm je osvieten\u00e1&hellip; <br \/> <a class=\"read-more\" href=\"https:\/\/shrimataji.org\/test\/sk\/ako-sa-stat-majstrom\/\">Read more<\/a><\/p>\n","protected":false},"author":28,"featured_media":9261,"parent":0,"menu_order":0,"comment_status":"closed","ping_status":"closed","template":"","meta":{"inline_featured_image":false,"footnotes":""},"class_list":["post-12366","page","type-page","status-publish","has-post-thumbnail","hentry"],"yoast_head":"<!-- This site is optimized with the Yoast SEO plugin v27.4 - https:\/\/yoast.com\/product\/yoast-seo-wordpress\/ -->\n<title>Ako sa sta\u0165 majstrom - TEST - SMND<\/title>\n<meta name=\"robots\" content=\"noindex, follow, max-snippet:-1, max-image-preview:large, max-video-preview:-1\" \/>\n<meta property=\"og:locale\" content=\"en_US\" \/>\n<meta property=\"og:type\" content=\"article\" \/>\n<meta property=\"og:title\" content=\"Ako sa sta\u0165 majstrom - TEST - SMND\" \/>\n<meta property=\"og:description\" content=\"Ako sa sta\u0165 majstrom Prebudenie svojho princ\u00edpu gurua \u0160ri Matad\u017ei zd\u00f4raz\u0148ovala z\u00e1sady na dosiahnutie svojho majstrovsta &#8211; sebaovl\u00e1dania od sam\u00e9ho za\u010diatku u\u010denia Sahad\u017ea jogy. Na rozdiel od in\u00fdch jogov\u00fdch discipl\u00edn, ktor\u00e9 vy\u017eaduj\u00fa roky u\u010denia pod pr\u00edsnym veden\u00edm majstra alebo gurua, medit\u00e1cia Sahad\u017ea jogy sa zameriava na dosiahnutie n\u00e1\u0161ho vlastn\u00e9ho vroden\u00e9ho princ\u00edpu majstra, ktor\u00fdm je osvieten\u00e1&hellip; Read more\" \/>\n<meta property=\"og:url\" content=\"https:\/\/shrimataji.org\/test\/sk\/ako-sa-stat-majstrom\/\" \/>\n<meta property=\"og:site_name\" content=\"TEST - SMND\" \/>\n<meta property=\"article:publisher\" content=\"https:\/\/www.facebook.com\/shrimataji\" \/>\n<meta property=\"article:modified_time\" content=\"2026-01-31T06:06:50+00:00\" \/>\n<meta property=\"og:image\" content=\"https:\/\/shrimataji.org\/test\/wp-content\/uploads\/2023\/03\/26_Banner-SY-Master-scaled.jpg\" \/>\n\t<meta property=\"og:image:width\" content=\"2560\" \/>\n\t<meta property=\"og:image:height\" content=\"905\" \/>\n\t<meta property=\"og:image:type\" content=\"image\/jpeg\" \/>\n<meta name=\"twitter:card\" content=\"summary_large_image\" \/>\n<meta name=\"twitter:site\" content=\"@shrimataji\" \/>\n<meta name=\"twitter:label1\" content=\"Est. reading time\" \/>\n\t<meta name=\"twitter:data1\" content=\"2 minutes\" \/>\n<script type=\"application\/ld+json\" class=\"yoast-schema-graph\">{\"@context\":\"https:\\\/\\\/schema.org\",\"@graph\":[{\"@type\":\"WebPage\",\"@id\":\"https:\\\/\\\/shrimataji.org\\\/test\\\/sk\\\/ako-sa-stat-majstrom\\\/\",\"url\":\"https:\\\/\\\/shrimataji.org\\\/test\\\/sk\\\/ako-sa-stat-majstrom\\\/\",\"name\":\"Ako sa sta\u0165 majstrom - TEST - SMND\",\"isPartOf\":{\"@id\":\"https:\\\/\\\/shrimataji.org\\\/test\\\/#website\"},\"primaryImageOfPage\":{\"@id\":\"https:\\\/\\\/shrimataji.org\\\/test\\\/sk\\\/ako-sa-stat-majstrom\\\/#primaryimage\"},\"image\":{\"@id\":\"https:\\\/\\\/shrimataji.org\\\/test\\\/sk\\\/ako-sa-stat-majstrom\\\/#primaryimage\"},\"thumbnailUrl\":\"https:\\\/\\\/shrimataji.org\\\/test\\\/wp-content\\\/uploads\\\/2023\\\/03\\\/26_Banner-SY-Master-scaled.jpg\",\"datePublished\":\"2022-01-29T09:51:00+00:00\",\"dateModified\":\"2026-01-31T06:06:50+00:00\",\"breadcrumb\":{\"@id\":\"https:\\\/\\\/shrimataji.org\\\/test\\\/sk\\\/ako-sa-stat-majstrom\\\/#breadcrumb\"},\"inLanguage\":\"en-US\",\"potentialAction\":[{\"@type\":\"ReadAction\",\"target\":[\"https:\\\/\\\/shrimataji.org\\\/test\\\/sk\\\/ako-sa-stat-majstrom\\\/\"]}]},{\"@type\":\"ImageObject\",\"inLanguage\":\"en-US\",\"@id\":\"https:\\\/\\\/shrimataji.org\\\/test\\\/sk\\\/ako-sa-stat-majstrom\\\/#primaryimage\",\"url\":\"https:\\\/\\\/shrimataji.org\\\/test\\\/wp-content\\\/uploads\\\/2023\\\/03\\\/26_Banner-SY-Master-scaled.jpg\",\"contentUrl\":\"https:\\\/\\\/shrimataji.org\\\/test\\\/wp-content\\\/uploads\\\/2023\\\/03\\\/26_Banner-SY-Master-scaled.jpg\",\"width\":2560,\"height\":905},{\"@type\":\"BreadcrumbList\",\"@id\":\"https:\\\/\\\/shrimataji.org\\\/test\\\/sk\\\/ako-sa-stat-majstrom\\\/#breadcrumb\",\"itemListElement\":[{\"@type\":\"ListItem\",\"position\":1,\"name\":\"Home\",\"item\":\"https:\\\/\\\/shrimataji.org\\\/test\\\/uk\\\/home-en\\\/\"},{\"@type\":\"ListItem\",\"position\":2,\"name\":\"Ako sa sta\u0165 majstrom\"}]},{\"@type\":\"WebSite\",\"@id\":\"https:\\\/\\\/shrimataji.org\\\/test\\\/#website\",\"url\":\"https:\\\/\\\/shrimataji.org\\\/test\\\/\",\"name\":\"Shri Mataji Nirmala Devi\",\"description\":\"A Life Dedicated to Humanity\",\"publisher\":{\"@id\":\"https:\\\/\\\/shrimataji.org\\\/test\\\/#\\\/schema\\\/person\\\/a1b3419c6585f164aa96da1ff85715d1\"},\"potentialAction\":[{\"@type\":\"SearchAction\",\"target\":{\"@type\":\"EntryPoint\",\"urlTemplate\":\"https:\\\/\\\/shrimataji.org\\\/test\\\/?s={search_term_string}\"},\"query-input\":{\"@type\":\"PropertyValueSpecification\",\"valueRequired\":true,\"valueName\":\"search_term_string\"}}],\"inLanguage\":\"en-US\"},{\"@type\":[\"Person\",\"Organization\"],\"@id\":\"https:\\\/\\\/shrimataji.org\\\/test\\\/#\\\/schema\\\/person\\\/a1b3419c6585f164aa96da1ff85715d1\",\"name\":\"Nirmala Shrivastava\",\"image\":{\"@type\":\"ImageObject\",\"inLanguage\":\"en-US\",\"@id\":\"https:\\\/\\\/shrimataji.org\\\/test\\\/wp-content\\\/uploads\\\/2023\\\/02\\\/SMO_LOGO-03.svg\",\"url\":\"https:\\\/\\\/shrimataji.org\\\/test\\\/wp-content\\\/uploads\\\/2023\\\/02\\\/SMO_LOGO-03.svg\",\"contentUrl\":\"https:\\\/\\\/shrimataji.org\\\/test\\\/wp-content\\\/uploads\\\/2023\\\/02\\\/SMO_LOGO-03.svg\",\"width\":\"1024\",\"height\":\"1024\",\"caption\":\"Nirmala Shrivastava\"},\"logo\":{\"@id\":\"https:\\\/\\\/shrimataji.org\\\/test\\\/wp-content\\\/uploads\\\/2023\\\/02\\\/SMO_LOGO-03.svg\"},\"sameAs\":[\"https:\\\/\\\/shrimataji.org\\\/test\",\"https:\\\/\\\/www.facebook.com\\\/shrimataji\",\"https:\\\/\\\/x.com\\\/shrimataji\",\"https:\\\/\\\/www.youtube.com\\\/@Shri_Mataji_Nirmala_Devi\\\/featured\"]}]}<\/script>\n<!-- \/ Yoast SEO plugin. -->","yoast_head_json":{"title":"Ako sa sta\u0165 majstrom - TEST - SMND","robots":{"index":"noindex","follow":"follow","max-snippet":"max-snippet:-1","max-image-preview":"max-image-preview:large","max-video-preview":"max-video-preview:-1"},"og_locale":"en_US","og_type":"article","og_title":"Ako sa sta\u0165 majstrom - TEST - SMND","og_description":"Ako sa sta\u0165 majstrom Prebudenie svojho princ\u00edpu gurua \u0160ri Matad\u017ei zd\u00f4raz\u0148ovala z\u00e1sady na dosiahnutie svojho majstrovsta &#8211; sebaovl\u00e1dania od sam\u00e9ho za\u010diatku u\u010denia Sahad\u017ea jogy. Na rozdiel od in\u00fdch jogov\u00fdch discipl\u00edn, ktor\u00e9 vy\u017eaduj\u00fa roky u\u010denia pod pr\u00edsnym veden\u00edm majstra alebo gurua, medit\u00e1cia Sahad\u017ea jogy sa zameriava na dosiahnutie n\u00e1\u0161ho vlastn\u00e9ho vroden\u00e9ho princ\u00edpu majstra, ktor\u00fdm je osvieten\u00e1&hellip; Read more","og_url":"https:\/\/shrimataji.org\/test\/sk\/ako-sa-stat-majstrom\/","og_site_name":"TEST - SMND","article_publisher":"https:\/\/www.facebook.com\/shrimataji","article_modified_time":"2026-01-31T06:06:50+00:00","og_image":[{"width":2560,"height":905,"url":"https:\/\/shrimataji.org\/test\/wp-content\/uploads\/2023\/03\/26_Banner-SY-Master-scaled.jpg","type":"image\/jpeg"}],"twitter_card":"summary_large_image","twitter_site":"@shrimataji","twitter_misc":{"Est. reading time":"2 minutes"},"schema":{"@context":"https:\/\/schema.org","@graph":[{"@type":"WebPage","@id":"https:\/\/shrimataji.org\/test\/sk\/ako-sa-stat-majstrom\/","url":"https:\/\/shrimataji.org\/test\/sk\/ako-sa-stat-majstrom\/","name":"Ako sa sta\u0165 majstrom - TEST - SMND","isPartOf":{"@id":"https:\/\/shrimataji.org\/test\/#website"},"primaryImageOfPage":{"@id":"https:\/\/shrimataji.org\/test\/sk\/ako-sa-stat-majstrom\/#primaryimage"},"image":{"@id":"https:\/\/shrimataji.org\/test\/sk\/ako-sa-stat-majstrom\/#primaryimage"},"thumbnailUrl":"https:\/\/shrimataji.org\/test\/wp-content\/uploads\/2023\/03\/26_Banner-SY-Master-scaled.jpg","datePublished":"2022-01-29T09:51:00+00:00","dateModified":"2026-01-31T06:06:50+00:00","breadcrumb":{"@id":"https:\/\/shrimataji.org\/test\/sk\/ako-sa-stat-majstrom\/#breadcrumb"},"inLanguage":"en-US","potentialAction":[{"@type":"ReadAction","target":["https:\/\/shrimataji.org\/test\/sk\/ako-sa-stat-majstrom\/"]}]},{"@type":"ImageObject","inLanguage":"en-US","@id":"https:\/\/shrimataji.org\/test\/sk\/ako-sa-stat-majstrom\/#primaryimage","url":"https:\/\/shrimataji.org\/test\/wp-content\/uploads\/2023\/03\/26_Banner-SY-Master-scaled.jpg","contentUrl":"https:\/\/shrimataji.org\/test\/wp-content\/uploads\/2023\/03\/26_Banner-SY-Master-scaled.jpg","width":2560,"height":905},{"@type":"BreadcrumbList","@id":"https:\/\/shrimataji.org\/test\/sk\/ako-sa-stat-majstrom\/#breadcrumb","itemListElement":[{"@type":"ListItem","position":1,"name":"Home","item":"https:\/\/shrimataji.org\/test\/uk\/home-en\/"},{"@type":"ListItem","position":2,"name":"Ako sa sta\u0165 majstrom"}]},{"@type":"WebSite","@id":"https:\/\/shrimataji.org\/test\/#website","url":"https:\/\/shrimataji.org\/test\/","name":"Shri Mataji Nirmala Devi","description":"A Life Dedicated to Humanity","publisher":{"@id":"https:\/\/shrimataji.org\/test\/#\/schema\/person\/a1b3419c6585f164aa96da1ff85715d1"},"potentialAction":[{"@type":"SearchAction","target":{"@type":"EntryPoint","urlTemplate":"https:\/\/shrimataji.org\/test\/?s={search_term_string}"},"query-input":{"@type":"PropertyValueSpecification","valueRequired":true,"valueName":"search_term_string"}}],"inLanguage":"en-US"},{"@type":["Person","Organization"],"@id":"https:\/\/shrimataji.org\/test\/#\/schema\/person\/a1b3419c6585f164aa96da1ff85715d1","name":"Nirmala Shrivastava","image":{"@type":"ImageObject","inLanguage":"en-US","@id":"https:\/\/shrimataji.org\/test\/wp-content\/uploads\/2023\/02\/SMO_LOGO-03.svg","url":"https:\/\/shrimataji.org\/test\/wp-content\/uploads\/2023\/02\/SMO_LOGO-03.svg","contentUrl":"https:\/\/shrimataji.org\/test\/wp-content\/uploads\/2023\/02\/SMO_LOGO-03.svg","width":"1024","height":"1024","caption":"Nirmala Shrivastava"},"logo":{"@id":"https:\/\/shrimataji.org\/test\/wp-content\/uploads\/2023\/02\/SMO_LOGO-03.svg"},"sameAs":["https:\/\/shrimataji.org\/test","https:\/\/www.facebook.com\/shrimataji","https:\/\/x.com\/shrimataji","https:\/\/www.youtube.com\/@Shri_Mataji_Nirmala_Devi\/featured"]}]}},"lang":"sk","translations":{"sk":12366,"ur":37398,"en":6388,"am":17969,"th":19898,"hu":19444,"sq":18370,"zh":17267,"hi":7370,"tr":10137,"pt":10354,"de":10627,"fr":10725,"it":10823,"es":10921,"ja":11218,"ru":11406,"bn":11598,"te":11706,"sw":11829,"he":11977,"el":12268,"fa":12464,"fi":12562,"bg":13400,"ro":14474,"cs":14667,"nl":16530,"ku":16690,"ar":16866,"be":18577,"kn":18851,"mr":20262,"uk":20554,"ml":20853,"ta":22685,"sv":22958,"gu":28806,"pa":28964,"fil":29404,"da":37712,"pl":37929,"nn":38264},"pll_sync_post":[],"_links":{"self":[{"href":"https:\/\/shrimataji.org\/test\/wp-json\/wp\/v2\/pages\/12366","targetHints":{"allow":["GET"]}}],"collection":[{"href":"https:\/\/shrimataji.org\/test\/wp-json\/wp\/v2\/pages"}],"about":[{"href":"https:\/\/shrimataji.org\/test\/wp-json\/wp\/v2\/types\/page"}],"author":[{"embeddable":true,"href":"https:\/\/shrimataji.org\/test\/wp-json\/wp\/v2\/users\/28"}],"replies":[{"embeddable":true,"href":"https:\/\/shrimataji.org\/test\/wp-json\/wp\/v2\/comments?post=12366"}],"version-history":[{"count":0,"href":"https:\/\/shrimataji.org\/test\/wp-json\/wp\/v2\/pages\/12366\/revisions"}],"wp:featuredmedia":[{"embeddable":true,"href":"https:\/\/shrimataji.org\/test\/wp-json\/wp\/v2\/media\/9261"}],"wp:attachment":[{"href":"https:\/\/shrimataji.org\/test\/wp-json\/wp\/v2\/media?parent=12366"}],"curies":[{"name":"wp","href":"https:\/\/api.w.org\/{rel}","templated":true}]}}