{"id":12367,"date":"2022-02-25T04:05:58","date_gmt":"2022-02-25T04:05:58","guid":{"rendered":"https:\/\/test.shrimataji.org\/?page_id=6476"},"modified":"2026-03-11T16:42:44","modified_gmt":"2026-03-11T16:42:44","slug":"cakry-a-ich-kvality","status":"publish","type":"page","link":"https:\/\/shrimataji.org\/test\/sk\/cakry-a-ich-kvality\/","title":{"rendered":"\u010cakry a ich kvality"},"content":{"rendered":"\n\n\t<h1><a href=\"#_ftnref1\" name=\"_ftn1\"><\/a>\u010cakry a ich kvality<\/h1>\n<h2>Koles\u00e1 \u017eivota<\/h2>\n<div class=\"su-quote su-quote-style-default\"><div class=\"su-quote-inner su-u-clearfix su-u-trim\">\u010cakry s\u00fa vytvoren\u00e9 z piatich prvkov &#8211; zeme, vody, vzduchu, oh\u0148a a \u00e9teru.<\/div><\/div>\n\t<h4>\u0160ri Matad\u017ei vysvetlila h\u013eada\u010dom, ako mo\u017eno skuto\u010dne c\u00edti\u0165 jemn\u00e9 centr\u00e1 &#8211; \u010dakry &#8211; v tele alebo na kon\u010datin\u00e1ch &#8211; na kon\u010dekoch prstov r\u00fak a n\u00f4h. Pod\u013ea toho, v akom stave je na\u0161a psychika, m\u00f4\u017eeme poci\u0165ova\u0165 r\u00f4zne pocity, od tepla \u010di chladu, a\u017e po brnenie a \u0165a\u017eobu na tele. Trpezlivo dek\u00f3dovala ka\u017ed\u00fd tak\u00fd pocit, ktor\u00fd h\u013eada\u010di poci\u0165ovali v jej pr\u00edtomnosti, de\u0161ifrovala ka\u017ed\u00fd konkr\u00e9tny probl\u00e9m, ktor\u00fd sa ich dot\u00fdkal na fyzickej, ment\u00e1lnej, emocion\u00e1lnej alebo duchovnej \u00farovni. Pouk\u00e1zala na to, \u017ee tak\u00e9to duchovn\u00e9 z\u00e1\u017eitky s\u00fa ve\u013emi dobre op\u00edsan\u00e9 v r\u00f4znych p\u00edsmach sveta, najm\u00e4 vo ver\u0161och Sv\u00e4t\u00e9ho Kor\u00e1nu.<\/h4>\n\t<div class=\"su-quote su-quote-style-default\"><div class=\"su-quote-inner su-u-clearfix su-u-trim\">V Kor\u00e1ne sa to naz\u00fdva Kiyama<a href=\"https:\/\/shrimataji.org\/test\/sk\/cakry-a-ich-kvality\/#citation-note-1\" rel=\"noopener\">[1]<\/a>, kde sa hovor\u00ed, \u017ee va\u0161e ruky prehovoria a povedia v\u00e1m v\u0161etko o sebe aj o ostatn\u00fdch. Stane sa presne to, \u017ee budete na kon\u010dekoch prstvov cit\u00ed\u0165 svoje \u010dakry, ako aj \u010dakry druh\u00fdch.Takto spozn\u00e1vate seba a z\u00edskavate kolekt\u00edvne vedomie.<\/div><\/div>\n<p>\u010cakry si mo\u017eno predstavi\u0165 ako zv\u00e4zok plamienkov alebo aj lotosov\u00fdch l\u00edstkov. Ka\u017ed\u00e1 \u010dakra m\u00e1 in\u00fd po\u010det okvetn\u00fdch l\u00edstkov zodpovedaj\u00facich po\u010dtu pletencov v nervovom plexe. Nervov\u00e9 pletence reguluj\u00fa tok inform\u00e1c\u00ed\u00ed v na\u0161om tele a v mozgu, \u010do u\u013eah\u010duje harmonick\u00e9 fungovanie bytosti. S\u00fa jadrom v\u0161etk\u00fdch na\u0161ich fyzick\u00fdch, ment\u00e1lnych a emocion\u00e1lnych \u010dinnost\u00ed. Ka\u017ed\u00e1 \u010dakra sa sp\u00e1ja s ur\u010dit\u00fdmi fyzick\u00fdmi, ment\u00e1lnymi \u010di emocion\u00e1lnymi kvalitami. Ke\u010f za\u017e\u00edvame poruchy na ment\u00e1lnej, emocion\u00e1lnej \u010di fyzickej \u00farovni, je to sp\u00f4soben\u00e9 subt\u00edlnym zablokovan\u00edm alebo prek\u00e1\u017ekou v \u010dakre.<\/p>\n<div class=\"su-quote su-quote-style-default\"><div class=\"su-quote-inner su-u-clearfix su-u-trim\">Jemn\u00e1 energia vstupuje centrom mozgu (Sahasr\u00e1rou, Brahmarandrou) a prech\u00e1dza \u0161iestimi \u010fal\u0161\u00edmi centrami cestou nadol. Hrub\u00fdm prejavom tejto jemnej energie v strednom Su\u0161umna kan\u00e1li v mieche je parasympatick\u00fd nervov\u00fd syst\u00e9m. Centr\u00e1 \u010dakier s\u00fa vyjadren\u00e9 ako pletence v mieche. Je prekvapuj\u00face, \u017ee m\u00e1me ten ist\u00fd po\u010det pletencov a podpletencov, ako je po\u010det \u010dakier a ich okvetn\u00fdch l\u00edstkov vo vn\u00fatri miechy. <\/div><\/div>\n<p>Perif\u00e9rne roz\u0161\u00edrenie n\u00e1\u0161ho nervov\u00e9ho syst\u00e9mu sa zhoduje s pred\u013a\u017een\u00edm n\u00e1\u0161ho jemn\u00e9ho tela, \u010do umo\u017e\u0148uje vz\u00e1jomn\u00fa s\u00favz\u0165a\u017enos\u0165 medzi \u010dakrami v mieche a zodpovedaj\u00facimi kon\u010datinami &#8211; rukami a nohami. Ak \u010dlovek pozn\u00e1 spr\u00e1vne dek\u00f3dovanie t\u00fdchto centier (\u010dakier), \u013eahko zvl\u00e1dne svoje fyzick\u00e9, ment\u00e1lne, emocion\u00e1lne a duchovn\u00e9 telo. Potom u\u017e nie je oddelen\u00fd od absol\u00fatnej univerz\u00e1lnej reality, ale m\u00f4\u017ee sa odp\u00fata\u0165 od il\u00fazi\u00ed, ktor\u00e9 vn\u00edma ako realitu.<\/p>\n<figure itemscope itemtype=\"https:\/\/schema.org\/ImageObject\">\n\t\t\t\t<img decoding=\"async\" src=\"https:\/\/shrimataji.org\/test\/wp-content\/uploads\/2025\/12\/sk-Chakras_Qualities_SMO-01-scaled.png\" alt=\"sk-Chakras_Qualities_SMO-01\" height=\"2560\" width=\"2095\" title=\"sk-Chakras_Qualities_SMO-01\" onerror=\"this.style.display='none'\" loading=\"lazy\" \/>\n\t<\/figure>\n\t<p>\u010cakry v na\u0161om jemnohmotnom syst\u00e9me reguluj\u00fa nielen na\u0161e fyzick\u00e9, du\u0161evn\u00e9 a emocion\u00e1lne zdravie, ale pom\u00e1haj\u00fa formova\u0165 na\u0161u osobnos\u0165. Mo\u017eno ich ch\u00e1pa\u0165 ako z\u00e1sob\u00e1re\u0148 na\u0161ich osobnostn\u00fdch \u010d\u0155t. Ako sa vyv\u00edjame, dozrievame a rastieme, v na\u0161om \u017eivote sa prejavuj\u00fa tieto \u010drty vedome i nevedome. Zamyslime sa nad t\u00fdm, ako \u010dasto sme mali nutkanie niekomu pom\u00f4c\u0165 alebo sa zachova\u0165 l\u00e1skavo \u010di ve\u013ekoryso. Odkia\u013e poch\u00e1dzaj\u00fa tieto impulzy? Starovek\u00e9 v\u00fdchodn\u00e9 kult\u00fary v \u010c\u00edne a v Indii, ktor\u00e9 \u010derpaj\u00fa z vedomost\u00ed o jemnohmotnom syst\u00e9me, zalo\u017eili svoju spolo\u010dnos\u0165 na vy\u0161\u0161\u00edch hodnot\u00e1ch duchovn\u00e9ho \u017eivota &#8211; na dharme. Dharma v starom sanskritskom jazyku znamen\u00e1 &#8220;pravidl\u00e1 spr\u00e1vneho spr\u00e1vania&#8221;, ktor\u00e9 s\u00fa v s\u00falade s univerz\u00e1lnou Du\u0161ou. Mo\u017eno to prirovna\u0165 k Desiatim bo\u017e\u00edm prik\u00e1zaniam odovzdan\u00fdch Moj\u017ei\u0161ovi. Vlastne v mnoh\u00fdch kult\u00farach, n\u00e1bo\u017eenstv\u00e1ch a trad\u00edci\u00e1ch m\u00f4\u017eeme n\u00e1js\u0165 podobn\u00e9 pr\u00edklady mor\u00e1lneho spr\u00e1vania.<\/p>\n\t\t<iframe loading=\"lazy\" title=\"Chakras - The Subtle Centers\" width=\"1920\" height=\"1080\" src=\"https:\/\/www.youtube.com\/embed\/8_ocwivaNcc?feature=oembed\" frameborder=\"0\" allow=\"accelerometer; autoplay; clipboard-write; encrypted-media; gyroscope; picture-in-picture; web-share\" allowfullscreen><\/iframe>\t\n\t<p>Na z\u00e1klade poznania, ktor\u00e9 zdie\u013eala \u0160ri Matad\u017ei, s\u00fa v nasleduj\u00facich \u010dastiach podrobne op\u00edsan\u00e9 v\u0161etky \u010dakry s d\u00f4razom na vroden\u00fa povahu \u010dakier. Niektor\u00e9 kvality \u010dakier sa prejavuj\u00fa u\u017e od narodenia. Vy\u0161\u0161ie subt\u00edlne kvality sa naplno prejavia a\u017e po Sebarealiz\u00e1cii, prebuden\u00edm <a href=\"https:\/\/shrimataji.org\/test\/sk\/kundaliny\/\" target=\"_blank\" rel=\"noopener\">Kundalini<\/a>.<\/p>\n<p>V\u010faka tomuto poznaniu o \u010dakr\u00e1ch si m\u00f4\u017eeme zlep\u0161i\u0165 \u017eivot a \u017ei\u0165 v harm\u00f3nii s na\u0161ou duchovnou podstatou a s bl\u00edzkymi.<\/p>\n\t<hr \/>\n<a name=\"citation-note-1\"><\/a><br \/>\n\u00a0[1]^Odkaz na Al-Qiyama alebo Al-Qiiyamah, zn\u00e1my ako de\u0148 vzkriesenia v Kor\u00e1ne.\n\n","protected":false},"excerpt":{"rendered":"<p>\u010cakry a ich kvality Koles\u00e1 \u017eivota \u0160ri Matad\u017ei vysvetlila h\u013eada\u010dom, ako mo\u017eno skuto\u010dne c\u00edti\u0165 jemn\u00e9 centr\u00e1 &#8211; \u010dakry &#8211; v tele alebo na kon\u010datin\u00e1ch &#8211; na kon\u010dekoch prstov r\u00fak a n\u00f4h. Pod\u013ea toho, v akom stave je na\u0161a psychika, m\u00f4\u017eeme poci\u0165ova\u0165 r\u00f4zne pocity, od tepla \u010di chladu, a\u017e po brnenie a \u0165a\u017eobu na tele. Trpezlivo&hellip; <br \/> <a class=\"read-more\" href=\"https:\/\/shrimataji.org\/test\/sk\/cakry-a-ich-kvality\/\">Read more<\/a><\/p>\n","protected":false},"author":28,"featured_media":9250,"parent":0,"menu_order":0,"comment_status":"closed","ping_status":"closed","template":"","meta":{"inline_featured_image":false,"footnotes":""},"class_list":["post-12367","page","type-page","status-publish","has-post-thumbnail","hentry"],"yoast_head":"<!-- This site is optimized with the Yoast SEO plugin v27.4 - https:\/\/yoast.com\/product\/yoast-seo-wordpress\/ -->\n<title>\u010cakry a ich kvality - TEST - SMND<\/title>\n<meta name=\"robots\" content=\"noindex, follow, max-snippet:-1, max-image-preview:large, max-video-preview:-1\" \/>\n<meta property=\"og:locale\" content=\"en_US\" \/>\n<meta property=\"og:type\" content=\"article\" \/>\n<meta property=\"og:title\" content=\"\u010cakry a ich kvality - TEST - SMND\" \/>\n<meta property=\"og:description\" content=\"\u010cakry a ich kvality Koles\u00e1 \u017eivota \u0160ri Matad\u017ei vysvetlila h\u013eada\u010dom, ako mo\u017eno skuto\u010dne c\u00edti\u0165 jemn\u00e9 centr\u00e1 &#8211; \u010dakry &#8211; v tele alebo na kon\u010datin\u00e1ch &#8211; na kon\u010dekoch prstov r\u00fak a n\u00f4h. Pod\u013ea toho, v akom stave je na\u0161a psychika, m\u00f4\u017eeme poci\u0165ova\u0165 r\u00f4zne pocity, od tepla \u010di chladu, a\u017e po brnenie a \u0165a\u017eobu na tele. Trpezlivo&hellip; Read more\" \/>\n<meta property=\"og:url\" content=\"https:\/\/shrimataji.org\/test\/sk\/cakry-a-ich-kvality\/\" \/>\n<meta property=\"og:site_name\" content=\"TEST - SMND\" \/>\n<meta property=\"article:publisher\" content=\"https:\/\/www.facebook.com\/shrimataji\" \/>\n<meta property=\"article:modified_time\" content=\"2026-03-11T16:42:44+00:00\" \/>\n<meta property=\"og:image\" content=\"https:\/\/shrimataji.org\/test\/wp-content\/uploads\/2023\/03\/15_Banner-SY-ChakrasQualities-scaled.jpg\" \/>\n\t<meta property=\"og:image:width\" content=\"2560\" \/>\n\t<meta property=\"og:image:height\" content=\"905\" \/>\n\t<meta property=\"og:image:type\" content=\"image\/jpeg\" \/>\n<meta name=\"twitter:card\" content=\"summary_large_image\" \/>\n<meta name=\"twitter:site\" content=\"@shrimataji\" \/>\n<meta name=\"twitter:label1\" content=\"Est. reading time\" \/>\n\t<meta name=\"twitter:data1\" content=\"3 minutes\" \/>\n<script type=\"application\/ld+json\" class=\"yoast-schema-graph\">{\"@context\":\"https:\\\/\\\/schema.org\",\"@graph\":[{\"@type\":\"WebPage\",\"@id\":\"https:\\\/\\\/shrimataji.org\\\/test\\\/sk\\\/cakry-a-ich-kvality\\\/\",\"url\":\"https:\\\/\\\/shrimataji.org\\\/test\\\/sk\\\/cakry-a-ich-kvality\\\/\",\"name\":\"\u010cakry a ich kvality - TEST - SMND\",\"isPartOf\":{\"@id\":\"https:\\\/\\\/shrimataji.org\\\/test\\\/#website\"},\"primaryImageOfPage\":{\"@id\":\"https:\\\/\\\/shrimataji.org\\\/test\\\/sk\\\/cakry-a-ich-kvality\\\/#primaryimage\"},\"image\":{\"@id\":\"https:\\\/\\\/shrimataji.org\\\/test\\\/sk\\\/cakry-a-ich-kvality\\\/#primaryimage\"},\"thumbnailUrl\":\"https:\\\/\\\/shrimataji.org\\\/test\\\/wp-content\\\/uploads\\\/2023\\\/03\\\/15_Banner-SY-ChakrasQualities-scaled.jpg\",\"datePublished\":\"2022-02-25T04:05:58+00:00\",\"dateModified\":\"2026-03-11T16:42:44+00:00\",\"breadcrumb\":{\"@id\":\"https:\\\/\\\/shrimataji.org\\\/test\\\/sk\\\/cakry-a-ich-kvality\\\/#breadcrumb\"},\"inLanguage\":\"en-US\",\"potentialAction\":[{\"@type\":\"ReadAction\",\"target\":[\"https:\\\/\\\/shrimataji.org\\\/test\\\/sk\\\/cakry-a-ich-kvality\\\/\"]}]},{\"@type\":\"ImageObject\",\"inLanguage\":\"en-US\",\"@id\":\"https:\\\/\\\/shrimataji.org\\\/test\\\/sk\\\/cakry-a-ich-kvality\\\/#primaryimage\",\"url\":\"https:\\\/\\\/shrimataji.org\\\/test\\\/wp-content\\\/uploads\\\/2023\\\/03\\\/15_Banner-SY-ChakrasQualities-scaled.jpg\",\"contentUrl\":\"https:\\\/\\\/shrimataji.org\\\/test\\\/wp-content\\\/uploads\\\/2023\\\/03\\\/15_Banner-SY-ChakrasQualities-scaled.jpg\",\"width\":2560,\"height\":905},{\"@type\":\"BreadcrumbList\",\"@id\":\"https:\\\/\\\/shrimataji.org\\\/test\\\/sk\\\/cakry-a-ich-kvality\\\/#breadcrumb\",\"itemListElement\":[{\"@type\":\"ListItem\",\"position\":1,\"name\":\"Home\",\"item\":\"https:\\\/\\\/shrimataji.org\\\/test\\\/uk\\\/home-en\\\/\"},{\"@type\":\"ListItem\",\"position\":2,\"name\":\"\u010cakry a ich kvality\"}]},{\"@type\":\"WebSite\",\"@id\":\"https:\\\/\\\/shrimataji.org\\\/test\\\/#website\",\"url\":\"https:\\\/\\\/shrimataji.org\\\/test\\\/\",\"name\":\"Shri Mataji Nirmala Devi\",\"description\":\"A Life Dedicated to Humanity\",\"publisher\":{\"@id\":\"https:\\\/\\\/shrimataji.org\\\/test\\\/#\\\/schema\\\/person\\\/a1b3419c6585f164aa96da1ff85715d1\"},\"potentialAction\":[{\"@type\":\"SearchAction\",\"target\":{\"@type\":\"EntryPoint\",\"urlTemplate\":\"https:\\\/\\\/shrimataji.org\\\/test\\\/?s={search_term_string}\"},\"query-input\":{\"@type\":\"PropertyValueSpecification\",\"valueRequired\":true,\"valueName\":\"search_term_string\"}}],\"inLanguage\":\"en-US\"},{\"@type\":[\"Person\",\"Organization\"],\"@id\":\"https:\\\/\\\/shrimataji.org\\\/test\\\/#\\\/schema\\\/person\\\/a1b3419c6585f164aa96da1ff85715d1\",\"name\":\"Nirmala Shrivastava\",\"image\":{\"@type\":\"ImageObject\",\"inLanguage\":\"en-US\",\"@id\":\"https:\\\/\\\/shrimataji.org\\\/test\\\/wp-content\\\/uploads\\\/2023\\\/02\\\/SMO_LOGO-03.svg\",\"url\":\"https:\\\/\\\/shrimataji.org\\\/test\\\/wp-content\\\/uploads\\\/2023\\\/02\\\/SMO_LOGO-03.svg\",\"contentUrl\":\"https:\\\/\\\/shrimataji.org\\\/test\\\/wp-content\\\/uploads\\\/2023\\\/02\\\/SMO_LOGO-03.svg\",\"width\":\"1024\",\"height\":\"1024\",\"caption\":\"Nirmala Shrivastava\"},\"logo\":{\"@id\":\"https:\\\/\\\/shrimataji.org\\\/test\\\/wp-content\\\/uploads\\\/2023\\\/02\\\/SMO_LOGO-03.svg\"},\"sameAs\":[\"https:\\\/\\\/shrimataji.org\\\/test\",\"https:\\\/\\\/www.facebook.com\\\/shrimataji\",\"https:\\\/\\\/x.com\\\/shrimataji\",\"https:\\\/\\\/www.youtube.com\\\/@Shri_Mataji_Nirmala_Devi\\\/featured\"]}]}<\/script>\n<!-- \/ Yoast SEO plugin. -->","yoast_head_json":{"title":"\u010cakry a ich kvality - TEST - SMND","robots":{"index":"noindex","follow":"follow","max-snippet":"max-snippet:-1","max-image-preview":"max-image-preview:large","max-video-preview":"max-video-preview:-1"},"og_locale":"en_US","og_type":"article","og_title":"\u010cakry a ich kvality - TEST - SMND","og_description":"\u010cakry a ich kvality Koles\u00e1 \u017eivota \u0160ri Matad\u017ei vysvetlila h\u013eada\u010dom, ako mo\u017eno skuto\u010dne c\u00edti\u0165 jemn\u00e9 centr\u00e1 &#8211; \u010dakry &#8211; v tele alebo na kon\u010datin\u00e1ch &#8211; na kon\u010dekoch prstov r\u00fak a n\u00f4h. Pod\u013ea toho, v akom stave je na\u0161a psychika, m\u00f4\u017eeme poci\u0165ova\u0165 r\u00f4zne pocity, od tepla \u010di chladu, a\u017e po brnenie a \u0165a\u017eobu na tele. Trpezlivo&hellip; Read more","og_url":"https:\/\/shrimataji.org\/test\/sk\/cakry-a-ich-kvality\/","og_site_name":"TEST - SMND","article_publisher":"https:\/\/www.facebook.com\/shrimataji","article_modified_time":"2026-03-11T16:42:44+00:00","og_image":[{"width":2560,"height":905,"url":"https:\/\/shrimataji.org\/test\/wp-content\/uploads\/2023\/03\/15_Banner-SY-ChakrasQualities-scaled.jpg","type":"image\/jpeg"}],"twitter_card":"summary_large_image","twitter_site":"@shrimataji","twitter_misc":{"Est. reading time":"3 minutes"},"schema":{"@context":"https:\/\/schema.org","@graph":[{"@type":"WebPage","@id":"https:\/\/shrimataji.org\/test\/sk\/cakry-a-ich-kvality\/","url":"https:\/\/shrimataji.org\/test\/sk\/cakry-a-ich-kvality\/","name":"\u010cakry a ich kvality - TEST - SMND","isPartOf":{"@id":"https:\/\/shrimataji.org\/test\/#website"},"primaryImageOfPage":{"@id":"https:\/\/shrimataji.org\/test\/sk\/cakry-a-ich-kvality\/#primaryimage"},"image":{"@id":"https:\/\/shrimataji.org\/test\/sk\/cakry-a-ich-kvality\/#primaryimage"},"thumbnailUrl":"https:\/\/shrimataji.org\/test\/wp-content\/uploads\/2023\/03\/15_Banner-SY-ChakrasQualities-scaled.jpg","datePublished":"2022-02-25T04:05:58+00:00","dateModified":"2026-03-11T16:42:44+00:00","breadcrumb":{"@id":"https:\/\/shrimataji.org\/test\/sk\/cakry-a-ich-kvality\/#breadcrumb"},"inLanguage":"en-US","potentialAction":[{"@type":"ReadAction","target":["https:\/\/shrimataji.org\/test\/sk\/cakry-a-ich-kvality\/"]}]},{"@type":"ImageObject","inLanguage":"en-US","@id":"https:\/\/shrimataji.org\/test\/sk\/cakry-a-ich-kvality\/#primaryimage","url":"https:\/\/shrimataji.org\/test\/wp-content\/uploads\/2023\/03\/15_Banner-SY-ChakrasQualities-scaled.jpg","contentUrl":"https:\/\/shrimataji.org\/test\/wp-content\/uploads\/2023\/03\/15_Banner-SY-ChakrasQualities-scaled.jpg","width":2560,"height":905},{"@type":"BreadcrumbList","@id":"https:\/\/shrimataji.org\/test\/sk\/cakry-a-ich-kvality\/#breadcrumb","itemListElement":[{"@type":"ListItem","position":1,"name":"Home","item":"https:\/\/shrimataji.org\/test\/uk\/home-en\/"},{"@type":"ListItem","position":2,"name":"\u010cakry a ich kvality"}]},{"@type":"WebSite","@id":"https:\/\/shrimataji.org\/test\/#website","url":"https:\/\/shrimataji.org\/test\/","name":"Shri Mataji Nirmala Devi","description":"A Life Dedicated to Humanity","publisher":{"@id":"https:\/\/shrimataji.org\/test\/#\/schema\/person\/a1b3419c6585f164aa96da1ff85715d1"},"potentialAction":[{"@type":"SearchAction","target":{"@type":"EntryPoint","urlTemplate":"https:\/\/shrimataji.org\/test\/?s={search_term_string}"},"query-input":{"@type":"PropertyValueSpecification","valueRequired":true,"valueName":"search_term_string"}}],"inLanguage":"en-US"},{"@type":["Person","Organization"],"@id":"https:\/\/shrimataji.org\/test\/#\/schema\/person\/a1b3419c6585f164aa96da1ff85715d1","name":"Nirmala Shrivastava","image":{"@type":"ImageObject","inLanguage":"en-US","@id":"https:\/\/shrimataji.org\/test\/wp-content\/uploads\/2023\/02\/SMO_LOGO-03.svg","url":"https:\/\/shrimataji.org\/test\/wp-content\/uploads\/2023\/02\/SMO_LOGO-03.svg","contentUrl":"https:\/\/shrimataji.org\/test\/wp-content\/uploads\/2023\/02\/SMO_LOGO-03.svg","width":"1024","height":"1024","caption":"Nirmala Shrivastava"},"logo":{"@id":"https:\/\/shrimataji.org\/test\/wp-content\/uploads\/2023\/02\/SMO_LOGO-03.svg"},"sameAs":["https:\/\/shrimataji.org\/test","https:\/\/www.facebook.com\/shrimataji","https:\/\/x.com\/shrimataji","https:\/\/www.youtube.com\/@Shri_Mataji_Nirmala_Devi\/featured"]}]}},"lang":"sk","translations":{"sk":12367,"ur":37400,"en":6476,"am":17971,"th":19901,"hu":19446,"sq":18372,"zh":17269,"hi":7374,"tr":10139,"pt":10355,"de":10628,"fr":10726,"it":10824,"es":10922,"ja":11219,"ru":11407,"bn":11599,"te":11707,"sw":11830,"he":11978,"el":12269,"fa":12465,"fi":12563,"bg":13378,"ro":14452,"cs":14645,"nl":16532,"ku":16692,"ar":16868,"be":18579,"kn":18853,"mr":20265,"uk":20557,"ml":20856,"ta":22687,"sv":22960,"gu":28808,"pa":28966,"fil":29406,"da":37714,"pl":37931,"nn":38266},"pll_sync_post":[],"_links":{"self":[{"href":"https:\/\/shrimataji.org\/test\/wp-json\/wp\/v2\/pages\/12367","targetHints":{"allow":["GET"]}}],"collection":[{"href":"https:\/\/shrimataji.org\/test\/wp-json\/wp\/v2\/pages"}],"about":[{"href":"https:\/\/shrimataji.org\/test\/wp-json\/wp\/v2\/types\/page"}],"author":[{"embeddable":true,"href":"https:\/\/shrimataji.org\/test\/wp-json\/wp\/v2\/users\/28"}],"replies":[{"embeddable":true,"href":"https:\/\/shrimataji.org\/test\/wp-json\/wp\/v2\/comments?post=12367"}],"version-history":[{"count":0,"href":"https:\/\/shrimataji.org\/test\/wp-json\/wp\/v2\/pages\/12367\/revisions"}],"wp:featuredmedia":[{"embeddable":true,"href":"https:\/\/shrimataji.org\/test\/wp-json\/wp\/v2\/media\/9250"}],"wp:attachment":[{"href":"https:\/\/shrimataji.org\/test\/wp-json\/wp\/v2\/media?parent=12367"}],"curies":[{"name":"wp","href":"https:\/\/api.w.org\/{rel}","templated":true}]}}