{"id":12368,"date":"2022-01-23T03:35:11","date_gmt":"2022-01-23T03:35:11","guid":{"rendered":"https:\/\/test.shrimataji.org\/?page_id=6283"},"modified":"2026-01-30T17:56:31","modified_gmt":"2026-01-30T17:56:31","slug":"kolektivna-meditacia","status":"publish","type":"page","link":"https:\/\/shrimataji.org\/test\/sk\/kolektivna-meditacia\/","title":{"rendered":"Kolekt\u00edvna medit\u00e1cia"},"content":{"rendered":"\n\n\t<h1>Kolekt\u00edvna medit\u00e1cia<\/h1>\n<h2>Sta\u0165 sa neoddelite\u013enou s\u00fa\u010das\u0165ou celku<\/h2>\n<div class=\"su-quote su-quote-style-default\"><div class=\"su-quote-inner su-u-clearfix su-u-trim\">Du\u0161a je kolekt\u00edvnou bytos\u0165ou v n\u00e1s, ke\u010f sa prejav\u00ed, prekvap\u00ed n\u00e1s, \u017ee na kon\u010dekoch prstov m\u00f4\u017eete c\u00edti\u0165 jemn\u00e9 centr\u00e1 &#8211; \u010dakry in\u00fdch a svoje vlastn\u00e9.<\/div><\/div>\n<h4>\u0160ri Matad\u017ei vo svojom u\u010den\u00ed odha\u013euje, \u017ee v skuto\u010dnosti sme neoddelite\u013enou s\u00fa\u010das\u0165ou \u017eiv\u00e9ho vesm\u00edru (Virata), ktor\u00fd existuje ve\u010dne &#8211; mimo priestoru, \u010dasu a hmoty. Rovnako ako s\u00fa bunky tela chr\u00e1nen\u00e9, k\u00fdm s\u00fa s\u00fa\u010das\u0165ou tela, ale prest\u00e1vaj\u00fa existova\u0165, ke\u010f s\u00fa oddelen\u00e9 od zvy\u0161ku. Neust\u00e1lym v\u00fdvojom n\u00e1\u0161ho duchovn\u00e9ho vedomia a medit\u00e1ciou v kolekt\u00edve z\u00edskame pocit, \u017ee sme s\u00fa\u010das\u0165ou jedn\u00e9ho tela.<\/h4>\n<p>Nepotrebujeme pohodln\u00fa \u010di luxusn\u00fa miestnos\u0165, sta\u010di jednoduch\u00e9 miesto, d\u00f4le\u017eit\u00e9 je, \u017ee prich\u00e1dzame s \u010dist\u00fdm \u00famyslom meditova\u0165 a ma\u0165 duchovn\u00e9 pohodlie, du\u0161a preb\u00fdva vo v\u0161etkom. Ke\u010f realizovan\u00e9 du\u0161e spolo\u010dne medituj\u00fa, u\u017e\u00edvaj\u00fa si bla\u017eenos\u0165 v oce\u00e1ne ticha.<\/p>\n\u0160ri Matad\u017ei odporu\u010dila v\u0161etk\u00fdm sahad\u017ea jog\u00ednom, ktor\u00ed sa upevnili vo svojej Sebarealiz\u00e1cii, aby si na\u0161li jednoduch\u00e9, ka\u017ed\u00e9mu dostupn\u00e9 miesto v ich lokalite, kde sa m\u00f4\u017eu stret\u00e1va\u0165 a meditova\u0165.<br \/>\n<a id=\"centers\"><\/a><br \/>\nOd roku 1970 sahad\u017ea jog\u00edni z cel\u00e9ho sveta dobrovo\u013ene prev\u00e1dzkuj\u00fa tis\u00edce lok\u00e1lnych medita\u010dn\u00fdch stred\u00edsk, kde praktizuj\u00fa Sahad\u017ea jogu. Tu pom\u00e1haj\u00fa ka\u017ed\u00e9mu, kto h\u013ead\u00e1 pravdu, chce z\u00edska\u0165 Sebarealiz\u00e1ciu a upevni\u0165 sa v medit\u00e1cii. Za Sebarealiz\u00e1ciu a vedomosti o Sahad\u017ea joge sa nikdy nevyberaj\u00fa peniaze, ako odporu\u010dila \u015ari Matad\u017ei.\n<h2>Celosvetov\u00e9 medita\u010dn\u00e9 stredisk\u00e1 Sahad\u017ea jogy<\/h2>\n<p>Pomocou interakt\u00edvnej mapy m\u00f4\u017eete n\u00e1js\u0165 svoje najbli\u017e\u0161ie medita\u010dn\u00e9 stredisko Sahad\u017ea jogy a online medita\u010dn\u00e9 kurzy aj programy. Ak chcete z\u00edska\u0165 viac inform\u00e1ci\u00ed, pou\u017eite odkazy na n\u00e1jdenie webovej str\u00e1nky Sahad\u017ea jogy.<\/p>\n\t\t\t\t\t<a href=\"#\"  id=\"fl-accordion--label-0\" tabindex=\"0\" aria-controls=\"fl-accordion--panel-0\">Mapa<\/a>\n\t\t\t\t\t\t\t\t\t\t\t<a href=\"#\" id=\"fl-accordion--icon-0\"  tabindex=\"0\"><i title=\"Expand\">Expand<\/i><\/a>\n\t\t\t\t\t<h4>Pozn\u00e1mka:<\/h4>\n<p>Na tejto mape sa st\u00e1le pracuje a v s\u00fa\u010dasnosti predstavuje len mal\u00fa vzorku stred\u00edsk a kurzov Sahad\u017ea jogy po celom svete. Ak chcete zobrazi\u0165 \u010fa\u013e\u0161ie centr\u00e1, pribl\u00ed\u017ete zobrazenie. Zoznam sa pravidelne aktualizuje, tak\u017ee ak moment\u00e1lne nem\u00f4\u017eete n\u00e1js\u0165 centrum vo va\u0161om okol\u00ed, nezabudnite ho znovu nav\u0161t\u00edvi\u0165.<\/p>\n<p><iframe loading=\"lazy\" src=\"\/map\/atlas.html\" width=\"100%\" height=\"500px\">Your browser does not support iframes.<\/iframe><\/p>\n\t\t\t\t\t<a href=\"#\"  id=\"fl-accordion--label-1\" tabindex=\"0\" aria-controls=\"fl-accordion--panel-1\">Odkazy<\/a>\n\t\t\t\t\t\t\t\t\t\t\t<a href=\"#\" id=\"fl-accordion--icon-1\"  tabindex=\"0\"><i title=\"Expand\">Expand<\/i><\/a>\n\t\t\t\t\t<h4><strong>Zoznam medzin\u00e1rodn\u00fdch webov\u00fdch str\u00e1nok Sahad\u017ea jogy<\/strong><\/h4>\n<p>N\u00e1jdite webov\u00fa str\u00e1nku Sahad\u017ea jogy va\u0161ej krajiny<\/p>\n<p><iframe loading=\"lazy\" src=\"\/map\/world.html\" width=\"100%\" height=\"500px\">Your browser does not support iframes.<\/iframe><\/p>\n\n","protected":false},"excerpt":{"rendered":"<p>Kolekt\u00edvna medit\u00e1cia Sta\u0165 sa neoddelite\u013enou s\u00fa\u010das\u0165ou celku \u0160ri Matad\u017ei vo svojom u\u010den\u00ed odha\u013euje, \u017ee v skuto\u010dnosti sme neoddelite\u013enou s\u00fa\u010das\u0165ou \u017eiv\u00e9ho vesm\u00edru (Virata), ktor\u00fd existuje ve\u010dne &#8211; mimo priestoru, \u010dasu a hmoty. Rovnako ako s\u00fa bunky tela chr\u00e1nen\u00e9, k\u00fdm s\u00fa s\u00fa\u010das\u0165ou tela, ale prest\u00e1vaj\u00fa existova\u0165, ke\u010f s\u00fa oddelen\u00e9 od zvy\u0161ku. Neust\u00e1lym v\u00fdvojom n\u00e1\u0161ho duchovn\u00e9ho vedomia a&hellip; <br \/> <a class=\"read-more\" href=\"https:\/\/shrimataji.org\/test\/sk\/kolektivna-meditacia\/\">Read more<\/a><\/p>\n","protected":false},"author":28,"featured_media":9241,"parent":0,"menu_order":0,"comment_status":"closed","ping_status":"closed","template":"","meta":{"inline_featured_image":false,"footnotes":""},"class_list":["post-12368","page","type-page","status-publish","has-post-thumbnail","hentry"],"yoast_head":"<!-- This site is optimized with the Yoast SEO plugin v27.4 - https:\/\/yoast.com\/product\/yoast-seo-wordpress\/ -->\n<title>Kolekt\u00edvna medit\u00e1cia - TEST - SMND<\/title>\n<meta name=\"robots\" content=\"noindex, follow, max-snippet:-1, max-image-preview:large, max-video-preview:-1\" \/>\n<meta property=\"og:locale\" content=\"en_US\" \/>\n<meta property=\"og:type\" content=\"article\" \/>\n<meta property=\"og:title\" content=\"Kolekt\u00edvna medit\u00e1cia - TEST - SMND\" \/>\n<meta property=\"og:description\" content=\"Kolekt\u00edvna medit\u00e1cia Sta\u0165 sa neoddelite\u013enou s\u00fa\u010das\u0165ou celku \u0160ri Matad\u017ei vo svojom u\u010den\u00ed odha\u013euje, \u017ee v skuto\u010dnosti sme neoddelite\u013enou s\u00fa\u010das\u0165ou \u017eiv\u00e9ho vesm\u00edru (Virata), ktor\u00fd existuje ve\u010dne &#8211; mimo priestoru, \u010dasu a hmoty. Rovnako ako s\u00fa bunky tela chr\u00e1nen\u00e9, k\u00fdm s\u00fa s\u00fa\u010das\u0165ou tela, ale prest\u00e1vaj\u00fa existova\u0165, ke\u010f s\u00fa oddelen\u00e9 od zvy\u0161ku. Neust\u00e1lym v\u00fdvojom n\u00e1\u0161ho duchovn\u00e9ho vedomia a&hellip; Read more\" \/>\n<meta property=\"og:url\" content=\"https:\/\/shrimataji.org\/test\/sk\/kolektivna-meditacia\/\" \/>\n<meta property=\"og:site_name\" content=\"TEST - SMND\" \/>\n<meta property=\"article:publisher\" content=\"https:\/\/www.facebook.com\/shrimataji\" \/>\n<meta property=\"article:modified_time\" content=\"2026-01-30T17:56:31+00:00\" \/>\n<meta property=\"og:image\" content=\"https:\/\/shrimataji.org\/test\/wp-content\/uploads\/2023\/03\/6_Banner-SY-collective-scaled.jpg\" \/>\n\t<meta property=\"og:image:width\" content=\"2560\" \/>\n\t<meta property=\"og:image:height\" content=\"905\" \/>\n\t<meta property=\"og:image:type\" content=\"image\/jpeg\" \/>\n<meta name=\"twitter:card\" content=\"summary_large_image\" \/>\n<meta name=\"twitter:site\" content=\"@shrimataji\" \/>\n<script type=\"application\/ld+json\" class=\"yoast-schema-graph\">{\"@context\":\"https:\\\/\\\/schema.org\",\"@graph\":[{\"@type\":\"WebPage\",\"@id\":\"https:\\\/\\\/shrimataji.org\\\/test\\\/sk\\\/kolektivna-meditacia\\\/\",\"url\":\"https:\\\/\\\/shrimataji.org\\\/test\\\/sk\\\/kolektivna-meditacia\\\/\",\"name\":\"Kolekt\u00edvna medit\u00e1cia - TEST - SMND\",\"isPartOf\":{\"@id\":\"https:\\\/\\\/shrimataji.org\\\/test\\\/#website\"},\"primaryImageOfPage\":{\"@id\":\"https:\\\/\\\/shrimataji.org\\\/test\\\/sk\\\/kolektivna-meditacia\\\/#primaryimage\"},\"image\":{\"@id\":\"https:\\\/\\\/shrimataji.org\\\/test\\\/sk\\\/kolektivna-meditacia\\\/#primaryimage\"},\"thumbnailUrl\":\"https:\\\/\\\/shrimataji.org\\\/test\\\/wp-content\\\/uploads\\\/2023\\\/03\\\/6_Banner-SY-collective-scaled.jpg\",\"datePublished\":\"2022-01-23T03:35:11+00:00\",\"dateModified\":\"2026-01-30T17:56:31+00:00\",\"breadcrumb\":{\"@id\":\"https:\\\/\\\/shrimataji.org\\\/test\\\/sk\\\/kolektivna-meditacia\\\/#breadcrumb\"},\"inLanguage\":\"en-US\",\"potentialAction\":[{\"@type\":\"ReadAction\",\"target\":[\"https:\\\/\\\/shrimataji.org\\\/test\\\/sk\\\/kolektivna-meditacia\\\/\"]}]},{\"@type\":\"ImageObject\",\"inLanguage\":\"en-US\",\"@id\":\"https:\\\/\\\/shrimataji.org\\\/test\\\/sk\\\/kolektivna-meditacia\\\/#primaryimage\",\"url\":\"https:\\\/\\\/shrimataji.org\\\/test\\\/wp-content\\\/uploads\\\/2023\\\/03\\\/6_Banner-SY-collective-scaled.jpg\",\"contentUrl\":\"https:\\\/\\\/shrimataji.org\\\/test\\\/wp-content\\\/uploads\\\/2023\\\/03\\\/6_Banner-SY-collective-scaled.jpg\",\"width\":2560,\"height\":905},{\"@type\":\"BreadcrumbList\",\"@id\":\"https:\\\/\\\/shrimataji.org\\\/test\\\/sk\\\/kolektivna-meditacia\\\/#breadcrumb\",\"itemListElement\":[{\"@type\":\"ListItem\",\"position\":1,\"name\":\"Home\",\"item\":\"https:\\\/\\\/shrimataji.org\\\/test\\\/uk\\\/home-en\\\/\"},{\"@type\":\"ListItem\",\"position\":2,\"name\":\"Kolekt\u00edvna medit\u00e1cia\"}]},{\"@type\":\"WebSite\",\"@id\":\"https:\\\/\\\/shrimataji.org\\\/test\\\/#website\",\"url\":\"https:\\\/\\\/shrimataji.org\\\/test\\\/\",\"name\":\"Shri Mataji Nirmala Devi\",\"description\":\"A Life Dedicated to Humanity\",\"publisher\":{\"@id\":\"https:\\\/\\\/shrimataji.org\\\/test\\\/#\\\/schema\\\/person\\\/a1b3419c6585f164aa96da1ff85715d1\"},\"potentialAction\":[{\"@type\":\"SearchAction\",\"target\":{\"@type\":\"EntryPoint\",\"urlTemplate\":\"https:\\\/\\\/shrimataji.org\\\/test\\\/?s={search_term_string}\"},\"query-input\":{\"@type\":\"PropertyValueSpecification\",\"valueRequired\":true,\"valueName\":\"search_term_string\"}}],\"inLanguage\":\"en-US\"},{\"@type\":[\"Person\",\"Organization\"],\"@id\":\"https:\\\/\\\/shrimataji.org\\\/test\\\/#\\\/schema\\\/person\\\/a1b3419c6585f164aa96da1ff85715d1\",\"name\":\"Nirmala Shrivastava\",\"image\":{\"@type\":\"ImageObject\",\"inLanguage\":\"en-US\",\"@id\":\"https:\\\/\\\/shrimataji.org\\\/test\\\/wp-content\\\/uploads\\\/2023\\\/02\\\/SMO_LOGO-03.svg\",\"url\":\"https:\\\/\\\/shrimataji.org\\\/test\\\/wp-content\\\/uploads\\\/2023\\\/02\\\/SMO_LOGO-03.svg\",\"contentUrl\":\"https:\\\/\\\/shrimataji.org\\\/test\\\/wp-content\\\/uploads\\\/2023\\\/02\\\/SMO_LOGO-03.svg\",\"width\":\"1024\",\"height\":\"1024\",\"caption\":\"Nirmala Shrivastava\"},\"logo\":{\"@id\":\"https:\\\/\\\/shrimataji.org\\\/test\\\/wp-content\\\/uploads\\\/2023\\\/02\\\/SMO_LOGO-03.svg\"},\"sameAs\":[\"https:\\\/\\\/shrimataji.org\\\/test\",\"https:\\\/\\\/www.facebook.com\\\/shrimataji\",\"https:\\\/\\\/x.com\\\/shrimataji\",\"https:\\\/\\\/www.youtube.com\\\/@Shri_Mataji_Nirmala_Devi\\\/featured\"]}]}<\/script>\n<!-- \/ Yoast SEO plugin. -->","yoast_head_json":{"title":"Kolekt\u00edvna medit\u00e1cia - TEST - SMND","robots":{"index":"noindex","follow":"follow","max-snippet":"max-snippet:-1","max-image-preview":"max-image-preview:large","max-video-preview":"max-video-preview:-1"},"og_locale":"en_US","og_type":"article","og_title":"Kolekt\u00edvna medit\u00e1cia - TEST - SMND","og_description":"Kolekt\u00edvna medit\u00e1cia Sta\u0165 sa neoddelite\u013enou s\u00fa\u010das\u0165ou celku \u0160ri Matad\u017ei vo svojom u\u010den\u00ed odha\u013euje, \u017ee v skuto\u010dnosti sme neoddelite\u013enou s\u00fa\u010das\u0165ou \u017eiv\u00e9ho vesm\u00edru (Virata), ktor\u00fd existuje ve\u010dne &#8211; mimo priestoru, \u010dasu a hmoty. Rovnako ako s\u00fa bunky tela chr\u00e1nen\u00e9, k\u00fdm s\u00fa s\u00fa\u010das\u0165ou tela, ale prest\u00e1vaj\u00fa existova\u0165, ke\u010f s\u00fa oddelen\u00e9 od zvy\u0161ku. Neust\u00e1lym v\u00fdvojom n\u00e1\u0161ho duchovn\u00e9ho vedomia a&hellip; Read more","og_url":"https:\/\/shrimataji.org\/test\/sk\/kolektivna-meditacia\/","og_site_name":"TEST - SMND","article_publisher":"https:\/\/www.facebook.com\/shrimataji","article_modified_time":"2026-01-30T17:56:31+00:00","og_image":[{"width":2560,"height":905,"url":"https:\/\/shrimataji.org\/test\/wp-content\/uploads\/2023\/03\/6_Banner-SY-collective-scaled.jpg","type":"image\/jpeg"}],"twitter_card":"summary_large_image","twitter_site":"@shrimataji","schema":{"@context":"https:\/\/schema.org","@graph":[{"@type":"WebPage","@id":"https:\/\/shrimataji.org\/test\/sk\/kolektivna-meditacia\/","url":"https:\/\/shrimataji.org\/test\/sk\/kolektivna-meditacia\/","name":"Kolekt\u00edvna medit\u00e1cia - TEST - SMND","isPartOf":{"@id":"https:\/\/shrimataji.org\/test\/#website"},"primaryImageOfPage":{"@id":"https:\/\/shrimataji.org\/test\/sk\/kolektivna-meditacia\/#primaryimage"},"image":{"@id":"https:\/\/shrimataji.org\/test\/sk\/kolektivna-meditacia\/#primaryimage"},"thumbnailUrl":"https:\/\/shrimataji.org\/test\/wp-content\/uploads\/2023\/03\/6_Banner-SY-collective-scaled.jpg","datePublished":"2022-01-23T03:35:11+00:00","dateModified":"2026-01-30T17:56:31+00:00","breadcrumb":{"@id":"https:\/\/shrimataji.org\/test\/sk\/kolektivna-meditacia\/#breadcrumb"},"inLanguage":"en-US","potentialAction":[{"@type":"ReadAction","target":["https:\/\/shrimataji.org\/test\/sk\/kolektivna-meditacia\/"]}]},{"@type":"ImageObject","inLanguage":"en-US","@id":"https:\/\/shrimataji.org\/test\/sk\/kolektivna-meditacia\/#primaryimage","url":"https:\/\/shrimataji.org\/test\/wp-content\/uploads\/2023\/03\/6_Banner-SY-collective-scaled.jpg","contentUrl":"https:\/\/shrimataji.org\/test\/wp-content\/uploads\/2023\/03\/6_Banner-SY-collective-scaled.jpg","width":2560,"height":905},{"@type":"BreadcrumbList","@id":"https:\/\/shrimataji.org\/test\/sk\/kolektivna-meditacia\/#breadcrumb","itemListElement":[{"@type":"ListItem","position":1,"name":"Home","item":"https:\/\/shrimataji.org\/test\/uk\/home-en\/"},{"@type":"ListItem","position":2,"name":"Kolekt\u00edvna medit\u00e1cia"}]},{"@type":"WebSite","@id":"https:\/\/shrimataji.org\/test\/#website","url":"https:\/\/shrimataji.org\/test\/","name":"Shri Mataji Nirmala Devi","description":"A Life Dedicated to Humanity","publisher":{"@id":"https:\/\/shrimataji.org\/test\/#\/schema\/person\/a1b3419c6585f164aa96da1ff85715d1"},"potentialAction":[{"@type":"SearchAction","target":{"@type":"EntryPoint","urlTemplate":"https:\/\/shrimataji.org\/test\/?s={search_term_string}"},"query-input":{"@type":"PropertyValueSpecification","valueRequired":true,"valueName":"search_term_string"}}],"inLanguage":"en-US"},{"@type":["Person","Organization"],"@id":"https:\/\/shrimataji.org\/test\/#\/schema\/person\/a1b3419c6585f164aa96da1ff85715d1","name":"Nirmala Shrivastava","image":{"@type":"ImageObject","inLanguage":"en-US","@id":"https:\/\/shrimataji.org\/test\/wp-content\/uploads\/2023\/02\/SMO_LOGO-03.svg","url":"https:\/\/shrimataji.org\/test\/wp-content\/uploads\/2023\/02\/SMO_LOGO-03.svg","contentUrl":"https:\/\/shrimataji.org\/test\/wp-content\/uploads\/2023\/02\/SMO_LOGO-03.svg","width":"1024","height":"1024","caption":"Nirmala Shrivastava"},"logo":{"@id":"https:\/\/shrimataji.org\/test\/wp-content\/uploads\/2023\/02\/SMO_LOGO-03.svg"},"sameAs":["https:\/\/shrimataji.org\/test","https:\/\/www.facebook.com\/shrimataji","https:\/\/x.com\/shrimataji","https:\/\/www.youtube.com\/@Shri_Mataji_Nirmala_Devi\/featured"]}]}},"lang":"sk","translations":{"sk":12368,"ur":37402,"en":7046,"am":17973,"th":19904,"hu":19448,"sq":18374,"zh":17271,"hi":7378,"tr":10143,"pt":10356,"de":10630,"fr":10728,"it":10826,"es":10923,"ja":11220,"ru":11408,"bn":11600,"te":11708,"sw":11831,"he":11979,"el":12270,"fa":12466,"fi":12564,"bg":13407,"ro":14481,"cs":14674,"nl":16534,"ku":16694,"ar":16870,"be":18581,"kn":18855,"mr":20268,"uk":20560,"ml":20859,"ta":22689,"sv":22962,"gu":28810,"pa":28968,"fil":29408,"da":37716,"pl":37933,"nn":38268},"pll_sync_post":[],"_links":{"self":[{"href":"https:\/\/shrimataji.org\/test\/wp-json\/wp\/v2\/pages\/12368","targetHints":{"allow":["GET"]}}],"collection":[{"href":"https:\/\/shrimataji.org\/test\/wp-json\/wp\/v2\/pages"}],"about":[{"href":"https:\/\/shrimataji.org\/test\/wp-json\/wp\/v2\/types\/page"}],"author":[{"embeddable":true,"href":"https:\/\/shrimataji.org\/test\/wp-json\/wp\/v2\/users\/28"}],"replies":[{"embeddable":true,"href":"https:\/\/shrimataji.org\/test\/wp-json\/wp\/v2\/comments?post=12368"}],"version-history":[{"count":0,"href":"https:\/\/shrimataji.org\/test\/wp-json\/wp\/v2\/pages\/12368\/revisions"}],"wp:featuredmedia":[{"embeddable":true,"href":"https:\/\/shrimataji.org\/test\/wp-json\/wp\/v2\/media\/9241"}],"wp:attachment":[{"href":"https:\/\/shrimataji.org\/test\/wp-json\/wp\/v2\/media?parent=12368"}],"curies":[{"name":"wp","href":"https:\/\/api.w.org\/{rel}","templated":true}]}}