{"id":12369,"date":"2018-07-10T06:54:46","date_gmt":"2018-07-10T06:54:46","guid":{"rendered":"http:\/\/testwordpress.nirmalnagari.org\/smnd\/index.php\/college-years\/"},"modified":"2026-02-19T16:37:28","modified_gmt":"2026-02-19T16:37:28","slug":"studenstke-casy","status":"publish","type":"page","link":"https:\/\/shrimataji.org\/test\/sk\/studenstke-casy\/","title":{"rendered":"\u0160tudenstk\u00e9 \u010dasy"},"content":{"rendered":"\n\n\t<h1>\u0160tudenstk\u00e9 \u010dasy<\/h1>\n<h2>Boj za slobodu<\/h2>\n\t<div class=\"su-quote su-quote-style-default\"><div class=\"su-quote-inner su-u-clearfix su-u-trim\">Dedinsk\u00e9 polia spievaj\u00fa o tvojej sl\u00e1ve a mest\u00e1 sa oz\u00fdvaj\u00fa mel\u00f3diou<\/p>\n<p>&#8211; Nech zv\u00ed\u0165az\u00ed Matka India, tebe patr\u00ed v\u00ed\u0165azstvo!<\/div><\/div>\n\t<h4>\u00daderom polnoci 15. augusta 1947 mili\u00f3ny \u013eud\u00ed oslavovali oslobodenie svojej krajiny. Mest\u00e1 a dediny po celej Indii vyvesili vlajku trikol\u00f3ry.<\/h4>\n<figure itemscope itemtype=\"https:\/\/schema.org\/ImageObject\">\n\t\t\t\t<img decoding=\"async\" src=\"https:\/\/shrimataji.org\/test\/wp-content\/uploads\/2026\/01\/SK_shri-mataji-nirmala-devi-portrait-13yrs-old.jpg\" alt=\"\u0160ri Matad\u017ei ako mlad\u00e1 \u017eena\" height=\"1141\" width=\"850\" title=\"SK_shri-mataji-nirmala-devi-portrait-13yrs-old\" onerror=\"this.style.display='none'\" loading=\"lazy\" \/>\n\t\t<figcaption>\u0160ri Matad\u017ei ako mlad\u00e1 \u017eena<\/figcaption>\n\t<\/figure>\n\t<p>&#8220;Videla som britsk\u00fa vlajku, ako kles\u00e1 a indick\u00fa, ako st\u00fapa, bol to nezabudnute\u013en\u00fd okamih,&#8221; spom\u00edna \u0160ri Matad\u017ei . &#8220;Niet slov, ktor\u00e9 by op\u00edsali tento moment &#8211; ten pocit, \u017ee pravda nakoniec zv\u00ed\u0165azila nad nepravdou. Spravodlivos\u0165 nad nespravodlivos\u0165ou.&#8221;<\/p>\n<p>Po dlh\u00fdch rokoch britskej nadvl\u00e1dy boj o nez\u00e1vislos\u0165 Indie nakoniec priniesol ovocie v\u010faka stato\u010dnosti a obetiam nespo\u010detn\u00fdch ob\u010danov. &#8220;Mnoho \u013eud\u00ed sa obetovalo a mnoh\u00ed boli mu\u010den\u00ed,&#8221; povedala.<\/p>\n<p>Jej rodina sa zapojila do boja, ke\u010f mala \u0160ri Matad\u017ei iba osem rokov, ke\u010f boli jej rodi\u010dia uv\u00e4znen\u00ed za \u00fa\u010das\u0165 na boji za slobodu. V tomto \u00fatlom veku prevzala starostlivos\u0165 o svojich mlad\u0161\u00edch s\u00farodencov. Jej rodina bola n\u00faten\u00e1 opusti\u0165 svoj pohodln\u00fd domov a uskromni\u0165 sa v malej chatr\u010di, kde spali na podlahe a niekedy hladovali. &#8220;Pocit, \u017ee v\u0161etko, \u010do na\u0161i rodi\u010dia robia, je pre oslobodenie na\u0161ej vlasti, bol ve\u013emi povzn\u00e1\u0161aj\u00faci&#8230;.tak\u017ee sme nikdy ani nepomysleli na pohodlie, ktor\u00e9 deti po\u017eaduj\u00fa.&#8221; Spom\u00edna \u0160ri Matad\u017ei.<\/p>\n\t<p>\u0160ri Matad\u017ei sa stala ml\u00e1de\u017en\u00edckym vodcom po\u010das \u0161t\u00fadia na lek\u00e1rskej kres\u0165anskej univerzite v Lahore. Akt\u00edvne sa zap\u00e1jala do hnutia Mah\u00e1tma G\u00e1ndhiho &#8211; &#8220;Hnutie za opustenie Indie&#8221; z roku 1942.<a href=\"https:\/\/shrimataji.org\/test\/sk\/studenstke-casy\/#citation-note-1\">[1]<\/a> Ve\u013eakr\u00e1t ju zatkli, dokonca mu\u010dili, ale to neovplyvnilo jej odhodlanie bojova\u0165 za oslobodenie vlasti.<\/p>\n<p>V tom \u010dase stretla Inda, ktor\u00fd mal obavy a odpor\u00fa\u010dal jej nez\u00fa\u010dast\u0148ova\u0165 sa na hnut\u00ed, preto\u017ee by to pre mlad\u00fa \u017eenu, ako bola ona, mohlo by\u0165 ve\u013emi nebezpe\u010dn\u00e9. Povedal jej, aby ostala doma s matkou, ale jej otec o tom nechcel ani po\u010du\u0165. &#8220;Otec si ma zavolal nabok,&#8221; spom\u00edna \u0160ri Matad\u017ei,&#8221; a povedal: Nepo\u010d\u00favaj toho starca, nem\u00e1 pr\u00e1vo hovori\u0165 tak\u00e9 nezmysly. Ja som na teba ve\u013emi hrd\u00fd a d\u00fafam, \u017ee v\u0161etky moje deti bud\u00fa ako ty.&#8221;<\/p>\n\t<div class=\"epyt-video-wrapper\"><div  data-ep-a=\"fadeIn\"  style=\"display: block; margin: 0px auto;\"  id=\"_ytid_15552\"  width=\"3840\" height=\"2160\"  data-origwidth=\"3840\" data-origheight=\"2160\" data-facadesrc=\"https:\/\/www.youtube.com\/embed\/o43faH-pzzc?enablejsapi=1&autoplay=0&cc_load_policy=0&cc_lang_pref=&iv_load_policy=1&loop=0&rel=0&fs=1&playsinline=1&autohide=2&theme=dark&color=red&controls=1&disablekb=0&\" class=\"__youtube_prefs__ epyt-facade  no-lazyload\" data-epautoplay=\"1\" ><img decoding=\"async\" data-spai-excluded=\"true\" class=\"epyt-facade-poster skip-lazy\" loading=\"lazy\"  alt=\"YouTube player\"  src=\"https:\/\/i.ytimg.com\/vi\/o43faH-pzzc\/maxresdefault.jpg\"  \/><button class=\"epyt-facade-play\" aria-label=\"Play\"><svg data-no-lazy=\"1\" height=\"100%\" version=\"1.1\" viewBox=\"0 0 68 48\" width=\"100%\"><path class=\"ytp-large-play-button-bg\" d=\"M66.52,7.74c-0.78-2.93-2.49-5.41-5.42-6.19C55.79,.13,34,0,34,0S12.21,.13,6.9,1.55 C3.97,2.33,2.27,4.81,1.48,7.74C0.06,13.05,0,24,0,24s0.06,10.95,1.48,16.26c0.78,2.93,2.49,5.41,5.42,6.19 C12.21,47.87,34,48,34,48s21.79-0.13,27.1-1.55c2.93-0.78,4.64-3.26,5.42-6.19C67.94,34.95,68,24,68,24S67.94,13.05,66.52,7.74z\" fill=\"#f00\"><\/path><path d=\"M 45,24 27,14 27,34\" fill=\"#fff\"><\/path><\/svg><\/button><\/div><\/div><span itemprop=\"video\" itemscope itemtype=\"http:\/\/schema.org\/VideoObject\"><meta itemprop=\"embedUrl\" content=\"https:\/\/www.youtube.com\/embed\/o43faH-pzzc\"><meta itemprop=\"name\" content=\"India&#039;s Freedom And Independence\"><meta itemprop=\"description\" content=\"Shri Mataji remembers her family&#039;s role in the struggle for Indian independence. Sacrifices were made for the sake of political freedom, as Mahatma Gandhi, with a special charm, transformed the people into a new personality. Indians felt themselves to be no longer helpless individuals, but a part of something great. From this political struggle, we can today learn how to attain the freedom of our spirit. More videos at: http:\/\/ShriMataji.org ~ A Life Dedicated to Humanity ~\"><meta itemprop=\"thumbnailUrl\" content=\"https:\/\/i.ytimg.com\/vi\/o43faH-pzzc\/0.jpg\"><meta itemprop=\"duration\" content=\"PT3M52S\"><meta itemprop=\"uploadDate\" content=\"2020-07-20T00:28:05Z\"><\/span>\n\t<p>Hoci India z\u00edskala slobodu, britsk\u00e1 politika &#8220;rozde\u013euj a panuj&#8221; zanechala svoje stopy a splodila tri samostatn\u00e9 krajiny, ktor\u00e9 sa oddelili &#8211; India, Pakistan a Banglad\u00e9\u0161. Po\u010das zm\u00e4tku, ktor\u00fd nasledoval po osloboden\u00ed a napriek riskovaniu vlastn\u00e9ho \u017eivota, \u0160ri Matad\u017ei poskytla pr\u00edstre\u0161ie svojho domova moslimskej rodine, ktor\u00e1 h\u013eadala \u00fato\u010disko. Nikdy nikoho neodsudzovala, nech bol ak\u00e9hoko\u013evek vyznania alebo p\u00f4vodu, zjednotenie bolo v\u017edy najhlavnej\u0161ie.<\/p>\n\t<div class=\"su-quote su-quote-style-default\"><div class=\"su-quote-inner su-u-clearfix su-u-trim\">Milujte svoju krajinu s n\u00e1dejou, \u017ee raz budeme v\u0161etci zdie\u013ea\u0165 jeden svet. <\/div><\/div>\n\t\t<iframe loading=\"lazy\" title=\"Her Studies, Indian Independence, Gandhi\" width=\"1440\" height=\"1080\" src=\"https:\/\/www.youtube.com\/embed\/R3BuPaDgo4c?feature=oembed\" frameborder=\"0\" allow=\"accelerometer; autoplay; clipboard-write; encrypted-media; gyroscope; picture-in-picture; web-share\" allowfullscreen><\/iframe>\t\n\t\t<iframe loading=\"lazy\" title=\"Independence And Education\" width=\"1440\" height=\"1080\" src=\"https:\/\/www.youtube.com\/embed\/6zp6ERRkSy8?feature=oembed\" frameborder=\"0\" allow=\"accelerometer; autoplay; clipboard-write; encrypted-media; gyroscope; picture-in-picture; web-share\" allowfullscreen><\/iframe> \t\n\t<hr \/>\n<a name=\"citation-note-1\"><\/a><br \/>\n [1] Hnutie ob\u010dianskej neposlu\u0161nosti spusten\u00e9 poslancom G\u00e1ndhim a Indick\u00fdm n\u00e1rodn\u00fdm kongresom v auguste 1942 po\u017eadovalo rozhodn\u00fd, ale pas\u00edvny odpor vo\u010di Britom a britsk\u00e9 stiahnutie sa z Indie. (Wikipedia, bezplatn\u00e1 encyklop\u00e9dia) \n\n","protected":false},"excerpt":{"rendered":"<p>\u0160tudenstk\u00e9 \u010dasy Boj za slobodu \u00daderom polnoci 15. augusta 1947 mili\u00f3ny \u013eud\u00ed oslavovali oslobodenie svojej krajiny. Mest\u00e1 a dediny po celej Indii vyvesili vlajku trikol\u00f3ry. \u0160ri Matad\u017ei ako mlad\u00e1 \u017eena &#8220;Videla som britsk\u00fa vlajku, ako kles\u00e1 a indick\u00fa, ako st\u00fapa, bol to nezabudnute\u013en\u00fd okamih,&#8221; spom\u00edna \u0160ri Matad\u017ei . &#8220;Niet slov, ktor\u00e9 by op\u00edsali tento moment&hellip; <br \/> <a class=\"read-more\" href=\"https:\/\/shrimataji.org\/test\/sk\/studenstke-casy\/\">Read more<\/a><\/p>\n","protected":false},"author":28,"featured_media":9508,"parent":0,"menu_order":0,"comment_status":"closed","ping_status":"closed","template":"","meta":{"inline_featured_image":false,"footnotes":""},"class_list":["post-12369","page","type-page","status-publish","has-post-thumbnail","hentry"],"yoast_head":"<!-- This site is optimized with the Yoast SEO plugin v27.4 - https:\/\/yoast.com\/product\/yoast-seo-wordpress\/ -->\n<title>\u0160tudenstk\u00e9 \u010dasy - TEST - SMND<\/title>\n<meta name=\"robots\" content=\"noindex, follow, max-snippet:-1, max-image-preview:large, max-video-preview:-1\" \/>\n<meta property=\"og:locale\" content=\"en_US\" \/>\n<meta property=\"og:type\" content=\"article\" \/>\n<meta property=\"og:title\" content=\"\u0160tudenstk\u00e9 \u010dasy - TEST - SMND\" \/>\n<meta property=\"og:description\" content=\"\u0160tudenstk\u00e9 \u010dasy Boj za slobodu \u00daderom polnoci 15. augusta 1947 mili\u00f3ny \u013eud\u00ed oslavovali oslobodenie svojej krajiny. Mest\u00e1 a dediny po celej Indii vyvesili vlajku trikol\u00f3ry. \u0160ri Matad\u017ei ako mlad\u00e1 \u017eena &#8220;Videla som britsk\u00fa vlajku, ako kles\u00e1 a indick\u00fa, ako st\u00fapa, bol to nezabudnute\u013en\u00fd okamih,&#8221; spom\u00edna \u0160ri Matad\u017ei . &#8220;Niet slov, ktor\u00e9 by op\u00edsali tento moment&hellip; Read more\" \/>\n<meta property=\"og:url\" content=\"https:\/\/shrimataji.org\/test\/sk\/studenstke-casy\/\" \/>\n<meta property=\"og:site_name\" content=\"TEST - SMND\" \/>\n<meta property=\"article:publisher\" content=\"https:\/\/www.facebook.com\/shrimataji\" \/>\n<meta property=\"article:modified_time\" content=\"2026-02-19T16:37:28+00:00\" \/>\n<meta property=\"og:image\" content=\"https:\/\/shrimataji.org\/test\/wp-content\/uploads\/2023\/03\/2_Banner_EarlyLife-College-2-scaled.jpg\" \/>\n\t<meta property=\"og:image:width\" content=\"2560\" \/>\n\t<meta property=\"og:image:height\" content=\"905\" \/>\n\t<meta property=\"og:image:type\" content=\"image\/jpeg\" \/>\n<meta name=\"twitter:card\" content=\"summary_large_image\" \/>\n<meta name=\"twitter:site\" content=\"@shrimataji\" \/>\n<meta name=\"twitter:label1\" content=\"Est. reading time\" \/>\n\t<meta name=\"twitter:data1\" content=\"3 minutes\" \/>\n<script type=\"application\/ld+json\" class=\"yoast-schema-graph\">{\"@context\":\"https:\\\/\\\/schema.org\",\"@graph\":[{\"@type\":\"WebPage\",\"@id\":\"https:\\\/\\\/shrimataji.org\\\/test\\\/sk\\\/studenstke-casy\\\/\",\"url\":\"https:\\\/\\\/shrimataji.org\\\/test\\\/sk\\\/studenstke-casy\\\/\",\"name\":\"\u0160tudenstk\u00e9 \u010dasy - TEST - SMND\",\"isPartOf\":{\"@id\":\"https:\\\/\\\/shrimataji.org\\\/test\\\/#website\"},\"primaryImageOfPage\":{\"@id\":\"https:\\\/\\\/shrimataji.org\\\/test\\\/sk\\\/studenstke-casy\\\/#primaryimage\"},\"image\":{\"@id\":\"https:\\\/\\\/shrimataji.org\\\/test\\\/sk\\\/studenstke-casy\\\/#primaryimage\"},\"thumbnailUrl\":\"https:\\\/\\\/shrimataji.org\\\/test\\\/wp-content\\\/uploads\\\/2023\\\/03\\\/2_Banner_EarlyLife-College-2-scaled.jpg\",\"datePublished\":\"2018-07-10T06:54:46+00:00\",\"dateModified\":\"2026-02-19T16:37:28+00:00\",\"breadcrumb\":{\"@id\":\"https:\\\/\\\/shrimataji.org\\\/test\\\/sk\\\/studenstke-casy\\\/#breadcrumb\"},\"inLanguage\":\"en-US\",\"potentialAction\":[{\"@type\":\"ReadAction\",\"target\":[\"https:\\\/\\\/shrimataji.org\\\/test\\\/sk\\\/studenstke-casy\\\/\"]}]},{\"@type\":\"ImageObject\",\"inLanguage\":\"en-US\",\"@id\":\"https:\\\/\\\/shrimataji.org\\\/test\\\/sk\\\/studenstke-casy\\\/#primaryimage\",\"url\":\"https:\\\/\\\/shrimataji.org\\\/test\\\/wp-content\\\/uploads\\\/2023\\\/03\\\/2_Banner_EarlyLife-College-2-scaled.jpg\",\"contentUrl\":\"https:\\\/\\\/shrimataji.org\\\/test\\\/wp-content\\\/uploads\\\/2023\\\/03\\\/2_Banner_EarlyLife-College-2-scaled.jpg\",\"width\":2560,\"height\":905},{\"@type\":\"BreadcrumbList\",\"@id\":\"https:\\\/\\\/shrimataji.org\\\/test\\\/sk\\\/studenstke-casy\\\/#breadcrumb\",\"itemListElement\":[{\"@type\":\"ListItem\",\"position\":1,\"name\":\"Home\",\"item\":\"https:\\\/\\\/shrimataji.org\\\/test\\\/uk\\\/home-en\\\/\"},{\"@type\":\"ListItem\",\"position\":2,\"name\":\"\u0160tudenstk\u00e9 \u010dasy\"}]},{\"@type\":\"WebSite\",\"@id\":\"https:\\\/\\\/shrimataji.org\\\/test\\\/#website\",\"url\":\"https:\\\/\\\/shrimataji.org\\\/test\\\/\",\"name\":\"Shri Mataji Nirmala Devi\",\"description\":\"A Life Dedicated to Humanity\",\"publisher\":{\"@id\":\"https:\\\/\\\/shrimataji.org\\\/test\\\/#\\\/schema\\\/person\\\/a1b3419c6585f164aa96da1ff85715d1\"},\"potentialAction\":[{\"@type\":\"SearchAction\",\"target\":{\"@type\":\"EntryPoint\",\"urlTemplate\":\"https:\\\/\\\/shrimataji.org\\\/test\\\/?s={search_term_string}\"},\"query-input\":{\"@type\":\"PropertyValueSpecification\",\"valueRequired\":true,\"valueName\":\"search_term_string\"}}],\"inLanguage\":\"en-US\"},{\"@type\":[\"Person\",\"Organization\"],\"@id\":\"https:\\\/\\\/shrimataji.org\\\/test\\\/#\\\/schema\\\/person\\\/a1b3419c6585f164aa96da1ff85715d1\",\"name\":\"Nirmala Shrivastava\",\"image\":{\"@type\":\"ImageObject\",\"inLanguage\":\"en-US\",\"@id\":\"https:\\\/\\\/shrimataji.org\\\/test\\\/wp-content\\\/uploads\\\/2023\\\/02\\\/SMO_LOGO-03.svg\",\"url\":\"https:\\\/\\\/shrimataji.org\\\/test\\\/wp-content\\\/uploads\\\/2023\\\/02\\\/SMO_LOGO-03.svg\",\"contentUrl\":\"https:\\\/\\\/shrimataji.org\\\/test\\\/wp-content\\\/uploads\\\/2023\\\/02\\\/SMO_LOGO-03.svg\",\"width\":\"1024\",\"height\":\"1024\",\"caption\":\"Nirmala Shrivastava\"},\"logo\":{\"@id\":\"https:\\\/\\\/shrimataji.org\\\/test\\\/wp-content\\\/uploads\\\/2023\\\/02\\\/SMO_LOGO-03.svg\"},\"sameAs\":[\"https:\\\/\\\/shrimataji.org\\\/test\",\"https:\\\/\\\/www.facebook.com\\\/shrimataji\",\"https:\\\/\\\/x.com\\\/shrimataji\",\"https:\\\/\\\/www.youtube.com\\\/@Shri_Mataji_Nirmala_Devi\\\/featured\"]}]}<\/script>\n<!-- \/ Yoast SEO plugin. -->","yoast_head_json":{"title":"\u0160tudenstk\u00e9 \u010dasy - TEST - SMND","robots":{"index":"noindex","follow":"follow","max-snippet":"max-snippet:-1","max-image-preview":"max-image-preview:large","max-video-preview":"max-video-preview:-1"},"og_locale":"en_US","og_type":"article","og_title":"\u0160tudenstk\u00e9 \u010dasy - TEST - SMND","og_description":"\u0160tudenstk\u00e9 \u010dasy Boj za slobodu \u00daderom polnoci 15. augusta 1947 mili\u00f3ny \u013eud\u00ed oslavovali oslobodenie svojej krajiny. Mest\u00e1 a dediny po celej Indii vyvesili vlajku trikol\u00f3ry. \u0160ri Matad\u017ei ako mlad\u00e1 \u017eena &#8220;Videla som britsk\u00fa vlajku, ako kles\u00e1 a indick\u00fa, ako st\u00fapa, bol to nezabudnute\u013en\u00fd okamih,&#8221; spom\u00edna \u0160ri Matad\u017ei . &#8220;Niet slov, ktor\u00e9 by op\u00edsali tento moment&hellip; Read more","og_url":"https:\/\/shrimataji.org\/test\/sk\/studenstke-casy\/","og_site_name":"TEST - SMND","article_publisher":"https:\/\/www.facebook.com\/shrimataji","article_modified_time":"2026-02-19T16:37:28+00:00","og_image":[{"width":2560,"height":905,"url":"https:\/\/shrimataji.org\/test\/wp-content\/uploads\/2023\/03\/2_Banner_EarlyLife-College-2-scaled.jpg","type":"image\/jpeg"}],"twitter_card":"summary_large_image","twitter_site":"@shrimataji","twitter_misc":{"Est. reading time":"3 minutes"},"schema":{"@context":"https:\/\/schema.org","@graph":[{"@type":"WebPage","@id":"https:\/\/shrimataji.org\/test\/sk\/studenstke-casy\/","url":"https:\/\/shrimataji.org\/test\/sk\/studenstke-casy\/","name":"\u0160tudenstk\u00e9 \u010dasy - TEST - SMND","isPartOf":{"@id":"https:\/\/shrimataji.org\/test\/#website"},"primaryImageOfPage":{"@id":"https:\/\/shrimataji.org\/test\/sk\/studenstke-casy\/#primaryimage"},"image":{"@id":"https:\/\/shrimataji.org\/test\/sk\/studenstke-casy\/#primaryimage"},"thumbnailUrl":"https:\/\/shrimataji.org\/test\/wp-content\/uploads\/2023\/03\/2_Banner_EarlyLife-College-2-scaled.jpg","datePublished":"2018-07-10T06:54:46+00:00","dateModified":"2026-02-19T16:37:28+00:00","breadcrumb":{"@id":"https:\/\/shrimataji.org\/test\/sk\/studenstke-casy\/#breadcrumb"},"inLanguage":"en-US","potentialAction":[{"@type":"ReadAction","target":["https:\/\/shrimataji.org\/test\/sk\/studenstke-casy\/"]}]},{"@type":"ImageObject","inLanguage":"en-US","@id":"https:\/\/shrimataji.org\/test\/sk\/studenstke-casy\/#primaryimage","url":"https:\/\/shrimataji.org\/test\/wp-content\/uploads\/2023\/03\/2_Banner_EarlyLife-College-2-scaled.jpg","contentUrl":"https:\/\/shrimataji.org\/test\/wp-content\/uploads\/2023\/03\/2_Banner_EarlyLife-College-2-scaled.jpg","width":2560,"height":905},{"@type":"BreadcrumbList","@id":"https:\/\/shrimataji.org\/test\/sk\/studenstke-casy\/#breadcrumb","itemListElement":[{"@type":"ListItem","position":1,"name":"Home","item":"https:\/\/shrimataji.org\/test\/uk\/home-en\/"},{"@type":"ListItem","position":2,"name":"\u0160tudenstk\u00e9 \u010dasy"}]},{"@type":"WebSite","@id":"https:\/\/shrimataji.org\/test\/#website","url":"https:\/\/shrimataji.org\/test\/","name":"Shri Mataji Nirmala Devi","description":"A Life Dedicated to Humanity","publisher":{"@id":"https:\/\/shrimataji.org\/test\/#\/schema\/person\/a1b3419c6585f164aa96da1ff85715d1"},"potentialAction":[{"@type":"SearchAction","target":{"@type":"EntryPoint","urlTemplate":"https:\/\/shrimataji.org\/test\/?s={search_term_string}"},"query-input":{"@type":"PropertyValueSpecification","valueRequired":true,"valueName":"search_term_string"}}],"inLanguage":"en-US"},{"@type":["Person","Organization"],"@id":"https:\/\/shrimataji.org\/test\/#\/schema\/person\/a1b3419c6585f164aa96da1ff85715d1","name":"Nirmala Shrivastava","image":{"@type":"ImageObject","inLanguage":"en-US","@id":"https:\/\/shrimataji.org\/test\/wp-content\/uploads\/2023\/02\/SMO_LOGO-03.svg","url":"https:\/\/shrimataji.org\/test\/wp-content\/uploads\/2023\/02\/SMO_LOGO-03.svg","contentUrl":"https:\/\/shrimataji.org\/test\/wp-content\/uploads\/2023\/02\/SMO_LOGO-03.svg","width":"1024","height":"1024","caption":"Nirmala Shrivastava"},"logo":{"@id":"https:\/\/shrimataji.org\/test\/wp-content\/uploads\/2023\/02\/SMO_LOGO-03.svg"},"sameAs":["https:\/\/shrimataji.org\/test","https:\/\/www.facebook.com\/shrimataji","https:\/\/x.com\/shrimataji","https:\/\/www.youtube.com\/@Shri_Mataji_Nirmala_Devi\/featured"]}]}},"lang":"sk","translations":{"sk":12369,"ur":37404,"en":413,"am":17975,"th":19907,"hu":19450,"sq":18376,"zh":17273,"hi":8384,"tr":10144,"pt":10357,"de":10631,"fr":10729,"it":10827,"es":10924,"ja":11221,"ru":11409,"bn":11601,"te":11709,"sw":11832,"he":11980,"el":12271,"fa":12467,"fi":12565,"bg":13452,"ro":14526,"cs":14719,"nl":16536,"ku":16696,"ar":16872,"be":18583,"kn":18857,"mr":20271,"uk":20563,"ml":20862,"ta":22691,"sv":22964,"gu":28812,"pa":28970,"fil":29410,"da":37718,"pl":37935,"nn":38270},"pll_sync_post":[],"_links":{"self":[{"href":"https:\/\/shrimataji.org\/test\/wp-json\/wp\/v2\/pages\/12369","targetHints":{"allow":["GET"]}}],"collection":[{"href":"https:\/\/shrimataji.org\/test\/wp-json\/wp\/v2\/pages"}],"about":[{"href":"https:\/\/shrimataji.org\/test\/wp-json\/wp\/v2\/types\/page"}],"author":[{"embeddable":true,"href":"https:\/\/shrimataji.org\/test\/wp-json\/wp\/v2\/users\/28"}],"replies":[{"embeddable":true,"href":"https:\/\/shrimataji.org\/test\/wp-json\/wp\/v2\/comments?post=12369"}],"version-history":[{"count":0,"href":"https:\/\/shrimataji.org\/test\/wp-json\/wp\/v2\/pages\/12369\/revisions"}],"wp:featuredmedia":[{"embeddable":true,"href":"https:\/\/shrimataji.org\/test\/wp-json\/wp\/v2\/media\/9508"}],"wp:attachment":[{"href":"https:\/\/shrimataji.org\/test\/wp-json\/wp\/v2\/media?parent=12369"}],"curies":[{"name":"wp","href":"https:\/\/api.w.org\/{rel}","templated":true}]}}