{"id":12371,"date":"2018-07-10T06:54:42","date_gmt":"2018-07-10T06:54:42","guid":{"rendered":"http:\/\/testwordpress.nirmalnagari.org\/smnd\/index.php\/creativity\/"},"modified":"2026-03-11T16:46:59","modified_gmt":"2026-03-11T16:46:59","slug":"umenie","status":"publish","type":"page","link":"https:\/\/shrimataji.org\/test\/sk\/umenie\/","title":{"rendered":"Umenie"},"content":{"rendered":"\n\n\t<h1>Umenie<\/h1>\n<h2>Prejav vn\u00fatornej kr\u00e1sy<\/h2>\n\t<h4>Po\u010das svojho \u017eivota a pr\u00e1ce venovala \u0160ri Matad\u017ei ve\u013ea \u010dasu a energie podpore umenia. I\u0161lo jej najm\u00e4 o podporu svetovej kult\u00fary, o zachovanie bohat\u00fdch starobyl\u00fdch umeleck\u00fdch trad\u00edci\u00ed svojej rodnej Indie a ich \u0161\u00edrenie po celom svete.<\/h4>\n<figure itemscope itemtype=\"https:\/\/schema.org\/ImageObject\">\n\t\t\t\t<img decoding=\"async\" src=\"https:\/\/shrimataji.org\/test\/wp-content\/uploads\/2018\/07\/media_originals\/images\/art\/blick-vom-garten-1024x722.jpg\" alt=\"blick-vom-garten\" height=\"722\" width=\"1024\" height=\"722\" width=\"1024\" title=\"blick-vom-garten\" onerror=\"this.style.display='none'\" loading=\"lazy\" \/>\n\t<\/figure>\n\t<p>V roku 2003 \u0160ri Matad\u017ei s pomocou svojho brata (s l\u00e1skou naz\u00fdvan\u00e9ho &#8211; Babamama) zalo\u017eila centrum umenia v Mahara\u0161tre, v Indii. Prich\u00e1dzaj\u00fa sem \u0161tudenti z cel\u00e9ho sveta, aby sa v tomto pokojnom vidieckom prostred\u00ed nau\u010dili klasick\u00fa indick\u00fa hudbu, tanec a ma\u013ebu. \u0160ri Matad\u017ei sa osobne podie\u013eala na architektonickom dizajne budovy <a href=\"http:\/\/www.pksacademy.com\" target=\"_blank\" rel=\"noopener\">akad\u00e9mie umen\u00ed PK Salve<\/a>, ako aj \u010fa\u013e\u0161\u00edch budov postaven\u00fdch na humanit\u00e1rne \u00fa\u010dely, vr\u00e1tane <a href=\"http:\/\/www.nirmalprem.org\" target=\"_blank\" rel=\"noopener\">strediska Vi\u0161wa Nirmala Prem pre \u017eeny a siroty v n\u00fadzi<\/a> &#8211; v Dill\u00ed.<\/p>\n<p>Oce\u0148ovala ru\u010dne vyr\u00e1ban\u00e9 v\u00fdrobky a pod\u013ea trad\u00edcie Mah\u00e1tmu G\u00e1ndiho st\u00e1le podporovala dom\u00e1ci priemysel, ktor\u00fd je nevyhnutn\u00fd pre hospod\u00e1rsky a kult\u00farny \u017eivot Indie.<\/p>\n\t<p>V priebehu rokov \u0160ri Matad\u017ei podporovala niektor\u00fdch z najzn\u00e1mej\u0161\u00edch predstavite\u013eov klasickej indickej hudby a tanca a poz\u00fdvala ich vystupova\u0165 na koncerty a programy. Mnoh\u00ed z t\u00fdch, ktor\u00ed vystupovali v jej pr\u00edtomnosti, op\u00edsali t\u00fato sk\u00fasenos\u0165 ako prelomov\u00fd moment vo svojom umeleckom v\u00fdvoji. Uvedomili si, \u017ee jej siln\u00e1 tvoriv\u00e1 energia zv\u00fd\u0161ila ich vlastn\u00fa tvorivos\u0165 a v\u00fdkon.<\/p>\n\t<p>Ustad Amjad Ali Khan, Debu Chaudhari a Ustad Bismillah Khan s\u00fa len niektor\u00fdmi z renomovan\u00fdch umelcov, ktor\u00fdch pozvala \u0160ri Matad\u017ei vystupova\u0165. Sama p\u00edsala knihy, bad\u017eany (indick\u00e9 zbo\u017en\u00e9 piesne) a b\u00e1sne.<\/p>\n<p>Jej podpora umenia zah\u0155\u0148ala siln\u00fa podporu divadla. Podnietila skupinu talentovan\u00fdch divadeln\u00edkov k spolupr\u00e1ci, ako <a href=\"https:\/\/www.theatreofeternalvalues.com\/\" target=\"_blank\" rel=\"noopener\">Divadlo ve\u010dn\u00fdch hodn\u00f4t<\/a>. Tento s\u00fabor vznikol v roku 1993 v Belgicku &#8211; v Gente &#8211; a st\u00e1le vystupuje na medzin\u00e1rodn\u00fdch podujatiach a predv\u00e1dza diela dramatikov, ktor\u00e9 v div\u00e1koch podnecuj\u00fa duchovnos\u0165 a sebauvedomenie.<\/p>\n\t<div class=\"su-quote su-quote-style-default\"><div class=\"su-quote-inner su-u-clearfix su-u-trim\"> Slovo materialistick\u00fd v pravom slova zmysle znamen\u00e1 pochopenie hodnoty hmoty. A hodnotou hmoty je estetika, skuto\u010dne umeleck\u00e9 veci. Okrem toho hodnota hmoty spo\u010d\u00edva v tom, \u017ee m\u00f4\u017eeme vyjadri\u0165 svoju l\u00e1sku k in\u00fdm a obdarova\u0165 ich.<\/div><\/div>\n\t<p>Divadlo ve\u010dn\u00fdch hodn\u00f4t tie\u017e spolupracuje so \u0161kolami, univerzitami, spolo\u010dnos\u0165ou a komunitou, poskytuje tak sk\u00fasenosti vo vzdel\u00e1vac\u00edch a umeleck\u00fdch projektoch, ako s\u00fa <a href=\"https:\/\/www.theatreofeternalvalues.com\/events\" target=\"_blank\" rel=\"noopener\">Festival &#8211; Kult\u00fara Du\u0161e<\/a> a <a href=\"https:\/\/www.theatreofeternalvalues.com\/education\/academy\" target=\"_blank\" rel=\"noopener\">Medzin\u00e1rodn\u00e1 akad\u00e9mia Nirmal Arts<\/a>, ktor\u00e9 sa ka\u017edoro\u010dne konaj\u00fa v talianskom Piemonte.<\/p>\n\n<figure itemscope itemtype=\"https:\/\/schema.org\/ImageObject\">\n\t\t\t\t<img decoding=\"async\" src=\"https:\/\/shrimataji.org\/test\/wp-content\/uploads\/2026\/01\/SK_theater-of-eternal-values.jpg\" alt=\"Divadlo ve\u010dn\u00fdch hodn\u00f4t vystupuje v Lond\u00fdne s hrou Williama Blakea s n\u00e1zvom Bo\u017e\u00ed \u013eudia.\" height=\"270\" width=\"1500\" title=\"SK_theater-of-eternal-values\" onerror=\"this.style.display='none'\" loading=\"lazy\" \/>\n\t\t<figcaption>Divadlo ve\u010dn\u00fdch hodn\u00f4t vystupuje v Lond\u00fdne s hrou Williama Blakea s n\u00e1zvom Bo\u017e\u00ed \u013eudia.<\/figcaption>\n\t<\/figure>\n\t<p>Pod\u013ea starod\u00e1vnej indickej jogovej trad\u00edcie m\u00e1 \u013eudsk\u00e1 bytos\u0165 sedem z\u00e1kladn\u00fdch vlastnost\u00ed. Druhou z nich je princ\u00edp tvorivosti, bez ktorej je <a href=\"https:\/\/shrimataji.org\/test\/sk\/sebarealizacia-a-meditacia\/\" target=\"_blank\" rel=\"noopener\">Sebarealiz\u00e1cia<\/a> a Sebauvedomenie ve\u013emi obmedzen\u00e9, ak nie nemo\u017en\u00e9. Z toho d\u00f4vodu sa \u0160ri Matad\u017ei sna\u017eila prebudi\u0165 tvoriv\u00e9 sily u jednotlivca i v komunite, vo v\u0161etk\u00fdch krajin\u00e1ch, ktor\u00e9 nav\u0161t\u00edvila.<\/p>\n\t<div class=\"su-quote su-quote-style-default\"><div class=\"su-quote-inner su-u-clearfix su-u-trim\">Tak\u00e1 je motiva\u010dn\u00e1 sila umelca, ktor\u00fd je najkraj\u0161\u00edm kvetom stvorenia, najslad\u0161\u00edm snom Boha a najdrah\u0161ou \u010das\u0165ou \u013eudskej spolo\u010dnosti. Mo\u017eno netu\u0161ia, ako ich div\u00e1ci miluj\u00fa, sleduj\u00fa a v\u00e1\u017eia si ich pr\u00e1cu.<\/div><\/div>\n\n","protected":false},"excerpt":{"rendered":"<p>Umenie Prejav vn\u00fatornej kr\u00e1sy Po\u010das svojho \u017eivota a pr\u00e1ce venovala \u0160ri Matad\u017ei ve\u013ea \u010dasu a energie podpore umenia. I\u0161lo jej najm\u00e4 o podporu svetovej kult\u00fary, o zachovanie bohat\u00fdch starobyl\u00fdch umeleck\u00fdch trad\u00edci\u00ed svojej rodnej Indie a ich \u0161\u00edrenie po celom svete. V roku 2003 \u0160ri Matad\u017ei s pomocou svojho brata (s l\u00e1skou naz\u00fdvan\u00e9ho &#8211; Babamama) zalo\u017eila&hellip; <br \/> <a class=\"read-more\" href=\"https:\/\/shrimataji.org\/test\/sk\/umenie\/\">Read more<\/a><\/p>\n","protected":false},"author":28,"featured_media":162,"parent":0,"menu_order":0,"comment_status":"closed","ping_status":"closed","template":"pro\/page-templates\/full-width-page.php","meta":{"inline_featured_image":false,"footnotes":""},"class_list":["post-12371","page","type-page","status-publish","has-post-thumbnail","hentry"],"yoast_head":"<!-- This site is optimized with the Yoast SEO plugin v27.4 - https:\/\/yoast.com\/product\/yoast-seo-wordpress\/ -->\n<title>Umenie - TEST - SMND<\/title>\n<meta name=\"robots\" content=\"noindex, follow, max-snippet:-1, max-image-preview:large, max-video-preview:-1\" \/>\n<meta property=\"og:locale\" content=\"en_US\" \/>\n<meta property=\"og:type\" content=\"article\" \/>\n<meta property=\"og:title\" content=\"Umenie - TEST - SMND\" \/>\n<meta property=\"og:description\" content=\"Umenie Prejav vn\u00fatornej kr\u00e1sy Po\u010das svojho \u017eivota a pr\u00e1ce venovala \u0160ri Matad\u017ei ve\u013ea \u010dasu a energie podpore umenia. I\u0161lo jej najm\u00e4 o podporu svetovej kult\u00fary, o zachovanie bohat\u00fdch starobyl\u00fdch umeleck\u00fdch trad\u00edci\u00ed svojej rodnej Indie a ich \u0161\u00edrenie po celom svete. V roku 2003 \u0160ri Matad\u017ei s pomocou svojho brata (s l\u00e1skou naz\u00fdvan\u00e9ho &#8211; Babamama) zalo\u017eila&hellip; Read more\" \/>\n<meta property=\"og:url\" content=\"https:\/\/shrimataji.org\/test\/sk\/umenie\/\" \/>\n<meta property=\"og:site_name\" content=\"TEST - SMND\" \/>\n<meta property=\"article:publisher\" content=\"https:\/\/www.facebook.com\/shrimataji\" \/>\n<meta property=\"article:modified_time\" content=\"2026-03-11T16:46:59+00:00\" \/>\n<meta property=\"og:image\" content=\"https:\/\/shrimataji.org\/test\/wp-content\/uploads\/2018\/07\/media_originals\/images\/headers-work-creativity\/dance-scene-cabella-italy.jpg\" \/>\n\t<meta property=\"og:image:width\" content=\"990\" \/>\n\t<meta property=\"og:image:height\" content=\"350\" \/>\n\t<meta property=\"og:image:type\" content=\"image\/jpeg\" \/>\n<meta name=\"twitter:card\" content=\"summary_large_image\" \/>\n<meta name=\"twitter:site\" content=\"@shrimataji\" \/>\n<meta name=\"twitter:label1\" content=\"Est. reading time\" \/>\n\t<meta name=\"twitter:data1\" content=\"3 minutes\" \/>\n<script type=\"application\/ld+json\" class=\"yoast-schema-graph\">{\"@context\":\"https:\\\/\\\/schema.org\",\"@graph\":[{\"@type\":\"WebPage\",\"@id\":\"https:\\\/\\\/shrimataji.org\\\/test\\\/sk\\\/umenie\\\/\",\"url\":\"https:\\\/\\\/shrimataji.org\\\/test\\\/sk\\\/umenie\\\/\",\"name\":\"Umenie - TEST - SMND\",\"isPartOf\":{\"@id\":\"https:\\\/\\\/shrimataji.org\\\/test\\\/#website\"},\"primaryImageOfPage\":{\"@id\":\"https:\\\/\\\/shrimataji.org\\\/test\\\/sk\\\/umenie\\\/#primaryimage\"},\"image\":{\"@id\":\"https:\\\/\\\/shrimataji.org\\\/test\\\/sk\\\/umenie\\\/#primaryimage\"},\"thumbnailUrl\":\"https:\\\/\\\/shrimataji.org\\\/test\\\/wp-content\\\/uploads\\\/2018\\\/07\\\/media_originals\\\/images\\\/headers-work-creativity\\\/dance-scene-cabella-italy.jpg\",\"datePublished\":\"2018-07-10T06:54:42+00:00\",\"dateModified\":\"2026-03-11T16:46:59+00:00\",\"breadcrumb\":{\"@id\":\"https:\\\/\\\/shrimataji.org\\\/test\\\/sk\\\/umenie\\\/#breadcrumb\"},\"inLanguage\":\"en-US\",\"potentialAction\":[{\"@type\":\"ReadAction\",\"target\":[\"https:\\\/\\\/shrimataji.org\\\/test\\\/sk\\\/umenie\\\/\"]}]},{\"@type\":\"ImageObject\",\"inLanguage\":\"en-US\",\"@id\":\"https:\\\/\\\/shrimataji.org\\\/test\\\/sk\\\/umenie\\\/#primaryimage\",\"url\":\"https:\\\/\\\/shrimataji.org\\\/test\\\/wp-content\\\/uploads\\\/2018\\\/07\\\/media_originals\\\/images\\\/headers-work-creativity\\\/dance-scene-cabella-italy.jpg\",\"contentUrl\":\"https:\\\/\\\/shrimataji.org\\\/test\\\/wp-content\\\/uploads\\\/2018\\\/07\\\/media_originals\\\/images\\\/headers-work-creativity\\\/dance-scene-cabella-italy.jpg\",\"width\":990,\"height\":350},{\"@type\":\"BreadcrumbList\",\"@id\":\"https:\\\/\\\/shrimataji.org\\\/test\\\/sk\\\/umenie\\\/#breadcrumb\",\"itemListElement\":[{\"@type\":\"ListItem\",\"position\":1,\"name\":\"Home\",\"item\":\"https:\\\/\\\/shrimataji.org\\\/test\\\/uk\\\/home-en\\\/\"},{\"@type\":\"ListItem\",\"position\":2,\"name\":\"Umenie\"}]},{\"@type\":\"WebSite\",\"@id\":\"https:\\\/\\\/shrimataji.org\\\/test\\\/#website\",\"url\":\"https:\\\/\\\/shrimataji.org\\\/test\\\/\",\"name\":\"Shri Mataji Nirmala Devi\",\"description\":\"A Life Dedicated to Humanity\",\"publisher\":{\"@id\":\"https:\\\/\\\/shrimataji.org\\\/test\\\/#\\\/schema\\\/person\\\/a1b3419c6585f164aa96da1ff85715d1\"},\"potentialAction\":[{\"@type\":\"SearchAction\",\"target\":{\"@type\":\"EntryPoint\",\"urlTemplate\":\"https:\\\/\\\/shrimataji.org\\\/test\\\/?s={search_term_string}\"},\"query-input\":{\"@type\":\"PropertyValueSpecification\",\"valueRequired\":true,\"valueName\":\"search_term_string\"}}],\"inLanguage\":\"en-US\"},{\"@type\":[\"Person\",\"Organization\"],\"@id\":\"https:\\\/\\\/shrimataji.org\\\/test\\\/#\\\/schema\\\/person\\\/a1b3419c6585f164aa96da1ff85715d1\",\"name\":\"Nirmala Shrivastava\",\"image\":{\"@type\":\"ImageObject\",\"inLanguage\":\"en-US\",\"@id\":\"https:\\\/\\\/shrimataji.org\\\/test\\\/wp-content\\\/uploads\\\/2023\\\/02\\\/SMO_LOGO-03.svg\",\"url\":\"https:\\\/\\\/shrimataji.org\\\/test\\\/wp-content\\\/uploads\\\/2023\\\/02\\\/SMO_LOGO-03.svg\",\"contentUrl\":\"https:\\\/\\\/shrimataji.org\\\/test\\\/wp-content\\\/uploads\\\/2023\\\/02\\\/SMO_LOGO-03.svg\",\"width\":\"1024\",\"height\":\"1024\",\"caption\":\"Nirmala Shrivastava\"},\"logo\":{\"@id\":\"https:\\\/\\\/shrimataji.org\\\/test\\\/wp-content\\\/uploads\\\/2023\\\/02\\\/SMO_LOGO-03.svg\"},\"sameAs\":[\"https:\\\/\\\/shrimataji.org\\\/test\",\"https:\\\/\\\/www.facebook.com\\\/shrimataji\",\"https:\\\/\\\/x.com\\\/shrimataji\",\"https:\\\/\\\/www.youtube.com\\\/@Shri_Mataji_Nirmala_Devi\\\/featured\"]}]}<\/script>\n<!-- \/ Yoast SEO plugin. -->","yoast_head_json":{"title":"Umenie - TEST - SMND","robots":{"index":"noindex","follow":"follow","max-snippet":"max-snippet:-1","max-image-preview":"max-image-preview:large","max-video-preview":"max-video-preview:-1"},"og_locale":"en_US","og_type":"article","og_title":"Umenie - TEST - SMND","og_description":"Umenie Prejav vn\u00fatornej kr\u00e1sy Po\u010das svojho \u017eivota a pr\u00e1ce venovala \u0160ri Matad\u017ei ve\u013ea \u010dasu a energie podpore umenia. I\u0161lo jej najm\u00e4 o podporu svetovej kult\u00fary, o zachovanie bohat\u00fdch starobyl\u00fdch umeleck\u00fdch trad\u00edci\u00ed svojej rodnej Indie a ich \u0161\u00edrenie po celom svete. V roku 2003 \u0160ri Matad\u017ei s pomocou svojho brata (s l\u00e1skou naz\u00fdvan\u00e9ho &#8211; Babamama) zalo\u017eila&hellip; Read more","og_url":"https:\/\/shrimataji.org\/test\/sk\/umenie\/","og_site_name":"TEST - SMND","article_publisher":"https:\/\/www.facebook.com\/shrimataji","article_modified_time":"2026-03-11T16:46:59+00:00","og_image":[{"width":990,"height":350,"url":"https:\/\/shrimataji.org\/test\/wp-content\/uploads\/2018\/07\/media_originals\/images\/headers-work-creativity\/dance-scene-cabella-italy.jpg","type":"image\/jpeg"}],"twitter_card":"summary_large_image","twitter_site":"@shrimataji","twitter_misc":{"Est. reading time":"3 minutes"},"schema":{"@context":"https:\/\/schema.org","@graph":[{"@type":"WebPage","@id":"https:\/\/shrimataji.org\/test\/sk\/umenie\/","url":"https:\/\/shrimataji.org\/test\/sk\/umenie\/","name":"Umenie - TEST - SMND","isPartOf":{"@id":"https:\/\/shrimataji.org\/test\/#website"},"primaryImageOfPage":{"@id":"https:\/\/shrimataji.org\/test\/sk\/umenie\/#primaryimage"},"image":{"@id":"https:\/\/shrimataji.org\/test\/sk\/umenie\/#primaryimage"},"thumbnailUrl":"https:\/\/shrimataji.org\/test\/wp-content\/uploads\/2018\/07\/media_originals\/images\/headers-work-creativity\/dance-scene-cabella-italy.jpg","datePublished":"2018-07-10T06:54:42+00:00","dateModified":"2026-03-11T16:46:59+00:00","breadcrumb":{"@id":"https:\/\/shrimataji.org\/test\/sk\/umenie\/#breadcrumb"},"inLanguage":"en-US","potentialAction":[{"@type":"ReadAction","target":["https:\/\/shrimataji.org\/test\/sk\/umenie\/"]}]},{"@type":"ImageObject","inLanguage":"en-US","@id":"https:\/\/shrimataji.org\/test\/sk\/umenie\/#primaryimage","url":"https:\/\/shrimataji.org\/test\/wp-content\/uploads\/2018\/07\/media_originals\/images\/headers-work-creativity\/dance-scene-cabella-italy.jpg","contentUrl":"https:\/\/shrimataji.org\/test\/wp-content\/uploads\/2018\/07\/media_originals\/images\/headers-work-creativity\/dance-scene-cabella-italy.jpg","width":990,"height":350},{"@type":"BreadcrumbList","@id":"https:\/\/shrimataji.org\/test\/sk\/umenie\/#breadcrumb","itemListElement":[{"@type":"ListItem","position":1,"name":"Home","item":"https:\/\/shrimataji.org\/test\/uk\/home-en\/"},{"@type":"ListItem","position":2,"name":"Umenie"}]},{"@type":"WebSite","@id":"https:\/\/shrimataji.org\/test\/#website","url":"https:\/\/shrimataji.org\/test\/","name":"Shri Mataji Nirmala Devi","description":"A Life Dedicated to Humanity","publisher":{"@id":"https:\/\/shrimataji.org\/test\/#\/schema\/person\/a1b3419c6585f164aa96da1ff85715d1"},"potentialAction":[{"@type":"SearchAction","target":{"@type":"EntryPoint","urlTemplate":"https:\/\/shrimataji.org\/test\/?s={search_term_string}"},"query-input":{"@type":"PropertyValueSpecification","valueRequired":true,"valueName":"search_term_string"}}],"inLanguage":"en-US"},{"@type":["Person","Organization"],"@id":"https:\/\/shrimataji.org\/test\/#\/schema\/person\/a1b3419c6585f164aa96da1ff85715d1","name":"Nirmala Shrivastava","image":{"@type":"ImageObject","inLanguage":"en-US","@id":"https:\/\/shrimataji.org\/test\/wp-content\/uploads\/2023\/02\/SMO_LOGO-03.svg","url":"https:\/\/shrimataji.org\/test\/wp-content\/uploads\/2023\/02\/SMO_LOGO-03.svg","contentUrl":"https:\/\/shrimataji.org\/test\/wp-content\/uploads\/2023\/02\/SMO_LOGO-03.svg","width":"1024","height":"1024","caption":"Nirmala Shrivastava"},"logo":{"@id":"https:\/\/shrimataji.org\/test\/wp-content\/uploads\/2023\/02\/SMO_LOGO-03.svg"},"sameAs":["https:\/\/shrimataji.org\/test","https:\/\/www.facebook.com\/shrimataji","https:\/\/x.com\/shrimataji","https:\/\/www.youtube.com\/@Shri_Mataji_Nirmala_Devi\/featured"]}]}},"lang":"sk","translations":{"sk":12371,"ur":37407,"en":400,"am":17978,"th":19911,"hu":19453,"sq":18379,"zh":17276,"tr":10146,"pt":10359,"de":10633,"fr":10731,"it":10829,"es":10926,"ja":11223,"ru":11411,"bn":11603,"te":11711,"sw":11834,"he":11982,"el":12273,"fa":12469,"fi":12567,"bg":13474,"ro":14546,"cs":14739,"nl":16539,"ku":16699,"ar":16875,"be":18586,"kn":18860,"mr":20275,"uk":20567,"ml":20866,"ta":22694,"sv":22967,"gu":28815,"pa":28973,"fil":29413,"da":37721,"pl":37938,"nn":38273},"pll_sync_post":[],"_links":{"self":[{"href":"https:\/\/shrimataji.org\/test\/wp-json\/wp\/v2\/pages\/12371","targetHints":{"allow":["GET"]}}],"collection":[{"href":"https:\/\/shrimataji.org\/test\/wp-json\/wp\/v2\/pages"}],"about":[{"href":"https:\/\/shrimataji.org\/test\/wp-json\/wp\/v2\/types\/page"}],"author":[{"embeddable":true,"href":"https:\/\/shrimataji.org\/test\/wp-json\/wp\/v2\/users\/28"}],"replies":[{"embeddable":true,"href":"https:\/\/shrimataji.org\/test\/wp-json\/wp\/v2\/comments?post=12371"}],"version-history":[{"count":0,"href":"https:\/\/shrimataji.org\/test\/wp-json\/wp\/v2\/pages\/12371\/revisions"}],"wp:featuredmedia":[{"embeddable":true,"href":"https:\/\/shrimataji.org\/test\/wp-json\/wp\/v2\/media\/162"}],"wp:attachment":[{"href":"https:\/\/shrimataji.org\/test\/wp-json\/wp\/v2\/media?parent=12371"}],"curies":[{"name":"wp","href":"https:\/\/api.w.org\/{rel}","templated":true}]}}