{"id":12372,"date":"2018-07-10T06:54:42","date_gmt":"2018-07-10T06:54:42","guid":{"rendered":"http:\/\/testwordpress.nirmalnagari.org\/smnd\/index.php\/cultural-integration\/"},"modified":"2026-02-05T09:34:18","modified_gmt":"2026-02-05T09:34:18","slug":"zjednotenie-kultur","status":"publish","type":"page","link":"https:\/\/shrimataji.org\/test\/sk\/zjednotenie-kultur\/","title":{"rendered":"Zjednotenie kult\u00far"},"content":{"rendered":"\n\n\t<h1>Zjednotenie kult\u00far<\/h1>\n<h2>Smerom k trvalo udr\u017eate\u013enej civiliz\u00e1cii<\/h2>\n\t<h4>\u0160ri Matad\u017ei na semin\u00e1roch, tla\u010dov\u00fdch konferenci\u00e1ch a predn\u00e1\u0161kach \u010dasto hovorievala, \u017ee v priebehu dej\u00edn v\u0161etci proroci a sv\u00e4tci hovorili o potrebe pozna\u0165 svoje Ja, svoju Du\u0161u. &#8220;To, \u010do mus\u00edme rozv\u00edja\u0165, je n\u00e1bo\u017eenstvo svojej Du\u0161e,&#8221; povedala. Rast n\u00e1bo\u017eenstiev prirovnala k jedn\u00e9mu ve\u013ek\u00e9mu stromu, ktor\u00fd m\u00e1 ve\u013ea kvetov. V nevedomosti v\u0161ak \u013eudia kvety trhaj\u00fa a bojuj\u00fa medzi sebou, zab\u00fadaj\u00fa, \u017ee kvety poch\u00e1dzaj\u00fa z toho ist\u00e9ho stromu.<\/h4>\n\t<div class=\"su-quote su-quote-style-default\"><div class=\"su-quote-inner su-u-clearfix su-u-trim\"> Preto mus\u00edme re\u0161pektova\u0165 v\u0161etk\u00fdch \u013eud\u00ed, v\u0161etky \u013eudsk\u00e9 bytosti, bez oh\u013eadu na ich n\u00e1rodnos\u0165, krajinu p\u00f4vodu, farbu pleti, preto\u017ee v\u0161etci maj\u00fa svoju Kundalini.<\/div><\/div>\n\t<p>Po\u010das verejn\u00e9ho programu sa ist\u00fd posluch\u00e1\u010d sp\u00fdtal \u0160ri Matad\u017ei: &#8220;Matka, pochopia ostatn\u00ed \u013eudia tvoj odkaz?&#8221; Ona sa len usmiala: &#8220;Ka\u017ed\u00fd ch\u00e1pe l\u00e1sku, v\u0161ak? Pomocou medit\u00e1cie Sahad\u017ea jogy uk\u00e1zala sp\u00f4sob, ak\u00fdm mo\u017eno dosiahnu\u0165 spojenie jednotlivcov r\u00f4znych kult\u00far a n\u00e1bo\u017eenstiev. Dosiahnu\u0165 stav vedomia, pokojnej mysle, ktor\u00e1 je silou prepojenia &#8211; silou kolekt\u00edvneho vedomia.<\/p>\n<figure itemscope itemtype=\"https:\/\/schema.org\/ImageObject\">\n\t\t\t\t<img decoding=\"async\" src=\"https:\/\/shrimataji.org\/test\/wp-content\/uploads\/2026\/01\/SK_shri-mataji-meets-sufis-in-delhi-india.jpg\" alt=\"N\u00e1v\u0161teva sv\u00e4tyne Nizamuddina, Dill\u00ed, India, 1993\" height=\"350\" width=\"990\" title=\"SK_shri-mataji-meets-sufis-in-delhi-india\" onerror=\"this.style.display='none'\" loading=\"lazy\" \/>\n\t\t<figcaption>N\u00e1v\u0161teva sv\u00e4tyne Nizamuddina, Dill\u00ed, India, 1993<\/figcaption>\n\t<\/figure>\n\t<p>Carl Jung op\u00edsal kolekt\u00edvne vedomie takto: &#8220;Okrem n\u00e1\u0161ho priameho vedomia, ktor\u00e9 je \u010disto osobnej povahy a o ktorom sme presved\u010den\u00ed, \u017ee je jedinou empirickou psychikou, existuje druh\u00fd psychick\u00fd syst\u00e9m &#8211; univerz\u00e1lnej, kolekt\u00edvnej a neosobnej povahy, rovnak\u00fd u ka\u017ed\u00e9ho jedinca. <a href=\"#citation-note-1\">[1]<\/a> &#8220;Medit\u00e1cia Sahad\u017ea jogy aktivuje uvedomenie \u010dloveka na hlb\u0161ej \u00farovni, ktor\u00e9 m\u00e1 p\u00f4vod v kore\u0148och samotn\u00e9ho auton\u00f3mneho nervov\u00e9ho syst\u00e9mu. S ut\u00ed\u0161en\u00edm hlu\u010dnej mysle a zakorenen\u00fdch podmienenost\u00ed je \u010dlovek schopn\u00fd rozpozna\u0165, \u017ee kult\u00farne rozdiely s\u00fa len na povrchnej \u00farovni. &#8220;Univerz\u00e1lna a neosobn\u00e1 pravda je len jedna.&#8221;<\/p>\n\t<p>&#8220;Tak\u017ee si mus\u00edme uvedomi\u0165, \u017ee n\u00e1s v\u0161etk\u00fdch sp\u00e1ja ist\u00fd spolo\u010dn\u00fd princ\u00edp \u017eivota,&#8221; vysvet\u013euje \u0160ri Matad\u017ei,&#8221; teda, \u017ee v\u0161etci m\u00e1me v sebe svoju Kundalini. Mus\u00edme preto re\u0161pektova\u0165 v\u0161etk\u00fdch \u013eud\u00ed, v\u0161etky bytosti, nech s\u00fa akejko\u013evek n\u00e1rodnosti, farby pleti, lebo v\u0161etci maj\u00fa svoju Kundalini.&#8221;<\/p>\n\t<p>Po\u010das svojich ciest \u0160ri Matad\u017ei prejavila hlbok\u00fd z\u00e1ujem o umenie a ru\u010dn\u00e9 pr\u00e1ce ka\u017edej krajiny, v\u0161\u00edmala si, ako odzrkad\u013euj\u00fa kult\u00faru Du\u0161e. &#8220;V tejto kult\u00fare n\u00e1m nejde o zisk alebo o par\u00e1du a prepych, ale vn\u00edmame, \u010di n\u00e1m to prin\u00e1\u0161a rados\u0165,&#8221; povedala.<\/p>\n\t<p>V priebehu rokov poz\u00fdvala \u0160ri Matad\u017ei umelcov z r\u00f4znych kraj\u00edn, prostredia a n\u00e1bo\u017eenstva vystupova\u0165 na kult\u00farnych festivaloch. Pre t\u00fdch, ktor\u00ed nepoznali qawwali, r\u00e1gu, Vivaldiho, klasick\u00fd indick\u00fd koncert, zvykla objasni\u0165 ich v\u00fdznam. Tieto predstavenia neusporiad\u00favala len kv\u00f4li podpore \u017eivobytia umelcov, udr\u017eaniu umenia a trad\u00edci\u00ed, ale aj aby uk\u00e1zala, \u017ee umenie a hudba r\u00f4znych kult\u00far m\u00f4\u017eu by\u0165 univerz\u00e1lne a pote\u0161i\u0165 Du\u0161u.<\/p>\n\t<hr \/>\n<a name=\"citation-note-1\"><\/a><br \/>\n [1]  C.G. Jung: &#8220;Archetypy a kolekt\u00edvne nevedomie&#8221; &#8211; z kolekt\u00edvnej zbierky C.G. Junga, zv\u00e4zok 9, \u010das\u0165 1., Lond\u00fdn,1969\n\n","protected":false},"excerpt":{"rendered":"<p>Zjednotenie kult\u00far Smerom k trvalo udr\u017eate\u013enej civiliz\u00e1cii \u0160ri Matad\u017ei na semin\u00e1roch, tla\u010dov\u00fdch konferenci\u00e1ch a predn\u00e1\u0161kach \u010dasto hovorievala, \u017ee v priebehu dej\u00edn v\u0161etci proroci a sv\u00e4tci hovorili o potrebe pozna\u0165 svoje Ja, svoju Du\u0161u. &#8220;To, \u010do mus\u00edme rozv\u00edja\u0165, je n\u00e1bo\u017eenstvo svojej Du\u0161e,&#8221; povedala. Rast n\u00e1bo\u017eenstiev prirovnala k jedn\u00e9mu ve\u013ek\u00e9mu stromu, ktor\u00fd m\u00e1 ve\u013ea kvetov. V nevedomosti&hellip; <br \/> <a class=\"read-more\" href=\"https:\/\/shrimataji.org\/test\/sk\/zjednotenie-kultur\/\">Read more<\/a><\/p>\n","protected":false},"author":28,"featured_media":138,"parent":0,"menu_order":0,"comment_status":"closed","ping_status":"closed","template":"","meta":{"inline_featured_image":false,"footnotes":""},"class_list":["post-12372","page","type-page","status-publish","has-post-thumbnail","hentry"],"yoast_head":"<!-- This site is optimized with the Yoast SEO plugin v27.4 - https:\/\/yoast.com\/product\/yoast-seo-wordpress\/ -->\n<title>Zjednotenie kult\u00far - TEST - SMND<\/title>\n<meta name=\"robots\" content=\"noindex, follow, max-snippet:-1, max-image-preview:large, max-video-preview:-1\" \/>\n<meta property=\"og:locale\" content=\"en_US\" \/>\n<meta property=\"og:type\" content=\"article\" \/>\n<meta property=\"og:title\" content=\"Zjednotenie kult\u00far - TEST - SMND\" \/>\n<meta property=\"og:description\" content=\"Zjednotenie kult\u00far Smerom k trvalo udr\u017eate\u013enej civiliz\u00e1cii \u0160ri Matad\u017ei na semin\u00e1roch, tla\u010dov\u00fdch konferenci\u00e1ch a predn\u00e1\u0161kach \u010dasto hovorievala, \u017ee v priebehu dej\u00edn v\u0161etci proroci a sv\u00e4tci hovorili o potrebe pozna\u0165 svoje Ja, svoju Du\u0161u. &#8220;To, \u010do mus\u00edme rozv\u00edja\u0165, je n\u00e1bo\u017eenstvo svojej Du\u0161e,&#8221; povedala. Rast n\u00e1bo\u017eenstiev prirovnala k jedn\u00e9mu ve\u013ek\u00e9mu stromu, ktor\u00fd m\u00e1 ve\u013ea kvetov. V nevedomosti&hellip; Read more\" \/>\n<meta property=\"og:url\" content=\"https:\/\/shrimataji.org\/test\/sk\/zjednotenie-kultur\/\" \/>\n<meta property=\"og:site_name\" content=\"TEST - SMND\" \/>\n<meta property=\"article:publisher\" content=\"https:\/\/www.facebook.com\/shrimataji\" \/>\n<meta property=\"article:modified_time\" content=\"2026-02-05T09:34:18+00:00\" \/>\n<meta property=\"og:image\" content=\"https:\/\/shrimataji.org\/test\/wp-content\/uploads\/2018\/07\/media_originals\/images\/headers-general\/mauli-art-by-graham-brown.jpg\" \/>\n\t<meta property=\"og:image:width\" content=\"990\" \/>\n\t<meta property=\"og:image:height\" content=\"350\" \/>\n\t<meta property=\"og:image:type\" content=\"image\/jpeg\" \/>\n<meta name=\"twitter:card\" content=\"summary_large_image\" \/>\n<meta name=\"twitter:site\" content=\"@shrimataji\" \/>\n<script type=\"application\/ld+json\" class=\"yoast-schema-graph\">{\"@context\":\"https:\\\/\\\/schema.org\",\"@graph\":[{\"@type\":\"WebPage\",\"@id\":\"https:\\\/\\\/shrimataji.org\\\/test\\\/sk\\\/zjednotenie-kultur\\\/\",\"url\":\"https:\\\/\\\/shrimataji.org\\\/test\\\/sk\\\/zjednotenie-kultur\\\/\",\"name\":\"Zjednotenie kult\u00far - TEST - SMND\",\"isPartOf\":{\"@id\":\"https:\\\/\\\/shrimataji.org\\\/test\\\/#website\"},\"primaryImageOfPage\":{\"@id\":\"https:\\\/\\\/shrimataji.org\\\/test\\\/sk\\\/zjednotenie-kultur\\\/#primaryimage\"},\"image\":{\"@id\":\"https:\\\/\\\/shrimataji.org\\\/test\\\/sk\\\/zjednotenie-kultur\\\/#primaryimage\"},\"thumbnailUrl\":\"https:\\\/\\\/shrimataji.org\\\/test\\\/wp-content\\\/uploads\\\/2018\\\/07\\\/media_originals\\\/images\\\/headers-general\\\/mauli-art-by-graham-brown.jpg\",\"datePublished\":\"2018-07-10T06:54:42+00:00\",\"dateModified\":\"2026-02-05T09:34:18+00:00\",\"breadcrumb\":{\"@id\":\"https:\\\/\\\/shrimataji.org\\\/test\\\/sk\\\/zjednotenie-kultur\\\/#breadcrumb\"},\"inLanguage\":\"en-US\",\"potentialAction\":[{\"@type\":\"ReadAction\",\"target\":[\"https:\\\/\\\/shrimataji.org\\\/test\\\/sk\\\/zjednotenie-kultur\\\/\"]}]},{\"@type\":\"ImageObject\",\"inLanguage\":\"en-US\",\"@id\":\"https:\\\/\\\/shrimataji.org\\\/test\\\/sk\\\/zjednotenie-kultur\\\/#primaryimage\",\"url\":\"https:\\\/\\\/shrimataji.org\\\/test\\\/wp-content\\\/uploads\\\/2018\\\/07\\\/media_originals\\\/images\\\/headers-general\\\/mauli-art-by-graham-brown.jpg\",\"contentUrl\":\"https:\\\/\\\/shrimataji.org\\\/test\\\/wp-content\\\/uploads\\\/2018\\\/07\\\/media_originals\\\/images\\\/headers-general\\\/mauli-art-by-graham-brown.jpg\",\"width\":990,\"height\":350},{\"@type\":\"BreadcrumbList\",\"@id\":\"https:\\\/\\\/shrimataji.org\\\/test\\\/sk\\\/zjednotenie-kultur\\\/#breadcrumb\",\"itemListElement\":[{\"@type\":\"ListItem\",\"position\":1,\"name\":\"Home\",\"item\":\"https:\\\/\\\/shrimataji.org\\\/test\\\/uk\\\/home-en\\\/\"},{\"@type\":\"ListItem\",\"position\":2,\"name\":\"Zjednotenie kult\u00far\"}]},{\"@type\":\"WebSite\",\"@id\":\"https:\\\/\\\/shrimataji.org\\\/test\\\/#website\",\"url\":\"https:\\\/\\\/shrimataji.org\\\/test\\\/\",\"name\":\"Shri Mataji Nirmala Devi\",\"description\":\"A Life Dedicated to Humanity\",\"publisher\":{\"@id\":\"https:\\\/\\\/shrimataji.org\\\/test\\\/#\\\/schema\\\/person\\\/a1b3419c6585f164aa96da1ff85715d1\"},\"potentialAction\":[{\"@type\":\"SearchAction\",\"target\":{\"@type\":\"EntryPoint\",\"urlTemplate\":\"https:\\\/\\\/shrimataji.org\\\/test\\\/?s={search_term_string}\"},\"query-input\":{\"@type\":\"PropertyValueSpecification\",\"valueRequired\":true,\"valueName\":\"search_term_string\"}}],\"inLanguage\":\"en-US\"},{\"@type\":[\"Person\",\"Organization\"],\"@id\":\"https:\\\/\\\/shrimataji.org\\\/test\\\/#\\\/schema\\\/person\\\/a1b3419c6585f164aa96da1ff85715d1\",\"name\":\"Nirmala Shrivastava\",\"image\":{\"@type\":\"ImageObject\",\"inLanguage\":\"en-US\",\"@id\":\"https:\\\/\\\/shrimataji.org\\\/test\\\/wp-content\\\/uploads\\\/2023\\\/02\\\/SMO_LOGO-03.svg\",\"url\":\"https:\\\/\\\/shrimataji.org\\\/test\\\/wp-content\\\/uploads\\\/2023\\\/02\\\/SMO_LOGO-03.svg\",\"contentUrl\":\"https:\\\/\\\/shrimataji.org\\\/test\\\/wp-content\\\/uploads\\\/2023\\\/02\\\/SMO_LOGO-03.svg\",\"width\":\"1024\",\"height\":\"1024\",\"caption\":\"Nirmala Shrivastava\"},\"logo\":{\"@id\":\"https:\\\/\\\/shrimataji.org\\\/test\\\/wp-content\\\/uploads\\\/2023\\\/02\\\/SMO_LOGO-03.svg\"},\"sameAs\":[\"https:\\\/\\\/shrimataji.org\\\/test\",\"https:\\\/\\\/www.facebook.com\\\/shrimataji\",\"https:\\\/\\\/x.com\\\/shrimataji\",\"https:\\\/\\\/www.youtube.com\\\/@Shri_Mataji_Nirmala_Devi\\\/featured\"]}]}<\/script>\n<!-- \/ Yoast SEO plugin. -->","yoast_head_json":{"title":"Zjednotenie kult\u00far - TEST - SMND","robots":{"index":"noindex","follow":"follow","max-snippet":"max-snippet:-1","max-image-preview":"max-image-preview:large","max-video-preview":"max-video-preview:-1"},"og_locale":"en_US","og_type":"article","og_title":"Zjednotenie kult\u00far - TEST - SMND","og_description":"Zjednotenie kult\u00far Smerom k trvalo udr\u017eate\u013enej civiliz\u00e1cii \u0160ri Matad\u017ei na semin\u00e1roch, tla\u010dov\u00fdch konferenci\u00e1ch a predn\u00e1\u0161kach \u010dasto hovorievala, \u017ee v priebehu dej\u00edn v\u0161etci proroci a sv\u00e4tci hovorili o potrebe pozna\u0165 svoje Ja, svoju Du\u0161u. &#8220;To, \u010do mus\u00edme rozv\u00edja\u0165, je n\u00e1bo\u017eenstvo svojej Du\u0161e,&#8221; povedala. Rast n\u00e1bo\u017eenstiev prirovnala k jedn\u00e9mu ve\u013ek\u00e9mu stromu, ktor\u00fd m\u00e1 ve\u013ea kvetov. V nevedomosti&hellip; Read more","og_url":"https:\/\/shrimataji.org\/test\/sk\/zjednotenie-kultur\/","og_site_name":"TEST - SMND","article_publisher":"https:\/\/www.facebook.com\/shrimataji","article_modified_time":"2026-02-05T09:34:18+00:00","og_image":[{"width":990,"height":350,"url":"https:\/\/shrimataji.org\/test\/wp-content\/uploads\/2018\/07\/media_originals\/images\/headers-general\/mauli-art-by-graham-brown.jpg","type":"image\/jpeg"}],"twitter_card":"summary_large_image","twitter_site":"@shrimataji","schema":{"@context":"https:\/\/schema.org","@graph":[{"@type":"WebPage","@id":"https:\/\/shrimataji.org\/test\/sk\/zjednotenie-kultur\/","url":"https:\/\/shrimataji.org\/test\/sk\/zjednotenie-kultur\/","name":"Zjednotenie kult\u00far - TEST - SMND","isPartOf":{"@id":"https:\/\/shrimataji.org\/test\/#website"},"primaryImageOfPage":{"@id":"https:\/\/shrimataji.org\/test\/sk\/zjednotenie-kultur\/#primaryimage"},"image":{"@id":"https:\/\/shrimataji.org\/test\/sk\/zjednotenie-kultur\/#primaryimage"},"thumbnailUrl":"https:\/\/shrimataji.org\/test\/wp-content\/uploads\/2018\/07\/media_originals\/images\/headers-general\/mauli-art-by-graham-brown.jpg","datePublished":"2018-07-10T06:54:42+00:00","dateModified":"2026-02-05T09:34:18+00:00","breadcrumb":{"@id":"https:\/\/shrimataji.org\/test\/sk\/zjednotenie-kultur\/#breadcrumb"},"inLanguage":"en-US","potentialAction":[{"@type":"ReadAction","target":["https:\/\/shrimataji.org\/test\/sk\/zjednotenie-kultur\/"]}]},{"@type":"ImageObject","inLanguage":"en-US","@id":"https:\/\/shrimataji.org\/test\/sk\/zjednotenie-kultur\/#primaryimage","url":"https:\/\/shrimataji.org\/test\/wp-content\/uploads\/2018\/07\/media_originals\/images\/headers-general\/mauli-art-by-graham-brown.jpg","contentUrl":"https:\/\/shrimataji.org\/test\/wp-content\/uploads\/2018\/07\/media_originals\/images\/headers-general\/mauli-art-by-graham-brown.jpg","width":990,"height":350},{"@type":"BreadcrumbList","@id":"https:\/\/shrimataji.org\/test\/sk\/zjednotenie-kultur\/#breadcrumb","itemListElement":[{"@type":"ListItem","position":1,"name":"Home","item":"https:\/\/shrimataji.org\/test\/uk\/home-en\/"},{"@type":"ListItem","position":2,"name":"Zjednotenie kult\u00far"}]},{"@type":"WebSite","@id":"https:\/\/shrimataji.org\/test\/#website","url":"https:\/\/shrimataji.org\/test\/","name":"Shri Mataji Nirmala Devi","description":"A Life Dedicated to Humanity","publisher":{"@id":"https:\/\/shrimataji.org\/test\/#\/schema\/person\/a1b3419c6585f164aa96da1ff85715d1"},"potentialAction":[{"@type":"SearchAction","target":{"@type":"EntryPoint","urlTemplate":"https:\/\/shrimataji.org\/test\/?s={search_term_string}"},"query-input":{"@type":"PropertyValueSpecification","valueRequired":true,"valueName":"search_term_string"}}],"inLanguage":"en-US"},{"@type":["Person","Organization"],"@id":"https:\/\/shrimataji.org\/test\/#\/schema\/person\/a1b3419c6585f164aa96da1ff85715d1","name":"Nirmala Shrivastava","image":{"@type":"ImageObject","inLanguage":"en-US","@id":"https:\/\/shrimataji.org\/test\/wp-content\/uploads\/2023\/02\/SMO_LOGO-03.svg","url":"https:\/\/shrimataji.org\/test\/wp-content\/uploads\/2023\/02\/SMO_LOGO-03.svg","contentUrl":"https:\/\/shrimataji.org\/test\/wp-content\/uploads\/2023\/02\/SMO_LOGO-03.svg","width":"1024","height":"1024","caption":"Nirmala Shrivastava"},"logo":{"@id":"https:\/\/shrimataji.org\/test\/wp-content\/uploads\/2023\/02\/SMO_LOGO-03.svg"},"sameAs":["https:\/\/shrimataji.org\/test","https:\/\/www.facebook.com\/shrimataji","https:\/\/x.com\/shrimataji","https:\/\/www.youtube.com\/@Shri_Mataji_Nirmala_Devi\/featured"]}]}},"lang":"sk","translations":{"sk":12372,"ur":37409,"en":405,"am":17980,"th":19914,"hu":19455,"sq":18381,"zh":17278,"tr":10147,"pt":10360,"de":10634,"fr":10732,"it":10830,"es":10927,"ja":11224,"ru":11412,"bn":11604,"te":11712,"sw":11835,"he":11983,"el":12274,"fa":12470,"fi":12568,"bg":13481,"ro":14553,"cs":14746,"nl":16541,"ku":16701,"ar":16877,"be":18588,"kn":18862,"mr":20278,"uk":20570,"ml":20869,"ta":22696,"sv":22969,"gu":28817,"pa":28975,"fil":29415,"da":37723,"pl":37940,"nn":38275},"pll_sync_post":[],"_links":{"self":[{"href":"https:\/\/shrimataji.org\/test\/wp-json\/wp\/v2\/pages\/12372","targetHints":{"allow":["GET"]}}],"collection":[{"href":"https:\/\/shrimataji.org\/test\/wp-json\/wp\/v2\/pages"}],"about":[{"href":"https:\/\/shrimataji.org\/test\/wp-json\/wp\/v2\/types\/page"}],"author":[{"embeddable":true,"href":"https:\/\/shrimataji.org\/test\/wp-json\/wp\/v2\/users\/28"}],"replies":[{"embeddable":true,"href":"https:\/\/shrimataji.org\/test\/wp-json\/wp\/v2\/comments?post=12372"}],"version-history":[{"count":0,"href":"https:\/\/shrimataji.org\/test\/wp-json\/wp\/v2\/pages\/12372\/revisions"}],"wp:featuredmedia":[{"embeddable":true,"href":"https:\/\/shrimataji.org\/test\/wp-json\/wp\/v2\/media\/138"}],"wp:attachment":[{"href":"https:\/\/shrimataji.org\/test\/wp-json\/wp\/v2\/media?parent=12372"}],"curies":[{"name":"wp","href":"https:\/\/api.w.org\/{rel}","templated":true}]}}