{"id":12373,"date":"2023-02-20T03:40:29","date_gmt":"2023-02-20T03:40:29","guid":{"rendered":"https:\/\/shrimataji.org\/test\/?page_id=8414"},"modified":"2026-01-30T17:06:43","modified_gmt":"2026-01-30T17:06:43","slug":"detstvo","status":"publish","type":"page","link":"https:\/\/shrimataji.org\/test\/sk\/detstvo\/","title":{"rendered":"Detstvo"},"content":{"rendered":"\n\n\t<h1>Detstvo<\/h1>\n<h2>Od G\u00e1ndhiho masov\u00e9ho hnutia za slobodu, a\u017e po \u00e9ru masovej Sebarealiz\u00e1cie<\/h2>\n\t<h4>Mah\u00e1tma G\u00e1ndh\u00ed zanechal trval\u00fd dojem v ka\u017edom, kto ho stretol, vr\u00e1tane mal\u00e9ho diev\u010datka, ktor\u00e9 b\u00fdvalo v jeho a\u0161r\u00e1me. T\u00fdmto diev\u010datkom bola \u0160ri Matad\u017ei, ktor\u00fa prez\u00fdval Nepali, kv\u00f4li jej nep\u00e1lskym \u010drt\u00e1m.<\/h4>\n<p>Od siedmich rokov \u017eivota tr\u00e1vila \u0160ri Matad\u017ei s G\u00e1ndhim v jeho a\u0161r\u00e1me ve\u013ea \u010dasu. &#8220;Zvykol si ku mne sadn\u00fa\u0165 a s v\u00e1\u017enou tv\u00e1rou mi kl\u00e1dol ve\u013emi mil\u00e9 ot\u00e1zky,&#8221; spom\u00edna \u0160ri Matad\u017ei, ktor\u00e1 ho \u010dasto sprev\u00e1dzala po\u010das skor\u00fdch rann\u00fdch prech\u00e1dzok pred spolo\u010dn\u00fdmi modlitbami.<\/p>\n\t\t\t\t<img decoding=\"async\" src=\"https:\/\/shrimataji.org\/test\/wp-content\/uploads\/2018\/07\/media_originals\/images\/shri-mataji-and-family\/shri-mataji-as-a-young-child.jpg\" alt=\"shri-mataji-as-a-young-child\" itemprop=\"image\" height=\"407\" width=\"640\" title=\"shri-mataji-as-a-young-child\" onerror=\"this.style.display='none'\" loading=\"lazy\" \/>\n\t<p>&#8220;Bol to ohromne tvrd\u00fd majster, ale mimoriadne miluj\u00faci a s\u00facitn\u00fd \u010dlovek,&#8221; povedala \u0160ri Matad\u017ei. &#8220;V\u017edy sa so mnou rozpr\u00e1val tak, ako keby som bola star\u00e1 \u017eena, diskutoval so mnou o veciach sp\u00f4sobom, akoby som bola m\u00fadrej\u0161ia ne\u017e ostatn\u00ed, \u010do \u013eud\u00ed najviac prekvapovalo. Vravel, \u017ee rada od niektor\u00fdch det\u00ed je lep\u0161ia, ako od star\u00fdch \u013eud\u00ed.&#8221;<\/p>\n<p>\u0160ri Matad\u017ei oce\u0148ovala u G\u00e1ndhiho to, \u017ee vo svojej krajine vytvoril z\u00e1klady pre dharmu (\u010destnos\u0165 a stato\u010dnos\u0165), vn\u00fatorn\u00e9 n\u00e1bo\u017eenstvo a spravodlivos\u0165. Povzbudzoval \u013eud\u00ed v \u010d\u00edtan\u00ed Biblie, aby pochopili Bhagavatg\u00edtu, aby poznali v\u0161etky ve\u013ek\u00e9 p\u00edsma a v\u00fdznamn\u00fdch \u013eud\u00ed sveta integrovan\u00fdm sp\u00f4sobom.<\/p>\n<p>Pri spolo\u010dn\u00fdch rozhovoroch s G\u00e1ndhim preberali prav\u00fa podstatu \u013eudkej bytosti, ako aj sp\u00f4sob, ako dosiahnu\u0165 soc\u00ed\u00e1lne a duchovn\u00e9 oslobodenie. Na ot\u00e1zku, ak\u00e9 sk\u00fasenosti mala s G\u00e1ndhim, povedala: &#8220;G\u00e1ndhi mal pr\u00edsny re\u017eim a budil \u013eud\u00ed o \u0161tvrtej r\u00e1no, postil sa a tak.&#8221; &#8220;Nezd\u00e1 sa ti, \u017ee si prive\u013emi pr\u00edsny?&#8221; povedala mu.<\/p>\n<p>G\u00e1ndhi vysvetlil, \u017ee v \u0165a\u017ek\u00fdch \u010dasoch je nevyhnutn\u00e9 ma\u0165 re\u017eim a discipl\u00ednu, ke\u010f krajina bojuje za slobodu.<\/p>\n<p>\u0160ri Matad\u017ei na to navrhla: &#8220;Bapu, ak chce\u0161 nau\u010di\u0165 \u013eud\u00ed discipl\u00edne, pre\u010do ich nenau\u010di\u0165 vn\u00fatornej discip\u00edne?&#8221;<\/p>\n<p>G\u00e1ndhi sa op\u00fdtal, ako by to mal urobi\u0165, uistila ho odpove\u010fou, \u017ee rie\u0161en\u00edm je vn\u00fatorn\u00e1 premena. Ale on argumentnoval: &#8220;V prvom rade sa oslobo\u010fme od britskej nadvl\u00e1dy, ak nie sme slobodn\u00ed, ako m\u00f4\u017eeme by\u0165 \u0161\u0165astn\u00ed? Nem\u00f4\u017ee by\u0165 o tom ani re\u010d, \u013eudia povedia, \u017ee nie sme ani osloboden\u00ed, ako m\u00f4\u017eeme hovori\u0165 o duchovnej slobode? Najsk\u00f4r sa mus\u00edme oslobodi\u0165 od cudzej nadvl\u00e1dy.&#8221;<\/p>\n<p>V nasleduj\u00facich rokoch sa G\u00e1ndhiho posolstvo masovo roz\u0161\u00edrilo &#8211; od negramotn\u00fdch farm\u00e1rov, a\u017e po privilegovan\u00e9 vrstvy a najvzdelanej\u0161\u00edch \u010dlenov spolo\u010dnosti. \u0160ri Matad\u017ei sa tie\u017e z\u00fa\u010dastnila boja za oslobodenie, a tak dala pr\u00edklad pre ostatn\u00fdch vysoko\u0161kol\u00e1kov.<\/p>\n<p>V roku 1947 sa India kone\u010dne stala slobodn\u00fdm \u0161t\u00e1tom. Od detsk\u00fdch rozhovorov s G\u00e1ndhim uplynulo mnoho rokov, ale dal si ju zavola\u0165 ku svojej smrte\u013enej posteli. &#8220;Stretli sme sa a hne\u010f ma spoznal,&#8221; spom\u00edna \u0160ri Matad\u017ei,&#8221; povedal mi: &#8220;Pr\u00ed\u010f za mnou po modlitbe.&#8221; Ke\u010f som za n\u00edm pri\u0161la, povedal mi: &#8220;Je \u010das pusti\u0165 sa do diela, pusti sa do pr\u00e1ce!&#8221;<\/p>\n<p>\u0160ri Matad\u017ei \u0161tudovala r\u00f4zne probl\u00e9m\u00fd \u013eudsk\u00fdch bytost\u00ed, ako aj mo\u017enosti ich rie\u0161enia. Preto pre\u0161lo mnoho rokov, k\u00fdm za\u010dala svoju pr\u00e1cu &#8211; transform\u00e1cie prostredn\u00edctvom Sahad\u017ea jogy. Rovnako ako vedel G\u00e1ndhi rozh\u00fdba\u0165 masy \u013eud\u00ed a privies\u0165 svoju vlas\u0165 ku slobode, pr\u00e1ca \u0160ri Matad\u017ei premenila nielen p\u00e1r jednotlivcov, ale st\u00e1tis\u00edce \u013eud\u00ed po celom svete. Nastal \u010das vn\u00fatorn\u00e9ho oslobodenia.<\/p>\n\t\t<img decoding=\"async\" data-spai-excluded=\"true\" loading=\"lazy\"  alt=\"YouTube player\"  src=\"https:\/\/i.ytimg.com\/vi\/R3BuPaDgo4c\/maxresdefault.jpg\"  \/><button aria-label=\"Play\"><\/button><meta itemprop=\"embedUrl\" content=\"https:\/\/www.youtube.com\/embed\/R3BuPaDgo4c\"\/><meta itemprop=\"name\" content=\"Her Studies, Indian Independence, Gandhi\"\/><meta itemprop=\"description\" content=\"Shri Mataji describes her childhood and remarkable father who took her, aged 7, to meet Mahatma Gandhi. Recognizing her spiritual depths he asked the little girl to stay at his ashram and often consulted her on profound matters. She and her family were deeply committed to the freedom movement and endured great hardships. After Independence her father was the only Christian to be elected to the Central Assembly. Shri Mataji studied medicine and married Sir C.P. Srivastava. More videos at: http:\/\/ShriMataji.org ~ A Life Dedicated to Humanity ~\"\/><meta itemprop=\"thumbnailUrl\" content=\"https:\/\/i.ytimg.com\/vi\/R3BuPaDgo4c\/0.jpg\"\/><meta itemprop=\"duration\" content=\"PT6M33S\"\/><meta itemprop=\"uploadDate\" content=\"2020-07-19T23:59:15Z\"\/>\t\n\t<div class=\"su-quote su-quote-style-default\"><div class=\"su-quote-inner su-u-clearfix su-u-trim\">Politick\u00fd vodca si nemus\u00ed robi\u0165 starosti s duchovn\u00fdmi a n\u00e1bo\u017eensk\u00fdmi ot\u00e1zkami, no svoju krajinu pova\u017eoval za duchovn\u00fa&#8230;Jeho hlavn\u00fdm pr\u00ednosom bolo nastoli\u0165 v \u013eu\u010foch rovnov\u00e1hu a uvedomenie, \u017ee s\u00fa Indovia &#8211; aby sa zbavili svojej otrockej mentality, s ktorou sa narodili.<\/div><\/div>\n\t\t\t\t<img decoding=\"async\" src=\"https:\/\/shrimataji.org\/test\/wp-content\/uploads\/2026\/01\/SK_Chhindwara_Final-1920x516-1.jpg\" alt=\"Sv\u00e4ty\u0148a Jej Sv\u00e4tosti \u0160ri Matad\u017ei Nirmala Devi, Chindwara, India\" itemprop=\"image\" height=\"516\" width=\"1920\" title=\"SK_Chhindwara_Final-1920x516-1\" onerror=\"this.style.display='none'\" loading=\"lazy\" \/>\n\t\tSv\u00e4ty\u0148a Jej Sv\u00e4tosti \u0160ri Matad\u017ei Nirmala Devi, Chindwara, India\n\n","protected":false},"excerpt":{"rendered":"<p>Detstvo Od G\u00e1ndhiho masov\u00e9ho hnutia za slobodu, a\u017e po \u00e9ru masovej Sebarealiz\u00e1cie Mah\u00e1tma G\u00e1ndh\u00ed zanechal trval\u00fd dojem v ka\u017edom, kto ho stretol, vr\u00e1tane mal\u00e9ho diev\u010datka, ktor\u00e9 b\u00fdvalo v jeho a\u0161r\u00e1me. T\u00fdmto diev\u010datkom bola \u0160ri Matad\u017ei, ktor\u00fa prez\u00fdval Nepali, kv\u00f4li jej nep\u00e1lskym \u010drt\u00e1m. Od siedmich rokov \u017eivota tr\u00e1vila \u0160ri Matad\u017ei s G\u00e1ndhim v jeho a\u0161r\u00e1me ve\u013ea&hellip; <br \/> <a class=\"read-more\" href=\"https:\/\/shrimataji.org\/test\/sk\/detstvo\/\">Read more<\/a><\/p>\n","protected":false},"author":28,"featured_media":9507,"parent":0,"menu_order":0,"comment_status":"closed","ping_status":"closed","template":"","meta":{"inline_featured_image":false,"footnotes":""},"class_list":["post-12373","page","type-page","status-publish","has-post-thumbnail","hentry"],"yoast_head":"<!-- This site is optimized with the Yoast SEO plugin v27.4 - https:\/\/yoast.com\/product\/yoast-seo-wordpress\/ -->\n<title>Detstvo - TEST - SMND<\/title>\n<meta name=\"robots\" content=\"noindex, follow, max-snippet:-1, max-image-preview:large, max-video-preview:-1\" \/>\n<meta property=\"og:locale\" content=\"en_US\" \/>\n<meta property=\"og:type\" content=\"article\" \/>\n<meta property=\"og:title\" content=\"Detstvo - TEST - SMND\" \/>\n<meta property=\"og:description\" content=\"Detstvo Od G\u00e1ndhiho masov\u00e9ho hnutia za slobodu, a\u017e po \u00e9ru masovej Sebarealiz\u00e1cie Mah\u00e1tma G\u00e1ndh\u00ed zanechal trval\u00fd dojem v ka\u017edom, kto ho stretol, vr\u00e1tane mal\u00e9ho diev\u010datka, ktor\u00e9 b\u00fdvalo v jeho a\u0161r\u00e1me. T\u00fdmto diev\u010datkom bola \u0160ri Matad\u017ei, ktor\u00fa prez\u00fdval Nepali, kv\u00f4li jej nep\u00e1lskym \u010drt\u00e1m. Od siedmich rokov \u017eivota tr\u00e1vila \u0160ri Matad\u017ei s G\u00e1ndhim v jeho a\u0161r\u00e1me ve\u013ea&hellip; Read more\" \/>\n<meta property=\"og:url\" content=\"https:\/\/shrimataji.org\/test\/sk\/detstvo\/\" \/>\n<meta property=\"og:site_name\" content=\"TEST - SMND\" \/>\n<meta property=\"article:publisher\" content=\"https:\/\/www.facebook.com\/shrimataji\" \/>\n<meta property=\"article:modified_time\" content=\"2026-01-30T17:06:43+00:00\" \/>\n<meta property=\"og:image\" content=\"https:\/\/shrimataji.org\/test\/wp-content\/uploads\/2023\/03\/1_Banner_EarlyLife-scaled.jpg\" \/>\n\t<meta property=\"og:image:width\" content=\"2560\" \/>\n\t<meta property=\"og:image:height\" content=\"905\" \/>\n\t<meta property=\"og:image:type\" content=\"image\/jpeg\" \/>\n<meta name=\"twitter:card\" content=\"summary_large_image\" \/>\n<meta name=\"twitter:site\" content=\"@shrimataji\" \/>\n<meta name=\"twitter:label1\" content=\"Est. reading time\" \/>\n\t<meta name=\"twitter:data1\" content=\"4 minutes\" \/>\n<script type=\"application\/ld+json\" class=\"yoast-schema-graph\">{\"@context\":\"https:\\\/\\\/schema.org\",\"@graph\":[{\"@type\":\"WebPage\",\"@id\":\"https:\\\/\\\/shrimataji.org\\\/test\\\/sk\\\/detstvo\\\/\",\"url\":\"https:\\\/\\\/shrimataji.org\\\/test\\\/sk\\\/detstvo\\\/\",\"name\":\"Detstvo - TEST - SMND\",\"isPartOf\":{\"@id\":\"https:\\\/\\\/shrimataji.org\\\/test\\\/#website\"},\"primaryImageOfPage\":{\"@id\":\"https:\\\/\\\/shrimataji.org\\\/test\\\/sk\\\/detstvo\\\/#primaryimage\"},\"image\":{\"@id\":\"https:\\\/\\\/shrimataji.org\\\/test\\\/sk\\\/detstvo\\\/#primaryimage\"},\"thumbnailUrl\":\"https:\\\/\\\/shrimataji.org\\\/test\\\/wp-content\\\/uploads\\\/2023\\\/03\\\/1_Banner_EarlyLife-scaled.jpg\",\"datePublished\":\"2023-02-20T03:40:29+00:00\",\"dateModified\":\"2026-01-30T17:06:43+00:00\",\"breadcrumb\":{\"@id\":\"https:\\\/\\\/shrimataji.org\\\/test\\\/sk\\\/detstvo\\\/#breadcrumb\"},\"inLanguage\":\"en-US\",\"potentialAction\":[{\"@type\":\"ReadAction\",\"target\":[\"https:\\\/\\\/shrimataji.org\\\/test\\\/sk\\\/detstvo\\\/\"]}]},{\"@type\":\"ImageObject\",\"inLanguage\":\"en-US\",\"@id\":\"https:\\\/\\\/shrimataji.org\\\/test\\\/sk\\\/detstvo\\\/#primaryimage\",\"url\":\"https:\\\/\\\/shrimataji.org\\\/test\\\/wp-content\\\/uploads\\\/2023\\\/03\\\/1_Banner_EarlyLife-scaled.jpg\",\"contentUrl\":\"https:\\\/\\\/shrimataji.org\\\/test\\\/wp-content\\\/uploads\\\/2023\\\/03\\\/1_Banner_EarlyLife-scaled.jpg\",\"width\":2560,\"height\":905},{\"@type\":\"BreadcrumbList\",\"@id\":\"https:\\\/\\\/shrimataji.org\\\/test\\\/sk\\\/detstvo\\\/#breadcrumb\",\"itemListElement\":[{\"@type\":\"ListItem\",\"position\":1,\"name\":\"Home\",\"item\":\"https:\\\/\\\/shrimataji.org\\\/test\\\/uk\\\/home-en\\\/\"},{\"@type\":\"ListItem\",\"position\":2,\"name\":\"Detstvo\"}]},{\"@type\":\"WebSite\",\"@id\":\"https:\\\/\\\/shrimataji.org\\\/test\\\/#website\",\"url\":\"https:\\\/\\\/shrimataji.org\\\/test\\\/\",\"name\":\"Shri Mataji Nirmala Devi\",\"description\":\"A Life Dedicated to Humanity\",\"publisher\":{\"@id\":\"https:\\\/\\\/shrimataji.org\\\/test\\\/#\\\/schema\\\/person\\\/a1b3419c6585f164aa96da1ff85715d1\"},\"potentialAction\":[{\"@type\":\"SearchAction\",\"target\":{\"@type\":\"EntryPoint\",\"urlTemplate\":\"https:\\\/\\\/shrimataji.org\\\/test\\\/?s={search_term_string}\"},\"query-input\":{\"@type\":\"PropertyValueSpecification\",\"valueRequired\":true,\"valueName\":\"search_term_string\"}}],\"inLanguage\":\"en-US\"},{\"@type\":[\"Person\",\"Organization\"],\"@id\":\"https:\\\/\\\/shrimataji.org\\\/test\\\/#\\\/schema\\\/person\\\/a1b3419c6585f164aa96da1ff85715d1\",\"name\":\"Nirmala Shrivastava\",\"image\":{\"@type\":\"ImageObject\",\"inLanguage\":\"en-US\",\"@id\":\"https:\\\/\\\/shrimataji.org\\\/test\\\/wp-content\\\/uploads\\\/2023\\\/02\\\/SMO_LOGO-03.svg\",\"url\":\"https:\\\/\\\/shrimataji.org\\\/test\\\/wp-content\\\/uploads\\\/2023\\\/02\\\/SMO_LOGO-03.svg\",\"contentUrl\":\"https:\\\/\\\/shrimataji.org\\\/test\\\/wp-content\\\/uploads\\\/2023\\\/02\\\/SMO_LOGO-03.svg\",\"width\":\"1024\",\"height\":\"1024\",\"caption\":\"Nirmala Shrivastava\"},\"logo\":{\"@id\":\"https:\\\/\\\/shrimataji.org\\\/test\\\/wp-content\\\/uploads\\\/2023\\\/02\\\/SMO_LOGO-03.svg\"},\"sameAs\":[\"https:\\\/\\\/shrimataji.org\\\/test\",\"https:\\\/\\\/www.facebook.com\\\/shrimataji\",\"https:\\\/\\\/x.com\\\/shrimataji\",\"https:\\\/\\\/www.youtube.com\\\/@Shri_Mataji_Nirmala_Devi\\\/featured\"]}]}<\/script>\n<!-- \/ Yoast SEO plugin. -->","yoast_head_json":{"title":"Detstvo - TEST - SMND","robots":{"index":"noindex","follow":"follow","max-snippet":"max-snippet:-1","max-image-preview":"max-image-preview:large","max-video-preview":"max-video-preview:-1"},"og_locale":"en_US","og_type":"article","og_title":"Detstvo - TEST - SMND","og_description":"Detstvo Od G\u00e1ndhiho masov\u00e9ho hnutia za slobodu, a\u017e po \u00e9ru masovej Sebarealiz\u00e1cie Mah\u00e1tma G\u00e1ndh\u00ed zanechal trval\u00fd dojem v ka\u017edom, kto ho stretol, vr\u00e1tane mal\u00e9ho diev\u010datka, ktor\u00e9 b\u00fdvalo v jeho a\u0161r\u00e1me. T\u00fdmto diev\u010datkom bola \u0160ri Matad\u017ei, ktor\u00fa prez\u00fdval Nepali, kv\u00f4li jej nep\u00e1lskym \u010drt\u00e1m. Od siedmich rokov \u017eivota tr\u00e1vila \u0160ri Matad\u017ei s G\u00e1ndhim v jeho a\u0161r\u00e1me ve\u013ea&hellip; Read more","og_url":"https:\/\/shrimataji.org\/test\/sk\/detstvo\/","og_site_name":"TEST - SMND","article_publisher":"https:\/\/www.facebook.com\/shrimataji","article_modified_time":"2026-01-30T17:06:43+00:00","og_image":[{"width":2560,"height":905,"url":"https:\/\/shrimataji.org\/test\/wp-content\/uploads\/2023\/03\/1_Banner_EarlyLife-scaled.jpg","type":"image\/jpeg"}],"twitter_card":"summary_large_image","twitter_site":"@shrimataji","twitter_misc":{"Est. reading time":"4 minutes"},"schema":{"@context":"https:\/\/schema.org","@graph":[{"@type":"WebPage","@id":"https:\/\/shrimataji.org\/test\/sk\/detstvo\/","url":"https:\/\/shrimataji.org\/test\/sk\/detstvo\/","name":"Detstvo - TEST - SMND","isPartOf":{"@id":"https:\/\/shrimataji.org\/test\/#website"},"primaryImageOfPage":{"@id":"https:\/\/shrimataji.org\/test\/sk\/detstvo\/#primaryimage"},"image":{"@id":"https:\/\/shrimataji.org\/test\/sk\/detstvo\/#primaryimage"},"thumbnailUrl":"https:\/\/shrimataji.org\/test\/wp-content\/uploads\/2023\/03\/1_Banner_EarlyLife-scaled.jpg","datePublished":"2023-02-20T03:40:29+00:00","dateModified":"2026-01-30T17:06:43+00:00","breadcrumb":{"@id":"https:\/\/shrimataji.org\/test\/sk\/detstvo\/#breadcrumb"},"inLanguage":"en-US","potentialAction":[{"@type":"ReadAction","target":["https:\/\/shrimataji.org\/test\/sk\/detstvo\/"]}]},{"@type":"ImageObject","inLanguage":"en-US","@id":"https:\/\/shrimataji.org\/test\/sk\/detstvo\/#primaryimage","url":"https:\/\/shrimataji.org\/test\/wp-content\/uploads\/2023\/03\/1_Banner_EarlyLife-scaled.jpg","contentUrl":"https:\/\/shrimataji.org\/test\/wp-content\/uploads\/2023\/03\/1_Banner_EarlyLife-scaled.jpg","width":2560,"height":905},{"@type":"BreadcrumbList","@id":"https:\/\/shrimataji.org\/test\/sk\/detstvo\/#breadcrumb","itemListElement":[{"@type":"ListItem","position":1,"name":"Home","item":"https:\/\/shrimataji.org\/test\/uk\/home-en\/"},{"@type":"ListItem","position":2,"name":"Detstvo"}]},{"@type":"WebSite","@id":"https:\/\/shrimataji.org\/test\/#website","url":"https:\/\/shrimataji.org\/test\/","name":"Shri Mataji Nirmala Devi","description":"A Life Dedicated to Humanity","publisher":{"@id":"https:\/\/shrimataji.org\/test\/#\/schema\/person\/a1b3419c6585f164aa96da1ff85715d1"},"potentialAction":[{"@type":"SearchAction","target":{"@type":"EntryPoint","urlTemplate":"https:\/\/shrimataji.org\/test\/?s={search_term_string}"},"query-input":{"@type":"PropertyValueSpecification","valueRequired":true,"valueName":"search_term_string"}}],"inLanguage":"en-US"},{"@type":["Person","Organization"],"@id":"https:\/\/shrimataji.org\/test\/#\/schema\/person\/a1b3419c6585f164aa96da1ff85715d1","name":"Nirmala Shrivastava","image":{"@type":"ImageObject","inLanguage":"en-US","@id":"https:\/\/shrimataji.org\/test\/wp-content\/uploads\/2023\/02\/SMO_LOGO-03.svg","url":"https:\/\/shrimataji.org\/test\/wp-content\/uploads\/2023\/02\/SMO_LOGO-03.svg","contentUrl":"https:\/\/shrimataji.org\/test\/wp-content\/uploads\/2023\/02\/SMO_LOGO-03.svg","width":"1024","height":"1024","caption":"Nirmala Shrivastava"},"logo":{"@id":"https:\/\/shrimataji.org\/test\/wp-content\/uploads\/2023\/02\/SMO_LOGO-03.svg"},"sameAs":["https:\/\/shrimataji.org\/test","https:\/\/www.facebook.com\/shrimataji","https:\/\/x.com\/shrimataji","https:\/\/www.youtube.com\/@Shri_Mataji_Nirmala_Devi\/featured"]}]}},"lang":"sk","translations":{"sk":12373,"ur":37411,"en":8414,"am":18348,"th":19917,"hu":19457,"sq":18383,"zh":17280,"hi":8389,"tr":10148,"pt":10361,"de":10635,"fr":10733,"it":10831,"es":10928,"ja":11225,"ru":11413,"bn":11605,"te":11713,"sw":11836,"he":11984,"el":12275,"fa":12471,"fi":12569,"bg":13361,"ro":14435,"cs":14628,"nl":16543,"ku":16703,"ar":16879,"be":18590,"kn":18864,"mr":20281,"uk":20573,"ml":20872,"ta":22698,"sv":22971,"gu":28819,"pa":28977,"fil":29417,"da":37725,"pl":37942,"nn":38277},"pll_sync_post":[],"_links":{"self":[{"href":"https:\/\/shrimataji.org\/test\/wp-json\/wp\/v2\/pages\/12373","targetHints":{"allow":["GET"]}}],"collection":[{"href":"https:\/\/shrimataji.org\/test\/wp-json\/wp\/v2\/pages"}],"about":[{"href":"https:\/\/shrimataji.org\/test\/wp-json\/wp\/v2\/types\/page"}],"author":[{"embeddable":true,"href":"https:\/\/shrimataji.org\/test\/wp-json\/wp\/v2\/users\/28"}],"replies":[{"embeddable":true,"href":"https:\/\/shrimataji.org\/test\/wp-json\/wp\/v2\/comments?post=12373"}],"version-history":[{"count":0,"href":"https:\/\/shrimataji.org\/test\/wp-json\/wp\/v2\/pages\/12373\/revisions"}],"wp:featuredmedia":[{"embeddable":true,"href":"https:\/\/shrimataji.org\/test\/wp-json\/wp\/v2\/media\/9507"}],"wp:attachment":[{"href":"https:\/\/shrimataji.org\/test\/wp-json\/wp\/v2\/media?parent=12373"}],"curies":[{"name":"wp","href":"https:\/\/api.w.org\/{rel}","templated":true}]}}