{"id":12374,"date":"2011-02-12T02:00:00","date_gmt":"2011-02-12T02:00:00","guid":{"rendered":"http:\/\/testwordpress.nirmalnagari.org\/smnd\/index.php\/ecology\/"},"modified":"2026-03-14T00:46:35","modified_gmt":"2026-03-14T00:46:35","slug":"ekologia","status":"publish","type":"page","link":"https:\/\/shrimataji.org\/test\/sk\/ekologia\/","title":{"rendered":"Ekol\u00f3gia SK"},"content":{"rendered":"\n\n\t<h1>Ekol\u00f3gia<\/h1>\n<h2>Prirodzen\u00e1 rovnov\u00e1ha<\/h2>\n\t<div class=\"su-quote su-quote-style-default\"><div class=\"su-quote-inner su-u-clearfix su-u-trim\"> Ak si nevieme v\u00e1\u017ei\u0165 Matku Zem, nevieme si v\u00e1\u017ei\u0165 ani seba.<\/div><\/div>\n\t<p>\u0160ri Matad\u017ei vn\u00edma pr\u00edrodu ako Matku Zem &#8211; \u017eiv\u00fa bytos\u0165, ktor\u00e1 poskytuje a udr\u017eiava \u017eivot a treba ju nielen\u017ee re\u0161pektova\u0165, ale aj uctieva\u0165. Vysvetlila, \u017ee ona aj jej bratia a sestry sa u\u010dili, spolu so v\u0161etk\u00fdmi indick\u00fdmi de\u0165mi, aby r\u00e1no po\u017eiadali Matku Zem o odpustenie, preto\u017ee sa jej dot\u00fdkali nohami.<\/p>\n<p>\u0160ri Matad\u017ei cestovala po celom svete takmer 40 rokov a preb\u00fadzala u \u013eud\u00ed vn\u00fatorn\u00fd potenci\u00e1l, aby sa dostali do pokojnej\u0161ieho a menej egocentrick\u00e9ho stavu mysle. \u013dudia, ktor\u00ed prich\u00e1dzali na jej predn\u00e1\u0161ky a medita\u010dn\u00e9 stretnutia, h\u013eadali spiritualitu. Ona im jasne vysvetlila, \u017ee spiritualita nem\u00f4\u017ee prekvita\u0165 bez pln\u00e9ho uvedomenia si vz\u00e1jomn\u00e9ho vz\u0165ahu \u010dloveka k pr\u00edrode.<\/p>\n<p>\u0160ri Matad\u017ei u\u017e za\u010diatkom 70-tych rokov, ke\u010f za\u010dala u\u010di\u0165 Sahad\u017ea jogu, jasne varovala pred hroziacimi nebezpe\u010denstvami, ktor\u00e9 ohrozuj\u00fa ekol\u00f3giu sveta &#8211; s\u00fa to: nadprodukcia plastov, nebezpe\u010denstvo jadrovej energie, nadmern\u00e1 po\u013enohospod\u00e1rska v\u00fdroba, zne\u010dis\u0165ovanie vozidlami a kontamin\u00e1cia oce\u00e1nov, jazier a riek.<\/p>\n<figure itemscope itemtype=\"https:\/\/schema.org\/ImageObject\">\n\t\t\t\t<img decoding=\"async\" src=\"https:\/\/shrimataji.org\/test\/wp-content\/uploads\/2018\/07\/media_originals\/images\/flowers\/purple-flowers-by-vera-subkus-300x300.jpg\" alt=\"\" height=\"300\" width=\"300\" onerror=\"this.style.display='none'\" loading=\"lazy\" \/>\n\t\t\n\t<\/figure>\n<figure itemscope itemtype=\"https:\/\/schema.org\/ImageObject\">\n\t\t\t\t<img decoding=\"async\" src=\"https:\/\/shrimataji.org\/test\/wp-content\/uploads\/2026\/01\/SK_wentworth-falls-artwork-by-meredith-cooper.jpg\" alt=\"Vodop\u00e1dy Wentworth (New South Wales, Austr\u00e1lia, Meredith Cooper)\" height=\"1000\" width=\"993\" title=\"SK_wentworth-falls-artwork-by-meredith-cooper\" onerror=\"this.style.display='none'\" loading=\"lazy\" \/>\n\t\t<figcaption>Vodop\u00e1dy Wentworth (New South Wales, Austr\u00e1lia, Meredith Cooper)<\/figcaption>\n\t<\/figure>\n\t<p>Bez toho, aby poprela u\u017eito\u010dnos\u0165 plastov za ur\u010dit\u00fdch okolnost\u00ed, kritizovala ich nadmern\u00e9 pou\u017e\u00edvanie a ich katastrof\u00e1lne prenikanie do pr\u00edrody. \u201eT\u00ed, ktor\u00ed s\u00fa zanepr\u00e1zdnen\u00ed tvorbou a v\u00fdrobou plastov, pekne rozv\u00edjaj\u00fa a buduj\u00fa si svoj finan\u010dn\u00fd obraz multimilion\u00e1rov,&#8221; vysvetlila. \u201eMedzit\u00fdm bezduch\u00fd konzum vytv\u00e1ra hory a hory plastu tak, \u017ee \u013eudstvo nevie, ako vyrie\u0161i probl\u00e9m zni\u010denia vytvoren\u00fdch h\u00f4r z plastov, ktor\u00e9 s\u00fa nielen nevzh\u013eadn\u00e9, ale svojou existenciou zne\u010dis\u0165uj\u00fa atmosf\u00e9ru. Nadprodukcia plastov a umel\u00fdch vl\u00e1kien je, samozrejme, v\u00e1\u017enym ved\u013eaj\u0161\u00edm produktom nutkav\u00e9ho konzumu, ktor\u00fd je \u017eiven\u00fd predstavou m\u00f3dnych trendov.<\/p>\n<p>\u0160ri Matad\u017ei tie\u017e apelovala na ostra\u017eitos\u0165 v oblasti jadrovej energie d\u00e1vno pred trag\u00e9diami v \u010cernobyle a Fuku\u0161ime. &#8220;Teraz je \u010cernoby\u013e ve\u013emi ve\u013ek\u00fdm probl\u00e9mom&#8230; a bola to pre n\u00e1s lekcia, \u017ee by sme sa nemali pr\u00edli\u0161 zameriava\u0165 na at\u00f3mov\u00fa energiu.&#8221; Jadrov\u00e9 \u0161tiepenie je pod\u013ea nej agresia vo\u010di prirodzenej celistvosti jadra, ktor\u00e1 na jemnej \u00farovni vysvet\u013euje de\u0161trukt\u00edvne ved\u013eaj\u0161ie \u00fa\u010dinky v\u00fdslednej energie.<\/p>\n\t<p>Varovala pred modern\u00fdm mrhan\u00edm energie a podporovala \u0161etrn\u00fd pr\u00edstup v ka\u017edodennom \u017eivote. \u201eKa\u017ed\u00fd by si mal by\u0165 vedom\u00fd spotreby energie elektriny, telef\u00f3nu, vody alebo \u010dohoko\u013evek in\u00e9ho,&#8221; povedala. \u201eMus\u00edme sa uskromni\u0165&#8230; Mus\u00edte prija\u0165 ako s\u00fa\u010das\u0165 svojho ka\u017edodenn\u00e9ho \u017eivota, \u017ee sa sna\u017e\u00edte \u0161etri\u0165 energiu Matky Zeme. Je to ve\u013emi d\u00f4le\u017eit\u00e9.&#8221;<\/p>\n<p>Pri viacer\u00fdch pr\u00edle\u017eitostiach \u0160ri Matad\u017ei pouk\u00e1zala na ve\u013ek\u00fd po\u010det \u00e1ut s jedin\u00fdm \u010dlovekom na ceste, id\u00face rovnak\u00fdm smerom. Navrhla zdru\u017eovanie \u00e1ut s cie\u013eom zn\u00ed\u017ei\u0165 zbyto\u010dn\u00e9 zne\u010distenie a vytvori\u0165 kolekt\u00edvnej\u0161\u00ed postoj k environment\u00e1lnej zodpovednosti. \u010casto odpor\u00fa\u010dala ch\u00f4dzu ako \u010fal\u0161\u00ed sp\u00f4sob objavovania jemnost\u00ed a kr\u00e1s pr\u00edrody v pr\u00edli\u0161 upon\u00e1h\u013eanom svete.<\/p>\n\t<p>\u0160ri Matad\u017ei potvrdzovala svoje predn\u00e1\u0161ky osobn\u00fdm pr\u00edkladom, ktor\u00fd mal v jej vyu\u010dovan\u00ed najsilnej\u0161\u00ed vplyv. Na ka\u017edom mieste, ktor\u00e9 nav\u0161t\u00edvila, sa stret\u00e1vala s miestnymi remeseln\u00edkmi a umelcami a podporovala ich k\u00fapou ich v\u00fdrobkov. Zauj\u00edmala sa o najmen\u0161ie detaily remeselnej pr\u00e1ce &#8211; o pou\u017eit\u00e9 materi\u00e1ly, ich p\u00f4vod, pracovn\u00e9 podmienky a \u017eivotn\u00fa \u00farove\u0148 rod\u00edn remeseln\u00edkov.<\/p>\n\t<div class=\"su-quote su-quote-style-default\"><div class=\"su-quote-inner su-u-clearfix su-u-trim\">Mus\u00edme sa sna\u017ei\u0165 o rovnov\u00e1hu medzi vyroben\u00fdmi vecami, strojmi a \u013eu\u010fmi a venova\u0165 sa viac pr\u00edrodn\u00fdm veciam.<\/div><\/div>\n\t<p>\u010casto poukazovala na ekologick\u00fa a ekonomick\u00fa hodnotu ru\u010dne vyr\u00e1ban\u00e9ho tovaru. Spotrebitelia m\u00f4\u017eu n\u00e1kupom handmade v\u00fdrobkov zlomi\u0165 okovy zotro\u010denia ve\u013ek\u00fdch priemyseln\u00fdch re\u0165azcov m\u00f3dy a kult\u00fary vyhadzovania. Zni\u017euj\u00fa aj nadmern\u00fa spotrebu a vytv\u00e1raj\u00fa pracovn\u00e9 miesta. Na ru\u010dne vyr\u00e1ban\u00e9 predmety traba vynalo\u017ei\u0165 viac pr\u00e1ce a \u010dasu, a preto s\u00fa zvy\u010dajne drah\u0161ie, ako hromadne strojovo vyr\u00e1ban\u00e9. To v\u0161ak znamen\u00e1, \u017ee spotrebitelia si ich bud\u00fa v\u00e1\u017ei\u0165 a nie ich po pou\u017eit\u00ed vyhadzova\u0165.<\/p>\n<p>Priemyseln\u00e1 a strojov\u00e1 v\u00fdroba s\u00fa u\u017eito\u010dn\u00e9, ale treba n\u00e1js\u0165 rovnov\u00e1hu medzi ru\u010dnou a strojovou v\u00fdrobou. Navrhla: \u201eStroje by sa mali pou\u017e\u00edva\u0165 na ak\u00fako\u013evek verejn\u00fa pr\u00e1cu. Napr\u00edklad na v\u00fdrobu \u00e1ut, vlakov, elektri\u010diek, na v\u0161etky verejn\u00e9 pr\u00e1ce, ktor\u00e9 s\u00fa vonku. M\u00f4\u017eete pou\u017ei\u0165 stroje aj na stavbu domov. Ale pre osobn\u00e9 veci mus\u00edte pou\u017ei\u0165 ru\u010dne vyroben\u00e9 veci, ru\u010dne vyroben\u00e9 v\u00fdrobky. Duchovn\u00ed \u013eudia radi nosia nie\u010do, \u010do je skuto\u010dne ru\u010dne vyroben\u00e9.&#8221;<\/p>\n<p>Svet dnes stoj\u00ed na kritickom bode obratu, pokia\u013e ide o zmenu kl\u00edmy, ktor\u00e1 hroz\u00ed glob\u00e1lnou ekologickou katastrofou bezprecedentn\u00fdch rozmerov. S\u00fa\u010dasn\u00e9 vedeck\u00e9 \u0161t\u00fadie jasne ukazuj\u00fa, \u017ee zmena \u013eudsk\u00fdch prior\u00edt od za\u010diatku priemyseln\u00e9ho veku dramaticky prispela ku glob\u00e1lnej degrad\u00e1cii \u017eivotn\u00e9ho prostredia. Len spolo\u010dn\u00e9 \u00fasilie cel\u00e9ho \u013eudstva prejs\u0165 na trvalo udr\u017eate\u013en\u00fd sp\u00f4sob \u017eivota n\u00e1s m\u00f4\u017ee vyvies\u0165 z hroziaceho nebezpe\u010denstva.<\/p>\n<p>Prax medit\u00e1cie Sahad\u017ea jogy vytv\u00e1ra holistick\u00fa rovnov\u00e1hu medzi telom, mys\u013eou a Duchom, ktor\u00e1 umo\u017e\u0148uje jednotlivcom vies\u0165 a u\u017e\u00edva\u0165 si altruistick\u00fd \u017eivotn\u00fd \u0161t\u00fdl a \u017ei\u0165 v harm\u00f3nii s pr\u00edrodou. Prostredn\u00edctvom Sahad\u017ea jogy mo\u017eno dosiahnu\u0165 nielen behavior\u00e1lnu transform\u00e1ciu, ale \u0160ri Matad\u017ei odporu\u010dila aj pou\u017eitie jemnej vibra\u010dnej energie (ktor\u00e1 je neoddelite\u013enou s\u00fa\u010das\u0165ou vedomia t\u00fdch, \u010do praktizuj\u00fa Sahad\u017ea jogu) na regener\u00e1ciu \u017eivotodarnej sily matky pr\u00edrody a na podporu prirodzen\u00e9ho ekologick\u00e9ho rastu. Tis\u00edce po\u013enohospod\u00e1rskych experimentov<a href=\"#citation-note-1\">[1]<\/a>, ktor\u00e9 uskuto\u010dnili sahad\u017ea jog\u00edni po celom svete, uk\u00e1zali \u00fa\u017easn\u00e9 v\u00fdsledky na zlep\u0161ovanie biosf\u00e9ry a zni\u017eovanie z\u00e1vislosti od chemick\u00fdch hnoj\u00edv, \u0161kodliv\u00fdch pre \u017eivotn\u00e9 prostredie.<\/p>\n<p>V\u00edzia \u0160ri Matad\u017ei o harmonickom svete za\u010d\u00edna u \u013eud\u00ed, ktor\u00ed s\u00fa v rovnov\u00e1he sami so sebou. Iba vtedy, ke\u010f sa nastol\u00ed vn\u00fatorn\u00e1 rovnov\u00e1ha, m\u00f4\u017eu \u013eudsk\u00e9 bytosti dosiahnu\u0165 harmonick\u00fd a re\u0161pektuj\u00faci vz\u0165ah s okol\u00edm a s Matkou Zemou, ktor\u00e1 n\u00e1s v\u0161etk\u00fdch \u017eiv\u00ed.<\/p>\n\t<h5>&#8220;Zem poskytuje dostatok na uspokojenie potrieb ka\u017ed\u00e9ho \u010dloveka, ale nie na ukojenie \u017eiadostivosti ka\u017ed\u00e9ho \u010dloveka.&#8221;<\/h5>\n<h5>Mahatma Gandhi<\/h5>\n\t<p>&nbsp;<\/p>\n<hr \/>\n<a id=\"citation-note-1\"><\/a><br \/>\n [1] https:\/\/sahajkrishi.in\/\n\n","protected":false},"excerpt":{"rendered":"<p>Ekol\u00f3gia Prirodzen\u00e1 rovnov\u00e1ha \u0160ri Matad\u017ei vn\u00edma pr\u00edrodu ako Matku Zem &#8211; \u017eiv\u00fa bytos\u0165, ktor\u00e1 poskytuje a udr\u017eiava \u017eivot a treba ju nielen\u017ee re\u0161pektova\u0165, ale aj uctieva\u0165. Vysvetlila, \u017ee ona aj jej bratia a sestry sa u\u010dili, spolu so v\u0161etk\u00fdmi indick\u00fdmi de\u0165mi, aby r\u00e1no po\u017eiadali Matku Zem o odpustenie, preto\u017ee sa jej dot\u00fdkali nohami. \u0160ri Matad\u017ei&hellip; <br \/> <a class=\"read-more\" href=\"https:\/\/shrimataji.org\/test\/sk\/ekologia\/\">Read more<\/a><\/p>\n","protected":false},"author":1,"featured_media":126,"parent":0,"menu_order":0,"comment_status":"closed","ping_status":"closed","template":"pro\/page-templates\/full-width-page.php","meta":{"inline_featured_image":false,"footnotes":""},"class_list":["post-12374","page","type-page","status-publish","has-post-thumbnail","hentry"],"yoast_head":"<!-- This site is optimized with the Yoast SEO plugin v27.4 - https:\/\/yoast.com\/product\/yoast-seo-wordpress\/ -->\n<title>Ekol\u00f3gia SK - TEST - SMND<\/title>\n<meta name=\"robots\" content=\"noindex, follow, max-snippet:-1, max-image-preview:large, max-video-preview:-1\" \/>\n<meta property=\"og:locale\" content=\"en_US\" \/>\n<meta property=\"og:type\" content=\"article\" \/>\n<meta property=\"og:title\" content=\"Ekol\u00f3gia SK - TEST - SMND\" \/>\n<meta property=\"og:description\" content=\"Ekol\u00f3gia Prirodzen\u00e1 rovnov\u00e1ha \u0160ri Matad\u017ei vn\u00edma pr\u00edrodu ako Matku Zem &#8211; \u017eiv\u00fa bytos\u0165, ktor\u00e1 poskytuje a udr\u017eiava \u017eivot a treba ju nielen\u017ee re\u0161pektova\u0165, ale aj uctieva\u0165. Vysvetlila, \u017ee ona aj jej bratia a sestry sa u\u010dili, spolu so v\u0161etk\u00fdmi indick\u00fdmi de\u0165mi, aby r\u00e1no po\u017eiadali Matku Zem o odpustenie, preto\u017ee sa jej dot\u00fdkali nohami. \u0160ri Matad\u017ei&hellip; Read more\" \/>\n<meta property=\"og:url\" content=\"https:\/\/shrimataji.org\/test\/sk\/ekologia\/\" \/>\n<meta property=\"og:site_name\" content=\"TEST - SMND\" \/>\n<meta property=\"article:publisher\" content=\"https:\/\/www.facebook.com\/shrimataji\" \/>\n<meta property=\"article:modified_time\" content=\"2026-03-14T00:46:35+00:00\" \/>\n<meta property=\"og:image\" content=\"https:\/\/shrimataji.org\/test\/wp-content\/uploads\/2018\/07\/media_originals\/images\/headers-general\/shri-mataji-at-the-krishna-river-in-brahmapuri-india-1985.jpg\" \/>\n\t<meta property=\"og:image:width\" content=\"990\" \/>\n\t<meta property=\"og:image:height\" content=\"350\" \/>\n\t<meta property=\"og:image:type\" content=\"image\/jpeg\" \/>\n<meta name=\"twitter:card\" content=\"summary_large_image\" \/>\n<meta name=\"twitter:site\" content=\"@shrimataji\" \/>\n<script type=\"application\/ld+json\" class=\"yoast-schema-graph\">{\"@context\":\"https:\\\/\\\/schema.org\",\"@graph\":[{\"@type\":\"WebPage\",\"@id\":\"https:\\\/\\\/shrimataji.org\\\/test\\\/sk\\\/ekologia\\\/\",\"url\":\"https:\\\/\\\/shrimataji.org\\\/test\\\/sk\\\/ekologia\\\/\",\"name\":\"Ekol\u00f3gia SK - TEST - SMND\",\"isPartOf\":{\"@id\":\"https:\\\/\\\/shrimataji.org\\\/test\\\/#website\"},\"primaryImageOfPage\":{\"@id\":\"https:\\\/\\\/shrimataji.org\\\/test\\\/sk\\\/ekologia\\\/#primaryimage\"},\"image\":{\"@id\":\"https:\\\/\\\/shrimataji.org\\\/test\\\/sk\\\/ekologia\\\/#primaryimage\"},\"thumbnailUrl\":\"https:\\\/\\\/shrimataji.org\\\/test\\\/wp-content\\\/uploads\\\/2018\\\/07\\\/media_originals\\\/images\\\/headers-general\\\/shri-mataji-at-the-krishna-river-in-brahmapuri-india-1985.jpg\",\"datePublished\":\"2011-02-12T02:00:00+00:00\",\"dateModified\":\"2026-03-14T00:46:35+00:00\",\"breadcrumb\":{\"@id\":\"https:\\\/\\\/shrimataji.org\\\/test\\\/sk\\\/ekologia\\\/#breadcrumb\"},\"inLanguage\":\"en-US\",\"potentialAction\":[{\"@type\":\"ReadAction\",\"target\":[\"https:\\\/\\\/shrimataji.org\\\/test\\\/sk\\\/ekologia\\\/\"]}]},{\"@type\":\"ImageObject\",\"inLanguage\":\"en-US\",\"@id\":\"https:\\\/\\\/shrimataji.org\\\/test\\\/sk\\\/ekologia\\\/#primaryimage\",\"url\":\"https:\\\/\\\/shrimataji.org\\\/test\\\/wp-content\\\/uploads\\\/2018\\\/07\\\/media_originals\\\/images\\\/headers-general\\\/shri-mataji-at-the-krishna-river-in-brahmapuri-india-1985.jpg\",\"contentUrl\":\"https:\\\/\\\/shrimataji.org\\\/test\\\/wp-content\\\/uploads\\\/2018\\\/07\\\/media_originals\\\/images\\\/headers-general\\\/shri-mataji-at-the-krishna-river-in-brahmapuri-india-1985.jpg\",\"width\":990,\"height\":350},{\"@type\":\"BreadcrumbList\",\"@id\":\"https:\\\/\\\/shrimataji.org\\\/test\\\/sk\\\/ekologia\\\/#breadcrumb\",\"itemListElement\":[{\"@type\":\"ListItem\",\"position\":1,\"name\":\"Home\",\"item\":\"https:\\\/\\\/shrimataji.org\\\/test\\\/uk\\\/home-en\\\/\"},{\"@type\":\"ListItem\",\"position\":2,\"name\":\"Ekol\u00f3gia SK\"}]},{\"@type\":\"WebSite\",\"@id\":\"https:\\\/\\\/shrimataji.org\\\/test\\\/#website\",\"url\":\"https:\\\/\\\/shrimataji.org\\\/test\\\/\",\"name\":\"Shri Mataji Nirmala Devi\",\"description\":\"A Life Dedicated to Humanity\",\"publisher\":{\"@id\":\"https:\\\/\\\/shrimataji.org\\\/test\\\/#\\\/schema\\\/person\\\/a1b3419c6585f164aa96da1ff85715d1\"},\"potentialAction\":[{\"@type\":\"SearchAction\",\"target\":{\"@type\":\"EntryPoint\",\"urlTemplate\":\"https:\\\/\\\/shrimataji.org\\\/test\\\/?s={search_term_string}\"},\"query-input\":{\"@type\":\"PropertyValueSpecification\",\"valueRequired\":true,\"valueName\":\"search_term_string\"}}],\"inLanguage\":\"en-US\"},{\"@type\":[\"Person\",\"Organization\"],\"@id\":\"https:\\\/\\\/shrimataji.org\\\/test\\\/#\\\/schema\\\/person\\\/a1b3419c6585f164aa96da1ff85715d1\",\"name\":\"Nirmala Shrivastava\",\"image\":{\"@type\":\"ImageObject\",\"inLanguage\":\"en-US\",\"@id\":\"https:\\\/\\\/shrimataji.org\\\/test\\\/wp-content\\\/uploads\\\/2023\\\/02\\\/SMO_LOGO-03.svg\",\"url\":\"https:\\\/\\\/shrimataji.org\\\/test\\\/wp-content\\\/uploads\\\/2023\\\/02\\\/SMO_LOGO-03.svg\",\"contentUrl\":\"https:\\\/\\\/shrimataji.org\\\/test\\\/wp-content\\\/uploads\\\/2023\\\/02\\\/SMO_LOGO-03.svg\",\"width\":\"1024\",\"height\":\"1024\",\"caption\":\"Nirmala Shrivastava\"},\"logo\":{\"@id\":\"https:\\\/\\\/shrimataji.org\\\/test\\\/wp-content\\\/uploads\\\/2023\\\/02\\\/SMO_LOGO-03.svg\"},\"sameAs\":[\"https:\\\/\\\/shrimataji.org\\\/test\",\"https:\\\/\\\/www.facebook.com\\\/shrimataji\",\"https:\\\/\\\/x.com\\\/shrimataji\",\"https:\\\/\\\/www.youtube.com\\\/@Shri_Mataji_Nirmala_Devi\\\/featured\"]}]}<\/script>\n<!-- \/ Yoast SEO plugin. -->","yoast_head_json":{"title":"Ekol\u00f3gia SK - TEST - SMND","robots":{"index":"noindex","follow":"follow","max-snippet":"max-snippet:-1","max-image-preview":"max-image-preview:large","max-video-preview":"max-video-preview:-1"},"og_locale":"en_US","og_type":"article","og_title":"Ekol\u00f3gia SK - TEST - SMND","og_description":"Ekol\u00f3gia Prirodzen\u00e1 rovnov\u00e1ha \u0160ri Matad\u017ei vn\u00edma pr\u00edrodu ako Matku Zem &#8211; \u017eiv\u00fa bytos\u0165, ktor\u00e1 poskytuje a udr\u017eiava \u017eivot a treba ju nielen\u017ee re\u0161pektova\u0165, ale aj uctieva\u0165. Vysvetlila, \u017ee ona aj jej bratia a sestry sa u\u010dili, spolu so v\u0161etk\u00fdmi indick\u00fdmi de\u0165mi, aby r\u00e1no po\u017eiadali Matku Zem o odpustenie, preto\u017ee sa jej dot\u00fdkali nohami. \u0160ri Matad\u017ei&hellip; Read more","og_url":"https:\/\/shrimataji.org\/test\/sk\/ekologia\/","og_site_name":"TEST - SMND","article_publisher":"https:\/\/www.facebook.com\/shrimataji","article_modified_time":"2026-03-14T00:46:35+00:00","og_image":[{"width":990,"height":350,"url":"https:\/\/shrimataji.org\/test\/wp-content\/uploads\/2018\/07\/media_originals\/images\/headers-general\/shri-mataji-at-the-krishna-river-in-brahmapuri-india-1985.jpg","type":"image\/jpeg"}],"twitter_card":"summary_large_image","twitter_site":"@shrimataji","schema":{"@context":"https:\/\/schema.org","@graph":[{"@type":"WebPage","@id":"https:\/\/shrimataji.org\/test\/sk\/ekologia\/","url":"https:\/\/shrimataji.org\/test\/sk\/ekologia\/","name":"Ekol\u00f3gia SK - TEST - SMND","isPartOf":{"@id":"https:\/\/shrimataji.org\/test\/#website"},"primaryImageOfPage":{"@id":"https:\/\/shrimataji.org\/test\/sk\/ekologia\/#primaryimage"},"image":{"@id":"https:\/\/shrimataji.org\/test\/sk\/ekologia\/#primaryimage"},"thumbnailUrl":"https:\/\/shrimataji.org\/test\/wp-content\/uploads\/2018\/07\/media_originals\/images\/headers-general\/shri-mataji-at-the-krishna-river-in-brahmapuri-india-1985.jpg","datePublished":"2011-02-12T02:00:00+00:00","dateModified":"2026-03-14T00:46:35+00:00","breadcrumb":{"@id":"https:\/\/shrimataji.org\/test\/sk\/ekologia\/#breadcrumb"},"inLanguage":"en-US","potentialAction":[{"@type":"ReadAction","target":["https:\/\/shrimataji.org\/test\/sk\/ekologia\/"]}]},{"@type":"ImageObject","inLanguage":"en-US","@id":"https:\/\/shrimataji.org\/test\/sk\/ekologia\/#primaryimage","url":"https:\/\/shrimataji.org\/test\/wp-content\/uploads\/2018\/07\/media_originals\/images\/headers-general\/shri-mataji-at-the-krishna-river-in-brahmapuri-india-1985.jpg","contentUrl":"https:\/\/shrimataji.org\/test\/wp-content\/uploads\/2018\/07\/media_originals\/images\/headers-general\/shri-mataji-at-the-krishna-river-in-brahmapuri-india-1985.jpg","width":990,"height":350},{"@type":"BreadcrumbList","@id":"https:\/\/shrimataji.org\/test\/sk\/ekologia\/#breadcrumb","itemListElement":[{"@type":"ListItem","position":1,"name":"Home","item":"https:\/\/shrimataji.org\/test\/uk\/home-en\/"},{"@type":"ListItem","position":2,"name":"Ekol\u00f3gia SK"}]},{"@type":"WebSite","@id":"https:\/\/shrimataji.org\/test\/#website","url":"https:\/\/shrimataji.org\/test\/","name":"Shri Mataji Nirmala Devi","description":"A Life Dedicated to Humanity","publisher":{"@id":"https:\/\/shrimataji.org\/test\/#\/schema\/person\/a1b3419c6585f164aa96da1ff85715d1"},"potentialAction":[{"@type":"SearchAction","target":{"@type":"EntryPoint","urlTemplate":"https:\/\/shrimataji.org\/test\/?s={search_term_string}"},"query-input":{"@type":"PropertyValueSpecification","valueRequired":true,"valueName":"search_term_string"}}],"inLanguage":"en-US"},{"@type":["Person","Organization"],"@id":"https:\/\/shrimataji.org\/test\/#\/schema\/person\/a1b3419c6585f164aa96da1ff85715d1","name":"Nirmala Shrivastava","image":{"@type":"ImageObject","inLanguage":"en-US","@id":"https:\/\/shrimataji.org\/test\/wp-content\/uploads\/2023\/02\/SMO_LOGO-03.svg","url":"https:\/\/shrimataji.org\/test\/wp-content\/uploads\/2023\/02\/SMO_LOGO-03.svg","contentUrl":"https:\/\/shrimataji.org\/test\/wp-content\/uploads\/2023\/02\/SMO_LOGO-03.svg","width":"1024","height":"1024","caption":"Nirmala Shrivastava"},"logo":{"@id":"https:\/\/shrimataji.org\/test\/wp-content\/uploads\/2023\/02\/SMO_LOGO-03.svg"},"sameAs":["https:\/\/shrimataji.org\/test","https:\/\/www.facebook.com\/shrimataji","https:\/\/x.com\/shrimataji","https:\/\/www.youtube.com\/@Shri_Mataji_Nirmala_Devi\/featured"]}]}},"lang":"sk","translations":{"sk":12374,"ur":37413,"en":416,"am":17984,"th":19920,"hu":19459,"sq":18385,"zh":17282,"tr":10149,"pt":10362,"de":10636,"fr":10734,"it":10832,"es":10929,"ja":11226,"ru":11414,"bn":11606,"te":11714,"sw":11837,"he":11985,"el":12276,"fa":12472,"fi":12570,"bg":13513,"ro":14588,"cs":14781,"nl":16545,"ku":16705,"ar":16881,"be":18592,"kn":18866,"mr":20284,"uk":20576,"ml":20875,"ta":22700,"sv":22973,"gu":28821,"pa":28979,"fil":29419,"da":37727,"pl":37944,"nn":38279},"pll_sync_post":[],"_links":{"self":[{"href":"https:\/\/shrimataji.org\/test\/wp-json\/wp\/v2\/pages\/12374","targetHints":{"allow":["GET"]}}],"collection":[{"href":"https:\/\/shrimataji.org\/test\/wp-json\/wp\/v2\/pages"}],"about":[{"href":"https:\/\/shrimataji.org\/test\/wp-json\/wp\/v2\/types\/page"}],"author":[{"embeddable":true,"href":"https:\/\/shrimataji.org\/test\/wp-json\/wp\/v2\/users\/1"}],"replies":[{"embeddable":true,"href":"https:\/\/shrimataji.org\/test\/wp-json\/wp\/v2\/comments?post=12374"}],"version-history":[{"count":0,"href":"https:\/\/shrimataji.org\/test\/wp-json\/wp\/v2\/pages\/12374\/revisions"}],"wp:featuredmedia":[{"embeddable":true,"href":"https:\/\/shrimataji.org\/test\/wp-json\/wp\/v2\/media\/126"}],"wp:attachment":[{"href":"https:\/\/shrimataji.org\/test\/wp-json\/wp\/v2\/media?parent=12374"}],"curies":[{"name":"wp","href":"https:\/\/api.w.org\/{rel}","templated":true}]}}