{"id":12376,"date":"2018-07-10T06:54:54","date_gmt":"2018-07-10T06:54:54","guid":{"rendered":"http:\/\/testwordpress.nirmalnagari.org\/smnd\/index.php\/effortless-meditation\/"},"modified":"2026-01-31T07:28:57","modified_gmt":"2026-01-31T07:28:57","slug":"meditacia-bez-usilia","status":"publish","type":"page","link":"https:\/\/shrimataji.org\/test\/sk\/meditacia-bez-usilia\/","title":{"rendered":"Medit\u00e1cia bez \u00fasilia"},"content":{"rendered":"\n\n\t<h1>Medit\u00e1cia bez \u00fasilia<\/h1>\n<h2>V\u00fd\u0148atok z rady poskytnutej v Lond\u00fdne 1. janu\u00e1ra 1980<\/h2>\n\t<p>Rovnako prich\u00e1dzaj\u00fa, s\u00fa vy\u017earovan\u00e9 vibr\u00e1cie. \u010co mus\u00edte urobi\u0165, je vystavi\u0165 sa im. Najlep\u0161ie je nevyv\u00edja\u0165 \u017eiadne \u00fasilie.<\/p>\n<p>Netr\u00e1pte sa, h\u013eadan\u00edm, kde m\u00e1te probl\u00e9m. Len sa netreba b\u00e1\u0165. Jednoducho to pust\u00edte a bude to fungova\u0165 samo. Nemus\u00edte sa teda nijako nam\u00e1ha\u0165. To je medit\u00e1cia.<\/p>\n<p>Medit\u00e1cia znamen\u00e1 vystavi\u0165 sa Bo\u017eej milosti. Milos\u0165 sama vie, ako v\u00e1s vylie\u010di\u0165. Vie, ako v\u00e1s napravi\u0165, ako sa usadi\u0165 vo va\u0161om vlastnom byt\u00ed, ako udr\u017ea\u0165 v\u00e1\u0161ho Ducha zap\u00e1len\u00e9ho. Vie v\u0161etko, tak\u017ee sa nemus\u00edte stara\u0165 o to, \u010do m\u00e1te robi\u0165 alebo ak\u00e9 men\u00e1 si vybra\u0165, ak\u00e9 mantry recitova\u0165. V medit\u00e1cii treba by\u0165 absol\u00fatne bez n\u00e1mahy, \u00faplne sa odda\u0165 a by\u0165 v tom \u010dase absol\u00fatne bezmy\u0161lienok.<\/p>\n<p>Ak nie ste bez my\u0161lienok, treba svoje my\u0161lienky iba sledova\u0165, ale nemie\u0161a\u0165 sa do nich. Postupne zist\u00edte, \u017ee ako ke\u010f vych\u00e1dza slnko, tma odch\u00e1dza a slne\u010dn\u00e9 l\u00fa\u010de prenikaj\u00fa do ka\u017edej \u010dasti a v\u0161etko rozjas\u0148uj\u00fa. Rovnako bude va\u0161a bytos\u0165 \u00faplne osvieten\u00e1. Ale ak po\u010das toho vynalo\u017e\u00edte \u00fasilie alebo sa pok\u00fasite nie\u010do v sebe zastavi\u0165, nestane sa to. Jedin\u00e1 cesta k medit\u00e1cii je stav bez n\u00e1mahy, ale nemali by ste by\u0165 letargick\u00ed. Mali by ste by\u0165 ostra\u017eit\u00ed a sledova\u0165 to.<\/p>\n<p>Druhou str\u00e1nkou m\u00f4\u017ee by\u0165, \u017ee \u013eudia si zdriemnu. Mus\u00edte by\u0165 bdel\u00ed. Ak si zdriemnete, nevypracuje sa to. To je \u010fal\u0161ia str\u00e1nka veci. Ak ste na to leniv\u00ed, ni\u010d sa nevypracuje. Mus\u00edte by\u0165 bdel\u00ed a otvoren\u00ed, absol\u00fatne vedom\u00ed, \u00faplne bez n\u00e1mahy, absol\u00fatne bez \u00fasilia. Ak je to absol\u00fatne bez \u00fasilia, medit\u00e1cia bude fungova\u0165 najlep\u0161ie.<\/p>\n<p>&nbsp;<\/p>\n\t<p><img loading=\"lazy\" decoding=\"async\" src=\"https:\/\/shrimataji.org\/test\/wp-content\/uploads\/2018\/07\/media_originals\/images\/meditation\/effortless-meditation-and-thoughtless-awareness.jpg\" alt=\"Effortless Meditation and Thoughtless Awareness\" width=\"406\" height=\"272\" align=\"left\" \/><\/p>\n\t<p>V\u00f4bec nemyslite na svoje probl\u00e9my. Len sa vystavte vibr\u00e1ci\u00e1m. Ke\u010f svieti slnko, cel\u00e1 pr\u00edroda sa vystavuje slnku a bez n\u00e1mahy prij\u00edma po\u017eehnania slnka. Nevynaklad\u00e1 \u017eiadne \u00fasilie. Len prij\u00edma slnko. Slne\u010dn\u00e9 l\u00fa\u010de za\u010dn\u00fa p\u00f4sobi\u0165. Rovnako za\u010dne p\u00f4sobi\u0165 v\u0161eprenikaj\u00faca sila.<\/p>\n<p>Nem\u00e1te s t\u00fdm manipulova\u0165. Netreba s t\u00fdm ni\u010d robi\u0165. Bu\u010fte bez n\u00e1mahy, absol\u00fatne bez \u00fasilia. Vyprac\u00fava sa to. Bude pracova\u0165 tak dlho, ako len bude m\u00f4c\u0165, a urob\u00ed z\u00e1zrak, ktor\u00fd mus\u00ed urobi\u0165. Nemus\u00edte si s t\u00fdm robi\u0165 starosti. Pozn\u00e1 svoju pr\u00e1cu, ale ke\u010f sa sna\u017e\u00edte, vytv\u00e1rate pre \u0148u bari\u00e9ru. Nie je teda potrebn\u00e9 \u017eiadne \u00fasilie. Bu\u010fte absol\u00fatne bez \u00fasilia a povedzte: &#8220;Nechaj to, nechaj to tak.&#8221; To je v\u0161etko.<\/p>\n<p>&nbsp;<\/p>\n\n","protected":false},"excerpt":{"rendered":"<p>Medit\u00e1cia bez \u00fasilia V\u00fd\u0148atok z rady poskytnutej v Lond\u00fdne 1. janu\u00e1ra 1980 Rovnako prich\u00e1dzaj\u00fa, s\u00fa vy\u017earovan\u00e9 vibr\u00e1cie. \u010co mus\u00edte urobi\u0165, je vystavi\u0165 sa im. Najlep\u0161ie je nevyv\u00edja\u0165 \u017eiadne \u00fasilie. Netr\u00e1pte sa, h\u013eadan\u00edm, kde m\u00e1te probl\u00e9m. Len sa netreba b\u00e1\u0165. Jednoducho to pust\u00edte a bude to fungova\u0165 samo. Nemus\u00edte sa teda nijako nam\u00e1ha\u0165. To je medit\u00e1cia.&hellip; <br \/> <a class=\"read-more\" href=\"https:\/\/shrimataji.org\/test\/sk\/meditacia-bez-usilia\/\">Read more<\/a><\/p>\n","protected":false},"author":28,"featured_media":147,"parent":0,"menu_order":0,"comment_status":"closed","ping_status":"closed","template":"","meta":{"inline_featured_image":false,"footnotes":""},"class_list":["post-12376","page","type-page","status-publish","has-post-thumbnail","hentry"],"yoast_head":"<!-- This site is optimized with the Yoast SEO plugin v27.4 - https:\/\/yoast.com\/product\/yoast-seo-wordpress\/ -->\n<title>Medit\u00e1cia bez \u00fasilia - TEST - SMND<\/title>\n<meta name=\"robots\" content=\"noindex, follow, max-snippet:-1, max-image-preview:large, max-video-preview:-1\" \/>\n<meta property=\"og:locale\" content=\"en_US\" \/>\n<meta property=\"og:type\" content=\"article\" \/>\n<meta property=\"og:title\" content=\"Medit\u00e1cia bez \u00fasilia - TEST - SMND\" \/>\n<meta property=\"og:description\" content=\"Medit\u00e1cia bez \u00fasilia V\u00fd\u0148atok z rady poskytnutej v Lond\u00fdne 1. janu\u00e1ra 1980 Rovnako prich\u00e1dzaj\u00fa, s\u00fa vy\u017earovan\u00e9 vibr\u00e1cie. \u010co mus\u00edte urobi\u0165, je vystavi\u0165 sa im. Najlep\u0161ie je nevyv\u00edja\u0165 \u017eiadne \u00fasilie. Netr\u00e1pte sa, h\u013eadan\u00edm, kde m\u00e1te probl\u00e9m. Len sa netreba b\u00e1\u0165. Jednoducho to pust\u00edte a bude to fungova\u0165 samo. Nemus\u00edte sa teda nijako nam\u00e1ha\u0165. To je medit\u00e1cia.&hellip; Read more\" \/>\n<meta property=\"og:url\" content=\"https:\/\/shrimataji.org\/test\/sk\/meditacia-bez-usilia\/\" \/>\n<meta property=\"og:site_name\" content=\"TEST - SMND\" \/>\n<meta property=\"article:publisher\" content=\"https:\/\/www.facebook.com\/shrimataji\" \/>\n<meta property=\"article:modified_time\" content=\"2026-01-31T07:28:57+00:00\" \/>\n<meta property=\"og:image\" content=\"https:\/\/shrimataji.org\/test\/wp-content\/uploads\/2018\/07\/media_originals\/images\/headers-general\/effortless-sahaja-yoga-meditation.jpg\" \/>\n\t<meta property=\"og:image:width\" content=\"990\" \/>\n\t<meta property=\"og:image:height\" content=\"350\" \/>\n\t<meta property=\"og:image:type\" content=\"image\/jpeg\" \/>\n<meta name=\"twitter:card\" content=\"summary_large_image\" \/>\n<meta name=\"twitter:site\" content=\"@shrimataji\" \/>\n<script type=\"application\/ld+json\" class=\"yoast-schema-graph\">{\"@context\":\"https:\\\/\\\/schema.org\",\"@graph\":[{\"@type\":\"WebPage\",\"@id\":\"https:\\\/\\\/shrimataji.org\\\/test\\\/sk\\\/meditacia-bez-usilia\\\/\",\"url\":\"https:\\\/\\\/shrimataji.org\\\/test\\\/sk\\\/meditacia-bez-usilia\\\/\",\"name\":\"Medit\u00e1cia bez \u00fasilia - TEST - SMND\",\"isPartOf\":{\"@id\":\"https:\\\/\\\/shrimataji.org\\\/test\\\/#website\"},\"primaryImageOfPage\":{\"@id\":\"https:\\\/\\\/shrimataji.org\\\/test\\\/sk\\\/meditacia-bez-usilia\\\/#primaryimage\"},\"image\":{\"@id\":\"https:\\\/\\\/shrimataji.org\\\/test\\\/sk\\\/meditacia-bez-usilia\\\/#primaryimage\"},\"thumbnailUrl\":\"https:\\\/\\\/shrimataji.org\\\/test\\\/wp-content\\\/uploads\\\/2018\\\/07\\\/media_originals\\\/images\\\/headers-general\\\/effortless-sahaja-yoga-meditation.jpg\",\"datePublished\":\"2018-07-10T06:54:54+00:00\",\"dateModified\":\"2026-01-31T07:28:57+00:00\",\"breadcrumb\":{\"@id\":\"https:\\\/\\\/shrimataji.org\\\/test\\\/sk\\\/meditacia-bez-usilia\\\/#breadcrumb\"},\"inLanguage\":\"en-US\",\"potentialAction\":[{\"@type\":\"ReadAction\",\"target\":[\"https:\\\/\\\/shrimataji.org\\\/test\\\/sk\\\/meditacia-bez-usilia\\\/\"]}]},{\"@type\":\"ImageObject\",\"inLanguage\":\"en-US\",\"@id\":\"https:\\\/\\\/shrimataji.org\\\/test\\\/sk\\\/meditacia-bez-usilia\\\/#primaryimage\",\"url\":\"https:\\\/\\\/shrimataji.org\\\/test\\\/wp-content\\\/uploads\\\/2018\\\/07\\\/media_originals\\\/images\\\/headers-general\\\/effortless-sahaja-yoga-meditation.jpg\",\"contentUrl\":\"https:\\\/\\\/shrimataji.org\\\/test\\\/wp-content\\\/uploads\\\/2018\\\/07\\\/media_originals\\\/images\\\/headers-general\\\/effortless-sahaja-yoga-meditation.jpg\",\"width\":990,\"height\":350},{\"@type\":\"BreadcrumbList\",\"@id\":\"https:\\\/\\\/shrimataji.org\\\/test\\\/sk\\\/meditacia-bez-usilia\\\/#breadcrumb\",\"itemListElement\":[{\"@type\":\"ListItem\",\"position\":1,\"name\":\"Home\",\"item\":\"https:\\\/\\\/shrimataji.org\\\/test\\\/uk\\\/home-en\\\/\"},{\"@type\":\"ListItem\",\"position\":2,\"name\":\"Medit\u00e1cia bez \u00fasilia\"}]},{\"@type\":\"WebSite\",\"@id\":\"https:\\\/\\\/shrimataji.org\\\/test\\\/#website\",\"url\":\"https:\\\/\\\/shrimataji.org\\\/test\\\/\",\"name\":\"Shri Mataji Nirmala Devi\",\"description\":\"A Life Dedicated to Humanity\",\"publisher\":{\"@id\":\"https:\\\/\\\/shrimataji.org\\\/test\\\/#\\\/schema\\\/person\\\/a1b3419c6585f164aa96da1ff85715d1\"},\"potentialAction\":[{\"@type\":\"SearchAction\",\"target\":{\"@type\":\"EntryPoint\",\"urlTemplate\":\"https:\\\/\\\/shrimataji.org\\\/test\\\/?s={search_term_string}\"},\"query-input\":{\"@type\":\"PropertyValueSpecification\",\"valueRequired\":true,\"valueName\":\"search_term_string\"}}],\"inLanguage\":\"en-US\"},{\"@type\":[\"Person\",\"Organization\"],\"@id\":\"https:\\\/\\\/shrimataji.org\\\/test\\\/#\\\/schema\\\/person\\\/a1b3419c6585f164aa96da1ff85715d1\",\"name\":\"Nirmala Shrivastava\",\"image\":{\"@type\":\"ImageObject\",\"inLanguage\":\"en-US\",\"@id\":\"https:\\\/\\\/shrimataji.org\\\/test\\\/wp-content\\\/uploads\\\/2023\\\/02\\\/SMO_LOGO-03.svg\",\"url\":\"https:\\\/\\\/shrimataji.org\\\/test\\\/wp-content\\\/uploads\\\/2023\\\/02\\\/SMO_LOGO-03.svg\",\"contentUrl\":\"https:\\\/\\\/shrimataji.org\\\/test\\\/wp-content\\\/uploads\\\/2023\\\/02\\\/SMO_LOGO-03.svg\",\"width\":\"1024\",\"height\":\"1024\",\"caption\":\"Nirmala Shrivastava\"},\"logo\":{\"@id\":\"https:\\\/\\\/shrimataji.org\\\/test\\\/wp-content\\\/uploads\\\/2023\\\/02\\\/SMO_LOGO-03.svg\"},\"sameAs\":[\"https:\\\/\\\/shrimataji.org\\\/test\",\"https:\\\/\\\/www.facebook.com\\\/shrimataji\",\"https:\\\/\\\/x.com\\\/shrimataji\",\"https:\\\/\\\/www.youtube.com\\\/@Shri_Mataji_Nirmala_Devi\\\/featured\"]}]}<\/script>\n<!-- \/ Yoast SEO plugin. -->","yoast_head_json":{"title":"Medit\u00e1cia bez \u00fasilia - TEST - SMND","robots":{"index":"noindex","follow":"follow","max-snippet":"max-snippet:-1","max-image-preview":"max-image-preview:large","max-video-preview":"max-video-preview:-1"},"og_locale":"en_US","og_type":"article","og_title":"Medit\u00e1cia bez \u00fasilia - TEST - SMND","og_description":"Medit\u00e1cia bez \u00fasilia V\u00fd\u0148atok z rady poskytnutej v Lond\u00fdne 1. janu\u00e1ra 1980 Rovnako prich\u00e1dzaj\u00fa, s\u00fa vy\u017earovan\u00e9 vibr\u00e1cie. \u010co mus\u00edte urobi\u0165, je vystavi\u0165 sa im. Najlep\u0161ie je nevyv\u00edja\u0165 \u017eiadne \u00fasilie. Netr\u00e1pte sa, h\u013eadan\u00edm, kde m\u00e1te probl\u00e9m. Len sa netreba b\u00e1\u0165. Jednoducho to pust\u00edte a bude to fungova\u0165 samo. Nemus\u00edte sa teda nijako nam\u00e1ha\u0165. To je medit\u00e1cia.&hellip; Read more","og_url":"https:\/\/shrimataji.org\/test\/sk\/meditacia-bez-usilia\/","og_site_name":"TEST - SMND","article_publisher":"https:\/\/www.facebook.com\/shrimataji","article_modified_time":"2026-01-31T07:28:57+00:00","og_image":[{"width":990,"height":350,"url":"https:\/\/shrimataji.org\/test\/wp-content\/uploads\/2018\/07\/media_originals\/images\/headers-general\/effortless-sahaja-yoga-meditation.jpg","type":"image\/jpeg"}],"twitter_card":"summary_large_image","twitter_site":"@shrimataji","schema":{"@context":"https:\/\/schema.org","@graph":[{"@type":"WebPage","@id":"https:\/\/shrimataji.org\/test\/sk\/meditacia-bez-usilia\/","url":"https:\/\/shrimataji.org\/test\/sk\/meditacia-bez-usilia\/","name":"Medit\u00e1cia bez \u00fasilia - TEST - SMND","isPartOf":{"@id":"https:\/\/shrimataji.org\/test\/#website"},"primaryImageOfPage":{"@id":"https:\/\/shrimataji.org\/test\/sk\/meditacia-bez-usilia\/#primaryimage"},"image":{"@id":"https:\/\/shrimataji.org\/test\/sk\/meditacia-bez-usilia\/#primaryimage"},"thumbnailUrl":"https:\/\/shrimataji.org\/test\/wp-content\/uploads\/2018\/07\/media_originals\/images\/headers-general\/effortless-sahaja-yoga-meditation.jpg","datePublished":"2018-07-10T06:54:54+00:00","dateModified":"2026-01-31T07:28:57+00:00","breadcrumb":{"@id":"https:\/\/shrimataji.org\/test\/sk\/meditacia-bez-usilia\/#breadcrumb"},"inLanguage":"en-US","potentialAction":[{"@type":"ReadAction","target":["https:\/\/shrimataji.org\/test\/sk\/meditacia-bez-usilia\/"]}]},{"@type":"ImageObject","inLanguage":"en-US","@id":"https:\/\/shrimataji.org\/test\/sk\/meditacia-bez-usilia\/#primaryimage","url":"https:\/\/shrimataji.org\/test\/wp-content\/uploads\/2018\/07\/media_originals\/images\/headers-general\/effortless-sahaja-yoga-meditation.jpg","contentUrl":"https:\/\/shrimataji.org\/test\/wp-content\/uploads\/2018\/07\/media_originals\/images\/headers-general\/effortless-sahaja-yoga-meditation.jpg","width":990,"height":350},{"@type":"BreadcrumbList","@id":"https:\/\/shrimataji.org\/test\/sk\/meditacia-bez-usilia\/#breadcrumb","itemListElement":[{"@type":"ListItem","position":1,"name":"Home","item":"https:\/\/shrimataji.org\/test\/uk\/home-en\/"},{"@type":"ListItem","position":2,"name":"Medit\u00e1cia bez \u00fasilia"}]},{"@type":"WebSite","@id":"https:\/\/shrimataji.org\/test\/#website","url":"https:\/\/shrimataji.org\/test\/","name":"Shri Mataji Nirmala Devi","description":"A Life Dedicated to Humanity","publisher":{"@id":"https:\/\/shrimataji.org\/test\/#\/schema\/person\/a1b3419c6585f164aa96da1ff85715d1"},"potentialAction":[{"@type":"SearchAction","target":{"@type":"EntryPoint","urlTemplate":"https:\/\/shrimataji.org\/test\/?s={search_term_string}"},"query-input":{"@type":"PropertyValueSpecification","valueRequired":true,"valueName":"search_term_string"}}],"inLanguage":"en-US"},{"@type":["Person","Organization"],"@id":"https:\/\/shrimataji.org\/test\/#\/schema\/person\/a1b3419c6585f164aa96da1ff85715d1","name":"Nirmala Shrivastava","image":{"@type":"ImageObject","inLanguage":"en-US","@id":"https:\/\/shrimataji.org\/test\/wp-content\/uploads\/2023\/02\/SMO_LOGO-03.svg","url":"https:\/\/shrimataji.org\/test\/wp-content\/uploads\/2023\/02\/SMO_LOGO-03.svg","contentUrl":"https:\/\/shrimataji.org\/test\/wp-content\/uploads\/2023\/02\/SMO_LOGO-03.svg","width":"1024","height":"1024","caption":"Nirmala Shrivastava"},"logo":{"@id":"https:\/\/shrimataji.org\/test\/wp-content\/uploads\/2023\/02\/SMO_LOGO-03.svg"},"sameAs":["https:\/\/shrimataji.org\/test","https:\/\/www.facebook.com\/shrimataji","https:\/\/x.com\/shrimataji","https:\/\/www.youtube.com\/@Shri_Mataji_Nirmala_Devi\/featured"]}]}},"lang":"sk","translations":{"sk":12376,"ur":37417,"en":451,"am":17988,"th":19926,"hu":19463,"sq":18389,"zh":17286,"tr":10151,"pt":10364,"de":10638,"fr":10736,"it":10834,"es":10931,"ja":11228,"ru":11416,"bn":11608,"te":11716,"sw":11839,"he":11987,"el":12278,"fa":12474,"fi":12572,"bg":13433,"ro":14507,"cs":14700,"nl":16549,"ku":16709,"ar":16885,"be":18596,"kn":18870,"mr":20290,"uk":20582,"ml":20881,"ta":22704,"sv":22977,"gu":28825,"pa":28983,"fil":29423,"da":37731,"pl":37948,"nn":38283},"pll_sync_post":[],"_links":{"self":[{"href":"https:\/\/shrimataji.org\/test\/wp-json\/wp\/v2\/pages\/12376","targetHints":{"allow":["GET"]}}],"collection":[{"href":"https:\/\/shrimataji.org\/test\/wp-json\/wp\/v2\/pages"}],"about":[{"href":"https:\/\/shrimataji.org\/test\/wp-json\/wp\/v2\/types\/page"}],"author":[{"embeddable":true,"href":"https:\/\/shrimataji.org\/test\/wp-json\/wp\/v2\/users\/28"}],"replies":[{"embeddable":true,"href":"https:\/\/shrimataji.org\/test\/wp-json\/wp\/v2\/comments?post=12376"}],"version-history":[{"count":0,"href":"https:\/\/shrimataji.org\/test\/wp-json\/wp\/v2\/pages\/12376\/revisions"}],"wp:featuredmedia":[{"embeddable":true,"href":"https:\/\/shrimataji.org\/test\/wp-json\/wp\/v2\/media\/147"}],"wp:attachment":[{"href":"https:\/\/shrimataji.org\/test\/wp-json\/wp\/v2\/media?parent=12376"}],"curies":[{"name":"wp","href":"https:\/\/api.w.org\/{rel}","templated":true}]}}