{"id":12381,"date":"2018-07-10T06:54:42","date_gmt":"2018-07-10T06:54:42","guid":{"rendered":"http:\/\/testwordpress.nirmalnagari.org\/smnd\/index.php\/family\/"},"modified":"2026-02-19T16:10:56","modified_gmt":"2026-02-19T16:10:56","slug":"rodina","status":"publish","type":"page","link":"https:\/\/shrimataji.org\/test\/sk\/rodina\/","title":{"rendered":"Rodina"},"content":{"rendered":"\n\n\t<h1>Rodina<\/h1>\n<h2>Osvieten\u00e1 v\u00fdchova<\/h2>\n\t<h4>\u0160ri Matad\u017ei, roden\u00e1 Nirmala Salve, sa narodila v sl\u00e1vnej rodine poch\u00e1dzaj\u00facej z indickej kr\u00e1\u013eovskej dynastie Shalivahana. Charakter tejto v\u00fdnimo\u010dnej rodiny sa formoval gener\u00e1ciami, tak ako aj nekompromisn\u00e9 dodr\u017eiavanie najvy\u0161\u0161\u00edch mor\u00e1lnych a etick\u00fdch noriem.<\/h4>\n\t<p>V rozpore s trad\u00edciou a v\u0161eobecne uzn\u00e1vanou vierou predkovia \u0160ri Matad\u017ei konvertovali na kres\u0165anstvo, ke\u010f videli, ako kruto sa v tom \u010dase zaobch\u00e1dzalo s hinduistick\u00fdmi vdovami, najm\u00e4 s detsk\u00fdmi vdovami.<\/p>\n<p>Jej brat, H.P. Salve, op\u00edsal vo svojich Spomienkach svoju star\u00fa mamu, ktor\u00e1 bola tie\u017e mladu\u010dkou vdovou, ako \u201eve\u013ek\u00fa osobnos\u0165 pln\u00fa odvahy a sily presved\u010denia v boji proti nespravodlivosti; osobu, ktor\u00e1 bola na jednej strane ve\u013emi udatn\u00e1 a odv\u00e1\u017ena a na druhej strane materinsky l\u00e1skav\u00e1 a dobrotiv\u00e1 k svojim de\u0165om.&#8221; &#8220;Zd\u00f4raz\u0148ujem to, preto\u017ee v\u0161etky tieto vlastnosti prenikli do jej det\u00ed a vn\u00fa\u010dat, obzvl\u00e1\u0161\u0165 do \u0160ri Matad\u017ei.&#8221;<\/p>\n<p>Rodi\u010dia \u0160ri Matad\u017ei pokra\u010dovali v trad\u00edcii a \u017eivot zasv\u00e4tili spravodlivosti a rovnosti. Pripojili sa k Mah\u00e1tmovi G\u00e1ndh\u00edmu v boji za indick\u00fa nez\u00e1vislos\u0165 a v rodine sa ch\u00e1palo, \u017ee nik neron\u00ed slzy, ke\u010f bol niekto z rodiny zatknut\u00fd a uv\u00e4znen\u00fd. Po z\u00edskan\u00ed nez\u00e1vislosti Indie jej otec a viacer\u00ed s\u00farodenci sl\u00fa\u017eili v novovytvorenej vl\u00e1de.<\/p>\n<p>Man\u017eel \u0160ri Matad\u017ei, Sir C.P. Srivastava, tie\u017e viedol pr\u00edkladn\u00fd, oddan\u00fd \u017eivot na najvy\u0161\u0161ej \u00farovni verejnej slu\u017eby. Medzi jeho knihy patr\u00ed biografia Lal Bahadur Shastri: Life of Truth in Politics <a href=\"https:\/\/shrimataji.org\/test\/sk\/rodina\/#citation-note-1\" rel=\"noopener\">[1]<\/a> a Corruption: India&#8217;s Enemy Within.\u00a0 <a href=\"https:\/\/shrimataji.org\/test\/sk\/rodina\/#citation-note-2\" rel=\"noopener\">[2]<\/a><\/p>\n\t<p>\u0160ri Matad\u017ei zomrela v roku 2011 a zostali po nej dve dc\u00e9ry, \u0161tyri vn\u00fa\u010dat\u00e1 a mnoho pravn\u00fa\u010dat.<\/p>\n\t<div class=\"epyt-video-wrapper\"><div  data-ep-a=\"fadeIn\"  style=\"display: block; margin: 0px auto;\"  id=\"_ytid_78419\"  width=\"3840\" height=\"2160\"  data-origwidth=\"3840\" data-origheight=\"2160\" data-facadesrc=\"https:\/\/www.youtube.com\/embed\/BlhbfY8PoHs?enablejsapi=1&autoplay=0&cc_load_policy=0&cc_lang_pref=&iv_load_policy=1&loop=0&rel=0&fs=1&playsinline=1&autohide=2&theme=dark&color=red&controls=1&disablekb=0&\" class=\"__youtube_prefs__ epyt-facade  no-lazyload\" data-epautoplay=\"1\" ><img decoding=\"async\" data-spai-excluded=\"true\" class=\"epyt-facade-poster skip-lazy\" loading=\"lazy\"  alt=\"YouTube player\"  src=\"https:\/\/i.ytimg.com\/vi\/BlhbfY8PoHs\/maxresdefault.jpg\"  \/><button class=\"epyt-facade-play\" aria-label=\"Play\"><svg data-no-lazy=\"1\" height=\"100%\" version=\"1.1\" viewBox=\"0 0 68 48\" width=\"100%\"><path class=\"ytp-large-play-button-bg\" d=\"M66.52,7.74c-0.78-2.93-2.49-5.41-5.42-6.19C55.79,.13,34,0,34,0S12.21,.13,6.9,1.55 C3.97,2.33,2.27,4.81,1.48,7.74C0.06,13.05,0,24,0,24s0.06,10.95,1.48,16.26c0.78,2.93,2.49,5.41,5.42,6.19 C12.21,47.87,34,48,34,48s21.79-0.13,27.1-1.55c2.93-0.78,4.64-3.26,5.42-6.19C67.94,34.95,68,24,68,24S67.94,13.05,66.52,7.74z\" fill=\"#f00\"><\/path><path d=\"M 45,24 27,14 27,34\" fill=\"#fff\"><\/path><\/svg><\/button><\/div><\/div><span itemprop=\"video\" itemscope itemtype=\"http:\/\/schema.org\/VideoObject\"><meta itemprop=\"embedUrl\" content=\"https:\/\/www.youtube.com\/embed\/BlhbfY8PoHs\"><meta itemprop=\"name\" content=\"Remembering Their Mother\"><meta itemprop=\"description\" content=\"Shri Mataji&#039;s daughters describe the extent of their mother&#039;s travels and global duties. They describe the experience of sharing a mother with the world. &#039;She became renowned all over the world, but to me always a mother.&#039; They recall the strong mother of childhood, keen that her children be correct and dharmic. Shri Mataji emphasized that her children should never do anything wrong. More videos at: http:\/\/ShriMataji.org ~ A Life Dedicated to Humanity ~\"><meta itemprop=\"thumbnailUrl\" content=\"https:\/\/i.ytimg.com\/vi\/BlhbfY8PoHs\/0.jpg\"><meta itemprop=\"duration\" content=\"PT3M13S\"><meta itemprop=\"uploadDate\" content=\"2020-07-20T00:11:57Z\"><\/span>\n\t<h5>&#8220;V t\u00fdch \u010dasoch nebol konzum, \u017eili sme jednoducho. Tie\u017e si mysl\u00edm, \u017ee medzi gener\u00e1ciami nebolo to\u013eko konfliktov, v rodin\u00e1ch b\u00fdvalo dobre.<\/h5>\n<h5>Dc\u00e9ra \u0160ri Matad\u017ei Sadhana Varma&#8221;<\/h5>\n\t<hr \/>\n<a name=\"citation-note-1\"><\/a><br \/>\n [1]  C. P. Srivastava, &#8216;Lal Bahadur Shastri: A Life of Truth in Politics&#8217; New Delhi: Oxford University Press, 1995.\n<a name=\"citation-note-2\"><\/a><br \/>\n [2] C. P. Srivastava, &#8216;Corruption: India&#8217;s Enemy Within&#8217; New Delhi: Macmillan India, 2001.\n\n","protected":false},"excerpt":{"rendered":"<p>Rodina Osvieten\u00e1 v\u00fdchova \u0160ri Matad\u017ei, roden\u00e1 Nirmala Salve, sa narodila v sl\u00e1vnej rodine poch\u00e1dzaj\u00facej z indickej kr\u00e1\u013eovskej dynastie Shalivahana. Charakter tejto v\u00fdnimo\u010dnej rodiny sa formoval gener\u00e1ciami, tak ako aj nekompromisn\u00e9 dodr\u017eiavanie najvy\u0161\u0161\u00edch mor\u00e1lnych a etick\u00fdch noriem. V rozpore s trad\u00edciou a v\u0161eobecne uzn\u00e1vanou vierou predkovia \u0160ri Matad\u017ei konvertovali na kres\u0165anstvo, ke\u010f videli, ako kruto sa&hellip; <br \/> <a class=\"read-more\" href=\"https:\/\/shrimataji.org\/test\/sk\/rodina\/\">Read more<\/a><\/p>\n","protected":false},"author":28,"featured_media":9511,"parent":0,"menu_order":0,"comment_status":"closed","ping_status":"closed","template":"","meta":{"inline_featured_image":false,"footnotes":""},"class_list":["post-12381","page","type-page","status-publish","has-post-thumbnail","hentry"],"yoast_head":"<!-- This site is optimized with the Yoast SEO plugin v27.4 - https:\/\/yoast.com\/product\/yoast-seo-wordpress\/ -->\n<title>Rodina - TEST - SMND<\/title>\n<meta name=\"robots\" content=\"noindex, follow, max-snippet:-1, max-image-preview:large, max-video-preview:-1\" \/>\n<meta property=\"og:locale\" content=\"en_US\" \/>\n<meta property=\"og:type\" content=\"article\" \/>\n<meta property=\"og:title\" content=\"Rodina - TEST - SMND\" \/>\n<meta property=\"og:description\" content=\"Rodina Osvieten\u00e1 v\u00fdchova \u0160ri Matad\u017ei, roden\u00e1 Nirmala Salve, sa narodila v sl\u00e1vnej rodine poch\u00e1dzaj\u00facej z indickej kr\u00e1\u013eovskej dynastie Shalivahana. Charakter tejto v\u00fdnimo\u010dnej rodiny sa formoval gener\u00e1ciami, tak ako aj nekompromisn\u00e9 dodr\u017eiavanie najvy\u0161\u0161\u00edch mor\u00e1lnych a etick\u00fdch noriem. V rozpore s trad\u00edciou a v\u0161eobecne uzn\u00e1vanou vierou predkovia \u0160ri Matad\u017ei konvertovali na kres\u0165anstvo, ke\u010f videli, ako kruto sa&hellip; Read more\" \/>\n<meta property=\"og:url\" content=\"https:\/\/shrimataji.org\/test\/sk\/rodina\/\" \/>\n<meta property=\"og:site_name\" content=\"TEST - SMND\" \/>\n<meta property=\"article:publisher\" content=\"https:\/\/www.facebook.com\/shrimataji\" \/>\n<meta property=\"article:modified_time\" content=\"2026-02-19T16:10:56+00:00\" \/>\n<meta property=\"og:image\" content=\"https:\/\/shrimataji.org\/test\/wp-content\/uploads\/2023\/03\/6_Banner-Family-scaled.jpg\" \/>\n\t<meta property=\"og:image:width\" content=\"2560\" \/>\n\t<meta property=\"og:image:height\" content=\"905\" \/>\n\t<meta property=\"og:image:type\" content=\"image\/jpeg\" \/>\n<meta name=\"twitter:card\" content=\"summary_large_image\" \/>\n<meta name=\"twitter:site\" content=\"@shrimataji\" \/>\n<meta name=\"twitter:label1\" content=\"Est. reading time\" \/>\n\t<meta name=\"twitter:data1\" content=\"2 minutes\" \/>\n<script type=\"application\/ld+json\" class=\"yoast-schema-graph\">{\"@context\":\"https:\\\/\\\/schema.org\",\"@graph\":[{\"@type\":\"WebPage\",\"@id\":\"https:\\\/\\\/shrimataji.org\\\/test\\\/sk\\\/rodina\\\/\",\"url\":\"https:\\\/\\\/shrimataji.org\\\/test\\\/sk\\\/rodina\\\/\",\"name\":\"Rodina - TEST - SMND\",\"isPartOf\":{\"@id\":\"https:\\\/\\\/shrimataji.org\\\/test\\\/#website\"},\"primaryImageOfPage\":{\"@id\":\"https:\\\/\\\/shrimataji.org\\\/test\\\/sk\\\/rodina\\\/#primaryimage\"},\"image\":{\"@id\":\"https:\\\/\\\/shrimataji.org\\\/test\\\/sk\\\/rodina\\\/#primaryimage\"},\"thumbnailUrl\":\"https:\\\/\\\/shrimataji.org\\\/test\\\/wp-content\\\/uploads\\\/2023\\\/03\\\/6_Banner-Family-scaled.jpg\",\"datePublished\":\"2018-07-10T06:54:42+00:00\",\"dateModified\":\"2026-02-19T16:10:56+00:00\",\"breadcrumb\":{\"@id\":\"https:\\\/\\\/shrimataji.org\\\/test\\\/sk\\\/rodina\\\/#breadcrumb\"},\"inLanguage\":\"en-US\",\"potentialAction\":[{\"@type\":\"ReadAction\",\"target\":[\"https:\\\/\\\/shrimataji.org\\\/test\\\/sk\\\/rodina\\\/\"]}]},{\"@type\":\"ImageObject\",\"inLanguage\":\"en-US\",\"@id\":\"https:\\\/\\\/shrimataji.org\\\/test\\\/sk\\\/rodina\\\/#primaryimage\",\"url\":\"https:\\\/\\\/shrimataji.org\\\/test\\\/wp-content\\\/uploads\\\/2023\\\/03\\\/6_Banner-Family-scaled.jpg\",\"contentUrl\":\"https:\\\/\\\/shrimataji.org\\\/test\\\/wp-content\\\/uploads\\\/2023\\\/03\\\/6_Banner-Family-scaled.jpg\",\"width\":2560,\"height\":905},{\"@type\":\"BreadcrumbList\",\"@id\":\"https:\\\/\\\/shrimataji.org\\\/test\\\/sk\\\/rodina\\\/#breadcrumb\",\"itemListElement\":[{\"@type\":\"ListItem\",\"position\":1,\"name\":\"Home\",\"item\":\"https:\\\/\\\/shrimataji.org\\\/test\\\/uk\\\/home-en\\\/\"},{\"@type\":\"ListItem\",\"position\":2,\"name\":\"Rodina\"}]},{\"@type\":\"WebSite\",\"@id\":\"https:\\\/\\\/shrimataji.org\\\/test\\\/#website\",\"url\":\"https:\\\/\\\/shrimataji.org\\\/test\\\/\",\"name\":\"Shri Mataji Nirmala Devi\",\"description\":\"A Life Dedicated to Humanity\",\"publisher\":{\"@id\":\"https:\\\/\\\/shrimataji.org\\\/test\\\/#\\\/schema\\\/person\\\/a1b3419c6585f164aa96da1ff85715d1\"},\"potentialAction\":[{\"@type\":\"SearchAction\",\"target\":{\"@type\":\"EntryPoint\",\"urlTemplate\":\"https:\\\/\\\/shrimataji.org\\\/test\\\/?s={search_term_string}\"},\"query-input\":{\"@type\":\"PropertyValueSpecification\",\"valueRequired\":true,\"valueName\":\"search_term_string\"}}],\"inLanguage\":\"en-US\"},{\"@type\":[\"Person\",\"Organization\"],\"@id\":\"https:\\\/\\\/shrimataji.org\\\/test\\\/#\\\/schema\\\/person\\\/a1b3419c6585f164aa96da1ff85715d1\",\"name\":\"Nirmala Shrivastava\",\"image\":{\"@type\":\"ImageObject\",\"inLanguage\":\"en-US\",\"@id\":\"https:\\\/\\\/shrimataji.org\\\/test\\\/wp-content\\\/uploads\\\/2023\\\/02\\\/SMO_LOGO-03.svg\",\"url\":\"https:\\\/\\\/shrimataji.org\\\/test\\\/wp-content\\\/uploads\\\/2023\\\/02\\\/SMO_LOGO-03.svg\",\"contentUrl\":\"https:\\\/\\\/shrimataji.org\\\/test\\\/wp-content\\\/uploads\\\/2023\\\/02\\\/SMO_LOGO-03.svg\",\"width\":\"1024\",\"height\":\"1024\",\"caption\":\"Nirmala Shrivastava\"},\"logo\":{\"@id\":\"https:\\\/\\\/shrimataji.org\\\/test\\\/wp-content\\\/uploads\\\/2023\\\/02\\\/SMO_LOGO-03.svg\"},\"sameAs\":[\"https:\\\/\\\/shrimataji.org\\\/test\",\"https:\\\/\\\/www.facebook.com\\\/shrimataji\",\"https:\\\/\\\/x.com\\\/shrimataji\",\"https:\\\/\\\/www.youtube.com\\\/@Shri_Mataji_Nirmala_Devi\\\/featured\"]}]}<\/script>\n<!-- \/ Yoast SEO plugin. -->","yoast_head_json":{"title":"Rodina - TEST - SMND","robots":{"index":"noindex","follow":"follow","max-snippet":"max-snippet:-1","max-image-preview":"max-image-preview:large","max-video-preview":"max-video-preview:-1"},"og_locale":"en_US","og_type":"article","og_title":"Rodina - TEST - SMND","og_description":"Rodina Osvieten\u00e1 v\u00fdchova \u0160ri Matad\u017ei, roden\u00e1 Nirmala Salve, sa narodila v sl\u00e1vnej rodine poch\u00e1dzaj\u00facej z indickej kr\u00e1\u013eovskej dynastie Shalivahana. Charakter tejto v\u00fdnimo\u010dnej rodiny sa formoval gener\u00e1ciami, tak ako aj nekompromisn\u00e9 dodr\u017eiavanie najvy\u0161\u0161\u00edch mor\u00e1lnych a etick\u00fdch noriem. V rozpore s trad\u00edciou a v\u0161eobecne uzn\u00e1vanou vierou predkovia \u0160ri Matad\u017ei konvertovali na kres\u0165anstvo, ke\u010f videli, ako kruto sa&hellip; Read more","og_url":"https:\/\/shrimataji.org\/test\/sk\/rodina\/","og_site_name":"TEST - SMND","article_publisher":"https:\/\/www.facebook.com\/shrimataji","article_modified_time":"2026-02-19T16:10:56+00:00","og_image":[{"width":2560,"height":905,"url":"https:\/\/shrimataji.org\/test\/wp-content\/uploads\/2023\/03\/6_Banner-Family-scaled.jpg","type":"image\/jpeg"}],"twitter_card":"summary_large_image","twitter_site":"@shrimataji","twitter_misc":{"Est. reading time":"2 minutes"},"schema":{"@context":"https:\/\/schema.org","@graph":[{"@type":"WebPage","@id":"https:\/\/shrimataji.org\/test\/sk\/rodina\/","url":"https:\/\/shrimataji.org\/test\/sk\/rodina\/","name":"Rodina - TEST - SMND","isPartOf":{"@id":"https:\/\/shrimataji.org\/test\/#website"},"primaryImageOfPage":{"@id":"https:\/\/shrimataji.org\/test\/sk\/rodina\/#primaryimage"},"image":{"@id":"https:\/\/shrimataji.org\/test\/sk\/rodina\/#primaryimage"},"thumbnailUrl":"https:\/\/shrimataji.org\/test\/wp-content\/uploads\/2023\/03\/6_Banner-Family-scaled.jpg","datePublished":"2018-07-10T06:54:42+00:00","dateModified":"2026-02-19T16:10:56+00:00","breadcrumb":{"@id":"https:\/\/shrimataji.org\/test\/sk\/rodina\/#breadcrumb"},"inLanguage":"en-US","potentialAction":[{"@type":"ReadAction","target":["https:\/\/shrimataji.org\/test\/sk\/rodina\/"]}]},{"@type":"ImageObject","inLanguage":"en-US","@id":"https:\/\/shrimataji.org\/test\/sk\/rodina\/#primaryimage","url":"https:\/\/shrimataji.org\/test\/wp-content\/uploads\/2023\/03\/6_Banner-Family-scaled.jpg","contentUrl":"https:\/\/shrimataji.org\/test\/wp-content\/uploads\/2023\/03\/6_Banner-Family-scaled.jpg","width":2560,"height":905},{"@type":"BreadcrumbList","@id":"https:\/\/shrimataji.org\/test\/sk\/rodina\/#breadcrumb","itemListElement":[{"@type":"ListItem","position":1,"name":"Home","item":"https:\/\/shrimataji.org\/test\/uk\/home-en\/"},{"@type":"ListItem","position":2,"name":"Rodina"}]},{"@type":"WebSite","@id":"https:\/\/shrimataji.org\/test\/#website","url":"https:\/\/shrimataji.org\/test\/","name":"Shri Mataji Nirmala Devi","description":"A Life Dedicated to Humanity","publisher":{"@id":"https:\/\/shrimataji.org\/test\/#\/schema\/person\/a1b3419c6585f164aa96da1ff85715d1"},"potentialAction":[{"@type":"SearchAction","target":{"@type":"EntryPoint","urlTemplate":"https:\/\/shrimataji.org\/test\/?s={search_term_string}"},"query-input":{"@type":"PropertyValueSpecification","valueRequired":true,"valueName":"search_term_string"}}],"inLanguage":"en-US"},{"@type":["Person","Organization"],"@id":"https:\/\/shrimataji.org\/test\/#\/schema\/person\/a1b3419c6585f164aa96da1ff85715d1","name":"Nirmala Shrivastava","image":{"@type":"ImageObject","inLanguage":"en-US","@id":"https:\/\/shrimataji.org\/test\/wp-content\/uploads\/2023\/02\/SMO_LOGO-03.svg","url":"https:\/\/shrimataji.org\/test\/wp-content\/uploads\/2023\/02\/SMO_LOGO-03.svg","contentUrl":"https:\/\/shrimataji.org\/test\/wp-content\/uploads\/2023\/02\/SMO_LOGO-03.svg","width":"1024","height":"1024","caption":"Nirmala Shrivastava"},"logo":{"@id":"https:\/\/shrimataji.org\/test\/wp-content\/uploads\/2023\/02\/SMO_LOGO-03.svg"},"sameAs":["https:\/\/shrimataji.org\/test","https:\/\/www.facebook.com\/shrimataji","https:\/\/x.com\/shrimataji","https:\/\/www.youtube.com\/@Shri_Mataji_Nirmala_Devi\/featured"]}]}},"lang":"sk","translations":{"sk":12381},"pll_sync_post":[],"_links":{"self":[{"href":"https:\/\/shrimataji.org\/test\/wp-json\/wp\/v2\/pages\/12381","targetHints":{"allow":["GET"]}}],"collection":[{"href":"https:\/\/shrimataji.org\/test\/wp-json\/wp\/v2\/pages"}],"about":[{"href":"https:\/\/shrimataji.org\/test\/wp-json\/wp\/v2\/types\/page"}],"author":[{"embeddable":true,"href":"https:\/\/shrimataji.org\/test\/wp-json\/wp\/v2\/users\/28"}],"replies":[{"embeddable":true,"href":"https:\/\/shrimataji.org\/test\/wp-json\/wp\/v2\/comments?post=12381"}],"version-history":[{"count":0,"href":"https:\/\/shrimataji.org\/test\/wp-json\/wp\/v2\/pages\/12381\/revisions"}],"wp:featuredmedia":[{"embeddable":true,"href":"https:\/\/shrimataji.org\/test\/wp-json\/wp\/v2\/media\/9511"}],"wp:attachment":[{"href":"https:\/\/shrimataji.org\/test\/wp-json\/wp\/v2\/media?parent=12381"}],"curies":[{"name":"wp","href":"https:\/\/api.w.org\/{rel}","templated":true}]}}