{"id":12389,"date":"2018-07-10T06:54:42","date_gmt":"2018-07-10T06:54:42","guid":{"rendered":"http:\/\/testwordpress.nirmalnagari.org\/smnd\/index.php\/holistic-health\/"},"modified":"2026-02-08T09:08:27","modified_gmt":"2026-02-08T09:08:27","slug":"holisticke-zdravie","status":"publish","type":"page","link":"https:\/\/shrimataji.org\/test\/sk\/holisticke-zdravie\/","title":{"rendered":"Holistick\u00e9 zdravie"},"content":{"rendered":"\n\n\t<h1>Holistick\u00e9 zdravie<\/h1>\n<h2>Jemn\u00e1 veda vn\u00fatorn\u00e9ho uzdravenia<\/h2>\n\t<h4>Hoci je tradi\u010dn\u00e1 medic\u00edna v mnoh\u00fdch oh\u013eadoch prospe\u0161n\u00e1, \u010dasto zlyh\u00e1va pri h\u013abkovom a dlhodobom lie\u010den\u00ed psychosomatick\u00fdch a psychiatrick\u00fdch por\u00fach, preto\u017ee sa zameriava na pr\u00edznaky, namiesto pr\u00ed\u010din a lie\u010di ich oddelene, nie v kontexte cel\u00e9ho organizmu.<\/h4>\n\t<p>\u0160ri Matad\u017ei \u0161tudovala nieko\u013eko rokov medic\u00ednu, k\u00fdm ju politick\u00e9 udalosti po rozdelen\u00ed Indie neprin\u00fatili \u0161t\u00fadium ukon\u010di\u0165. Vych\u00e1dzala z holistickej trad\u00edcie, ktor\u00e1 uzn\u00e1vala prepojenie medzi spiritualitou a zdrav\u00edm, a preto venovala \u010das medit\u00e1cii a pozorovaniu jej vplyvu na myse\u013e a telo.<\/p>\n\t<p>V tomto procese nielen\u017ee znovuobjavila jemn\u00fd energetick\u00fd syst\u00e9m kan\u00e1lov a nervov\u00fdch pletencov, ktor\u00fd riadi \u013eudsk\u00e9 telo, ale z\u00e1rove\u0148 pochopila k\u013e\u00fa\u010d k tomuto syst\u00e9mu: vy\u017eivuj\u00facu \u017eensk\u00fa energiu, v starovek\u00fdch indick\u00fdch p\u00edsmach ozna\u010dovan\u00fa ako Kundalini. \u0160ri Matad\u017ei sk\u00famala \u013eudsk\u00e9 spr\u00e1vanie a jeho vplyv na t\u00fato energiu a jemn\u00fd syst\u00e9m. Pozorovala, ako nevyv\u00e1\u017een\u00e9 spr\u00e1vanie m\u00f4\u017ee vies\u0165 k fyzick\u00fdm, ment\u00e1lnym alebo emocion\u00e1lnym extr\u00e9mom, \u010do n\u00e1sledne sp\u00f4sobuje zdravotn\u00e9 \u0165a\u017ekosti.<\/p>\n<p>\u0160ri Matad\u017ei zd\u00f4raz\u0148ovala, \u017ee hoci m\u00e1 Sahad\u017ea joga lie\u010div\u00e9 \u00fa\u010dinky, jej cie\u013eom nie je lie\u010di\u0165, ale prebudi\u0165 t\u00fato energiu a vedomie v \u013eu\u010foch prostredn\u00edctvom Sebarealiz\u00e1cie (sebauvedomenia).<\/p>\n\t<div class=\"su-quote su-quote-style-default\"><div class=\"su-quote-inner su-u-clearfix su-u-trim\">&#8230;Ke\u010f Kundalini prech\u00e1dza \u0161iestimi centrami (pletencami), osvet\u013euje ich, vy\u017eivuje a integruje &#8211; a celkovo sa dost\u00e1vate do rovnov\u00e1hy. Nie je lie\u010den\u00e1 len jedna \u010das\u0165 tela a in\u00e1 zanedb\u00e1van\u00e1 &#8211; je to celkov\u00e1 \u00fapln\u00e1 harmoniz\u00e1cia. Kundalini v\u00e1s dost\u00e1va na stredn\u00fa cestu rovnov\u00e1hy.<\/div><\/div>\n\t\t<iframe loading=\"lazy\" title=\"Holistic Health\" width=\"1920\" height=\"1080\" src=\"https:\/\/www.youtube.com\/embed\/7g9itxwuKiU?feature=oembed\" frameborder=\"0\" allow=\"accelerometer; autoplay; clipboard-write; encrypted-media; gyroscope; picture-in-picture; web-share\" allowfullscreen><\/iframe>\t\n\t<p>Na svojich predn\u00e1\u0161kach \u0160ri Matad\u017ei vysvet\u013eovala vn\u00fatorn\u00fd energetick\u00fd syst\u00e9m ako hypot\u00e9zu a povzbudzovala \u013eud\u00ed, aby tomu neverili naslepo, ale aby si to vysk\u00fa\u0161ali sami s otvorenou mys\u013eou. Preto mnoh\u00ed lek\u00e1ri a vedci, ktor\u00ed praktizovali Sahad\u017ea jogu a zlep\u0161ilo sa im zdravie, za\u010dali robi\u0165 v\u00fdskumy v r\u00f4znych krajin\u00e1ch a vedeck\u00fdch kontextoch. \u0160t\u00fadie boli publikovan\u00e9 v uzn\u00e1van\u00fdch lek\u00e1rskych \u010dasopisoch.<\/p>\n\t<p>Dr. Ramesh Manocha, austr\u00e1lsky praktick\u00fd lek\u00e1r a v\u00fdskumn\u00fd pracovn\u00edk na oddelen\u00ed pr\u00edrodn\u00fdch terapi\u00ed Kr\u00e1\u013eovskej nemocnice pre \u017eeny v Sydney, zaznamenal <a href=\"https:\/\/researchingmeditation.org\/meditation-research-summary\/\" target=\"_blank\" rel=\"noopener\">presved\u010div\u00e9 v\u00fdsledky t\u00fdkaj\u00face sa \u00fa\u010dinkov medit\u00e1cie Sahad\u017ea jogy<\/a> pri lie\u010dbe a prevencii por\u00fach, ako s\u00fa vysok\u00fd krvn\u00fd tlak, probl\u00e9my spojen\u00e9 s menopauzou<a href=\"https:\/\/shrimataji.org\/test\/sk\/holisticke-zdravie\/#citation-note-1\">[1]<\/a>, so stresom<a href=\"https:\/\/shrimataji.org\/test\/sk\/holisticke-zdravie\/#citation-note-2\">[2]<\/a>, ADHD<a href=\"https:\/\/shrimataji.org\/test\/sk\/holisticke-zdravie\/#citation-note-3\">[3]<\/a>and astmou<a href=\"https:\/\/shrimataji.org\/test\/sk\/holisticke-zdravie\/#citation-note-4\">[4]<\/a>. Ment\u00e1lne ticho, ktor\u00e9 sa po\u010das medit\u00e1cie Sahad\u017ea jogy dosahuje, je pod\u013ea Dr. Manochu spojen\u00e9 s jedine\u010dn\u00fdm vzorom fyziologickej aktivity.&#8221;<\/p>\n<p>Spres\u0148uje, \u017ee spomedzi viacer\u00fdch medita\u010dn\u00fdch met\u00f3d a relaxa\u010dn\u00fdch techn\u00edk z h\u013eadiska terapeutick\u00fdch \u00fa\u010dinkov bola \u00fa\u010dinn\u00e1 iba medit\u00e1cia Sahad\u017ea jogy.<\/p>\n\t<div class=\"epyt-video-wrapper\"><div  data-ep-a=\"fadeIn\"  style=\"display: block; margin: 0px auto;\"  id=\"_ytid_87883\"  width=\"3840\" height=\"2160\"  data-origwidth=\"3840\" data-origheight=\"2160\" data-facadesrc=\"https:\/\/www.youtube.com\/embed\/itvKZ5WxrFs?enablejsapi=1&autoplay=0&cc_load_policy=0&cc_lang_pref=&iv_load_policy=1&loop=0&rel=0&fs=1&playsinline=1&autohide=2&theme=dark&color=red&controls=1&disablekb=0&\" class=\"__youtube_prefs__ epyt-facade  no-lazyload\" data-epautoplay=\"1\" ><img decoding=\"async\" data-spai-excluded=\"true\" class=\"epyt-facade-poster skip-lazy\" loading=\"lazy\"  alt=\"YouTube player\"  src=\"https:\/\/i.ytimg.com\/vi\/itvKZ5WxrFs\/maxresdefault.jpg\"  \/><button class=\"epyt-facade-play\" aria-label=\"Play\"><svg data-no-lazy=\"1\" height=\"100%\" version=\"1.1\" viewBox=\"0 0 68 48\" width=\"100%\"><path class=\"ytp-large-play-button-bg\" d=\"M66.52,7.74c-0.78-2.93-2.49-5.41-5.42-6.19C55.79,.13,34,0,34,0S12.21,.13,6.9,1.55 C3.97,2.33,2.27,4.81,1.48,7.74C0.06,13.05,0,24,0,24s0.06,10.95,1.48,16.26c0.78,2.93,2.49,5.41,5.42,6.19 C12.21,47.87,34,48,34,48s21.79-0.13,27.1-1.55c2.93-0.78,4.64-3.26,5.42-6.19C67.94,34.95,68,24,68,24S67.94,13.05,66.52,7.74z\" fill=\"#f00\"><\/path><path d=\"M 45,24 27,14 27,34\" fill=\"#fff\"><\/path><\/svg><\/button><\/div><\/div><span itemprop=\"video\" itemscope itemtype=\"http:\/\/schema.org\/VideoObject\"><meta itemprop=\"embedUrl\" content=\"https:\/\/www.youtube.com\/embed\/itvKZ5WxrFs\"><meta itemprop=\"name\" content=\"Meditation Study Finds Improvement\"><meta itemprop=\"description\" content=\"In an Australian television news report, a quality-of-life study finds that short periods of daily meditation can significantly improve a person&#039;s mental health. Meditation appears to give people a protective effect. Those who have been meditating for two years are more than ten percent better off than non-meditators. Those who do not drink or smoke had even better mental health. More videos at: http:\/\/ShriMataji.org ~ A Life Dedicated to Humanity ~\"><meta itemprop=\"thumbnailUrl\" content=\"https:\/\/i.ytimg.com\/vi\/itvKZ5WxrFs\/0.jpg\"><meta itemprop=\"duration\" content=\"PT1M43S\"><meta itemprop=\"uploadDate\" content=\"2020-07-20T00:07:33Z\"><\/span>\n\t<p>V roku 1996 zalo\u017eila \u0160ri Matad\u017ei Medzin\u00e1rodn\u00e9 v\u00fdskumn\u00e9 a zdravotn\u00e9 centrum Sahad\u017ea jogy v Belapure, ne\u010faleko Bombaja v Indii. Klinika na\u010falej sl\u00fa\u017ei miestnym aj zahrani\u010dn\u00fdm pacientom, ktor\u00ed s\u00fa okrem tradi\u010dnej ajurv\u00e9dskej a alopatickej lie\u010dby diagnostikovan\u00ed a dost\u00e1vaj\u00fa terapiu pod\u013ea techn\u00edk Sahad\u017ea jogy. V tomto zdravotnom centre medita\u010dn\u00e1 lie\u010dba prispieva k v\u00fdraznej\u0161iemu zlep\u0161eniu kvality \u017eivota, k zn\u00ed\u017eeniu \u00fazkosti a zlep\u0161eniu krvn\u00e9ho tlaku v porovnan\u00ed s konven\u010dnou z\u00e1padnou lie\u010dbou.<a href=\"https:\/\/shrimataji.org\/test\/sk\/holisticke-zdravie\/#citation-note-5\" data-cp-link=\"1\">[5]<\/a><\/p>\n\t<p>\u0160ri Matad\u017ei op\u00edsala \u013eudsk\u00fd jemn\u00fd syst\u00e9m ako obr\u00e1ten\u00fd strom, ktor\u00e9ho korene s\u00fa v mozgu a kon\u00e1re a plody s\u00fa v tele. Korene energetick\u00e9ho syst\u00e9mu v tele sa nach\u00e1dzaj\u00fa v mozgu a prij\u00edmaj\u00fa kozmick\u00fa duchovn\u00fa energiu, aby vy\u017eivovali kon\u00e1re stromu. Neust\u00e1la sp\u00e4tn\u00e1 v\u00e4zba medzi jemn\u00fdm syst\u00e9mom v mozgu a energetick\u00fdmi centrami v tele po\u010das medit\u00e1cie vedie k postupnej rovnov\u00e1he a integr\u00e1cii tela a mysle. Aby strom zostal zdrav\u00fd a siln\u00fd, mus\u00edme obr\u00e1ti\u0165 svoju pozornos\u0165 ku kore\u0148om &#8211; teda k mozgu &#8211; a to je mo\u017en\u00e9 dosiahnu\u0165 prostredn\u00edctvom medit\u00e1cie Sahad\u017ea jogy.<\/p>\n\t<div class=\"su-quote su-quote-style-default\"><div class=\"su-quote-inner su-u-clearfix su-u-trim\">Ak m\u00e1te vylie\u010di\u0165 strom a za\u010dnete d\u00e1va\u0165 lieky na listy, nikdy sa nevylie\u010di. Mus\u00edte \u00eds\u0165 ku kore\u0148om.<\/div><\/div>\n\t<hr \/>\n<a name=\"citation-note-1\"><\/a>\u00a0 \u00a0[1]^ Dr. Ramesh Manocha, Dr. Semmar B. Black, Pilotn\u00e1 \u0161t\u00fadia o forme medit\u00e1cie zalo\u017eenej na ment\u00e1lnom tichu pre \u017eeny v perimenopauze. Journal of Clinical Psychology in Medical Settings, september 2007, 14(3):266-273; e-kniha: <a href=\"https:\/\/www.beyondthemind.com\/\" target=\"_blank\" rel=\"noopener\">Silence Your Mind<\/a>, vydavate\u013estvo Hachette Australia, 2013.<br \/>\n<a name=\"citation-note-2\"><\/a>\u00a0 \u00a0 [2]^ Dr. Ramesh Manocha, D. Black, J. Sarris, C. Stough, Randomizovan\u00e1 kontrolovan\u00e1 \u0161t\u00fadia medit\u00e1cie pri pracovnom strese, \u00fazkosti a depres\u00edvnej n\u00e1lade u pracuj\u00facich na pln\u00fd \u00fav\u00e4zok. Evidence-Based Complementary and Alternative Medicine, 2011; 2011:960583. Online publikovan\u00e9 7. j\u00fana 2011.<br \/>\n<a name=\"citation-note-3\"><\/a>\u00a0 \u00a0 [3]^ Dr. Linda J. Harrison, Dr. Ramesh Manocha, Dr. Katya Rubia, Medit\u00e1cia Sahad\u017ea jogy ako rodinn\u00fd terapeutick\u00fd program pre deti s poruchou pozornosti s hyperaktivitou (ADHD), Clinical Child Psychology and Psychiatry, 9(4), 2004.<br \/>\n<a name=\"citation-note-4\"><\/a>\u00a0 \u00a0 [4]^ Dr. Ramesh Manocha, G. B. Marks, P. Kenchington, D. Peters a kol., Sahad\u017ea joga pri lie\u010dbe stredne \u0165a\u017ekej a\u017e \u0165a\u017ekej astmy: randomizovan\u00e1 kontrolovan\u00e1 \u0161t\u00fadia, Thorax, febru\u00e1r 2002; 57(2): 110-115.<br \/>\n<a name=\"citation-note-5\"><\/a>\u00a0 \u00a0 [5]^ Sheng-Chia Chung, PhD, Maria M. Brooks, PhD, Madhur Rai, MD, Judith L. Balk, MD, MPH, Sandeep Rai, MD: Vplyv medit\u00e1cie Sahad\u017ea jogy na kvalitu \u017eivota, \u00fazkos\u0165 a kontrolu krvn\u00e9ho tlaku, The Journal of Alternative and Complementary Medicine, zv\u00e4zok 18, \u010d\u00edslo 6, 2012. \n\n","protected":false},"excerpt":{"rendered":"<p>Holistick\u00e9 zdravie Jemn\u00e1 veda vn\u00fatorn\u00e9ho uzdravenia Hoci je tradi\u010dn\u00e1 medic\u00edna v mnoh\u00fdch oh\u013eadoch prospe\u0161n\u00e1, \u010dasto zlyh\u00e1va pri h\u013abkovom a dlhodobom lie\u010den\u00ed psychosomatick\u00fdch a psychiatrick\u00fdch por\u00fach, preto\u017ee sa zameriava na pr\u00edznaky, namiesto pr\u00ed\u010din a lie\u010di ich oddelene, nie v kontexte cel\u00e9ho organizmu. \u0160ri Matad\u017ei \u0161tudovala nieko\u013eko rokov medic\u00ednu, k\u00fdm ju politick\u00e9 udalosti po rozdelen\u00ed Indie neprin\u00fatili&hellip; <br \/> <a class=\"read-more\" href=\"https:\/\/shrimataji.org\/test\/sk\/holisticke-zdravie\/\">Read more<\/a><\/p>\n","protected":false},"author":28,"featured_media":144,"parent":0,"menu_order":0,"comment_status":"closed","ping_status":"closed","template":"pro\/page-templates\/full-width-page.php","meta":{"inline_featured_image":false,"footnotes":""},"class_list":["post-12389","page","type-page","status-publish","has-post-thumbnail","hentry"],"yoast_head":"<!-- This site is optimized with the Yoast SEO plugin v27.4 - https:\/\/yoast.com\/product\/yoast-seo-wordpress\/ -->\n<title>Holistick\u00e9 zdravie - TEST - SMND<\/title>\n<meta name=\"robots\" content=\"noindex, follow, max-snippet:-1, max-image-preview:large, max-video-preview:-1\" \/>\n<meta property=\"og:locale\" content=\"en_US\" \/>\n<meta property=\"og:type\" content=\"article\" \/>\n<meta property=\"og:title\" content=\"Holistick\u00e9 zdravie - TEST - SMND\" \/>\n<meta property=\"og:description\" content=\"Holistick\u00e9 zdravie Jemn\u00e1 veda vn\u00fatorn\u00e9ho uzdravenia Hoci je tradi\u010dn\u00e1 medic\u00edna v mnoh\u00fdch oh\u013eadoch prospe\u0161n\u00e1, \u010dasto zlyh\u00e1va pri h\u013abkovom a dlhodobom lie\u010den\u00ed psychosomatick\u00fdch a psychiatrick\u00fdch por\u00fach, preto\u017ee sa zameriava na pr\u00edznaky, namiesto pr\u00ed\u010din a lie\u010di ich oddelene, nie v kontexte cel\u00e9ho organizmu. \u0160ri Matad\u017ei \u0161tudovala nieko\u013eko rokov medic\u00ednu, k\u00fdm ju politick\u00e9 udalosti po rozdelen\u00ed Indie neprin\u00fatili&hellip; Read more\" \/>\n<meta property=\"og:url\" content=\"https:\/\/shrimataji.org\/test\/sk\/holisticke-zdravie\/\" \/>\n<meta property=\"og:site_name\" content=\"TEST - SMND\" \/>\n<meta property=\"article:publisher\" content=\"https:\/\/www.facebook.com\/shrimataji\" \/>\n<meta property=\"article:modified_time\" content=\"2026-02-08T09:08:27+00:00\" \/>\n<meta property=\"og:image\" content=\"https:\/\/shrimataji.org\/test\/wp-content\/uploads\/2018\/07\/media_originals\/images\/headers-general\/holistic-health-foot-soaking-in-the-ocean.jpg\" \/>\n\t<meta property=\"og:image:width\" content=\"990\" \/>\n\t<meta property=\"og:image:height\" content=\"350\" \/>\n\t<meta property=\"og:image:type\" content=\"image\/jpeg\" \/>\n<meta name=\"twitter:card\" content=\"summary_large_image\" \/>\n<meta name=\"twitter:site\" content=\"@shrimataji\" \/>\n<script type=\"application\/ld+json\" class=\"yoast-schema-graph\">{\"@context\":\"https:\\\/\\\/schema.org\",\"@graph\":[{\"@type\":\"WebPage\",\"@id\":\"https:\\\/\\\/shrimataji.org\\\/test\\\/sk\\\/holisticke-zdravie\\\/\",\"url\":\"https:\\\/\\\/shrimataji.org\\\/test\\\/sk\\\/holisticke-zdravie\\\/\",\"name\":\"Holistick\u00e9 zdravie - TEST - SMND\",\"isPartOf\":{\"@id\":\"https:\\\/\\\/shrimataji.org\\\/test\\\/#website\"},\"primaryImageOfPage\":{\"@id\":\"https:\\\/\\\/shrimataji.org\\\/test\\\/sk\\\/holisticke-zdravie\\\/#primaryimage\"},\"image\":{\"@id\":\"https:\\\/\\\/shrimataji.org\\\/test\\\/sk\\\/holisticke-zdravie\\\/#primaryimage\"},\"thumbnailUrl\":\"https:\\\/\\\/shrimataji.org\\\/test\\\/wp-content\\\/uploads\\\/2018\\\/07\\\/media_originals\\\/images\\\/headers-general\\\/holistic-health-foot-soaking-in-the-ocean.jpg\",\"datePublished\":\"2018-07-10T06:54:42+00:00\",\"dateModified\":\"2026-02-08T09:08:27+00:00\",\"breadcrumb\":{\"@id\":\"https:\\\/\\\/shrimataji.org\\\/test\\\/sk\\\/holisticke-zdravie\\\/#breadcrumb\"},\"inLanguage\":\"en-US\",\"potentialAction\":[{\"@type\":\"ReadAction\",\"target\":[\"https:\\\/\\\/shrimataji.org\\\/test\\\/sk\\\/holisticke-zdravie\\\/\"]}]},{\"@type\":\"ImageObject\",\"inLanguage\":\"en-US\",\"@id\":\"https:\\\/\\\/shrimataji.org\\\/test\\\/sk\\\/holisticke-zdravie\\\/#primaryimage\",\"url\":\"https:\\\/\\\/shrimataji.org\\\/test\\\/wp-content\\\/uploads\\\/2018\\\/07\\\/media_originals\\\/images\\\/headers-general\\\/holistic-health-foot-soaking-in-the-ocean.jpg\",\"contentUrl\":\"https:\\\/\\\/shrimataji.org\\\/test\\\/wp-content\\\/uploads\\\/2018\\\/07\\\/media_originals\\\/images\\\/headers-general\\\/holistic-health-foot-soaking-in-the-ocean.jpg\",\"width\":990,\"height\":350},{\"@type\":\"BreadcrumbList\",\"@id\":\"https:\\\/\\\/shrimataji.org\\\/test\\\/sk\\\/holisticke-zdravie\\\/#breadcrumb\",\"itemListElement\":[{\"@type\":\"ListItem\",\"position\":1,\"name\":\"Home\",\"item\":\"https:\\\/\\\/shrimataji.org\\\/test\\\/uk\\\/home-en\\\/\"},{\"@type\":\"ListItem\",\"position\":2,\"name\":\"Holistick\u00e9 zdravie\"}]},{\"@type\":\"WebSite\",\"@id\":\"https:\\\/\\\/shrimataji.org\\\/test\\\/#website\",\"url\":\"https:\\\/\\\/shrimataji.org\\\/test\\\/\",\"name\":\"Shri Mataji Nirmala Devi\",\"description\":\"A Life Dedicated to Humanity\",\"publisher\":{\"@id\":\"https:\\\/\\\/shrimataji.org\\\/test\\\/#\\\/schema\\\/person\\\/a1b3419c6585f164aa96da1ff85715d1\"},\"potentialAction\":[{\"@type\":\"SearchAction\",\"target\":{\"@type\":\"EntryPoint\",\"urlTemplate\":\"https:\\\/\\\/shrimataji.org\\\/test\\\/?s={search_term_string}\"},\"query-input\":{\"@type\":\"PropertyValueSpecification\",\"valueRequired\":true,\"valueName\":\"search_term_string\"}}],\"inLanguage\":\"en-US\"},{\"@type\":[\"Person\",\"Organization\"],\"@id\":\"https:\\\/\\\/shrimataji.org\\\/test\\\/#\\\/schema\\\/person\\\/a1b3419c6585f164aa96da1ff85715d1\",\"name\":\"Nirmala Shrivastava\",\"image\":{\"@type\":\"ImageObject\",\"inLanguage\":\"en-US\",\"@id\":\"https:\\\/\\\/shrimataji.org\\\/test\\\/wp-content\\\/uploads\\\/2023\\\/02\\\/SMO_LOGO-03.svg\",\"url\":\"https:\\\/\\\/shrimataji.org\\\/test\\\/wp-content\\\/uploads\\\/2023\\\/02\\\/SMO_LOGO-03.svg\",\"contentUrl\":\"https:\\\/\\\/shrimataji.org\\\/test\\\/wp-content\\\/uploads\\\/2023\\\/02\\\/SMO_LOGO-03.svg\",\"width\":\"1024\",\"height\":\"1024\",\"caption\":\"Nirmala Shrivastava\"},\"logo\":{\"@id\":\"https:\\\/\\\/shrimataji.org\\\/test\\\/wp-content\\\/uploads\\\/2023\\\/02\\\/SMO_LOGO-03.svg\"},\"sameAs\":[\"https:\\\/\\\/shrimataji.org\\\/test\",\"https:\\\/\\\/www.facebook.com\\\/shrimataji\",\"https:\\\/\\\/x.com\\\/shrimataji\",\"https:\\\/\\\/www.youtube.com\\\/@Shri_Mataji_Nirmala_Devi\\\/featured\"]}]}<\/script>\n<!-- \/ Yoast SEO plugin. -->","yoast_head_json":{"title":"Holistick\u00e9 zdravie - TEST - SMND","robots":{"index":"noindex","follow":"follow","max-snippet":"max-snippet:-1","max-image-preview":"max-image-preview:large","max-video-preview":"max-video-preview:-1"},"og_locale":"en_US","og_type":"article","og_title":"Holistick\u00e9 zdravie - TEST - SMND","og_description":"Holistick\u00e9 zdravie Jemn\u00e1 veda vn\u00fatorn\u00e9ho uzdravenia Hoci je tradi\u010dn\u00e1 medic\u00edna v mnoh\u00fdch oh\u013eadoch prospe\u0161n\u00e1, \u010dasto zlyh\u00e1va pri h\u013abkovom a dlhodobom lie\u010den\u00ed psychosomatick\u00fdch a psychiatrick\u00fdch por\u00fach, preto\u017ee sa zameriava na pr\u00edznaky, namiesto pr\u00ed\u010din a lie\u010di ich oddelene, nie v kontexte cel\u00e9ho organizmu. \u0160ri Matad\u017ei \u0161tudovala nieko\u013eko rokov medic\u00ednu, k\u00fdm ju politick\u00e9 udalosti po rozdelen\u00ed Indie neprin\u00fatili&hellip; Read more","og_url":"https:\/\/shrimataji.org\/test\/sk\/holisticke-zdravie\/","og_site_name":"TEST - SMND","article_publisher":"https:\/\/www.facebook.com\/shrimataji","article_modified_time":"2026-02-08T09:08:27+00:00","og_image":[{"width":990,"height":350,"url":"https:\/\/shrimataji.org\/test\/wp-content\/uploads\/2018\/07\/media_originals\/images\/headers-general\/holistic-health-foot-soaking-in-the-ocean.jpg","type":"image\/jpeg"}],"twitter_card":"summary_large_image","twitter_site":"@shrimataji","schema":{"@context":"https:\/\/schema.org","@graph":[{"@type":"WebPage","@id":"https:\/\/shrimataji.org\/test\/sk\/holisticke-zdravie\/","url":"https:\/\/shrimataji.org\/test\/sk\/holisticke-zdravie\/","name":"Holistick\u00e9 zdravie - TEST - SMND","isPartOf":{"@id":"https:\/\/shrimataji.org\/test\/#website"},"primaryImageOfPage":{"@id":"https:\/\/shrimataji.org\/test\/sk\/holisticke-zdravie\/#primaryimage"},"image":{"@id":"https:\/\/shrimataji.org\/test\/sk\/holisticke-zdravie\/#primaryimage"},"thumbnailUrl":"https:\/\/shrimataji.org\/test\/wp-content\/uploads\/2018\/07\/media_originals\/images\/headers-general\/holistic-health-foot-soaking-in-the-ocean.jpg","datePublished":"2018-07-10T06:54:42+00:00","dateModified":"2026-02-08T09:08:27+00:00","breadcrumb":{"@id":"https:\/\/shrimataji.org\/test\/sk\/holisticke-zdravie\/#breadcrumb"},"inLanguage":"en-US","potentialAction":[{"@type":"ReadAction","target":["https:\/\/shrimataji.org\/test\/sk\/holisticke-zdravie\/"]}]},{"@type":"ImageObject","inLanguage":"en-US","@id":"https:\/\/shrimataji.org\/test\/sk\/holisticke-zdravie\/#primaryimage","url":"https:\/\/shrimataji.org\/test\/wp-content\/uploads\/2018\/07\/media_originals\/images\/headers-general\/holistic-health-foot-soaking-in-the-ocean.jpg","contentUrl":"https:\/\/shrimataji.org\/test\/wp-content\/uploads\/2018\/07\/media_originals\/images\/headers-general\/holistic-health-foot-soaking-in-the-ocean.jpg","width":990,"height":350},{"@type":"BreadcrumbList","@id":"https:\/\/shrimataji.org\/test\/sk\/holisticke-zdravie\/#breadcrumb","itemListElement":[{"@type":"ListItem","position":1,"name":"Home","item":"https:\/\/shrimataji.org\/test\/uk\/home-en\/"},{"@type":"ListItem","position":2,"name":"Holistick\u00e9 zdravie"}]},{"@type":"WebSite","@id":"https:\/\/shrimataji.org\/test\/#website","url":"https:\/\/shrimataji.org\/test\/","name":"Shri Mataji Nirmala Devi","description":"A Life Dedicated to Humanity","publisher":{"@id":"https:\/\/shrimataji.org\/test\/#\/schema\/person\/a1b3419c6585f164aa96da1ff85715d1"},"potentialAction":[{"@type":"SearchAction","target":{"@type":"EntryPoint","urlTemplate":"https:\/\/shrimataji.org\/test\/?s={search_term_string}"},"query-input":{"@type":"PropertyValueSpecification","valueRequired":true,"valueName":"search_term_string"}}],"inLanguage":"en-US"},{"@type":["Person","Organization"],"@id":"https:\/\/shrimataji.org\/test\/#\/schema\/person\/a1b3419c6585f164aa96da1ff85715d1","name":"Nirmala Shrivastava","image":{"@type":"ImageObject","inLanguage":"en-US","@id":"https:\/\/shrimataji.org\/test\/wp-content\/uploads\/2023\/02\/SMO_LOGO-03.svg","url":"https:\/\/shrimataji.org\/test\/wp-content\/uploads\/2023\/02\/SMO_LOGO-03.svg","contentUrl":"https:\/\/shrimataji.org\/test\/wp-content\/uploads\/2023\/02\/SMO_LOGO-03.svg","width":"1024","height":"1024","caption":"Nirmala Shrivastava"},"logo":{"@id":"https:\/\/shrimataji.org\/test\/wp-content\/uploads\/2023\/02\/SMO_LOGO-03.svg"},"sameAs":["https:\/\/shrimataji.org\/test","https:\/\/www.facebook.com\/shrimataji","https:\/\/x.com\/shrimataji","https:\/\/www.youtube.com\/@Shri_Mataji_Nirmala_Devi\/featured"]}]}},"lang":"sk","translations":{"sk":12389,"ur":37436,"en":403,"am":18008,"th":19955,"hu":19485,"sq":18409,"zh":17306,"hi":8491,"tr":10165,"pt":10377,"de":10651,"fr":10749,"it":10847,"es":10944,"ja":11241,"ru":11429,"bn":11621,"te":11729,"sw":11852,"he":12000,"el":12291,"fa":12487,"fi":12585,"bg":13478,"ro":14550,"cs":14743,"nl":16569,"ku":16729,"ar":16905,"be":18616,"kn":18890,"mr":20319,"uk":20611,"ml":20908,"ta":22724,"sv":22997,"gu":28843,"pa":29001,"fil":29443,"da":37748,"pl":37963,"nn":38300},"pll_sync_post":[],"_links":{"self":[{"href":"https:\/\/shrimataji.org\/test\/wp-json\/wp\/v2\/pages\/12389","targetHints":{"allow":["GET"]}}],"collection":[{"href":"https:\/\/shrimataji.org\/test\/wp-json\/wp\/v2\/pages"}],"about":[{"href":"https:\/\/shrimataji.org\/test\/wp-json\/wp\/v2\/types\/page"}],"author":[{"embeddable":true,"href":"https:\/\/shrimataji.org\/test\/wp-json\/wp\/v2\/users\/28"}],"replies":[{"embeddable":true,"href":"https:\/\/shrimataji.org\/test\/wp-json\/wp\/v2\/comments?post=12389"}],"version-history":[{"count":0,"href":"https:\/\/shrimataji.org\/test\/wp-json\/wp\/v2\/pages\/12389\/revisions"}],"wp:featuredmedia":[{"embeddable":true,"href":"https:\/\/shrimataji.org\/test\/wp-json\/wp\/v2\/media\/144"}],"wp:attachment":[{"href":"https:\/\/shrimataji.org\/test\/wp-json\/wp\/v2\/media?parent=12389"}],"curies":[{"name":"wp","href":"https:\/\/api.w.org\/{rel}","templated":true}]}}