{"id":12391,"date":"2018-07-06T01:24:02","date_gmt":"2018-07-06T01:24:02","guid":{"rendered":"http:\/\/testwordpress.nirmalnagari.org\/smnd\/index.php\/mesmerize\/"},"modified":"2026-03-13T23:59:35","modified_gmt":"2026-03-13T23:59:35","slug":"home-en","status":"publish","type":"page","link":"https:\/\/shrimataji.org\/test\/sk\/home-en\/","title":{"rendered":"Home EN"},"content":{"rendered":"\n\n\t<h1>\u0160RI MATAD\u017dI NIRMALA DEVI<\/h1>\n<h2>\u017divot zasv\u00e4ten\u00fd \u013eudstvu<\/h2>\n\t<p>\u0160ri Matad\u017ei Nirmala Devi v tichosti zmenila \u017eivoty. Viac ako 40 rokov cestovala po celom svete, verejne bezplatne predn\u00e1\u0161ala a d\u00e1vala v\u0161etk\u00fdm Sebarealiz\u00e1ciu bez oh\u013eadu na rasu, n\u00e1bo\u017eenstvo \u010di okolnosti. Nielen\u017ee umo\u017enila \u013eu\u010fom za\u017ei\u0165 Sebarealiz\u00e1ciu, ale ich aj nau\u010dila medita\u010dn\u00fa techniku potrebn\u00fa na jej udr\u017eanie, zn\u00e1mu ako Sahad\u017ea joga.<\/p>\n\t<div id=\"attachment_282\" style=\"width: 310px\" class=\"wp-caption aligncenter\"><img loading=\"lazy\" decoding=\"async\" aria-describedby=\"caption-attachment-282\" src=\"https:\/\/shrimataji.org\/test\/wp-content\/uploads\/2018\/07\/media_originals\/images\/shri-mataji-teaching-sahaja-yoga\/shri-mataji-teching-sahaja-yoga-meditation-and-self-realization-300x201.jpg\" alt=\"\" width=\"300\" height=\"201\" \/><p id=\"caption-attachment-282\" class=\"wp-caption-text\"><a href=\"https:\/\/www.youtube.com\/user\/ShriMatajiVideos\" target=\"_blank\" rel=\"noopener\">VIDEO ARCH\u00cdV<\/a><\/p><\/div>\n\t<p>\u0160ri Matad\u017ei vych\u00e1dza z toho, \u017ee v ka\u017edej \u013eudskej bytosti existuje vroden\u00fd duchovn\u00fd potenci\u00e1l a mo\u017eno ho spont\u00e1nne prebudi\u0165. Zd\u00f4raznila, \u017ee toto prebudenie (osvietenie), opisovan\u00e9 ako <a href=\"https:\/\/shrimataji.org\/test\/sk\/sebarealizacia-a-meditacia\/\" target=\"_blank\" rel=\"noopener\">Sebarealiz\u00e1cia<\/a>, sa ned\u00e1 k\u00fapi\u0165. Za z\u00e1\u017eitok Sebarealiz\u00e1cie ani za vyu\u010dovanie <a href=\"https:\/\/shrimataji.org\/test\/sk\/meditacia-sahadza-jogy\/\" target=\"_blank\" rel=\"noopener\">medit\u00e1cie Sahad\u017ea jogy<\/a> sa nikdy neplatilo a ani sa nebude.<\/p>\n<p>Vn\u00fatorn\u00e1 rovnov\u00e1ha a zn\u00ed\u017eenie stresu, ktor\u00e9 sprev\u00e1dzaj\u00fa medit\u00e1ciu Sahad\u017ea jogy, u\u017e vyu\u017eili st\u00e1tis\u00edce \u013eud\u00ed na celom svete. Schopnos\u0165 r\u00fdchlo a \u013eahko si aktivova\u0165 vroden\u00fa duchovn\u00fa energiu a za\u017e\u00edva\u0165 jej pr\u00ednosy odli\u0161uje Sahad\u017ea jogu od in\u00fdch foriem medit\u00e1cie. Cvi\u010den\u00edm s\u00fa jednotlivci schopn\u00ed nasmerova\u0165 svoju vlastn\u00fa energiu a napravi\u0165 du\u0161evn\u00fa, fyzick\u00fa a emocion\u00e1lnu nerovnov\u00e1hu, aby dosiahli stav pohody, vyrovnanosti a naplnenia.<\/p>\n<p>Sahad\u017ea joga je v s\u00fa\u010dasnosti etablovan\u00e1 vo viac ako 100 krajin\u00e1ch. \u0160ri Matad\u017ei zalo\u017eila tie\u017e aj mimovl\u00e1dnu organiz\u00e1ciu pre \u017eeny a deti v n\u00fadzi, ako aj nieko\u013eko medzin\u00e1rodn\u00fdch \u0161k\u00f4l s holistick\u00fdmi osnovami aj zdravotn\u00e9 kliniky, ktor\u00e9 lie\u010dia prostredn\u00edctvom medita\u010dn\u00fdch techn\u00edk Sahad\u017ea jogy, aj akad\u00e9miu umen\u00ed na revitaliz\u00e1ciu zru\u010dnost\u00ed klasick\u00e9ho tanca, hudby a ma\u013eby.<\/p>\n<figure itemscope itemtype=\"https:\/\/schema.org\/ImageObject\">\n\t\t\t\t<img decoding=\"async\" src=\"https:\/\/shrimataji.org\/test\/wp-content\/uploads\/2018\/07\/media_originals\/images\/shri-mataji-portraits\/shri-mataji-explaining-742x1024.jpg\" alt=\"shri-mataji-explaining\" height=\"1024\" width=\"742\" title=\"shri-mataji-explaining\" onerror=\"this.style.display='none'\" loading=\"lazy\" \/>\n\t<\/figure>\n\t<div class=\"su-quote su-quote-style-default\"><div class=\"su-quote-inner su-u-clearfix su-u-trim\"> M\u00d4J OTEC C\u00cdTIL, \u017dE V TOMTO \u017dIVOTE VYKON\u00c1M VE\u013dK\u00c9 DIELO. NEVIEM, \u010cI O TOM SN\u00cdVAL, ALEBO TO VN\u00cdMAL, ALE NEUST\u00c1LE MI HOVORIL: \u201eN\u00c1JDI SP\u00d4SOB, AKO D\u00c1VA\u0164 REALIZ\u00c1CIU MAS\u00c1M.&#8221; REALIZ\u00c1CIOU ROZUMEL DA\u0164 \u013dU\u010eOM HLBOK\u00c9, DUCHOVN\u00c9 PREBUDENIE.<\/p>\n<p>ZABEZPE\u010cIL MI KVALITN\u00c9 VZDELANIE V R\u00d4ZNYCH N\u00c1BO\u017dENSTV\u00c1CH A AJ O \u013dUDOCH: AK\u00c9 MAJ\u00da \u013dUDIA PROBL\u00c9MY, PRE\u010cO SA SPR\u00c1VAJ\u00da TAK, AKO SA SPR\u00c1VAJ\u00da, PRE\u010cO NEPRIJ\u00cdMAJ\u00da BOHA, PRE\u010cO S\u00da POKRYTECK\u00cd. NAU\u010cILMA V\u0160ELI\u010cO&#8230;<\/div><\/div>\n\t<h2>Pojmy<\/h2>\n\t<p><img decoding=\"async\" title=\"shri-mataji-nirmala-devi-clearing-technique-in-england-2\" src=\"https:\/\/shrimataji.org\/test\/wp-content\/uploads\/2018\/11\/shri-mataji-nirmala-devi-clearing-technique-in-england-2.jpg\" alt=\"\" \/><\/p>\n<h4>Pr\u00e1ca<\/h4>\nProgramy viedla \u0160r\u00ed Matad\u017e\u00ed \u010dasto osobne aj prakticky. Podujatia robila na glob\u00e1lnej aj lok\u00e1lnej \u00farovni. Vyu\u010dovala univerz\u00e1lne pravdy, <br \/>\nale venovala \u010das aj rozhovorom o individu\u00e1lnych potreb\u00e1ch. Hovorila o stvoren\u00ed, h\u013eadan\u00ed a zmysle \u017eivota a z\u00e1rove\u0148 venovala \u010das ka\u017ed\u00e9mu, kto hovoril o svojich prek\u00e1\u017ekach na ceste \u017eivotom. Jej programy boli akousi radnicou pre cel\u00fd svet, kde sa s \u0148ou mohol ka\u017ed\u00fd porozpr\u00e1va\u0165.\n<a href=\"\/work\/\" target=\"_blank\" rel=\"noopener noreferrer\" data-cp-link=\"1\">dozvedie\u0165 sa viac<\/a>\n\t<p><img decoding=\"async\" title=\"shri-mataji-greeting-the-queen-2\" src=\"https:\/\/shrimataji.org\/test\/wp-content\/uploads\/2018\/11\/shri-mataji-greeting-the-queen-2.jpg\" alt=\"\" \/><\/p>\n<h4>\u017divot<\/h4>\n<p>Po\u010das svojho \u017eivota sa \u0160r\u00ed Matad\u017e\u00ed stret\u00e1vala tv\u00e1rou v tv\u00e1r so \u0161irokou \u0161k\u00e1lou \u013eud\u00ed z r\u00f4znych kraj\u00edn, kult\u00far za r\u00f4znych okolnost\u00ed a ku v\u0161etk\u00fdm sa spr\u00e1vala s \u00faprimnou \u00factou. \u010ci u\u017e diskutovala o \u0161t\u00e1tnych z\u00e1le\u017eitostiach so svetov\u00fdmi l\u00eddrami alebo o rodinn\u00fdch probl\u00e9moch s taxik\u00e1rom, \u0160r\u00ed Matad\u017ei bola citliv\u00e1 na podstatn\u00e9 veci a v\u017edy sa starala o blaho \u013eud\u00ed.<\/p>\n<a href=\"\/life\/\" target=\"_blank\" rel=\"noopener noreferrer\" data-cp-link=\"1\">dozvedie\u0165 sa viac<\/a>\n\t<p><img decoding=\"async\" title=\"shri-mataji-meeting-with-village-people-in-india-2\" src=\"https:\/\/shrimataji.org\/test\/wp-content\/uploads\/2018\/11\/shri-mataji-meeting-with-village-people-in-india-2.jpg\" alt=\"\" \/><\/p>\n<h4>Sahad\u017ea joga<\/h4>\n<p>\u201eVtedy som si uvedomila, \u017ee treba za\u010da\u0165 pr\u00e1cu. Zm\u00e4tenos\u0165 sa skon\u010dila. Kone\u010dne pri\u0161iel prav\u00fd \u010das. Nebolo sa \u010doho ob\u00e1va\u0165. Nakoniec to bolo treba urobi\u0165. Pri\u0161la som na tento svet len \u200b\u200bs cie\u013eom, aby som v \u013eu\u010foch prebudila kolekt\u00edvne vedomie.&#8221;<\/p>\n<a href=\"\/people\/\" target=\"_blank\" rel=\"noopener noreferrer\" data-cp-link=\"1\">dozvedie\u0165 sa viac<\/a>\n\n","protected":false},"excerpt":{"rendered":"<p>\u0160RI MATAD\u017dI NIRMALA DEVI \u017divot zasv\u00e4ten\u00fd \u013eudstvu \u0160ri Matad\u017ei Nirmala Devi v tichosti zmenila \u017eivoty. Viac ako 40 rokov cestovala po celom svete, verejne bezplatne predn\u00e1\u0161ala a d\u00e1vala v\u0161etk\u00fdm Sebarealiz\u00e1ciu bez oh\u013eadu na rasu, n\u00e1bo\u017eenstvo \u010di okolnosti. Nielen\u017ee umo\u017enila \u013eu\u010fom za\u017ei\u0165 Sebarealiz\u00e1ciu, ale ich aj nau\u010dila medita\u010dn\u00fa techniku potrebn\u00fa na jej udr\u017eanie, zn\u00e1mu ako Sahad\u017ea&hellip; <br \/> <a class=\"read-more\" href=\"https:\/\/shrimataji.org\/test\/sk\/home-en\/\">Read more<\/a><\/p>\n","protected":false},"author":1,"featured_media":276,"parent":0,"menu_order":0,"comment_status":"closed","ping_status":"closed","template":"page-templates\/homepage.php","meta":{"inline_featured_image":false,"footnotes":""},"class_list":["post-12391","page","type-page","status-publish","has-post-thumbnail","hentry"],"yoast_head":"<!-- This site is optimized with the Yoast SEO plugin v27.4 - https:\/\/yoast.com\/product\/yoast-seo-wordpress\/ -->\n<title>TEST - SMND<\/title>\n<meta name=\"description\" content=\"A Life Dedicated to Humanity\" \/>\n<meta name=\"robots\" content=\"noindex, follow, max-snippet:-1, max-image-preview:large, max-video-preview:-1\" \/>\n<meta property=\"og:locale\" content=\"en_US\" \/>\n<meta property=\"og:type\" content=\"article\" \/>\n<meta property=\"og:title\" content=\"Shri Mataji Nirmala Devi\" \/>\n<meta property=\"og:description\" content=\"A Life Dedicated to Humanity\" \/>\n<meta property=\"og:url\" content=\"https:\/\/shrimataji.org\/test\/sk\/home-en\/\" \/>\n<meta property=\"og:site_name\" content=\"TEST - SMND\" \/>\n<meta property=\"article:publisher\" content=\"https:\/\/www.facebook.com\/shrimataji\" \/>\n<meta property=\"article:modified_time\" content=\"2026-03-13T23:59:35+00:00\" \/>\n<meta property=\"og:image\" content=\"https:\/\/shrimataji.org\/test\/wp-content\/uploads\/2018\/07\/fp11-e1588597806347.jpg\" \/>\n\t<meta property=\"og:image:width\" content=\"707\" \/>\n\t<meta property=\"og:image:height\" content=\"700\" \/>\n\t<meta property=\"og:image:type\" content=\"image\/jpeg\" \/>\n<meta name=\"twitter:card\" content=\"summary_large_image\" \/>\n<meta name=\"twitter:title\" content=\"Shri Mataji Nirmala Devi\" \/>\n<meta name=\"twitter:description\" content=\"A Life Dedicated to Humanity\" \/>\n<meta name=\"twitter:image\" content=\"https:\/\/shrimataji.org\/test\/wp-content\/uploads\/2018\/07\/fp11-e1588597806347.jpg\" \/>\n<meta name=\"twitter:site\" content=\"@shrimataji\" \/>\n<meta name=\"twitter:label1\" content=\"Est. reading time\" \/>\n\t<meta name=\"twitter:data1\" content=\"3 minutes\" \/>\n<script type=\"application\/ld+json\" class=\"yoast-schema-graph\">{\"@context\":\"https:\\\/\\\/schema.org\",\"@graph\":[{\"@type\":\"WebPage\",\"@id\":\"https:\\\/\\\/shrimataji.org\\\/test\\\/sk\\\/home-en\\\/\",\"url\":\"https:\\\/\\\/shrimataji.org\\\/test\\\/sk\\\/home-en\\\/\",\"name\":\"TEST - SMND\",\"isPartOf\":{\"@id\":\"https:\\\/\\\/shrimataji.org\\\/test\\\/#website\"},\"primaryImageOfPage\":{\"@id\":\"https:\\\/\\\/shrimataji.org\\\/test\\\/sk\\\/home-en\\\/#primaryimage\"},\"image\":{\"@id\":\"https:\\\/\\\/shrimataji.org\\\/test\\\/sk\\\/home-en\\\/#primaryimage\"},\"thumbnailUrl\":\"https:\\\/\\\/shrimataji.org\\\/test\\\/wp-content\\\/uploads\\\/2018\\\/07\\\/media_originals\\\/images\\\/shri-mataji-portraits\\\/shri-mataji-in-belgium-1984.jpg\",\"datePublished\":\"2018-07-06T01:24:02+00:00\",\"dateModified\":\"2026-03-13T23:59:35+00:00\",\"description\":\"A Life Dedicated to Humanity\",\"breadcrumb\":{\"@id\":\"https:\\\/\\\/shrimataji.org\\\/test\\\/sk\\\/home-en\\\/#breadcrumb\"},\"inLanguage\":\"en-US\",\"potentialAction\":[{\"@type\":\"ReadAction\",\"target\":[\"https:\\\/\\\/shrimataji.org\\\/test\\\/sk\\\/home-en\\\/\"]}]},{\"@type\":\"ImageObject\",\"inLanguage\":\"en-US\",\"@id\":\"https:\\\/\\\/shrimataji.org\\\/test\\\/sk\\\/home-en\\\/#primaryimage\",\"url\":\"https:\\\/\\\/shrimataji.org\\\/test\\\/wp-content\\\/uploads\\\/2018\\\/07\\\/media_originals\\\/images\\\/shri-mataji-portraits\\\/shri-mataji-in-belgium-1984.jpg\",\"contentUrl\":\"https:\\\/\\\/shrimataji.org\\\/test\\\/wp-content\\\/uploads\\\/2018\\\/07\\\/media_originals\\\/images\\\/shri-mataji-portraits\\\/shri-mataji-in-belgium-1984.jpg\",\"width\":1500,\"height\":975},{\"@type\":\"BreadcrumbList\",\"@id\":\"https:\\\/\\\/shrimataji.org\\\/test\\\/sk\\\/home-en\\\/#breadcrumb\",\"itemListElement\":[{\"@type\":\"ListItem\",\"position\":1,\"name\":\"Home\",\"item\":\"https:\\\/\\\/shrimataji.org\\\/test\\\/uk\\\/home-en\\\/\"},{\"@type\":\"ListItem\",\"position\":2,\"name\":\"Home EN\"}]},{\"@type\":\"WebSite\",\"@id\":\"https:\\\/\\\/shrimataji.org\\\/test\\\/#website\",\"url\":\"https:\\\/\\\/shrimataji.org\\\/test\\\/\",\"name\":\"Shri Mataji Nirmala Devi\",\"description\":\"A Life Dedicated to Humanity\",\"publisher\":{\"@id\":\"https:\\\/\\\/shrimataji.org\\\/test\\\/#\\\/schema\\\/person\\\/a1b3419c6585f164aa96da1ff85715d1\"},\"potentialAction\":[{\"@type\":\"SearchAction\",\"target\":{\"@type\":\"EntryPoint\",\"urlTemplate\":\"https:\\\/\\\/shrimataji.org\\\/test\\\/?s={search_term_string}\"},\"query-input\":{\"@type\":\"PropertyValueSpecification\",\"valueRequired\":true,\"valueName\":\"search_term_string\"}}],\"inLanguage\":\"en-US\"},{\"@type\":[\"Person\",\"Organization\"],\"@id\":\"https:\\\/\\\/shrimataji.org\\\/test\\\/#\\\/schema\\\/person\\\/a1b3419c6585f164aa96da1ff85715d1\",\"name\":\"Nirmala Shrivastava\",\"image\":{\"@type\":\"ImageObject\",\"inLanguage\":\"en-US\",\"@id\":\"https:\\\/\\\/shrimataji.org\\\/test\\\/wp-content\\\/uploads\\\/2023\\\/02\\\/SMO_LOGO-03.svg\",\"url\":\"https:\\\/\\\/shrimataji.org\\\/test\\\/wp-content\\\/uploads\\\/2023\\\/02\\\/SMO_LOGO-03.svg\",\"contentUrl\":\"https:\\\/\\\/shrimataji.org\\\/test\\\/wp-content\\\/uploads\\\/2023\\\/02\\\/SMO_LOGO-03.svg\",\"width\":\"1024\",\"height\":\"1024\",\"caption\":\"Nirmala Shrivastava\"},\"logo\":{\"@id\":\"https:\\\/\\\/shrimataji.org\\\/test\\\/wp-content\\\/uploads\\\/2023\\\/02\\\/SMO_LOGO-03.svg\"},\"sameAs\":[\"https:\\\/\\\/shrimataji.org\\\/test\",\"https:\\\/\\\/www.facebook.com\\\/shrimataji\",\"https:\\\/\\\/x.com\\\/shrimataji\",\"https:\\\/\\\/www.youtube.com\\\/@Shri_Mataji_Nirmala_Devi\\\/featured\"]}]}<\/script>\n<!-- \/ Yoast SEO plugin. -->","yoast_head_json":{"title":"TEST - SMND","description":"A Life Dedicated to Humanity","robots":{"index":"noindex","follow":"follow","max-snippet":"max-snippet:-1","max-image-preview":"max-image-preview:large","max-video-preview":"max-video-preview:-1"},"og_locale":"en_US","og_type":"article","og_title":"Shri Mataji Nirmala Devi","og_description":"A Life Dedicated to Humanity","og_url":"https:\/\/shrimataji.org\/test\/sk\/home-en\/","og_site_name":"TEST - SMND","article_publisher":"https:\/\/www.facebook.com\/shrimataji","article_modified_time":"2026-03-13T23:59:35+00:00","og_image":[{"width":707,"height":700,"url":"https:\/\/shrimataji.org\/test\/wp-content\/uploads\/2018\/07\/fp11-e1588597806347.jpg","type":"image\/jpeg"}],"twitter_card":"summary_large_image","twitter_title":"Shri Mataji Nirmala Devi","twitter_description":"A Life Dedicated to Humanity","twitter_image":"https:\/\/shrimataji.org\/test\/wp-content\/uploads\/2018\/07\/fp11-e1588597806347.jpg","twitter_site":"@shrimataji","twitter_misc":{"Est. reading time":"3 minutes"},"schema":{"@context":"https:\/\/schema.org","@graph":[{"@type":"WebPage","@id":"https:\/\/shrimataji.org\/test\/sk\/home-en\/","url":"https:\/\/shrimataji.org\/test\/sk\/home-en\/","name":"TEST - SMND","isPartOf":{"@id":"https:\/\/shrimataji.org\/test\/#website"},"primaryImageOfPage":{"@id":"https:\/\/shrimataji.org\/test\/sk\/home-en\/#primaryimage"},"image":{"@id":"https:\/\/shrimataji.org\/test\/sk\/home-en\/#primaryimage"},"thumbnailUrl":"https:\/\/shrimataji.org\/test\/wp-content\/uploads\/2018\/07\/media_originals\/images\/shri-mataji-portraits\/shri-mataji-in-belgium-1984.jpg","datePublished":"2018-07-06T01:24:02+00:00","dateModified":"2026-03-13T23:59:35+00:00","description":"A Life Dedicated to Humanity","breadcrumb":{"@id":"https:\/\/shrimataji.org\/test\/sk\/home-en\/#breadcrumb"},"inLanguage":"en-US","potentialAction":[{"@type":"ReadAction","target":["https:\/\/shrimataji.org\/test\/sk\/home-en\/"]}]},{"@type":"ImageObject","inLanguage":"en-US","@id":"https:\/\/shrimataji.org\/test\/sk\/home-en\/#primaryimage","url":"https:\/\/shrimataji.org\/test\/wp-content\/uploads\/2018\/07\/media_originals\/images\/shri-mataji-portraits\/shri-mataji-in-belgium-1984.jpg","contentUrl":"https:\/\/shrimataji.org\/test\/wp-content\/uploads\/2018\/07\/media_originals\/images\/shri-mataji-portraits\/shri-mataji-in-belgium-1984.jpg","width":1500,"height":975},{"@type":"BreadcrumbList","@id":"https:\/\/shrimataji.org\/test\/sk\/home-en\/#breadcrumb","itemListElement":[{"@type":"ListItem","position":1,"name":"Home","item":"https:\/\/shrimataji.org\/test\/uk\/home-en\/"},{"@type":"ListItem","position":2,"name":"Home EN"}]},{"@type":"WebSite","@id":"https:\/\/shrimataji.org\/test\/#website","url":"https:\/\/shrimataji.org\/test\/","name":"Shri Mataji Nirmala Devi","description":"A Life Dedicated to Humanity","publisher":{"@id":"https:\/\/shrimataji.org\/test\/#\/schema\/person\/a1b3419c6585f164aa96da1ff85715d1"},"potentialAction":[{"@type":"SearchAction","target":{"@type":"EntryPoint","urlTemplate":"https:\/\/shrimataji.org\/test\/?s={search_term_string}"},"query-input":{"@type":"PropertyValueSpecification","valueRequired":true,"valueName":"search_term_string"}}],"inLanguage":"en-US"},{"@type":["Person","Organization"],"@id":"https:\/\/shrimataji.org\/test\/#\/schema\/person\/a1b3419c6585f164aa96da1ff85715d1","name":"Nirmala Shrivastava","image":{"@type":"ImageObject","inLanguage":"en-US","@id":"https:\/\/shrimataji.org\/test\/wp-content\/uploads\/2023\/02\/SMO_LOGO-03.svg","url":"https:\/\/shrimataji.org\/test\/wp-content\/uploads\/2023\/02\/SMO_LOGO-03.svg","contentUrl":"https:\/\/shrimataji.org\/test\/wp-content\/uploads\/2023\/02\/SMO_LOGO-03.svg","width":"1024","height":"1024","caption":"Nirmala Shrivastava"},"logo":{"@id":"https:\/\/shrimataji.org\/test\/wp-content\/uploads\/2023\/02\/SMO_LOGO-03.svg"},"sameAs":["https:\/\/shrimataji.org\/test","https:\/\/www.facebook.com\/shrimataji","https:\/\/x.com\/shrimataji","https:\/\/www.youtube.com\/@Shri_Mataji_Nirmala_Devi\/featured"]}]}},"lang":"sk","translations":{"sk":12391,"ur":28779,"en":5,"am":18011,"th":19959,"hu":19488,"sq":18412,"zh":17309,"hi":8573,"tr":10167,"pl":10244,"pt":10379,"fr":10751,"it":10849,"es":10946,"ru":11431,"bn":11623,"te":11731,"sw":11854,"he":12002,"el":12293,"fa":12489,"bg":13483,"ro":14558,"cs":14751,"de":15376,"ja":16420,"nl":16572,"ku":16732,"ar":16908,"be":18619,"kn":18893,"mr":20323,"uk":20615,"ml":20912,"ta":22727,"sv":23000,"bs":27286,"fi":28770,"gu":28935,"pa":29004,"fil":29446,"sd":31000,"da":37751,"nn":38303},"pll_sync_post":[],"_links":{"self":[{"href":"https:\/\/shrimataji.org\/test\/wp-json\/wp\/v2\/pages\/12391","targetHints":{"allow":["GET"]}}],"collection":[{"href":"https:\/\/shrimataji.org\/test\/wp-json\/wp\/v2\/pages"}],"about":[{"href":"https:\/\/shrimataji.org\/test\/wp-json\/wp\/v2\/types\/page"}],"author":[{"embeddable":true,"href":"https:\/\/shrimataji.org\/test\/wp-json\/wp\/v2\/users\/1"}],"replies":[{"embeddable":true,"href":"https:\/\/shrimataji.org\/test\/wp-json\/wp\/v2\/comments?post=12391"}],"version-history":[{"count":0,"href":"https:\/\/shrimataji.org\/test\/wp-json\/wp\/v2\/pages\/12391\/revisions"}],"wp:featuredmedia":[{"embeddable":true,"href":"https:\/\/shrimataji.org\/test\/wp-json\/wp\/v2\/media\/276"}],"wp:attachment":[{"href":"https:\/\/shrimataji.org\/test\/wp-json\/wp\/v2\/media?parent=12391"}],"curies":[{"name":"wp","href":"https:\/\/api.w.org\/{rel}","templated":true}]}}