{"id":12399,"date":"2022-01-29T10:02:47","date_gmt":"2022-01-29T10:02:47","guid":{"rendered":"https:\/\/test.shrimataji.org\/?page_id=6394"},"modified":"2026-03-12T10:31:38","modified_gmt":"2026-03-12T10:31:38","slug":"poznanie-korenov-subtilny-system","status":"publish","type":"page","link":"https:\/\/shrimataji.org\/test\/sk\/poznanie-korenov-subtilny-system\/","title":{"rendered":"Poznanie kore\u0148ov-subt\u00edlny syst\u00e9m"},"content":{"rendered":"\n\n\t<h1>Poznanie kore\u0148ov-subt\u00edlny syst\u00e9m<\/h1>\n<h2>Starovek\u00e1 veda o na\u0161ej vn\u00fatornej bytosti<\/h2>\n<h4>D\u00f4le\u017eit\u00fdm aspektom zvl\u00e1dnutia jogy je ma\u0165 pln\u00fa znalos\u0165 o jemnom syst\u00e9me, ktor\u00fd sl\u00fa\u017ei ako mapa pre n\u00e1\u0161 vn\u00fatorn\u00fd v\u00fdvoj.<\/h4>\n\tStarovek\u00e9 indick\u00e9 p\u00edsma &#8211; v\u00e9dy opisuj\u00fa subt\u00edlny syst\u00e9m ako syst\u00e9m kan\u00e1lov &#8211; <a href=\"https:\/\/shrimataji.org\/test\/sk\/kanaly-a-tri-typy-psychiky\/\" target=\"_blank\" rel=\"noopener\">N\u00e1dis<\/a>. Rovnako ako voda te\u010die cez rieky, N\u00e1dis umo\u017e\u0148uj\u00fa pr\u00fadenie jemnej energie v na\u0161ej bytosti. Tento syst\u00e9m zah\u0155\u0148a aj <a href=\"https:\/\/shrimataji.org\/test\/sk\/cakry-a-ich-kvality\/\" target=\"_blank\" rel=\"noopener\">\u010dakry<\/a> (v sanskrite \u010dakra znamen\u00e1 jemn\u00e9 energetick\u00e9 centrum, ktor\u00e9 sa ot\u00e1\u010da ako koleso) a <a href=\"https:\/\/shrimataji.org\/test\/sk\/kundaliny\/\" target=\"_blank\" rel=\"noopener\">Kundaliny<\/a> (\u010do zna\u010d\u00ed zvinut\u00fa energiu, ktor\u00e1 je silou evol\u00facie, vroden\u00e1 v n\u00e1s, v kr\u00ed\u017eovej kosti.) Na\u0161e jemnohmotn\u00e9 telo sa sklad\u00e1 z tis\u00edcov kan\u00e1lov a \u010dakier v r\u00e1mci troch hlavn\u00fdch kan\u00e1lov &#8211; N\u00e1dis: Ida, Pingala a Su\u0161umna a sedem hlavn\u00fdch \u010dakier: <a href=\"https:\/\/shrimataji.org\/test\/sk\/muladhara-cakra\/\" target=\"_blank\" rel=\"noopener\">Muladh\u00e1ry<\/a>, <a href=\"https:\/\/shrimataji.org\/test\/sk\/swadistana-cakra\/\" target=\"_blank\" rel=\"noopener\">Swadi\u0161t\u00e1ny<\/a>, <a href=\"https:\/\/shrimataji.org\/test\/sk\/nabhi-cakra\/\" target=\"_blank\" rel=\"noopener\">N\u00e1bhi<\/a>, <a href=\"http:\/\/shrimataji.org\/test\/sk\/srdcova-cakra\/\" target=\"_blank\" rel=\"noopener\">Anahaty<\/a>, <a href=\"https:\/\/shrimataji.org\/test\/sk\/visudhi-cakra\/\" target=\"_blank\" rel=\"noopener\">Vi\u0161udhi<\/a>, <a href=\"https:\/\/shrimataji.org\/test\/sk\/agnya-cakra\/\" target=\"_blank\" rel=\"noopener\">Agnye<\/a> a <a href=\"https:\/\/shrimataji.org\/test\/sk\/sahasrara-cakra\/\" target=\"_blank\" rel=\"noopener\">Sahasr\u00e1ry<\/a>.<br \/>\n<a href=\"https:\/\/shrimataji.org\/test\/sk\/atma-sk\/\" target=\"_blank\" rel=\"noopener\">\u00c1tma<\/a> &#8211; ve\u010dn\u00e1 Du\u0161a odrazen\u00e1 v na\u0161om srdci.\n<figure itemscope itemtype=\"https:\/\/schema.org\/ImageObject\">\n\t\t\t\t<img decoding=\"async\" src=\"https:\/\/shrimataji.org\/test\/wp-content\/uploads\/2025\/12\/sk-Nadis_Chakras-01-scaled.png\" alt=\"sk-Nadis_Chakras-01\" height=\"2560\" width=\"2095\" title=\"sk-Nadis_Chakras-01\" onerror=\"this.style.display='none'\" loading=\"lazy\" \/>\n\t<\/figure>\n\t<p>Rovnako ako m\u00e1me ve\u013emi zlo\u017eit\u00fa sie\u0165 nervov a nervov\u00fdch pletencov, ktor\u00e9 riadia a kontroluj\u00fa na\u0161e zmyslov\u00e9 org\u00e1ny a motoriku, tak m\u00e1 ka\u017ed\u00fd \u010dlovek vroden\u00fd, subt\u00edlny syst\u00e9m, ktor\u00fd je ve\u013emi dobre zladen\u00fd so sympatick\u00fdm a parasympatikc\u00fdm nervov\u00fdm syst\u00e9mom. Komplexn\u00e1 s\u00fahra n\u00e1\u0161ho jemn\u00e9ho syst\u00e9mu pozost\u00e1vaj\u00faceho z kan\u00e1lov a \u010dakier, spolu s neur\u00f3novou sie\u0165ou v tele a mozgu, sa star\u00e1 o na\u0161u fyzick\u00fa, intelektu\u00e1lnu, emocion\u00e1lnu a duchovn\u00fa bytos\u0165. Subt\u00edlny syst\u00e9m m\u00f4\u017eeme prirovna\u0165 k softw\u00e9ru v po\u010d\u00edta\u010di.<\/p>\n\t<p>Poznatky o jemnohmotnom syst\u00e9me \u010dloveka boli zn\u00e1me u\u017e pred tis\u00edckami rokov. Indick\u00e9 p\u00edsma odha\u013euj\u00fa, \u017ee p\u00e1n \u0160iva bol prv\u00fdm Adiyogi (prv\u00fd jog\u00edn) ktor\u00fd priniesol toto poznanie Sapta Ri\u0161iom (siedmim mudrcom). T\u00edto mudrci priniesli t\u00fato vedu do r\u00f4znych \u010dast\u00ed sveta, ale len v Indii na\u0161iel tento syst\u00e9m svoje \u00fapln\u00e9 uplatnenie.<\/p>\n<p>Hoci tieto poznatky o na\u0161om jemnohmotnom syst\u00e9me boli dobre zn\u00e1me v indickej trad\u00edcii, bola to \u0160ri Matad\u017ei, ktor\u00e1 prv\u00e1 op\u00edsala podrobne tento zlo\u017eit\u00fd mechanizmus cel\u00e9ho subt\u00edlneho syst\u00e9mu, ako funguje v \u017eivom tele u\u017e od rann\u00e9ho \u0161t\u00e1dia v\u00fdvoja plodu v maternici.<\/p>\n<div class=\"su-quote su-quote-style-default\"><div class=\"su-quote-inner su-u-clearfix su-u-trim\"> Tak\u017ee, ke\u010f m\u00e1 die\u0165a dva mesiace v lone matky, t\u00e1to \u017eivotn\u00e1 sila vst\u00fapi do Du\u0161e, cez toto miesto, smerom dole, do vn\u00fatra, cez vrchol hlavy, stredom mozgu, cez stavce a miechu a\u017e do trojuholn\u00edkovej kosti. Ako t\u00e1to sila Kundaliny pr\u00fadi, ob\u010das sa zastav\u00ed na mieste \u010dakier. Tieto \u010dakry \u017eij\u00fa vo vn\u00fatri ako centr\u00e1 energie, z hmotn\u00e9ho h\u013eadiska ich lek\u00e1ri naz\u00fdvaj\u00fa plexusmi &#8211; pletencami parasympatick\u00e9ho nervov\u00e9ho syst\u00e9mu. <\/div><\/div>\n<p>Pou\u017eit\u00edm jednoduchej anal\u00f3gie oh\u00fdbania svetla v hranole, vysvetlila \u0160ri Matad\u017ei ako sa vyv\u00edjal \u013eudsk\u00fd mozog z ploch\u00e9ho na hranolov\u00fa \u0161trukt\u00faru, ktor\u00fd umo\u017e\u0148uje komplexn\u00fa stavbu jemn\u00fdch energi\u00ed, ktor\u00e9 sa odr\u00e1\u017eaj\u00fa a mie\u0161aj\u00fa v zlo\u017eitom nervovom syst\u00e9me \u010dloveka.<\/p>\n<p>Realizovan\u00fd (osvieten\u00fd) \u010dlovek \u010dasto c\u00edti chladn\u00fd v\u00e1nok vych\u00e1dzaj\u00faci z fontanelovej oblasti novorodenca. \u0160ri Matad\u017ei vysvetlila tento jav ako aktivitu v\u0161etkoprenikaj\u00facej energie Bo\u017eej l\u00e1sky, ktor\u00fa nazvala <a href=\"https:\/\/shrimataji.org\/test\/sk\/paramcaitania\/\" target=\"_blank\" rel=\"noopener\">Param\u010daitanya<\/a>, po\u010das rann\u00e9ho \u0161t\u00e1dia n\u00e1\u0161ho v\u00fdvoja. Deti m\u00f4\u017eeme vidie\u0165 ako si \u010dasto cm\u00fa\u013eaj\u00fa prst, \u010do si m\u00f4\u017ee realizovan\u00e1 du\u0161a \u013eahko rozl\u00fa\u0161ti\u0165 ako po\u0161kodenie v konkr\u00e9tnej \u010dakre. Nesk\u00f4r toto jemn\u00e9 poznanie ustupuje, ako v\u00e1penatej\u00fa lebe\u010dn\u00e9 kosti a rozv\u00edja sa ego jedinca aj jeho podmienenosti, a my si viac uvedomujeme a stoto\u017e\u0148ujeme sa s hrubohmotn\u00fdm svetom okolo n\u00e1s.<\/p>\n<p>Prostredn\u00edctvom Sebarealiz\u00e1cie a medit\u00e1cie sme schopn\u00ed obnovi\u0165 toto p\u00f4vodn\u00e9 spojenie s na\u0161ou jemnohmotnou bytos\u0165ou.<\/p>\n\t\t<img decoding=\"async\" data-spai-excluded=\"true\" loading=\"lazy\"  alt=\"YouTube player\"  src=\"https:\/\/i.ytimg.com\/vi\/PrwmhC45nVc\/maxresdefault.jpg\"  \/><button aria-label=\"Play\"><\/button><meta itemprop=\"embedUrl\" content=\"https:\/\/www.youtube.com\/embed\/PrwmhC45nVc\"\/><meta itemprop=\"name\" content=\"Knowledge of the roots\"\/><meta itemprop=\"description\" content=\"YouTube video\"\/><meta itemprop=\"thumbnailUrl\" content=\"https:\/\/i.ytimg.com\/vi\/PrwmhC45nVc\/0.jpg\"\/><meta itemprop=\"duration\" content=\"PT1M35S\"\/><meta itemprop=\"uploadDate\" content=\"2022-11-12T03:23:30Z\"\/>\t\n\n","protected":false},"excerpt":{"rendered":"<p>Poznanie kore\u0148ov-subt\u00edlny syst\u00e9m Starovek\u00e1 veda o na\u0161ej vn\u00fatornej bytosti D\u00f4le\u017eit\u00fdm aspektom zvl\u00e1dnutia jogy je ma\u0165 pln\u00fa znalos\u0165 o jemnom syst\u00e9me, ktor\u00fd sl\u00fa\u017ei ako mapa pre n\u00e1\u0161 vn\u00fatorn\u00fd v\u00fdvoj. Starovek\u00e9 indick\u00e9 p\u00edsma &#8211; v\u00e9dy opisuj\u00fa subt\u00edlny syst\u00e9m ako syst\u00e9m kan\u00e1lov &#8211; N\u00e1dis. Rovnako ako voda te\u010die cez rieky, N\u00e1dis umo\u017e\u0148uj\u00fa pr\u00fadenie jemnej energie v na\u0161ej bytosti.&hellip; <br \/> <a class=\"read-more\" href=\"https:\/\/shrimataji.org\/test\/sk\/poznanie-korenov-subtilny-system\/\">Read more<\/a><\/p>\n","protected":false},"author":28,"featured_media":9242,"parent":0,"menu_order":0,"comment_status":"closed","ping_status":"closed","template":"","meta":{"inline_featured_image":false,"footnotes":""},"class_list":["post-12399","page","type-page","status-publish","has-post-thumbnail","hentry"],"yoast_head":"<!-- This site is optimized with the Yoast SEO plugin v27.4 - https:\/\/yoast.com\/product\/yoast-seo-wordpress\/ -->\n<title>Poznanie kore\u0148ov-subt\u00edlny syst\u00e9m - TEST - SMND<\/title>\n<meta name=\"robots\" content=\"noindex, follow, max-snippet:-1, max-image-preview:large, max-video-preview:-1\" \/>\n<meta property=\"og:locale\" content=\"en_US\" \/>\n<meta property=\"og:type\" content=\"article\" \/>\n<meta property=\"og:title\" content=\"Poznanie kore\u0148ov-subt\u00edlny syst\u00e9m - TEST - SMND\" \/>\n<meta property=\"og:description\" content=\"Poznanie kore\u0148ov-subt\u00edlny syst\u00e9m Starovek\u00e1 veda o na\u0161ej vn\u00fatornej bytosti D\u00f4le\u017eit\u00fdm aspektom zvl\u00e1dnutia jogy je ma\u0165 pln\u00fa znalos\u0165 o jemnom syst\u00e9me, ktor\u00fd sl\u00fa\u017ei ako mapa pre n\u00e1\u0161 vn\u00fatorn\u00fd v\u00fdvoj. Starovek\u00e9 indick\u00e9 p\u00edsma &#8211; v\u00e9dy opisuj\u00fa subt\u00edlny syst\u00e9m ako syst\u00e9m kan\u00e1lov &#8211; N\u00e1dis. Rovnako ako voda te\u010die cez rieky, N\u00e1dis umo\u017e\u0148uj\u00fa pr\u00fadenie jemnej energie v na\u0161ej bytosti.&hellip; Read more\" \/>\n<meta property=\"og:url\" content=\"https:\/\/shrimataji.org\/test\/sk\/poznanie-korenov-subtilny-system\/\" \/>\n<meta property=\"og:site_name\" content=\"TEST - SMND\" \/>\n<meta property=\"article:publisher\" content=\"https:\/\/www.facebook.com\/shrimataji\" \/>\n<meta property=\"article:modified_time\" content=\"2026-03-12T10:31:38+00:00\" \/>\n<meta property=\"og:image\" content=\"https:\/\/shrimataji.org\/test\/wp-content\/uploads\/2023\/03\/7_Banner-SY-Roots-2-scaled.jpg\" \/>\n\t<meta property=\"og:image:width\" content=\"2560\" \/>\n\t<meta property=\"og:image:height\" content=\"905\" \/>\n\t<meta property=\"og:image:type\" content=\"image\/jpeg\" \/>\n<meta name=\"twitter:card\" content=\"summary_large_image\" \/>\n<meta name=\"twitter:site\" content=\"@shrimataji\" \/>\n<meta name=\"twitter:label1\" content=\"Est. reading time\" \/>\n\t<meta name=\"twitter:data1\" content=\"3 minutes\" \/>\n<script type=\"application\/ld+json\" class=\"yoast-schema-graph\">{\"@context\":\"https:\\\/\\\/schema.org\",\"@graph\":[{\"@type\":\"WebPage\",\"@id\":\"https:\\\/\\\/shrimataji.org\\\/test\\\/sk\\\/poznanie-korenov-subtilny-system\\\/\",\"url\":\"https:\\\/\\\/shrimataji.org\\\/test\\\/sk\\\/poznanie-korenov-subtilny-system\\\/\",\"name\":\"Poznanie kore\u0148ov-subt\u00edlny syst\u00e9m - TEST - SMND\",\"isPartOf\":{\"@id\":\"https:\\\/\\\/shrimataji.org\\\/test\\\/#website\"},\"primaryImageOfPage\":{\"@id\":\"https:\\\/\\\/shrimataji.org\\\/test\\\/sk\\\/poznanie-korenov-subtilny-system\\\/#primaryimage\"},\"image\":{\"@id\":\"https:\\\/\\\/shrimataji.org\\\/test\\\/sk\\\/poznanie-korenov-subtilny-system\\\/#primaryimage\"},\"thumbnailUrl\":\"https:\\\/\\\/shrimataji.org\\\/test\\\/wp-content\\\/uploads\\\/2023\\\/03\\\/7_Banner-SY-Roots-2-scaled.jpg\",\"datePublished\":\"2022-01-29T10:02:47+00:00\",\"dateModified\":\"2026-03-12T10:31:38+00:00\",\"breadcrumb\":{\"@id\":\"https:\\\/\\\/shrimataji.org\\\/test\\\/sk\\\/poznanie-korenov-subtilny-system\\\/#breadcrumb\"},\"inLanguage\":\"en-US\",\"potentialAction\":[{\"@type\":\"ReadAction\",\"target\":[\"https:\\\/\\\/shrimataji.org\\\/test\\\/sk\\\/poznanie-korenov-subtilny-system\\\/\"]}]},{\"@type\":\"ImageObject\",\"inLanguage\":\"en-US\",\"@id\":\"https:\\\/\\\/shrimataji.org\\\/test\\\/sk\\\/poznanie-korenov-subtilny-system\\\/#primaryimage\",\"url\":\"https:\\\/\\\/shrimataji.org\\\/test\\\/wp-content\\\/uploads\\\/2023\\\/03\\\/7_Banner-SY-Roots-2-scaled.jpg\",\"contentUrl\":\"https:\\\/\\\/shrimataji.org\\\/test\\\/wp-content\\\/uploads\\\/2023\\\/03\\\/7_Banner-SY-Roots-2-scaled.jpg\",\"width\":2560,\"height\":905},{\"@type\":\"BreadcrumbList\",\"@id\":\"https:\\\/\\\/shrimataji.org\\\/test\\\/sk\\\/poznanie-korenov-subtilny-system\\\/#breadcrumb\",\"itemListElement\":[{\"@type\":\"ListItem\",\"position\":1,\"name\":\"Home\",\"item\":\"https:\\\/\\\/shrimataji.org\\\/test\\\/uk\\\/home-en\\\/\"},{\"@type\":\"ListItem\",\"position\":2,\"name\":\"Poznanie kore\u0148ov-subt\u00edlny syst\u00e9m\"}]},{\"@type\":\"WebSite\",\"@id\":\"https:\\\/\\\/shrimataji.org\\\/test\\\/#website\",\"url\":\"https:\\\/\\\/shrimataji.org\\\/test\\\/\",\"name\":\"Shri Mataji Nirmala Devi\",\"description\":\"A Life Dedicated to Humanity\",\"publisher\":{\"@id\":\"https:\\\/\\\/shrimataji.org\\\/test\\\/#\\\/schema\\\/person\\\/a1b3419c6585f164aa96da1ff85715d1\"},\"potentialAction\":[{\"@type\":\"SearchAction\",\"target\":{\"@type\":\"EntryPoint\",\"urlTemplate\":\"https:\\\/\\\/shrimataji.org\\\/test\\\/?s={search_term_string}\"},\"query-input\":{\"@type\":\"PropertyValueSpecification\",\"valueRequired\":true,\"valueName\":\"search_term_string\"}}],\"inLanguage\":\"en-US\"},{\"@type\":[\"Person\",\"Organization\"],\"@id\":\"https:\\\/\\\/shrimataji.org\\\/test\\\/#\\\/schema\\\/person\\\/a1b3419c6585f164aa96da1ff85715d1\",\"name\":\"Nirmala Shrivastava\",\"image\":{\"@type\":\"ImageObject\",\"inLanguage\":\"en-US\",\"@id\":\"https:\\\/\\\/shrimataji.org\\\/test\\\/wp-content\\\/uploads\\\/2023\\\/02\\\/SMO_LOGO-03.svg\",\"url\":\"https:\\\/\\\/shrimataji.org\\\/test\\\/wp-content\\\/uploads\\\/2023\\\/02\\\/SMO_LOGO-03.svg\",\"contentUrl\":\"https:\\\/\\\/shrimataji.org\\\/test\\\/wp-content\\\/uploads\\\/2023\\\/02\\\/SMO_LOGO-03.svg\",\"width\":\"1024\",\"height\":\"1024\",\"caption\":\"Nirmala Shrivastava\"},\"logo\":{\"@id\":\"https:\\\/\\\/shrimataji.org\\\/test\\\/wp-content\\\/uploads\\\/2023\\\/02\\\/SMO_LOGO-03.svg\"},\"sameAs\":[\"https:\\\/\\\/shrimataji.org\\\/test\",\"https:\\\/\\\/www.facebook.com\\\/shrimataji\",\"https:\\\/\\\/x.com\\\/shrimataji\",\"https:\\\/\\\/www.youtube.com\\\/@Shri_Mataji_Nirmala_Devi\\\/featured\"]}]}<\/script>\n<!-- \/ Yoast SEO plugin. -->","yoast_head_json":{"title":"Poznanie kore\u0148ov-subt\u00edlny syst\u00e9m - TEST - SMND","robots":{"index":"noindex","follow":"follow","max-snippet":"max-snippet:-1","max-image-preview":"max-image-preview:large","max-video-preview":"max-video-preview:-1"},"og_locale":"en_US","og_type":"article","og_title":"Poznanie kore\u0148ov-subt\u00edlny syst\u00e9m - TEST - SMND","og_description":"Poznanie kore\u0148ov-subt\u00edlny syst\u00e9m Starovek\u00e1 veda o na\u0161ej vn\u00fatornej bytosti D\u00f4le\u017eit\u00fdm aspektom zvl\u00e1dnutia jogy je ma\u0165 pln\u00fa znalos\u0165 o jemnom syst\u00e9me, ktor\u00fd sl\u00fa\u017ei ako mapa pre n\u00e1\u0161 vn\u00fatorn\u00fd v\u00fdvoj. Starovek\u00e9 indick\u00e9 p\u00edsma &#8211; v\u00e9dy opisuj\u00fa subt\u00edlny syst\u00e9m ako syst\u00e9m kan\u00e1lov &#8211; N\u00e1dis. Rovnako ako voda te\u010die cez rieky, N\u00e1dis umo\u017e\u0148uj\u00fa pr\u00fadenie jemnej energie v na\u0161ej bytosti.&hellip; Read more","og_url":"https:\/\/shrimataji.org\/test\/sk\/poznanie-korenov-subtilny-system\/","og_site_name":"TEST - SMND","article_publisher":"https:\/\/www.facebook.com\/shrimataji","article_modified_time":"2026-03-12T10:31:38+00:00","og_image":[{"width":2560,"height":905,"url":"https:\/\/shrimataji.org\/test\/wp-content\/uploads\/2023\/03\/7_Banner-SY-Roots-2-scaled.jpg","type":"image\/jpeg"}],"twitter_card":"summary_large_image","twitter_site":"@shrimataji","twitter_misc":{"Est. reading time":"3 minutes"},"schema":{"@context":"https:\/\/schema.org","@graph":[{"@type":"WebPage","@id":"https:\/\/shrimataji.org\/test\/sk\/poznanie-korenov-subtilny-system\/","url":"https:\/\/shrimataji.org\/test\/sk\/poznanie-korenov-subtilny-system\/","name":"Poznanie kore\u0148ov-subt\u00edlny syst\u00e9m - TEST - SMND","isPartOf":{"@id":"https:\/\/shrimataji.org\/test\/#website"},"primaryImageOfPage":{"@id":"https:\/\/shrimataji.org\/test\/sk\/poznanie-korenov-subtilny-system\/#primaryimage"},"image":{"@id":"https:\/\/shrimataji.org\/test\/sk\/poznanie-korenov-subtilny-system\/#primaryimage"},"thumbnailUrl":"https:\/\/shrimataji.org\/test\/wp-content\/uploads\/2023\/03\/7_Banner-SY-Roots-2-scaled.jpg","datePublished":"2022-01-29T10:02:47+00:00","dateModified":"2026-03-12T10:31:38+00:00","breadcrumb":{"@id":"https:\/\/shrimataji.org\/test\/sk\/poznanie-korenov-subtilny-system\/#breadcrumb"},"inLanguage":"en-US","potentialAction":[{"@type":"ReadAction","target":["https:\/\/shrimataji.org\/test\/sk\/poznanie-korenov-subtilny-system\/"]}]},{"@type":"ImageObject","inLanguage":"en-US","@id":"https:\/\/shrimataji.org\/test\/sk\/poznanie-korenov-subtilny-system\/#primaryimage","url":"https:\/\/shrimataji.org\/test\/wp-content\/uploads\/2023\/03\/7_Banner-SY-Roots-2-scaled.jpg","contentUrl":"https:\/\/shrimataji.org\/test\/wp-content\/uploads\/2023\/03\/7_Banner-SY-Roots-2-scaled.jpg","width":2560,"height":905},{"@type":"BreadcrumbList","@id":"https:\/\/shrimataji.org\/test\/sk\/poznanie-korenov-subtilny-system\/#breadcrumb","itemListElement":[{"@type":"ListItem","position":1,"name":"Home","item":"https:\/\/shrimataji.org\/test\/uk\/home-en\/"},{"@type":"ListItem","position":2,"name":"Poznanie kore\u0148ov-subt\u00edlny syst\u00e9m"}]},{"@type":"WebSite","@id":"https:\/\/shrimataji.org\/test\/#website","url":"https:\/\/shrimataji.org\/test\/","name":"Shri Mataji Nirmala Devi","description":"A Life Dedicated to Humanity","publisher":{"@id":"https:\/\/shrimataji.org\/test\/#\/schema\/person\/a1b3419c6585f164aa96da1ff85715d1"},"potentialAction":[{"@type":"SearchAction","target":{"@type":"EntryPoint","urlTemplate":"https:\/\/shrimataji.org\/test\/?s={search_term_string}"},"query-input":{"@type":"PropertyValueSpecification","valueRequired":true,"valueName":"search_term_string"}}],"inLanguage":"en-US"},{"@type":["Person","Organization"],"@id":"https:\/\/shrimataji.org\/test\/#\/schema\/person\/a1b3419c6585f164aa96da1ff85715d1","name":"Nirmala Shrivastava","image":{"@type":"ImageObject","inLanguage":"en-US","@id":"https:\/\/shrimataji.org\/test\/wp-content\/uploads\/2023\/02\/SMO_LOGO-03.svg","url":"https:\/\/shrimataji.org\/test\/wp-content\/uploads\/2023\/02\/SMO_LOGO-03.svg","contentUrl":"https:\/\/shrimataji.org\/test\/wp-content\/uploads\/2023\/02\/SMO_LOGO-03.svg","width":"1024","height":"1024","caption":"Nirmala Shrivastava"},"logo":{"@id":"https:\/\/shrimataji.org\/test\/wp-content\/uploads\/2023\/02\/SMO_LOGO-03.svg"},"sameAs":["https:\/\/shrimataji.org\/test","https:\/\/www.facebook.com\/shrimataji","https:\/\/x.com\/shrimataji","https:\/\/www.youtube.com\/@Shri_Mataji_Nirmala_Devi\/featured"]}]}},"lang":"sk","translations":{"sk":12399,"ur":37451,"en":6394,"am":18023,"th":19978,"hu":19503,"sq":18424,"zh":17321,"hi":8288,"tr":10174,"pt":10386,"de":10660,"fr":10758,"it":10856,"es":10953,"ja":11250,"ru":11438,"bn":11630,"te":11738,"sw":11861,"he":12009,"el":12301,"fa":12497,"fi":12595,"bg":13395,"ro":14469,"cs":14662,"nl":16584,"ku":16744,"ar":16920,"be":18631,"kn":18905,"mr":20342,"uk":20634,"ml":20929,"ta":22742,"sv":23014,"gu":28856,"pa":29016,"fil":29460,"da":37764,"pl":37976,"nn":38316},"pll_sync_post":[],"_links":{"self":[{"href":"https:\/\/shrimataji.org\/test\/wp-json\/wp\/v2\/pages\/12399","targetHints":{"allow":["GET"]}}],"collection":[{"href":"https:\/\/shrimataji.org\/test\/wp-json\/wp\/v2\/pages"}],"about":[{"href":"https:\/\/shrimataji.org\/test\/wp-json\/wp\/v2\/types\/page"}],"author":[{"embeddable":true,"href":"https:\/\/shrimataji.org\/test\/wp-json\/wp\/v2\/users\/28"}],"replies":[{"embeddable":true,"href":"https:\/\/shrimataji.org\/test\/wp-json\/wp\/v2\/comments?post=12399"}],"version-history":[{"count":0,"href":"https:\/\/shrimataji.org\/test\/wp-json\/wp\/v2\/pages\/12399\/revisions"}],"wp:featuredmedia":[{"embeddable":true,"href":"https:\/\/shrimataji.org\/test\/wp-json\/wp\/v2\/media\/9242"}],"wp:attachment":[{"href":"https:\/\/shrimataji.org\/test\/wp-json\/wp\/v2\/media?parent=12399"}],"curies":[{"name":"wp","href":"https:\/\/api.w.org\/{rel}","templated":true}]}}