{"id":12400,"date":"2022-01-29T10:17:23","date_gmt":"2022-01-29T10:17:23","guid":{"rendered":"https:\/\/test.shrimataji.org\/?page_id=6401"},"modified":"2026-03-12T10:34:09","modified_gmt":"2026-03-12T10:34:09","slug":"kundaliny","status":"publish","type":"page","link":"https:\/\/shrimataji.org\/test\/sk\/kundaliny\/","title":{"rendered":"Kundaliny"},"content":{"rendered":"\n\n\t<h1>Kundaliny<\/h1>\n<h2>Sila l\u00e1sky a evol\u00facie<\/h2>\n\t<div class=\"su-quote su-quote-style-default\"><div class=\"su-quote-inner su-u-clearfix su-u-trim\">Videla som prap\u00f4vodn\u00fa Kundaliny st\u00fapa\u0165 ako ve\u013ek\u00fd ohe\u0148, ktor\u00fd bol ve\u013emi tich\u00fd, ale vyzerala ako horiaci ohe\u0148. Podobne ako ke\u010f zohrievate nejak\u00fd kov, m\u00e1 viacej farieb, rovnak\u00fd vzh\u013ead mala Kundaliny , ako obrovsk\u00e1 pec, ktor\u00e1 je ako tunel, v ktorom sa spa\u013euje uhlie na v\u00fdrobu elektriny. St\u00e1le sa zv\u00e4\u010d\u0161ovala viac a viac, akoby vy\u0161\u013eahla von. <\/div><\/div>\n\t<h4>T\u00e1to v\u00fdnimo\u010dn\u00e1 duchovn\u00e1 sk\u00fasenos\u0165 \u0160ri Matad\u017ei s prebuden\u00edm prap\u00f4vodnej Kundaliny a jej zlo\u017eit\u00e9 fungovanie v na\u0161om jemnohmotnom syst\u00e9me sa stali z\u00e1kladom medit\u00e1cie Sahad\u017ea jogy, ktor\u00e1 sa roz\u0161\u00edrila vo svete. Ako dokonal\u00fd majster a autorita v tejto oblasti podrobne op\u00edsala ako Kundaliny vstupuje do plodu vo ve\u013emi skorom \u0161t\u00e1diu formovania plodu. Ako aj jej bo\u017esk\u00fa podstatu a d\u00f4vody ,pre\u010do t\u00e1to mocn\u00e1 bo\u017eia sila l\u00e1sky re\u0161pektuje na\u0161u slobodu a nezasahuje do na\u0161ej slobodnej v\u00f4le.<\/h4>\n<p>Len na\u0161e \u010dist\u00e9 \u017eelanie za\u017ei\u0165 absol\u00fatnu pravdu sp\u00f4sob\u00ed prebudenie tejto duchovnej sily v na\u0161om vedom\u00ed a vedie k na\u0161ej Sebarealiz\u00e1cii.<\/p>\n\t<p>V ka\u017edej \u013eudskej bytosti je tento jemn\u00fd, \u017eensk\u00fd prototyp tejto duchovnej energie, umiestnen\u00fd v kr\u00ed\u017eovej kosti, vo ve\u013ekej trojuholn\u00edkovej kosti v spodnej \u010dasti chrbtice. T\u00e1to \u017eensk\u00e1 energia je v Sanskrite naz\u00fdvan\u00e1 Kundaliny, \u010do zna\u010d\u00ed sto\u010den\u00e1 do tri a pol \u0161pir\u00e1ly. Ke\u010f sa prebud\u00ed Kundaliny, st\u00fapa chrbticou prech\u00e1dza na\u0161\u00edmi <a href=\"https:\/\/shrimataji.org\/test\/sk\/cakry-a-ich-kvality\/\" target=\"_blank\" rel=\"noopener\">\u010dakrami<\/a> &#8211; energetick\u00fdmi centrami a vych\u00e1dza z fontanely na hlave, miesto ktor\u00e9 maj\u00fa deti m\u00e4kk\u00e9. Ke\u010f prejde touto oblas\u0165ou, za\u017e\u00edjeme ju ako chladn\u00fd v\u00e1nok, ako font\u00e1nu. Je zauj\u00edmav\u00e9, \u017ee n\u00e1zov fontanela je odvoden\u00fd od star\u00e9ho franc\u00fazkeho slova &#8220;fontanelle&#8221;, \u010do zna\u010d\u00ed mal\u00e1 font\u00e1na.<\/p>\n<p>Kundaliny je odrazom ve\u010dnej sily Bo\u017eej l\u00e1sky, zdroja v\u0161etk\u00e9ho stvorenia. T\u00e1to sila je univerz\u00e1lna, mysl\u00ed, ch\u00e1pe, koordinuje, spolupracuje a v\u0161etko harmonizuje, od najmen\u0161\u00edch \u010dast\u00edc at\u00f3mu a\u017e po jednobunkov\u00e9 formy \u017eivota.<\/p>\n<figure itemscope itemtype=\"https:\/\/schema.org\/ImageObject\">\n\t\t\t\t<img decoding=\"async\" src=\"https:\/\/shrimataji.org\/test\/wp-content\/uploads\/2025\/12\/sk-1a-Kundalini-01-scaled.png\" alt=\"sk-1a-Kundalini-01\" height=\"2560\" width=\"2403\" title=\"sk-1a-Kundalini-01\" onerror=\"this.style.display='none'\" loading=\"lazy\" \/>\n\t<\/figure>\n<figure itemscope itemtype=\"https:\/\/schema.org\/ImageObject\">\n\t\t\t\t<img decoding=\"async\" src=\"https:\/\/shrimataji.org\/test\/wp-content\/uploads\/2023\/02\/Sacrum-1-scaled.jpg\" alt=\"Sacrum\" height=\"2225\" width=\"2560\" title=\"Sacrum\" onerror=\"this.style.display='none'\" loading=\"lazy\" \/>\n\t<\/figure>\n\t<p>\u0160ri Matad\u017ei pouk\u00e1zala na to, \u017ee hoci bolo poznanie o Kundaliny udr\u017eovan\u00e9 v tajnosti v niektor\u00fdch sekt\u00e1ch jogy, ako Natha Panthis, v mnoh\u00fdch starovek\u00fdch kult\u00farach a trad\u00edci\u00e1ch existuje ve\u013ea odkazov na Kundaliny. Patria sem starovek\u00e9 odkazy na trojuholnikov\u00fa kos\u0165 na konci chrbtice, kde s\u00eddli Kundaliny, naz\u00fdvan\u00fa Os Sacrum, \u010do znamen\u00e1 posv\u00e4tn\u00e1 a bolo odvoden\u00e9 zo star\u0161ieho gr\u00e9ckeho slova Hieron osteon. Existuj\u00fa zmienky v staroegyptskej kult\u00fare, ktor\u00e1 t\u00fato kos\u0165 pova\u017eovala za posv\u00e4tn\u00fa kv\u00f4li Bohovi Osirisovi (Boh vzkriesenia a po\u013enohospod\u00e1rstva). Odkaz na toto posv\u00e4tn\u00e9 miesto n\u00e1jdeme aj v Biblii v \u017ealme 34:20 &#8220;ochra\u0148uje v\u0161etky svoje kosti, \u017eiadna z nich nie je zlomen\u00e1&#8221;. Caduceus, ktor\u00fd sa stal symbolom alch\u00fdmie a farm\u00e1cie v stredovekej Eur\u00f3pe, vyobrazil dvoch hadov \u0161pir\u00e1lovito obto\u010den\u00fdch na st\u013ape. Mnoh\u00e9 starovek\u00e9 umeleck\u00e9 diela zobrazuj\u00fa tri a pol \u0161pir\u00e1ly ako formu Kundaliny. To v\u0161etko nazna\u010duje, \u017ee \u013eudia boli po\u010das hist\u00f3rie veden\u00ed touto jemnou silou.<\/p>\n\t<div class=\"epyt-video-wrapper\"><div  data-ep-a=\"fadeIn\"  style=\"display: block; margin: 0px auto;\"  id=\"_ytid_89539\"  width=\"3840\" height=\"2160\"  data-origwidth=\"3840\" data-origheight=\"2160\" data-facadesrc=\"https:\/\/www.youtube.com\/embed\/d9vKBI_X_QY?enablejsapi=1&autoplay=0&cc_load_policy=0&cc_lang_pref=&iv_load_policy=1&loop=0&rel=0&fs=1&playsinline=1&autohide=2&theme=dark&color=red&controls=1&disablekb=0&\" class=\"__youtube_prefs__ epyt-facade  no-lazyload\" data-epautoplay=\"1\" ><img decoding=\"async\" data-spai-excluded=\"true\" class=\"epyt-facade-poster skip-lazy\" loading=\"lazy\"  alt=\"YouTube player\"  src=\"https:\/\/i.ytimg.com\/vi\/d9vKBI_X_QY\/maxresdefault.jpg\"  \/><button class=\"epyt-facade-play\" aria-label=\"Play\"><svg data-no-lazy=\"1\" height=\"100%\" version=\"1.1\" viewBox=\"0 0 68 48\" width=\"100%\"><path class=\"ytp-large-play-button-bg\" d=\"M66.52,7.74c-0.78-2.93-2.49-5.41-5.42-6.19C55.79,.13,34,0,34,0S12.21,.13,6.9,1.55 C3.97,2.33,2.27,4.81,1.48,7.74C0.06,13.05,0,24,0,24s0.06,10.95,1.48,16.26c0.78,2.93,2.49,5.41,5.42,6.19 C12.21,47.87,34,48,34,48s21.79-0.13,27.1-1.55c2.93-0.78,4.64-3.26,5.42-6.19C67.94,34.95,68,24,68,24S67.94,13.05,66.52,7.74z\" fill=\"#f00\"><\/path><path d=\"M 45,24 27,14 27,34\" fill=\"#fff\"><\/path><\/svg><\/button><\/div><\/div><span itemprop=\"video\" itemscope itemtype=\"http:\/\/schema.org\/VideoObject\"><meta itemprop=\"embedUrl\" content=\"https:\/\/www.youtube.com\/embed\/d9vKBI_X_QY\"><meta itemprop=\"name\" content=\"Kundalini, the pure desire\"><meta itemprop=\"description\" content=\"YouTube video\"><meta itemprop=\"thumbnailUrl\" content=\"https:\/\/i.ytimg.com\/vi\/d9vKBI_X_QY\/0.jpg\"><meta itemprop=\"duration\" content=\"PT3M57S\"><meta itemprop=\"uploadDate\" content=\"2022-11-12T03:31:46Z\"><\/span>\n\t<p>\u0160ri Matad\u017ei objasnila mnoho falo\u0161n\u00fdch predst\u00e1v o tom, \u017ee prebudenie Kundaliny je nebezpe\u010dn\u00e9, alebo \u0161kodliv\u00e9. Uviedla jasn\u00fa anal\u00f3giu Kundaliny ako na\u0161ej vlastnej duchovnej Matky, ktor\u00e1 je v n\u00e1s vroden\u00e1, sprev\u00e1dza n\u00e1s na ceste \u017eivotom, po\u010das mnoh\u00fdch \u017eivotov trpezlivo \u010dak\u00e1, k\u00fdm zat\u00fa\u017eime po Sebarealiz\u00e1cii. Tak isto neexistuje \u017eiadne zviera na zemi, ktor\u00e9ho matka ubl\u00ed\u017ei vlastn\u00e9mu ml\u00e1\u010fa\u0165u. Kundaliny je sk\u00f4r matka, ktor\u00e1 ochra\u0148uje, vy\u017eivuje a podporuje svoje die\u0165a, aby dosiahlo svoj najvy\u0161\u0161\u00ed duchovn\u00fd cie\u013e.<\/p>\n<h5>&#8220;Nem\u00e1 tvar no je dokonal\u00e1, existuje medzi nebom a zemou. Tich\u00e1, neobmedzen\u00e1, sama a nemenn\u00e1. Prenik\u00e1 v\u0161etk\u00fdm, no pracuje ne\u00fanavne. Je to matka v\u0161etk\u00fdch na zemi. Neviem jej meno, preto ju vol\u00e1m Tao.<\/h5>\n<h5>Lao Tzu &#8211; kr\u00e1\u013e Tao Te<\/h5>\n<p>Mystick\u00fd z\u00e1\u017eitok s Kundaliny bol pop\u00edsan\u00fd mnoh\u00fdmi sv\u00e4tcami v Indii ako : Adi \u0160ankara\u010darija (700 n\u00e1\u0161ho letopo\u010dtu), Kabir (1400 n\u00e1\u0161ho letopo\u010dtu), D\u017eanadeva (1200 n\u00e1\u0161ho letopo\u010dtu) ako aj mnoh\u00fdmi in\u00fdmi.<\/p>\n<p>Energia Kundaliny je vo v\u0161eobecnosti ne\u010dinn\u00e1, cie\u013eom Sebarealiz\u00e1cie je ju prebudi\u0165, aby sa prejavili jej vlastnosti. M\u00f4\u017ee sa prebudi\u0165 silou n\u00e1\u0161ho \u010d\u00edst\u00e9ho \u017eelania- \u017eelania pozna\u0165 svoje prav\u00e9 ja, svoju Du\u0161u. Na\u0161e prav\u00e9 Ja je \u010dasto ukryt\u00e9 za na\u0161imi vlastn\u00fdmi my\u0161lienkami a em\u00f3ciami, ale ke\u010f vyst\u00fapi Kundaliny, spont\u00e1nne n\u00e1s privedie do stavu medit\u00e1cie, v ktorom sa m\u00f4\u017ee prejavi\u0165 na\u0161a \u010dist\u00e1 Du\u0161a. Takto sa m\u00f4\u017eeme odp\u00fata\u0165 od my\u0161lienok a em\u00f3ci\u00ed a za\u017ei\u0165 \u010dist\u00fa rados\u0165 a pokoj, ktor\u00fd v ka\u017edom z n\u00e1s existuje ve\u010dne.<\/p>\n<h5>&#8220;Odvr\u00e1til som sa od hmoty&#8230;vst\u00fapil som do nebies mysle, kde sa otvorila desiata br\u00e1na. Sto\u010den\u00e1 energia Kundaliny otvorila \u010dakry a ja som stretol svojho zvrchovan\u00e9ho P\u00e1na Kr\u00e1\u013ea, bez strachu.&#8221;<\/h5>\n<h5>Sant Kabir<\/h5>\n<p>\u00da\u010dinky Kundaliny m\u00f4\u017eeme c\u00edti\u0165 v jemnom syst\u00e9me &#8211; na fyzickej \u00farovni je to centr\u00e1lny nervov\u00fd syst\u00e9m. Ke\u010f Kundaliny st\u00fapa, prech\u00e1dza \u010dakrami, ktor\u00e9 zodpovedaj\u00fa hlavn\u00fdm nervov\u00fdm pletencom pozd\u013a\u017e chrbtice. \u0160ri Matad\u017ei vysvetlila, \u017ee Kundaliny si m\u00f4\u017eeme predstavi\u0165 ako povraz s mili\u00f3nmi pramienkov. Ke\u010f prv\u00fd kr\u00e1t z\u00edstkame svoju Sebarealiz\u00e1ciu, len jeden, alebo dva pramienky prejd\u00fa \u010dakrami, aby dosiahli Sahasr\u00e1ru na vrchole hlavy. Pri ka\u017edodennej medit\u00e1cii, vyst\u00fapi viac a viac pramienkov Kundaliny, \u010d\u00edm sa zosi\u013e\u0148uje na\u0161a medit\u00e1cia, dost\u00e1vame sa viac do h\u013abky a bla\u017eenosti.<\/p>\n<p>&nbsp;<\/p>\n<div class=\"su-quote su-quote-style-default\"><div class=\"su-quote-inner su-u-clearfix su-u-trim\">Teraz vyst\u00e1va ot\u00e1zka, ako sa zbavi\u0165 my\u0161lienok v na\u0161ej mysli. Myse\u013e je st\u00e1le pln\u00e1 my\u0161lienok&#8230;ale ke\u010f vyst\u00fapi Kundaliny, my\u0161lienky sa spoma\u013euj\u00fa, priestor medzi nimi sa predl\u017euje, vznikne medzera, kde m\u00f4\u017eeme c\u00edti\u0165 pokoj. Ak dosiahnete tento pokoj, m\u00f4\u017ee nasta\u0165 svetov\u00fd mier. T\u00fdm, \u017ee v\u00fddeme do ul\u00edc s transparentami a demon\u0161trujeme za mier, nem\u00f4\u017eeme nastoli\u0165 mier. Mier mus\u00ed vych\u00e1dza\u0165 zo srdca \u010dloveka a v \u013eudskej bytosti m\u00f4\u017ee nasta\u0165 mier, len vtedy ke\u010f dosiahneme svoje jadro &#8211; svoju Du\u0161u, ktor\u00e1 vy\u017earuje bla\u017eenos\u0165 a pokoj. V tomto stave bla\u017eenosti a mieru nechcete vojnu, ani nepomysl\u00edte na vojnu a to je stav, ktor\u00fd teraz \u013eudia musia dosiahnu\u0165. <\/div><\/div>\n\n","protected":false},"excerpt":{"rendered":"<p>Kundaliny Sila l\u00e1sky a evol\u00facie T\u00e1to v\u00fdnimo\u010dn\u00e1 duchovn\u00e1 sk\u00fasenos\u0165 \u0160ri Matad\u017ei s prebuden\u00edm prap\u00f4vodnej Kundaliny a jej zlo\u017eit\u00e9 fungovanie v na\u0161om jemnohmotnom syst\u00e9me sa stali z\u00e1kladom medit\u00e1cie Sahad\u017ea jogy, ktor\u00e1 sa roz\u0161\u00edrila vo svete. Ako dokonal\u00fd majster a autorita v tejto oblasti podrobne op\u00edsala ako Kundaliny vstupuje do plodu vo ve\u013emi skorom \u0161t\u00e1diu formovania plodu.&hellip; <br \/> <a class=\"read-more\" href=\"https:\/\/shrimataji.org\/test\/sk\/kundaliny\/\">Read more<\/a><\/p>\n","protected":false},"author":28,"featured_media":9244,"parent":0,"menu_order":0,"comment_status":"closed","ping_status":"closed","template":"","meta":{"inline_featured_image":false,"footnotes":""},"class_list":["post-12400","page","type-page","status-publish","has-post-thumbnail","hentry"],"yoast_head":"<!-- This site is optimized with the Yoast SEO plugin v27.4 - https:\/\/yoast.com\/product\/yoast-seo-wordpress\/ -->\n<title>Kundaliny - TEST - SMND<\/title>\n<meta name=\"robots\" content=\"noindex, follow, max-snippet:-1, max-image-preview:large, max-video-preview:-1\" \/>\n<meta property=\"og:locale\" content=\"en_US\" \/>\n<meta property=\"og:type\" content=\"article\" \/>\n<meta property=\"og:title\" content=\"Kundaliny - TEST - SMND\" \/>\n<meta property=\"og:description\" content=\"Kundaliny Sila l\u00e1sky a evol\u00facie T\u00e1to v\u00fdnimo\u010dn\u00e1 duchovn\u00e1 sk\u00fasenos\u0165 \u0160ri Matad\u017ei s prebuden\u00edm prap\u00f4vodnej Kundaliny a jej zlo\u017eit\u00e9 fungovanie v na\u0161om jemnohmotnom syst\u00e9me sa stali z\u00e1kladom medit\u00e1cie Sahad\u017ea jogy, ktor\u00e1 sa roz\u0161\u00edrila vo svete. Ako dokonal\u00fd majster a autorita v tejto oblasti podrobne op\u00edsala ako Kundaliny vstupuje do plodu vo ve\u013emi skorom \u0161t\u00e1diu formovania plodu.&hellip; Read more\" \/>\n<meta property=\"og:url\" content=\"https:\/\/shrimataji.org\/test\/sk\/kundaliny\/\" \/>\n<meta property=\"og:site_name\" content=\"TEST - SMND\" \/>\n<meta property=\"article:publisher\" content=\"https:\/\/www.facebook.com\/shrimataji\" \/>\n<meta property=\"article:modified_time\" content=\"2026-03-12T10:34:09+00:00\" \/>\n<meta property=\"og:image\" content=\"https:\/\/shrimataji.org\/test\/wp-content\/uploads\/2023\/03\/9_Banner-SY-Kundalini-scaled.jpg\" \/>\n\t<meta property=\"og:image:width\" content=\"2560\" \/>\n\t<meta property=\"og:image:height\" content=\"905\" \/>\n\t<meta property=\"og:image:type\" content=\"image\/jpeg\" \/>\n<meta name=\"twitter:card\" content=\"summary_large_image\" \/>\n<meta name=\"twitter:site\" content=\"@shrimataji\" \/>\n<meta name=\"twitter:label1\" content=\"Est. reading time\" \/>\n\t<meta name=\"twitter:data1\" content=\"6 minutes\" \/>\n<script type=\"application\/ld+json\" class=\"yoast-schema-graph\">{\"@context\":\"https:\\\/\\\/schema.org\",\"@graph\":[{\"@type\":\"WebPage\",\"@id\":\"https:\\\/\\\/shrimataji.org\\\/test\\\/sk\\\/kundaliny\\\/\",\"url\":\"https:\\\/\\\/shrimataji.org\\\/test\\\/sk\\\/kundaliny\\\/\",\"name\":\"Kundaliny - TEST - SMND\",\"isPartOf\":{\"@id\":\"https:\\\/\\\/shrimataji.org\\\/test\\\/#website\"},\"primaryImageOfPage\":{\"@id\":\"https:\\\/\\\/shrimataji.org\\\/test\\\/sk\\\/kundaliny\\\/#primaryimage\"},\"image\":{\"@id\":\"https:\\\/\\\/shrimataji.org\\\/test\\\/sk\\\/kundaliny\\\/#primaryimage\"},\"thumbnailUrl\":\"https:\\\/\\\/shrimataji.org\\\/test\\\/wp-content\\\/uploads\\\/2023\\\/03\\\/9_Banner-SY-Kundalini-scaled.jpg\",\"datePublished\":\"2022-01-29T10:17:23+00:00\",\"dateModified\":\"2026-03-12T10:34:09+00:00\",\"breadcrumb\":{\"@id\":\"https:\\\/\\\/shrimataji.org\\\/test\\\/sk\\\/kundaliny\\\/#breadcrumb\"},\"inLanguage\":\"en-US\",\"potentialAction\":[{\"@type\":\"ReadAction\",\"target\":[\"https:\\\/\\\/shrimataji.org\\\/test\\\/sk\\\/kundaliny\\\/\"]}]},{\"@type\":\"ImageObject\",\"inLanguage\":\"en-US\",\"@id\":\"https:\\\/\\\/shrimataji.org\\\/test\\\/sk\\\/kundaliny\\\/#primaryimage\",\"url\":\"https:\\\/\\\/shrimataji.org\\\/test\\\/wp-content\\\/uploads\\\/2023\\\/03\\\/9_Banner-SY-Kundalini-scaled.jpg\",\"contentUrl\":\"https:\\\/\\\/shrimataji.org\\\/test\\\/wp-content\\\/uploads\\\/2023\\\/03\\\/9_Banner-SY-Kundalini-scaled.jpg\",\"width\":2560,\"height\":905},{\"@type\":\"BreadcrumbList\",\"@id\":\"https:\\\/\\\/shrimataji.org\\\/test\\\/sk\\\/kundaliny\\\/#breadcrumb\",\"itemListElement\":[{\"@type\":\"ListItem\",\"position\":1,\"name\":\"Home\",\"item\":\"https:\\\/\\\/shrimataji.org\\\/test\\\/uk\\\/home-en\\\/\"},{\"@type\":\"ListItem\",\"position\":2,\"name\":\"Kundaliny\"}]},{\"@type\":\"WebSite\",\"@id\":\"https:\\\/\\\/shrimataji.org\\\/test\\\/#website\",\"url\":\"https:\\\/\\\/shrimataji.org\\\/test\\\/\",\"name\":\"Shri Mataji Nirmala Devi\",\"description\":\"A Life Dedicated to Humanity\",\"publisher\":{\"@id\":\"https:\\\/\\\/shrimataji.org\\\/test\\\/#\\\/schema\\\/person\\\/a1b3419c6585f164aa96da1ff85715d1\"},\"potentialAction\":[{\"@type\":\"SearchAction\",\"target\":{\"@type\":\"EntryPoint\",\"urlTemplate\":\"https:\\\/\\\/shrimataji.org\\\/test\\\/?s={search_term_string}\"},\"query-input\":{\"@type\":\"PropertyValueSpecification\",\"valueRequired\":true,\"valueName\":\"search_term_string\"}}],\"inLanguage\":\"en-US\"},{\"@type\":[\"Person\",\"Organization\"],\"@id\":\"https:\\\/\\\/shrimataji.org\\\/test\\\/#\\\/schema\\\/person\\\/a1b3419c6585f164aa96da1ff85715d1\",\"name\":\"Nirmala Shrivastava\",\"image\":{\"@type\":\"ImageObject\",\"inLanguage\":\"en-US\",\"@id\":\"https:\\\/\\\/shrimataji.org\\\/test\\\/wp-content\\\/uploads\\\/2023\\\/02\\\/SMO_LOGO-03.svg\",\"url\":\"https:\\\/\\\/shrimataji.org\\\/test\\\/wp-content\\\/uploads\\\/2023\\\/02\\\/SMO_LOGO-03.svg\",\"contentUrl\":\"https:\\\/\\\/shrimataji.org\\\/test\\\/wp-content\\\/uploads\\\/2023\\\/02\\\/SMO_LOGO-03.svg\",\"width\":\"1024\",\"height\":\"1024\",\"caption\":\"Nirmala Shrivastava\"},\"logo\":{\"@id\":\"https:\\\/\\\/shrimataji.org\\\/test\\\/wp-content\\\/uploads\\\/2023\\\/02\\\/SMO_LOGO-03.svg\"},\"sameAs\":[\"https:\\\/\\\/shrimataji.org\\\/test\",\"https:\\\/\\\/www.facebook.com\\\/shrimataji\",\"https:\\\/\\\/x.com\\\/shrimataji\",\"https:\\\/\\\/www.youtube.com\\\/@Shri_Mataji_Nirmala_Devi\\\/featured\"]}]}<\/script>\n<!-- \/ Yoast SEO plugin. -->","yoast_head_json":{"title":"Kundaliny - TEST - SMND","robots":{"index":"noindex","follow":"follow","max-snippet":"max-snippet:-1","max-image-preview":"max-image-preview:large","max-video-preview":"max-video-preview:-1"},"og_locale":"en_US","og_type":"article","og_title":"Kundaliny - TEST - SMND","og_description":"Kundaliny Sila l\u00e1sky a evol\u00facie T\u00e1to v\u00fdnimo\u010dn\u00e1 duchovn\u00e1 sk\u00fasenos\u0165 \u0160ri Matad\u017ei s prebuden\u00edm prap\u00f4vodnej Kundaliny a jej zlo\u017eit\u00e9 fungovanie v na\u0161om jemnohmotnom syst\u00e9me sa stali z\u00e1kladom medit\u00e1cie Sahad\u017ea jogy, ktor\u00e1 sa roz\u0161\u00edrila vo svete. Ako dokonal\u00fd majster a autorita v tejto oblasti podrobne op\u00edsala ako Kundaliny vstupuje do plodu vo ve\u013emi skorom \u0161t\u00e1diu formovania plodu.&hellip; Read more","og_url":"https:\/\/shrimataji.org\/test\/sk\/kundaliny\/","og_site_name":"TEST - SMND","article_publisher":"https:\/\/www.facebook.com\/shrimataji","article_modified_time":"2026-03-12T10:34:09+00:00","og_image":[{"width":2560,"height":905,"url":"https:\/\/shrimataji.org\/test\/wp-content\/uploads\/2023\/03\/9_Banner-SY-Kundalini-scaled.jpg","type":"image\/jpeg"}],"twitter_card":"summary_large_image","twitter_site":"@shrimataji","twitter_misc":{"Est. reading time":"6 minutes"},"schema":{"@context":"https:\/\/schema.org","@graph":[{"@type":"WebPage","@id":"https:\/\/shrimataji.org\/test\/sk\/kundaliny\/","url":"https:\/\/shrimataji.org\/test\/sk\/kundaliny\/","name":"Kundaliny - TEST - SMND","isPartOf":{"@id":"https:\/\/shrimataji.org\/test\/#website"},"primaryImageOfPage":{"@id":"https:\/\/shrimataji.org\/test\/sk\/kundaliny\/#primaryimage"},"image":{"@id":"https:\/\/shrimataji.org\/test\/sk\/kundaliny\/#primaryimage"},"thumbnailUrl":"https:\/\/shrimataji.org\/test\/wp-content\/uploads\/2023\/03\/9_Banner-SY-Kundalini-scaled.jpg","datePublished":"2022-01-29T10:17:23+00:00","dateModified":"2026-03-12T10:34:09+00:00","breadcrumb":{"@id":"https:\/\/shrimataji.org\/test\/sk\/kundaliny\/#breadcrumb"},"inLanguage":"en-US","potentialAction":[{"@type":"ReadAction","target":["https:\/\/shrimataji.org\/test\/sk\/kundaliny\/"]}]},{"@type":"ImageObject","inLanguage":"en-US","@id":"https:\/\/shrimataji.org\/test\/sk\/kundaliny\/#primaryimage","url":"https:\/\/shrimataji.org\/test\/wp-content\/uploads\/2023\/03\/9_Banner-SY-Kundalini-scaled.jpg","contentUrl":"https:\/\/shrimataji.org\/test\/wp-content\/uploads\/2023\/03\/9_Banner-SY-Kundalini-scaled.jpg","width":2560,"height":905},{"@type":"BreadcrumbList","@id":"https:\/\/shrimataji.org\/test\/sk\/kundaliny\/#breadcrumb","itemListElement":[{"@type":"ListItem","position":1,"name":"Home","item":"https:\/\/shrimataji.org\/test\/uk\/home-en\/"},{"@type":"ListItem","position":2,"name":"Kundaliny"}]},{"@type":"WebSite","@id":"https:\/\/shrimataji.org\/test\/#website","url":"https:\/\/shrimataji.org\/test\/","name":"Shri Mataji Nirmala Devi","description":"A Life Dedicated to Humanity","publisher":{"@id":"https:\/\/shrimataji.org\/test\/#\/schema\/person\/a1b3419c6585f164aa96da1ff85715d1"},"potentialAction":[{"@type":"SearchAction","target":{"@type":"EntryPoint","urlTemplate":"https:\/\/shrimataji.org\/test\/?s={search_term_string}"},"query-input":{"@type":"PropertyValueSpecification","valueRequired":true,"valueName":"search_term_string"}}],"inLanguage":"en-US"},{"@type":["Person","Organization"],"@id":"https:\/\/shrimataji.org\/test\/#\/schema\/person\/a1b3419c6585f164aa96da1ff85715d1","name":"Nirmala Shrivastava","image":{"@type":"ImageObject","inLanguage":"en-US","@id":"https:\/\/shrimataji.org\/test\/wp-content\/uploads\/2023\/02\/SMO_LOGO-03.svg","url":"https:\/\/shrimataji.org\/test\/wp-content\/uploads\/2023\/02\/SMO_LOGO-03.svg","contentUrl":"https:\/\/shrimataji.org\/test\/wp-content\/uploads\/2023\/02\/SMO_LOGO-03.svg","width":"1024","height":"1024","caption":"Nirmala Shrivastava"},"logo":{"@id":"https:\/\/shrimataji.org\/test\/wp-content\/uploads\/2023\/02\/SMO_LOGO-03.svg"},"sameAs":["https:\/\/shrimataji.org\/test","https:\/\/www.facebook.com\/shrimataji","https:\/\/x.com\/shrimataji","https:\/\/www.youtube.com\/@Shri_Mataji_Nirmala_Devi\/featured"]}]}},"lang":"sk","translations":{"sk":12400,"am":18025,"th":19981,"hu":19505,"be":6401,"sq":18426,"zh":17323,"hi":8293,"tr":10175,"pt":10387,"de":10661,"fr":10759,"it":10857,"es":10954,"ja":11251,"ru":11439,"bn":11631,"te":11739,"sw":11862,"he":12010,"el":12302,"fa":12498,"fi":12596,"bg":13390,"ro":14464,"cs":14657,"nl":16586,"ku":16746,"ar":16922,"kn":18907,"mr":20345,"uk":20637,"ml":20932,"ta":22744,"sv":23016,"gu":28858,"pa":29018},"pll_sync_post":[],"_links":{"self":[{"href":"https:\/\/shrimataji.org\/test\/wp-json\/wp\/v2\/pages\/12400","targetHints":{"allow":["GET"]}}],"collection":[{"href":"https:\/\/shrimataji.org\/test\/wp-json\/wp\/v2\/pages"}],"about":[{"href":"https:\/\/shrimataji.org\/test\/wp-json\/wp\/v2\/types\/page"}],"author":[{"embeddable":true,"href":"https:\/\/shrimataji.org\/test\/wp-json\/wp\/v2\/users\/28"}],"replies":[{"embeddable":true,"href":"https:\/\/shrimataji.org\/test\/wp-json\/wp\/v2\/comments?post=12400"}],"version-history":[{"count":0,"href":"https:\/\/shrimataji.org\/test\/wp-json\/wp\/v2\/pages\/12400\/revisions"}],"wp:featuredmedia":[{"embeddable":true,"href":"https:\/\/shrimataji.org\/test\/wp-json\/wp\/v2\/media\/9244"}],"wp:attachment":[{"href":"https:\/\/shrimataji.org\/test\/wp-json\/wp\/v2\/media?parent=12400"}],"curies":[{"name":"wp","href":"https:\/\/api.w.org\/{rel}","templated":true}]}}