{"id":12404,"date":"2017-08-11T05:00:00","date_gmt":"2017-08-11T05:00:00","guid":{"rendered":"http:\/\/testwordpress.nirmalnagari.org\/smnd\/index.php\/legacy\/"},"modified":"2026-02-04T19:52:44","modified_gmt":"2026-02-04T19:52:44","slug":"odkaz","status":"publish","type":"page","link":"https:\/\/shrimataji.org\/test\/sk\/odkaz\/","title":{"rendered":"Odkaz"},"content":{"rendered":"\n\n\t<h1>Odkaz<\/h1>\n<h2>Transform\u00e1cia jednotlivca a spolo\u010dnosti<\/h2>\n\t<h4>Existuj\u00fa knihy, \u0161koly, kurzy, zdravotn\u00e9 stredisk\u00e1, akad\u00e9mia umenia a hudby, dokonca aj domov pre chudobn\u00fdch, ale odkaz \u0160ri Matad\u017ei je ove\u013ea v\u00e4\u010d\u0161\u00ed.<\/h4>\n<p>Ani jedin\u00e1 pamiatka \u010di mimovl\u00e1dna organiz\u00e1cia nem\u00f4\u017ee vyjadri\u0165\u0165 skuto\u010dn\u00fd odkaz \u0160ri Matad\u017ei Nirmala Devi, ktor\u00fd presahuje v\u0161etky hmotn\u00e9 veci.<\/p>\n<p>To \u010d\u00edm \u0160ri Matad\u017ei obdarila svet, nie je filozof\u00eda, doktr\u00edna, alebo dokonca syst\u00e9m viery, je to celkom v\u00fdnimo\u010dn\u00e1 vec &#8211; Sebarealiz\u00e1cia. Toto prvotn\u00e9 duchovn\u00e9 prebudenie m\u00e1 skuto\u010dn\u00fa schopnos\u0165 zmenit\u0165 svet.<\/p>\n<p>Na rozdiel od v\u00e4\u010d\u0161iny r\u00e1d a receptov na zmenu, tento je zalo\u017een\u00fd na osobnom raste a sebauvedomen\u00ed jednotlivca. Toto duchovn\u00e9 uvedomenie je odkaz \u0160ri Matad\u017ei svetu.<\/p>\n<p>Prostredn\u00edctvom svojej pr\u00e1ce vytvorila svetov\u00fa komunitu praktizuj\u00facich Sahad\u017ea jogu vo viac ako 100 krajin\u00e1ch sveta, ktor\u00fdch sp\u00e1ja t\u00fa\u017eba zmeni\u0165 sa a t\u00fdm zmeni\u0165 aj svet.<\/p>\n<figure itemscope itemtype=\"https:\/\/schema.org\/ImageObject\">\n\t\t\t\t<img decoding=\"async\" src=\"https:\/\/shrimataji.org\/test\/wp-content\/uploads\/2026\/01\/SK_shri-mataji-nirmala-devi-in-daglio-italy-7th-july-2007.jpg\" alt=\"\u0160ri Matad\u017ei v Dagliu (Taliansko, 2007)\" height=\"1800\" width=\"1200\" title=\"SK_shri-mataji-nirmala-devi-in-daglio-italy-7th-july-2007\" onerror=\"this.style.display='none'\" loading=\"lazy\" \/>\n\t\t<figcaption>\u0160ri Matad\u017ei v Dagliu (Taliansko, 2007)<\/figcaption>\n\t<\/figure>\n\t<p>Jej v\u00edzia nespo\u010d\u00edva vo vytv\u00e1ran\u00ed in\u0161tit\u00faci\u00ed, alebo hnutia, namiesto toho jej posolstvo sa zameriava na jednotlivca, na jeho Ja. U\u010dila svet, \u017ee len ak \u017eijeme skuto\u010dne duchovn\u00fd \u017eivot ako jednotlivec a kolekt\u00edv m\u00f4\u017eeme vyrie\u0161i\u0165 glob\u00e1lne probl\u00e9my. Taktie\u017e trvala na dodr\u017eiavan\u00ed slobody jednotlivca &#8211; v Sahad\u017ea joge nie s\u00fa dogmy, ani doktr\u00edny, len osvieten\u00e9 vedomie a uvedomienie si \u010do je vhodn\u00e9 pre duchovn\u00fd rozvoj \u010dloveka.<\/p>\n\t<p>&#8220;\u010co je potrebn\u00e9 urobi\u0165 je &#8211; urobi\u0165 \u013eud\u00ed svojim vlastn\u00fdm lek\u00e1rom, svojim vlastn\u00fdm guruom &#8211; aby mohli rie\u0161i\u0165 svoje vlastn\u00e9 probl\u00e9my.&#8221;<\/p>\n<p>Spusten\u00edm vidite\u013enej zmeny v jednotlivcovi pomocou prebudenia Kundaliny a n\u00e1slednou medit\u00e1ciou, nau\u010dila svet ako dosiahnu\u0165 vy\u0161\u0161ie ciele, ne\u017e len materi\u00e1lny \u00faspech a moc. &#8220;Mus\u00edme dosiahnu\u0165 mier vo vn\u00fatri.&#8221; Povedala. &#8220;Sk\u00fa\u0161ajte meditova\u0165. Meditujte tak, \u017ee dosiahnete svoju vn\u00fatorn\u00fa bytos\u0165. T\u00e1to vn\u00fatorn\u00e1 bytos\u0165 je obrovsk\u00fdm oce\u00e1nom bla\u017eenosti.&#8221;<\/p>\n\t<div class=\"su-quote su-quote-style-default\"><div class=\"su-quote-inner su-u-clearfix su-u-trim\">Mus\u00edme svetu uk\u00e1za\u0165 v\u00fdsledky prebudenia Kundaliny&#8230;je to pre cel\u00fd svet. To je moja v\u00edzia.<\/div><\/div>\n\t<p>Jej odkaz vn\u00fatornej premeny prostredn\u00edctvom Sebarealiz\u00e1cie sa na\u010falej dot\u00fdka \u017eivotov mil\u00f3nov \u013eud\u00ed, ktor\u00ed medit\u00e1ciou Sahad\u017ea jogy dosiahli skuto\u010dn\u00fd vn\u00fatorn\u00fd mier a absol\u00fatnu slobodu \u017ei\u0165 v harm\u00f3nii so sebou a s matkou pr\u00edrodou.<\/p>\n\n","protected":false},"excerpt":{"rendered":"<p>Odkaz Transform\u00e1cia jednotlivca a spolo\u010dnosti Existuj\u00fa knihy, \u0161koly, kurzy, zdravotn\u00e9 stredisk\u00e1, akad\u00e9mia umenia a hudby, dokonca aj domov pre chudobn\u00fdch, ale odkaz \u0160ri Matad\u017ei je ove\u013ea v\u00e4\u010d\u0161\u00ed. Ani jedin\u00e1 pamiatka \u010di mimovl\u00e1dna organiz\u00e1cia nem\u00f4\u017ee vyjadri\u0165\u0165 skuto\u010dn\u00fd odkaz \u0160ri Matad\u017ei Nirmala Devi, ktor\u00fd presahuje v\u0161etky hmotn\u00e9 veci. To \u010d\u00edm \u0160ri Matad\u017ei obdarila svet, nie je filozof\u00eda,&hellip; <br \/> <a class=\"read-more\" href=\"https:\/\/shrimataji.org\/test\/sk\/odkaz\/\">Read more<\/a><\/p>\n","protected":false},"author":28,"featured_media":17085,"parent":0,"menu_order":0,"comment_status":"closed","ping_status":"closed","template":"","meta":{"inline_featured_image":false,"footnotes":""},"class_list":["post-12404","page","type-page","status-publish","has-post-thumbnail","hentry"],"yoast_head":"<!-- This site is optimized with the Yoast SEO plugin v27.4 - https:\/\/yoast.com\/product\/yoast-seo-wordpress\/ -->\n<title>Odkaz - TEST - SMND<\/title>\n<meta name=\"robots\" content=\"noindex, follow, max-snippet:-1, max-image-preview:large, max-video-preview:-1\" \/>\n<meta property=\"og:locale\" content=\"en_US\" \/>\n<meta property=\"og:type\" content=\"article\" \/>\n<meta property=\"og:title\" content=\"Odkaz - TEST - SMND\" \/>\n<meta property=\"og:description\" content=\"Odkaz Transform\u00e1cia jednotlivca a spolo\u010dnosti Existuj\u00fa knihy, \u0161koly, kurzy, zdravotn\u00e9 stredisk\u00e1, akad\u00e9mia umenia a hudby, dokonca aj domov pre chudobn\u00fdch, ale odkaz \u0160ri Matad\u017ei je ove\u013ea v\u00e4\u010d\u0161\u00ed. Ani jedin\u00e1 pamiatka \u010di mimovl\u00e1dna organiz\u00e1cia nem\u00f4\u017ee vyjadri\u0165\u0165 skuto\u010dn\u00fd odkaz \u0160ri Matad\u017ei Nirmala Devi, ktor\u00fd presahuje v\u0161etky hmotn\u00e9 veci. To \u010d\u00edm \u0160ri Matad\u017ei obdarila svet, nie je filozof\u00eda,&hellip; Read more\" \/>\n<meta property=\"og:url\" content=\"https:\/\/shrimataji.org\/test\/sk\/odkaz\/\" \/>\n<meta property=\"og:site_name\" content=\"TEST - SMND\" \/>\n<meta property=\"article:publisher\" content=\"https:\/\/www.facebook.com\/shrimataji\" \/>\n<meta property=\"article:modified_time\" content=\"2026-02-04T19:52:44+00:00\" \/>\n<meta property=\"og:image\" content=\"https:\/\/shrimataji.org\/test\/wp-content\/uploads\/2024\/05\/teaching.jpg\" \/>\n\t<meta property=\"og:image:width\" content=\"1021\" \/>\n\t<meta property=\"og:image:height\" content=\"360\" \/>\n\t<meta property=\"og:image:type\" content=\"image\/jpeg\" \/>\n<meta name=\"twitter:card\" content=\"summary_large_image\" \/>\n<meta name=\"twitter:site\" content=\"@shrimataji\" \/>\n<script type=\"application\/ld+json\" class=\"yoast-schema-graph\">{\"@context\":\"https:\\\/\\\/schema.org\",\"@graph\":[{\"@type\":\"WebPage\",\"@id\":\"https:\\\/\\\/shrimataji.org\\\/test\\\/sk\\\/odkaz\\\/\",\"url\":\"https:\\\/\\\/shrimataji.org\\\/test\\\/sk\\\/odkaz\\\/\",\"name\":\"Odkaz - TEST - SMND\",\"isPartOf\":{\"@id\":\"https:\\\/\\\/shrimataji.org\\\/test\\\/#website\"},\"primaryImageOfPage\":{\"@id\":\"https:\\\/\\\/shrimataji.org\\\/test\\\/sk\\\/odkaz\\\/#primaryimage\"},\"image\":{\"@id\":\"https:\\\/\\\/shrimataji.org\\\/test\\\/sk\\\/odkaz\\\/#primaryimage\"},\"thumbnailUrl\":\"https:\\\/\\\/shrimataji.org\\\/test\\\/wp-content\\\/uploads\\\/2024\\\/05\\\/teaching.jpg\",\"datePublished\":\"2017-08-11T05:00:00+00:00\",\"dateModified\":\"2026-02-04T19:52:44+00:00\",\"breadcrumb\":{\"@id\":\"https:\\\/\\\/shrimataji.org\\\/test\\\/sk\\\/odkaz\\\/#breadcrumb\"},\"inLanguage\":\"en-US\",\"potentialAction\":[{\"@type\":\"ReadAction\",\"target\":[\"https:\\\/\\\/shrimataji.org\\\/test\\\/sk\\\/odkaz\\\/\"]}]},{\"@type\":\"ImageObject\",\"inLanguage\":\"en-US\",\"@id\":\"https:\\\/\\\/shrimataji.org\\\/test\\\/sk\\\/odkaz\\\/#primaryimage\",\"url\":\"https:\\\/\\\/shrimataji.org\\\/test\\\/wp-content\\\/uploads\\\/2024\\\/05\\\/teaching.jpg\",\"contentUrl\":\"https:\\\/\\\/shrimataji.org\\\/test\\\/wp-content\\\/uploads\\\/2024\\\/05\\\/teaching.jpg\",\"width\":1021,\"height\":360},{\"@type\":\"BreadcrumbList\",\"@id\":\"https:\\\/\\\/shrimataji.org\\\/test\\\/sk\\\/odkaz\\\/#breadcrumb\",\"itemListElement\":[{\"@type\":\"ListItem\",\"position\":1,\"name\":\"Home\",\"item\":\"https:\\\/\\\/shrimataji.org\\\/test\\\/uk\\\/home-en\\\/\"},{\"@type\":\"ListItem\",\"position\":2,\"name\":\"Odkaz\"}]},{\"@type\":\"WebSite\",\"@id\":\"https:\\\/\\\/shrimataji.org\\\/test\\\/#website\",\"url\":\"https:\\\/\\\/shrimataji.org\\\/test\\\/\",\"name\":\"Shri Mataji Nirmala Devi\",\"description\":\"A Life Dedicated to Humanity\",\"publisher\":{\"@id\":\"https:\\\/\\\/shrimataji.org\\\/test\\\/#\\\/schema\\\/person\\\/a1b3419c6585f164aa96da1ff85715d1\"},\"potentialAction\":[{\"@type\":\"SearchAction\",\"target\":{\"@type\":\"EntryPoint\",\"urlTemplate\":\"https:\\\/\\\/shrimataji.org\\\/test\\\/?s={search_term_string}\"},\"query-input\":{\"@type\":\"PropertyValueSpecification\",\"valueRequired\":true,\"valueName\":\"search_term_string\"}}],\"inLanguage\":\"en-US\"},{\"@type\":[\"Person\",\"Organization\"],\"@id\":\"https:\\\/\\\/shrimataji.org\\\/test\\\/#\\\/schema\\\/person\\\/a1b3419c6585f164aa96da1ff85715d1\",\"name\":\"Nirmala Shrivastava\",\"image\":{\"@type\":\"ImageObject\",\"inLanguage\":\"en-US\",\"@id\":\"https:\\\/\\\/shrimataji.org\\\/test\\\/wp-content\\\/uploads\\\/2023\\\/02\\\/SMO_LOGO-03.svg\",\"url\":\"https:\\\/\\\/shrimataji.org\\\/test\\\/wp-content\\\/uploads\\\/2023\\\/02\\\/SMO_LOGO-03.svg\",\"contentUrl\":\"https:\\\/\\\/shrimataji.org\\\/test\\\/wp-content\\\/uploads\\\/2023\\\/02\\\/SMO_LOGO-03.svg\",\"width\":\"1024\",\"height\":\"1024\",\"caption\":\"Nirmala Shrivastava\"},\"logo\":{\"@id\":\"https:\\\/\\\/shrimataji.org\\\/test\\\/wp-content\\\/uploads\\\/2023\\\/02\\\/SMO_LOGO-03.svg\"},\"sameAs\":[\"https:\\\/\\\/shrimataji.org\\\/test\",\"https:\\\/\\\/www.facebook.com\\\/shrimataji\",\"https:\\\/\\\/x.com\\\/shrimataji\",\"https:\\\/\\\/www.youtube.com\\\/@Shri_Mataji_Nirmala_Devi\\\/featured\"]}]}<\/script>\n<!-- \/ Yoast SEO plugin. -->","yoast_head_json":{"title":"Odkaz - TEST - SMND","robots":{"index":"noindex","follow":"follow","max-snippet":"max-snippet:-1","max-image-preview":"max-image-preview:large","max-video-preview":"max-video-preview:-1"},"og_locale":"en_US","og_type":"article","og_title":"Odkaz - TEST - SMND","og_description":"Odkaz Transform\u00e1cia jednotlivca a spolo\u010dnosti Existuj\u00fa knihy, \u0161koly, kurzy, zdravotn\u00e9 stredisk\u00e1, akad\u00e9mia umenia a hudby, dokonca aj domov pre chudobn\u00fdch, ale odkaz \u0160ri Matad\u017ei je ove\u013ea v\u00e4\u010d\u0161\u00ed. Ani jedin\u00e1 pamiatka \u010di mimovl\u00e1dna organiz\u00e1cia nem\u00f4\u017ee vyjadri\u0165\u0165 skuto\u010dn\u00fd odkaz \u0160ri Matad\u017ei Nirmala Devi, ktor\u00fd presahuje v\u0161etky hmotn\u00e9 veci. To \u010d\u00edm \u0160ri Matad\u017ei obdarila svet, nie je filozof\u00eda,&hellip; Read more","og_url":"https:\/\/shrimataji.org\/test\/sk\/odkaz\/","og_site_name":"TEST - SMND","article_publisher":"https:\/\/www.facebook.com\/shrimataji","article_modified_time":"2026-02-04T19:52:44+00:00","og_image":[{"width":1021,"height":360,"url":"https:\/\/shrimataji.org\/test\/wp-content\/uploads\/2024\/05\/teaching.jpg","type":"image\/jpeg"}],"twitter_card":"summary_large_image","twitter_site":"@shrimataji","schema":{"@context":"https:\/\/schema.org","@graph":[{"@type":"WebPage","@id":"https:\/\/shrimataji.org\/test\/sk\/odkaz\/","url":"https:\/\/shrimataji.org\/test\/sk\/odkaz\/","name":"Odkaz - TEST - SMND","isPartOf":{"@id":"https:\/\/shrimataji.org\/test\/#website"},"primaryImageOfPage":{"@id":"https:\/\/shrimataji.org\/test\/sk\/odkaz\/#primaryimage"},"image":{"@id":"https:\/\/shrimataji.org\/test\/sk\/odkaz\/#primaryimage"},"thumbnailUrl":"https:\/\/shrimataji.org\/test\/wp-content\/uploads\/2024\/05\/teaching.jpg","datePublished":"2017-08-11T05:00:00+00:00","dateModified":"2026-02-04T19:52:44+00:00","breadcrumb":{"@id":"https:\/\/shrimataji.org\/test\/sk\/odkaz\/#breadcrumb"},"inLanguage":"en-US","potentialAction":[{"@type":"ReadAction","target":["https:\/\/shrimataji.org\/test\/sk\/odkaz\/"]}]},{"@type":"ImageObject","inLanguage":"en-US","@id":"https:\/\/shrimataji.org\/test\/sk\/odkaz\/#primaryimage","url":"https:\/\/shrimataji.org\/test\/wp-content\/uploads\/2024\/05\/teaching.jpg","contentUrl":"https:\/\/shrimataji.org\/test\/wp-content\/uploads\/2024\/05\/teaching.jpg","width":1021,"height":360},{"@type":"BreadcrumbList","@id":"https:\/\/shrimataji.org\/test\/sk\/odkaz\/#breadcrumb","itemListElement":[{"@type":"ListItem","position":1,"name":"Home","item":"https:\/\/shrimataji.org\/test\/uk\/home-en\/"},{"@type":"ListItem","position":2,"name":"Odkaz"}]},{"@type":"WebSite","@id":"https:\/\/shrimataji.org\/test\/#website","url":"https:\/\/shrimataji.org\/test\/","name":"Shri Mataji Nirmala Devi","description":"A Life Dedicated to Humanity","publisher":{"@id":"https:\/\/shrimataji.org\/test\/#\/schema\/person\/a1b3419c6585f164aa96da1ff85715d1"},"potentialAction":[{"@type":"SearchAction","target":{"@type":"EntryPoint","urlTemplate":"https:\/\/shrimataji.org\/test\/?s={search_term_string}"},"query-input":{"@type":"PropertyValueSpecification","valueRequired":true,"valueName":"search_term_string"}}],"inLanguage":"en-US"},{"@type":["Person","Organization"],"@id":"https:\/\/shrimataji.org\/test\/#\/schema\/person\/a1b3419c6585f164aa96da1ff85715d1","name":"Nirmala Shrivastava","image":{"@type":"ImageObject","inLanguage":"en-US","@id":"https:\/\/shrimataji.org\/test\/wp-content\/uploads\/2023\/02\/SMO_LOGO-03.svg","url":"https:\/\/shrimataji.org\/test\/wp-content\/uploads\/2023\/02\/SMO_LOGO-03.svg","contentUrl":"https:\/\/shrimataji.org\/test\/wp-content\/uploads\/2023\/02\/SMO_LOGO-03.svg","width":"1024","height":"1024","caption":"Nirmala Shrivastava"},"logo":{"@id":"https:\/\/shrimataji.org\/test\/wp-content\/uploads\/2023\/02\/SMO_LOGO-03.svg"},"sameAs":["https:\/\/shrimataji.org\/test","https:\/\/www.facebook.com\/shrimataji","https:\/\/x.com\/shrimataji","https:\/\/www.youtube.com\/@Shri_Mataji_Nirmala_Devi\/featured"]}]}},"lang":"sk","translations":{"sk":12404,"ur":37458,"en":409,"am":18030,"th":19988,"hu":19511,"sq":18431,"zh":17328,"tr":10179,"pt":10391,"de":10665,"fr":10763,"it":10861,"es":10958,"ja":11255,"ru":11443,"bn":11635,"te":11743,"sw":11866,"he":12014,"el":12306,"fa":12502,"fi":12600,"bg":13486,"ro":14561,"cs":14754,"nl":16591,"ku":16751,"ar":16927,"be":18638,"kn":18912,"mr":20352,"uk":20646,"ml":20941,"ta":22749,"sv":23020,"gu":28863,"pa":29023,"fil":29468,"da":37771,"pl":37983,"nn":38323},"pll_sync_post":[],"_links":{"self":[{"href":"https:\/\/shrimataji.org\/test\/wp-json\/wp\/v2\/pages\/12404","targetHints":{"allow":["GET"]}}],"collection":[{"href":"https:\/\/shrimataji.org\/test\/wp-json\/wp\/v2\/pages"}],"about":[{"href":"https:\/\/shrimataji.org\/test\/wp-json\/wp\/v2\/types\/page"}],"author":[{"embeddable":true,"href":"https:\/\/shrimataji.org\/test\/wp-json\/wp\/v2\/users\/28"}],"replies":[{"embeddable":true,"href":"https:\/\/shrimataji.org\/test\/wp-json\/wp\/v2\/comments?post=12404"}],"version-history":[{"count":0,"href":"https:\/\/shrimataji.org\/test\/wp-json\/wp\/v2\/pages\/12404\/revisions"}],"wp:featuredmedia":[{"embeddable":true,"href":"https:\/\/shrimataji.org\/test\/wp-json\/wp\/v2\/media\/17085"}],"wp:attachment":[{"href":"https:\/\/shrimataji.org\/test\/wp-json\/wp\/v2\/media?parent=12404"}],"curies":[{"name":"wp","href":"https:\/\/api.w.org\/{rel}","templated":true}]}}