{"id":12405,"date":"2018-07-10T06:54:42","date_gmt":"2018-07-10T06:54:42","guid":{"rendered":"http:\/\/testwordpress.nirmalnagari.org\/smnd\/index.php\/in-her-words\/"},"modified":"2026-01-31T06:24:50","modified_gmt":"2026-01-31T06:24:50","slug":"kniznica","status":"publish","type":"page","link":"https:\/\/shrimataji.org\/test\/sk\/kniznica\/","title":{"rendered":"Kni\u017enica"},"content":{"rendered":"\n\n\t<h1>Kni\u017enica<\/h1>\n<h2>Slov\u00e1 \u0160ri Matad\u017ei<\/h2>\n\t<h4>Odkaz \u0160ri Matad\u017ei svetu zah\u0155\u0148a kni\u017enicu s viac ako 3000 video a audio predn\u00e1\u0161kami, ktor\u00e9 pokr\u00fdvaj\u00fa \u0161irok\u00fa \u0161k\u00e1lu t\u00e9m, t\u00fdkaj\u00facich sa duchovn\u00fdch ot\u00e1zok a stavu, v akom sa \u013eudstvo nach\u00e1dza.<\/h4>\n\t\t\t\t<img decoding=\"async\" src=\"https:\/\/shrimataji.org\/test\/wp-content\/uploads\/2018\/07\/media_originals\/images\/shri-mataji-portraits\/shri-mataji-speaking-near-rahuri-in-india-02-02-1982.jpg.jpg\" alt=\"shri-mataji-speaking-near-rahuri-in-india-02-02-1982\" itemprop=\"image\" height=\"995\" width=\"1500\" title=\"shri-mataji-speaking-near-rahuri-in-india-02-02-1982\" onerror=\"this.style.display='none'\" loading=\"lazy\" \/>\n\t<p>Ako uzn\u00e1van\u00e1 autorka najob\u013e\u00fabenej\u0161ieho diela Metamodern\u00e1 \u00e9ra pon\u00faka \u00faprimn\u00fd opis probl\u00e9mov s\u00fa\u010dasn\u00e9ho sveta a taktie\u017e podrobn\u00e9 rie\u0161enia na ich prekonanie.<\/p>\n<p>Najlep\u0161\u00ed sp\u00f4sob, ako si vytvori\u0165 dojem o v\u00edzii a sk\u00fasenostiach \u0160ri Matad\u017ei, je sledova\u0165 alebo po\u010d\u00fava\u0165 niektor\u00fd z jej prejavov. V\u0161etky jej predn\u00e1\u0161ky, dlh\u00e9 \u010di kr\u00e1tke, form\u00e1lne i neform\u00e1lne, verejn\u00e9 aj s\u00fakromn\u00e9, boli prednesen\u00e9 s jej povestn\u00fdm humorom a m\u00fadros\u0165ou. Jej \u0161t\u00fdl je priamo\u010diary a v\u017edy sa t\u00fdka dvoch princ\u00edpov, ktor\u00e9 s\u00fa jadrom jej u\u010denia: sebapoznania a prvotnej pravdy na\u0161ej vrodenej duchovnej podstaty.<\/p>\n\t<div class=\"su-quote su-quote-style-default\"><div class=\"su-quote-inner su-u-clearfix su-u-trim\">V\u0161etko je pominute\u013en\u00e9, \u010do nie je ve\u010dn\u00e9. V pr\u00edtomnosti ost\u00e1va ve\u010dn\u00e9, v\u0161etko ostatn\u00e9 odpadne. Je to ako pohybuj\u00faca sa rieka, ktor\u00e1 sa nikde nezastavuje, lebo t\u00e1to rieka je ve\u010dn\u00e1. Ostatn\u00e9 je premenliv\u00e9. Ak sa dr\u017e\u00edte princ\u00edpu ve\u010dnosti, v\u0161etko ostatn\u00e9, \u010do nie je ve\u010dn\u00e9, sa men\u00ed a odpadne, rozpust\u00ed sa a prest\u00e1va existova\u0165. Mus\u00edte si u\u017e\u00edva\u0165 silu ve\u010dnosti, silu bo\u017eej l\u00e1sky, silu tejto univerz\u00e1lnej bytosti, ktorou ste.<\/div><\/div>\n\n","protected":false},"excerpt":{"rendered":"<p>Kni\u017enica Slov\u00e1 \u0160ri Matad\u017ei Odkaz \u0160ri Matad\u017ei svetu zah\u0155\u0148a kni\u017enicu s viac ako 3000 video a audio predn\u00e1\u0161kami, ktor\u00e9 pokr\u00fdvaj\u00fa \u0161irok\u00fa \u0161k\u00e1lu t\u00e9m, t\u00fdkaj\u00facich sa duchovn\u00fdch ot\u00e1zok a stavu, v akom sa \u013eudstvo nach\u00e1dza. Ako uzn\u00e1van\u00e1 autorka najob\u013e\u00fabenej\u0161ieho diela Metamodern\u00e1 \u00e9ra pon\u00faka \u00faprimn\u00fd opis probl\u00e9mov s\u00fa\u010dasn\u00e9ho sveta a taktie\u017e podrobn\u00e9 rie\u0161enia na ich prekonanie. Najlep\u0161\u00ed&hellip; <br \/> <a class=\"read-more\" href=\"https:\/\/shrimataji.org\/test\/sk\/kniznica\/\">Read more<\/a><\/p>\n","protected":false},"author":28,"featured_media":110,"parent":0,"menu_order":0,"comment_status":"closed","ping_status":"closed","template":"","meta":{"inline_featured_image":false,"footnotes":""},"class_list":["post-12405","page","type-page","status-publish","has-post-thumbnail","hentry"],"yoast_head":"<!-- This site is optimized with the Yoast SEO plugin v27.4 - https:\/\/yoast.com\/product\/yoast-seo-wordpress\/ -->\n<title>Kni\u017enica - TEST - SMND<\/title>\n<meta name=\"robots\" content=\"noindex, follow, max-snippet:-1, max-image-preview:large, max-video-preview:-1\" \/>\n<meta property=\"og:locale\" content=\"en_US\" \/>\n<meta property=\"og:type\" content=\"article\" \/>\n<meta property=\"og:title\" content=\"Kni\u017enica - TEST - SMND\" \/>\n<meta property=\"og:description\" content=\"Kni\u017enica Slov\u00e1 \u0160ri Matad\u017ei Odkaz \u0160ri Matad\u017ei svetu zah\u0155\u0148a kni\u017enicu s viac ako 3000 video a audio predn\u00e1\u0161kami, ktor\u00e9 pokr\u00fdvaj\u00fa \u0161irok\u00fa \u0161k\u00e1lu t\u00e9m, t\u00fdkaj\u00facich sa duchovn\u00fdch ot\u00e1zok a stavu, v akom sa \u013eudstvo nach\u00e1dza. Ako uzn\u00e1van\u00e1 autorka najob\u013e\u00fabenej\u0161ieho diela Metamodern\u00e1 \u00e9ra pon\u00faka \u00faprimn\u00fd opis probl\u00e9mov s\u00fa\u010dasn\u00e9ho sveta a taktie\u017e podrobn\u00e9 rie\u0161enia na ich prekonanie. Najlep\u0161\u00ed&hellip; Read more\" \/>\n<meta property=\"og:url\" content=\"https:\/\/shrimataji.org\/test\/sk\/kniznica\/\" \/>\n<meta property=\"og:site_name\" content=\"TEST - SMND\" \/>\n<meta property=\"article:publisher\" content=\"https:\/\/www.facebook.com\/shrimataji\" \/>\n<meta property=\"article:modified_time\" content=\"2026-01-31T06:24:50+00:00\" \/>\n<meta property=\"og:image\" content=\"https:\/\/shrimataji.org\/test\/wp-content\/uploads\/2018\/07\/media_originals\/images\/headers-general\/shri-mataji-speaking-at-the-sydney-town-hall-feb-2006.jpg\" \/>\n\t<meta property=\"og:image:width\" content=\"990\" \/>\n\t<meta property=\"og:image:height\" content=\"350\" \/>\n\t<meta property=\"og:image:type\" content=\"image\/jpeg\" \/>\n<meta name=\"twitter:card\" content=\"summary_large_image\" \/>\n<meta name=\"twitter:site\" content=\"@shrimataji\" \/>\n<script type=\"application\/ld+json\" class=\"yoast-schema-graph\">{\"@context\":\"https:\\\/\\\/schema.org\",\"@graph\":[{\"@type\":\"WebPage\",\"@id\":\"https:\\\/\\\/shrimataji.org\\\/test\\\/sk\\\/kniznica\\\/\",\"url\":\"https:\\\/\\\/shrimataji.org\\\/test\\\/sk\\\/kniznica\\\/\",\"name\":\"Kni\u017enica - TEST - SMND\",\"isPartOf\":{\"@id\":\"https:\\\/\\\/shrimataji.org\\\/test\\\/#website\"},\"primaryImageOfPage\":{\"@id\":\"https:\\\/\\\/shrimataji.org\\\/test\\\/sk\\\/kniznica\\\/#primaryimage\"},\"image\":{\"@id\":\"https:\\\/\\\/shrimataji.org\\\/test\\\/sk\\\/kniznica\\\/#primaryimage\"},\"thumbnailUrl\":\"https:\\\/\\\/shrimataji.org\\\/test\\\/wp-content\\\/uploads\\\/2018\\\/07\\\/media_originals\\\/images\\\/headers-general\\\/shri-mataji-speaking-at-the-sydney-town-hall-feb-2006.jpg\",\"datePublished\":\"2018-07-10T06:54:42+00:00\",\"dateModified\":\"2026-01-31T06:24:50+00:00\",\"breadcrumb\":{\"@id\":\"https:\\\/\\\/shrimataji.org\\\/test\\\/sk\\\/kniznica\\\/#breadcrumb\"},\"inLanguage\":\"en-US\",\"potentialAction\":[{\"@type\":\"ReadAction\",\"target\":[\"https:\\\/\\\/shrimataji.org\\\/test\\\/sk\\\/kniznica\\\/\"]}]},{\"@type\":\"ImageObject\",\"inLanguage\":\"en-US\",\"@id\":\"https:\\\/\\\/shrimataji.org\\\/test\\\/sk\\\/kniznica\\\/#primaryimage\",\"url\":\"https:\\\/\\\/shrimataji.org\\\/test\\\/wp-content\\\/uploads\\\/2018\\\/07\\\/media_originals\\\/images\\\/headers-general\\\/shri-mataji-speaking-at-the-sydney-town-hall-feb-2006.jpg\",\"contentUrl\":\"https:\\\/\\\/shrimataji.org\\\/test\\\/wp-content\\\/uploads\\\/2018\\\/07\\\/media_originals\\\/images\\\/headers-general\\\/shri-mataji-speaking-at-the-sydney-town-hall-feb-2006.jpg\",\"width\":990,\"height\":350},{\"@type\":\"BreadcrumbList\",\"@id\":\"https:\\\/\\\/shrimataji.org\\\/test\\\/sk\\\/kniznica\\\/#breadcrumb\",\"itemListElement\":[{\"@type\":\"ListItem\",\"position\":1,\"name\":\"Home\",\"item\":\"https:\\\/\\\/shrimataji.org\\\/test\\\/uk\\\/home-en\\\/\"},{\"@type\":\"ListItem\",\"position\":2,\"name\":\"Kni\u017enica\"}]},{\"@type\":\"WebSite\",\"@id\":\"https:\\\/\\\/shrimataji.org\\\/test\\\/#website\",\"url\":\"https:\\\/\\\/shrimataji.org\\\/test\\\/\",\"name\":\"Shri Mataji Nirmala Devi\",\"description\":\"A Life Dedicated to Humanity\",\"publisher\":{\"@id\":\"https:\\\/\\\/shrimataji.org\\\/test\\\/#\\\/schema\\\/person\\\/a1b3419c6585f164aa96da1ff85715d1\"},\"potentialAction\":[{\"@type\":\"SearchAction\",\"target\":{\"@type\":\"EntryPoint\",\"urlTemplate\":\"https:\\\/\\\/shrimataji.org\\\/test\\\/?s={search_term_string}\"},\"query-input\":{\"@type\":\"PropertyValueSpecification\",\"valueRequired\":true,\"valueName\":\"search_term_string\"}}],\"inLanguage\":\"en-US\"},{\"@type\":[\"Person\",\"Organization\"],\"@id\":\"https:\\\/\\\/shrimataji.org\\\/test\\\/#\\\/schema\\\/person\\\/a1b3419c6585f164aa96da1ff85715d1\",\"name\":\"Nirmala Shrivastava\",\"image\":{\"@type\":\"ImageObject\",\"inLanguage\":\"en-US\",\"@id\":\"https:\\\/\\\/shrimataji.org\\\/test\\\/wp-content\\\/uploads\\\/2023\\\/02\\\/SMO_LOGO-03.svg\",\"url\":\"https:\\\/\\\/shrimataji.org\\\/test\\\/wp-content\\\/uploads\\\/2023\\\/02\\\/SMO_LOGO-03.svg\",\"contentUrl\":\"https:\\\/\\\/shrimataji.org\\\/test\\\/wp-content\\\/uploads\\\/2023\\\/02\\\/SMO_LOGO-03.svg\",\"width\":\"1024\",\"height\":\"1024\",\"caption\":\"Nirmala Shrivastava\"},\"logo\":{\"@id\":\"https:\\\/\\\/shrimataji.org\\\/test\\\/wp-content\\\/uploads\\\/2023\\\/02\\\/SMO_LOGO-03.svg\"},\"sameAs\":[\"https:\\\/\\\/shrimataji.org\\\/test\",\"https:\\\/\\\/www.facebook.com\\\/shrimataji\",\"https:\\\/\\\/x.com\\\/shrimataji\",\"https:\\\/\\\/www.youtube.com\\\/@Shri_Mataji_Nirmala_Devi\\\/featured\"]}]}<\/script>\n<!-- \/ Yoast SEO plugin. -->","yoast_head_json":{"title":"Kni\u017enica - TEST - SMND","robots":{"index":"noindex","follow":"follow","max-snippet":"max-snippet:-1","max-image-preview":"max-image-preview:large","max-video-preview":"max-video-preview:-1"},"og_locale":"en_US","og_type":"article","og_title":"Kni\u017enica - TEST - SMND","og_description":"Kni\u017enica Slov\u00e1 \u0160ri Matad\u017ei Odkaz \u0160ri Matad\u017ei svetu zah\u0155\u0148a kni\u017enicu s viac ako 3000 video a audio predn\u00e1\u0161kami, ktor\u00e9 pokr\u00fdvaj\u00fa \u0161irok\u00fa \u0161k\u00e1lu t\u00e9m, t\u00fdkaj\u00facich sa duchovn\u00fdch ot\u00e1zok a stavu, v akom sa \u013eudstvo nach\u00e1dza. Ako uzn\u00e1van\u00e1 autorka najob\u013e\u00fabenej\u0161ieho diela Metamodern\u00e1 \u00e9ra pon\u00faka \u00faprimn\u00fd opis probl\u00e9mov s\u00fa\u010dasn\u00e9ho sveta a taktie\u017e podrobn\u00e9 rie\u0161enia na ich prekonanie. Najlep\u0161\u00ed&hellip; Read more","og_url":"https:\/\/shrimataji.org\/test\/sk\/kniznica\/","og_site_name":"TEST - SMND","article_publisher":"https:\/\/www.facebook.com\/shrimataji","article_modified_time":"2026-01-31T06:24:50+00:00","og_image":[{"width":990,"height":350,"url":"https:\/\/shrimataji.org\/test\/wp-content\/uploads\/2018\/07\/media_originals\/images\/headers-general\/shri-mataji-speaking-at-the-sydney-town-hall-feb-2006.jpg","type":"image\/jpeg"}],"twitter_card":"summary_large_image","twitter_site":"@shrimataji","schema":{"@context":"https:\/\/schema.org","@graph":[{"@type":"WebPage","@id":"https:\/\/shrimataji.org\/test\/sk\/kniznica\/","url":"https:\/\/shrimataji.org\/test\/sk\/kniznica\/","name":"Kni\u017enica - TEST - SMND","isPartOf":{"@id":"https:\/\/shrimataji.org\/test\/#website"},"primaryImageOfPage":{"@id":"https:\/\/shrimataji.org\/test\/sk\/kniznica\/#primaryimage"},"image":{"@id":"https:\/\/shrimataji.org\/test\/sk\/kniznica\/#primaryimage"},"thumbnailUrl":"https:\/\/shrimataji.org\/test\/wp-content\/uploads\/2018\/07\/media_originals\/images\/headers-general\/shri-mataji-speaking-at-the-sydney-town-hall-feb-2006.jpg","datePublished":"2018-07-10T06:54:42+00:00","dateModified":"2026-01-31T06:24:50+00:00","breadcrumb":{"@id":"https:\/\/shrimataji.org\/test\/sk\/kniznica\/#breadcrumb"},"inLanguage":"en-US","potentialAction":[{"@type":"ReadAction","target":["https:\/\/shrimataji.org\/test\/sk\/kniznica\/"]}]},{"@type":"ImageObject","inLanguage":"en-US","@id":"https:\/\/shrimataji.org\/test\/sk\/kniznica\/#primaryimage","url":"https:\/\/shrimataji.org\/test\/wp-content\/uploads\/2018\/07\/media_originals\/images\/headers-general\/shri-mataji-speaking-at-the-sydney-town-hall-feb-2006.jpg","contentUrl":"https:\/\/shrimataji.org\/test\/wp-content\/uploads\/2018\/07\/media_originals\/images\/headers-general\/shri-mataji-speaking-at-the-sydney-town-hall-feb-2006.jpg","width":990,"height":350},{"@type":"BreadcrumbList","@id":"https:\/\/shrimataji.org\/test\/sk\/kniznica\/#breadcrumb","itemListElement":[{"@type":"ListItem","position":1,"name":"Home","item":"https:\/\/shrimataji.org\/test\/uk\/home-en\/"},{"@type":"ListItem","position":2,"name":"Kni\u017enica"}]},{"@type":"WebSite","@id":"https:\/\/shrimataji.org\/test\/#website","url":"https:\/\/shrimataji.org\/test\/","name":"Shri Mataji Nirmala Devi","description":"A Life Dedicated to Humanity","publisher":{"@id":"https:\/\/shrimataji.org\/test\/#\/schema\/person\/a1b3419c6585f164aa96da1ff85715d1"},"potentialAction":[{"@type":"SearchAction","target":{"@type":"EntryPoint","urlTemplate":"https:\/\/shrimataji.org\/test\/?s={search_term_string}"},"query-input":{"@type":"PropertyValueSpecification","valueRequired":true,"valueName":"search_term_string"}}],"inLanguage":"en-US"},{"@type":["Person","Organization"],"@id":"https:\/\/shrimataji.org\/test\/#\/schema\/person\/a1b3419c6585f164aa96da1ff85715d1","name":"Nirmala Shrivastava","image":{"@type":"ImageObject","inLanguage":"en-US","@id":"https:\/\/shrimataji.org\/test\/wp-content\/uploads\/2023\/02\/SMO_LOGO-03.svg","url":"https:\/\/shrimataji.org\/test\/wp-content\/uploads\/2023\/02\/SMO_LOGO-03.svg","contentUrl":"https:\/\/shrimataji.org\/test\/wp-content\/uploads\/2023\/02\/SMO_LOGO-03.svg","width":"1024","height":"1024","caption":"Nirmala Shrivastava"},"logo":{"@id":"https:\/\/shrimataji.org\/test\/wp-content\/uploads\/2023\/02\/SMO_LOGO-03.svg"},"sameAs":["https:\/\/shrimataji.org\/test","https:\/\/www.facebook.com\/shrimataji","https:\/\/x.com\/shrimataji","https:\/\/www.youtube.com\/@Shri_Mataji_Nirmala_Devi\/featured"]}]}},"lang":"sk","translations":{"sk":12405,"ur":37460,"en":395,"am":18032,"th":19991,"hu":19513,"sq":18433,"zh":17330,"tr":10180,"pt":10392,"de":10666,"fr":10764,"it":10862,"es":10959,"ja":11256,"ru":11444,"bn":11636,"te":11744,"sw":11867,"he":12015,"el":12307,"fa":12503,"fi":12601,"bg":13469,"ro":14541,"cs":14734,"nl":16593,"ku":16753,"ar":16929,"be":18640,"kn":18914,"mr":20355,"uk":20649,"ml":20944,"ta":22751,"sv":23022,"bs":27288,"gu":28865,"pa":29025,"fil":29470,"da":37773,"pl":37985,"nn":38325},"pll_sync_post":[],"_links":{"self":[{"href":"https:\/\/shrimataji.org\/test\/wp-json\/wp\/v2\/pages\/12405","targetHints":{"allow":["GET"]}}],"collection":[{"href":"https:\/\/shrimataji.org\/test\/wp-json\/wp\/v2\/pages"}],"about":[{"href":"https:\/\/shrimataji.org\/test\/wp-json\/wp\/v2\/types\/page"}],"author":[{"embeddable":true,"href":"https:\/\/shrimataji.org\/test\/wp-json\/wp\/v2\/users\/28"}],"replies":[{"embeddable":true,"href":"https:\/\/shrimataji.org\/test\/wp-json\/wp\/v2\/comments?post=12405"}],"version-history":[{"count":0,"href":"https:\/\/shrimataji.org\/test\/wp-json\/wp\/v2\/pages\/12405\/revisions"}],"wp:featuredmedia":[{"embeddable":true,"href":"https:\/\/shrimataji.org\/test\/wp-json\/wp\/v2\/media\/110"}],"wp:attachment":[{"href":"https:\/\/shrimataji.org\/test\/wp-json\/wp\/v2\/media?parent=12405"}],"curies":[{"name":"wp","href":"https:\/\/api.w.org\/{rel}","templated":true}]}}