{"id":12408,"date":"2013-03-05T14:00:00","date_gmt":"2013-03-05T14:00:00","guid":{"rendered":"http:\/\/testwordpress.nirmalnagari.org\/smnd\/index.php\/may-5th-world-realization-day\/"},"modified":"2026-03-12T15:47:46","modified_gmt":"2026-03-12T15:47:46","slug":"5-maj-den-svetovej-sebarealizacie","status":"publish","type":"page","link":"https:\/\/shrimataji.org\/test\/sk\/5-maj-den-svetovej-sebarealizacie\/","title":{"rendered":"5. m\u00e1j &#8211; De\u0148 Svetovej Sebarealiz\u00e1cie"},"content":{"rendered":"\n\n\t<h1>5. m\u00e1j &#8211; De\u0148 Svetovej Realiz\u00e1cie<\/h1>\n<h4>Na po\u010des\u0165 \u0160ri Matad\u017ei Nirmala Devi, zakladate\u013eky Sahad\u017ea jogy, bol 5. m\u00e1j vyhl\u00e1sen\u00fd za Svetov\u00fd de\u0148 Realiz\u00e1cie.<\/h4>\n<p>Svetov\u00e1 nad\u00e1cia Sahad\u017ea jogy s pote\u0161en\u00edm oznamuje vyhl\u00e1senie 5. m\u00e1ja za Svetov\u00fd de\u0148 Realiz\u00e1cie na po\u010des\u0165 pr\u00e1ce a v\u00edzie zakladate\u013eky <a href=\"https:\/\/shrimataji.org\/test\/sk\/sahadza-joga\/\" target=\"_blank\" rel=\"noopener\">Sahad\u017ea jogy<\/a>, \u0160ri Matad\u017ei Nirmala Devi. Po rokoch medit\u00e1cie a \u0161t\u00fadia stavu \u013eudstva, \u0160ri Matad\u017ei 5. m\u00e1ja 1970 v Nargole, v Indii, otvorila posledn\u00e9 energetick\u00e9 centrum zvan\u00e9 <a href=\"https:\/\/shrimataji.org\/test\/sk\/sahasrara-cakra\/\" target=\"_blank\" rel=\"noopener\">Sahasr\u00e1ra <\/a>&#8211; umiestnen\u00e9 v limbickej oblasti mozgu.<\/p>\n<p>T\u00e1to nev\u00eddan\u00e1 udalos\u0165 otvorila dvere do novej \u00e9ry &#8211; emancip\u00e1cie \u013eudstva prostredn\u00edctvom vn\u00fatornej premeny. \u0160ri Matad\u017ei objavila sp\u00f4sob, ktor\u00fd by mohol spusti\u0165 duchovn\u00e9 prebudenie u ve\u013ek\u00e9ho mno\u017estva \u013eud\u00ed. Toto prebudenie, naz\u00fdvan\u00e9 Sebarealiz\u00e1cia, je vlastne aktivovanie \u017eivej energie Kundaliny, ktor\u00e1 existuje vo vn\u00fatri ka\u017edej \u013eudskej bytosti. Bez toho, aby sme sa uch\u00fdlili do \u00fastrania na vrchole hory, m\u00f4\u017eeme z\u00edska\u0165 toto jemn\u00e9 prebudenie spont\u00e1nne, t\u00fdm, \u017ee si to za\u017eel\u00e1me.<\/p>\n<p>\u0160ri Matad\u017ei urobila zo Sebarealiz\u00e1cie z\u00e1klad medit\u00e1cie, ktor\u00fa nazvala Sahad\u017ea joga. K\u013e\u00fa\u010dom k tejto praxi a to \u010do ju odli\u0161uje od in\u00fdch met\u00f3d je &#8220;<a href=\"https:\/\/shrimataji.org\/test\/sk\/bezmyslienkove-vedomie\/\" target=\"_blank\" rel=\"noopener\">bezmy\u0161lienkov\u00e9 vedomie<\/a>&#8220;, ktor\u00e9 povzn\u00e1\u0161a prostredn\u00edctvom ment\u00e1lneho ticha, nie pomocou vizualiz\u00e1cie, alebo nejak\u00e9ho ment\u00e1lneho sna\u017eenia. Medit\u00e1cia Sahad\u017ea jogy sa za posledn\u00fdch 40 rokov mimoriadne roz\u0161\u00edrila a teraz ju praktizuj\u00fa \u013eudia vo viac ako 100 krajin\u00e1ch. Praktizuj\u00faci poch\u00e1dzaj\u00fa z r\u00f4zneho prostredia, ktor\u00ed objavili mier, spokojnos\u0165 a pohodu pomocou tejto jedine\u010dnej medit\u00e1cie.<\/p>\n<p>Ako \u0161tudentka sa \u0160ri Matad\u017ei <a href=\"https:\/\/shrimataji.org\/test\/sk\/studenstke-casy\/\" target=\"_blank\" rel=\"noopener\">z\u00fa\u010dastnila v nen\u00e1silnom boji za oslobodenie Indie s Mahatma G\u00e1ndim<\/a> a bola dva kr\u00e1t nominovan\u00e1 na nobelovu cenu za mier, z\u00edskala mierov\u00fa medailu OSN v roku 1989. Viac ako 40 rokov str\u00e1vila cestovan\u00edm po svete, aby \u0161irila svoje posolstvo mieru a jednoty pomocou medit\u00e1cie. \u010co bolo na jej posolstve v\u00fdnimo\u010dn\u00e9 oproti ostatn\u00fdm takzvan\u00fdm guruom, bolo, \u017ee ka\u017ed\u00fd \u010dlovek nos\u00ed v sebe semienko svojho vlastn\u00e9ho majstrovstva. M\u00f4\u017eu sa teda sta\u0165 svojim vlastn\u00fdm majstrom, bez toho aby sa uch\u00fdlili k dogm\u00e1m \u010di ritu\u00e1lom.<\/p>\n<p>\u0160ri Matad\u017ei zomrela v roku 2011, no <a href=\"https:\/\/shrimataji.org\/test\/sk\/kniznica\/\" target=\"_blank\" rel=\"noopener\">jej odkaz \u017eije<\/a> v \u017eivotoch a komunitnej pr\u00e1ci jej nasledovn\u00edkov po celom svete. \u010casto opakovala, \u017ee ka\u017ed\u00fd \u010dlovek m\u00e1 pr\u00e1vo z\u00edska\u0165 svoju <a href=\"https:\/\/shrimataji.org\/test\/sk\/sebarealizacia-a-meditacia\/\" target=\"_blank\" rel=\"noopener\">Sebarealiz\u00e1ciu<\/a> zdarma, a tento proces Sebarealiz\u00e1cie, je dostupn\u00fd ka\u017ed\u00e9mu kto o to po\u017eiada, dnes pokra\u010duje rovnako intenz\u00edvne, ako ke\u010f t\u00fato sk\u00fasenos\u0165 poskytovala osobne na nespo\u010detn\u00fdch verejn\u00fdch podujatiach.<\/p>\n<p>5. m\u00e1j by mohol by\u0165 jedn\u00e9ho d\u0148a uznan\u00fd za najv\u00fdznamnej\u0161ie v\u00fdro\u010die v duchovn\u00fdch dejin\u00e1ch \u013eudstva. Zatia\u013e bude sl\u00fa\u017ei\u0165 ako univerz\u00e1lny pam\u00e4tn\u00edk l\u00e1sky gurua v\u0161etk\u00fdch guruov a u\u010dite\u013ea v\u0161etk\u00fdch u\u010dite\u013eov, ktor\u00fd priniesol zmyslupln\u00fa, hmatate\u013en\u00fa duchovn\u00fa sf\u00e9ru do modern\u00e9ho sveta.<\/p>\n<p>Tento \u010dl\u00e1nok bol prv\u00fd kr\u00e1t publikovan\u00fd 3. m\u00e1ja 2013.<\/p>\n\n","protected":false},"excerpt":{"rendered":"<p>5. m\u00e1j &#8211; De\u0148 Svetovej Realiz\u00e1cie Na po\u010des\u0165 \u0160ri Matad\u017ei Nirmala Devi, zakladate\u013eky Sahad\u017ea jogy, bol 5. m\u00e1j vyhl\u00e1sen\u00fd za Svetov\u00fd de\u0148 Realiz\u00e1cie. Svetov\u00e1 nad\u00e1cia Sahad\u017ea jogy s pote\u0161en\u00edm oznamuje vyhl\u00e1senie 5. m\u00e1ja za Svetov\u00fd de\u0148 Realiz\u00e1cie na po\u010des\u0165 pr\u00e1ce a v\u00edzie zakladate\u013eky Sahad\u017ea jogy, \u0160ri Matad\u017ei Nirmala Devi. Po rokoch medit\u00e1cie a \u0161t\u00fadia stavu&hellip; <br \/> <a class=\"read-more\" href=\"https:\/\/shrimataji.org\/test\/sk\/5-maj-den-svetovej-sebarealizacie\/\">Read more<\/a><\/p>\n","protected":false},"author":28,"featured_media":0,"parent":0,"menu_order":0,"comment_status":"closed","ping_status":"closed","template":"","meta":{"inline_featured_image":false,"footnotes":""},"class_list":["post-12408","page","type-page","status-publish","hentry"],"yoast_head":"<!-- This site is optimized with the Yoast SEO plugin v27.4 - https:\/\/yoast.com\/product\/yoast-seo-wordpress\/ -->\n<title>5. m\u00e1j - De\u0148 Svetovej Sebarealiz\u00e1cie - TEST - SMND<\/title>\n<meta name=\"robots\" content=\"noindex, follow, max-snippet:-1, max-image-preview:large, max-video-preview:-1\" \/>\n<meta property=\"og:locale\" content=\"en_US\" \/>\n<meta property=\"og:type\" content=\"article\" \/>\n<meta property=\"og:title\" content=\"5. m\u00e1j - De\u0148 Svetovej Sebarealiz\u00e1cie - TEST - SMND\" \/>\n<meta property=\"og:description\" content=\"5. m\u00e1j &#8211; De\u0148 Svetovej Realiz\u00e1cie Na po\u010des\u0165 \u0160ri Matad\u017ei Nirmala Devi, zakladate\u013eky Sahad\u017ea jogy, bol 5. m\u00e1j vyhl\u00e1sen\u00fd za Svetov\u00fd de\u0148 Realiz\u00e1cie. Svetov\u00e1 nad\u00e1cia Sahad\u017ea jogy s pote\u0161en\u00edm oznamuje vyhl\u00e1senie 5. m\u00e1ja za Svetov\u00fd de\u0148 Realiz\u00e1cie na po\u010des\u0165 pr\u00e1ce a v\u00edzie zakladate\u013eky Sahad\u017ea jogy, \u0160ri Matad\u017ei Nirmala Devi. Po rokoch medit\u00e1cie a \u0161t\u00fadia stavu&hellip; Read more\" \/>\n<meta property=\"og:url\" content=\"https:\/\/shrimataji.org\/test\/sk\/5-maj-den-svetovej-sebarealizacie\/\" \/>\n<meta property=\"og:site_name\" content=\"TEST - SMND\" \/>\n<meta property=\"article:publisher\" content=\"https:\/\/www.facebook.com\/shrimataji\" \/>\n<meta property=\"article:modified_time\" content=\"2026-03-12T15:47:46+00:00\" \/>\n<meta property=\"og:image\" content=\"https:\/\/shrimataji.org\/test\/wp-content\/uploads\/2018\/07\/fp11-e1588597806347.jpg\" \/>\n\t<meta property=\"og:image:width\" content=\"707\" \/>\n\t<meta property=\"og:image:height\" content=\"700\" \/>\n\t<meta property=\"og:image:type\" content=\"image\/jpeg\" \/>\n<meta name=\"twitter:card\" content=\"summary_large_image\" \/>\n<meta name=\"twitter:site\" content=\"@shrimataji\" \/>\n<meta name=\"twitter:label1\" content=\"Est. reading time\" \/>\n\t<meta name=\"twitter:data1\" content=\"3 minutes\" \/>\n<script type=\"application\/ld+json\" class=\"yoast-schema-graph\">{\"@context\":\"https:\\\/\\\/schema.org\",\"@graph\":[{\"@type\":\"WebPage\",\"@id\":\"https:\\\/\\\/shrimataji.org\\\/test\\\/sk\\\/5-maj-den-svetovej-sebarealizacie\\\/\",\"url\":\"https:\\\/\\\/shrimataji.org\\\/test\\\/sk\\\/5-maj-den-svetovej-sebarealizacie\\\/\",\"name\":\"5. m\u00e1j - De\u0148 Svetovej Sebarealiz\u00e1cie - TEST - SMND\",\"isPartOf\":{\"@id\":\"https:\\\/\\\/shrimataji.org\\\/test\\\/#website\"},\"datePublished\":\"2013-03-05T14:00:00+00:00\",\"dateModified\":\"2026-03-12T15:47:46+00:00\",\"breadcrumb\":{\"@id\":\"https:\\\/\\\/shrimataji.org\\\/test\\\/sk\\\/5-maj-den-svetovej-sebarealizacie\\\/#breadcrumb\"},\"inLanguage\":\"en-US\",\"potentialAction\":[{\"@type\":\"ReadAction\",\"target\":[\"https:\\\/\\\/shrimataji.org\\\/test\\\/sk\\\/5-maj-den-svetovej-sebarealizacie\\\/\"]}]},{\"@type\":\"BreadcrumbList\",\"@id\":\"https:\\\/\\\/shrimataji.org\\\/test\\\/sk\\\/5-maj-den-svetovej-sebarealizacie\\\/#breadcrumb\",\"itemListElement\":[{\"@type\":\"ListItem\",\"position\":1,\"name\":\"Home\",\"item\":\"https:\\\/\\\/shrimataji.org\\\/test\\\/uk\\\/home-en\\\/\"},{\"@type\":\"ListItem\",\"position\":2,\"name\":\"5. m\u00e1j &#8211; De\u0148 Svetovej Sebarealiz\u00e1cie\"}]},{\"@type\":\"WebSite\",\"@id\":\"https:\\\/\\\/shrimataji.org\\\/test\\\/#website\",\"url\":\"https:\\\/\\\/shrimataji.org\\\/test\\\/\",\"name\":\"Shri Mataji Nirmala Devi\",\"description\":\"A Life Dedicated to Humanity\",\"publisher\":{\"@id\":\"https:\\\/\\\/shrimataji.org\\\/test\\\/#\\\/schema\\\/person\\\/a1b3419c6585f164aa96da1ff85715d1\"},\"potentialAction\":[{\"@type\":\"SearchAction\",\"target\":{\"@type\":\"EntryPoint\",\"urlTemplate\":\"https:\\\/\\\/shrimataji.org\\\/test\\\/?s={search_term_string}\"},\"query-input\":{\"@type\":\"PropertyValueSpecification\",\"valueRequired\":true,\"valueName\":\"search_term_string\"}}],\"inLanguage\":\"en-US\"},{\"@type\":[\"Person\",\"Organization\"],\"@id\":\"https:\\\/\\\/shrimataji.org\\\/test\\\/#\\\/schema\\\/person\\\/a1b3419c6585f164aa96da1ff85715d1\",\"name\":\"Nirmala Shrivastava\",\"image\":{\"@type\":\"ImageObject\",\"inLanguage\":\"en-US\",\"@id\":\"https:\\\/\\\/shrimataji.org\\\/test\\\/wp-content\\\/uploads\\\/2023\\\/02\\\/SMO_LOGO-03.svg\",\"url\":\"https:\\\/\\\/shrimataji.org\\\/test\\\/wp-content\\\/uploads\\\/2023\\\/02\\\/SMO_LOGO-03.svg\",\"contentUrl\":\"https:\\\/\\\/shrimataji.org\\\/test\\\/wp-content\\\/uploads\\\/2023\\\/02\\\/SMO_LOGO-03.svg\",\"width\":\"1024\",\"height\":\"1024\",\"caption\":\"Nirmala Shrivastava\"},\"logo\":{\"@id\":\"https:\\\/\\\/shrimataji.org\\\/test\\\/wp-content\\\/uploads\\\/2023\\\/02\\\/SMO_LOGO-03.svg\"},\"sameAs\":[\"https:\\\/\\\/shrimataji.org\\\/test\",\"https:\\\/\\\/www.facebook.com\\\/shrimataji\",\"https:\\\/\\\/x.com\\\/shrimataji\",\"https:\\\/\\\/www.youtube.com\\\/@Shri_Mataji_Nirmala_Devi\\\/featured\"]}]}<\/script>\n<!-- \/ Yoast SEO plugin. -->","yoast_head_json":{"title":"5. m\u00e1j - De\u0148 Svetovej Sebarealiz\u00e1cie - TEST - SMND","robots":{"index":"noindex","follow":"follow","max-snippet":"max-snippet:-1","max-image-preview":"max-image-preview:large","max-video-preview":"max-video-preview:-1"},"og_locale":"en_US","og_type":"article","og_title":"5. m\u00e1j - De\u0148 Svetovej Sebarealiz\u00e1cie - TEST - SMND","og_description":"5. m\u00e1j &#8211; De\u0148 Svetovej Realiz\u00e1cie Na po\u010des\u0165 \u0160ri Matad\u017ei Nirmala Devi, zakladate\u013eky Sahad\u017ea jogy, bol 5. m\u00e1j vyhl\u00e1sen\u00fd za Svetov\u00fd de\u0148 Realiz\u00e1cie. Svetov\u00e1 nad\u00e1cia Sahad\u017ea jogy s pote\u0161en\u00edm oznamuje vyhl\u00e1senie 5. m\u00e1ja za Svetov\u00fd de\u0148 Realiz\u00e1cie na po\u010des\u0165 pr\u00e1ce a v\u00edzie zakladate\u013eky Sahad\u017ea jogy, \u0160ri Matad\u017ei Nirmala Devi. Po rokoch medit\u00e1cie a \u0161t\u00fadia stavu&hellip; Read more","og_url":"https:\/\/shrimataji.org\/test\/sk\/5-maj-den-svetovej-sebarealizacie\/","og_site_name":"TEST - SMND","article_publisher":"https:\/\/www.facebook.com\/shrimataji","article_modified_time":"2026-03-12T15:47:46+00:00","og_image":[{"width":707,"height":700,"url":"https:\/\/shrimataji.org\/test\/wp-content\/uploads\/2018\/07\/fp11-e1588597806347.jpg","type":"image\/jpeg"}],"twitter_card":"summary_large_image","twitter_site":"@shrimataji","twitter_misc":{"Est. reading time":"3 minutes"},"schema":{"@context":"https:\/\/schema.org","@graph":[{"@type":"WebPage","@id":"https:\/\/shrimataji.org\/test\/sk\/5-maj-den-svetovej-sebarealizacie\/","url":"https:\/\/shrimataji.org\/test\/sk\/5-maj-den-svetovej-sebarealizacie\/","name":"5. m\u00e1j - De\u0148 Svetovej Sebarealiz\u00e1cie - TEST - SMND","isPartOf":{"@id":"https:\/\/shrimataji.org\/test\/#website"},"datePublished":"2013-03-05T14:00:00+00:00","dateModified":"2026-03-12T15:47:46+00:00","breadcrumb":{"@id":"https:\/\/shrimataji.org\/test\/sk\/5-maj-den-svetovej-sebarealizacie\/#breadcrumb"},"inLanguage":"en-US","potentialAction":[{"@type":"ReadAction","target":["https:\/\/shrimataji.org\/test\/sk\/5-maj-den-svetovej-sebarealizacie\/"]}]},{"@type":"BreadcrumbList","@id":"https:\/\/shrimataji.org\/test\/sk\/5-maj-den-svetovej-sebarealizacie\/#breadcrumb","itemListElement":[{"@type":"ListItem","position":1,"name":"Home","item":"https:\/\/shrimataji.org\/test\/uk\/home-en\/"},{"@type":"ListItem","position":2,"name":"5. m\u00e1j &#8211; De\u0148 Svetovej Sebarealiz\u00e1cie"}]},{"@type":"WebSite","@id":"https:\/\/shrimataji.org\/test\/#website","url":"https:\/\/shrimataji.org\/test\/","name":"Shri Mataji Nirmala Devi","description":"A Life Dedicated to Humanity","publisher":{"@id":"https:\/\/shrimataji.org\/test\/#\/schema\/person\/a1b3419c6585f164aa96da1ff85715d1"},"potentialAction":[{"@type":"SearchAction","target":{"@type":"EntryPoint","urlTemplate":"https:\/\/shrimataji.org\/test\/?s={search_term_string}"},"query-input":{"@type":"PropertyValueSpecification","valueRequired":true,"valueName":"search_term_string"}}],"inLanguage":"en-US"},{"@type":["Person","Organization"],"@id":"https:\/\/shrimataji.org\/test\/#\/schema\/person\/a1b3419c6585f164aa96da1ff85715d1","name":"Nirmala Shrivastava","image":{"@type":"ImageObject","inLanguage":"en-US","@id":"https:\/\/shrimataji.org\/test\/wp-content\/uploads\/2023\/02\/SMO_LOGO-03.svg","url":"https:\/\/shrimataji.org\/test\/wp-content\/uploads\/2023\/02\/SMO_LOGO-03.svg","contentUrl":"https:\/\/shrimataji.org\/test\/wp-content\/uploads\/2023\/02\/SMO_LOGO-03.svg","width":"1024","height":"1024","caption":"Nirmala Shrivastava"},"logo":{"@id":"https:\/\/shrimataji.org\/test\/wp-content\/uploads\/2023\/02\/SMO_LOGO-03.svg"},"sameAs":["https:\/\/shrimataji.org\/test","https:\/\/www.facebook.com\/shrimataji","https:\/\/x.com\/shrimataji","https:\/\/www.youtube.com\/@Shri_Mataji_Nirmala_Devi\/featured"]}]}},"lang":"sk","translations":{"sk":12408,"en":453,"am":18037,"th":19998,"hu":19518,"sq":18438,"zh":17335,"tr":10183,"pt":10395,"de":10669,"fr":10767,"it":10865,"es":10962,"ja":11259,"ru":11447,"bn":11639,"te":11747,"sw":11870,"he":12018,"el":12310,"fa":12506,"fi":12604,"bg":13491,"ro":14566,"cs":14759,"nl":16598,"ku":16758,"ar":16934,"be":18645,"kn":18919,"mr":20362,"uk":20656,"ml":20951,"ta":22756,"sv":23027,"gu":28870,"pa":29030,"fil":29475},"pll_sync_post":[],"_links":{"self":[{"href":"https:\/\/shrimataji.org\/test\/wp-json\/wp\/v2\/pages\/12408","targetHints":{"allow":["GET"]}}],"collection":[{"href":"https:\/\/shrimataji.org\/test\/wp-json\/wp\/v2\/pages"}],"about":[{"href":"https:\/\/shrimataji.org\/test\/wp-json\/wp\/v2\/types\/page"}],"author":[{"embeddable":true,"href":"https:\/\/shrimataji.org\/test\/wp-json\/wp\/v2\/users\/28"}],"replies":[{"embeddable":true,"href":"https:\/\/shrimataji.org\/test\/wp-json\/wp\/v2\/comments?post=12408"}],"version-history":[{"count":0,"href":"https:\/\/shrimataji.org\/test\/wp-json\/wp\/v2\/pages\/12408\/revisions"}],"wp:attachment":[{"href":"https:\/\/shrimataji.org\/test\/wp-json\/wp\/v2\/media?parent=12408"}],"curies":[{"name":"wp","href":"https:\/\/api.w.org\/{rel}","templated":true}]}}