{"id":12411,"date":"2022-01-29T10:25:21","date_gmt":"2022-01-29T10:25:21","guid":{"rendered":"https:\/\/test.shrimataji.org\/?page_id=6406"},"modified":"2026-03-12T10:39:20","modified_gmt":"2026-03-12T10:39:20","slug":"kanaly-a-tri-typy-psychiky","status":"publish","type":"page","link":"https:\/\/shrimataji.org\/test\/sk\/kanaly-a-tri-typy-psychiky\/","title":{"rendered":"Kan\u00e1ly (n\u00e1di) a tri typy psychiky"},"content":{"rendered":"\n\n\t<h1>Kan\u00e1ly (n\u00e1di) a tri typy psychiky<\/h1>\n<h2>Dosiahnutie rovnov\u00e1hy<\/h2>\n<div class=\"su-quote su-quote-style-default\"><div class=\"su-quote-inner su-u-clearfix su-u-trim\"> Tieto jemn\u00e9 kan\u00e1ly nem\u00f4\u017eete vidie\u0165, prejavia sa len v Sahad\u017ea joge. <\/div><\/div>\n<h4>\u013dudsk\u00fd subt\u00edlny syst\u00e9m je nesmierne zlo\u017eit\u00fd, tvor\u00ed ho tis\u00edce kan\u00e1lov, ktor\u00e9 umo\u017e\u0148uj\u00fa na\u0161ej energii pr\u00fadi\u0165 cel\u00fdm telom. Prejavom tejto energie, ktor\u00e1 pretek\u00e1 kan\u00e1lmi a na \u0161pecifick\u00fdch miestach v r\u00e1mci subt\u00edlneho syst\u00e9mu s\u00fa <a href=\"https:\/\/shrimataji.org\/test\/sk\/cakry-a-ich-kvality\/\" target=\"_blank\" rel=\"noopener\">\u010dakry<\/a> (koles\u00e1 &#8211; zo sanskritu). Cel\u00fd n\u00e1\u0161 jemnohmotn\u00fd syst\u00e9m je riaden\u00fd tromi hlavn\u00fdmi vertik\u00e1lnymi kan\u00e1lmi, zvan\u00fdmi aj N\u00e1dis, ktor\u00e9 komunikuj\u00fa pomocou siedmich hlavn\u00fdch \u010dakier.<\/h4>\n<p>Len v\u010faka Sebarealiz\u00e1cii sa m\u00f4\u017ee n\u00e1\u0161 subt\u00edlny syst\u00e9m plne aktivova\u0165, ke\u010f sa prebud\u00ed <a href=\"https:\/\/shrimataji.org\/test\/sk\/kundaliny\/\" target=\"_blank\" rel=\"noopener\">Kundaliny<\/a>, ktor\u00e1 pre\u010dis\u0165\u00ed a d\u00e1 cel\u00fd syst\u00e9m do rovnov\u00e1hy, osvieti \u010dist\u00e9 kvality v \u010dakr\u00e1ch.<\/p>\n<figure itemscope itemtype=\"https:\/\/schema.org\/ImageObject\">\n\t\t\t\t<img decoding=\"async\" src=\"https:\/\/shrimataji.org\/test\/wp-content\/uploads\/2025\/12\/sk-All-Nadis-01-scaled.png\" alt=\"sk-All Nadis-01\" height=\"2560\" width=\"2390\" title=\"sk-All Nadis-01\" onerror=\"this.style.display='none'\" loading=\"lazy\" \/>\n\t<\/figure>\n\t<p>Ka\u017ed\u00fd energetick\u00fd kan\u00e1l zodpoved\u00e1 n\u00e1\u0161mu duchovn\u00e9mu rozpolo\u017eeniu, \u010di kvalit\u00e1m na\u0161ej psychiky a podporuje pln\u00fd rozvoj zrelej osobnosti. Po\u010das n\u00e1\u0161ho ka\u017edodenn\u00e9ho \u017eivota m\u00e1me sklony pou\u017e\u00edva\u0165 viac \u013eav\u00fd kan\u00e1l (v sanskrite Ida Nadi), ktor\u00fd riadi na\u0161e t\u00fa\u017eby, pocity, alebo prav\u00fd kan\u00e1l (v sanskrite Pingala N\u00e1di) , ktor\u00fd riadi na\u0161e my\u0161lienky a skutky. Tieto prehnan\u00e9 sklony n\u00e1\u0161ho \u017eivotn\u00e9ho \u0161t\u00fdlu \u010dasto nar\u00fa\u0161aj\u00fa na\u0161u prirodzen\u00fa rovnov\u00e1hu na\u0161ich kan\u00e1lov a potom za\u017eivame fyzick\u00e9, du\u0161evn\u00e9 a emocion\u00e1lne probl\u00e9my. Tret\u00edm energetick\u00fdm kan\u00e1lom je Su\u0161umna n\u00e1di, ktor\u00fd le\u017e\u00ed v strede, medzi \u013eav\u00fdm a prav\u00fdm kan\u00e1lom a je aktivovan\u00fd len pri Sebarealiz\u00e1cii, ke\u010f vyst\u00fapi Kundaliny a osvieti v\u0161etky \u010dakry a kan\u00e1ly \u010d\u00edm n\u00e1s priv\u00e1dza do stavu vn\u00fatornej rovnov\u00e1hy.<\/p>\n<p>Tieto subt\u00edlne kan\u00e1ly s\u00fa nielen prepojen\u00e9 s na\u0161ou miechou, ktor\u00e1 sa prejavuje na hrubej \u00farovni ako sympatick\u00fd a parasympatick\u00fd nervov\u00fd syst\u00e9m, ale aj zodpovedaj\u00fa \u0161pecifick\u00fdm miestam na na\u0161ich ruk\u00e1ch a noh\u00e1ch a na tele.<\/p>\n<figure itemscope itemtype=\"https:\/\/schema.org\/ImageObject\">\n\t\t\t\t<img decoding=\"async\" src=\"https:\/\/shrimataji.org\/test\/wp-content\/uploads\/2023\/03\/Nadi_Handsketch.jpg\" alt=\"Origin\u00e1lna kresba od \u0160r\u00ed Matad\u017e\u00ed\" height=\"511\" width=\"1246\" title=\"Nadi_Handsketch\" onerror=\"this.style.display='none'\" loading=\"lazy\" \/>\n\t\t<figcaption>Origin\u00e1lna kresba od \u0160r\u00ed Matad\u017e\u00ed<\/figcaption>\n\t<\/figure>\n\t<p>Po Sebarealiz\u00e1cii si jasne uvedomujeme nerovnv\u00e1hu v na\u0161ich kan\u00e1loch a \u010dakr\u00e1ch, ktor\u00fa poci\u0165ujeme bu\u010f ako teplo, ve\u013ek\u00fd chlad \u010di necitlivos\u0165, v pr\u00edslu\u0161n\u00fdch miestach na tele, v mieche.<\/p>\n<p>\u0160ri Matad\u017ei podrobne op\u00edsala r\u00f4zne \u010distiace techniky, pri\u010dom \u010dasto pou\u017e\u00edvala elementy, ako je zem, voda, ohe\u0148, vzduch a \u00e9ter. Aby tak odstr\u00e1nila ur\u010dit\u00e9 blok\u00e1dy v kan\u00e1loch a \u010dakr\u00e1ch a priviedla ich tak do stavu prirodzenej rovnov\u00e1hy.<\/p>\n\t\t<img decoding=\"async\" data-spai-excluded=\"true\" loading=\"lazy\"  alt=\"YouTube player\"  src=\"https:\/\/i.ytimg.com\/vi\/9phkP0MMMEI\/maxresdefault.jpg\"  \/><button aria-label=\"Play\"><\/button><meta itemprop=\"embedUrl\" content=\"https:\/\/www.youtube.com\/embed\/9phkP0MMMEI\"\/><meta itemprop=\"name\" content=\"The importance of a balanced life\"\/><meta itemprop=\"description\" content=\"YouTube video\"\/><meta itemprop=\"thumbnailUrl\" content=\"https:\/\/i.ytimg.com\/vi\/9phkP0MMMEI\/0.jpg\"\/><meta itemprop=\"duration\" content=\"PT2M5S\"\/><meta itemprop=\"uploadDate\" content=\"2022-11-12T03:31:03Z\"\/>\t\n\n","protected":false},"excerpt":{"rendered":"<p>Kan\u00e1ly (n\u00e1di) a tri typy psychiky Dosiahnutie rovnov\u00e1hy \u013dudsk\u00fd subt\u00edlny syst\u00e9m je nesmierne zlo\u017eit\u00fd, tvor\u00ed ho tis\u00edce kan\u00e1lov, ktor\u00e9 umo\u017e\u0148uj\u00fa na\u0161ej energii pr\u00fadi\u0165 cel\u00fdm telom. Prejavom tejto energie, ktor\u00e1 pretek\u00e1 kan\u00e1lmi a na \u0161pecifick\u00fdch miestach v r\u00e1mci subt\u00edlneho syst\u00e9mu s\u00fa \u010dakry (koles\u00e1 &#8211; zo sanskritu). Cel\u00fd n\u00e1\u0161 jemnohmotn\u00fd syst\u00e9m je riaden\u00fd tromi hlavn\u00fdmi vertik\u00e1lnymi kan\u00e1lmi,&hellip; <br \/> <a class=\"read-more\" href=\"https:\/\/shrimataji.org\/test\/sk\/kanaly-a-tri-typy-psychiky\/\">Read more<\/a><\/p>\n","protected":false},"author":28,"featured_media":9246,"parent":0,"menu_order":0,"comment_status":"closed","ping_status":"closed","template":"","meta":{"inline_featured_image":false,"footnotes":""},"class_list":["post-12411","page","type-page","status-publish","has-post-thumbnail","hentry"],"yoast_head":"<!-- This site is optimized with the Yoast SEO plugin v27.4 - https:\/\/yoast.com\/product\/yoast-seo-wordpress\/ -->\n<title>Kan\u00e1ly (n\u00e1di) a tri typy psychiky - TEST - SMND<\/title>\n<meta name=\"robots\" content=\"noindex, follow, max-snippet:-1, max-image-preview:large, max-video-preview:-1\" \/>\n<meta property=\"og:locale\" content=\"en_US\" \/>\n<meta property=\"og:type\" content=\"article\" \/>\n<meta property=\"og:title\" content=\"Kan\u00e1ly (n\u00e1di) a tri typy psychiky - TEST - SMND\" \/>\n<meta property=\"og:description\" content=\"Kan\u00e1ly (n\u00e1di) a tri typy psychiky Dosiahnutie rovnov\u00e1hy \u013dudsk\u00fd subt\u00edlny syst\u00e9m je nesmierne zlo\u017eit\u00fd, tvor\u00ed ho tis\u00edce kan\u00e1lov, ktor\u00e9 umo\u017e\u0148uj\u00fa na\u0161ej energii pr\u00fadi\u0165 cel\u00fdm telom. Prejavom tejto energie, ktor\u00e1 pretek\u00e1 kan\u00e1lmi a na \u0161pecifick\u00fdch miestach v r\u00e1mci subt\u00edlneho syst\u00e9mu s\u00fa \u010dakry (koles\u00e1 &#8211; zo sanskritu). Cel\u00fd n\u00e1\u0161 jemnohmotn\u00fd syst\u00e9m je riaden\u00fd tromi hlavn\u00fdmi vertik\u00e1lnymi kan\u00e1lmi,&hellip; Read more\" \/>\n<meta property=\"og:url\" content=\"https:\/\/shrimataji.org\/test\/sk\/kanaly-a-tri-typy-psychiky\/\" \/>\n<meta property=\"og:site_name\" content=\"TEST - SMND\" \/>\n<meta property=\"article:publisher\" content=\"https:\/\/www.facebook.com\/shrimataji\" \/>\n<meta property=\"article:modified_time\" content=\"2026-03-12T10:39:20+00:00\" \/>\n<meta property=\"og:image\" content=\"https:\/\/shrimataji.org\/test\/wp-content\/uploads\/2023\/03\/11_Banner-SY-Nadis-2-scaled.jpg\" \/>\n\t<meta property=\"og:image:width\" content=\"2560\" \/>\n\t<meta property=\"og:image:height\" content=\"905\" \/>\n\t<meta property=\"og:image:type\" content=\"image\/jpeg\" \/>\n<meta name=\"twitter:card\" content=\"summary_large_image\" \/>\n<meta name=\"twitter:site\" content=\"@shrimataji\" \/>\n<meta name=\"twitter:label1\" content=\"Est. reading time\" \/>\n\t<meta name=\"twitter:data1\" content=\"3 minutes\" \/>\n<script type=\"application\/ld+json\" class=\"yoast-schema-graph\">{\"@context\":\"https:\\\/\\\/schema.org\",\"@graph\":[{\"@type\":\"WebPage\",\"@id\":\"https:\\\/\\\/shrimataji.org\\\/test\\\/sk\\\/kanaly-a-tri-typy-psychiky\\\/\",\"url\":\"https:\\\/\\\/shrimataji.org\\\/test\\\/sk\\\/kanaly-a-tri-typy-psychiky\\\/\",\"name\":\"Kan\u00e1ly (n\u00e1di) a tri typy psychiky - TEST - SMND\",\"isPartOf\":{\"@id\":\"https:\\\/\\\/shrimataji.org\\\/test\\\/#website\"},\"primaryImageOfPage\":{\"@id\":\"https:\\\/\\\/shrimataji.org\\\/test\\\/sk\\\/kanaly-a-tri-typy-psychiky\\\/#primaryimage\"},\"image\":{\"@id\":\"https:\\\/\\\/shrimataji.org\\\/test\\\/sk\\\/kanaly-a-tri-typy-psychiky\\\/#primaryimage\"},\"thumbnailUrl\":\"https:\\\/\\\/shrimataji.org\\\/test\\\/wp-content\\\/uploads\\\/2023\\\/03\\\/11_Banner-SY-Nadis-2-scaled.jpg\",\"datePublished\":\"2022-01-29T10:25:21+00:00\",\"dateModified\":\"2026-03-12T10:39:20+00:00\",\"breadcrumb\":{\"@id\":\"https:\\\/\\\/shrimataji.org\\\/test\\\/sk\\\/kanaly-a-tri-typy-psychiky\\\/#breadcrumb\"},\"inLanguage\":\"en-US\",\"potentialAction\":[{\"@type\":\"ReadAction\",\"target\":[\"https:\\\/\\\/shrimataji.org\\\/test\\\/sk\\\/kanaly-a-tri-typy-psychiky\\\/\"]}]},{\"@type\":\"ImageObject\",\"inLanguage\":\"en-US\",\"@id\":\"https:\\\/\\\/shrimataji.org\\\/test\\\/sk\\\/kanaly-a-tri-typy-psychiky\\\/#primaryimage\",\"url\":\"https:\\\/\\\/shrimataji.org\\\/test\\\/wp-content\\\/uploads\\\/2023\\\/03\\\/11_Banner-SY-Nadis-2-scaled.jpg\",\"contentUrl\":\"https:\\\/\\\/shrimataji.org\\\/test\\\/wp-content\\\/uploads\\\/2023\\\/03\\\/11_Banner-SY-Nadis-2-scaled.jpg\",\"width\":2560,\"height\":905},{\"@type\":\"BreadcrumbList\",\"@id\":\"https:\\\/\\\/shrimataji.org\\\/test\\\/sk\\\/kanaly-a-tri-typy-psychiky\\\/#breadcrumb\",\"itemListElement\":[{\"@type\":\"ListItem\",\"position\":1,\"name\":\"Home\",\"item\":\"https:\\\/\\\/shrimataji.org\\\/test\\\/uk\\\/home-en\\\/\"},{\"@type\":\"ListItem\",\"position\":2,\"name\":\"Kan\u00e1ly (n\u00e1di) a tri typy psychiky\"}]},{\"@type\":\"WebSite\",\"@id\":\"https:\\\/\\\/shrimataji.org\\\/test\\\/#website\",\"url\":\"https:\\\/\\\/shrimataji.org\\\/test\\\/\",\"name\":\"Shri Mataji Nirmala Devi\",\"description\":\"A Life Dedicated to Humanity\",\"publisher\":{\"@id\":\"https:\\\/\\\/shrimataji.org\\\/test\\\/#\\\/schema\\\/person\\\/a1b3419c6585f164aa96da1ff85715d1\"},\"potentialAction\":[{\"@type\":\"SearchAction\",\"target\":{\"@type\":\"EntryPoint\",\"urlTemplate\":\"https:\\\/\\\/shrimataji.org\\\/test\\\/?s={search_term_string}\"},\"query-input\":{\"@type\":\"PropertyValueSpecification\",\"valueRequired\":true,\"valueName\":\"search_term_string\"}}],\"inLanguage\":\"en-US\"},{\"@type\":[\"Person\",\"Organization\"],\"@id\":\"https:\\\/\\\/shrimataji.org\\\/test\\\/#\\\/schema\\\/person\\\/a1b3419c6585f164aa96da1ff85715d1\",\"name\":\"Nirmala Shrivastava\",\"image\":{\"@type\":\"ImageObject\",\"inLanguage\":\"en-US\",\"@id\":\"https:\\\/\\\/shrimataji.org\\\/test\\\/wp-content\\\/uploads\\\/2023\\\/02\\\/SMO_LOGO-03.svg\",\"url\":\"https:\\\/\\\/shrimataji.org\\\/test\\\/wp-content\\\/uploads\\\/2023\\\/02\\\/SMO_LOGO-03.svg\",\"contentUrl\":\"https:\\\/\\\/shrimataji.org\\\/test\\\/wp-content\\\/uploads\\\/2023\\\/02\\\/SMO_LOGO-03.svg\",\"width\":\"1024\",\"height\":\"1024\",\"caption\":\"Nirmala Shrivastava\"},\"logo\":{\"@id\":\"https:\\\/\\\/shrimataji.org\\\/test\\\/wp-content\\\/uploads\\\/2023\\\/02\\\/SMO_LOGO-03.svg\"},\"sameAs\":[\"https:\\\/\\\/shrimataji.org\\\/test\",\"https:\\\/\\\/www.facebook.com\\\/shrimataji\",\"https:\\\/\\\/x.com\\\/shrimataji\",\"https:\\\/\\\/www.youtube.com\\\/@Shri_Mataji_Nirmala_Devi\\\/featured\"]}]}<\/script>\n<!-- \/ Yoast SEO plugin. -->","yoast_head_json":{"title":"Kan\u00e1ly (n\u00e1di) a tri typy psychiky - TEST - SMND","robots":{"index":"noindex","follow":"follow","max-snippet":"max-snippet:-1","max-image-preview":"max-image-preview:large","max-video-preview":"max-video-preview:-1"},"og_locale":"en_US","og_type":"article","og_title":"Kan\u00e1ly (n\u00e1di) a tri typy psychiky - TEST - SMND","og_description":"Kan\u00e1ly (n\u00e1di) a tri typy psychiky Dosiahnutie rovnov\u00e1hy \u013dudsk\u00fd subt\u00edlny syst\u00e9m je nesmierne zlo\u017eit\u00fd, tvor\u00ed ho tis\u00edce kan\u00e1lov, ktor\u00e9 umo\u017e\u0148uj\u00fa na\u0161ej energii pr\u00fadi\u0165 cel\u00fdm telom. Prejavom tejto energie, ktor\u00e1 pretek\u00e1 kan\u00e1lmi a na \u0161pecifick\u00fdch miestach v r\u00e1mci subt\u00edlneho syst\u00e9mu s\u00fa \u010dakry (koles\u00e1 &#8211; zo sanskritu). Cel\u00fd n\u00e1\u0161 jemnohmotn\u00fd syst\u00e9m je riaden\u00fd tromi hlavn\u00fdmi vertik\u00e1lnymi kan\u00e1lmi,&hellip; Read more","og_url":"https:\/\/shrimataji.org\/test\/sk\/kanaly-a-tri-typy-psychiky\/","og_site_name":"TEST - SMND","article_publisher":"https:\/\/www.facebook.com\/shrimataji","article_modified_time":"2026-03-12T10:39:20+00:00","og_image":[{"width":2560,"height":905,"url":"https:\/\/shrimataji.org\/test\/wp-content\/uploads\/2023\/03\/11_Banner-SY-Nadis-2-scaled.jpg","type":"image\/jpeg"}],"twitter_card":"summary_large_image","twitter_site":"@shrimataji","twitter_misc":{"Est. reading time":"3 minutes"},"schema":{"@context":"https:\/\/schema.org","@graph":[{"@type":"WebPage","@id":"https:\/\/shrimataji.org\/test\/sk\/kanaly-a-tri-typy-psychiky\/","url":"https:\/\/shrimataji.org\/test\/sk\/kanaly-a-tri-typy-psychiky\/","name":"Kan\u00e1ly (n\u00e1di) a tri typy psychiky - TEST - SMND","isPartOf":{"@id":"https:\/\/shrimataji.org\/test\/#website"},"primaryImageOfPage":{"@id":"https:\/\/shrimataji.org\/test\/sk\/kanaly-a-tri-typy-psychiky\/#primaryimage"},"image":{"@id":"https:\/\/shrimataji.org\/test\/sk\/kanaly-a-tri-typy-psychiky\/#primaryimage"},"thumbnailUrl":"https:\/\/shrimataji.org\/test\/wp-content\/uploads\/2023\/03\/11_Banner-SY-Nadis-2-scaled.jpg","datePublished":"2022-01-29T10:25:21+00:00","dateModified":"2026-03-12T10:39:20+00:00","breadcrumb":{"@id":"https:\/\/shrimataji.org\/test\/sk\/kanaly-a-tri-typy-psychiky\/#breadcrumb"},"inLanguage":"en-US","potentialAction":[{"@type":"ReadAction","target":["https:\/\/shrimataji.org\/test\/sk\/kanaly-a-tri-typy-psychiky\/"]}]},{"@type":"ImageObject","inLanguage":"en-US","@id":"https:\/\/shrimataji.org\/test\/sk\/kanaly-a-tri-typy-psychiky\/#primaryimage","url":"https:\/\/shrimataji.org\/test\/wp-content\/uploads\/2023\/03\/11_Banner-SY-Nadis-2-scaled.jpg","contentUrl":"https:\/\/shrimataji.org\/test\/wp-content\/uploads\/2023\/03\/11_Banner-SY-Nadis-2-scaled.jpg","width":2560,"height":905},{"@type":"BreadcrumbList","@id":"https:\/\/shrimataji.org\/test\/sk\/kanaly-a-tri-typy-psychiky\/#breadcrumb","itemListElement":[{"@type":"ListItem","position":1,"name":"Home","item":"https:\/\/shrimataji.org\/test\/uk\/home-en\/"},{"@type":"ListItem","position":2,"name":"Kan\u00e1ly (n\u00e1di) a tri typy psychiky"}]},{"@type":"WebSite","@id":"https:\/\/shrimataji.org\/test\/#website","url":"https:\/\/shrimataji.org\/test\/","name":"Shri Mataji Nirmala Devi","description":"A Life Dedicated to Humanity","publisher":{"@id":"https:\/\/shrimataji.org\/test\/#\/schema\/person\/a1b3419c6585f164aa96da1ff85715d1"},"potentialAction":[{"@type":"SearchAction","target":{"@type":"EntryPoint","urlTemplate":"https:\/\/shrimataji.org\/test\/?s={search_term_string}"},"query-input":{"@type":"PropertyValueSpecification","valueRequired":true,"valueName":"search_term_string"}}],"inLanguage":"en-US"},{"@type":["Person","Organization"],"@id":"https:\/\/shrimataji.org\/test\/#\/schema\/person\/a1b3419c6585f164aa96da1ff85715d1","name":"Nirmala Shrivastava","image":{"@type":"ImageObject","inLanguage":"en-US","@id":"https:\/\/shrimataji.org\/test\/wp-content\/uploads\/2023\/02\/SMO_LOGO-03.svg","url":"https:\/\/shrimataji.org\/test\/wp-content\/uploads\/2023\/02\/SMO_LOGO-03.svg","contentUrl":"https:\/\/shrimataji.org\/test\/wp-content\/uploads\/2023\/02\/SMO_LOGO-03.svg","width":"1024","height":"1024","caption":"Nirmala Shrivastava"},"logo":{"@id":"https:\/\/shrimataji.org\/test\/wp-content\/uploads\/2023\/02\/SMO_LOGO-03.svg"},"sameAs":["https:\/\/shrimataji.org\/test","https:\/\/www.facebook.com\/shrimataji","https:\/\/x.com\/shrimataji","https:\/\/www.youtube.com\/@Shri_Mataji_Nirmala_Devi\/featured"]}]}},"lang":"sk","translations":{"sk":12411,"ur":37470,"en":6406,"am":18042,"th":20006,"hu":19524,"sq":18443,"zh":17340,"hi":8302,"tr":10188,"pt":10398,"de":10672,"fr":10770,"it":10868,"es":10965,"ja":11262,"ru":11450,"bn":11642,"te":11750,"sw":11873,"he":12021,"el":12313,"fa":12509,"fi":12607,"bg":13386,"ro":14460,"cs":14653,"nl":16603,"ku":16763,"ar":16939,"be":18650,"kn":18924,"mr":20370,"uk":20664,"ml":20959,"ta":22761,"sv":23032,"gu":28875,"pa":29035,"fil":29480,"da":37782,"pl":37994,"nn":38334},"pll_sync_post":[],"_links":{"self":[{"href":"https:\/\/shrimataji.org\/test\/wp-json\/wp\/v2\/pages\/12411","targetHints":{"allow":["GET"]}}],"collection":[{"href":"https:\/\/shrimataji.org\/test\/wp-json\/wp\/v2\/pages"}],"about":[{"href":"https:\/\/shrimataji.org\/test\/wp-json\/wp\/v2\/types\/page"}],"author":[{"embeddable":true,"href":"https:\/\/shrimataji.org\/test\/wp-json\/wp\/v2\/users\/28"}],"replies":[{"embeddable":true,"href":"https:\/\/shrimataji.org\/test\/wp-json\/wp\/v2\/comments?post=12411"}],"version-history":[{"count":0,"href":"https:\/\/shrimataji.org\/test\/wp-json\/wp\/v2\/pages\/12411\/revisions"}],"wp:featuredmedia":[{"embeddable":true,"href":"https:\/\/shrimataji.org\/test\/wp-json\/wp\/v2\/media\/9246"}],"wp:attachment":[{"href":"https:\/\/shrimataji.org\/test\/wp-json\/wp\/v2\/media?parent=12411"}],"curies":[{"name":"wp","href":"https:\/\/api.w.org\/{rel}","templated":true}]}}