{"id":12412,"date":"2018-07-10T06:54:54","date_gmt":"2018-07-10T06:54:54","guid":{"rendered":"http:\/\/testwordpress.nirmalnagari.org\/smnd\/index.php\/obituary-for-sir-c-p-srivastava\/"},"modified":"2026-01-31T18:42:32","modified_gmt":"2026-01-31T18:42:32","slug":"nekrolog-pre-pana-c-p-srivastavu","status":"publish","type":"page","link":"https:\/\/shrimataji.org\/test\/sk\/nekrolog-pre-pana-c-p-srivastavu\/","title":{"rendered":"Nekrol\u00f3g pre p\u00e1na C.P. \u0160rivastavu"},"content":{"rendered":"\n\n\t<h1>Nekrol\u00f3g pre P\u00e1na C.P. \u0160rivastavu<\/h1>\n<h4>Op\u00e4tovne publikovan\u00e9 z &#8220;The Hindu&#8221; 24. j\u00fala 2013, India<\/h4>\n<h4>V n\u00e1mornom svete zomrel mu\u017e so zlat\u00fdm dotykom. Od S. Anandana<\/h4>\n<p>\u201eN\u00e1morn\u00fd svet stratil priekopn\u00edckeho l\u00eddra a vizion\u00e1ra odchodom C. P. Srivastavu, dr\u017eite\u013ea ocenenia Padma Vibhushan a \u010destn\u00e9ho gener\u00e1lneho tajomn\u00edka Medzin\u00e1rodnej n\u00e1mornej organiz\u00e1cie (IMO), ktor\u00fd zomrel v pondelok v talianskom Janove.&#8221; Dr. \u0160rivastava mal 93 rokov, ostali po \u0148om dve dc\u00e9ry, jeho man\u017eelka Nirmala Devi, zakladate\u013eka Sahad\u017ea jogy, ktor\u00e1 umrela pred n\u00edm, mala hlbok\u00fd vplyv na jeho \u017eivotn\u00e9 ide\u00e1ly.<\/p>\n<p>Dr. \u0160rivastava bol zakladate\u013eom in\u0161tit\u00faci\u00ed a medzin\u00e1rodn\u00fdm administr\u00e1torom so zlat\u00fdm srdcom. To, \u017ee bol zvolen\u00fd za gener\u00e1lneho tajomn\u00edka IMO na \u0161tyri po sebe nasleduj\u00face funk\u010dn\u00e9 obdobia &#8211; od roku 1974 a\u017e do 31. decembra 1989, kedy sa dobrovo\u013ene vzdal \u00faradu- hovor\u00ed o jeho silnej charizme a uznan\u00ed ako nezaujat\u00e9ho, vplyvn\u00e9ho vodcu. Bol teda najdlh\u0161ie sl\u00fa\u017eiacim gener\u00e1lnym tajomn\u00edkom. Rekord zost\u00e1va neprekonan\u00fd.<\/p>\n\t<p>&#8220;Predt\u00fdm, ne\u017e si Dr. \u0160rivastava z\u00edskal medzin\u00e1rodn\u00e9 uznanie, bol d\u00f4stojn\u00edkom IAS (z ro\u010dn\u00edka 1949) z kadru Uttar Pradesh, ktor\u00fd \u00fazko spolupracoval s Lal Bahadurom \u0160astrim, vtedy ministrom dopravy \u00danie.&#8221;<\/p>\n<p>Ke\u010f bol \u0160astri vybran\u00fd, aby viedol \u00daniu kabinetu, Dr. \u0160rivastava ho nasledoval do sekretari\u00e1tu \u00daradu predsedu vl\u00e1dy. Bol s\u00fa\u010das\u0165ou sprievodu predsedu vl\u00e1dy v Ta\u0161kente v roku 1966,kde \u0160astri podp\u00edsal sl\u00e1vnu nevojnov\u00fa zmluvu s Pakistanom a na druh\u00fd de\u0148 z\u00e1hadne zomrel. O nieko\u013eko desa\u0165ro\u010d\u00ed nesk\u00f4r Dr. \u0160rivastava nap\u00edsal biografiu &#8220;Lal Bahadur \u0160astri &#8211; \u017divot pravdy v politike&#8221;. Svet v\u0161ak pozn\u00e1 Dr. \u0160rivastavu ako v\u00fdznamn\u00e9ho administr\u00e1tora, ktor\u00fd bol n\u00e1pomocn\u00fd pri zria\u010fovan\u00ed priekopn\u00edckych n\u00e1morn\u00fdch vzdel\u00e1vac\u00edch in\u0161tit\u00faci\u00ed ak\u00fdmi s\u00fa Svetov\u00e1 n\u00e1morn\u00e1 univerzita vo \u0160v\u00e9dsku a Medzin\u00e1rodn\u00fd in\u0161t\u00edt n\u00e1morn\u00e9ho pr\u00e1va na Malte.<\/p>\n\t<div class=\"su-quote su-quote-style-default\"><div class=\"su-quote-inner su-u-clearfix su-u-trim\"> V\u0161ade pr\u00fadi dobrotiv\u00e1 sila, ke\u010f ste s \u0148ou v s\u00falade pos\u00favate sa vpred obrovskou silou.<\/p>\n<p>-Lao Tse <\/div><\/div>\n\t<p>Bol k\u013e\u00fa\u010dovou silou n\u00e1morn\u00fdch doh\u00f4d a predpisov, ktor\u00e9 v\u00fdrazne prispeli k zv\u00fd\u0161eniu bezpe\u010dnosti pos\u00e1dky, vysok\u00fdm \u0161tandardom v\u00fdcviku a bezpe\u010dnosti na \u0161\u00edrom mori, okrem toho aj silou propag\u00e1cie filozofie \u010distej\u0161\u00edc a menej zne\u010d\u00edisten\u00fdch oce\u00e1nov.<\/p>\n<p>Bol vo ved\u00facej poz\u00edcii, ke\u010f Medzin\u00e1rodn\u00e1 n\u00e1morn\u00e1 organiz\u00e1cia (IMO) vypracovala a schv\u00e1lila prelomov\u00e9 dohovory vr\u00e1tane t\u00fdch o \u0161tandardoch v\u00fdcviku, certifik\u00e1cie a slu\u017eobn\u00fdch hod\u00edn n\u00e1morn\u00edkov; o n\u00e1mornom p\u00e1tran\u00ed a z\u00e1chrane; o potl\u00e1\u010dan\u00ed nez\u00e1konn\u00fdch \u010dinov proti bezpe\u010dnosti n\u00e1mornej plavby; a o protokole, o potl\u00e1\u010dan\u00ed nez\u00e1konn\u00fdch \u010dinov proti bezpe\u010dnosti pevn\u00fdch plo\u0161\u00edn umiestnen\u00fdch na kontinent\u00e1lnom \u0161elfe.<\/p>\n<p>&#8220;S\u00e9ria neh\u00f4d na za\u010diatku 70. rokov ho priviedla k zorganizovaniu rozhoduj\u00facej konferencie o bezpe\u010dnosti tankerov a prevencii zne\u010distenia. Po nej boli opatrenia t\u00fdkaj\u00face sa kon\u0161trukcie a prev\u00e1dzky tankerov za\u010dlenen\u00e9 do Protokolu IMO z roku 1978, ktor\u00fd sa vz\u0165ahuje na Dohovor o bezpe\u010dnosti \u017eivota na mori a na Medzin\u00e1rodn\u00fd dohovor o prevencii zne\u010dis\u0165ovania z lod\u00ed. Ke\u010f\u017ee za\u010d\u00ednal v Shipping Corporation of India ako jej zakladaj\u00faci gener\u00e1lny riadite\u013e, kde sa venoval ot\u00e1zkam starostlivosti a bezpe\u010dnosti pos\u00e1dok a z\u00e1rove\u0148 diverzifikoval za\u010d\u00ednaj\u00facu spolo\u010dnos\u0165 do oblasti hromadnej lodnej dopravy, Dr. \u0160rivastava mohol bez probl\u00e9mov vies\u0165 IMO k prijatiu v\u00e4\u010d\u0161\u00edch zodpovednost\u00ed a \u00faloh.<\/p>\n<p>Pod jeho veden\u00edm agent\u00fara r\u00e1stla, pokia\u013e ide o po\u010det \u010dlenov aj rozsah p\u00f4sobnosti, a zbavila sa svojej vn\u00edmanej exkluzivity, aby sa pribl\u00ed\u017eila rozvojov\u00fdm krajin\u00e1m, ktor\u00e9 dnes tvoria v\u00e4\u010d\u0161inu \u010dlenstva tejto organiz\u00e1cie.&#8221;<\/p>\nBj\u00f6rn Kjerfve, s\u00fa\u010dasn\u00fd prezident Svetovej n\u00e1mornej univerzity, opisuje Dr. \u0160rivastavu ako z\u00e1slu\u017en\u00e9ho l\u00eddra s obrovsk\u00fdmi presved\u010dovac\u00edmi schopnos\u0165ami. \u201eSme ve\u013emi smutn\u00ed, ke\u010f sme sa dozvedeli o jeho \u00famrt\u00ed. Nav\u0161t\u00edvil som ho asi pred dvoma rokmi a pozval som ho za\u010diatkom tohto mesiaca na na\u0161u prom\u00f3ciu pri pr\u00edle\u017eitosti 30. v\u00fdro\u010dia univerzity&#8230; Zalo\u017eenie univerzity nikdy nebolo jednoduch\u00e9. Jeho z\u00e1sluhou bolo, \u017ee dok\u00e1zal presved\u010di\u0165 \u010dlenov rady IMO a UNDP, aby poskytli financie na jej zriadenie,&#8221; povedal p\u00e1n Kjerfve pre The Hindu po\u010das telefon\u00e1tu z Malm\u00f6 vo \u0160v\u00e9dsku.Bj\u00f6rn Kjerfve,<br \/>\n\n<p>&#8220;P.M. Abraham, b\u00fdval\u00fd \u0161t\u00e1tny tajomn\u00edk pre povrchov\u00fa dopravu, si spom\u00edna na Dr. \u0160rivastavu ako na o\u010daruj\u00faceho l\u00eddra s v\u00edziou.\u00a0\u201ePrv\u00fdkr\u00e1t som sa s n\u00edm stretol, ke\u010f som zastupoval Indiu na zasadnut\u00ed rady IMO. Ako gener\u00e1lny tajomn\u00edk viedol zasadnutia technick\u00e9ho org\u00e1nu nestranne. Pam\u00e4t\u00e1m si situ\u00e1ciu, ke\u010f jeden \u010dlen vstal a s\u0165a\u017eoval sa, \u017ee nedostal program zasadnutia. V\u0161etk\u00fdch prekvapilo, ke\u010f gener\u00e1lny tajomn\u00edk zi\u0161iel z p\u00f3dia, aby sa za tento nedostatok ospravedlnil a osobne mu odovzdal k\u00f3piu programu. Bolo to ve\u013emi odzbrojuj\u00face.&#8221;&#8221;<\/p>\n<p>Dr. \u0160rivastava mal zmysel pre humor, ktor\u00fd bol jemn\u00fd a l\u00e1skav\u00fd. &#8220;V mnoh\u00fdch krajin\u00e1ch som zn\u00e1my ako man\u017eel Nirmaly, nie ako gener\u00e1lny tajomn\u00edk IMO.&#8221; \u017dartoval o svojej sl\u00e1vnej\u0161ej man\u017eelke.<\/p>\n<p>Mal vz\u00e1ncu kombin\u00e1ciu pokory, prezieravosti, zdrav\u00e9ho \u00fasudku a odhodlania. Vodcovstvo bolo jeho prirodzenou silnou str\u00e1nkou. &#8220;Je vz\u00e1cne, aby \u010dlovek z\u00edskal medzin\u00e1rodn\u00e9 uznanie tak r\u00fdchlo. Bud\u00fa si ho pam\u00e4ta\u0165 za prelomov\u00e9 n\u00e1morn\u00e9 dohovory vypracovan\u00e9 pod jeho veden\u00edm pre bezpe\u010dnos\u0165 n\u00e1morn\u00edkov.&#8221; Povedal K. Mohandas, b\u00fdval\u00fd \u00fastredn\u00fd tajomn\u00edk pre lodn\u00fa dopravu. Takmer 70 kraj\u00edn mu udelilo najvy\u0161\u0161ie vyznamenania.<\/p>\n<p>Medzi po\u010detn\u00fdmi vyznamenaniami, ktor\u00fdch sa mu dostalo, bol aj titul \u010destn\u00e9ho rytiera najvy\u0161\u0161ieho r\u00e1du sv\u00e4t\u00e9ho Michala a Juraja udelen\u00fd Al\u017ebetou II,<\/p>\n\n","protected":false},"excerpt":{"rendered":"<p>Nekrol\u00f3g pre P\u00e1na C.P. \u0160rivastavu Op\u00e4tovne publikovan\u00e9 z &#8220;The Hindu&#8221; 24. j\u00fala 2013, India V n\u00e1mornom svete zomrel mu\u017e so zlat\u00fdm dotykom. Od S. Anandana \u201eN\u00e1morn\u00fd svet stratil priekopn\u00edckeho l\u00eddra a vizion\u00e1ra odchodom C. P. Srivastavu, dr\u017eite\u013ea ocenenia Padma Vibhushan a \u010destn\u00e9ho gener\u00e1lneho tajomn\u00edka Medzin\u00e1rodnej n\u00e1mornej organiz\u00e1cie (IMO), ktor\u00fd zomrel v pondelok v talianskom Janove.&#8221;&hellip; <br \/> <a class=\"read-more\" href=\"https:\/\/shrimataji.org\/test\/sk\/nekrolog-pre-pana-c-p-srivastavu\/\">Read more<\/a><\/p>\n","protected":false},"author":28,"featured_media":37552,"parent":0,"menu_order":0,"comment_status":"closed","ping_status":"closed","template":"","meta":{"inline_featured_image":false,"footnotes":""},"class_list":["post-12412","page","type-page","status-publish","has-post-thumbnail","hentry"],"yoast_head":"<!-- This site is optimized with the Yoast SEO plugin v27.4 - https:\/\/yoast.com\/product\/yoast-seo-wordpress\/ -->\n<title>Nekrol\u00f3g pre p\u00e1na C.P. \u0160rivastavu - TEST - SMND<\/title>\n<meta name=\"robots\" content=\"noindex, follow, max-snippet:-1, max-image-preview:large, max-video-preview:-1\" \/>\n<meta property=\"og:locale\" content=\"en_US\" \/>\n<meta property=\"og:type\" content=\"article\" \/>\n<meta property=\"og:title\" content=\"Nekrol\u00f3g pre p\u00e1na C.P. \u0160rivastavu - TEST - SMND\" \/>\n<meta property=\"og:description\" content=\"Nekrol\u00f3g pre P\u00e1na C.P. \u0160rivastavu Op\u00e4tovne publikovan\u00e9 z &#8220;The Hindu&#8221; 24. j\u00fala 2013, India V n\u00e1mornom svete zomrel mu\u017e so zlat\u00fdm dotykom. Od S. Anandana \u201eN\u00e1morn\u00fd svet stratil priekopn\u00edckeho l\u00eddra a vizion\u00e1ra odchodom C. P. Srivastavu, dr\u017eite\u013ea ocenenia Padma Vibhushan a \u010destn\u00e9ho gener\u00e1lneho tajomn\u00edka Medzin\u00e1rodnej n\u00e1mornej organiz\u00e1cie (IMO), ktor\u00fd zomrel v pondelok v talianskom Janove.&#8221;&hellip; Read more\" \/>\n<meta property=\"og:url\" content=\"https:\/\/shrimataji.org\/test\/sk\/nekrolog-pre-pana-c-p-srivastavu\/\" \/>\n<meta property=\"og:site_name\" content=\"TEST - SMND\" \/>\n<meta property=\"article:publisher\" content=\"https:\/\/www.facebook.com\/shrimataji\" \/>\n<meta property=\"article:modified_time\" content=\"2026-01-31T18:42:32+00:00\" \/>\n<meta property=\"og:image\" content=\"https:\/\/shrimataji.org\/test\/wp-content\/uploads\/2018\/07\/fp11-e1588597806347.jpg\" \/>\n\t<meta property=\"og:image:width\" content=\"707\" \/>\n\t<meta property=\"og:image:height\" content=\"700\" \/>\n\t<meta property=\"og:image:type\" content=\"image\/jpeg\" \/>\n<meta name=\"twitter:card\" content=\"summary_large_image\" \/>\n<meta name=\"twitter:site\" content=\"@shrimataji\" \/>\n<meta name=\"twitter:label1\" content=\"Est. reading time\" \/>\n\t<meta name=\"twitter:data1\" content=\"5 minutes\" \/>\n<script type=\"application\/ld+json\" class=\"yoast-schema-graph\">{\"@context\":\"https:\\\/\\\/schema.org\",\"@graph\":[{\"@type\":\"WebPage\",\"@id\":\"https:\\\/\\\/shrimataji.org\\\/test\\\/sk\\\/nekrolog-pre-pana-c-p-srivastavu\\\/\",\"url\":\"https:\\\/\\\/shrimataji.org\\\/test\\\/sk\\\/nekrolog-pre-pana-c-p-srivastavu\\\/\",\"name\":\"Nekrol\u00f3g pre p\u00e1na C.P. \u0160rivastavu - TEST - SMND\",\"isPartOf\":{\"@id\":\"https:\\\/\\\/shrimataji.org\\\/test\\\/#website\"},\"primaryImageOfPage\":{\"@id\":\"https:\\\/\\\/shrimataji.org\\\/test\\\/sk\\\/nekrolog-pre-pana-c-p-srivastavu\\\/#primaryimage\"},\"image\":{\"@id\":\"https:\\\/\\\/shrimataji.org\\\/test\\\/sk\\\/nekrolog-pre-pana-c-p-srivastavu\\\/#primaryimage\"},\"thumbnailUrl\":\"https:\\\/\\\/shrimataji.org\\\/test\\\/wp-content\\\/uploads\\\/2026\\\/03\\\/8_Banner-Family_CP-2-1920x679-2.avif\",\"datePublished\":\"2018-07-10T06:54:54+00:00\",\"dateModified\":\"2026-01-31T18:42:32+00:00\",\"breadcrumb\":{\"@id\":\"https:\\\/\\\/shrimataji.org\\\/test\\\/sk\\\/nekrolog-pre-pana-c-p-srivastavu\\\/#breadcrumb\"},\"inLanguage\":\"en-US\",\"potentialAction\":[{\"@type\":\"ReadAction\",\"target\":[\"https:\\\/\\\/shrimataji.org\\\/test\\\/sk\\\/nekrolog-pre-pana-c-p-srivastavu\\\/\"]}]},{\"@type\":\"ImageObject\",\"inLanguage\":\"en-US\",\"@id\":\"https:\\\/\\\/shrimataji.org\\\/test\\\/sk\\\/nekrolog-pre-pana-c-p-srivastavu\\\/#primaryimage\",\"url\":\"https:\\\/\\\/shrimataji.org\\\/test\\\/wp-content\\\/uploads\\\/2026\\\/03\\\/8_Banner-Family_CP-2-1920x679-2.avif\",\"contentUrl\":\"https:\\\/\\\/shrimataji.org\\\/test\\\/wp-content\\\/uploads\\\/2026\\\/03\\\/8_Banner-Family_CP-2-1920x679-2.avif\",\"width\":1920,\"height\":679},{\"@type\":\"BreadcrumbList\",\"@id\":\"https:\\\/\\\/shrimataji.org\\\/test\\\/sk\\\/nekrolog-pre-pana-c-p-srivastavu\\\/#breadcrumb\",\"itemListElement\":[{\"@type\":\"ListItem\",\"position\":1,\"name\":\"Home\",\"item\":\"https:\\\/\\\/shrimataji.org\\\/test\\\/uk\\\/home-en\\\/\"},{\"@type\":\"ListItem\",\"position\":2,\"name\":\"Nekrol\u00f3g pre p\u00e1na C.P. \u0160rivastavu\"}]},{\"@type\":\"WebSite\",\"@id\":\"https:\\\/\\\/shrimataji.org\\\/test\\\/#website\",\"url\":\"https:\\\/\\\/shrimataji.org\\\/test\\\/\",\"name\":\"Shri Mataji Nirmala Devi\",\"description\":\"A Life Dedicated to Humanity\",\"publisher\":{\"@id\":\"https:\\\/\\\/shrimataji.org\\\/test\\\/#\\\/schema\\\/person\\\/a1b3419c6585f164aa96da1ff85715d1\"},\"potentialAction\":[{\"@type\":\"SearchAction\",\"target\":{\"@type\":\"EntryPoint\",\"urlTemplate\":\"https:\\\/\\\/shrimataji.org\\\/test\\\/?s={search_term_string}\"},\"query-input\":{\"@type\":\"PropertyValueSpecification\",\"valueRequired\":true,\"valueName\":\"search_term_string\"}}],\"inLanguage\":\"en-US\"},{\"@type\":[\"Person\",\"Organization\"],\"@id\":\"https:\\\/\\\/shrimataji.org\\\/test\\\/#\\\/schema\\\/person\\\/a1b3419c6585f164aa96da1ff85715d1\",\"name\":\"Nirmala Shrivastava\",\"image\":{\"@type\":\"ImageObject\",\"inLanguage\":\"en-US\",\"@id\":\"https:\\\/\\\/shrimataji.org\\\/test\\\/wp-content\\\/uploads\\\/2023\\\/02\\\/SMO_LOGO-03.svg\",\"url\":\"https:\\\/\\\/shrimataji.org\\\/test\\\/wp-content\\\/uploads\\\/2023\\\/02\\\/SMO_LOGO-03.svg\",\"contentUrl\":\"https:\\\/\\\/shrimataji.org\\\/test\\\/wp-content\\\/uploads\\\/2023\\\/02\\\/SMO_LOGO-03.svg\",\"width\":\"1024\",\"height\":\"1024\",\"caption\":\"Nirmala Shrivastava\"},\"logo\":{\"@id\":\"https:\\\/\\\/shrimataji.org\\\/test\\\/wp-content\\\/uploads\\\/2023\\\/02\\\/SMO_LOGO-03.svg\"},\"sameAs\":[\"https:\\\/\\\/shrimataji.org\\\/test\",\"https:\\\/\\\/www.facebook.com\\\/shrimataji\",\"https:\\\/\\\/x.com\\\/shrimataji\",\"https:\\\/\\\/www.youtube.com\\\/@Shri_Mataji_Nirmala_Devi\\\/featured\"]}]}<\/script>\n<!-- \/ Yoast SEO plugin. -->","yoast_head_json":{"title":"Nekrol\u00f3g pre p\u00e1na C.P. \u0160rivastavu - TEST - SMND","robots":{"index":"noindex","follow":"follow","max-snippet":"max-snippet:-1","max-image-preview":"max-image-preview:large","max-video-preview":"max-video-preview:-1"},"og_locale":"en_US","og_type":"article","og_title":"Nekrol\u00f3g pre p\u00e1na C.P. \u0160rivastavu - TEST - SMND","og_description":"Nekrol\u00f3g pre P\u00e1na C.P. \u0160rivastavu Op\u00e4tovne publikovan\u00e9 z &#8220;The Hindu&#8221; 24. j\u00fala 2013, India V n\u00e1mornom svete zomrel mu\u017e so zlat\u00fdm dotykom. Od S. Anandana \u201eN\u00e1morn\u00fd svet stratil priekopn\u00edckeho l\u00eddra a vizion\u00e1ra odchodom C. P. Srivastavu, dr\u017eite\u013ea ocenenia Padma Vibhushan a \u010destn\u00e9ho gener\u00e1lneho tajomn\u00edka Medzin\u00e1rodnej n\u00e1mornej organiz\u00e1cie (IMO), ktor\u00fd zomrel v pondelok v talianskom Janove.&#8221;&hellip; Read more","og_url":"https:\/\/shrimataji.org\/test\/sk\/nekrolog-pre-pana-c-p-srivastavu\/","og_site_name":"TEST - SMND","article_publisher":"https:\/\/www.facebook.com\/shrimataji","article_modified_time":"2026-01-31T18:42:32+00:00","og_image":[{"width":707,"height":700,"url":"https:\/\/shrimataji.org\/test\/wp-content\/uploads\/2018\/07\/fp11-e1588597806347.jpg","type":"image\/jpeg"}],"twitter_card":"summary_large_image","twitter_site":"@shrimataji","twitter_misc":{"Est. reading time":"5 minutes"},"schema":{"@context":"https:\/\/schema.org","@graph":[{"@type":"WebPage","@id":"https:\/\/shrimataji.org\/test\/sk\/nekrolog-pre-pana-c-p-srivastavu\/","url":"https:\/\/shrimataji.org\/test\/sk\/nekrolog-pre-pana-c-p-srivastavu\/","name":"Nekrol\u00f3g pre p\u00e1na C.P. \u0160rivastavu - TEST - SMND","isPartOf":{"@id":"https:\/\/shrimataji.org\/test\/#website"},"primaryImageOfPage":{"@id":"https:\/\/shrimataji.org\/test\/sk\/nekrolog-pre-pana-c-p-srivastavu\/#primaryimage"},"image":{"@id":"https:\/\/shrimataji.org\/test\/sk\/nekrolog-pre-pana-c-p-srivastavu\/#primaryimage"},"thumbnailUrl":"https:\/\/shrimataji.org\/test\/wp-content\/uploads\/2026\/03\/8_Banner-Family_CP-2-1920x679-2.avif","datePublished":"2018-07-10T06:54:54+00:00","dateModified":"2026-01-31T18:42:32+00:00","breadcrumb":{"@id":"https:\/\/shrimataji.org\/test\/sk\/nekrolog-pre-pana-c-p-srivastavu\/#breadcrumb"},"inLanguage":"en-US","potentialAction":[{"@type":"ReadAction","target":["https:\/\/shrimataji.org\/test\/sk\/nekrolog-pre-pana-c-p-srivastavu\/"]}]},{"@type":"ImageObject","inLanguage":"en-US","@id":"https:\/\/shrimataji.org\/test\/sk\/nekrolog-pre-pana-c-p-srivastavu\/#primaryimage","url":"https:\/\/shrimataji.org\/test\/wp-content\/uploads\/2026\/03\/8_Banner-Family_CP-2-1920x679-2.avif","contentUrl":"https:\/\/shrimataji.org\/test\/wp-content\/uploads\/2026\/03\/8_Banner-Family_CP-2-1920x679-2.avif","width":1920,"height":679},{"@type":"BreadcrumbList","@id":"https:\/\/shrimataji.org\/test\/sk\/nekrolog-pre-pana-c-p-srivastavu\/#breadcrumb","itemListElement":[{"@type":"ListItem","position":1,"name":"Home","item":"https:\/\/shrimataji.org\/test\/uk\/home-en\/"},{"@type":"ListItem","position":2,"name":"Nekrol\u00f3g pre p\u00e1na C.P. \u0160rivastavu"}]},{"@type":"WebSite","@id":"https:\/\/shrimataji.org\/test\/#website","url":"https:\/\/shrimataji.org\/test\/","name":"Shri Mataji Nirmala Devi","description":"A Life Dedicated to Humanity","publisher":{"@id":"https:\/\/shrimataji.org\/test\/#\/schema\/person\/a1b3419c6585f164aa96da1ff85715d1"},"potentialAction":[{"@type":"SearchAction","target":{"@type":"EntryPoint","urlTemplate":"https:\/\/shrimataji.org\/test\/?s={search_term_string}"},"query-input":{"@type":"PropertyValueSpecification","valueRequired":true,"valueName":"search_term_string"}}],"inLanguage":"en-US"},{"@type":["Person","Organization"],"@id":"https:\/\/shrimataji.org\/test\/#\/schema\/person\/a1b3419c6585f164aa96da1ff85715d1","name":"Nirmala Shrivastava","image":{"@type":"ImageObject","inLanguage":"en-US","@id":"https:\/\/shrimataji.org\/test\/wp-content\/uploads\/2023\/02\/SMO_LOGO-03.svg","url":"https:\/\/shrimataji.org\/test\/wp-content\/uploads\/2023\/02\/SMO_LOGO-03.svg","contentUrl":"https:\/\/shrimataji.org\/test\/wp-content\/uploads\/2023\/02\/SMO_LOGO-03.svg","width":"1024","height":"1024","caption":"Nirmala Shrivastava"},"logo":{"@id":"https:\/\/shrimataji.org\/test\/wp-content\/uploads\/2023\/02\/SMO_LOGO-03.svg"},"sameAs":["https:\/\/shrimataji.org\/test","https:\/\/www.facebook.com\/shrimataji","https:\/\/x.com\/shrimataji","https:\/\/www.youtube.com\/@Shri_Mataji_Nirmala_Devi\/featured"]}]}},"lang":"sk","translations":{"sk":12412,"en":459,"am":18044,"th":20009,"hu":19526,"sq":18445,"zh":17342,"tr":10189,"pt":10399,"de":10673,"fr":10771,"it":10869,"es":10966,"ja":11263,"ru":11451,"bn":11643,"te":11751,"sw":11874,"he":12022,"el":12314,"fa":12510,"fi":12608,"bg":13437,"ro":14511,"cs":14704,"nl":16605,"ku":16765,"ar":16941,"be":18652,"kn":18926,"uk":20667,"ml":20962,"ta":22763,"sv":23034,"gu":28877,"pa":29037,"fil":29482},"pll_sync_post":[],"_links":{"self":[{"href":"https:\/\/shrimataji.org\/test\/wp-json\/wp\/v2\/pages\/12412","targetHints":{"allow":["GET"]}}],"collection":[{"href":"https:\/\/shrimataji.org\/test\/wp-json\/wp\/v2\/pages"}],"about":[{"href":"https:\/\/shrimataji.org\/test\/wp-json\/wp\/v2\/types\/page"}],"author":[{"embeddable":true,"href":"https:\/\/shrimataji.org\/test\/wp-json\/wp\/v2\/users\/28"}],"replies":[{"embeddable":true,"href":"https:\/\/shrimataji.org\/test\/wp-json\/wp\/v2\/comments?post=12412"}],"version-history":[{"count":0,"href":"https:\/\/shrimataji.org\/test\/wp-json\/wp\/v2\/pages\/12412\/revisions"}],"wp:featuredmedia":[{"embeddable":true,"href":"https:\/\/shrimataji.org\/test\/wp-json\/wp\/v2\/media\/37552"}],"wp:attachment":[{"href":"https:\/\/shrimataji.org\/test\/wp-json\/wp\/v2\/media?parent=12412"}],"curies":[{"name":"wp","href":"https:\/\/api.w.org\/{rel}","templated":true}]}}