{"id":12414,"date":"2012-09-02T10:00:00","date_gmt":"2012-09-02T10:00:00","guid":{"rendered":"http:\/\/testwordpress.nirmalnagari.org\/smnd\/index.php\/our-spiritual-ascent\/"},"modified":"2026-02-04T19:48:34","modified_gmt":"2026-02-04T19:48:34","slug":"nas-duchovny-vzostup","status":"publish","type":"page","link":"https:\/\/shrimataji.org\/test\/sk\/nas-duchovny-vzostup\/","title":{"rendered":"N\u00e1\u0161 duchovn\u00fd vzostup"},"content":{"rendered":"\n\n\t<h1>N\u00e1\u0161 duchovn\u00fd vzostup<\/h1>\n<h2>V\u00fd\u0148atok z prejavu &#8211; semin\u00e1r v Chianciano Terme, Taliansko 16. febru\u00e1ra 1991<\/h2>\n\t<p>Ned\u00e1vno som sa do\u010d\u00edtala v nejak\u00fdch knih\u00e1ch ako d\u00e1vali Sebarealiz\u00e1ciu, aby spoznali Du\u0161u, aj to ako boli t\u00edto \u013eudia mu\u010den\u00ed.<\/p>\n\t<p>Najsk\u00f4r sa od nich \u017eiadalo, aby nejak\u00fdm sp\u00f4sobom popreli a vzopreli sa svojmu telu. Tak\u017ee ak si telo \u017eiada pohodlie, potom sa odpor\u00fa\u010dalo spa\u0165 na koberci, nie na posteli. Ale tam to nekon\u010dilo, od koberca sa presunuli na podlo\u017eku, ale to nesta\u010dilo. Potom sa sn\u00e1\u010f ulo\u017eili na Matku Zem. No ak sa telo ani tak nedalo do poriadku, treba sp\u00e1va\u0165 na kameni. Ale Himal\u00e1je s\u00fa st\u00e1le \u010faleko, lebo \u0160iva preb\u00fdva na Kaila\u0161i, tak\u017ee p\u00f4jdete do Himal\u00e1j\u00ed a sp\u00edte na \u013eade. Toto boli z\u00e1kladn\u00e9 po\u017eiadavky.<\/p>\n<p>\u010ealej sa hovorilo, ak m\u00e1te radi dobr\u00e9 jedlo, t\u00fa\u017eite po lahodnom jedle, ve\u013ea jete tak potom si mus\u00edte odoprie\u0165 v\u0161etko, \u010do v\u00e1m chut\u00ed &#8211; to bol len za\u010diatok. Taliani by sa napr\u00edklad mali vzda\u0165 cestov\u00edn. Musia sa ich vzda\u0165, ale tam to nekon\u010d\u00ed. Mus\u00edte konzumova\u0165 jedlo, ktor\u00e9 je ve\u013emi hork\u00e9. Podobne aj v Zenovom syst\u00e9me &#8211; daj\u00fa v\u00e1m zjes\u0165 nie\u010do \u010do je chin\u00edn na 108 &#8211; absol\u00fatne hork\u00e9, alebo \u00faplne presladen\u00e9. Tak si vytr\u00e9nujete svoj jazyk.<\/p>\n<p>St\u00e1le je tu v\u0161ak \u017eal\u00fadok. Ak sa prive\u013emi odd\u00e1vate jedeniu, potom sa mus\u00edte jeden de\u0148 posti\u0165. Ale to nesta\u010d\u00ed, treba sa posti\u0165 sedem dn\u00ed a napokon \u0161tyridsa\u0165 dn\u00ed &#8211; kedy ste naozaj odrovnan\u00ed. Takto teda treba robi\u0165 svoje pok\u00e1nie pre dosiahnutie Nirv\u00e1ny. Istotne ju dosiahnete, preto\u017ee potom v\u0161etkom dozaista umriete. Vid\u00edte? Ni\u010d z v\u00e1s nezostane, ani kosti, ba aj tie bud\u00fa v Nirv\u00e1ne. Akoko\u013evek, pr\u00edde smr\u0165, je po v\u00e1s, ale niet poch\u00fdb, \u017ee dosiahnete Nirv\u00e1nu.<\/p>\n<figure itemscope itemtype=\"https:\/\/schema.org\/ImageObject\">\n\t\t\t\t<img decoding=\"async\" src=\"https:\/\/shrimataji.org\/test\/wp-content\/uploads\/2018\/07\/media_originals\/images\/shri-mataji-portraits\/shri-mataji-explaining-742x1024.jpg\" alt=\"shri-mataji-explaining\" height=\"1024\" width=\"742\" title=\"shri-mataji-explaining\" onerror=\"this.style.display='none'\" loading=\"lazy\" \/>\n\t<\/figure>\n\t<p>B\u00fdva\u0165 v dome je tie\u017e vyl\u00fa\u010den\u00e9 &#8211; dom je pohodlie. Vzdajte sa svojej \u017eeny, svojich det\u00ed, vzdajte sa v\u0161etk\u00e9ho. Mali by ste si oblieka\u0165 jedno oble\u010denie, nejak\u00fd kus pl\u00e1tna omotan\u00fd okolo tela a \u017eiadajte \u013eud\u00ed o almu\u017enu. No aj s t\u00fdmto kusom odevu nepochod\u00edte, lebo ste prip\u00fatan\u00ed k oble\u010deniu. Tak\u017ee p\u00f4jdete do Himal\u00e1j\u00ed, kde v\u00e1s nikto nevid\u00ed, odhod\u00edte svoje \u0161aty a mrznete. Potom dosiahnete svoju Nirv\u00e1nu. V\u0161etky tak\u00e9to podmienenosti vznikli, aby porazili telesn\u00e9 potreby, na za\u010diatok. Potom by ste mali svojmu telu poveda\u0165 &#8220;Nie, ni\u010d nebude\u0161 robi\u0165, okrem praktizovania Nirv\u00e1ny.&#8221;<\/p>\n\t<div class=\"su-quote su-quote-style-default\"><div class=\"su-quote-inner su-u-clearfix su-u-trim\">Za\u010d\u00edna to v srdci a ide to do mozgu, vych\u00e1dza to z radosti a rozpl\u00fdva sa v mozgu.<\/p>\n<p>Tak\u017ee to v\u00e1\u0161 mozog u\u017e nem\u00f4\u017ee popiera\u0165. Je d\u00f4le\u017eit\u00e9, aby to pochopili hlavne \u013eudia zo z\u00e1padu &#8211; otvorte si srdcia, za\u010d\u00edna to v srdci, nie v mozgu. <\/div><\/div>\n\t<p>\u010eal\u0161ia vec je &#8211; zne\u0161kodni\u0165 svoju myse\u013e, ktor\u00e1 je \u017eiadostiv\u00e1. Povedzme, \u017ee nie\u010do naozaj ve\u013emi chcete &#8211; tak to poprite a odoprite si to. \u010coko\u013evek v\u00e1m myse\u013e povie, len povedzte : &#8220;Nie, nie a nie.&#8221; V sanskrite \u0161loka znie: &#8220;Yan neti neti vachane, nigamo vacha,&#8221; &#8211; opakujete- &#8220;Toto nie, toto nie, toto nie.&#8221;<\/p>\n<p>A\u017e potom sa m\u00f4\u017eeme rozpr\u00e1va\u0165, len rozpr\u00e1va\u0165 o Nirv\u00e1ne. Predt\u00fdm nie ste hodn\u00fd ani len diskusie o Nirv\u00e1ne. Ke\u010f som \u010d\u00edtala t\u00fato knihu, hovorila som si: &#8220;Bo\u017ee, vzd\u00e1vam sa. To je u\u017e prive\u013ea.&#8221;<\/p>\n\t<p>V Saha\u017eda joge je to naopak, akoby ste najsk\u00f4r stavali vrchol budovy a potom z\u00e1klady. Podobne otvorenie va\u0161ej Sahasr\u00e1ry bola prv\u00e1 vec, ktor\u00fa ste dosiahli.<\/p>\n<p>A\u017e potom vo svetle Sahasr\u00e1ry mus\u00edte sledova\u0165 sami seba a presved\u010di\u0165 sa. Introspekcia je lep\u0161ia, pomocou vibr\u00e1ci\u00ed si uvedom\u00edte \u010do vlastne chcete. &#8220;Pre\u010do to chcem? Pre\u010do sa neust\u00e1le usilujem dosiahnu\u0165 pohodlie? Pre\u010do moja pozornos\u0165 smeruje k jedlu? K rodine, k mojim de\u0165om? Ke\u010f by som mal usilova\u0165 o to najvy\u0161\u0161ie. Takto si rob\u00edte introspekciu a pod\u013ea svojich vibr\u00e1ci\u00ed vic\u00edtite, \u017ee s vami nie\u010do nie je v poriadku. Potom sa nesna\u017e\u00edte vidie\u0165 zl\u00e9 na druh\u00fdch, ale za\u010dnete vidie\u0165 seba, lebo ide o v\u00e1\u0161 vzostup, ktor\u00fd mus\u00edte dosiahnu\u0165.<\/p>\n\t<p>V d\u00e1vnych dob\u00e1ch, sa toto dialo individu\u00e1lne &#8211; jeden \u010dlovek, ktor\u00fd za\u010dal svoju cestu k Nirv\u00e1ne, sa utiahol na osamelom mieste, vyh\u00fdbal sa \u013eu\u010fom, ni\u010d s nimi nechcel ma\u0165 spolo\u010dn\u00e9, mal na zreteli len duchovn\u00fd vzostup &#8211; Sebarealiz\u00e1ciu, len pre seba, nie pre druh\u00fdch.<\/p>\n<p>Takto sa ten \u010dlovek stal \u00faplne exkluz\u00edvny, s nik\u00fdm nekomunikoval, s nik\u00fdm sa nestret\u00e1val, sedel niekde na hor\u00e1ch. Ak sa s n\u00edm chcel niekto stretn\u00fa\u0165, h\u00e1dzal po \u0148om kamene, alebo mu br\u00fdzgal a nikdy sa s nik\u00fdm nestretol.<\/p>\n<p>Sahad\u017ea joga je v\u0161ak in\u00e1, ide v nej o vzostup celku. Predo\u0161l\u00ed vzostup jednotlivcov nikam neviedol. Sv\u00e4tci sa samozrejme sna\u017eili s \u013eu\u010fmi rozpr\u00e1va\u0165 o Sebarealiz\u00e1cii, o Bohu, o spravodlivosti o syst\u00e9me hodn\u00f4t. Ale aj oni boli pova\u017eovan\u00ed za nie\u010do zvl\u00e1\u0161tne, boli mu\u010den\u00ed a tr\u00e1pen\u00ed.<\/p>\n<p>V \u010dasoch individu\u00e1lneho vzostupu nemohli pre ostatn\u00fdch ni\u010d urobi\u0165, okrem rozpr\u00e1vania o tom, vysvet\u013eovania a\u017e pokia\u013e nepri\u0161la Sahad\u017ea joga. Dokonca aj hovori\u0165 o tom bolo zak\u00e1zan\u00e9. A\u017e do dvan\u00e1steho storo\u010dia o tom na verejnosti nikto nehovoril, hovorilo sa o tom v sanskrite, ve\u013emi zlo\u017eit\u00fdm jazykom v knih\u00e1ch, ktor\u00e9 boli pr\u00edstupn\u00e9 len h\u0155stke vyvolen\u00fdm. Len ve\u013emi \u00fazkemu okruhu \u013eud\u00ed bolo toto poznanie odhalen\u00e9, ale Sebarealiz\u00e1ciu nedostali.<\/p>\n<figure itemscope itemtype=\"https:\/\/schema.org\/ImageObject\">\n\t\t\t\t<img decoding=\"async\" src=\"https:\/\/shrimataji.org\/test\/wp-content\/uploads\/2026\/01\/SK_william-blake-jakobs-ladder.jpg\" alt=\"Jakubov rebr\u00edk duchovn\u00e9ho vzostupu od Williama Blakea\" height=\"1000\" width=\"787\" title=\"SK_william-blake-jakobs-ladder\" onerror=\"this.style.display='none'\" loading=\"lazy\" \/>\n\t\t<figcaption>Jakubov rebr\u00edk duchovn\u00e9ho vzostupu od Williama Blakea<\/figcaption>\n\t<\/figure>\n\t<p>Len jeden majster mal jedin\u00e9ho \u017eiaka, i\u0161lo len o vzostup jedn\u00e9ho jedinca. Tak\u00fdto \u017eiak bol oddelen\u00fd od sveta, bol schovan\u00fd pred svetom a majster pracoval ne jeho duchovnom raste. Mohol spieva\u0165, p\u00edsa\u0165 b\u00e1sne, hovori\u0165 o duchovnom vzostupe, o bla\u017eenosti, ale nemal pr\u00e1vo d\u00e1va\u0165 Realiz\u00e1ciu, ani nevedel ako ju da\u0165.<\/p>\n<p>Teraz si uvedomujete ako \u010faleko sme sa dostali, dosiahli ste svoju Realiz\u00e1ciu bez ve\u013ek\u00e9ho \u00fasilia, bez toho aby ste sa nie\u010doho vzdali. M\u00f4\u017eete pracova\u0165 na glob\u00e1lnej \u00farovni, m\u00f4\u017eete d\u00e1va\u0165 druh\u00fdm Sebarealiz\u00e1ciu. M\u00e1te v\u0161etky vedomosti o Sahad\u017ea joge&#8230;<\/p>\n<p>Napr\u00edklad, \u0160ankara\u010darija nap\u00edsal kr\u00e1sny pr\u00edbeh o Viveka Chudamani, kde p\u00edsal o tom kto je Boh, &#8220;Viveka&#8221; zna\u010d\u00ed vedomie o ktorom sa pop\u00edsalo dos\u0165 ve\u013ea. Ale jeden stra\u0161n\u00fd chlap Sarma sa s n\u00edm za\u010dal \u0161kriepi\u0165 a\u017e to \u0160ankara\u010darija vzdal- &#8220;Nem\u00e1 zmysel s nimi o tom hovori\u0165&#8221;.<\/p>\n<p>Tak nap\u00edsal Saundarya Lahari, s\u00fa to mantry ospevuj\u00face Matku. Povedal : &#8220;Ja pozn\u00e1m Matku, tak ju budem chv\u00e1li\u0165 a blahore\u010di\u0165 jej. Ale ak\u00fd m\u00e1 zmysel sna\u017ei\u0165 sa to druh\u00fdm vysveli\u0165? S\u00fa hl\u00fapi, nech\u00e1pu. Uvedomil si, \u017ee \u013eudia nie s\u00fa schopn\u00ed to pochopi\u0165, nemaj\u00fa t\u00fa citlivos\u0165 a vn\u00edmanie, aby pochopili o \u010dom hovor\u00edm.<\/p>\n<figure itemscope itemtype=\"https:\/\/schema.org\/ImageObject\">\n\t\t\t\t<img decoding=\"async\" src=\"https:\/\/shrimataji.org\/test\/wp-content\/uploads\/2026\/01\/SK_shri-mataji-speaking-about-spirituality-and-sahaja-yoga.jpg\" alt=\"\u0160ri Matad\u017ei hovor\u00ed o duchovne a Sahd\u017ea joge.\" height=\"2310\" width=\"1500\" title=\"SK_shri-mataji-speaking-about-spirituality-and-sahaja-yoga\" onerror=\"this.style.display='none'\" loading=\"lazy\" \/>\n\t\t<figcaption>\u0160ri Matad\u017ei hovor\u00ed o duchovne a Sahd\u017ea joge.<\/figcaption>\n\t<\/figure>\n\t<p>Skuto\u010dn\u00e9 poznanie je pozna\u0165 Boha. Ak ho pozn\u00e1te, ako m\u00f4\u017eete pochybova\u0165, alebo nie\u010do analyzova\u0165? Je to Boh, Boh v\u0161emoh\u00faci, v\u0161etko vie, v\u0161etko rob\u00ed a te\u0161\u00ed sa z toho.<\/p>\n<p>On je ten, ktor\u00fd je Gyana, poznanie, je t\u00fdm prav\u00fdm poznan\u00edm, \u010dist\u00fdm poznan\u00edm. Nie je to poznanie o \u010dakr\u00e1ch, o vibr\u00e1ci\u00e1ch, o Kundaliny, ale je to poznanie o Bohu V\u0161emoh\u00facom , ned\u00e1 sa dosiahnu\u0165 na ment\u00e1lnej \u00farovni.<\/p>\n<p>Opakujem, za\u010d\u00edna sa to v srdci a ide to do mozgu, pramen\u00ed v radosti a zaplavuje mozog. Tak\u017ee mozog to nem\u00f4\u017ee poprie\u0165.<\/p>\n<p>Podobne ako s mamou, va\u0161ou maminou, ktorej l\u00e1ska v\u00e1m je tak zn\u00e1ma. Ale neviete to vysvetli\u0165, lebo to pramen\u00ed zo srdca, len poviete. &#8220;Nie, to je moja mama, to ona neurob\u00ed, pozn\u00e1m ju dobre.&#8221; Pozn\u00e1te svoju mamu dobre, hoci by aj nebola dobr\u00e1. Ale poznanie o Bohu, \u017ee On je l\u00e1ska, pravda, \u017ee vie v\u0161etko, je s\u00fa\u010das\u0165ou va\u0161ej bytosti, a vtedy hovor\u00edme o Nirv\u00e1ne.<\/p>\n<p>Je to tak d\u00f4le\u017eit\u00e9, hlavne pre \u013eud\u00ed zo z\u00e1padu &#8211; otvorte si srdcia, pramen\u00ed to zo srdca nie z mozgu.<\/p>\n\n","protected":false},"excerpt":{"rendered":"<p>N\u00e1\u0161 duchovn\u00fd vzostup V\u00fd\u0148atok z prejavu &#8211; semin\u00e1r v Chianciano Terme, Taliansko 16. febru\u00e1ra 1991 Ned\u00e1vno som sa do\u010d\u00edtala v nejak\u00fdch knih\u00e1ch ako d\u00e1vali Sebarealiz\u00e1ciu, aby spoznali Du\u0161u, aj to ako boli t\u00edto \u013eudia mu\u010den\u00ed. Najsk\u00f4r sa od nich \u017eiadalo, aby nejak\u00fdm sp\u00f4sobom popreli a vzopreli sa svojmu telu. Tak\u017ee ak si telo \u017eiada pohodlie,&hellip; <br \/> <a class=\"read-more\" href=\"https:\/\/shrimataji.org\/test\/sk\/nas-duchovny-vzostup\/\">Read more<\/a><\/p>\n","protected":false},"author":28,"featured_media":140,"parent":0,"menu_order":0,"comment_status":"closed","ping_status":"closed","template":"","meta":{"inline_featured_image":false,"footnotes":""},"class_list":["post-12414","page","type-page","status-publish","has-post-thumbnail","hentry"],"yoast_head":"<!-- This site is optimized with the Yoast SEO plugin v27.4 - https:\/\/yoast.com\/product\/yoast-seo-wordpress\/ -->\n<title>N\u00e1\u0161 duchovn\u00fd vzostup - TEST - SMND<\/title>\n<meta name=\"robots\" content=\"noindex, follow, max-snippet:-1, max-image-preview:large, max-video-preview:-1\" \/>\n<meta property=\"og:locale\" content=\"en_US\" \/>\n<meta property=\"og:type\" content=\"article\" \/>\n<meta property=\"og:title\" content=\"N\u00e1\u0161 duchovn\u00fd vzostup - TEST - SMND\" \/>\n<meta property=\"og:description\" content=\"N\u00e1\u0161 duchovn\u00fd vzostup V\u00fd\u0148atok z prejavu &#8211; semin\u00e1r v Chianciano Terme, Taliansko 16. febru\u00e1ra 1991 Ned\u00e1vno som sa do\u010d\u00edtala v nejak\u00fdch knih\u00e1ch ako d\u00e1vali Sebarealiz\u00e1ciu, aby spoznali Du\u0161u, aj to ako boli t\u00edto \u013eudia mu\u010den\u00ed. Najsk\u00f4r sa od nich \u017eiadalo, aby nejak\u00fdm sp\u00f4sobom popreli a vzopreli sa svojmu telu. Tak\u017ee ak si telo \u017eiada pohodlie,&hellip; Read more\" \/>\n<meta property=\"og:url\" content=\"https:\/\/shrimataji.org\/test\/sk\/nas-duchovny-vzostup\/\" \/>\n<meta property=\"og:site_name\" content=\"TEST - SMND\" \/>\n<meta property=\"article:publisher\" content=\"https:\/\/www.facebook.com\/shrimataji\" \/>\n<meta property=\"article:modified_time\" content=\"2026-02-04T19:48:34+00:00\" \/>\n<meta property=\"og:image\" content=\"https:\/\/shrimataji.org\/test\/wp-content\/uploads\/2018\/07\/media_originals\/images\/headers-general\/jacobs-ladder-by-william-blake-spiritual-ascent.jpg\" \/>\n\t<meta property=\"og:image:width\" content=\"990\" \/>\n\t<meta property=\"og:image:height\" content=\"350\" \/>\n\t<meta property=\"og:image:type\" content=\"image\/jpeg\" \/>\n<meta name=\"twitter:card\" content=\"summary_large_image\" \/>\n<meta name=\"twitter:site\" content=\"@shrimataji\" \/>\n<script type=\"application\/ld+json\" class=\"yoast-schema-graph\">{\"@context\":\"https:\\\/\\\/schema.org\",\"@graph\":[{\"@type\":\"WebPage\",\"@id\":\"https:\\\/\\\/shrimataji.org\\\/test\\\/sk\\\/nas-duchovny-vzostup\\\/\",\"url\":\"https:\\\/\\\/shrimataji.org\\\/test\\\/sk\\\/nas-duchovny-vzostup\\\/\",\"name\":\"N\u00e1\u0161 duchovn\u00fd vzostup - TEST - SMND\",\"isPartOf\":{\"@id\":\"https:\\\/\\\/shrimataji.org\\\/test\\\/#website\"},\"primaryImageOfPage\":{\"@id\":\"https:\\\/\\\/shrimataji.org\\\/test\\\/sk\\\/nas-duchovny-vzostup\\\/#primaryimage\"},\"image\":{\"@id\":\"https:\\\/\\\/shrimataji.org\\\/test\\\/sk\\\/nas-duchovny-vzostup\\\/#primaryimage\"},\"thumbnailUrl\":\"https:\\\/\\\/shrimataji.org\\\/test\\\/wp-content\\\/uploads\\\/2018\\\/07\\\/media_originals\\\/images\\\/headers-general\\\/jacobs-ladder-by-william-blake-spiritual-ascent.jpg\",\"datePublished\":\"2012-09-02T10:00:00+00:00\",\"dateModified\":\"2026-02-04T19:48:34+00:00\",\"breadcrumb\":{\"@id\":\"https:\\\/\\\/shrimataji.org\\\/test\\\/sk\\\/nas-duchovny-vzostup\\\/#breadcrumb\"},\"inLanguage\":\"en-US\",\"potentialAction\":[{\"@type\":\"ReadAction\",\"target\":[\"https:\\\/\\\/shrimataji.org\\\/test\\\/sk\\\/nas-duchovny-vzostup\\\/\"]}]},{\"@type\":\"ImageObject\",\"inLanguage\":\"en-US\",\"@id\":\"https:\\\/\\\/shrimataji.org\\\/test\\\/sk\\\/nas-duchovny-vzostup\\\/#primaryimage\",\"url\":\"https:\\\/\\\/shrimataji.org\\\/test\\\/wp-content\\\/uploads\\\/2018\\\/07\\\/media_originals\\\/images\\\/headers-general\\\/jacobs-ladder-by-william-blake-spiritual-ascent.jpg\",\"contentUrl\":\"https:\\\/\\\/shrimataji.org\\\/test\\\/wp-content\\\/uploads\\\/2018\\\/07\\\/media_originals\\\/images\\\/headers-general\\\/jacobs-ladder-by-william-blake-spiritual-ascent.jpg\",\"width\":990,\"height\":350},{\"@type\":\"BreadcrumbList\",\"@id\":\"https:\\\/\\\/shrimataji.org\\\/test\\\/sk\\\/nas-duchovny-vzostup\\\/#breadcrumb\",\"itemListElement\":[{\"@type\":\"ListItem\",\"position\":1,\"name\":\"Home\",\"item\":\"https:\\\/\\\/shrimataji.org\\\/test\\\/uk\\\/home-en\\\/\"},{\"@type\":\"ListItem\",\"position\":2,\"name\":\"N\u00e1\u0161 duchovn\u00fd vzostup\"}]},{\"@type\":\"WebSite\",\"@id\":\"https:\\\/\\\/shrimataji.org\\\/test\\\/#website\",\"url\":\"https:\\\/\\\/shrimataji.org\\\/test\\\/\",\"name\":\"Shri Mataji Nirmala Devi\",\"description\":\"A Life Dedicated to Humanity\",\"publisher\":{\"@id\":\"https:\\\/\\\/shrimataji.org\\\/test\\\/#\\\/schema\\\/person\\\/a1b3419c6585f164aa96da1ff85715d1\"},\"potentialAction\":[{\"@type\":\"SearchAction\",\"target\":{\"@type\":\"EntryPoint\",\"urlTemplate\":\"https:\\\/\\\/shrimataji.org\\\/test\\\/?s={search_term_string}\"},\"query-input\":{\"@type\":\"PropertyValueSpecification\",\"valueRequired\":true,\"valueName\":\"search_term_string\"}}],\"inLanguage\":\"en-US\"},{\"@type\":[\"Person\",\"Organization\"],\"@id\":\"https:\\\/\\\/shrimataji.org\\\/test\\\/#\\\/schema\\\/person\\\/a1b3419c6585f164aa96da1ff85715d1\",\"name\":\"Nirmala Shrivastava\",\"image\":{\"@type\":\"ImageObject\",\"inLanguage\":\"en-US\",\"@id\":\"https:\\\/\\\/shrimataji.org\\\/test\\\/wp-content\\\/uploads\\\/2023\\\/02\\\/SMO_LOGO-03.svg\",\"url\":\"https:\\\/\\\/shrimataji.org\\\/test\\\/wp-content\\\/uploads\\\/2023\\\/02\\\/SMO_LOGO-03.svg\",\"contentUrl\":\"https:\\\/\\\/shrimataji.org\\\/test\\\/wp-content\\\/uploads\\\/2023\\\/02\\\/SMO_LOGO-03.svg\",\"width\":\"1024\",\"height\":\"1024\",\"caption\":\"Nirmala Shrivastava\"},\"logo\":{\"@id\":\"https:\\\/\\\/shrimataji.org\\\/test\\\/wp-content\\\/uploads\\\/2023\\\/02\\\/SMO_LOGO-03.svg\"},\"sameAs\":[\"https:\\\/\\\/shrimataji.org\\\/test\",\"https:\\\/\\\/www.facebook.com\\\/shrimataji\",\"https:\\\/\\\/x.com\\\/shrimataji\",\"https:\\\/\\\/www.youtube.com\\\/@Shri_Mataji_Nirmala_Devi\\\/featured\"]}]}<\/script>\n<!-- \/ Yoast SEO plugin. -->","yoast_head_json":{"title":"N\u00e1\u0161 duchovn\u00fd vzostup - TEST - SMND","robots":{"index":"noindex","follow":"follow","max-snippet":"max-snippet:-1","max-image-preview":"max-image-preview:large","max-video-preview":"max-video-preview:-1"},"og_locale":"en_US","og_type":"article","og_title":"N\u00e1\u0161 duchovn\u00fd vzostup - TEST - SMND","og_description":"N\u00e1\u0161 duchovn\u00fd vzostup V\u00fd\u0148atok z prejavu &#8211; semin\u00e1r v Chianciano Terme, Taliansko 16. febru\u00e1ra 1991 Ned\u00e1vno som sa do\u010d\u00edtala v nejak\u00fdch knih\u00e1ch ako d\u00e1vali Sebarealiz\u00e1ciu, aby spoznali Du\u0161u, aj to ako boli t\u00edto \u013eudia mu\u010den\u00ed. Najsk\u00f4r sa od nich \u017eiadalo, aby nejak\u00fdm sp\u00f4sobom popreli a vzopreli sa svojmu telu. Tak\u017ee ak si telo \u017eiada pohodlie,&hellip; Read more","og_url":"https:\/\/shrimataji.org\/test\/sk\/nas-duchovny-vzostup\/","og_site_name":"TEST - SMND","article_publisher":"https:\/\/www.facebook.com\/shrimataji","article_modified_time":"2026-02-04T19:48:34+00:00","og_image":[{"width":990,"height":350,"url":"https:\/\/shrimataji.org\/test\/wp-content\/uploads\/2018\/07\/media_originals\/images\/headers-general\/jacobs-ladder-by-william-blake-spiritual-ascent.jpg","type":"image\/jpeg"}],"twitter_card":"summary_large_image","twitter_site":"@shrimataji","schema":{"@context":"https:\/\/schema.org","@graph":[{"@type":"WebPage","@id":"https:\/\/shrimataji.org\/test\/sk\/nas-duchovny-vzostup\/","url":"https:\/\/shrimataji.org\/test\/sk\/nas-duchovny-vzostup\/","name":"N\u00e1\u0161 duchovn\u00fd vzostup - TEST - SMND","isPartOf":{"@id":"https:\/\/shrimataji.org\/test\/#website"},"primaryImageOfPage":{"@id":"https:\/\/shrimataji.org\/test\/sk\/nas-duchovny-vzostup\/#primaryimage"},"image":{"@id":"https:\/\/shrimataji.org\/test\/sk\/nas-duchovny-vzostup\/#primaryimage"},"thumbnailUrl":"https:\/\/shrimataji.org\/test\/wp-content\/uploads\/2018\/07\/media_originals\/images\/headers-general\/jacobs-ladder-by-william-blake-spiritual-ascent.jpg","datePublished":"2012-09-02T10:00:00+00:00","dateModified":"2026-02-04T19:48:34+00:00","breadcrumb":{"@id":"https:\/\/shrimataji.org\/test\/sk\/nas-duchovny-vzostup\/#breadcrumb"},"inLanguage":"en-US","potentialAction":[{"@type":"ReadAction","target":["https:\/\/shrimataji.org\/test\/sk\/nas-duchovny-vzostup\/"]}]},{"@type":"ImageObject","inLanguage":"en-US","@id":"https:\/\/shrimataji.org\/test\/sk\/nas-duchovny-vzostup\/#primaryimage","url":"https:\/\/shrimataji.org\/test\/wp-content\/uploads\/2018\/07\/media_originals\/images\/headers-general\/jacobs-ladder-by-william-blake-spiritual-ascent.jpg","contentUrl":"https:\/\/shrimataji.org\/test\/wp-content\/uploads\/2018\/07\/media_originals\/images\/headers-general\/jacobs-ladder-by-william-blake-spiritual-ascent.jpg","width":990,"height":350},{"@type":"BreadcrumbList","@id":"https:\/\/shrimataji.org\/test\/sk\/nas-duchovny-vzostup\/#breadcrumb","itemListElement":[{"@type":"ListItem","position":1,"name":"Home","item":"https:\/\/shrimataji.org\/test\/uk\/home-en\/"},{"@type":"ListItem","position":2,"name":"N\u00e1\u0161 duchovn\u00fd vzostup"}]},{"@type":"WebSite","@id":"https:\/\/shrimataji.org\/test\/#website","url":"https:\/\/shrimataji.org\/test\/","name":"Shri Mataji Nirmala Devi","description":"A Life Dedicated to Humanity","publisher":{"@id":"https:\/\/shrimataji.org\/test\/#\/schema\/person\/a1b3419c6585f164aa96da1ff85715d1"},"potentialAction":[{"@type":"SearchAction","target":{"@type":"EntryPoint","urlTemplate":"https:\/\/shrimataji.org\/test\/?s={search_term_string}"},"query-input":{"@type":"PropertyValueSpecification","valueRequired":true,"valueName":"search_term_string"}}],"inLanguage":"en-US"},{"@type":["Person","Organization"],"@id":"https:\/\/shrimataji.org\/test\/#\/schema\/person\/a1b3419c6585f164aa96da1ff85715d1","name":"Nirmala Shrivastava","image":{"@type":"ImageObject","inLanguage":"en-US","@id":"https:\/\/shrimataji.org\/test\/wp-content\/uploads\/2023\/02\/SMO_LOGO-03.svg","url":"https:\/\/shrimataji.org\/test\/wp-content\/uploads\/2023\/02\/SMO_LOGO-03.svg","contentUrl":"https:\/\/shrimataji.org\/test\/wp-content\/uploads\/2023\/02\/SMO_LOGO-03.svg","width":"1024","height":"1024","caption":"Nirmala Shrivastava"},"logo":{"@id":"https:\/\/shrimataji.org\/test\/wp-content\/uploads\/2023\/02\/SMO_LOGO-03.svg"},"sameAs":["https:\/\/shrimataji.org\/test","https:\/\/www.facebook.com\/shrimataji","https:\/\/x.com\/shrimataji","https:\/\/www.youtube.com\/@Shri_Mataji_Nirmala_Devi\/featured"]}]}},"lang":"sk","translations":{"sk":12414,"ur":37473,"en":429,"am":18046,"th":20013,"hu":19530,"sq":18447,"zh":17344,"tr":10191,"pt":10401,"de":10675,"fr":10773,"it":10871,"es":10968,"ja":11265,"ru":11453,"bn":11645,"te":11753,"sw":11876,"he":12024,"el":12316,"fa":12512,"fi":12610,"bg":13500,"ro":14575,"cs":14768,"nl":16607,"ku":16767,"ar":16943,"be":18654,"kn":18928,"mr":20377,"uk":20671,"ml":20966,"ta":22765,"sv":23035,"gu":28879,"pa":29039,"fil":29483,"da":37784,"pl":37996,"nn":38336},"pll_sync_post":[],"_links":{"self":[{"href":"https:\/\/shrimataji.org\/test\/wp-json\/wp\/v2\/pages\/12414","targetHints":{"allow":["GET"]}}],"collection":[{"href":"https:\/\/shrimataji.org\/test\/wp-json\/wp\/v2\/pages"}],"about":[{"href":"https:\/\/shrimataji.org\/test\/wp-json\/wp\/v2\/types\/page"}],"author":[{"embeddable":true,"href":"https:\/\/shrimataji.org\/test\/wp-json\/wp\/v2\/users\/28"}],"replies":[{"embeddable":true,"href":"https:\/\/shrimataji.org\/test\/wp-json\/wp\/v2\/comments?post=12414"}],"version-history":[{"count":0,"href":"https:\/\/shrimataji.org\/test\/wp-json\/wp\/v2\/pages\/12414\/revisions"}],"wp:featuredmedia":[{"embeddable":true,"href":"https:\/\/shrimataji.org\/test\/wp-json\/wp\/v2\/media\/140"}],"wp:attachment":[{"href":"https:\/\/shrimataji.org\/test\/wp-json\/wp\/v2\/media?parent=12414"}],"curies":[{"name":"wp","href":"https:\/\/api.w.org\/{rel}","templated":true}]}}