{"id":12415,"date":"2022-01-29T10:23:24","date_gmt":"2022-01-29T10:23:24","guid":{"rendered":"https:\/\/test.shrimataji.org\/?page_id=6404"},"modified":"2026-01-31T17:32:17","modified_gmt":"2026-01-31T17:32:17","slug":"paramcaitania","status":"publish","type":"page","link":"https:\/\/shrimataji.org\/test\/sk\/paramcaitania\/","title":{"rendered":"Param\u010daitania"},"content":{"rendered":"\n\n\t<h1>Param\u010daitania<\/h1>\n<h2>Bo\u017esk\u00fd v\u00e1nok nevedomej mysle<\/h2>\n<div class=\"su-quote su-quote-style-default\"><div class=\"su-quote-inner su-u-clearfix su-u-trim\">Ka\u017ed\u00fd de\u0148 vid\u00edme ako kl\u00ed\u010dia semienka, kvitn\u00fa kvety, dozrievaj\u00fa plody, ale n\u00e1m sa nechce prem\u00fd\u0161\u013ea\u0165 o tom ako sa to deje. Existuje sila, ktor\u00e1 rob\u00ed t\u00fato pr\u00e1cu, je v\u0161etko-prenikaj\u00facou silou Bo\u017eej l\u00e1sky. Teraz pri\u0161iel \u010das, aby sme t\u00fato silu mohli poc\u00edti\u0165 n\u00e1strojom v na\u0161om vn\u00fatri. Tento n\u00e1stroj nem\u00e1 v\u00fdznam pokia\u013e nie je pripojen\u00fd k svojmu zdroju. Nepozn\u00e1me svoje mo\u017enosti, svoju kr\u00e1su, ale ke\u010f raz d\u00f4jde k spojeniu so zdrojom, budeme prekvapen\u00ed dynamikoku tejto sily.<\/div><\/div>\n<h4><strong>V r\u00f4znych kult\u00farach existuje mnoho n\u00e1zvov pre t\u00fato univerz\u00e1lnu silu Bo\u017eej l\u00e1sky: Pneuma, Ruah, Assas, Tao, dych ducha sv\u00e4t\u00e9ho, voda \u017eivota. Av\u0161ak v\u0161etky ozna\u010duj\u00fa to ist\u00e9- l\u00e1skav\u00fa, inteligentn\u00fa, v\u0161etko obklopuj\u00facu energiu stvorenia. Hlavn\u00fdmi faktormi s\u00fa vedomie a energia., v\u0161etko ostatn\u00e9 je druhorad\u00e9. T\u00e1to prap\u00f4vodn\u00e1 energia prenik\u00e1 cel\u00fdm vesm\u00edrom. \u0160ri Matad\u017ei nazvala t\u00fato v\u0161etko-prenikaj\u00facu energiu &#8211; &#8220;Param\u010daitania&#8221;.<\/strong><\/h4>\n<p>T\u00fato v\u0161e-prenikaj\u00facu energiu m\u00f4\u017eeme c\u00edti\u0165 ako jemn\u00fd v\u00e1nok, alebo vibr\u00e1cie po na\u0161ej Sebarealiz\u00e1cii, najm\u00e4 na vrchole hlavy a na dlaniach po\u010das medit\u00e1cie, ke\u010f na\u0161a <a href=\"https:\/\/shrimataji.org\/test\/sk\/kundaliny\/\" target=\"_blank\" rel=\"noopener\">Kundaliny<\/a> prenikne <a href=\"https:\/\/shrimataji.org\/test\/sk\/cakry-a-ich-kvality\/\" target=\"_blank\" rel=\"noopener\">\u010dakrami<\/a>. M\u00f4\u017eeme ju vn\u00edma\u0165 pozd\u013a\u017e chrbtice, na r\u00f4znych miestach \u010dakier a niekedy aj na konkr\u00e9tnych prstoch zodpovedaj\u00facim \u010dakr\u00e1m. Tieto vibr\u00e1cie n\u00e1m nielen\u017ee d\u00e1vaj\u00fa ucelen\u00fd obraz o realite, ale pracuj\u00fa na n\u00e1s, s l\u00e1skou, na na\u0161ich bl\u00edzkych a v celej pr\u00edrode, ktor\u00e1 n\u00e1s obklopuje.<\/p>\n<p>Mnoh\u00ed t\u00ed, ktor\u00ed praktizuj\u00fa Sahad\u017ea jogu boli ohromen\u00ed presnos\u0165ou a \u00fa\u010dinnos\u0165ou t\u00fdchto bo\u017e\u00edch vibr\u00e1ci\u00ed, ktor\u00e9 obklopuj\u00fa a ved\u00fa n\u00e1s v na\u0161om ka\u017edodennom \u017eivote, bez toho, aby zasahovali do na\u0161ej slobodnej v\u00f4le. Pre porovnanie &#8211; je tu v\u0161adedostupn\u00fd internet, ktor\u00fd n\u00e1m umo\u017e\u0148uje rie\u0161i\u0165 ve\u013ea probl\u00e9mov ka\u017ed\u00fd de\u0148, bez toho aby sme museli ma\u0165 odborn\u00e9 znalosti v akejko\u013evek oblasti \u017eivota. Rovnako ako s internetom, mus\u00edme by\u0165 len spr\u00e1vne napojen\u00ed k tejto v\u0161e-prenikaj\u00facej sile, \u010do m\u00f4\u017eeme \u013eahko dosiahnu\u0165 pri ka\u017edodennej medit\u00e1cii.<\/p>\n<div class=\"su-quote su-quote-style-default\"><div class=\"su-quote-inner su-u-clearfix su-u-trim\">Pre Sahad\u017ea jog\u00edna je ve\u013emi \u013eahk\u00e9 zisti\u0165, \u010di je nie\u010do skuto\u010dn\u00e9, alebo nie, \u010di je to pravdiv\u00e9, alebo falo\u0161n\u00e9, \u010di je to l\u00e1ska alebo nen\u00e1vis\u0165. Pozn\u00e1te to len prostredn\u00edctvom vibr\u00e1ci\u00ed. Ale mus\u00edme pochopi\u0165 aj viac, \u010do s\u00fa tieto vibr\u00e1cie, z \u010doho s\u00fa vytvoren\u00e9. Ak\u00e1 jemn\u00e1 sila je v pozad\u00ed t\u00fdchto vibr\u00e1ci\u00ed. Naz\u00fdvame ju Param\u010daitania. <\/div><\/div>\n\t\t<iframe loading=\"lazy\" title=\"Paramchaitanya\" width=\"1920\" height=\"1080\" src=\"https:\/\/www.youtube.com\/embed\/Er_H-whvfWQ?feature=oembed\" frameborder=\"0\" allow=\"accelerometer; autoplay; clipboard-write; encrypted-media; gyroscope; picture-in-picture; web-share\" allowfullscreen><\/iframe>\t\n\n","protected":false},"excerpt":{"rendered":"<p>Param\u010daitania Bo\u017esk\u00fd v\u00e1nok nevedomej mysle V r\u00f4znych kult\u00farach existuje mnoho n\u00e1zvov pre t\u00fato univerz\u00e1lnu silu Bo\u017eej l\u00e1sky: Pneuma, Ruah, Assas, Tao, dych ducha sv\u00e4t\u00e9ho, voda \u017eivota. Av\u0161ak v\u0161etky ozna\u010duj\u00fa to ist\u00e9- l\u00e1skav\u00fa, inteligentn\u00fa, v\u0161etko obklopuj\u00facu energiu stvorenia. Hlavn\u00fdmi faktormi s\u00fa vedomie a energia., v\u0161etko ostatn\u00e9 je druhorad\u00e9. T\u00e1to prap\u00f4vodn\u00e1 energia prenik\u00e1 cel\u00fdm vesm\u00edrom. \u0160ri Matad\u017ei&hellip; <br \/> <a class=\"read-more\" href=\"https:\/\/shrimataji.org\/test\/sk\/paramcaitania\/\">Read more<\/a><\/p>\n","protected":false},"author":28,"featured_media":9245,"parent":0,"menu_order":0,"comment_status":"closed","ping_status":"closed","template":"","meta":{"inline_featured_image":false,"footnotes":""},"class_list":["post-12415","page","type-page","status-publish","has-post-thumbnail","hentry"],"yoast_head":"<!-- This site is optimized with the Yoast SEO plugin v27.4 - https:\/\/yoast.com\/product\/yoast-seo-wordpress\/ -->\n<title>Param\u010daitania - TEST - SMND<\/title>\n<meta name=\"robots\" content=\"noindex, follow, max-snippet:-1, max-image-preview:large, max-video-preview:-1\" \/>\n<meta property=\"og:locale\" content=\"en_US\" \/>\n<meta property=\"og:type\" content=\"article\" \/>\n<meta property=\"og:title\" content=\"Param\u010daitania - TEST - SMND\" \/>\n<meta property=\"og:description\" content=\"Param\u010daitania Bo\u017esk\u00fd v\u00e1nok nevedomej mysle V r\u00f4znych kult\u00farach existuje mnoho n\u00e1zvov pre t\u00fato univerz\u00e1lnu silu Bo\u017eej l\u00e1sky: Pneuma, Ruah, Assas, Tao, dych ducha sv\u00e4t\u00e9ho, voda \u017eivota. Av\u0161ak v\u0161etky ozna\u010duj\u00fa to ist\u00e9- l\u00e1skav\u00fa, inteligentn\u00fa, v\u0161etko obklopuj\u00facu energiu stvorenia. Hlavn\u00fdmi faktormi s\u00fa vedomie a energia., v\u0161etko ostatn\u00e9 je druhorad\u00e9. T\u00e1to prap\u00f4vodn\u00e1 energia prenik\u00e1 cel\u00fdm vesm\u00edrom. \u0160ri Matad\u017ei&hellip; Read more\" \/>\n<meta property=\"og:url\" content=\"https:\/\/shrimataji.org\/test\/sk\/paramcaitania\/\" \/>\n<meta property=\"og:site_name\" content=\"TEST - SMND\" \/>\n<meta property=\"article:publisher\" content=\"https:\/\/www.facebook.com\/shrimataji\" \/>\n<meta property=\"article:modified_time\" content=\"2026-01-31T17:32:17+00:00\" \/>\n<meta property=\"og:image\" content=\"https:\/\/shrimataji.org\/test\/wp-content\/uploads\/2023\/03\/10_Banner-SY-Paramchaitanya-scaled.jpg\" \/>\n\t<meta property=\"og:image:width\" content=\"2560\" \/>\n\t<meta property=\"og:image:height\" content=\"905\" \/>\n\t<meta property=\"og:image:type\" content=\"image\/jpeg\" \/>\n<meta name=\"twitter:card\" content=\"summary_large_image\" \/>\n<meta name=\"twitter:site\" content=\"@shrimataji\" \/>\n<meta name=\"twitter:label1\" content=\"Est. reading time\" \/>\n\t<meta name=\"twitter:data1\" content=\"2 minutes\" \/>\n<script type=\"application\/ld+json\" class=\"yoast-schema-graph\">{\"@context\":\"https:\\\/\\\/schema.org\",\"@graph\":[{\"@type\":\"WebPage\",\"@id\":\"https:\\\/\\\/shrimataji.org\\\/test\\\/sk\\\/paramcaitania\\\/\",\"url\":\"https:\\\/\\\/shrimataji.org\\\/test\\\/sk\\\/paramcaitania\\\/\",\"name\":\"Param\u010daitania - TEST - SMND\",\"isPartOf\":{\"@id\":\"https:\\\/\\\/shrimataji.org\\\/test\\\/#website\"},\"primaryImageOfPage\":{\"@id\":\"https:\\\/\\\/shrimataji.org\\\/test\\\/sk\\\/paramcaitania\\\/#primaryimage\"},\"image\":{\"@id\":\"https:\\\/\\\/shrimataji.org\\\/test\\\/sk\\\/paramcaitania\\\/#primaryimage\"},\"thumbnailUrl\":\"https:\\\/\\\/shrimataji.org\\\/test\\\/wp-content\\\/uploads\\\/2023\\\/03\\\/10_Banner-SY-Paramchaitanya-scaled.jpg\",\"datePublished\":\"2022-01-29T10:23:24+00:00\",\"dateModified\":\"2026-01-31T17:32:17+00:00\",\"breadcrumb\":{\"@id\":\"https:\\\/\\\/shrimataji.org\\\/test\\\/sk\\\/paramcaitania\\\/#breadcrumb\"},\"inLanguage\":\"en-US\",\"potentialAction\":[{\"@type\":\"ReadAction\",\"target\":[\"https:\\\/\\\/shrimataji.org\\\/test\\\/sk\\\/paramcaitania\\\/\"]}]},{\"@type\":\"ImageObject\",\"inLanguage\":\"en-US\",\"@id\":\"https:\\\/\\\/shrimataji.org\\\/test\\\/sk\\\/paramcaitania\\\/#primaryimage\",\"url\":\"https:\\\/\\\/shrimataji.org\\\/test\\\/wp-content\\\/uploads\\\/2023\\\/03\\\/10_Banner-SY-Paramchaitanya-scaled.jpg\",\"contentUrl\":\"https:\\\/\\\/shrimataji.org\\\/test\\\/wp-content\\\/uploads\\\/2023\\\/03\\\/10_Banner-SY-Paramchaitanya-scaled.jpg\",\"width\":2560,\"height\":905},{\"@type\":\"BreadcrumbList\",\"@id\":\"https:\\\/\\\/shrimataji.org\\\/test\\\/sk\\\/paramcaitania\\\/#breadcrumb\",\"itemListElement\":[{\"@type\":\"ListItem\",\"position\":1,\"name\":\"Home\",\"item\":\"https:\\\/\\\/shrimataji.org\\\/test\\\/uk\\\/home-en\\\/\"},{\"@type\":\"ListItem\",\"position\":2,\"name\":\"Param\u010daitania\"}]},{\"@type\":\"WebSite\",\"@id\":\"https:\\\/\\\/shrimataji.org\\\/test\\\/#website\",\"url\":\"https:\\\/\\\/shrimataji.org\\\/test\\\/\",\"name\":\"Shri Mataji Nirmala Devi\",\"description\":\"A Life Dedicated to Humanity\",\"publisher\":{\"@id\":\"https:\\\/\\\/shrimataji.org\\\/test\\\/#\\\/schema\\\/person\\\/a1b3419c6585f164aa96da1ff85715d1\"},\"potentialAction\":[{\"@type\":\"SearchAction\",\"target\":{\"@type\":\"EntryPoint\",\"urlTemplate\":\"https:\\\/\\\/shrimataji.org\\\/test\\\/?s={search_term_string}\"},\"query-input\":{\"@type\":\"PropertyValueSpecification\",\"valueRequired\":true,\"valueName\":\"search_term_string\"}}],\"inLanguage\":\"en-US\"},{\"@type\":[\"Person\",\"Organization\"],\"@id\":\"https:\\\/\\\/shrimataji.org\\\/test\\\/#\\\/schema\\\/person\\\/a1b3419c6585f164aa96da1ff85715d1\",\"name\":\"Nirmala Shrivastava\",\"image\":{\"@type\":\"ImageObject\",\"inLanguage\":\"en-US\",\"@id\":\"https:\\\/\\\/shrimataji.org\\\/test\\\/wp-content\\\/uploads\\\/2023\\\/02\\\/SMO_LOGO-03.svg\",\"url\":\"https:\\\/\\\/shrimataji.org\\\/test\\\/wp-content\\\/uploads\\\/2023\\\/02\\\/SMO_LOGO-03.svg\",\"contentUrl\":\"https:\\\/\\\/shrimataji.org\\\/test\\\/wp-content\\\/uploads\\\/2023\\\/02\\\/SMO_LOGO-03.svg\",\"width\":\"1024\",\"height\":\"1024\",\"caption\":\"Nirmala Shrivastava\"},\"logo\":{\"@id\":\"https:\\\/\\\/shrimataji.org\\\/test\\\/wp-content\\\/uploads\\\/2023\\\/02\\\/SMO_LOGO-03.svg\"},\"sameAs\":[\"https:\\\/\\\/shrimataji.org\\\/test\",\"https:\\\/\\\/www.facebook.com\\\/shrimataji\",\"https:\\\/\\\/x.com\\\/shrimataji\",\"https:\\\/\\\/www.youtube.com\\\/@Shri_Mataji_Nirmala_Devi\\\/featured\"]}]}<\/script>\n<!-- \/ Yoast SEO plugin. -->","yoast_head_json":{"title":"Param\u010daitania - TEST - SMND","robots":{"index":"noindex","follow":"follow","max-snippet":"max-snippet:-1","max-image-preview":"max-image-preview:large","max-video-preview":"max-video-preview:-1"},"og_locale":"en_US","og_type":"article","og_title":"Param\u010daitania - TEST - SMND","og_description":"Param\u010daitania Bo\u017esk\u00fd v\u00e1nok nevedomej mysle V r\u00f4znych kult\u00farach existuje mnoho n\u00e1zvov pre t\u00fato univerz\u00e1lnu silu Bo\u017eej l\u00e1sky: Pneuma, Ruah, Assas, Tao, dych ducha sv\u00e4t\u00e9ho, voda \u017eivota. Av\u0161ak v\u0161etky ozna\u010duj\u00fa to ist\u00e9- l\u00e1skav\u00fa, inteligentn\u00fa, v\u0161etko obklopuj\u00facu energiu stvorenia. Hlavn\u00fdmi faktormi s\u00fa vedomie a energia., v\u0161etko ostatn\u00e9 je druhorad\u00e9. T\u00e1to prap\u00f4vodn\u00e1 energia prenik\u00e1 cel\u00fdm vesm\u00edrom. \u0160ri Matad\u017ei&hellip; Read more","og_url":"https:\/\/shrimataji.org\/test\/sk\/paramcaitania\/","og_site_name":"TEST - SMND","article_publisher":"https:\/\/www.facebook.com\/shrimataji","article_modified_time":"2026-01-31T17:32:17+00:00","og_image":[{"width":2560,"height":905,"url":"https:\/\/shrimataji.org\/test\/wp-content\/uploads\/2023\/03\/10_Banner-SY-Paramchaitanya-scaled.jpg","type":"image\/jpeg"}],"twitter_card":"summary_large_image","twitter_site":"@shrimataji","twitter_misc":{"Est. reading time":"2 minutes"},"schema":{"@context":"https:\/\/schema.org","@graph":[{"@type":"WebPage","@id":"https:\/\/shrimataji.org\/test\/sk\/paramcaitania\/","url":"https:\/\/shrimataji.org\/test\/sk\/paramcaitania\/","name":"Param\u010daitania - TEST - SMND","isPartOf":{"@id":"https:\/\/shrimataji.org\/test\/#website"},"primaryImageOfPage":{"@id":"https:\/\/shrimataji.org\/test\/sk\/paramcaitania\/#primaryimage"},"image":{"@id":"https:\/\/shrimataji.org\/test\/sk\/paramcaitania\/#primaryimage"},"thumbnailUrl":"https:\/\/shrimataji.org\/test\/wp-content\/uploads\/2023\/03\/10_Banner-SY-Paramchaitanya-scaled.jpg","datePublished":"2022-01-29T10:23:24+00:00","dateModified":"2026-01-31T17:32:17+00:00","breadcrumb":{"@id":"https:\/\/shrimataji.org\/test\/sk\/paramcaitania\/#breadcrumb"},"inLanguage":"en-US","potentialAction":[{"@type":"ReadAction","target":["https:\/\/shrimataji.org\/test\/sk\/paramcaitania\/"]}]},{"@type":"ImageObject","inLanguage":"en-US","@id":"https:\/\/shrimataji.org\/test\/sk\/paramcaitania\/#primaryimage","url":"https:\/\/shrimataji.org\/test\/wp-content\/uploads\/2023\/03\/10_Banner-SY-Paramchaitanya-scaled.jpg","contentUrl":"https:\/\/shrimataji.org\/test\/wp-content\/uploads\/2023\/03\/10_Banner-SY-Paramchaitanya-scaled.jpg","width":2560,"height":905},{"@type":"BreadcrumbList","@id":"https:\/\/shrimataji.org\/test\/sk\/paramcaitania\/#breadcrumb","itemListElement":[{"@type":"ListItem","position":1,"name":"Home","item":"https:\/\/shrimataji.org\/test\/uk\/home-en\/"},{"@type":"ListItem","position":2,"name":"Param\u010daitania"}]},{"@type":"WebSite","@id":"https:\/\/shrimataji.org\/test\/#website","url":"https:\/\/shrimataji.org\/test\/","name":"Shri Mataji Nirmala Devi","description":"A Life Dedicated to Humanity","publisher":{"@id":"https:\/\/shrimataji.org\/test\/#\/schema\/person\/a1b3419c6585f164aa96da1ff85715d1"},"potentialAction":[{"@type":"SearchAction","target":{"@type":"EntryPoint","urlTemplate":"https:\/\/shrimataji.org\/test\/?s={search_term_string}"},"query-input":{"@type":"PropertyValueSpecification","valueRequired":true,"valueName":"search_term_string"}}],"inLanguage":"en-US"},{"@type":["Person","Organization"],"@id":"https:\/\/shrimataji.org\/test\/#\/schema\/person\/a1b3419c6585f164aa96da1ff85715d1","name":"Nirmala Shrivastava","image":{"@type":"ImageObject","inLanguage":"en-US","@id":"https:\/\/shrimataji.org\/test\/wp-content\/uploads\/2023\/02\/SMO_LOGO-03.svg","url":"https:\/\/shrimataji.org\/test\/wp-content\/uploads\/2023\/02\/SMO_LOGO-03.svg","contentUrl":"https:\/\/shrimataji.org\/test\/wp-content\/uploads\/2023\/02\/SMO_LOGO-03.svg","width":"1024","height":"1024","caption":"Nirmala Shrivastava"},"logo":{"@id":"https:\/\/shrimataji.org\/test\/wp-content\/uploads\/2023\/02\/SMO_LOGO-03.svg"},"sameAs":["https:\/\/shrimataji.org\/test","https:\/\/www.facebook.com\/shrimataji","https:\/\/x.com\/shrimataji","https:\/\/www.youtube.com\/@Shri_Mataji_Nirmala_Devi\/featured"]}]}},"lang":"sk","translations":{"sk":12415,"ur":37475,"en":6404,"am":18048,"th":20016,"hu":19532,"sq":18449,"zh":17346,"hi":8298,"tr":10192,"pt":10402,"de":10676,"fr":10774,"it":10872,"es":10969,"ja":11266,"ru":11454,"bn":11646,"te":11754,"sw":11877,"he":12025,"el":12317,"fa":12513,"fi":12611,"bg":13388,"ro":14462,"cs":14655,"nl":16609,"ku":16769,"ar":16945,"be":18656,"kn":18930,"mr":20380,"uk":20674,"ml":20969,"ta":22767,"sv":23037,"gu":28881,"pa":29041,"fil":29485,"da":37786,"pl":37998,"nn":38338},"pll_sync_post":[],"_links":{"self":[{"href":"https:\/\/shrimataji.org\/test\/wp-json\/wp\/v2\/pages\/12415","targetHints":{"allow":["GET"]}}],"collection":[{"href":"https:\/\/shrimataji.org\/test\/wp-json\/wp\/v2\/pages"}],"about":[{"href":"https:\/\/shrimataji.org\/test\/wp-json\/wp\/v2\/types\/page"}],"author":[{"embeddable":true,"href":"https:\/\/shrimataji.org\/test\/wp-json\/wp\/v2\/users\/28"}],"replies":[{"embeddable":true,"href":"https:\/\/shrimataji.org\/test\/wp-json\/wp\/v2\/comments?post=12415"}],"version-history":[{"count":0,"href":"https:\/\/shrimataji.org\/test\/wp-json\/wp\/v2\/pages\/12415\/revisions"}],"wp:featuredmedia":[{"embeddable":true,"href":"https:\/\/shrimataji.org\/test\/wp-json\/wp\/v2\/media\/9245"}],"wp:attachment":[{"href":"https:\/\/shrimataji.org\/test\/wp-json\/wp\/v2\/media?parent=12415"}],"curies":[{"name":"wp","href":"https:\/\/api.w.org\/{rel}","templated":true}]}}