{"id":12416,"date":"2022-01-29T10:34:53","date_gmt":"2022-01-29T10:34:53","guid":{"rendered":"https:\/\/test.shrimataji.org\/?page_id=6414"},"modified":"2026-03-12T10:41:26","modified_gmt":"2026-03-12T10:41:26","slug":"pravy-kanal","status":"publish","type":"page","link":"https:\/\/shrimataji.org\/test\/sk\/pravy-kanal\/","title":{"rendered":"Pingala N\u00e1di (prav\u00fd kan\u00e1l)"},"content":{"rendered":"\n\n\t<h1>Pingala N\u00e1di (prav\u00fd kan\u00e1l)<\/h1>\n<h2>Inteligencia a konanie<\/h2>\n\t<h4>N\u00e1\u0161 prav\u00fd energetick\u00fd kan\u00e1l (naz\u00fdvan\u00fd v sanskrite Pingala Nadi), tie\u017e zn\u00e1my ako slne\u010dn\u00fd kan\u00e1l, za\u010d\u00edna v druhom energetickom centre, vo Swadi\u0161t\u00e1na \u010dakre a \u0161pir\u00e1lovito st\u00fapa po pravej strane n\u00e1\u0161ho tela. Je zakon\u010den\u00fd v \u013eavej hemisf\u00e9re mozgu ako bal\u00f3n.<\/h4>\n<p>\u0160ri Matad\u017ei opisuje tento bal\u00f3n ako psychick\u00fd prejav ega. Ego n\u00e1m d\u00e1va pocit individuality a seba v protiklade k ostatn\u00fdm. Ego n\u00e1m umo\u017e\u0148uje stoto\u017e\u0148ova\u0165 sa so svoj\u00edm &#8220;ja&#8221; a &#8220;moje&#8221;.<\/p>\n<figure itemscope itemtype=\"https:\/\/schema.org\/ImageObject\">\n\t\t\t\t<img decoding=\"async\" src=\"https:\/\/shrimataji.org\/test\/wp-content\/uploads\/2025\/12\/sk-Pingala-01-scaled.png\" alt=\"sk-Pingala-01\" height=\"2560\" width=\"2415\" title=\"sk-Pingala-01\" onerror=\"this.style.display='none'\" loading=\"lazy\" \/>\n\t<\/figure>\n\t<div class=\"su-quote su-quote-style-default\"><div class=\"su-quote-inner su-u-clearfix su-u-trim\">&#8230;toto nap\u00e4tie vznik\u00e1 preto, lebo pre\u0165a\u017eujeme svoju prav\u00fa stranu, vyzna\u010den\u00fa \u017eltou farbou&#8230;ktor\u00fd sa rozvynie do nie\u010doho hrozn\u00e9ho ako je ego, ke\u010f m\u00e1me pocit, \u017ee nie\u010do rob\u00edme my. Nie je to ni\u010d nezvy\u010dajn\u00e9, nie je to ni\u010d zl\u00e9ho, ve\u010f len nevedomos\u0165 n\u00e1m nahov\u00e1ra, \u017ee -&#8220;T\u00fato pr\u00e1cu rob\u00edm len ja&#8221;.<\/div><\/div>\n\t\t<iframe loading=\"lazy\" title=\"Pingala Nadi\" width=\"1920\" height=\"1080\" src=\"https:\/\/www.youtube.com\/embed\/lV4Sh2Mgp2Y?feature=oembed\" frameborder=\"0\" allow=\"accelerometer; autoplay; clipboard-write; encrypted-media; gyroscope; picture-in-picture; web-share\" allowfullscreen><\/iframe>\t\n\t<p>S prav\u00fdm kan\u00e1lom sa sp\u00e1jaj\u00fa dve hlavn\u00e9 kvality &#8211; \u010dinnos\u0165, alebo aktivita a pl\u00e1novanie. Tieto kvality sa prejavuj\u00fa aj ako nervov\u00e9 spojenia v \u013eavej mozgovej hemisf\u00e9re. Poh\u00e1\u0148aj\u00fa na\u0161e du\u0161evn\u00e9 a fyzick\u00e9 aktivity, av\u0161ak spotreba energie prav\u00e9ho kan\u00e1lu m\u00f4\u017ee by\u0165 niekedy tak ve\u013ek\u00e1, \u017ee je oslaben\u00e1 \u013eav\u00e1 strana. Ak sa to stane, str\u00e1ca sa rados\u0165 a my sa m\u00f4\u017eeme c\u00edti\u0165 mrzut\u00ed, podr\u00e1\u017eden\u00ed a chce sa n\u00e1m na kak\u017ed\u00e9ho kri\u010da\u0165, akoby sme i\u0161li vyletie\u0165 z ko\u017ee, ke\u010f ni\u010d nejde pod\u013ea na\u0161ich predst\u00e1v. V d\u00f4sledku toho sa v n\u00e1s nahromad\u00ed negat\u00edvna energia, stres, agresivita hlavne na pracovisku, v \u0161kole \u010di inom verejnom mieste. Niekedy je \u0165a\u017ek\u00e9 udr\u017ea\u0165 si pokojn\u00fd a mierumilovn\u00fd domov, ke\u010f pretrv\u00e1vaj\u00fa tak\u00e9to stresov\u00e9 situ\u00e1cie dlh\u00e9 obdobie.<\/p>\n<p>Na\u0161\u0165astie na\u0161e vedomie je prv\u00fd krok k n\u00e1prave nerovnov\u00e1hy pravej strany. Medit\u00e1cia a spojenie sa s <a href=\"https:\/\/shrimataji.org\/test\/sk\/kundaliny\/\" target=\"_blank\" rel=\"noopener\">Kundaliny<\/a> n\u00e1m prinavr\u00e1ti harm\u00f3niu, mier a rados\u0165 a umo\u017en\u00e9 n\u00e1m \u013eahko dosiahnu\u0165 prirodzen\u00fd stav rovnov\u00e1hy.<\/p>\n<p>Stru\u010dne povedan\u00e9, n\u00e1\u0161 prav\u00fd energetick\u00fd kan\u00e1l ovplyn\u0148uje na\u0161u schopnos\u0165 pl\u00e1nova\u0165 do bud\u00facnosti a kona\u0165. Taktie\u017e zohr\u00e1va \u00falohu pri negat\u00edvnych em\u00f3ci\u00e1ch, ako je hnev, podr\u00e1\u017edenos\u0165 a stres. D\u00e1va n\u00e1m schopnos\u0165 myslie\u0165 v pojmoch &#8220;ja&#8221; a &#8220;moje&#8221;. Ak tieto sto\u017e\u0148ovania sa preh\u00e1\u0148ame, potom sa druh\u00ed v na\u0161ej pr\u00edtomnosti nec\u00edtia dobre. V\u010faka medit\u00e1cii v\u0161ak dok\u00e1\u017eeme rozpozna\u0165 kedy je n\u00e1\u0161 prav\u00fd kan\u00e1l pre\u0165a\u017een\u00fd a je treba sa schladi\u0165 a ut\u00ed\u0161i\u0165.<\/p>\n<p>\u0160ri Matad\u017ei odporu\u010dila ve\u013em jednoduch\u00e9 techniky, ktor\u00e9 s\u00fa nen\u00e1ro\u010dn\u00e9 a bezpe\u010dn\u00e9, pomocou ktor\u00fdch vieme uvies\u0165 na\u0161u prav\u00fa stranu do rvnov\u00e1hy.<\/p>\n\n","protected":false},"excerpt":{"rendered":"<p>Pingala N\u00e1di (prav\u00fd kan\u00e1l) Inteligencia a konanie N\u00e1\u0161 prav\u00fd energetick\u00fd kan\u00e1l (naz\u00fdvan\u00fd v sanskrite Pingala Nadi), tie\u017e zn\u00e1my ako slne\u010dn\u00fd kan\u00e1l, za\u010d\u00edna v druhom energetickom centre, vo Swadi\u0161t\u00e1na \u010dakre a \u0161pir\u00e1lovito st\u00fapa po pravej strane n\u00e1\u0161ho tela. Je zakon\u010den\u00fd v \u013eavej hemisf\u00e9re mozgu ako bal\u00f3n. \u0160ri Matad\u017ei opisuje tento bal\u00f3n ako psychick\u00fd prejav ega. Ego&hellip; <br \/> <a class=\"read-more\" href=\"https:\/\/shrimataji.org\/test\/sk\/pravy-kanal\/\">Read more<\/a><\/p>\n","protected":false},"author":28,"featured_media":9248,"parent":0,"menu_order":0,"comment_status":"closed","ping_status":"closed","template":"","meta":{"inline_featured_image":false,"footnotes":""},"class_list":["post-12416","page","type-page","status-publish","has-post-thumbnail","hentry"],"yoast_head":"<!-- This site is optimized with the Yoast SEO plugin v27.4 - https:\/\/yoast.com\/product\/yoast-seo-wordpress\/ -->\n<title>Pingala N\u00e1di (prav\u00fd kan\u00e1l) - TEST - SMND<\/title>\n<meta name=\"robots\" content=\"noindex, follow, max-snippet:-1, max-image-preview:large, max-video-preview:-1\" \/>\n<meta property=\"og:locale\" content=\"en_US\" \/>\n<meta property=\"og:type\" content=\"article\" \/>\n<meta property=\"og:title\" content=\"Pingala N\u00e1di (prav\u00fd kan\u00e1l) - TEST - SMND\" \/>\n<meta property=\"og:description\" content=\"Pingala N\u00e1di (prav\u00fd kan\u00e1l) Inteligencia a konanie N\u00e1\u0161 prav\u00fd energetick\u00fd kan\u00e1l (naz\u00fdvan\u00fd v sanskrite Pingala Nadi), tie\u017e zn\u00e1my ako slne\u010dn\u00fd kan\u00e1l, za\u010d\u00edna v druhom energetickom centre, vo Swadi\u0161t\u00e1na \u010dakre a \u0161pir\u00e1lovito st\u00fapa po pravej strane n\u00e1\u0161ho tela. Je zakon\u010den\u00fd v \u013eavej hemisf\u00e9re mozgu ako bal\u00f3n. \u0160ri Matad\u017ei opisuje tento bal\u00f3n ako psychick\u00fd prejav ega. Ego&hellip; Read more\" \/>\n<meta property=\"og:url\" content=\"https:\/\/shrimataji.org\/test\/sk\/pravy-kanal\/\" \/>\n<meta property=\"og:site_name\" content=\"TEST - SMND\" \/>\n<meta property=\"article:publisher\" content=\"https:\/\/www.facebook.com\/shrimataji\" \/>\n<meta property=\"article:modified_time\" content=\"2026-03-12T10:41:26+00:00\" \/>\n<meta property=\"og:image\" content=\"https:\/\/shrimataji.org\/test\/wp-content\/uploads\/2023\/03\/13_Banner-SY-Pingala-scaled.jpg\" \/>\n\t<meta property=\"og:image:width\" content=\"2560\" \/>\n\t<meta property=\"og:image:height\" content=\"905\" \/>\n\t<meta property=\"og:image:type\" content=\"image\/jpeg\" \/>\n<meta name=\"twitter:card\" content=\"summary_large_image\" \/>\n<meta name=\"twitter:site\" content=\"@shrimataji\" \/>\n<script type=\"application\/ld+json\" class=\"yoast-schema-graph\">{\"@context\":\"https:\\\/\\\/schema.org\",\"@graph\":[{\"@type\":\"WebPage\",\"@id\":\"https:\\\/\\\/shrimataji.org\\\/test\\\/sk\\\/pravy-kanal\\\/\",\"url\":\"https:\\\/\\\/shrimataji.org\\\/test\\\/sk\\\/pravy-kanal\\\/\",\"name\":\"Pingala N\u00e1di (prav\u00fd kan\u00e1l) - TEST - SMND\",\"isPartOf\":{\"@id\":\"https:\\\/\\\/shrimataji.org\\\/test\\\/#website\"},\"primaryImageOfPage\":{\"@id\":\"https:\\\/\\\/shrimataji.org\\\/test\\\/sk\\\/pravy-kanal\\\/#primaryimage\"},\"image\":{\"@id\":\"https:\\\/\\\/shrimataji.org\\\/test\\\/sk\\\/pravy-kanal\\\/#primaryimage\"},\"thumbnailUrl\":\"https:\\\/\\\/shrimataji.org\\\/test\\\/wp-content\\\/uploads\\\/2023\\\/03\\\/13_Banner-SY-Pingala-scaled.jpg\",\"datePublished\":\"2022-01-29T10:34:53+00:00\",\"dateModified\":\"2026-03-12T10:41:26+00:00\",\"breadcrumb\":{\"@id\":\"https:\\\/\\\/shrimataji.org\\\/test\\\/sk\\\/pravy-kanal\\\/#breadcrumb\"},\"inLanguage\":\"en-US\",\"potentialAction\":[{\"@type\":\"ReadAction\",\"target\":[\"https:\\\/\\\/shrimataji.org\\\/test\\\/sk\\\/pravy-kanal\\\/\"]}]},{\"@type\":\"ImageObject\",\"inLanguage\":\"en-US\",\"@id\":\"https:\\\/\\\/shrimataji.org\\\/test\\\/sk\\\/pravy-kanal\\\/#primaryimage\",\"url\":\"https:\\\/\\\/shrimataji.org\\\/test\\\/wp-content\\\/uploads\\\/2023\\\/03\\\/13_Banner-SY-Pingala-scaled.jpg\",\"contentUrl\":\"https:\\\/\\\/shrimataji.org\\\/test\\\/wp-content\\\/uploads\\\/2023\\\/03\\\/13_Banner-SY-Pingala-scaled.jpg\",\"width\":2560,\"height\":905},{\"@type\":\"BreadcrumbList\",\"@id\":\"https:\\\/\\\/shrimataji.org\\\/test\\\/sk\\\/pravy-kanal\\\/#breadcrumb\",\"itemListElement\":[{\"@type\":\"ListItem\",\"position\":1,\"name\":\"Home\",\"item\":\"https:\\\/\\\/shrimataji.org\\\/test\\\/uk\\\/home-en\\\/\"},{\"@type\":\"ListItem\",\"position\":2,\"name\":\"Pingala N\u00e1di (prav\u00fd kan\u00e1l)\"}]},{\"@type\":\"WebSite\",\"@id\":\"https:\\\/\\\/shrimataji.org\\\/test\\\/#website\",\"url\":\"https:\\\/\\\/shrimataji.org\\\/test\\\/\",\"name\":\"Shri Mataji Nirmala Devi\",\"description\":\"A Life Dedicated to Humanity\",\"publisher\":{\"@id\":\"https:\\\/\\\/shrimataji.org\\\/test\\\/#\\\/schema\\\/person\\\/a1b3419c6585f164aa96da1ff85715d1\"},\"potentialAction\":[{\"@type\":\"SearchAction\",\"target\":{\"@type\":\"EntryPoint\",\"urlTemplate\":\"https:\\\/\\\/shrimataji.org\\\/test\\\/?s={search_term_string}\"},\"query-input\":{\"@type\":\"PropertyValueSpecification\",\"valueRequired\":true,\"valueName\":\"search_term_string\"}}],\"inLanguage\":\"en-US\"},{\"@type\":[\"Person\",\"Organization\"],\"@id\":\"https:\\\/\\\/shrimataji.org\\\/test\\\/#\\\/schema\\\/person\\\/a1b3419c6585f164aa96da1ff85715d1\",\"name\":\"Nirmala Shrivastava\",\"image\":{\"@type\":\"ImageObject\",\"inLanguage\":\"en-US\",\"@id\":\"https:\\\/\\\/shrimataji.org\\\/test\\\/wp-content\\\/uploads\\\/2023\\\/02\\\/SMO_LOGO-03.svg\",\"url\":\"https:\\\/\\\/shrimataji.org\\\/test\\\/wp-content\\\/uploads\\\/2023\\\/02\\\/SMO_LOGO-03.svg\",\"contentUrl\":\"https:\\\/\\\/shrimataji.org\\\/test\\\/wp-content\\\/uploads\\\/2023\\\/02\\\/SMO_LOGO-03.svg\",\"width\":\"1024\",\"height\":\"1024\",\"caption\":\"Nirmala Shrivastava\"},\"logo\":{\"@id\":\"https:\\\/\\\/shrimataji.org\\\/test\\\/wp-content\\\/uploads\\\/2023\\\/02\\\/SMO_LOGO-03.svg\"},\"sameAs\":[\"https:\\\/\\\/shrimataji.org\\\/test\",\"https:\\\/\\\/www.facebook.com\\\/shrimataji\",\"https:\\\/\\\/x.com\\\/shrimataji\",\"https:\\\/\\\/www.youtube.com\\\/@Shri_Mataji_Nirmala_Devi\\\/featured\"]}]}<\/script>\n<!-- \/ Yoast SEO plugin. -->","yoast_head_json":{"title":"Pingala N\u00e1di (prav\u00fd kan\u00e1l) - TEST - SMND","robots":{"index":"noindex","follow":"follow","max-snippet":"max-snippet:-1","max-image-preview":"max-image-preview:large","max-video-preview":"max-video-preview:-1"},"og_locale":"en_US","og_type":"article","og_title":"Pingala N\u00e1di (prav\u00fd kan\u00e1l) - TEST - SMND","og_description":"Pingala N\u00e1di (prav\u00fd kan\u00e1l) Inteligencia a konanie N\u00e1\u0161 prav\u00fd energetick\u00fd kan\u00e1l (naz\u00fdvan\u00fd v sanskrite Pingala Nadi), tie\u017e zn\u00e1my ako slne\u010dn\u00fd kan\u00e1l, za\u010d\u00edna v druhom energetickom centre, vo Swadi\u0161t\u00e1na \u010dakre a \u0161pir\u00e1lovito st\u00fapa po pravej strane n\u00e1\u0161ho tela. Je zakon\u010den\u00fd v \u013eavej hemisf\u00e9re mozgu ako bal\u00f3n. \u0160ri Matad\u017ei opisuje tento bal\u00f3n ako psychick\u00fd prejav ega. Ego&hellip; Read more","og_url":"https:\/\/shrimataji.org\/test\/sk\/pravy-kanal\/","og_site_name":"TEST - SMND","article_publisher":"https:\/\/www.facebook.com\/shrimataji","article_modified_time":"2026-03-12T10:41:26+00:00","og_image":[{"width":2560,"height":905,"url":"https:\/\/shrimataji.org\/test\/wp-content\/uploads\/2023\/03\/13_Banner-SY-Pingala-scaled.jpg","type":"image\/jpeg"}],"twitter_card":"summary_large_image","twitter_site":"@shrimataji","schema":{"@context":"https:\/\/schema.org","@graph":[{"@type":"WebPage","@id":"https:\/\/shrimataji.org\/test\/sk\/pravy-kanal\/","url":"https:\/\/shrimataji.org\/test\/sk\/pravy-kanal\/","name":"Pingala N\u00e1di (prav\u00fd kan\u00e1l) - TEST - SMND","isPartOf":{"@id":"https:\/\/shrimataji.org\/test\/#website"},"primaryImageOfPage":{"@id":"https:\/\/shrimataji.org\/test\/sk\/pravy-kanal\/#primaryimage"},"image":{"@id":"https:\/\/shrimataji.org\/test\/sk\/pravy-kanal\/#primaryimage"},"thumbnailUrl":"https:\/\/shrimataji.org\/test\/wp-content\/uploads\/2023\/03\/13_Banner-SY-Pingala-scaled.jpg","datePublished":"2022-01-29T10:34:53+00:00","dateModified":"2026-03-12T10:41:26+00:00","breadcrumb":{"@id":"https:\/\/shrimataji.org\/test\/sk\/pravy-kanal\/#breadcrumb"},"inLanguage":"en-US","potentialAction":[{"@type":"ReadAction","target":["https:\/\/shrimataji.org\/test\/sk\/pravy-kanal\/"]}]},{"@type":"ImageObject","inLanguage":"en-US","@id":"https:\/\/shrimataji.org\/test\/sk\/pravy-kanal\/#primaryimage","url":"https:\/\/shrimataji.org\/test\/wp-content\/uploads\/2023\/03\/13_Banner-SY-Pingala-scaled.jpg","contentUrl":"https:\/\/shrimataji.org\/test\/wp-content\/uploads\/2023\/03\/13_Banner-SY-Pingala-scaled.jpg","width":2560,"height":905},{"@type":"BreadcrumbList","@id":"https:\/\/shrimataji.org\/test\/sk\/pravy-kanal\/#breadcrumb","itemListElement":[{"@type":"ListItem","position":1,"name":"Home","item":"https:\/\/shrimataji.org\/test\/uk\/home-en\/"},{"@type":"ListItem","position":2,"name":"Pingala N\u00e1di (prav\u00fd kan\u00e1l)"}]},{"@type":"WebSite","@id":"https:\/\/shrimataji.org\/test\/#website","url":"https:\/\/shrimataji.org\/test\/","name":"Shri Mataji Nirmala Devi","description":"A Life Dedicated to Humanity","publisher":{"@id":"https:\/\/shrimataji.org\/test\/#\/schema\/person\/a1b3419c6585f164aa96da1ff85715d1"},"potentialAction":[{"@type":"SearchAction","target":{"@type":"EntryPoint","urlTemplate":"https:\/\/shrimataji.org\/test\/?s={search_term_string}"},"query-input":{"@type":"PropertyValueSpecification","valueRequired":true,"valueName":"search_term_string"}}],"inLanguage":"en-US"},{"@type":["Person","Organization"],"@id":"https:\/\/shrimataji.org\/test\/#\/schema\/person\/a1b3419c6585f164aa96da1ff85715d1","name":"Nirmala Shrivastava","image":{"@type":"ImageObject","inLanguage":"en-US","@id":"https:\/\/shrimataji.org\/test\/wp-content\/uploads\/2023\/02\/SMO_LOGO-03.svg","url":"https:\/\/shrimataji.org\/test\/wp-content\/uploads\/2023\/02\/SMO_LOGO-03.svg","contentUrl":"https:\/\/shrimataji.org\/test\/wp-content\/uploads\/2023\/02\/SMO_LOGO-03.svg","width":"1024","height":"1024","caption":"Nirmala Shrivastava"},"logo":{"@id":"https:\/\/shrimataji.org\/test\/wp-content\/uploads\/2023\/02\/SMO_LOGO-03.svg"},"sameAs":["https:\/\/shrimataji.org\/test","https:\/\/www.facebook.com\/shrimataji","https:\/\/x.com\/shrimataji","https:\/\/www.youtube.com\/@Shri_Mataji_Nirmala_Devi\/featured"]}]}},"lang":"sk","translations":{"sk":12416,"ur":37477,"en":6414,"am":18050,"th":20019,"hu":19534,"sq":18451,"zh":17348,"hi":8311,"tr":10193,"pt":10403,"de":10677,"fr":10775,"it":10873,"es":10970,"ja":11267,"ru":11455,"bn":11647,"te":11755,"sw":11878,"he":12026,"el":12318,"fa":12514,"fi":12612,"bg":13382,"ro":14456,"cs":14649,"nl":16611,"ku":16771,"ar":16947,"be":18658,"kn":18932,"mr":20383,"uk":20677,"ml":20972,"ta":22769,"sv":23039,"gu":28883,"pa":29043,"fil":29487,"da":37788,"pl":38000,"nn":38340},"pll_sync_post":[],"_links":{"self":[{"href":"https:\/\/shrimataji.org\/test\/wp-json\/wp\/v2\/pages\/12416","targetHints":{"allow":["GET"]}}],"collection":[{"href":"https:\/\/shrimataji.org\/test\/wp-json\/wp\/v2\/pages"}],"about":[{"href":"https:\/\/shrimataji.org\/test\/wp-json\/wp\/v2\/types\/page"}],"author":[{"embeddable":true,"href":"https:\/\/shrimataji.org\/test\/wp-json\/wp\/v2\/users\/28"}],"replies":[{"embeddable":true,"href":"https:\/\/shrimataji.org\/test\/wp-json\/wp\/v2\/comments?post=12416"}],"version-history":[{"count":0,"href":"https:\/\/shrimataji.org\/test\/wp-json\/wp\/v2\/pages\/12416\/revisions"}],"wp:featuredmedia":[{"embeddable":true,"href":"https:\/\/shrimataji.org\/test\/wp-json\/wp\/v2\/media\/9248"}],"wp:attachment":[{"href":"https:\/\/shrimataji.org\/test\/wp-json\/wp\/v2\/media?parent=12416"}],"curies":[{"name":"wp","href":"https:\/\/api.w.org\/{rel}","templated":true}]}}