{"id":12421,"date":"2018-07-10T06:54:42","date_gmt":"2018-07-10T06:54:42","guid":{"rendered":"http:\/\/testwordpress.nirmalnagari.org\/smnd\/index.php\/travel\/"},"modified":"2026-02-04T19:52:49","modified_gmt":"2026-02-04T19:52:49","slug":"programy-pre-verejnost","status":"publish","type":"page","link":"https:\/\/shrimataji.org\/test\/sk\/programy-pre-verejnost\/","title":{"rendered":"Programy pre verejnos\u0165"},"content":{"rendered":"\n\n\t<h1>Programy pre verejnos\u0165<\/h1>\n<h2>Cestovn\u00fd pl\u00e1n<\/h2>\n\t<h4>Od chv\u00edle, ke\u010f v roku 1970 zaviedla techniku Sahad\u017ea jogy, bola \u0160ri Matad\u017ei takmer neust\u00e1le na cest\u00e1ch, robila verejn\u00e9 programy, poskytovala rozhovory pre m\u00e9di\u00e1, vystupovala na medzin\u00e1rodn\u00fdch konferenci\u00e1ch a na semin\u00e1roch, zakladala mimovl\u00e1dne organiz\u00e1cie a tr\u00e1vila \u010das so svojou &#8220;svetovou&#8221; rodinou.<\/h4>\n<p>Nebolo miesto, ktor\u00e9 by bolo pr\u00edli\u0161 vzdialen\u00e9 alebo pr\u00edli\u0161 mal\u00e9 na to, aby ho nenav\u0161t\u00edvila. Od \u00fap\u00e4tia Himal\u00e1j\u00ed, a\u017e po vn\u00fatrozemie Austr\u00e1lie; od Lond\u00fdna, cez Istanbul, po Los Angeles, \u0160ri Matad\u017ei venovala svoj \u010das zdie\u013eaniu sk\u00fasenost\u00ed Sebarealiz\u00e1cie s ka\u017ed\u00fdm, kto si to \u017eelal. Od za\u010diatku 70. rokov a po\u010das 80. rokov nepretr\u017eite a ne\u00fanavne cestovala po Eur\u00f3pe, Austr\u00e1lii a Severnej Amerike. V 90. rokoch sa jej cesty roz\u0161\u00edrili do Ju\u017enej Ameriky, Afriky, Ruska aj v\u00fdchodnej Eur\u00f3py, \u00c1zie a Tichomoria. Poh\u013ead do jej kalend\u00e1ra z 90. rokov n\u00e1m prezrad\u00ed jej harmonogram &#8211; viac ako dvesto podujat\u00ed v dvadsiatich \u0161iestich krajin\u00e1ch, vr\u00e1tane Braz\u00edlie, Indie, Austr\u00e1lie, Nov\u00e9ho Z\u00e9landu, Ruska, Franc\u00fazska, Anglicka, Po\u013eska, \u0160panielska, Talianska, Spojen\u00fdch \u0161t\u00e1tov americk\u00fdch a moh\u00fdch in\u00fdch. Vzdialenos\u0165, ktor\u00fa musela prekona\u0165, presiahla 135 000 kilometrov, \u010do je to ist\u00e9, ako ob\u00eds\u0165 trikr\u00e1t zemegu\u013eu.<\/p>\n<p>Neust\u00e1le cestovala a viac ako 40 rokov u\u010dila a \u0161\u00edrila Sahad\u017ea jogu vo viac ako 100 krajin\u00e1ch, \u010do je d\u00f4kazom jej nevy\u010derpate\u013enej energie a zanietenosti pre duchovn\u00fa transform\u00e1ciu \u013eudstva.<\/p>\n<p>Interakt\u00edvna mapa ni\u017e\u0161ie poskytuje odkazy na r\u00f4zne verejn\u00e9 programy, rozhovory pre m\u00e9di\u00e1, konferencie, workshopy a semin\u00e1re so \u0160ri Matad\u017ei od roku 1970 do 2011. Kliknut\u00edm na zna\u010dku z\u00edskate viac inform\u00e1ci\u00ed, vr\u00e1tane audio a video odkazov na programy nahran\u00e9 na tomto mieste:<\/p>\n\t<p><iframe loading=\"lazy\" src=\"https:\/\/shrimataji.org\/map\/amruta_map_newest.html\" name=\"travel_frame\" width=\"100%\" height=\"500px\" scrolling=\"no\" allowfullscreen=\"allowfullscreen\"><\/iframe><\/p>\n\t<style>\n    form {\n        display: flex;\n        flex-wrap: wrap;\n        gap: 10px;\n    }\n    label {\n        flex: 1 100px;\n        text-align: right;\n        margin-right: 10px;\n        margin-left: 5px;\n    }\n    select {\n        width: 200px;\n        flex: 1;\n        max-width: 300px;\n        margin-right: 10px;\n        margin-left: 5px;        \n    }\n    .spacer {\n      margin-bottom: 20px;\n    }\n<\/style>\n<form id=\"filterForm\">\n    <label for=\"subtitle\">Video titulky:<\/label>\n    <select id=\"subtitle\" name=\"subtitle\">\n        <option value=\"all\">All<\/option>\n    <\/select>\n    <label for=\"country\">Krajina:<\/label>\n    <select id=\"country\" name=\"country\" onchange=\"populateCities(this)\">\n        <option value=\"all\">All<\/option>\n    <\/select>\n    <label for=\"city\">Mesto:<\/label>\n    <select id=\"city\" name=\"city\">\n        <option value=\"all\">All<\/option>\n    <\/select>\n    <label for=\"period\">Rok:<\/label>\n    <select id=\"period\" name=\"period\">\n        <option value=\"all\">All<\/option>\n    <\/select>\n    <label for=\"category\">Kateg\u00f3ria:<\/label>\n    <select id=\"category\" name=\"category\">\n        <option value=\"all\">All<\/option>\n        <option value=\"Public Program\">Public Program<\/option>\n        <option value=\"Conference\">Conference<\/option>\n        <option value=\"Interview\">Interview<\/option>\n    <\/select>\n        <a target=\"_self\" onclick=\"resetSelectFields()\">Nastavenia<\/a>\n    <!-- Add additional filter fields or submit button as needed -->\n<\/form>\n\n","protected":false},"excerpt":{"rendered":"<p>Programy pre verejnos\u0165 Cestovn\u00fd pl\u00e1n Od chv\u00edle, ke\u010f v roku 1970 zaviedla techniku Sahad\u017ea jogy, bola \u0160ri Matad\u017ei takmer neust\u00e1le na cest\u00e1ch, robila verejn\u00e9 programy, poskytovala rozhovory pre m\u00e9di\u00e1, vystupovala na medzin\u00e1rodn\u00fdch konferenci\u00e1ch a na semin\u00e1roch, zakladala mimovl\u00e1dne organiz\u00e1cie a tr\u00e1vila \u010das so svojou &#8220;svetovou&#8221; rodinou. Nebolo miesto, ktor\u00e9 by bolo pr\u00edli\u0161 vzdialen\u00e9 alebo pr\u00edli\u0161&hellip; <br \/> <a class=\"read-more\" href=\"https:\/\/shrimataji.org\/test\/sk\/programy-pre-verejnost\/\">Read more<\/a><\/p>\n","protected":false},"author":28,"featured_media":112,"parent":0,"menu_order":0,"comment_status":"closed","ping_status":"closed","template":"pro\/page-templates\/full-width-page.php","meta":{"inline_featured_image":false,"footnotes":""},"class_list":["post-12421","page","type-page","status-publish","has-post-thumbnail","hentry"],"yoast_head":"<!-- This site is optimized with the Yoast SEO plugin v27.4 - https:\/\/yoast.com\/product\/yoast-seo-wordpress\/ -->\n<title>Programy pre verejnos\u0165 - TEST - SMND<\/title>\n<meta name=\"robots\" content=\"noindex, follow, max-snippet:-1, max-image-preview:large, max-video-preview:-1\" \/>\n<meta property=\"og:locale\" content=\"en_US\" \/>\n<meta property=\"og:type\" content=\"article\" \/>\n<meta property=\"og:title\" content=\"Programy pre verejnos\u0165 - TEST - SMND\" \/>\n<meta property=\"og:description\" content=\"Programy pre verejnos\u0165 Cestovn\u00fd pl\u00e1n Od chv\u00edle, ke\u010f v roku 1970 zaviedla techniku Sahad\u017ea jogy, bola \u0160ri Matad\u017ei takmer neust\u00e1le na cest\u00e1ch, robila verejn\u00e9 programy, poskytovala rozhovory pre m\u00e9di\u00e1, vystupovala na medzin\u00e1rodn\u00fdch konferenci\u00e1ch a na semin\u00e1roch, zakladala mimovl\u00e1dne organiz\u00e1cie a tr\u00e1vila \u010das so svojou &#8220;svetovou&#8221; rodinou. Nebolo miesto, ktor\u00e9 by bolo pr\u00edli\u0161 vzdialen\u00e9 alebo pr\u00edli\u0161&hellip; Read more\" \/>\n<meta property=\"og:url\" content=\"https:\/\/shrimataji.org\/test\/sk\/programy-pre-verejnost\/\" \/>\n<meta property=\"og:site_name\" content=\"TEST - SMND\" \/>\n<meta property=\"article:publisher\" content=\"https:\/\/www.facebook.com\/shrimataji\" \/>\n<meta property=\"article:modified_time\" content=\"2026-02-04T19:52:49+00:00\" \/>\n<meta property=\"og:image\" content=\"https:\/\/shrimataji.org\/test\/wp-content\/uploads\/2018\/07\/media_originals\/images\/headers-general\/shri-mataji-nirmala-devi-traveling.jpg\" \/>\n\t<meta property=\"og:image:width\" content=\"990\" \/>\n\t<meta property=\"og:image:height\" content=\"350\" \/>\n\t<meta property=\"og:image:type\" content=\"image\/jpeg\" \/>\n<meta name=\"twitter:card\" content=\"summary_large_image\" \/>\n<meta name=\"twitter:site\" content=\"@shrimataji\" \/>\n<script type=\"application\/ld+json\" class=\"yoast-schema-graph\">{\"@context\":\"https:\\\/\\\/schema.org\",\"@graph\":[{\"@type\":\"WebPage\",\"@id\":\"https:\\\/\\\/shrimataji.org\\\/test\\\/sk\\\/programy-pre-verejnost\\\/\",\"url\":\"https:\\\/\\\/shrimataji.org\\\/test\\\/sk\\\/programy-pre-verejnost\\\/\",\"name\":\"Programy pre verejnos\u0165 - TEST - SMND\",\"isPartOf\":{\"@id\":\"https:\\\/\\\/shrimataji.org\\\/test\\\/#website\"},\"primaryImageOfPage\":{\"@id\":\"https:\\\/\\\/shrimataji.org\\\/test\\\/sk\\\/programy-pre-verejnost\\\/#primaryimage\"},\"image\":{\"@id\":\"https:\\\/\\\/shrimataji.org\\\/test\\\/sk\\\/programy-pre-verejnost\\\/#primaryimage\"},\"thumbnailUrl\":\"https:\\\/\\\/shrimataji.org\\\/test\\\/wp-content\\\/uploads\\\/2018\\\/07\\\/media_originals\\\/images\\\/headers-general\\\/shri-mataji-nirmala-devi-traveling.jpg\",\"datePublished\":\"2018-07-10T06:54:42+00:00\",\"dateModified\":\"2026-02-04T19:52:49+00:00\",\"breadcrumb\":{\"@id\":\"https:\\\/\\\/shrimataji.org\\\/test\\\/sk\\\/programy-pre-verejnost\\\/#breadcrumb\"},\"inLanguage\":\"en-US\",\"potentialAction\":[{\"@type\":\"ReadAction\",\"target\":[\"https:\\\/\\\/shrimataji.org\\\/test\\\/sk\\\/programy-pre-verejnost\\\/\"]}]},{\"@type\":\"ImageObject\",\"inLanguage\":\"en-US\",\"@id\":\"https:\\\/\\\/shrimataji.org\\\/test\\\/sk\\\/programy-pre-verejnost\\\/#primaryimage\",\"url\":\"https:\\\/\\\/shrimataji.org\\\/test\\\/wp-content\\\/uploads\\\/2018\\\/07\\\/media_originals\\\/images\\\/headers-general\\\/shri-mataji-nirmala-devi-traveling.jpg\",\"contentUrl\":\"https:\\\/\\\/shrimataji.org\\\/test\\\/wp-content\\\/uploads\\\/2018\\\/07\\\/media_originals\\\/images\\\/headers-general\\\/shri-mataji-nirmala-devi-traveling.jpg\",\"width\":990,\"height\":350},{\"@type\":\"BreadcrumbList\",\"@id\":\"https:\\\/\\\/shrimataji.org\\\/test\\\/sk\\\/programy-pre-verejnost\\\/#breadcrumb\",\"itemListElement\":[{\"@type\":\"ListItem\",\"position\":1,\"name\":\"Home\",\"item\":\"https:\\\/\\\/shrimataji.org\\\/test\\\/uk\\\/home-en\\\/\"},{\"@type\":\"ListItem\",\"position\":2,\"name\":\"Programy pre verejnos\u0165\"}]},{\"@type\":\"WebSite\",\"@id\":\"https:\\\/\\\/shrimataji.org\\\/test\\\/#website\",\"url\":\"https:\\\/\\\/shrimataji.org\\\/test\\\/\",\"name\":\"Shri Mataji Nirmala Devi\",\"description\":\"A Life Dedicated to Humanity\",\"publisher\":{\"@id\":\"https:\\\/\\\/shrimataji.org\\\/test\\\/#\\\/schema\\\/person\\\/a1b3419c6585f164aa96da1ff85715d1\"},\"potentialAction\":[{\"@type\":\"SearchAction\",\"target\":{\"@type\":\"EntryPoint\",\"urlTemplate\":\"https:\\\/\\\/shrimataji.org\\\/test\\\/?s={search_term_string}\"},\"query-input\":{\"@type\":\"PropertyValueSpecification\",\"valueRequired\":true,\"valueName\":\"search_term_string\"}}],\"inLanguage\":\"en-US\"},{\"@type\":[\"Person\",\"Organization\"],\"@id\":\"https:\\\/\\\/shrimataji.org\\\/test\\\/#\\\/schema\\\/person\\\/a1b3419c6585f164aa96da1ff85715d1\",\"name\":\"Nirmala Shrivastava\",\"image\":{\"@type\":\"ImageObject\",\"inLanguage\":\"en-US\",\"@id\":\"https:\\\/\\\/shrimataji.org\\\/test\\\/wp-content\\\/uploads\\\/2023\\\/02\\\/SMO_LOGO-03.svg\",\"url\":\"https:\\\/\\\/shrimataji.org\\\/test\\\/wp-content\\\/uploads\\\/2023\\\/02\\\/SMO_LOGO-03.svg\",\"contentUrl\":\"https:\\\/\\\/shrimataji.org\\\/test\\\/wp-content\\\/uploads\\\/2023\\\/02\\\/SMO_LOGO-03.svg\",\"width\":\"1024\",\"height\":\"1024\",\"caption\":\"Nirmala Shrivastava\"},\"logo\":{\"@id\":\"https:\\\/\\\/shrimataji.org\\\/test\\\/wp-content\\\/uploads\\\/2023\\\/02\\\/SMO_LOGO-03.svg\"},\"sameAs\":[\"https:\\\/\\\/shrimataji.org\\\/test\",\"https:\\\/\\\/www.facebook.com\\\/shrimataji\",\"https:\\\/\\\/x.com\\\/shrimataji\",\"https:\\\/\\\/www.youtube.com\\\/@Shri_Mataji_Nirmala_Devi\\\/featured\"]}]}<\/script>\n<!-- \/ Yoast SEO plugin. -->","yoast_head_json":{"title":"Programy pre verejnos\u0165 - TEST - SMND","robots":{"index":"noindex","follow":"follow","max-snippet":"max-snippet:-1","max-image-preview":"max-image-preview:large","max-video-preview":"max-video-preview:-1"},"og_locale":"en_US","og_type":"article","og_title":"Programy pre verejnos\u0165 - TEST - SMND","og_description":"Programy pre verejnos\u0165 Cestovn\u00fd pl\u00e1n Od chv\u00edle, ke\u010f v roku 1970 zaviedla techniku Sahad\u017ea jogy, bola \u0160ri Matad\u017ei takmer neust\u00e1le na cest\u00e1ch, robila verejn\u00e9 programy, poskytovala rozhovory pre m\u00e9di\u00e1, vystupovala na medzin\u00e1rodn\u00fdch konferenci\u00e1ch a na semin\u00e1roch, zakladala mimovl\u00e1dne organiz\u00e1cie a tr\u00e1vila \u010das so svojou &#8220;svetovou&#8221; rodinou. Nebolo miesto, ktor\u00e9 by bolo pr\u00edli\u0161 vzdialen\u00e9 alebo pr\u00edli\u0161&hellip; Read more","og_url":"https:\/\/shrimataji.org\/test\/sk\/programy-pre-verejnost\/","og_site_name":"TEST - SMND","article_publisher":"https:\/\/www.facebook.com\/shrimataji","article_modified_time":"2026-02-04T19:52:49+00:00","og_image":[{"width":990,"height":350,"url":"https:\/\/shrimataji.org\/test\/wp-content\/uploads\/2018\/07\/media_originals\/images\/headers-general\/shri-mataji-nirmala-devi-traveling.jpg","type":"image\/jpeg"}],"twitter_card":"summary_large_image","twitter_site":"@shrimataji","schema":{"@context":"https:\/\/schema.org","@graph":[{"@type":"WebPage","@id":"https:\/\/shrimataji.org\/test\/sk\/programy-pre-verejnost\/","url":"https:\/\/shrimataji.org\/test\/sk\/programy-pre-verejnost\/","name":"Programy pre verejnos\u0165 - TEST - SMND","isPartOf":{"@id":"https:\/\/shrimataji.org\/test\/#website"},"primaryImageOfPage":{"@id":"https:\/\/shrimataji.org\/test\/sk\/programy-pre-verejnost\/#primaryimage"},"image":{"@id":"https:\/\/shrimataji.org\/test\/sk\/programy-pre-verejnost\/#primaryimage"},"thumbnailUrl":"https:\/\/shrimataji.org\/test\/wp-content\/uploads\/2018\/07\/media_originals\/images\/headers-general\/shri-mataji-nirmala-devi-traveling.jpg","datePublished":"2018-07-10T06:54:42+00:00","dateModified":"2026-02-04T19:52:49+00:00","breadcrumb":{"@id":"https:\/\/shrimataji.org\/test\/sk\/programy-pre-verejnost\/#breadcrumb"},"inLanguage":"en-US","potentialAction":[{"@type":"ReadAction","target":["https:\/\/shrimataji.org\/test\/sk\/programy-pre-verejnost\/"]}]},{"@type":"ImageObject","inLanguage":"en-US","@id":"https:\/\/shrimataji.org\/test\/sk\/programy-pre-verejnost\/#primaryimage","url":"https:\/\/shrimataji.org\/test\/wp-content\/uploads\/2018\/07\/media_originals\/images\/headers-general\/shri-mataji-nirmala-devi-traveling.jpg","contentUrl":"https:\/\/shrimataji.org\/test\/wp-content\/uploads\/2018\/07\/media_originals\/images\/headers-general\/shri-mataji-nirmala-devi-traveling.jpg","width":990,"height":350},{"@type":"BreadcrumbList","@id":"https:\/\/shrimataji.org\/test\/sk\/programy-pre-verejnost\/#breadcrumb","itemListElement":[{"@type":"ListItem","position":1,"name":"Home","item":"https:\/\/shrimataji.org\/test\/uk\/home-en\/"},{"@type":"ListItem","position":2,"name":"Programy pre verejnos\u0165"}]},{"@type":"WebSite","@id":"https:\/\/shrimataji.org\/test\/#website","url":"https:\/\/shrimataji.org\/test\/","name":"Shri Mataji Nirmala Devi","description":"A Life Dedicated to Humanity","publisher":{"@id":"https:\/\/shrimataji.org\/test\/#\/schema\/person\/a1b3419c6585f164aa96da1ff85715d1"},"potentialAction":[{"@type":"SearchAction","target":{"@type":"EntryPoint","urlTemplate":"https:\/\/shrimataji.org\/test\/?s={search_term_string}"},"query-input":{"@type":"PropertyValueSpecification","valueRequired":true,"valueName":"search_term_string"}}],"inLanguage":"en-US"},{"@type":["Person","Organization"],"@id":"https:\/\/shrimataji.org\/test\/#\/schema\/person\/a1b3419c6585f164aa96da1ff85715d1","name":"Nirmala Shrivastava","image":{"@type":"ImageObject","inLanguage":"en-US","@id":"https:\/\/shrimataji.org\/test\/wp-content\/uploads\/2023\/02\/SMO_LOGO-03.svg","url":"https:\/\/shrimataji.org\/test\/wp-content\/uploads\/2023\/02\/SMO_LOGO-03.svg","contentUrl":"https:\/\/shrimataji.org\/test\/wp-content\/uploads\/2023\/02\/SMO_LOGO-03.svg","width":"1024","height":"1024","caption":"Nirmala Shrivastava"},"logo":{"@id":"https:\/\/shrimataji.org\/test\/wp-content\/uploads\/2023\/02\/SMO_LOGO-03.svg"},"sameAs":["https:\/\/shrimataji.org\/test","https:\/\/www.facebook.com\/shrimataji","https:\/\/x.com\/shrimataji","https:\/\/www.youtube.com\/@Shri_Mataji_Nirmala_Devi\/featured"]}]}},"lang":"sk","translations":{"sk":12421,"ur":37483,"en":394,"pa":25899,"gu":25502,"th":20032,"hu":19544,"sq":18459,"zh":17356,"tr":10198,"pt":10408,"de":10682,"fr":10780,"it":10878,"es":10975,"ja":11272,"ru":11460,"bn":11652,"te":11760,"sw":11883,"he":12031,"pl":12064,"el":12323,"fa":12519,"fi":12617,"bg":13467,"ro":14539,"cs":14732,"nl":16619,"ku":16779,"ar":16955,"be":18666,"kn":18940,"mr":20396,"uk":20690,"ml":20985,"ta":22777,"sv":23047,"bs":27290,"fil":29495,"sd":31002,"da":37794,"nn":38346},"pll_sync_post":[],"_links":{"self":[{"href":"https:\/\/shrimataji.org\/test\/wp-json\/wp\/v2\/pages\/12421","targetHints":{"allow":["GET"]}}],"collection":[{"href":"https:\/\/shrimataji.org\/test\/wp-json\/wp\/v2\/pages"}],"about":[{"href":"https:\/\/shrimataji.org\/test\/wp-json\/wp\/v2\/types\/page"}],"author":[{"embeddable":true,"href":"https:\/\/shrimataji.org\/test\/wp-json\/wp\/v2\/users\/28"}],"replies":[{"embeddable":true,"href":"https:\/\/shrimataji.org\/test\/wp-json\/wp\/v2\/comments?post=12421"}],"version-history":[{"count":0,"href":"https:\/\/shrimataji.org\/test\/wp-json\/wp\/v2\/pages\/12421\/revisions"}],"wp:featuredmedia":[{"embeddable":true,"href":"https:\/\/shrimataji.org\/test\/wp-json\/wp\/v2\/media\/112"}],"wp:attachment":[{"href":"https:\/\/shrimataji.org\/test\/wp-json\/wp\/v2\/media?parent=12421"}],"curies":[{"name":"wp","href":"https:\/\/api.w.org\/{rel}","templated":true}]}}