{"id":12422,"date":"2018-07-10T06:54:46","date_gmt":"2018-07-10T06:54:46","guid":{"rendered":"http:\/\/testwordpress.nirmalnagari.org\/smnd\/index.php\/reading-room\/"},"modified":"2026-02-04T19:13:50","modified_gmt":"2026-02-04T19:13:50","slug":"citaren","status":"publish","type":"page","link":"https:\/\/shrimataji.org\/test\/sk\/citaren\/","title":{"rendered":"\u010cit\u00e1re\u0148"},"content":{"rendered":"\n\n\t<h1>\u010cit\u00e1re\u0148<\/h1>\n\t<h4>Zo v\u0161etk\u00fdch odkazov \u0160ri Matad\u017ei je azda najv\u00e4\u010d\u0161ia rosiahla zbierka jej predn\u00e1\u0161ok, rozhovorov pre tla\u010d, kn\u00edh a tvoriv\u00fdch diel, ktor\u00e9 s\u00fa teraz digit\u00e1lne uchov\u00e1van\u00e9 v pre bud\u00face gener\u00e1cie.<\/h4>\n\t<p>Od roku 1970 a\u017e do svojej smrti 2011 cestovala po \u0161iestich kontinentoch a \u0161\u00edrila odkaz, \u017ee Sebarealiz\u00e1cia je pr\u00edstupn\u00e1 ka\u017ed\u00e9mu, bez oh\u013eadu na jeho p\u00f4vod, alebo duchovn\u00fa orient\u00e1ciu. Jej matersk\u00e1 povaha mala \u010faleko od tradi\u010dn\u00e9ho, pr\u00edsneho, stroh\u00e9ho gurua a svoje poznanie pon\u00fakala zo srdca. Jej predn\u00e1\u0161ky a spisy s\u00fa pln\u00e9 m\u00fadrosti a praktick\u00fdch r\u00e1d na t\u00e9my, ktor\u00e9 siahaj\u00fa od v\u00fdchovy det\u00ed cez po\u013enohospod\u00e1rstvo a finan\u010dn\u00fd mana\u017ement, a\u017e po ve\u013ek\u00fd \u013eudsk\u00fd potenci\u00e1l duchovne r\u00e1s\u0165.<\/p>\n<figure itemscope itemtype=\"https:\/\/schema.org\/ImageObject\">\n\t\t\t\t<img decoding=\"async\" src=\"https:\/\/shrimataji.org\/test\/wp-content\/uploads\/2026\/01\/SK_shri-mataji-smiling-while-reading-a-book-in-india.jpg\" alt=\"\u0160ri Matad\u017ei v Indii\" height=\"318\" width=\"500\" title=\"SK_shri-mataji-smiling-while-reading-a-book-in-india\" onerror=\"this.style.display='none'\" loading=\"lazy\" \/>\n\t\t<figcaption>\u0160ri Matad\u017ei v Indii<\/figcaption>\n\t<\/figure>\n\t<p>Tu je nieko\u013eko \u00faryvkov z tejto bohatej a rozsiahlej zbierky textov. \u010citate\u013e si m\u00f4\u017ee v\u0161imn\u00fa\u0165, \u017ee \u0160ri Matad\u017ei mala jedine\u010dn\u00fd, autentick\u00fd jazyk, ktor\u00fd nebol upravovan\u00fd.<\/p>\n\n","protected":false},"excerpt":{"rendered":"<p>\u010cit\u00e1re\u0148 Zo v\u0161etk\u00fdch odkazov \u0160ri Matad\u017ei je azda najv\u00e4\u010d\u0161ia rosiahla zbierka jej predn\u00e1\u0161ok, rozhovorov pre tla\u010d, kn\u00edh a tvoriv\u00fdch diel, ktor\u00e9 s\u00fa teraz digit\u00e1lne uchov\u00e1van\u00e9 v pre bud\u00face gener\u00e1cie. Od roku 1970 a\u017e do svojej smrti 2011 cestovala po \u0161iestich kontinentoch a \u0161\u00edrila odkaz, \u017ee Sebarealiz\u00e1cia je pr\u00edstupn\u00e1 ka\u017ed\u00e9mu, bez oh\u013eadu na jeho p\u00f4vod, alebo&hellip; <br \/> <a class=\"read-more\" href=\"https:\/\/shrimataji.org\/test\/sk\/citaren\/\">Read more<\/a><\/p>\n","protected":false},"author":28,"featured_media":113,"parent":0,"menu_order":0,"comment_status":"closed","ping_status":"closed","template":"","meta":{"inline_featured_image":false,"footnotes":""},"class_list":["post-12422","page","type-page","status-publish","has-post-thumbnail","hentry"],"yoast_head":"<!-- This site is optimized with the Yoast SEO plugin v27.4 - https:\/\/yoast.com\/product\/yoast-seo-wordpress\/ -->\n<title>\u010cit\u00e1re\u0148 - TEST - SMND<\/title>\n<meta name=\"robots\" content=\"noindex, follow, max-snippet:-1, max-image-preview:large, max-video-preview:-1\" \/>\n<meta property=\"og:locale\" content=\"en_US\" \/>\n<meta property=\"og:type\" content=\"article\" \/>\n<meta property=\"og:title\" content=\"\u010cit\u00e1re\u0148 - TEST - SMND\" \/>\n<meta property=\"og:description\" content=\"\u010cit\u00e1re\u0148 Zo v\u0161etk\u00fdch odkazov \u0160ri Matad\u017ei je azda najv\u00e4\u010d\u0161ia rosiahla zbierka jej predn\u00e1\u0161ok, rozhovorov pre tla\u010d, kn\u00edh a tvoriv\u00fdch diel, ktor\u00e9 s\u00fa teraz digit\u00e1lne uchov\u00e1van\u00e9 v pre bud\u00face gener\u00e1cie. Od roku 1970 a\u017e do svojej smrti 2011 cestovala po \u0161iestich kontinentoch a \u0161\u00edrila odkaz, \u017ee Sebarealiz\u00e1cia je pr\u00edstupn\u00e1 ka\u017ed\u00e9mu, bez oh\u013eadu na jeho p\u00f4vod, alebo&hellip; Read more\" \/>\n<meta property=\"og:url\" content=\"https:\/\/shrimataji.org\/test\/sk\/citaren\/\" \/>\n<meta property=\"og:site_name\" content=\"TEST - SMND\" \/>\n<meta property=\"article:publisher\" content=\"https:\/\/www.facebook.com\/shrimataji\" \/>\n<meta property=\"article:modified_time\" content=\"2026-02-04T19:13:50+00:00\" \/>\n<meta property=\"og:image\" content=\"https:\/\/shrimataji.org\/test\/wp-content\/uploads\/2018\/07\/media_originals\/images\/headers-general\/shri-mataji-nirmala-devi-teaching-sahaja-yoga-meditation.jpg\" \/>\n\t<meta property=\"og:image:width\" content=\"990\" \/>\n\t<meta property=\"og:image:height\" content=\"350\" \/>\n\t<meta property=\"og:image:type\" content=\"image\/jpeg\" \/>\n<meta name=\"twitter:card\" content=\"summary_large_image\" \/>\n<meta name=\"twitter:site\" content=\"@shrimataji\" \/>\n<script type=\"application\/ld+json\" class=\"yoast-schema-graph\">{\"@context\":\"https:\\\/\\\/schema.org\",\"@graph\":[{\"@type\":\"WebPage\",\"@id\":\"https:\\\/\\\/shrimataji.org\\\/test\\\/sk\\\/citaren\\\/\",\"url\":\"https:\\\/\\\/shrimataji.org\\\/test\\\/sk\\\/citaren\\\/\",\"name\":\"\u010cit\u00e1re\u0148 - TEST - SMND\",\"isPartOf\":{\"@id\":\"https:\\\/\\\/shrimataji.org\\\/test\\\/#website\"},\"primaryImageOfPage\":{\"@id\":\"https:\\\/\\\/shrimataji.org\\\/test\\\/sk\\\/citaren\\\/#primaryimage\"},\"image\":{\"@id\":\"https:\\\/\\\/shrimataji.org\\\/test\\\/sk\\\/citaren\\\/#primaryimage\"},\"thumbnailUrl\":\"https:\\\/\\\/shrimataji.org\\\/test\\\/wp-content\\\/uploads\\\/2018\\\/07\\\/media_originals\\\/images\\\/headers-general\\\/shri-mataji-nirmala-devi-teaching-sahaja-yoga-meditation.jpg\",\"datePublished\":\"2018-07-10T06:54:46+00:00\",\"dateModified\":\"2026-02-04T19:13:50+00:00\",\"breadcrumb\":{\"@id\":\"https:\\\/\\\/shrimataji.org\\\/test\\\/sk\\\/citaren\\\/#breadcrumb\"},\"inLanguage\":\"en-US\",\"potentialAction\":[{\"@type\":\"ReadAction\",\"target\":[\"https:\\\/\\\/shrimataji.org\\\/test\\\/sk\\\/citaren\\\/\"]}]},{\"@type\":\"ImageObject\",\"inLanguage\":\"en-US\",\"@id\":\"https:\\\/\\\/shrimataji.org\\\/test\\\/sk\\\/citaren\\\/#primaryimage\",\"url\":\"https:\\\/\\\/shrimataji.org\\\/test\\\/wp-content\\\/uploads\\\/2018\\\/07\\\/media_originals\\\/images\\\/headers-general\\\/shri-mataji-nirmala-devi-teaching-sahaja-yoga-meditation.jpg\",\"contentUrl\":\"https:\\\/\\\/shrimataji.org\\\/test\\\/wp-content\\\/uploads\\\/2018\\\/07\\\/media_originals\\\/images\\\/headers-general\\\/shri-mataji-nirmala-devi-teaching-sahaja-yoga-meditation.jpg\",\"width\":990,\"height\":350},{\"@type\":\"BreadcrumbList\",\"@id\":\"https:\\\/\\\/shrimataji.org\\\/test\\\/sk\\\/citaren\\\/#breadcrumb\",\"itemListElement\":[{\"@type\":\"ListItem\",\"position\":1,\"name\":\"Home\",\"item\":\"https:\\\/\\\/shrimataji.org\\\/test\\\/uk\\\/home-en\\\/\"},{\"@type\":\"ListItem\",\"position\":2,\"name\":\"\u010cit\u00e1re\u0148\"}]},{\"@type\":\"WebSite\",\"@id\":\"https:\\\/\\\/shrimataji.org\\\/test\\\/#website\",\"url\":\"https:\\\/\\\/shrimataji.org\\\/test\\\/\",\"name\":\"Shri Mataji Nirmala Devi\",\"description\":\"A Life Dedicated to Humanity\",\"publisher\":{\"@id\":\"https:\\\/\\\/shrimataji.org\\\/test\\\/#\\\/schema\\\/person\\\/a1b3419c6585f164aa96da1ff85715d1\"},\"potentialAction\":[{\"@type\":\"SearchAction\",\"target\":{\"@type\":\"EntryPoint\",\"urlTemplate\":\"https:\\\/\\\/shrimataji.org\\\/test\\\/?s={search_term_string}\"},\"query-input\":{\"@type\":\"PropertyValueSpecification\",\"valueRequired\":true,\"valueName\":\"search_term_string\"}}],\"inLanguage\":\"en-US\"},{\"@type\":[\"Person\",\"Organization\"],\"@id\":\"https:\\\/\\\/shrimataji.org\\\/test\\\/#\\\/schema\\\/person\\\/a1b3419c6585f164aa96da1ff85715d1\",\"name\":\"Nirmala Shrivastava\",\"image\":{\"@type\":\"ImageObject\",\"inLanguage\":\"en-US\",\"@id\":\"https:\\\/\\\/shrimataji.org\\\/test\\\/wp-content\\\/uploads\\\/2023\\\/02\\\/SMO_LOGO-03.svg\",\"url\":\"https:\\\/\\\/shrimataji.org\\\/test\\\/wp-content\\\/uploads\\\/2023\\\/02\\\/SMO_LOGO-03.svg\",\"contentUrl\":\"https:\\\/\\\/shrimataji.org\\\/test\\\/wp-content\\\/uploads\\\/2023\\\/02\\\/SMO_LOGO-03.svg\",\"width\":\"1024\",\"height\":\"1024\",\"caption\":\"Nirmala Shrivastava\"},\"logo\":{\"@id\":\"https:\\\/\\\/shrimataji.org\\\/test\\\/wp-content\\\/uploads\\\/2023\\\/02\\\/SMO_LOGO-03.svg\"},\"sameAs\":[\"https:\\\/\\\/shrimataji.org\\\/test\",\"https:\\\/\\\/www.facebook.com\\\/shrimataji\",\"https:\\\/\\\/x.com\\\/shrimataji\",\"https:\\\/\\\/www.youtube.com\\\/@Shri_Mataji_Nirmala_Devi\\\/featured\"]}]}<\/script>\n<!-- \/ Yoast SEO plugin. -->","yoast_head_json":{"title":"\u010cit\u00e1re\u0148 - TEST - SMND","robots":{"index":"noindex","follow":"follow","max-snippet":"max-snippet:-1","max-image-preview":"max-image-preview:large","max-video-preview":"max-video-preview:-1"},"og_locale":"en_US","og_type":"article","og_title":"\u010cit\u00e1re\u0148 - TEST - SMND","og_description":"\u010cit\u00e1re\u0148 Zo v\u0161etk\u00fdch odkazov \u0160ri Matad\u017ei je azda najv\u00e4\u010d\u0161ia rosiahla zbierka jej predn\u00e1\u0161ok, rozhovorov pre tla\u010d, kn\u00edh a tvoriv\u00fdch diel, ktor\u00e9 s\u00fa teraz digit\u00e1lne uchov\u00e1van\u00e9 v pre bud\u00face gener\u00e1cie. Od roku 1970 a\u017e do svojej smrti 2011 cestovala po \u0161iestich kontinentoch a \u0161\u00edrila odkaz, \u017ee Sebarealiz\u00e1cia je pr\u00edstupn\u00e1 ka\u017ed\u00e9mu, bez oh\u013eadu na jeho p\u00f4vod, alebo&hellip; Read more","og_url":"https:\/\/shrimataji.org\/test\/sk\/citaren\/","og_site_name":"TEST - SMND","article_publisher":"https:\/\/www.facebook.com\/shrimataji","article_modified_time":"2026-02-04T19:13:50+00:00","og_image":[{"width":990,"height":350,"url":"https:\/\/shrimataji.org\/test\/wp-content\/uploads\/2018\/07\/media_originals\/images\/headers-general\/shri-mataji-nirmala-devi-teaching-sahaja-yoga-meditation.jpg","type":"image\/jpeg"}],"twitter_card":"summary_large_image","twitter_site":"@shrimataji","schema":{"@context":"https:\/\/schema.org","@graph":[{"@type":"WebPage","@id":"https:\/\/shrimataji.org\/test\/sk\/citaren\/","url":"https:\/\/shrimataji.org\/test\/sk\/citaren\/","name":"\u010cit\u00e1re\u0148 - TEST - SMND","isPartOf":{"@id":"https:\/\/shrimataji.org\/test\/#website"},"primaryImageOfPage":{"@id":"https:\/\/shrimataji.org\/test\/sk\/citaren\/#primaryimage"},"image":{"@id":"https:\/\/shrimataji.org\/test\/sk\/citaren\/#primaryimage"},"thumbnailUrl":"https:\/\/shrimataji.org\/test\/wp-content\/uploads\/2018\/07\/media_originals\/images\/headers-general\/shri-mataji-nirmala-devi-teaching-sahaja-yoga-meditation.jpg","datePublished":"2018-07-10T06:54:46+00:00","dateModified":"2026-02-04T19:13:50+00:00","breadcrumb":{"@id":"https:\/\/shrimataji.org\/test\/sk\/citaren\/#breadcrumb"},"inLanguage":"en-US","potentialAction":[{"@type":"ReadAction","target":["https:\/\/shrimataji.org\/test\/sk\/citaren\/"]}]},{"@type":"ImageObject","inLanguage":"en-US","@id":"https:\/\/shrimataji.org\/test\/sk\/citaren\/#primaryimage","url":"https:\/\/shrimataji.org\/test\/wp-content\/uploads\/2018\/07\/media_originals\/images\/headers-general\/shri-mataji-nirmala-devi-teaching-sahaja-yoga-meditation.jpg","contentUrl":"https:\/\/shrimataji.org\/test\/wp-content\/uploads\/2018\/07\/media_originals\/images\/headers-general\/shri-mataji-nirmala-devi-teaching-sahaja-yoga-meditation.jpg","width":990,"height":350},{"@type":"BreadcrumbList","@id":"https:\/\/shrimataji.org\/test\/sk\/citaren\/#breadcrumb","itemListElement":[{"@type":"ListItem","position":1,"name":"Home","item":"https:\/\/shrimataji.org\/test\/uk\/home-en\/"},{"@type":"ListItem","position":2,"name":"\u010cit\u00e1re\u0148"}]},{"@type":"WebSite","@id":"https:\/\/shrimataji.org\/test\/#website","url":"https:\/\/shrimataji.org\/test\/","name":"Shri Mataji Nirmala Devi","description":"A Life Dedicated to Humanity","publisher":{"@id":"https:\/\/shrimataji.org\/test\/#\/schema\/person\/a1b3419c6585f164aa96da1ff85715d1"},"potentialAction":[{"@type":"SearchAction","target":{"@type":"EntryPoint","urlTemplate":"https:\/\/shrimataji.org\/test\/?s={search_term_string}"},"query-input":{"@type":"PropertyValueSpecification","valueRequired":true,"valueName":"search_term_string"}}],"inLanguage":"en-US"},{"@type":["Person","Organization"],"@id":"https:\/\/shrimataji.org\/test\/#\/schema\/person\/a1b3419c6585f164aa96da1ff85715d1","name":"Nirmala Shrivastava","image":{"@type":"ImageObject","inLanguage":"en-US","@id":"https:\/\/shrimataji.org\/test\/wp-content\/uploads\/2023\/02\/SMO_LOGO-03.svg","url":"https:\/\/shrimataji.org\/test\/wp-content\/uploads\/2023\/02\/SMO_LOGO-03.svg","contentUrl":"https:\/\/shrimataji.org\/test\/wp-content\/uploads\/2023\/02\/SMO_LOGO-03.svg","width":"1024","height":"1024","caption":"Nirmala Shrivastava"},"logo":{"@id":"https:\/\/shrimataji.org\/test\/wp-content\/uploads\/2023\/02\/SMO_LOGO-03.svg"},"sameAs":["https:\/\/shrimataji.org\/test","https:\/\/www.facebook.com\/shrimataji","https:\/\/x.com\/shrimataji","https:\/\/www.youtube.com\/@Shri_Mataji_Nirmala_Devi\/featured"]}]}},"lang":"sk","translations":{"sk":12422,"ur":37485,"en":415,"am":18060,"th":20035,"hu":19546,"sq":18461,"zh":17358,"tr":10199,"pt":10409,"de":10683,"fr":10781,"it":10879,"es":10976,"ja":11274,"ru":11462,"bn":11653,"te":11761,"sw":11884,"he":12032,"el":12324,"fa":12520,"fi":12618,"bg":13455,"ro":14529,"cs":14722,"nl":16621,"ku":16781,"ar":16957,"be":18668,"kn":18942,"mr":20399,"uk":20693,"ml":20988,"ta":22779,"sv":23049,"gu":28891,"pa":29051,"fil":29497,"da":37796,"pl":38006,"nn":38348},"pll_sync_post":[],"_links":{"self":[{"href":"https:\/\/shrimataji.org\/test\/wp-json\/wp\/v2\/pages\/12422","targetHints":{"allow":["GET"]}}],"collection":[{"href":"https:\/\/shrimataji.org\/test\/wp-json\/wp\/v2\/pages"}],"about":[{"href":"https:\/\/shrimataji.org\/test\/wp-json\/wp\/v2\/types\/page"}],"author":[{"embeddable":true,"href":"https:\/\/shrimataji.org\/test\/wp-json\/wp\/v2\/users\/28"}],"replies":[{"embeddable":true,"href":"https:\/\/shrimataji.org\/test\/wp-json\/wp\/v2\/comments?post=12422"}],"version-history":[{"count":0,"href":"https:\/\/shrimataji.org\/test\/wp-json\/wp\/v2\/pages\/12422\/revisions"}],"wp:featuredmedia":[{"embeddable":true,"href":"https:\/\/shrimataji.org\/test\/wp-json\/wp\/v2\/media\/113"}],"wp:attachment":[{"href":"https:\/\/shrimataji.org\/test\/wp-json\/wp\/v2\/media?parent=12422"}],"curies":[{"name":"wp","href":"https:\/\/api.w.org\/{rel}","templated":true}]}}