{"id":12424,"date":"2020-04-20T17:46:08","date_gmt":"2020-04-20T17:46:08","guid":{"rendered":"https:\/\/testwordpress.nirmalnagari.org\/smnd\/?page_id=3434"},"modified":"2026-03-12T10:44:44","modified_gmt":"2026-03-12T10:44:44","slug":"sahadza-joga","status":"publish","type":"page","link":"https:\/\/shrimataji.org\/test\/sk\/sahadza-joga\/","title":{"rendered":"Sahad\u017ea joga"},"content":{"rendered":"\n\n\t<h1>Sahad\u017ea joga<\/h1>\n<h2>Vn\u00fatorn\u00e9 prebudenie cez Sebarealiz\u00e1ciu a medit\u00e1ciu<\/h2>\n<h4>V\u010faka uskuto\u010dneniu Sebarealiz\u00e1cie v na\u0161om centr\u00e1lnom nervovom syst\u00e9me priniesla \u0160r\u00ed Matad\u017ei Nirmala Devi revol\u00faciu do praktizovania jogy. V hist\u00f3rii duchovnosti je \u0160r\u00ed Matad\u017ei prvou a jedinou osobnos\u0165ou, ktor\u00e1 pon\u00fakla sk\u00fasenos\u0165 Sebarealiz\u00e1cie v masovom mer\u00edtku. Vyhl\u00e1sila, \u017ee z\u00edskanie Sebarealiz\u00e1cie je vroden\u00fdm pr\u00e1vom ka\u017ed\u00e9ho \u010dloveka bez oh\u013eadu na n\u00e1bo\u017eenstvo, rasu, n\u00e1rodnos\u0165 \u010di in\u00e9 okolnosti. Tie\u017e trvala na tom, \u017ee nemo\u017eno plati\u0165 za pravdu a sebapoznanie, a preto bola Sebarealiz\u00e1cia pon\u00fakan\u00e1 v\u017edy bezplatne a tak je to i teraz.<\/h4>\n<p>\u0160r\u00ed Matad\u017ei sa narodila s \u00faplnou Sebarealiz\u00e1ciou a hne\u010f od \u00fatleho detstva sa chcela o tento dar s ka\u017ed\u00fdm podeli\u0165. Bol to jej otec, ktor\u00fd v nej vypozoroval duchovn\u00e9 schopnosti a poradil jej, aby najsk\u00f4r na\u0161la sp\u00f4sob masovej Sebarealiz\u00e1cie, v\u010faka ktor\u00e9mu m\u00f4\u017ee oslovi\u0165 \u0161irok\u00e9 publikum pre ich dobro. In\u0161pirovalo ju to k \u0161t\u00fadiu \u013eud\u00ed po\u010das \u0161tyridsiatich siedmich rokov, ke\u010f medzi nimi \u017eila. A\u017e po tom, ke\u010f bola dostato\u010dne obozn\u00e1men\u00e1 so v\u0161etk\u00fdmi permut\u00e1ciami a kombin\u00e1ciami \u013eudskej mysle, sa nakoniec rozhodla otvori\u0165 <a href=\"https:\/\/shrimataji.org\/test\/sk\/sahasrara-cakra\/\" target=\"_blank\" rel=\"noopener\">Sahasr\u00e1ra \u010dakru<\/a> (siedme duchovn\u00e9 centrum na vrchole hlavy) vo svojej bytosti. T\u00e1to udalos\u0165 jej umo\u017enila naplni\u0165 svoju \u017eivotn\u00fa \u00falohu &#8211; rozvin\u00fa\u0165 a propagova\u0165 masov\u00fa Sebarealiz\u00e1ciu a prax medit\u00e1cie Sahad\u017ea jogy.<\/p>\n<p><a href=\"https:\/\/shrimataji.org\/test\/sk\/klucovy-okamih\/\" target=\"_blank\" rel=\"noopener\">5. m\u00e1j 1970<\/a> bol historick\u00fdm prelomom v duchovnej evol\u00facii \u013eudstva. Dostupnos\u0165 vn\u00fatorn\u00e9ho prebudenia pomocou Sebarealiz\u00e1cie a pravej medit\u00e1cie u\u017e viac nebola obmedzen\u00e1 len na p\u00e1r horliv\u00fdch majstrov jogy. Vn\u00fatorn\u00e9 prebudenie sa stalo dostupn\u00e9 \u0161irokej verejnosti, ka\u017ed\u00e9mu, kto h\u013eadal odpovede na to, ako dosiahnu\u0165 vy\u0161\u0161ie vedomie. Uskuto\u010dnen\u00edm Sebarealiz\u00e1cie hne\u010f na samom za\u010diatku priniesla \u0160r\u00ed Matad\u017ei jedine\u010dn\u00fa zmenu do praktizovania jogy. V minulosti to bolo mo\u017en\u00e9 len ve\u013emi v\u00fdnimo\u010dne. Nebolo to mo\u017en\u00e9 dokonca ani po d\u00f4slednom praktizovan\u00ed jogy pod veden\u00edm gurua po mnoho, mo\u017eno a\u017e desiatok rokov. \u0160r\u00ed Matad\u017ei odhalila, \u017ee \u013eudsk\u00e9 vedomie dosiahlo svoj vrchol v evolu\u010dnom procese a bolo dostato\u010dne zrel\u00e9 na prijatie spont\u00e1nnej Sebarealiz\u00e1cie. Autorizovan\u00fd majster mohol prebudi\u0165 spiacu prap\u00f4vodn\u00fa duchovn\u00fa energiu <a href=\"https:\/\/shrimataji.org\/test\/sk\/kundaliny\/\" target=\"_blank\" rel=\"noopener\">Kundalini \u0161akti<\/a> (v sanskrite slovo Kundalini znamen\u00e1 sto\u010den\u00e1 energia v\u0161eprenikaj\u00facej bo\u017eskej sily), ktor\u00e1 s\u00eddli v spodnej \u010dasti chrbtice.<\/p>\n<p>\u0160r\u00ed Matad\u017ei po\u010das nasledovn\u00fdch \u0161tyroch dek\u00e1d vytvorila medita\u010dn\u00fa prax Sahad\u017ea jogy. Ka\u017ed\u00fd bez oh\u013eadu na svoj kul\u00farny \u010di n\u00e1bo\u017eensk\u00fd p\u00f4vod, svoj vek, \u010di vzdelanie mohol \u013eahko praktizova\u0165 t\u00fato formu medit\u00e1cie. Naviac mnoh\u00ed, ktor\u00ed sa upevnili v Sahad\u017ea joge, mohli \u013eahko odovzd\u00e1va\u0165 tento hlbok\u00fd dar Sebarealiz\u00e1cie in\u00fdm. Rovnako ako zap\u00e1len\u00e1 svie\u010dka m\u00f4\u017ee odovzda\u0165 svetlo \u010fal\u0161\u00edm svie\u010dkam. \u0160r\u00ed Matad\u017ei jasne zd\u00f4raznila, \u017ee za d\u00e1vanie Sebarealiz\u00e1cie druh\u00fdm alebo za u\u010denie o Sahad\u017ea joge nemo\u017eno bra\u0165 \u017eiadne peniaze. Ona osobne si nikdy ni\u010d ne\u00fa\u010dtovala za odovzd\u00e1vanie tohto vn\u00fatorn\u00e9ho daru. T\u00fdmto boli polo\u017een\u00e9 z\u00e1klady pravej masovej Sebarealiz\u00e1cie, ktor\u00fa predpovedal jej otec, ke\u010f bola e\u0161te mal\u00fdm die\u0165a\u0165om.<\/p>\n<p><a href=\"https:\/\/shrimataji.org\/test\/sk\/meditacia-sahadza-jogy\/\" target=\"_blank\" rel=\"noopener\">Medit\u00e1cia pod\u013ea Sahad\u017ea jogy<\/a> je jednoduch\u00e1, nen\u00e1ro\u010dn\u00e1 technika, ktor\u00fa rozvinula \u0160r\u00ed Matad\u017ei na udr\u017eanie vn\u00fatorn\u00e9ho prebudenia z\u00edskan\u00e9ho uskuto\u010dnen\u00edm <a href=\"https:\/\/shrimataji.org\/test\/sk\/sebarealizacia-a-meditacia\/\" target=\"_blank\" rel=\"noopener\">Sebarealiz\u00e1cie<\/a>. Slovo \u201esahad\u017ea&#8221; znamen\u00e1 \u201espont\u00e1nny&#8221;, ale aj \u201evroden\u00fd&#8221;, \u010do opisuje t\u00fato subt\u00edlnu energiu (Kundalini), ktor\u00e1 existuje v ka\u017edom \u010dloveku. Joga, na rozdiel od v\u0161eobecn\u00e9ho ch\u00e1pania ako s\u00e9rie cvi\u010den\u00ed \u010di poz\u00edci\u00ed, je v skuto\u010dnosti \u201espojenie, zjednotenie, splynutie&#8221;. Cie\u013eom jogy je, aby si jednotlivec uvedomil svoju prav\u00fa podstatu, svoje \u201e<a href=\"https:\/\/shrimataji.org\/test\/sk\/atma-sk\/\" target=\"_blank\" rel=\"noopener\">Atma<\/a>&#8221; (v sanskrite to znamen\u00e1 odraz v\u0161eprenikaj\u00faceho Ducha) a dosiahol \u00fapln\u00fa jednotu s t\u00fdmto nov\u00fdm vedom\u00edm. M\u00f4\u017eeme poveda\u0165, \u017ee tak, ako sa kvapka vody rozpust\u00ed v oce\u00e1ne, individu\u00e1lne vedomie sa rozpust\u00ed v kolekt\u00edvnom vedom\u00ed. Ke\u010f nastane toto spojenie, zjednocuj\u00faca sila Kundalini d\u00e1va rovnov\u00e1hu a mier na individu\u00e1lnej a kolekt\u00edvnej \u00farovni.<\/p>\n<p>&nbsp;<\/p>\n<div class=\"su-quote su-quote-style-default\"><div class=\"su-quote-inner su-u-clearfix su-u-trim\">V\u00fdznam \u201eSahad\u017ea joga&#8221; m\u00f4\u017eeme lep\u0161ie pochopi\u0165, ak slov\u00e1 rozdel\u00edme na \u010dasti, ako: \u201eSaha&#8221;, \u010do znamen\u00e1 \u201es&#8221;, a \u201ed\u017ea&#8221; znamen\u00e1 \u201enaroden\u00fd&#8221; a \u201ejoga&#8221; je \u201ejednota&#8221; alebo \u201etechnika&#8221;. Tak\u017ee \u201eSahad\u017ea joga&#8221; znamen\u00e1, \u017ee technika v\u00fdvoja je vroden\u00e1 v ka\u017edom z n\u00e1s.<\/div><\/div>\n\t\t<img decoding=\"async\" data-spai-excluded=\"true\" loading=\"lazy\"  alt=\"YouTube player\"  src=\"https:\/\/i.ytimg.com\/vi\/0isS36I-zu8\/maxresdefault.jpg\"  \/><button aria-label=\"Play\"><\/button><meta itemprop=\"embedUrl\" content=\"https:\/\/www.youtube.com\/embed\/0isS36I-zu8\"\/><meta itemprop=\"name\" content=\"Sahaja Yoga is your birthright\"\/><meta itemprop=\"description\" content=\"YouTube video\"\/><meta itemprop=\"thumbnailUrl\" content=\"https:\/\/i.ytimg.com\/vi\/0isS36I-zu8\/0.jpg\"\/><meta itemprop=\"duration\" content=\"PT1M44S\"\/><meta itemprop=\"uploadDate\" content=\"2022-11-12T03:16:18Z\"\/>\t\n\n","protected":false},"excerpt":{"rendered":"<p>Sahad\u017ea joga Vn\u00fatorn\u00e9 prebudenie cez Sebarealiz\u00e1ciu a medit\u00e1ciu V\u010faka uskuto\u010dneniu Sebarealiz\u00e1cie v na\u0161om centr\u00e1lnom nervovom syst\u00e9me priniesla \u0160r\u00ed Matad\u017ei Nirmala Devi revol\u00faciu do praktizovania jogy. V hist\u00f3rii duchovnosti je \u0160r\u00ed Matad\u017ei prvou a jedinou osobnos\u0165ou, ktor\u00e1 pon\u00fakla sk\u00fasenos\u0165 Sebarealiz\u00e1cie v masovom mer\u00edtku. Vyhl\u00e1sila, \u017ee z\u00edskanie Sebarealiz\u00e1cie je vroden\u00fdm pr\u00e1vom ka\u017ed\u00e9ho \u010dloveka bez oh\u013eadu na n\u00e1bo\u017eenstvo,&hellip; <br \/> <a class=\"read-more\" href=\"https:\/\/shrimataji.org\/test\/sk\/sahadza-joga\/\">Read more<\/a><\/p>\n","protected":false},"author":28,"featured_media":8561,"parent":0,"menu_order":0,"comment_status":"closed","ping_status":"closed","template":"","meta":{"inline_featured_image":false,"footnotes":""},"class_list":["post-12424","page","type-page","status-publish","has-post-thumbnail","hentry"],"yoast_head":"<!-- This site is optimized with the Yoast SEO plugin v27.4 - https:\/\/yoast.com\/product\/yoast-seo-wordpress\/ -->\n<title>Sahad\u017ea joga - TEST - SMND<\/title>\n<meta name=\"robots\" content=\"noindex, follow, max-snippet:-1, max-image-preview:large, max-video-preview:-1\" \/>\n<meta property=\"og:locale\" content=\"en_US\" \/>\n<meta property=\"og:type\" content=\"article\" \/>\n<meta property=\"og:title\" content=\"Sahad\u017ea joga - TEST - SMND\" \/>\n<meta property=\"og:description\" content=\"Sahad\u017ea joga Vn\u00fatorn\u00e9 prebudenie cez Sebarealiz\u00e1ciu a medit\u00e1ciu V\u010faka uskuto\u010dneniu Sebarealiz\u00e1cie v na\u0161om centr\u00e1lnom nervovom syst\u00e9me priniesla \u0160r\u00ed Matad\u017ei Nirmala Devi revol\u00faciu do praktizovania jogy. V hist\u00f3rii duchovnosti je \u0160r\u00ed Matad\u017ei prvou a jedinou osobnos\u0165ou, ktor\u00e1 pon\u00fakla sk\u00fasenos\u0165 Sebarealiz\u00e1cie v masovom mer\u00edtku. Vyhl\u00e1sila, \u017ee z\u00edskanie Sebarealiz\u00e1cie je vroden\u00fdm pr\u00e1vom ka\u017ed\u00e9ho \u010dloveka bez oh\u013eadu na n\u00e1bo\u017eenstvo,&hellip; Read more\" \/>\n<meta property=\"og:url\" content=\"https:\/\/shrimataji.org\/test\/sk\/sahadza-joga\/\" \/>\n<meta property=\"og:site_name\" content=\"TEST - SMND\" \/>\n<meta property=\"article:publisher\" content=\"https:\/\/www.facebook.com\/shrimataji\" \/>\n<meta property=\"article:modified_time\" content=\"2026-03-12T10:44:44+00:00\" \/>\n<meta property=\"og:image\" content=\"https:\/\/shrimataji.org\/test\/wp-content\/uploads\/2023\/02\/Banner-SY-SY-scaled.jpg\" \/>\n\t<meta property=\"og:image:width\" content=\"2560\" \/>\n\t<meta property=\"og:image:height\" content=\"905\" \/>\n\t<meta property=\"og:image:type\" content=\"image\/jpeg\" \/>\n<meta name=\"twitter:card\" content=\"summary_large_image\" \/>\n<meta name=\"twitter:site\" content=\"@shrimataji\" \/>\n<script type=\"application\/ld+json\" class=\"yoast-schema-graph\">{\"@context\":\"https:\\\/\\\/schema.org\",\"@graph\":[{\"@type\":\"WebPage\",\"@id\":\"https:\\\/\\\/shrimataji.org\\\/test\\\/sk\\\/sahadza-joga\\\/\",\"url\":\"https:\\\/\\\/shrimataji.org\\\/test\\\/sk\\\/sahadza-joga\\\/\",\"name\":\"Sahad\u017ea joga - TEST - SMND\",\"isPartOf\":{\"@id\":\"https:\\\/\\\/shrimataji.org\\\/test\\\/#website\"},\"primaryImageOfPage\":{\"@id\":\"https:\\\/\\\/shrimataji.org\\\/test\\\/sk\\\/sahadza-joga\\\/#primaryimage\"},\"image\":{\"@id\":\"https:\\\/\\\/shrimataji.org\\\/test\\\/sk\\\/sahadza-joga\\\/#primaryimage\"},\"thumbnailUrl\":\"https:\\\/\\\/shrimataji.org\\\/test\\\/wp-content\\\/uploads\\\/2023\\\/02\\\/Banner-SY-SY-scaled.jpg\",\"datePublished\":\"2020-04-20T17:46:08+00:00\",\"dateModified\":\"2026-03-12T10:44:44+00:00\",\"breadcrumb\":{\"@id\":\"https:\\\/\\\/shrimataji.org\\\/test\\\/sk\\\/sahadza-joga\\\/#breadcrumb\"},\"inLanguage\":\"en-US\",\"potentialAction\":[{\"@type\":\"ReadAction\",\"target\":[\"https:\\\/\\\/shrimataji.org\\\/test\\\/sk\\\/sahadza-joga\\\/\"]}]},{\"@type\":\"ImageObject\",\"inLanguage\":\"en-US\",\"@id\":\"https:\\\/\\\/shrimataji.org\\\/test\\\/sk\\\/sahadza-joga\\\/#primaryimage\",\"url\":\"https:\\\/\\\/shrimataji.org\\\/test\\\/wp-content\\\/uploads\\\/2023\\\/02\\\/Banner-SY-SY-scaled.jpg\",\"contentUrl\":\"https:\\\/\\\/shrimataji.org\\\/test\\\/wp-content\\\/uploads\\\/2023\\\/02\\\/Banner-SY-SY-scaled.jpg\",\"width\":2560,\"height\":905},{\"@type\":\"BreadcrumbList\",\"@id\":\"https:\\\/\\\/shrimataji.org\\\/test\\\/sk\\\/sahadza-joga\\\/#breadcrumb\",\"itemListElement\":[{\"@type\":\"ListItem\",\"position\":1,\"name\":\"Home\",\"item\":\"https:\\\/\\\/shrimataji.org\\\/test\\\/uk\\\/home-en\\\/\"},{\"@type\":\"ListItem\",\"position\":2,\"name\":\"Sahad\u017ea joga\"}]},{\"@type\":\"WebSite\",\"@id\":\"https:\\\/\\\/shrimataji.org\\\/test\\\/#website\",\"url\":\"https:\\\/\\\/shrimataji.org\\\/test\\\/\",\"name\":\"Shri Mataji Nirmala Devi\",\"description\":\"A Life Dedicated to Humanity\",\"publisher\":{\"@id\":\"https:\\\/\\\/shrimataji.org\\\/test\\\/#\\\/schema\\\/person\\\/a1b3419c6585f164aa96da1ff85715d1\"},\"potentialAction\":[{\"@type\":\"SearchAction\",\"target\":{\"@type\":\"EntryPoint\",\"urlTemplate\":\"https:\\\/\\\/shrimataji.org\\\/test\\\/?s={search_term_string}\"},\"query-input\":{\"@type\":\"PropertyValueSpecification\",\"valueRequired\":true,\"valueName\":\"search_term_string\"}}],\"inLanguage\":\"en-US\"},{\"@type\":[\"Person\",\"Organization\"],\"@id\":\"https:\\\/\\\/shrimataji.org\\\/test\\\/#\\\/schema\\\/person\\\/a1b3419c6585f164aa96da1ff85715d1\",\"name\":\"Nirmala Shrivastava\",\"image\":{\"@type\":\"ImageObject\",\"inLanguage\":\"en-US\",\"@id\":\"https:\\\/\\\/shrimataji.org\\\/test\\\/wp-content\\\/uploads\\\/2023\\\/02\\\/SMO_LOGO-03.svg\",\"url\":\"https:\\\/\\\/shrimataji.org\\\/test\\\/wp-content\\\/uploads\\\/2023\\\/02\\\/SMO_LOGO-03.svg\",\"contentUrl\":\"https:\\\/\\\/shrimataji.org\\\/test\\\/wp-content\\\/uploads\\\/2023\\\/02\\\/SMO_LOGO-03.svg\",\"width\":\"1024\",\"height\":\"1024\",\"caption\":\"Nirmala Shrivastava\"},\"logo\":{\"@id\":\"https:\\\/\\\/shrimataji.org\\\/test\\\/wp-content\\\/uploads\\\/2023\\\/02\\\/SMO_LOGO-03.svg\"},\"sameAs\":[\"https:\\\/\\\/shrimataji.org\\\/test\",\"https:\\\/\\\/www.facebook.com\\\/shrimataji\",\"https:\\\/\\\/x.com\\\/shrimataji\",\"https:\\\/\\\/www.youtube.com\\\/@Shri_Mataji_Nirmala_Devi\\\/featured\"]}]}<\/script>\n<!-- \/ Yoast SEO plugin. -->","yoast_head_json":{"title":"Sahad\u017ea joga - TEST - SMND","robots":{"index":"noindex","follow":"follow","max-snippet":"max-snippet:-1","max-image-preview":"max-image-preview:large","max-video-preview":"max-video-preview:-1"},"og_locale":"en_US","og_type":"article","og_title":"Sahad\u017ea joga - TEST - SMND","og_description":"Sahad\u017ea joga Vn\u00fatorn\u00e9 prebudenie cez Sebarealiz\u00e1ciu a medit\u00e1ciu V\u010faka uskuto\u010dneniu Sebarealiz\u00e1cie v na\u0161om centr\u00e1lnom nervovom syst\u00e9me priniesla \u0160r\u00ed Matad\u017ei Nirmala Devi revol\u00faciu do praktizovania jogy. V hist\u00f3rii duchovnosti je \u0160r\u00ed Matad\u017ei prvou a jedinou osobnos\u0165ou, ktor\u00e1 pon\u00fakla sk\u00fasenos\u0165 Sebarealiz\u00e1cie v masovom mer\u00edtku. Vyhl\u00e1sila, \u017ee z\u00edskanie Sebarealiz\u00e1cie je vroden\u00fdm pr\u00e1vom ka\u017ed\u00e9ho \u010dloveka bez oh\u013eadu na n\u00e1bo\u017eenstvo,&hellip; Read more","og_url":"https:\/\/shrimataji.org\/test\/sk\/sahadza-joga\/","og_site_name":"TEST - SMND","article_publisher":"https:\/\/www.facebook.com\/shrimataji","article_modified_time":"2026-03-12T10:44:44+00:00","og_image":[{"width":2560,"height":905,"url":"https:\/\/shrimataji.org\/test\/wp-content\/uploads\/2023\/02\/Banner-SY-SY-scaled.jpg","type":"image\/jpeg"}],"twitter_card":"summary_large_image","twitter_site":"@shrimataji","schema":{"@context":"https:\/\/schema.org","@graph":[{"@type":"WebPage","@id":"https:\/\/shrimataji.org\/test\/sk\/sahadza-joga\/","url":"https:\/\/shrimataji.org\/test\/sk\/sahadza-joga\/","name":"Sahad\u017ea joga - TEST - SMND","isPartOf":{"@id":"https:\/\/shrimataji.org\/test\/#website"},"primaryImageOfPage":{"@id":"https:\/\/shrimataji.org\/test\/sk\/sahadza-joga\/#primaryimage"},"image":{"@id":"https:\/\/shrimataji.org\/test\/sk\/sahadza-joga\/#primaryimage"},"thumbnailUrl":"https:\/\/shrimataji.org\/test\/wp-content\/uploads\/2023\/02\/Banner-SY-SY-scaled.jpg","datePublished":"2020-04-20T17:46:08+00:00","dateModified":"2026-03-12T10:44:44+00:00","breadcrumb":{"@id":"https:\/\/shrimataji.org\/test\/sk\/sahadza-joga\/#breadcrumb"},"inLanguage":"en-US","potentialAction":[{"@type":"ReadAction","target":["https:\/\/shrimataji.org\/test\/sk\/sahadza-joga\/"]}]},{"@type":"ImageObject","inLanguage":"en-US","@id":"https:\/\/shrimataji.org\/test\/sk\/sahadza-joga\/#primaryimage","url":"https:\/\/shrimataji.org\/test\/wp-content\/uploads\/2023\/02\/Banner-SY-SY-scaled.jpg","contentUrl":"https:\/\/shrimataji.org\/test\/wp-content\/uploads\/2023\/02\/Banner-SY-SY-scaled.jpg","width":2560,"height":905},{"@type":"BreadcrumbList","@id":"https:\/\/shrimataji.org\/test\/sk\/sahadza-joga\/#breadcrumb","itemListElement":[{"@type":"ListItem","position":1,"name":"Home","item":"https:\/\/shrimataji.org\/test\/uk\/home-en\/"},{"@type":"ListItem","position":2,"name":"Sahad\u017ea joga"}]},{"@type":"WebSite","@id":"https:\/\/shrimataji.org\/test\/#website","url":"https:\/\/shrimataji.org\/test\/","name":"Shri Mataji Nirmala Devi","description":"A Life Dedicated to Humanity","publisher":{"@id":"https:\/\/shrimataji.org\/test\/#\/schema\/person\/a1b3419c6585f164aa96da1ff85715d1"},"potentialAction":[{"@type":"SearchAction","target":{"@type":"EntryPoint","urlTemplate":"https:\/\/shrimataji.org\/test\/?s={search_term_string}"},"query-input":{"@type":"PropertyValueSpecification","valueRequired":true,"valueName":"search_term_string"}}],"inLanguage":"en-US"},{"@type":["Person","Organization"],"@id":"https:\/\/shrimataji.org\/test\/#\/schema\/person\/a1b3419c6585f164aa96da1ff85715d1","name":"Nirmala Shrivastava","image":{"@type":"ImageObject","inLanguage":"en-US","@id":"https:\/\/shrimataji.org\/test\/wp-content\/uploads\/2023\/02\/SMO_LOGO-03.svg","url":"https:\/\/shrimataji.org\/test\/wp-content\/uploads\/2023\/02\/SMO_LOGO-03.svg","contentUrl":"https:\/\/shrimataji.org\/test\/wp-content\/uploads\/2023\/02\/SMO_LOGO-03.svg","width":"1024","height":"1024","caption":"Nirmala Shrivastava"},"logo":{"@id":"https:\/\/shrimataji.org\/test\/wp-content\/uploads\/2023\/02\/SMO_LOGO-03.svg"},"sameAs":["https:\/\/shrimataji.org\/test","https:\/\/www.facebook.com\/shrimataji","https:\/\/x.com\/shrimataji","https:\/\/www.youtube.com\/@Shri_Mataji_Nirmala_Devi\/featured"]}]}},"lang":"sk","translations":{"sk":12424,"ur":37488,"en":3434,"pa":25904,"gu":25507,"th":20040,"hu":19550,"sq":18464,"zh":17361,"tr":10201,"pt":10411,"de":10685,"fr":10783,"it":10881,"es":10978,"ja":11276,"ru":11464,"bn":11655,"te":11763,"sw":11886,"he":12034,"el":12326,"fa":12522,"fi":12620,"bg":13428,"ro":14502,"cs":14695,"nl":16624,"ku":16784,"ar":16960,"be":18671,"kn":18945,"mr":20404,"uk":20698,"ml":20993,"ta":22782,"sv":23052,"bs":27292,"fil":29500,"sd":31004,"da":37798,"pl":38008,"nn":38350},"pll_sync_post":[],"_links":{"self":[{"href":"https:\/\/shrimataji.org\/test\/wp-json\/wp\/v2\/pages\/12424","targetHints":{"allow":["GET"]}}],"collection":[{"href":"https:\/\/shrimataji.org\/test\/wp-json\/wp\/v2\/pages"}],"about":[{"href":"https:\/\/shrimataji.org\/test\/wp-json\/wp\/v2\/types\/page"}],"author":[{"embeddable":true,"href":"https:\/\/shrimataji.org\/test\/wp-json\/wp\/v2\/users\/28"}],"replies":[{"embeddable":true,"href":"https:\/\/shrimataji.org\/test\/wp-json\/wp\/v2\/comments?post=12424"}],"version-history":[{"count":0,"href":"https:\/\/shrimataji.org\/test\/wp-json\/wp\/v2\/pages\/12424\/revisions"}],"wp:featuredmedia":[{"embeddable":true,"href":"https:\/\/shrimataji.org\/test\/wp-json\/wp\/v2\/media\/8561"}],"wp:attachment":[{"href":"https:\/\/shrimataji.org\/test\/wp-json\/wp\/v2\/media?parent=12424"}],"curies":[{"name":"wp","href":"https:\/\/api.w.org\/{rel}","templated":true}]}}