{"id":12431,"date":"2018-07-10T06:54:42","date_gmt":"2018-07-10T06:54:42","guid":{"rendered":"http:\/\/testwordpress.nirmalnagari.org\/smnd\/index.php\/self-empowerment\/"},"modified":"2026-01-31T06:04:20","modified_gmt":"2026-01-31T06:04:20","slug":"naplnenie-svojho-potencialu","status":"publish","type":"page","link":"https:\/\/shrimataji.org\/test\/sk\/naplnenie-svojho-potencialu\/","title":{"rendered":"naplnenie svojho potenci\u00e1lu"},"content":{"rendered":"\n\n\t<h1>Naplnenie svojho potenci\u00e1lu<\/h1>\n<h2>Prostredn\u00edctvom Sebapoznania<\/h2>\n\t<h4>Ak by sme sebaposilnenie definovali ako dosiahnutie kontroly nad \u017eivotom, alebo z\u00edskanie v\u00e4\u010d\u0161ej sily \u010di zlep\u0161enia sebad\u00f4very, potom je met\u00f3da vyvinut\u00e1 \u0160ri Matad\u017ei najd\u00f4le\u017eitej\u0161\u00edm prostriedkom na sebapoznanie, ktor\u00fd n\u00e1m umo\u017e\u0148uje odkry\u0165 v sebe \u00fa\u017easn\u00fd potenci\u00e1l, tento n\u00e1m po brebuden\u00ed prin\u00e1\u0161a skuto\u010dn\u00fa transform\u00e1ciu.<\/h4>\n\t<div class=\"su-quote su-quote-style-default\"><div class=\"su-quote-inner su-u-clearfix su-u-trim\">V\u0161etko je vo v\u00e1s zabudovan\u00e9. Dovo\u013ete nech to pracuje, tak ako sa z kvetov st\u00e1va ovocie. <\/div><\/div>\n\t<p>Medzi v\u00fdhody Sahad\u017ea jogy patr\u00ed celkov\u00e9 zlep\u0161enie du\u0161evnej a telesnej rovnov\u00e1hy, vy\u0161\u0161ia odolnos\u0165 vo\u010di stresu a negat\u00edvnym vplyvom. Pravideln\u00e1 medit\u00e1cia umo\u017e\u0148uje praktizuj\u00facim lep\u0161ie pochopi\u0165 stav ich vlastn\u00e9ho subt\u00edlneho syst\u00e9mu &#8211; jemn\u00e9ho tela zlo\u017een\u00e9ho zo siete \u017eivotne d\u00f4le\u017ei\u0165\u00fdch kan\u00e1lov a \u010dakier. Postupne sa nau\u010d\u00edte zvl\u00e1dnu\u0165 jednoduch\u00e9 techniky na obnovenie rovnov\u00e1hy a harm\u00f3nie.<\/p>\n\t<p>\u0160ri Matad\u017ei zd\u00f4raz\u0148ovala, \u017ee Sebarealiz\u00e1cia za\u010d\u00edna sebapoznan\u00edm. V priebehu nieko\u013ek\u00fdch t\u00fd\u017ed\u0148ov si praktizuj\u00faci medit\u00e1cie Sahad\u017ea jogy vyvinie nov\u00e9, jemnej\u0161ie vedomie &#8211; uvedomenie si reality naz\u00fdvan\u00e9 &#8211; vibra\u010dn\u00e9 vedomie. Toto vedomie n\u00e1m umo\u017e\u0148uje pos\u00fadi\u0165 kvalitu energie vo svojom okol\u00ed, ale aj diagnostikova\u0165 svoj vlastn\u00fd stav. S pou\u017eit\u00edm elementov (voda, vzduch, ohe\u0148, zem) m\u00f4\u017eeme pou\u017ei\u0165 cel\u00fd rad o\u010distn\u00fdch techn\u00edk na n\u00e1pravu energie, \u010di u\u017e jej nedostatku, alebo prebytku pod\u013ea pocitov na ruk\u00e1ch a na tele.<\/p>\n\t<p>\u010co je najd\u00f4le\u017eitej\u0161ie- za\u017eijeme skuto\u010dn\u00fa medit\u00e1ciu, stav bezmy\u0161lienkov\u00e9ho vedomia a vn\u00fatorn\u00e9ho mieru. To n\u00e1m pom\u00f4\u017ee neutralizova\u0165 nerovnov\u00e1hu, ktor\u00fa \u010dasto sposobuje pr\u00edli\u0161n\u00e9 prem\u00fd\u0161\u013eanie a obavy. Takto sa zvy\u0161uje na\u0161a sebakontrola, schopnos\u0165 s\u00fastredi\u0165 sa a ma\u0165 \u00factu k sebe.<\/p>\n<p>Postupne ako sa vytr\u00e9nujeme, zlep\u0161i sa vn\u00edmanie vibr\u00e1ci\u00ed a tie n\u00e1m potom pom\u00e1haj\u00fa pri rozhodovan\u00ed,zlep\u0161ujeme sa a vieme presnej\u0161ie pos\u00fadi\u0165 dan\u00fa situ\u00e1ci. Medit\u00e1cia a o\u010distn\u00e9 techniky prin\u00e1\u0161aj\u00fa postupn\u00fa premenu \u010dim pozit\u00edvne ovplyv\u0148ujeme aj na\u0161e okolie.<\/p>\n\t\t\t\t<img decoding=\"async\" src=\"https:\/\/shrimataji.org\/test\/wp-content\/uploads\/2020\/08\/self-empowerment-through-meditation.jpg\" alt=\"self-empowerment-through-meditation\" itemprop=\"image\" height=\"321\" width=\"489\" title=\"self-empowerment-through-meditation\" onerror=\"this.style.display='none'\" loading=\"lazy\" \/>\n\t<div class=\"su-quote su-quote-style-default\"><div class=\"su-quote-inner su-u-clearfix su-u-trim\">Mus\u00edte sa dosta\u0165 nad myse\u013e a na to najlep\u0161ie pom\u00e1ha prebudenie Kundaliny, ktor\u00e1 prenikne limbickou oblas\u0165ou, prejde cez fontanelu a odvedie v\u00e1s pre\u010d, do r\u00ed\u0161e reality. T\u00e1to joga sa odohr\u00e1va medzi mozgom \u010di sk\u00f4r srdcom a touto v\u0161eprenikaj\u00facou silou.<\/div><\/div>\n\t<p>Ozajstn\u00e9 sebapoznanie dosiahneme praktizovan\u00edm Sahad\u017ea joga medit\u00e1cie, ktor\u00e1 n\u00e1s sp\u00e1ja automaticky s vy\u0161\u0161\u00edm zdrojom v\u0161eprenikaj\u00facej univerzlnej sily, s ve\u010dnou Du\u0161ou, ktor\u00e1 s\u00eddli v srdci.<\/p>\n\t<div class=\"su-quote su-quote-style-default\"><div class=\"su-quote-inner su-u-clearfix su-u-trim\">Osvieten\u00fd &#8211; znamen\u00e1 osobnos\u0165, ktor\u00e1 je osvieten\u00e1, je nad mys\u013eou a je v spojen\u00ed s touto v\u0161eprenikaj\u00facou silou Bo\u017eej l\u00e1sky. V\u00fdsledkom je, \u017ee tak\u00fdto \u010dlovek je veden\u00fd a m\u00e1 pomoc&#8230;.Je to tak ohromn\u00e1 sila, \u017ee sa o v\u00e1s star\u00e1, v\u0161etko riadi, ch\u00e1pe a je m\u00fadra&#8230;<\/div><\/div>\n\n","protected":false},"excerpt":{"rendered":"<p>Naplnenie svojho potenci\u00e1lu Prostredn\u00edctvom Sebapoznania Ak by sme sebaposilnenie definovali ako dosiahnutie kontroly nad \u017eivotom, alebo z\u00edskanie v\u00e4\u010d\u0161ej sily \u010di zlep\u0161enia sebad\u00f4very, potom je met\u00f3da vyvinut\u00e1 \u0160ri Matad\u017ei najd\u00f4le\u017eitej\u0161\u00edm prostriedkom na sebapoznanie, ktor\u00fd n\u00e1m umo\u017e\u0148uje odkry\u0165 v sebe \u00fa\u017easn\u00fd potenci\u00e1l, tento n\u00e1m po brebuden\u00ed prin\u00e1\u0161a skuto\u010dn\u00fa transform\u00e1ciu. Medzi v\u00fdhody Sahad\u017ea jogy patr\u00ed celkov\u00e9 zlep\u0161enie du\u0161evnej&hellip; <br \/> <a class=\"read-more\" href=\"https:\/\/shrimataji.org\/test\/sk\/naplnenie-svojho-potencialu\/\">Read more<\/a><\/p>\n","protected":false},"author":28,"featured_media":9259,"parent":0,"menu_order":0,"comment_status":"closed","ping_status":"closed","template":"","meta":{"inline_featured_image":false,"footnotes":""},"class_list":["post-12431","page","type-page","status-publish","has-post-thumbnail","hentry"],"yoast_head":"<!-- This site is optimized with the Yoast SEO plugin v27.4 - https:\/\/yoast.com\/product\/yoast-seo-wordpress\/ -->\n<title>naplnenie svojho potenci\u00e1lu - TEST - SMND<\/title>\n<meta name=\"robots\" content=\"noindex, follow, max-snippet:-1, max-image-preview:large, max-video-preview:-1\" \/>\n<meta property=\"og:locale\" content=\"en_US\" \/>\n<meta property=\"og:type\" content=\"article\" \/>\n<meta property=\"og:title\" content=\"naplnenie svojho potenci\u00e1lu - TEST - SMND\" \/>\n<meta property=\"og:description\" content=\"Naplnenie svojho potenci\u00e1lu Prostredn\u00edctvom Sebapoznania Ak by sme sebaposilnenie definovali ako dosiahnutie kontroly nad \u017eivotom, alebo z\u00edskanie v\u00e4\u010d\u0161ej sily \u010di zlep\u0161enia sebad\u00f4very, potom je met\u00f3da vyvinut\u00e1 \u0160ri Matad\u017ei najd\u00f4le\u017eitej\u0161\u00edm prostriedkom na sebapoznanie, ktor\u00fd n\u00e1m umo\u017e\u0148uje odkry\u0165 v sebe \u00fa\u017easn\u00fd potenci\u00e1l, tento n\u00e1m po brebuden\u00ed prin\u00e1\u0161a skuto\u010dn\u00fa transform\u00e1ciu. Medzi v\u00fdhody Sahad\u017ea jogy patr\u00ed celkov\u00e9 zlep\u0161enie du\u0161evnej&hellip; Read more\" \/>\n<meta property=\"og:url\" content=\"https:\/\/shrimataji.org\/test\/sk\/naplnenie-svojho-potencialu\/\" \/>\n<meta property=\"og:site_name\" content=\"TEST - SMND\" \/>\n<meta property=\"article:publisher\" content=\"https:\/\/www.facebook.com\/shrimataji\" \/>\n<meta property=\"article:modified_time\" content=\"2026-01-31T06:04:20+00:00\" \/>\n<meta property=\"og:image\" content=\"https:\/\/shrimataji.org\/test\/wp-content\/uploads\/2023\/03\/24_Banner-SY-Empower-scaled.jpg\" \/>\n\t<meta property=\"og:image:width\" content=\"2560\" \/>\n\t<meta property=\"og:image:height\" content=\"905\" \/>\n\t<meta property=\"og:image:type\" content=\"image\/jpeg\" \/>\n<meta name=\"twitter:card\" content=\"summary_large_image\" \/>\n<meta name=\"twitter:site\" content=\"@shrimataji\" \/>\n<script type=\"application\/ld+json\" class=\"yoast-schema-graph\">{\"@context\":\"https:\\\/\\\/schema.org\",\"@graph\":[{\"@type\":\"WebPage\",\"@id\":\"https:\\\/\\\/shrimataji.org\\\/test\\\/sk\\\/naplnenie-svojho-potencialu\\\/\",\"url\":\"https:\\\/\\\/shrimataji.org\\\/test\\\/sk\\\/naplnenie-svojho-potencialu\\\/\",\"name\":\"naplnenie svojho potenci\u00e1lu - TEST - SMND\",\"isPartOf\":{\"@id\":\"https:\\\/\\\/shrimataji.org\\\/test\\\/#website\"},\"primaryImageOfPage\":{\"@id\":\"https:\\\/\\\/shrimataji.org\\\/test\\\/sk\\\/naplnenie-svojho-potencialu\\\/#primaryimage\"},\"image\":{\"@id\":\"https:\\\/\\\/shrimataji.org\\\/test\\\/sk\\\/naplnenie-svojho-potencialu\\\/#primaryimage\"},\"thumbnailUrl\":\"https:\\\/\\\/shrimataji.org\\\/test\\\/wp-content\\\/uploads\\\/2023\\\/03\\\/24_Banner-SY-Empower-scaled.jpg\",\"datePublished\":\"2018-07-10T06:54:42+00:00\",\"dateModified\":\"2026-01-31T06:04:20+00:00\",\"breadcrumb\":{\"@id\":\"https:\\\/\\\/shrimataji.org\\\/test\\\/sk\\\/naplnenie-svojho-potencialu\\\/#breadcrumb\"},\"inLanguage\":\"en-US\",\"potentialAction\":[{\"@type\":\"ReadAction\",\"target\":[\"https:\\\/\\\/shrimataji.org\\\/test\\\/sk\\\/naplnenie-svojho-potencialu\\\/\"]}]},{\"@type\":\"ImageObject\",\"inLanguage\":\"en-US\",\"@id\":\"https:\\\/\\\/shrimataji.org\\\/test\\\/sk\\\/naplnenie-svojho-potencialu\\\/#primaryimage\",\"url\":\"https:\\\/\\\/shrimataji.org\\\/test\\\/wp-content\\\/uploads\\\/2023\\\/03\\\/24_Banner-SY-Empower-scaled.jpg\",\"contentUrl\":\"https:\\\/\\\/shrimataji.org\\\/test\\\/wp-content\\\/uploads\\\/2023\\\/03\\\/24_Banner-SY-Empower-scaled.jpg\",\"width\":2560,\"height\":905},{\"@type\":\"BreadcrumbList\",\"@id\":\"https:\\\/\\\/shrimataji.org\\\/test\\\/sk\\\/naplnenie-svojho-potencialu\\\/#breadcrumb\",\"itemListElement\":[{\"@type\":\"ListItem\",\"position\":1,\"name\":\"Home\",\"item\":\"https:\\\/\\\/shrimataji.org\\\/test\\\/uk\\\/home-en\\\/\"},{\"@type\":\"ListItem\",\"position\":2,\"name\":\"naplnenie svojho potenci\u00e1lu\"}]},{\"@type\":\"WebSite\",\"@id\":\"https:\\\/\\\/shrimataji.org\\\/test\\\/#website\",\"url\":\"https:\\\/\\\/shrimataji.org\\\/test\\\/\",\"name\":\"Shri Mataji Nirmala Devi\",\"description\":\"A Life Dedicated to Humanity\",\"publisher\":{\"@id\":\"https:\\\/\\\/shrimataji.org\\\/test\\\/#\\\/schema\\\/person\\\/a1b3419c6585f164aa96da1ff85715d1\"},\"potentialAction\":[{\"@type\":\"SearchAction\",\"target\":{\"@type\":\"EntryPoint\",\"urlTemplate\":\"https:\\\/\\\/shrimataji.org\\\/test\\\/?s={search_term_string}\"},\"query-input\":{\"@type\":\"PropertyValueSpecification\",\"valueRequired\":true,\"valueName\":\"search_term_string\"}}],\"inLanguage\":\"en-US\"},{\"@type\":[\"Person\",\"Organization\"],\"@id\":\"https:\\\/\\\/shrimataji.org\\\/test\\\/#\\\/schema\\\/person\\\/a1b3419c6585f164aa96da1ff85715d1\",\"name\":\"Nirmala Shrivastava\",\"image\":{\"@type\":\"ImageObject\",\"inLanguage\":\"en-US\",\"@id\":\"https:\\\/\\\/shrimataji.org\\\/test\\\/wp-content\\\/uploads\\\/2023\\\/02\\\/SMO_LOGO-03.svg\",\"url\":\"https:\\\/\\\/shrimataji.org\\\/test\\\/wp-content\\\/uploads\\\/2023\\\/02\\\/SMO_LOGO-03.svg\",\"contentUrl\":\"https:\\\/\\\/shrimataji.org\\\/test\\\/wp-content\\\/uploads\\\/2023\\\/02\\\/SMO_LOGO-03.svg\",\"width\":\"1024\",\"height\":\"1024\",\"caption\":\"Nirmala Shrivastava\"},\"logo\":{\"@id\":\"https:\\\/\\\/shrimataji.org\\\/test\\\/wp-content\\\/uploads\\\/2023\\\/02\\\/SMO_LOGO-03.svg\"},\"sameAs\":[\"https:\\\/\\\/shrimataji.org\\\/test\",\"https:\\\/\\\/www.facebook.com\\\/shrimataji\",\"https:\\\/\\\/x.com\\\/shrimataji\",\"https:\\\/\\\/www.youtube.com\\\/@Shri_Mataji_Nirmala_Devi\\\/featured\"]}]}<\/script>\n<!-- \/ Yoast SEO plugin. -->","yoast_head_json":{"title":"naplnenie svojho potenci\u00e1lu - TEST - SMND","robots":{"index":"noindex","follow":"follow","max-snippet":"max-snippet:-1","max-image-preview":"max-image-preview:large","max-video-preview":"max-video-preview:-1"},"og_locale":"en_US","og_type":"article","og_title":"naplnenie svojho potenci\u00e1lu - TEST - SMND","og_description":"Naplnenie svojho potenci\u00e1lu Prostredn\u00edctvom Sebapoznania Ak by sme sebaposilnenie definovali ako dosiahnutie kontroly nad \u017eivotom, alebo z\u00edskanie v\u00e4\u010d\u0161ej sily \u010di zlep\u0161enia sebad\u00f4very, potom je met\u00f3da vyvinut\u00e1 \u0160ri Matad\u017ei najd\u00f4le\u017eitej\u0161\u00edm prostriedkom na sebapoznanie, ktor\u00fd n\u00e1m umo\u017e\u0148uje odkry\u0165 v sebe \u00fa\u017easn\u00fd potenci\u00e1l, tento n\u00e1m po brebuden\u00ed prin\u00e1\u0161a skuto\u010dn\u00fa transform\u00e1ciu. Medzi v\u00fdhody Sahad\u017ea jogy patr\u00ed celkov\u00e9 zlep\u0161enie du\u0161evnej&hellip; Read more","og_url":"https:\/\/shrimataji.org\/test\/sk\/naplnenie-svojho-potencialu\/","og_site_name":"TEST - SMND","article_publisher":"https:\/\/www.facebook.com\/shrimataji","article_modified_time":"2026-01-31T06:04:20+00:00","og_image":[{"width":2560,"height":905,"url":"https:\/\/shrimataji.org\/test\/wp-content\/uploads\/2023\/03\/24_Banner-SY-Empower-scaled.jpg","type":"image\/jpeg"}],"twitter_card":"summary_large_image","twitter_site":"@shrimataji","schema":{"@context":"https:\/\/schema.org","@graph":[{"@type":"WebPage","@id":"https:\/\/shrimataji.org\/test\/sk\/naplnenie-svojho-potencialu\/","url":"https:\/\/shrimataji.org\/test\/sk\/naplnenie-svojho-potencialu\/","name":"naplnenie svojho potenci\u00e1lu - TEST - SMND","isPartOf":{"@id":"https:\/\/shrimataji.org\/test\/#website"},"primaryImageOfPage":{"@id":"https:\/\/shrimataji.org\/test\/sk\/naplnenie-svojho-potencialu\/#primaryimage"},"image":{"@id":"https:\/\/shrimataji.org\/test\/sk\/naplnenie-svojho-potencialu\/#primaryimage"},"thumbnailUrl":"https:\/\/shrimataji.org\/test\/wp-content\/uploads\/2023\/03\/24_Banner-SY-Empower-scaled.jpg","datePublished":"2018-07-10T06:54:42+00:00","dateModified":"2026-01-31T06:04:20+00:00","breadcrumb":{"@id":"https:\/\/shrimataji.org\/test\/sk\/naplnenie-svojho-potencialu\/#breadcrumb"},"inLanguage":"en-US","potentialAction":[{"@type":"ReadAction","target":["https:\/\/shrimataji.org\/test\/sk\/naplnenie-svojho-potencialu\/"]}]},{"@type":"ImageObject","inLanguage":"en-US","@id":"https:\/\/shrimataji.org\/test\/sk\/naplnenie-svojho-potencialu\/#primaryimage","url":"https:\/\/shrimataji.org\/test\/wp-content\/uploads\/2023\/03\/24_Banner-SY-Empower-scaled.jpg","contentUrl":"https:\/\/shrimataji.org\/test\/wp-content\/uploads\/2023\/03\/24_Banner-SY-Empower-scaled.jpg","width":2560,"height":905},{"@type":"BreadcrumbList","@id":"https:\/\/shrimataji.org\/test\/sk\/naplnenie-svojho-potencialu\/#breadcrumb","itemListElement":[{"@type":"ListItem","position":1,"name":"Home","item":"https:\/\/shrimataji.org\/test\/uk\/home-en\/"},{"@type":"ListItem","position":2,"name":"naplnenie svojho potenci\u00e1lu"}]},{"@type":"WebSite","@id":"https:\/\/shrimataji.org\/test\/#website","url":"https:\/\/shrimataji.org\/test\/","name":"Shri Mataji Nirmala Devi","description":"A Life Dedicated to Humanity","publisher":{"@id":"https:\/\/shrimataji.org\/test\/#\/schema\/person\/a1b3419c6585f164aa96da1ff85715d1"},"potentialAction":[{"@type":"SearchAction","target":{"@type":"EntryPoint","urlTemplate":"https:\/\/shrimataji.org\/test\/?s={search_term_string}"},"query-input":{"@type":"PropertyValueSpecification","valueRequired":true,"valueName":"search_term_string"}}],"inLanguage":"en-US"},{"@type":["Person","Organization"],"@id":"https:\/\/shrimataji.org\/test\/#\/schema\/person\/a1b3419c6585f164aa96da1ff85715d1","name":"Nirmala Shrivastava","image":{"@type":"ImageObject","inLanguage":"en-US","@id":"https:\/\/shrimataji.org\/test\/wp-content\/uploads\/2023\/02\/SMO_LOGO-03.svg","url":"https:\/\/shrimataji.org\/test\/wp-content\/uploads\/2023\/02\/SMO_LOGO-03.svg","contentUrl":"https:\/\/shrimataji.org\/test\/wp-content\/uploads\/2023\/02\/SMO_LOGO-03.svg","width":"1024","height":"1024","caption":"Nirmala Shrivastava"},"logo":{"@id":"https:\/\/shrimataji.org\/test\/wp-content\/uploads\/2023\/02\/SMO_LOGO-03.svg"},"sameAs":["https:\/\/shrimataji.org\/test","https:\/\/www.facebook.com\/shrimataji","https:\/\/x.com\/shrimataji","https:\/\/www.youtube.com\/@Shri_Mataji_Nirmala_Devi\/featured"]}]}},"lang":"sk","translations":{"sk":12431,"ur":37498,"en":401,"am":18073,"th":20055,"hu":19562,"sq":18474,"zh":17371,"hi":8356,"tr":10208,"pt":10418,"de":10692,"fr":10790,"it":10888,"es":10985,"ja":11283,"ru":11471,"bn":11662,"te":11770,"sw":11893,"he":12041,"el":12333,"fa":12529,"fi":12627,"bg":13476,"ro":14548,"cs":14741,"nl":16634,"ku":16794,"ar":16970,"be":18681,"kn":18955,"mr":20419,"uk":20713,"ml":21008,"ta":22792,"sv":23062,"gu":28902,"pa":29062,"fil":29510,"da":37808,"pl":38018,"nn":38360},"pll_sync_post":[],"_links":{"self":[{"href":"https:\/\/shrimataji.org\/test\/wp-json\/wp\/v2\/pages\/12431","targetHints":{"allow":["GET"]}}],"collection":[{"href":"https:\/\/shrimataji.org\/test\/wp-json\/wp\/v2\/pages"}],"about":[{"href":"https:\/\/shrimataji.org\/test\/wp-json\/wp\/v2\/types\/page"}],"author":[{"embeddable":true,"href":"https:\/\/shrimataji.org\/test\/wp-json\/wp\/v2\/users\/28"}],"replies":[{"embeddable":true,"href":"https:\/\/shrimataji.org\/test\/wp-json\/wp\/v2\/comments?post=12431"}],"version-history":[{"count":0,"href":"https:\/\/shrimataji.org\/test\/wp-json\/wp\/v2\/pages\/12431\/revisions"}],"wp:featuredmedia":[{"embeddable":true,"href":"https:\/\/shrimataji.org\/test\/wp-json\/wp\/v2\/media\/9259"}],"wp:attachment":[{"href":"https:\/\/shrimataji.org\/test\/wp-json\/wp\/v2\/media?parent=12431"}],"curies":[{"name":"wp","href":"https:\/\/api.w.org\/{rel}","templated":true}]}}