{"id":12433,"date":"2018-07-10T06:54:42","date_gmt":"2018-07-10T06:54:42","guid":{"rendered":"http:\/\/testwordpress.nirmalnagari.org\/smnd\/index.php\/life\/"},"modified":"2026-03-04T16:27:04","modified_gmt":"2026-03-04T16:27:04","slug":"sri-matadzi","status":"publish","type":"page","link":"https:\/\/shrimataji.org\/test\/sk\/sri-matadzi\/","title":{"rendered":"\u0160r\u00ed Matad\u017ei"},"content":{"rendered":"\n\n\t<h1>\u0160r\u00ed Matad\u017ei<\/h1>\n<h2>Pr\u00edbeh celo\u017eivotn\u00e9ho nasadenia<\/h2>\n<h4>Ne\u00fanavne precestovala tis\u00edce kilometrov po celom svete, do od\u013eahl\u00fdch dediniek, a\u017e po mest\u00e1 a metropoly, nezi\u0161tne sa so v\u0161etk\u00fdmi delila o svoj jedine\u010dn\u00fd objav prav\u00e9ho duchovn\u00e9ho osvietenia cez sk\u00fasenos\u0165 <a href=\"https:\/\/shrimataji.org\/test\/sk\/sebarealizacia-a-meditacia\/\" target=\"_blank\" rel=\"noopener\">Sebarealiz\u00e1cie<\/a>, \u010d\u00edm prin\u00e1\u0161ala prevratn\u00fa spolo\u010densk\u00fa zmenu zalo\u017een\u00fa na vn\u00fatornej transform\u00e1cii. V\u0161etky tieto a mnoh\u00e9 \u010fal\u0161ie vz\u00e1cne okamihy poskytuj\u00fa poh\u013ead do celo\u017eivotn\u00e9ho nasadenia \u0160r\u00ed Matad\u017ei pre blaho \u013eudstva.<\/h4>\n\t<p>Nirmala \u0160r\u00edvastava zn\u00e1ma pod \u010destn\u00fdm menom ako \u0160r\u00ed Matad\u017ei Nirmala Devi sa narodila 21. marca 1923 v \u010cindware, v Indii. Narodila sa v kres\u0165anskej rodine a jej rodi\u010dia Prasad a Kornelia Salve jej dali meno Nirmala, \u010do znamen\u00e1 \u201enepo\u0161kvrnen\u00e1&#8221;. Jej otec, ktor\u00fd bol pr\u00e1vnikom, u\u010dencom, ktor\u00fd plynulo hovoril 14 jazykmi, prelo\u017eil Kor\u00e1n do jazyka hindi. Jej matka bola prvou \u017eenou v Indii, ktor\u00e1 z\u00edskala \u010destn\u00fd doktor\u00e1t z matematiky.<\/p>\n<p>U\u017e od ve\u013emi mlad\u00e9ho veku bola \u0160r\u00ed Matad\u017ei zapojen\u00e1 do diania okolo seba. Zatia\u013e \u010do jej rodi\u010dia boli akt\u00edvne zapojen\u00ed do boja za nez\u00e1vislos\u0165 Indie, \u0160r\u00ed Matad\u017ei ako mal\u00e9 die\u0165a prevzala zodpovednos\u0165 za dom\u00e1cnos\u0165. Mah\u00e1tma G\u00e1ndh\u00ed, ktor\u00e9ho \u00e1\u0161ram \u010dasto nav\u0161tevovala u\u017e v ranom veku, v nej spoznal duchovn\u00fd fenom\u00e9n. \u010casto sa s \u0148ou radil o denn\u00fdch modlitb\u00e1ch, ktor\u00e9 sa tam konali. Jej \u0161kolsk\u00e9 kamar\u00e1tky sa na \u0148u takisto obracali s prosbou o radu a podporu.<\/p>\n<p>\u0160r\u00ed Matad\u017ei \u0161tudovala medic\u00ednu na Kres\u0165anskej lek\u00e1rskej fakulte v Ludhiane a na Balakram lek\u00e1rskej fakulte v Lahore. Ako mlad\u00e1 \u017eena sa taktie\u017e z\u00fa\u010dastnila boja za nez\u00e1vislos\u0165 a na vysokej \u0161kole viedla svojich rovesn\u00edkov v hnut\u00ed \u201ePre\u010d z Indie&#8221; (Quit India Movement). V roku 1942 bola za svoju \u00fa\u010das\u0165 v tomto hnut\u00ed uv\u00e4znen\u00e1.<\/p>\n<figure itemscope itemtype=\"https:\/\/schema.org\/ImageObject\">\n\t\t\t\t<img decoding=\"async\" src=\"https:\/\/shrimataji.org\/test\/wp-content\/uploads\/2018\/07\/media_originals\/images\/shri-mataji-portraits\/shri-mataji-in-delhi-india-feb-1983-683x1024.jpg\" alt=\"Shri Mataji in Delhi, ca. 09.02.1983\" height=\"1024\" width=\"683\" title=\"shri-mataji-in-delhi-india-feb-1983\" onerror=\"this.style.display='none'\" loading=\"lazy\" \/>\n\t\t\n\t<\/figure>\n\t<p>V roku 1947 sa vydala za <a href=\"https:\/\/shrimataji.org\/test\/sk\/pan-c-p-srivastava\/\" target=\"_blank\" rel=\"noopener\">Chandriku Prasada \u0160rivastavu<\/a>, vysokopostaven\u00e9ho indick\u00e9ho \u0161t\u00e1tneho \u00faradn\u00edka, ktor\u00e9ho kari\u00e9ra zah\u0155\u0148ala p\u00f4sobenie ako osobn\u00e9ho tajomn\u00edka zosnul\u00e9ho indick\u00e9ho premi\u00e9ra Lala Bahadura \u0160astriho, ako aj \u0161tyri po sebe nasleduj\u00face funk\u010dn\u00e9 obdobia ako gener\u00e1lneho tajomn\u00edka Medzin\u00e1rodnej n\u00e1mornej organiz\u00e1cie OSN. Mali dve dc\u00e9ry. Po\u010das tohto obdobia, ke\u010f vychov\u00e1vala svoje dc\u00e9ry a podporovala kari\u00e9ru svojho v\u00fdznamn\u00e9ho man\u017eela, si \u0160r\u00ed Matad\u017ei na\u010falej zachov\u00e1vala l\u00e1skav\u00fd z\u00e1ujem o svet okolo seba. Stret\u00e1vala sa s \u013eu\u010fmi z r\u00f4znych kraj\u00edn, kult\u00far, spolo\u010densk\u00fdch vrstiev a prostred\u00ed a pristupovala k nim s \u00faprimnou \u00factou. \u010ci u\u017e diskutovala o \u0161t\u00e1tnych z\u00e1le\u017eitostiach s v\u00fdznamn\u00fdmi politick\u00fdmi l\u00eddrami alebo o rodinn\u00fdch probl\u00e9moch s taxik\u00e1rom, v\u017edy bola otvoren\u00e1 po\u010d\u00fava\u0165 a porozumie\u0165. Vystupovala proti predsudkom, poskytovala ochranu t\u00fdm, ktor\u00ed ju potrebovali, venovala sa charitat\u00edvnej \u010dinnosti, podporovala kult\u00faru prostredn\u00edctvom hudby a filmu, starala sa o krajinu a viedla ru\u0161n\u00fa dom\u00e1cnos\u0165. Bola miluj\u00facou man\u017eelkou, matkou a sestrou. Nesk\u00f4r sa stala aj starou mamou.<\/p>\n<p>Po cel\u00fd \u010das prehlbovala svoje ch\u00e1panie \u013eudskej povahy, pri\u010dom s\u00fastredila svoju pozornos\u0165 na to, ako \u010do najlep\u0161ie pom\u00f4c\u0165 \u013eudsk\u00fdm bytostiam naplni\u0165 ich najvy\u0161\u0161\u00ed potenci\u00e1l. Postupne pri\u0161la k pochopeniu, \u017ee tak\u00e1to premena m\u00f4\u017ee nasta\u0165 len prostredn\u00edctvom procesu Sebarealiz\u00e1cie, \u010do znamen\u00e1 aktiv\u00e1ciu vrodenej subt\u00edlnej energie (naz\u00fdvanej <a href=\"https:\/\/shrimataji.org\/test\/sk\/kundaliny\/\" target=\"_blank\" rel=\"noopener\">Kundalini<\/a>), ktor\u00e1 je pr\u00edtomn\u00e1 v ka\u017edom z n\u00e1s. Prebudenie tejto energie bolo nie\u010d\u00edm, \u010do \u0160r\u00ed Matad\u017ei najprv sama za\u017eila, a potom zasv\u00e4tila svoj \u017eivot tomu, aby t\u00fato sk\u00fasenos\u0165 \u010falej odovzd\u00e1vala ostatn\u00fdm.<\/p>\n<p>D\u0148a <a href=\"https:\/\/shrimataji.org\/test\/sk\/klucovy-okamih\/\" target=\"_blank\" rel=\"noopener\">5. m\u00e1ja 1970 za\u010dala \u0160r\u00ed Matad\u017ei svoje \u017eivotn\u00e9 duchovn\u00e9 dielo<\/a>. Vo veku 47 rokov objavila sp\u00f4sob a vyvinula met\u00f3du, ako d\u00e1va\u0165 Sebarealiz\u00e1ciu hromadne. \u017delala si pon\u00faknu\u0165 skuto\u010dn\u00fa sk\u00fasenos\u0165, ktor\u00fa by \u013eudia mohli vyu\u017ei\u0165 na svoju vn\u00fatorn\u00fa premenu a na uzdravenie. Na rozdiel od mnoh\u00fdch takzvan\u00fdch guruov, ktor\u00ed zneu\u017e\u00edvali \u013eud\u00ed, h\u013eadaj\u00facich duchovn\u00e9 poznanie, \u0160r\u00ed Matad\u017ei chcela, aby h\u013eadaj\u00faci z\u00edskali toto poznanie sami a stali sa vn\u00fatorne siln\u00fdmi. Vystupovala proti v\u0161etk\u00fdm falo\u0161n\u00fdm guruom a po\u010das cel\u00e9ho svojho \u017eivota varovala pred podvodn\u00fdmi a zneu\u017e\u00edvaj\u00facimi duchovn\u00fdmi praktikami.<\/p>\n<p>Ke\u010f sa jej man\u017eel stal gener\u00e1lnym tajomn\u00edkom Medzin\u00e1rodnej n\u00e1mornej organiz\u00e1cie OSN, \u0160r\u00ed Matad\u017ei sa s n\u00edm pres\u0165ahovala do Lond\u00fdna a za\u010dala svoju duchovn\u00fa pr\u00e1cu s malou skupinou \u013eud\u00ed. Cestovala po Spojenom kr\u00e1\u013eovstve, kde predn\u00e1\u0161ala a poskytovala sk\u00fasenos\u0165 Sebarealiz\u00e1cie. Za tieto programy si nikdy ne\u00fa\u010dtovala peniaze, pri\u010dom trvala na tom, \u017ee prebudenie tejto duchovnej energie, ktor\u00e1 sp\u00ed v ka\u017edom \u010dloveku, je ich vroden\u00fdm pr\u00e1vom, a preto za to nemo\u017eno po\u017eadova\u0165 peniaze. Ke\u010f si \u013eudia okolo nej za\u010dali uvedomova\u0165 jej v\u00fdnimo\u010dn\u00e9 duchovn\u00e9 a matersk\u00e9 vlastnosti, \u010doskoro z\u00edskala \u010destn\u00fd titul \u201e\u0160r\u00ed Matad\u017ei&#8221;, \u010do znamen\u00e1 \u201eRe\u0161pektovan\u00e1 Matka&#8221;.<\/p>\n<p>Met\u00f3da medit\u00e1cie prostredn\u00edctvom Sebarealiz\u00e1cie, ktor\u00fa vyvinula \u0160r\u00ed Matad\u017ei, sa naz\u00fdvala Sahad\u017ea joga. Po\u010das 80. rokov \u0160r\u00ed Matad\u017ei ne\u00fanavne a nepretr\u017eite cestovala po Eur\u00f3pe, Austr\u00e1lii a Severnej Amerike, kde t\u00fato met\u00f3du u\u010dila zdarma v\u0161etk\u00fdch, ktor\u00ed mali z\u00e1ujem. V 90. rokoch sa jej cesty roz\u0161\u00edrili do Ju\u017enej Ameriky, Afriky, Ruska, V\u00fdchodnej Eur\u00f3py, \u00c1zie a Tichomoria.<\/p>\n<p>In\u0161tit\u00facie po celom svete jej udelili <a href=\"https:\/\/shrimataji.org\/test\/sk\/ocenenia\/\" target=\"_blank\" rel=\"noopener\">\u010destn\u00e9 ocenenia a doktor\u00e1ty<\/a>. V roku 1995 vyst\u00fapila na <a href=\"https:\/\/shrimataji.org\/test\/sk\/stvrta-svetova-konferencia-zien-osn\/\" target=\"_blank\" rel=\"noopener\">\u0160tvrtej svetovej konferencii \u017eien v Pekingu<\/a>. V roku 1997 Claes Nobel hovoril o jej nomin\u00e1cii na Nobelovu cenu za mier v Royal Albert Hall v Lond\u00fdne. Ako ve\u013ek\u00fd obdivovate\u013e \u0160r\u00ed Matad\u017ei a Sahad\u017ea jogy vyhl\u00e1sil, \u017ee je to \u201ezdroj n\u00e1deje pre \u013eudstvo&#8221; a \u201ereferen\u010dn\u00fd bod pre ur\u010denie spr\u00e1vneho od nespr\u00e1vneho&#8221;.<\/p>\n<div class=\"su-quote su-quote-style-default\"><div class=\"su-quote-inner su-u-clearfix su-u-trim\">M\u00f4j \u017eivot je teraz \u00faplne zasv\u00e4ten\u00fd blahu a dobro\u010dinnosti \u013eudstvu.&#8221;\u201eM\u00f4j \u017eivot je teraz \u00faplne zasv\u00e4ten\u00fd blahu a dobro\u010dinnosti \u013eudstvu.<\/div><\/div>\n<p>\u0160r\u00ed Matad\u017ei verila, \u017ee potenci\u00e1l hromadnej Sebarealiz\u00e1cie a holistick\u00e9 v\u00fdhody medit\u00e1cie Sahad\u017ea jogy pre osobn\u00fd a spolo\u010densk\u00fd \u017eivot jednotlivca s\u00fa z\u00e1kladom pre skuto\u010dn\u00fa <a href=\"https:\/\/shrimataji.org\/test\/sk\/transformacia-spolocnosti\/\" target=\"_blank\" rel=\"noopener\">transform\u00e1ciu spolo\u010dnosti<\/a>. Zalo\u017eila mnoho mimovl\u00e1dnych organiz\u00e1ci\u00ed, ktor\u00e9 sa riadili princ\u00edpmi tejto jedine\u010dnej vn\u00fatornej transform\u00e1cie, vr\u00e1tane domova pre bezdomovkyne a deti, nieko\u013ek\u00fdch medzin\u00e1rodn\u00fdch \u0161k\u00f4l, holistick\u00e9ho centra pre zdravie a v\u00fdskum a medzin\u00e1rodnej akad\u00e9mie, ktor\u00e1 podporovala klasick\u00fa hudbu a v\u00fdtvarn\u00e9 umenie.<\/p>\n<p>D\u0148a 23. febru\u00e1ra 2011 \u0160r\u00ed Matad\u017ei odi\u0161la v pokoji vo veku 87 rokov v Janove, v Taliansku.<\/p>\n<p>Jej dedi\u010dstvo \u017eije \u010falej, ke\u010f\u017ee sk\u00fasenos\u0165 Sebarealiz\u00e1cie na\u010falej men\u00ed nespo\u010detn\u00e9 \u017eivoty pod l\u00e1skyplnou starostlivos\u0165ou \u013eud\u00ed praktizuj\u00facich Sahad\u017ea jogu a medita\u010dn\u00fdch centier zalo\u017een\u00fdch vo viac ako 100 krajin\u00e1ch, kde sa Sahad\u017ea joga vyu\u010duje v\u017edy zdarma.<\/p>\n<div class=\"su-quote su-quote-style-default\"><div class=\"su-quote-inner su-u-clearfix su-u-trim\">A ako oce\u00e1n, ktor\u00fd dosiahne na v\u0161etky pobre\u017eia a potom sa v\u0161etky vlnky vr\u00e1tia a vytvoria vzor, takto som videla cel\u00fd svoj \u017eivot ako n\u00e1dhern\u00fa predlohu. A t\u00fa n\u00e1dhern\u00fa sple\u0165 nemo\u017eno op\u00edsa\u0165 slovami.<\/div><\/div>\n\t<h4>Na stiahnutie<\/h4>\n<p><a href=\"https:\/\/shrimataji.org\/test\/wp-content\/uploads\/2026\/03\/SVK_Shri-mataji-nirmala-devi-short-biography-and-awards.pdf\" target=\"_blank\" rel=\"noopener\">\u0160r\u00ed Matad\u017ei Nirmala Devi: Kr\u00e1tky \u017eivotopis a zoznam ocenen\u00ed<\/a>\u00a0(pdf\/679kb)<\/p>\n<p><a href=\"https:\/\/shrimataji.org\/test\/wp-content\/uploads\/2026\/03\/SK_Shri-mataji-nirmala-devi-timeline-of-life-events1-preklad.pdf\" target=\"_blank\" rel=\"noopener\">\u0160r\u00ed Matad\u017ei Nirmala Devi: \u010casov\u00e1 os udalost\u00ed<\/a>\u00a0(pdf\/623kb)<\/p>\n\n","protected":false},"excerpt":{"rendered":"<p>\u0160r\u00ed Matad\u017ei Pr\u00edbeh celo\u017eivotn\u00e9ho nasadenia Ne\u00fanavne precestovala tis\u00edce kilometrov po celom svete, do od\u013eahl\u00fdch dediniek, a\u017e po mest\u00e1 a metropoly, nezi\u0161tne sa so v\u0161etk\u00fdmi delila o svoj jedine\u010dn\u00fd objav prav\u00e9ho duchovn\u00e9ho osvietenia cez sk\u00fasenos\u0165 Sebarealiz\u00e1cie, \u010d\u00edm prin\u00e1\u0161ala prevratn\u00fa spolo\u010densk\u00fa zmenu zalo\u017een\u00fa na vn\u00fatornej transform\u00e1cii. V\u0161etky tieto a mnoh\u00e9 \u010fal\u0161ie vz\u00e1cne okamihy poskytuj\u00fa poh\u013ead do celo\u017eivotn\u00e9ho&hellip; <br \/> <a class=\"read-more\" href=\"https:\/\/shrimataji.org\/test\/sk\/sri-matadzi\/\">Read more<\/a><\/p>\n","protected":false},"author":28,"featured_media":9599,"parent":0,"menu_order":0,"comment_status":"closed","ping_status":"closed","template":"","meta":{"inline_featured_image":false,"footnotes":""},"class_list":["post-12433","page","type-page","status-publish","has-post-thumbnail","hentry"],"yoast_head":"<!-- This site is optimized with the Yoast SEO plugin v27.4 - https:\/\/yoast.com\/product\/yoast-seo-wordpress\/ -->\n<title>\u0160r\u00ed Matad\u017ei - TEST - SMND<\/title>\n<meta name=\"robots\" content=\"noindex, follow, max-snippet:-1, max-image-preview:large, max-video-preview:-1\" \/>\n<meta property=\"og:locale\" content=\"en_US\" \/>\n<meta property=\"og:type\" content=\"article\" \/>\n<meta property=\"og:title\" content=\"\u0160r\u00ed Matad\u017ei - TEST - SMND\" \/>\n<meta property=\"og:description\" content=\"\u0160r\u00ed Matad\u017ei Pr\u00edbeh celo\u017eivotn\u00e9ho nasadenia Ne\u00fanavne precestovala tis\u00edce kilometrov po celom svete, do od\u013eahl\u00fdch dediniek, a\u017e po mest\u00e1 a metropoly, nezi\u0161tne sa so v\u0161etk\u00fdmi delila o svoj jedine\u010dn\u00fd objav prav\u00e9ho duchovn\u00e9ho osvietenia cez sk\u00fasenos\u0165 Sebarealiz\u00e1cie, \u010d\u00edm prin\u00e1\u0161ala prevratn\u00fa spolo\u010densk\u00fa zmenu zalo\u017een\u00fa na vn\u00fatornej transform\u00e1cii. V\u0161etky tieto a mnoh\u00e9 \u010fal\u0161ie vz\u00e1cne okamihy poskytuj\u00fa poh\u013ead do celo\u017eivotn\u00e9ho&hellip; Read more\" \/>\n<meta property=\"og:url\" content=\"https:\/\/shrimataji.org\/test\/sk\/sri-matadzi\/\" \/>\n<meta property=\"og:site_name\" content=\"TEST - SMND\" \/>\n<meta property=\"article:publisher\" content=\"https:\/\/www.facebook.com\/shrimataji\" \/>\n<meta property=\"article:modified_time\" content=\"2026-03-04T16:27:04+00:00\" \/>\n<meta property=\"og:image\" content=\"https:\/\/shrimataji.org\/test\/wp-content\/uploads\/2023\/03\/test_banner_inner_shrimataji-scaled.jpg\" \/>\n\t<meta property=\"og:image:width\" content=\"2560\" \/>\n\t<meta property=\"og:image:height\" content=\"1067\" \/>\n\t<meta property=\"og:image:type\" content=\"image\/jpeg\" \/>\n<meta name=\"twitter:card\" content=\"summary_large_image\" \/>\n<meta name=\"twitter:site\" content=\"@shrimataji\" \/>\n<meta name=\"twitter:label1\" content=\"Est. reading time\" \/>\n\t<meta name=\"twitter:data1\" content=\"5 minutes\" \/>\n<script type=\"application\/ld+json\" class=\"yoast-schema-graph\">{\"@context\":\"https:\\\/\\\/schema.org\",\"@graph\":[{\"@type\":\"WebPage\",\"@id\":\"https:\\\/\\\/shrimataji.org\\\/test\\\/sk\\\/sri-matadzi\\\/\",\"url\":\"https:\\\/\\\/shrimataji.org\\\/test\\\/sk\\\/sri-matadzi\\\/\",\"name\":\"\u0160r\u00ed Matad\u017ei - TEST - SMND\",\"isPartOf\":{\"@id\":\"https:\\\/\\\/shrimataji.org\\\/test\\\/#website\"},\"primaryImageOfPage\":{\"@id\":\"https:\\\/\\\/shrimataji.org\\\/test\\\/sk\\\/sri-matadzi\\\/#primaryimage\"},\"image\":{\"@id\":\"https:\\\/\\\/shrimataji.org\\\/test\\\/sk\\\/sri-matadzi\\\/#primaryimage\"},\"thumbnailUrl\":\"https:\\\/\\\/shrimataji.org\\\/test\\\/wp-content\\\/uploads\\\/2023\\\/03\\\/test_banner_inner_shrimataji-scaled.jpg\",\"datePublished\":\"2018-07-10T06:54:42+00:00\",\"dateModified\":\"2026-03-04T16:27:04+00:00\",\"breadcrumb\":{\"@id\":\"https:\\\/\\\/shrimataji.org\\\/test\\\/sk\\\/sri-matadzi\\\/#breadcrumb\"},\"inLanguage\":\"en-US\",\"potentialAction\":[{\"@type\":\"ReadAction\",\"target\":[\"https:\\\/\\\/shrimataji.org\\\/test\\\/sk\\\/sri-matadzi\\\/\"]}]},{\"@type\":\"ImageObject\",\"inLanguage\":\"en-US\",\"@id\":\"https:\\\/\\\/shrimataji.org\\\/test\\\/sk\\\/sri-matadzi\\\/#primaryimage\",\"url\":\"https:\\\/\\\/shrimataji.org\\\/test\\\/wp-content\\\/uploads\\\/2023\\\/03\\\/test_banner_inner_shrimataji-scaled.jpg\",\"contentUrl\":\"https:\\\/\\\/shrimataji.org\\\/test\\\/wp-content\\\/uploads\\\/2023\\\/03\\\/test_banner_inner_shrimataji-scaled.jpg\",\"width\":2560,\"height\":1067},{\"@type\":\"BreadcrumbList\",\"@id\":\"https:\\\/\\\/shrimataji.org\\\/test\\\/sk\\\/sri-matadzi\\\/#breadcrumb\",\"itemListElement\":[{\"@type\":\"ListItem\",\"position\":1,\"name\":\"Home\",\"item\":\"https:\\\/\\\/shrimataji.org\\\/test\\\/uk\\\/home-en\\\/\"},{\"@type\":\"ListItem\",\"position\":2,\"name\":\"\u0160r\u00ed Matad\u017ei\"}]},{\"@type\":\"WebSite\",\"@id\":\"https:\\\/\\\/shrimataji.org\\\/test\\\/#website\",\"url\":\"https:\\\/\\\/shrimataji.org\\\/test\\\/\",\"name\":\"Shri Mataji Nirmala Devi\",\"description\":\"A Life Dedicated to Humanity\",\"publisher\":{\"@id\":\"https:\\\/\\\/shrimataji.org\\\/test\\\/#\\\/schema\\\/person\\\/a1b3419c6585f164aa96da1ff85715d1\"},\"potentialAction\":[{\"@type\":\"SearchAction\",\"target\":{\"@type\":\"EntryPoint\",\"urlTemplate\":\"https:\\\/\\\/shrimataji.org\\\/test\\\/?s={search_term_string}\"},\"query-input\":{\"@type\":\"PropertyValueSpecification\",\"valueRequired\":true,\"valueName\":\"search_term_string\"}}],\"inLanguage\":\"en-US\"},{\"@type\":[\"Person\",\"Organization\"],\"@id\":\"https:\\\/\\\/shrimataji.org\\\/test\\\/#\\\/schema\\\/person\\\/a1b3419c6585f164aa96da1ff85715d1\",\"name\":\"Nirmala Shrivastava\",\"image\":{\"@type\":\"ImageObject\",\"inLanguage\":\"en-US\",\"@id\":\"https:\\\/\\\/shrimataji.org\\\/test\\\/wp-content\\\/uploads\\\/2023\\\/02\\\/SMO_LOGO-03.svg\",\"url\":\"https:\\\/\\\/shrimataji.org\\\/test\\\/wp-content\\\/uploads\\\/2023\\\/02\\\/SMO_LOGO-03.svg\",\"contentUrl\":\"https:\\\/\\\/shrimataji.org\\\/test\\\/wp-content\\\/uploads\\\/2023\\\/02\\\/SMO_LOGO-03.svg\",\"width\":\"1024\",\"height\":\"1024\",\"caption\":\"Nirmala Shrivastava\"},\"logo\":{\"@id\":\"https:\\\/\\\/shrimataji.org\\\/test\\\/wp-content\\\/uploads\\\/2023\\\/02\\\/SMO_LOGO-03.svg\"},\"sameAs\":[\"https:\\\/\\\/shrimataji.org\\\/test\",\"https:\\\/\\\/www.facebook.com\\\/shrimataji\",\"https:\\\/\\\/x.com\\\/shrimataji\",\"https:\\\/\\\/www.youtube.com\\\/@Shri_Mataji_Nirmala_Devi\\\/featured\"]}]}<\/script>\n<!-- \/ Yoast SEO plugin. -->","yoast_head_json":{"title":"\u0160r\u00ed Matad\u017ei - TEST - SMND","robots":{"index":"noindex","follow":"follow","max-snippet":"max-snippet:-1","max-image-preview":"max-image-preview:large","max-video-preview":"max-video-preview:-1"},"og_locale":"en_US","og_type":"article","og_title":"\u0160r\u00ed Matad\u017ei - TEST - SMND","og_description":"\u0160r\u00ed Matad\u017ei Pr\u00edbeh celo\u017eivotn\u00e9ho nasadenia Ne\u00fanavne precestovala tis\u00edce kilometrov po celom svete, do od\u013eahl\u00fdch dediniek, a\u017e po mest\u00e1 a metropoly, nezi\u0161tne sa so v\u0161etk\u00fdmi delila o svoj jedine\u010dn\u00fd objav prav\u00e9ho duchovn\u00e9ho osvietenia cez sk\u00fasenos\u0165 Sebarealiz\u00e1cie, \u010d\u00edm prin\u00e1\u0161ala prevratn\u00fa spolo\u010densk\u00fa zmenu zalo\u017een\u00fa na vn\u00fatornej transform\u00e1cii. V\u0161etky tieto a mnoh\u00e9 \u010fal\u0161ie vz\u00e1cne okamihy poskytuj\u00fa poh\u013ead do celo\u017eivotn\u00e9ho&hellip; Read more","og_url":"https:\/\/shrimataji.org\/test\/sk\/sri-matadzi\/","og_site_name":"TEST - SMND","article_publisher":"https:\/\/www.facebook.com\/shrimataji","article_modified_time":"2026-03-04T16:27:04+00:00","og_image":[{"width":2560,"height":1067,"url":"https:\/\/shrimataji.org\/test\/wp-content\/uploads\/2023\/03\/test_banner_inner_shrimataji-scaled.jpg","type":"image\/jpeg"}],"twitter_card":"summary_large_image","twitter_site":"@shrimataji","twitter_misc":{"Est. reading time":"5 minutes"},"schema":{"@context":"https:\/\/schema.org","@graph":[{"@type":"WebPage","@id":"https:\/\/shrimataji.org\/test\/sk\/sri-matadzi\/","url":"https:\/\/shrimataji.org\/test\/sk\/sri-matadzi\/","name":"\u0160r\u00ed Matad\u017ei - TEST - SMND","isPartOf":{"@id":"https:\/\/shrimataji.org\/test\/#website"},"primaryImageOfPage":{"@id":"https:\/\/shrimataji.org\/test\/sk\/sri-matadzi\/#primaryimage"},"image":{"@id":"https:\/\/shrimataji.org\/test\/sk\/sri-matadzi\/#primaryimage"},"thumbnailUrl":"https:\/\/shrimataji.org\/test\/wp-content\/uploads\/2023\/03\/test_banner_inner_shrimataji-scaled.jpg","datePublished":"2018-07-10T06:54:42+00:00","dateModified":"2026-03-04T16:27:04+00:00","breadcrumb":{"@id":"https:\/\/shrimataji.org\/test\/sk\/sri-matadzi\/#breadcrumb"},"inLanguage":"en-US","potentialAction":[{"@type":"ReadAction","target":["https:\/\/shrimataji.org\/test\/sk\/sri-matadzi\/"]}]},{"@type":"ImageObject","inLanguage":"en-US","@id":"https:\/\/shrimataji.org\/test\/sk\/sri-matadzi\/#primaryimage","url":"https:\/\/shrimataji.org\/test\/wp-content\/uploads\/2023\/03\/test_banner_inner_shrimataji-scaled.jpg","contentUrl":"https:\/\/shrimataji.org\/test\/wp-content\/uploads\/2023\/03\/test_banner_inner_shrimataji-scaled.jpg","width":2560,"height":1067},{"@type":"BreadcrumbList","@id":"https:\/\/shrimataji.org\/test\/sk\/sri-matadzi\/#breadcrumb","itemListElement":[{"@type":"ListItem","position":1,"name":"Home","item":"https:\/\/shrimataji.org\/test\/uk\/home-en\/"},{"@type":"ListItem","position":2,"name":"\u0160r\u00ed Matad\u017ei"}]},{"@type":"WebSite","@id":"https:\/\/shrimataji.org\/test\/#website","url":"https:\/\/shrimataji.org\/test\/","name":"Shri Mataji Nirmala Devi","description":"A Life Dedicated to Humanity","publisher":{"@id":"https:\/\/shrimataji.org\/test\/#\/schema\/person\/a1b3419c6585f164aa96da1ff85715d1"},"potentialAction":[{"@type":"SearchAction","target":{"@type":"EntryPoint","urlTemplate":"https:\/\/shrimataji.org\/test\/?s={search_term_string}"},"query-input":{"@type":"PropertyValueSpecification","valueRequired":true,"valueName":"search_term_string"}}],"inLanguage":"en-US"},{"@type":["Person","Organization"],"@id":"https:\/\/shrimataji.org\/test\/#\/schema\/person\/a1b3419c6585f164aa96da1ff85715d1","name":"Nirmala Shrivastava","image":{"@type":"ImageObject","inLanguage":"en-US","@id":"https:\/\/shrimataji.org\/test\/wp-content\/uploads\/2023\/02\/SMO_LOGO-03.svg","url":"https:\/\/shrimataji.org\/test\/wp-content\/uploads\/2023\/02\/SMO_LOGO-03.svg","contentUrl":"https:\/\/shrimataji.org\/test\/wp-content\/uploads\/2023\/02\/SMO_LOGO-03.svg","width":"1024","height":"1024","caption":"Nirmala Shrivastava"},"logo":{"@id":"https:\/\/shrimataji.org\/test\/wp-content\/uploads\/2023\/02\/SMO_LOGO-03.svg"},"sameAs":["https:\/\/shrimataji.org\/test","https:\/\/www.facebook.com\/shrimataji","https:\/\/x.com\/shrimataji","https:\/\/www.youtube.com\/@Shri_Mataji_Nirmala_Devi\/featured"]}]}},"lang":"sk","translations":{"sk":12433,"ur":37503,"en":391,"pa":25918,"gu":25521,"th":20061,"hu":19566,"sq":18478,"zh":17375,"hi":8496,"tr":10210,"pt":10420,"de":10694,"fr":10792,"it":10890,"es":10987,"ja":11285,"ru":11473,"bn":11664,"te":11772,"sw":11895,"he":12043,"el":12335,"fa":12531,"fi":12629,"bg":13463,"ro":14535,"cs":14728,"nl":16638,"ku":16798,"ar":16974,"be":18685,"kn":18959,"mr":20425,"uk":20719,"ml":21014,"ta":22796,"sv":23066,"bs":27296,"fil":29515,"sd":31010,"da":37812,"pl":38022,"nn":38364},"pll_sync_post":[],"_links":{"self":[{"href":"https:\/\/shrimataji.org\/test\/wp-json\/wp\/v2\/pages\/12433","targetHints":{"allow":["GET"]}}],"collection":[{"href":"https:\/\/shrimataji.org\/test\/wp-json\/wp\/v2\/pages"}],"about":[{"href":"https:\/\/shrimataji.org\/test\/wp-json\/wp\/v2\/types\/page"}],"author":[{"embeddable":true,"href":"https:\/\/shrimataji.org\/test\/wp-json\/wp\/v2\/users\/28"}],"replies":[{"embeddable":true,"href":"https:\/\/shrimataji.org\/test\/wp-json\/wp\/v2\/comments?post=12433"}],"version-history":[{"count":0,"href":"https:\/\/shrimataji.org\/test\/wp-json\/wp\/v2\/pages\/12433\/revisions"}],"wp:featuredmedia":[{"embeddable":true,"href":"https:\/\/shrimataji.org\/test\/wp-json\/wp\/v2\/media\/9599"}],"wp:attachment":[{"href":"https:\/\/shrimataji.org\/test\/wp-json\/wp\/v2\/media?parent=12433"}],"curies":[{"name":"wp","href":"https:\/\/api.w.org\/{rel}","templated":true}]}}