{"id":12434,"date":"2012-11-01T12:00:00","date_gmt":"2012-11-01T12:00:00","guid":{"rendered":"http:\/\/testwordpress.nirmalnagari.org\/smnd\/index.php\/sir-c-p-srivastava\/"},"modified":"2026-02-19T15:46:49","modified_gmt":"2026-02-19T15:46:49","slug":"pan-c-p-srivastava","status":"publish","type":"page","link":"https:\/\/shrimataji.org\/test\/sk\/pan-c-p-srivastava\/","title":{"rendered":"P\u00e1n C, P. \u0160rivastava"},"content":{"rendered":"\n\n\t<h1>P\u00e1n C, P. \u0160rivastava<\/h1>\n<h2>Mal\u00fd velik\u00e1n-P\u00e1n C.P.<\/h2>\n\t<h4>\u0160ri Matad\u017ei Nirmala Devi je zn\u00e1ma po celom svete ako in\u0161piuj\u00faca sila v pozad\u00ed Sahad\u017ea jogy. Popri jej sl\u00e1ve duchovn\u00e9ho vodcu sa s\u00fa\u010dasne vyv\u00edjala kari\u00e9ra jej man\u017eela, p\u00e1na \u010candriku Prasada \u0160rivastavu.<\/h4>\n<p>T\u00ed, ktor\u00ed mali to \u0161\u0165astie tr\u00e1vi\u0165 \u010das so \u0160ri Matad\u017ei osobne, mali tie\u017e t\u00fa \u010des\u0165 spozna\u0165 d\u00f4stojn\u00fa, vysok\u00fa, osobu jemn\u00e9ho prejavu ,P\u00e1na C.P. &#8211; ako ho l\u00e1skavo naz\u00fdvali..<\/p>\n<figure itemscope itemtype=\"https:\/\/schema.org\/ImageObject\">\n\t\t\t\t<img decoding=\"async\" src=\"https:\/\/shrimataji.org\/test\/wp-content\/uploads\/2026\/01\/SK_shri-mataji-sir-cp-kalpana-sadhana-family-london-uk-1.jpg\" alt=\"P\u00e1n C. P. predv\u00e1dza svoj rytiersky titul po boku \u0160ri Matad\u017ei a s dc\u00e9rami Kalpanou a Sadanou.\" height=\"2206\" width=\"1500\" title=\"SK_shri-mataji-sir-cp-kalpana-sadhana-family-london-uk-1\" onerror=\"this.style.display='none'\" loading=\"lazy\" \/>\n\t\t<figcaption>P\u00e1n C. P. predv\u00e1dza svoj rytiersky titul po boku \u0160ri Matad\u017ei a s dc\u00e9rami Kalpanou a Sadanou.<\/figcaption>\n\t<\/figure>\n\t<p>P\u00e1n C, P. \u0160rivastava bol popredn\u00fdm \u0161t\u00e1tnikom, ktor\u00fd zast\u00e1val \u0161tyri po sebe nasleduj\u00face funk\u010dn\u00e9 obdobia funkciu gener\u00e1lneho tajomn\u00edka Medzin\u00e1rodnej n\u00e1mornej organiz\u00e1cie OSN, po\u010das ktor\u00fdch bol kr\u00e1\u013eovnou Al\u017ebetou II. pasovan\u00fd za rytiera.<\/p>\n<p>P\u00e1n C.P. a \u0160ri Matad\u017ei sa zosob\u00e1\u0161ili, ke\u010f bol relat\u00edvne nezn\u00e1mym mlad\u00fdm d\u00f4stojn\u00edkom v indickej \u0161t\u00e1tnej slu\u017ebe a \u010dasto kr\u00e1t podotkol, \u017ee jeho z\u00e1vr\u00e1tn\u00fd profesion\u00e1lny \u00faspech bol do zna\u010dnej miery sp\u00f4soben\u00fd t\u00fdm, \u017ee nasledoval rady a intu\u00edciu svojej man\u017eelky.<\/p>\n<p>Kr\u00e1tko po sob\u00e1\u0161i dostal z\u00e1videnia hodn\u00fa ponuku, \u010di sk\u00f4r vo\u013ebu bu\u010f vst\u00fapi\u0165 do elitnej indickej administrat\u00edvnej slu\u017eby, alebo \u00eds\u0165 do prest\u00ed\u017eneho diplomatick\u00e9ho zboru. Jeho priatelia ho povzbudzovali, aby sa stal diplomatom, preto\u017ee potom m\u00f4\u017ee by\u0165 len ot\u00e1zkou \u010dasu, kedy sa stane ve\u013evyslancom.<\/p>\n<p>Ale pani \u0160r\u00edvastava bez v\u00e1hania povedala: &#8220;Nie, osta\u0148me v na\u0161ej krajine a sl\u00fa\u017eme jej.&#8221; Nikto by nebol predpovedal \u010do sa stane potom, ke\u010f sa p\u00e1n C.P. v\u010faka s\u00e9rii nepredv\u00eddate\u013en\u00fdch stretnut\u00ed stal osobn\u00fdm tajomn\u00edkom nikoho in\u00e9ho ako prem\u00ed\u00e9rea Indie Lal Bahadura \u0160astriho.<\/p>\n\t\t<img decoding=\"async\" data-spai-excluded=\"true\" loading=\"lazy\"  alt=\"YouTube player\"  src=\"https:\/\/i.ytimg.com\/vi\/10r04eFnN3w\/maxresdefault.jpg\"  \/><button aria-label=\"Play\"><\/button><meta itemprop=\"embedUrl\" content=\"https:\/\/www.youtube.com\/embed\/10r04eFnN3w\"\/><meta itemprop=\"name\" content=\"What I Have Seen: A Stress Free Life\"\/><meta itemprop=\"description\" content=\"Speaking on the topic of stress management, Sir C.P. Srivastava, the husband of Shri Mataji, describes the value of Sahaja Yoga meditation. His perspective is unique, but not unusual. In this candid speech, he describes himself as a man able to do his job well, but now able to face life devoid of stress. &#039;It is a matter of wanting to achieve that transformation,&#039; he says. Nothing needs to be given up. &#039;I am telling you what I have seen.&#039; More videos at: http:\/\/ShriMataji.org ~ A Life Dedicated to Humanity ~\"\/><meta itemprop=\"thumbnailUrl\" content=\"https:\/\/i.ytimg.com\/vi\/10r04eFnN3w\/0.jpg\"\/><meta itemprop=\"duration\" content=\"PT10M46S\"\/><meta itemprop=\"uploadDate\" content=\"2020-07-20T00:05:20Z\"\/>\t\n\t<p>Ke\u010f sa na to pozrieme sp\u00e4tne, bola to ve\u013emi priazniv\u00e1 zhoda okolnost\u00ed, preto\u017ee p\u00e1n \u0160astri bol v mnoh\u00fdch oh\u013eadoch stelesnen\u00edm Sahad\u017ea filozofie, ktor\u00fa zosob\u0148ovala \u0160ri Matad\u017ei a ktor\u00fa nesk\u00f4r zdie\u013eala so svetom. Po svojom odchode z verejnej slu\u017eby, p\u00e1n C.P op\u00e4\u0165 na z\u00e1klade nab\u00e1dania svojej man\u017eelky nap\u00edsal o Lal Bahadur \u0160astrim: &#8220;\u017di\u0165 pravdu v politike, ako op\u00edsal p\u00e1na Bahadur \u0160astriho, na to treba vlastnosti hinduistick\u00e9ho bo\u017estva, \u0160r\u00ed R\u00e1mu, treba ma\u0165 jeho pokoru, hlbok\u00fa \u00factu ku v\u0161etk\u00fdm \u013eu\u010fom a z\u00e1rove\u0148 ma\u0165 zmysel pre \u010des\u0165 a povinnos\u0165.&#8221;<\/p>\n\t<p>P\u00e1n C.P nap\u00edsal o tom, ako bol \u0160astri skuto\u010dne ruka v ruke s dharmou, spravodlivos\u0165ou, pravdou a mor\u00e1lkou. Ni\u010d nepredstieral . Nebol to \u010dlovek dvoch tv\u00e1r\u00ed, nebol rozdiel medzi jeho vn\u00fatrom a vonkaj\u0161\u00edm chovan\u00edm. Bol \u00faplne jednotn\u00e1 osobnos\u0165, kr\u00e1sna z vn\u00fatra aj zvonka.<\/p>\n<p>P\u00e1n \u0160astri mal ve\u013emi \u00fatlu postavu a nen\u00e1padn\u00fd vzh\u013ead s pokorn\u00fdm vystupovan\u00edm, tak\u017ee mohli ma\u0165 mnoh\u00ed \u013eudia dojem, \u017ee ho mo\u017eno \u013eahko zmanipulova\u0165.<\/p>\n<p>Kr\u00e1tko potom ako sa stal \u0160astr\u00ed premi\u00e9rom, Pakistan napadol Ka\u0161m\u00edr. \u0160astri odpovedal:: &#8220;Som mierumilovn\u00fd \u010dlovek, ale m\u00e1m \u010des\u0165 a je mojou povinnos\u0165ou premi\u00e9ra br\u00e1ni\u0165 na\u0161u krajinu.&#8221;<\/p>\n<p>Slovami p\u00e1na C.P &#8220;Tento pokojn\u00fd mu\u017e sa vzt\u00fd\u010dil ako neotrasite\u013en\u00fd kolos. &#8220;<\/p>\n<figure itemscope itemtype=\"https:\/\/schema.org\/ImageObject\">\n\t\t\t\t<img decoding=\"async\" src=\"https:\/\/shrimataji.org\/test\/wp-content\/uploads\/2026\/01\/SK_sir-c.p.-and-naval-officers-near-statue-of-lal-bahadur-shastri.jpg\" alt=\"P\u00e1n C,P stoj\u00ed s n\u00e1rmorn\u00fdmi d\u00f4stojn\u00edkmi pred sochou Lal Bahadur \u0160astriho.\" height=\"1143\" width=\"1500\" title=\"SK_sir-c.p.-and-naval-officers-near-statue-of-lal-bahadur-shastri\" onerror=\"this.style.display='none'\" loading=\"lazy\" \/>\n\t\t<figcaption>P\u00e1n C,P stoj\u00ed s n\u00e1rmorn\u00fdmi d\u00f4stojn\u00edkmi pred sochou Lal Bahadur \u0160astriho.<\/figcaption>\n\t<\/figure>\n\t<h5>&#8220;Lal Bahadur \u0160astri bol dokonale jednotn\u00fd, ni\u010d neskr\u00fdval, kr\u00e1sny zvn\u00fatra i zvonku.&#8221;<\/h5>\n<h5>P\u00e1n C,P \u0160r\u00edvastava, december 1994<\/h5>\n\t<p>Z tohto poh\u013eadu bol p\u00e1n \u0160astri nosite\u013eom G\u00e1ndiho ide\u00e1lov. &#8220;\u010co je na Indii jedine\u010dn\u00e9 je to, \u017ee tu m\u00e1me hinduistov, moslimov, kres\u0165anov, sikhov, p\u00e1rsov a \u013eud\u00ed r\u00f4znych in\u00fdch n\u00e1bo\u017eenstiev- ale nemie\u0161ame to s politikou. V tom je rozdiel medzi Indiou a Pakistanom, zatia\u013e \u010do Pakistan sa vyhlasuje za Islamsky \u0161t\u00e1t a pou\u017e\u00edva n\u00e1bo\u017eenstvo aj v politike, my Indovia m\u00e1me slobodu nasledova\u0165 n\u00e1bo\u017eenstvo ak\u00e9 chceme a uctieva\u0165 kohoko\u013evek si zvol\u00edme. Pokia\u013e ide o politiku v\u0161etci sme si rovn\u00ed, ka\u017ed\u00fd z n\u00e1s je ind.<\/p>\n\t<p>Po\u010das n\u00e1sledn\u00fdch mierov\u00fdch rokovan\u00ed z\u00edskal \u0160astri v\u0161etky znepriatelen\u00e9 strany na svoju stranu- aby spolo\u010dne vytvorili trval\u00fd mier s Pakistanom. \u0160astri v\u0161ak ne\u010dakane zomrel po\u010das tak\u00fdchto mierov\u00fdch jednan\u00ed, \u00fadajne na infarkt. P\u00e1n C. P bol pri tom a nesk\u00f4r nap\u00edsal, \u017ee mal ve\u013ek\u00e9 privil\u00e9gium, ke\u010f mohol sl\u00fa\u017ei\u0165 \u0160ri Lal Bahadur \u0160astrimu. <a href=\"https:\/\/shrimataji.org\/test\/sk\/pan-c-p-srivastava\/#citation-note-1\">[1]<\/a><\/p>\n<p>In\u0161pirovan\u00fd ve\u013ekou osobnos\u0165ou Lal Bahadur \u0160astrim a s akt\u00edvnou podporou a pomocou svojej man\u017eelky, za\u010dal p\u00e1n C.P svoju sl\u00e1vnu kari\u00e9ru &#8211; najprv ako vy\u0161\u0161\u00ed d\u00f4stojn\u00edk indickej administrat\u00edvnej slu\u017eby, potom ako predseda indickej lodnej spolo\u010dnosti a nakoniec ako najdlh\u0161ie sl\u00fa\u017eiaci gener\u00e1lny tajomn\u00edk v hist\u00f3rii Medzin\u00e1rodnej n\u00e1rmornej organiz\u00e1ie OSN.<\/p>\n<p>IMO je jedin\u00fdm org\u00e1nom s\u00eddliacim v Lond\u00fdne a po\u010das 16 rokov p\u00e1n C.P sl\u00fa\u017eil pr\u00e1ve tu, kde \u0160ri Matad\u017ei mohla prv\u00fd kr\u00e1t predstavi\u0165 svetu <a href=\"https:\/\/shrimataji.org\/test\/sk\/meditacia-sahadza-jogy\/\" target=\"_blank\" rel=\"noopener\">medit\u00e1cia Sahad\u017ea jogy<\/a>.<\/p>\n<figure itemscope itemtype=\"https:\/\/schema.org\/ImageObject\">\n\t\t\t\t<img decoding=\"async\" src=\"https:\/\/shrimataji.org\/test\/wp-content\/uploads\/2026\/01\/SK_shri-mataji-nirmala-devi-sir-cp-world-maritime-university.jpg\" alt=\"\u0160ri Matad\u017ei a p\u00e1n C.P na svetovej n\u00e1mornej univerzite vo \u0160v\u00e9dskom Malmo\" height=\"960\" width=\"655\" title=\"SK_shri-mataji-nirmala-devi-sir-cp-world-maritime-university\" onerror=\"this.style.display='none'\" loading=\"lazy\" \/>\n\t\t<figcaption>\u0160ri Matad\u017ei a p\u00e1n C.P na svetovej n\u00e1mornej univerzite vo \u0160v\u00e9dskom Malmo<\/figcaption>\n\t<\/figure>\n\t<hr \/>\n<a name=\"citation-note-1\"><\/a><br \/>\n [1] C.P \u0160rivastava &#8220;Lal Bahadur \u0160astri: \u017divot v politike veden\u00fd pravdou&#8221; Nov\u00e9 Dil\u00ed: Oxford University Press. 1995 \n\n","protected":false},"excerpt":{"rendered":"<p>P\u00e1n C, P. \u0160rivastava Mal\u00fd velik\u00e1n-P\u00e1n C.P. \u0160ri Matad\u017ei Nirmala Devi je zn\u00e1ma po celom svete ako in\u0161piuj\u00faca sila v pozad\u00ed Sahad\u017ea jogy. Popri jej sl\u00e1ve duchovn\u00e9ho vodcu sa s\u00fa\u010dasne vyv\u00edjala kari\u00e9ra jej man\u017eela, p\u00e1na \u010candriku Prasada \u0160rivastavu. T\u00ed, ktor\u00ed mali to \u0161\u0165astie tr\u00e1vi\u0165 \u010das so \u0160ri Matad\u017ei osobne, mali tie\u017e t\u00fa \u010des\u0165 spozna\u0165 d\u00f4stojn\u00fa,&hellip; <br \/> <a class=\"read-more\" href=\"https:\/\/shrimataji.org\/test\/sk\/pan-c-p-srivastava\/\">Read more<\/a><\/p>\n","protected":false},"author":28,"featured_media":9513,"parent":0,"menu_order":0,"comment_status":"closed","ping_status":"closed","template":"","meta":{"inline_featured_image":false,"footnotes":"","advanced-sidebar-menu\/link-title":"","advanced-sidebar-menu\/exclude-page":false},"class_list":["post-12434","page","type-page","status-publish","has-post-thumbnail","hentry"],"yoast_head":"<!-- This site is optimized with the Yoast SEO plugin v27.6 - https:\/\/yoast.com\/product\/yoast-seo-wordpress\/ -->\n<title>P\u00e1n C, P. \u0160rivastava - TEST - SMND<\/title>\n<meta name=\"robots\" content=\"noindex, follow, max-snippet:-1, max-image-preview:large, max-video-preview:-1\" \/>\n<meta property=\"og:locale\" content=\"en_US\" \/>\n<meta property=\"og:type\" content=\"article\" \/>\n<meta property=\"og:title\" content=\"P\u00e1n C, P. \u0160rivastava - TEST - SMND\" \/>\n<meta property=\"og:description\" content=\"P\u00e1n C, P. \u0160rivastava Mal\u00fd velik\u00e1n-P\u00e1n C.P. \u0160ri Matad\u017ei Nirmala Devi je zn\u00e1ma po celom svete ako in\u0161piuj\u00faca sila v pozad\u00ed Sahad\u017ea jogy. Popri jej sl\u00e1ve duchovn\u00e9ho vodcu sa s\u00fa\u010dasne vyv\u00edjala kari\u00e9ra jej man\u017eela, p\u00e1na \u010candriku Prasada \u0160rivastavu. T\u00ed, ktor\u00ed mali to \u0161\u0165astie tr\u00e1vi\u0165 \u010das so \u0160ri Matad\u017ei osobne, mali tie\u017e t\u00fa \u010des\u0165 spozna\u0165 d\u00f4stojn\u00fa,&hellip; Read more\" \/>\n<meta property=\"og:url\" content=\"https:\/\/shrimataji.org\/test\/sk\/pan-c-p-srivastava\/\" \/>\n<meta property=\"og:site_name\" content=\"TEST - SMND\" \/>\n<meta property=\"article:publisher\" content=\"https:\/\/www.facebook.com\/shrimataji\" \/>\n<meta property=\"article:modified_time\" content=\"2026-02-19T15:46:49+00:00\" \/>\n<meta property=\"og:image\" content=\"https:\/\/shrimataji.org\/test\/wp-content\/uploads\/2023\/03\/8_Banner-Family_CP-2-scaled.jpg\" \/>\n\t<meta property=\"og:image:width\" content=\"2560\" \/>\n\t<meta property=\"og:image:height\" content=\"905\" \/>\n\t<meta property=\"og:image:type\" content=\"image\/jpeg\" \/>\n<meta name=\"twitter:card\" content=\"summary_large_image\" \/>\n<meta name=\"twitter:site\" content=\"@shrimataji\" \/>\n<script type=\"application\/ld+json\" class=\"yoast-schema-graph\">{\"@context\":\"https:\\\/\\\/schema.org\",\"@graph\":[{\"@type\":\"WebPage\",\"@id\":\"https:\\\/\\\/shrimataji.org\\\/test\\\/sk\\\/pan-c-p-srivastava\\\/\",\"url\":\"https:\\\/\\\/shrimataji.org\\\/test\\\/sk\\\/pan-c-p-srivastava\\\/\",\"name\":\"P\u00e1n C, P. \u0160rivastava - TEST - SMND\",\"isPartOf\":{\"@id\":\"https:\\\/\\\/shrimataji.org\\\/test\\\/#website\"},\"primaryImageOfPage\":{\"@id\":\"https:\\\/\\\/shrimataji.org\\\/test\\\/sk\\\/pan-c-p-srivastava\\\/#primaryimage\"},\"image\":{\"@id\":\"https:\\\/\\\/shrimataji.org\\\/test\\\/sk\\\/pan-c-p-srivastava\\\/#primaryimage\"},\"thumbnailUrl\":\"https:\\\/\\\/shrimataji.org\\\/test\\\/wp-content\\\/uploads\\\/2023\\\/03\\\/8_Banner-Family_CP-2-scaled.jpg\",\"datePublished\":\"2012-11-01T12:00:00+00:00\",\"dateModified\":\"2026-02-19T15:46:49+00:00\",\"breadcrumb\":{\"@id\":\"https:\\\/\\\/shrimataji.org\\\/test\\\/sk\\\/pan-c-p-srivastava\\\/#breadcrumb\"},\"inLanguage\":\"en-US\",\"potentialAction\":[{\"@type\":\"ReadAction\",\"target\":[\"https:\\\/\\\/shrimataji.org\\\/test\\\/sk\\\/pan-c-p-srivastava\\\/\"]}]},{\"@type\":\"ImageObject\",\"inLanguage\":\"en-US\",\"@id\":\"https:\\\/\\\/shrimataji.org\\\/test\\\/sk\\\/pan-c-p-srivastava\\\/#primaryimage\",\"url\":\"https:\\\/\\\/shrimataji.org\\\/test\\\/wp-content\\\/uploads\\\/2023\\\/03\\\/8_Banner-Family_CP-2-scaled.jpg\",\"contentUrl\":\"https:\\\/\\\/shrimataji.org\\\/test\\\/wp-content\\\/uploads\\\/2023\\\/03\\\/8_Banner-Family_CP-2-scaled.jpg\",\"width\":2560,\"height\":905},{\"@type\":\"BreadcrumbList\",\"@id\":\"https:\\\/\\\/shrimataji.org\\\/test\\\/sk\\\/pan-c-p-srivastava\\\/#breadcrumb\",\"itemListElement\":[{\"@type\":\"ListItem\",\"position\":1,\"name\":\"Home\",\"item\":\"https:\\\/\\\/shrimataji.org\\\/test\\\/uk\\\/home-en\\\/\"},{\"@type\":\"ListItem\",\"position\":2,\"name\":\"P\u00e1n C, P. \u0160rivastava\"}]},{\"@type\":\"WebSite\",\"@id\":\"https:\\\/\\\/shrimataji.org\\\/test\\\/#website\",\"url\":\"https:\\\/\\\/shrimataji.org\\\/test\\\/\",\"name\":\"Shri Mataji Nirmala Devi\",\"description\":\"A Life Dedicated to Humanity\",\"publisher\":{\"@id\":\"https:\\\/\\\/shrimataji.org\\\/test\\\/#\\\/schema\\\/person\\\/a1b3419c6585f164aa96da1ff85715d1\"},\"potentialAction\":[{\"@type\":\"SearchAction\",\"target\":{\"@type\":\"EntryPoint\",\"urlTemplate\":\"https:\\\/\\\/shrimataji.org\\\/test\\\/?s={search_term_string}\"},\"query-input\":{\"@type\":\"PropertyValueSpecification\",\"valueRequired\":true,\"valueName\":\"search_term_string\"}}],\"inLanguage\":\"en-US\"},{\"@type\":[\"Person\",\"Organization\"],\"@id\":\"https:\\\/\\\/shrimataji.org\\\/test\\\/#\\\/schema\\\/person\\\/a1b3419c6585f164aa96da1ff85715d1\",\"name\":\"Nirmala Shrivastava\",\"image\":{\"@type\":\"ImageObject\",\"inLanguage\":\"en-US\",\"@id\":\"https:\\\/\\\/shrimataji.org\\\/test\\\/wp-content\\\/uploads\\\/2023\\\/02\\\/SMO_LOGO-03.svg\",\"url\":\"https:\\\/\\\/shrimataji.org\\\/test\\\/wp-content\\\/uploads\\\/2023\\\/02\\\/SMO_LOGO-03.svg\",\"contentUrl\":\"https:\\\/\\\/shrimataji.org\\\/test\\\/wp-content\\\/uploads\\\/2023\\\/02\\\/SMO_LOGO-03.svg\",\"width\":\"1024\",\"height\":\"1024\",\"caption\":\"Nirmala Shrivastava\"},\"logo\":{\"@id\":\"https:\\\/\\\/shrimataji.org\\\/test\\\/wp-content\\\/uploads\\\/2023\\\/02\\\/SMO_LOGO-03.svg\"},\"sameAs\":[\"https:\\\/\\\/shrimataji.org\\\/test\",\"https:\\\/\\\/www.facebook.com\\\/shrimataji\",\"https:\\\/\\\/x.com\\\/shrimataji\",\"https:\\\/\\\/www.youtube.com\\\/@Shri_Mataji_Nirmala_Devi\\\/featured\"]}]}<\/script>\n<!-- \/ Yoast SEO plugin. -->","yoast_head_json":{"title":"P\u00e1n C, P. \u0160rivastava - TEST - SMND","robots":{"index":"noindex","follow":"follow","max-snippet":"max-snippet:-1","max-image-preview":"max-image-preview:large","max-video-preview":"max-video-preview:-1"},"og_locale":"en_US","og_type":"article","og_title":"P\u00e1n C, P. \u0160rivastava - TEST - SMND","og_description":"P\u00e1n C, P. \u0160rivastava Mal\u00fd velik\u00e1n-P\u00e1n C.P. \u0160ri Matad\u017ei Nirmala Devi je zn\u00e1ma po celom svete ako in\u0161piuj\u00faca sila v pozad\u00ed Sahad\u017ea jogy. Popri jej sl\u00e1ve duchovn\u00e9ho vodcu sa s\u00fa\u010dasne vyv\u00edjala kari\u00e9ra jej man\u017eela, p\u00e1na \u010candriku Prasada \u0160rivastavu. T\u00ed, ktor\u00ed mali to \u0161\u0165astie tr\u00e1vi\u0165 \u010das so \u0160ri Matad\u017ei osobne, mali tie\u017e t\u00fa \u010des\u0165 spozna\u0165 d\u00f4stojn\u00fa,&hellip; Read more","og_url":"https:\/\/shrimataji.org\/test\/sk\/pan-c-p-srivastava\/","og_site_name":"TEST - SMND","article_publisher":"https:\/\/www.facebook.com\/shrimataji","article_modified_time":"2026-02-19T15:46:49+00:00","og_image":[{"width":2560,"height":905,"url":"https:\/\/shrimataji.org\/test\/wp-content\/uploads\/2023\/03\/8_Banner-Family_CP-2-scaled.jpg","type":"image\/jpeg"}],"twitter_card":"summary_large_image","twitter_site":"@shrimataji","schema":{"@context":"https:\/\/schema.org","@graph":[{"@type":"WebPage","@id":"https:\/\/shrimataji.org\/test\/sk\/pan-c-p-srivastava\/","url":"https:\/\/shrimataji.org\/test\/sk\/pan-c-p-srivastava\/","name":"P\u00e1n C, P. \u0160rivastava - TEST - SMND","isPartOf":{"@id":"https:\/\/shrimataji.org\/test\/#website"},"primaryImageOfPage":{"@id":"https:\/\/shrimataji.org\/test\/sk\/pan-c-p-srivastava\/#primaryimage"},"image":{"@id":"https:\/\/shrimataji.org\/test\/sk\/pan-c-p-srivastava\/#primaryimage"},"thumbnailUrl":"https:\/\/shrimataji.org\/test\/wp-content\/uploads\/2023\/03\/8_Banner-Family_CP-2-scaled.jpg","datePublished":"2012-11-01T12:00:00+00:00","dateModified":"2026-02-19T15:46:49+00:00","breadcrumb":{"@id":"https:\/\/shrimataji.org\/test\/sk\/pan-c-p-srivastava\/#breadcrumb"},"inLanguage":"en-US","potentialAction":[{"@type":"ReadAction","target":["https:\/\/shrimataji.org\/test\/sk\/pan-c-p-srivastava\/"]}]},{"@type":"ImageObject","inLanguage":"en-US","@id":"https:\/\/shrimataji.org\/test\/sk\/pan-c-p-srivastava\/#primaryimage","url":"https:\/\/shrimataji.org\/test\/wp-content\/uploads\/2023\/03\/8_Banner-Family_CP-2-scaled.jpg","contentUrl":"https:\/\/shrimataji.org\/test\/wp-content\/uploads\/2023\/03\/8_Banner-Family_CP-2-scaled.jpg","width":2560,"height":905},{"@type":"BreadcrumbList","@id":"https:\/\/shrimataji.org\/test\/sk\/pan-c-p-srivastava\/#breadcrumb","itemListElement":[{"@type":"ListItem","position":1,"name":"Home","item":"https:\/\/shrimataji.org\/test\/uk\/home-en\/"},{"@type":"ListItem","position":2,"name":"P\u00e1n C, P. \u0160rivastava"}]},{"@type":"WebSite","@id":"https:\/\/shrimataji.org\/test\/#website","url":"https:\/\/shrimataji.org\/test\/","name":"Shri Mataji Nirmala Devi","description":"A Life Dedicated to Humanity","publisher":{"@id":"https:\/\/shrimataji.org\/test\/#\/schema\/person\/a1b3419c6585f164aa96da1ff85715d1"},"potentialAction":[{"@type":"SearchAction","target":{"@type":"EntryPoint","urlTemplate":"https:\/\/shrimataji.org\/test\/?s={search_term_string}"},"query-input":{"@type":"PropertyValueSpecification","valueRequired":true,"valueName":"search_term_string"}}],"inLanguage":"en-US"},{"@type":["Person","Organization"],"@id":"https:\/\/shrimataji.org\/test\/#\/schema\/person\/a1b3419c6585f164aa96da1ff85715d1","name":"Nirmala Shrivastava","image":{"@type":"ImageObject","inLanguage":"en-US","@id":"https:\/\/shrimataji.org\/test\/wp-content\/uploads\/2023\/02\/SMO_LOGO-03.svg","url":"https:\/\/shrimataji.org\/test\/wp-content\/uploads\/2023\/02\/SMO_LOGO-03.svg","contentUrl":"https:\/\/shrimataji.org\/test\/wp-content\/uploads\/2023\/02\/SMO_LOGO-03.svg","width":"1024","height":"1024","caption":"Nirmala Shrivastava"},"logo":{"@id":"https:\/\/shrimataji.org\/test\/wp-content\/uploads\/2023\/02\/SMO_LOGO-03.svg"},"sameAs":["https:\/\/shrimataji.org\/test","https:\/\/www.facebook.com\/shrimataji","https:\/\/x.com\/shrimataji","https:\/\/www.youtube.com\/@Shri_Mataji_Nirmala_Devi\/featured"]}]}},"lang":"sk","translations":{"sk":12434,"en":423,"am":18079,"th":20064,"hu":19568,"sq":18480,"zh":17377,"tr":10212,"pt":10421,"de":10695,"fr":10793,"it":10891,"es":10988,"ja":11286,"ru":11474,"bn":11665,"te":11773,"sw":11896,"he":12044,"el":12336,"fa":12532,"fi":12630,"bg":13492,"ro":14567,"cs":14760,"nl":16640,"ku":16800,"ar":16976,"be":18687,"kn":18961,"mr":20428,"uk":20722,"ml":21017,"ta":22798,"sv":23068,"gu":28904,"pa":29064,"fil":29517,"da":37814,"nn":38366,"pl":39950,"ur":39951},"pll_sync_post":{},"_links":{"self":[{"href":"https:\/\/shrimataji.org\/test\/wp-json\/wp\/v2\/pages\/12434","targetHints":{"allow":["GET"]}}],"collection":[{"href":"https:\/\/shrimataji.org\/test\/wp-json\/wp\/v2\/pages"}],"about":[{"href":"https:\/\/shrimataji.org\/test\/wp-json\/wp\/v2\/types\/page"}],"author":[{"embeddable":true,"href":"https:\/\/shrimataji.org\/test\/wp-json\/wp\/v2\/users\/28"}],"replies":[{"embeddable":true,"href":"https:\/\/shrimataji.org\/test\/wp-json\/wp\/v2\/comments?post=12434"}],"version-history":[{"count":0,"href":"https:\/\/shrimataji.org\/test\/wp-json\/wp\/v2\/pages\/12434\/revisions"}],"wp:featuredmedia":[{"embeddable":true,"href":"https:\/\/shrimataji.org\/test\/wp-json\/wp\/v2\/media\/9513"}],"wp:attachment":[{"href":"https:\/\/shrimataji.org\/test\/wp-json\/wp\/v2\/media?parent=12434"}],"curies":[{"name":"wp","href":"https:\/\/api.w.org\/{rel}","templated":true}]}}