{"id":12436,"date":"2020-04-13T17:41:10","date_gmt":"2020-04-13T17:41:10","guid":{"rendered":"https:\/\/testwordpress.nirmalnagari.org\/smnd\/?page_id=3082"},"modified":"2026-01-31T11:09:42","modified_gmt":"2026-01-31T11:09:42","slug":"duchovne-prebudenie-ludstva","status":"publish","type":"page","link":"https:\/\/shrimataji.org\/test\/sk\/duchovne-prebudenie-ludstva\/","title":{"rendered":"Duchovn\u00e9 prebudenie \u013eudstva"},"content":{"rendered":"\n\n\t<h1>Duchovn\u00e9 prebudenie \u013eudstva<\/h1>\n<h2>Revolu\u010dn\u00e1 premena a svetov\u00e9 osvietenie<\/h2>\n\t<h4>\u0160ri Matad\u017ei sa narodila kres\u0165ansk\u00fdm rodi\u010dom, ktor\u00ed hlboko re\u0161pektovali v\u0161etky n\u00e1bo\u017eenstv\u00e1. Jej otec Prasad K. Salve bol fascinovan\u00fd teol\u00f3giou a povzbudzoval svoje deti, aby pochopili princ\u00edp v\u0161etk\u00fdch hlavn\u00fdch vierovyznan\u00ed. Pochopil, \u017ee kone\u010dn\u00e9 zjednotenie \u013eudstva z\u00e1vis\u00ed od hromadn\u00e9ho duchovn\u00e9ho prebudenia, ktor\u00e9 by ukon\u010dilo konflikty poch\u00e1dzaj\u00face z viery, ktor\u00e9 su\u017euj\u00fa svet tis\u00edce rokov.<\/h4>\n<p>Rodi\u010dia \u0160ri Matad\u017ei sa in\u0161pirovali filozofiou Mah\u00e1tma G\u00e1ndhiho &#8211; filozofiou nen\u00e1silia &#8211; a akt\u00edvne sa podie\u013eali na jeho hnut\u00ed (hnutie, aby Briti opustili Indiu)<a href=\"https:\/\/shrimataji.org\/test\/sk\/duchovne-prebudenie-ludstva\/#citation-note-1\" rel=\"noopener\">[1]<\/a>. Ako mlad\u00e9 diev\u010da \u017eij\u00face v G\u00e1ndhiho a\u0161r\u00e1me bola \u0160ri Matad\u017ei obklopen\u00e1 hinduistami, sikhmi, kres\u0165anmi a moslimami &#8211; v\u0161etk\u00fdch zjednotil spolo\u010dn\u00fd cie\u013e &#8211; n\u00e1rodn\u00e9 oslobodenie a nez\u00e1vislos\u0165. Nesk\u00f4r, po\u010das rozdelenia Indie, ke\u010f krajinu rozdelilo sekt\u00e1rske n\u00e1silie, jej rodina poskytla \u00fato\u010disko t\u00fdm, ktor\u00ed unikli konfliktu, bez oh\u013eadu na to, ak\u00e9ho boli n\u00e1bo\u017eenstva.<\/p>\n\u0160ri Matad\u017ei, ktor\u00e1 pre\u017eila tieto intenz\u00edvne a \u0165a\u017ek\u00e9 \u010dasy, na vlastnej ko\u017ei za\u017eila, \u017ee politick\u00e9 oslobodenie nie je kone\u010dn\u00fdm rie\u0161en\u00edm. Rozhodla sa, \u017ee jej skuto\u010dn\u00fdm \u017eivotn\u00fdm poslanim je prispie\u0165 k duchovnej premene \u013eudstva. Av\u0161ak trvalo to nejak\u00fd \u010das, po svadbe s p\u00e1nom C. P. Srivastavom mu ozn\u00e1mila, \u017ee a\u017e ke\u010f sa ich deti osamostatnia, pust\u00ed sa do svojej skuto\u010dnej pr\u00e1ce, svojho poslania.<br \/>\nA\u017e v roku 1970 \u0160ri Matad\u017ei kone\u010dne poc\u00edtila, \u017ee nastal \u010das za\u010da\u0165 nap\u013a\u0148a\u0165 svoje skuto\u010dn\u00e9 poslanie na tejto Zemi. \u013dudsk\u00e9 bytosti u\u017e mala presk\u00faman\u00e9, ako aj ich probl\u00e9my, preto vedela, \u017ee pom\u00f4\u017ee len duchovn\u00e9 prebudenie &#8211; \u017ee ka\u017ed\u00fd m\u00e1 potenci\u00e1l, ktor\u00fd treba len na\u0161tartova\u0165. Uvedomovala si, \u017ee n\u00e1bo\u017eenstv\u00e1, hoci vych\u00e1dzaj\u00fa z u\u010denia skuto\u010dn\u00fdch prorokov, neboli schopn\u00e9 na\u0161tartova\u0165 toto duchovn\u00e9 prebudenie v \u013eudskom vedom\u00ed. Jedn\u00e9ho ve\u010dera, ke\u010f bola znechuten\u00e1 falo\u0161n\u00fdmi u\u010dite\u013emi v Indii, ktor\u00ed \u0165ahali od \u013eud\u00ed peniaze, s\u013eubuj\u00fac skuto\u010dn\u00e9 osvietenie, rozhodla sa, \u017ee u\u017e nebude \u010daka\u0165. V rann\u00fdch hodin\u00e1ch, ke\u010f meditovala na opustenej pl\u00e1\u017ei, 5. m\u00e1ja 1970, po\u010das novu, vo svojom vn\u00fatri poc\u00edtila prebudenie prap\u00f4vodnej sily tvorenia. T\u00e1to hlbok\u00e1 duchovn\u00e1 sk\u00fasenos\u0165 jej priniesla v\u0161etky odpovede, ktor\u00e9 vo svojom \u017eivote h\u013eadala &#8211; ako prebudi\u0165 duchovn\u00e9 vedomie \u013eudsk\u00fdch bytost\u00ed, ktor\u00ed h\u013eadaj\u00fa pravdu. Bola to historick\u00e1 udalos\u0165, ktor\u00e1 od\u0161tartovala <a href=\"https:\/\/shrimataji.org\/test\/sk\/klucovy-okamih\/\" target=\"_blank\" rel=\"noopener\">jedine\u010dn\u00fd objav<\/a> hromadn\u00e9ho duchovn\u00e9ho prebudenia. Nesk\u00f4r objavila techniku, ktor\u00fa pomenovala <a href=\"https:\/\/shrimataji.org\/test\/sk\/sahadza-joga\/\" target=\"_blank\" rel=\"noopener\">Sahad\u017ea joga<\/a>, \u010do v doslovnom preklade znamen\u00e1 spojenie s ve\u010dnou Bo\u017eskou silou, s ktorou sa rod\u00ed ka\u017ed\u00e1 \u013eudsk\u00e1 bytos\u0165, len o nej ni\u010d nevie.\n\t<p>Sahad\u017ea joga je jednoduch\u00e1 a nen\u00e1ro\u010dn\u00e1 medit\u00e1cia, ktor\u00e1 prebud\u00ed jemn\u00fa, ale siln\u00fa duchovn\u00fa energiu preb\u00fdvaj\u00facu v ka\u017edom \u010dloveku. Tento moment pravdy je zn\u00e1my ako <a href=\"https:\/\/shrimataji.org\/test\/sk\/sebarealizacia-a-meditacia\/\" target=\"_blank\" rel=\"noopener\">Sebarealiz\u00e1cia<\/a> &#8211; nedosiahnute\u013en\u00fd cie\u013e starod\u00e1vnych n\u00e1bo\u017eensk\u00fdch mystikov na celom svete.<\/p>\n\t<div class=\"su-quote su-quote-style-default\"><div class=\"su-quote-inner su-u-clearfix su-u-trim\">Existuje jemn\u00e1 \u017eiv\u00e1 sila, ktor\u00e1 je Bo\u017eou l\u00e1skou a rob\u00ed v\u0161etku \u017eiv\u00fa pr\u00e1cu.<\/div><\/div>\n\t<p>\u0160ri Matad\u017ei vysvetlila, \u017ee Sebarealiz\u00e1cia je nie\u010do, \u010do m\u00f4\u017eno dosiahnu\u0165 tu a teraz, na rozdiel od minulosti, kedy to bolo mo\u017en\u00e9 dosiahnu\u0165 iba celo\u017eivotn\u00fdm pok\u00e1n\u00edm a obetovan\u00edm. Na verejn\u00fdch programoch v\u017edy hovorila: &#8221; Ste svoj\u00edm vlastn\u00fdm majstrom,&#8221; zd\u00f4raz\u0148uj\u00fac, \u017ee ka\u017ed\u00fd z n\u00e1s mus\u00ed by\u0165 svoj\u00edm vlastn\u00fdm u\u010dite\u013eom, spolieha\u0165 sa na svoju vlastn\u00fa sk\u00fasenos\u0165,(nie sa spolieha\u0165 na niekoho), ktor\u00e1 n\u00e1s vedie k osvieteniu. Okrem toho objasnila, \u017ee to, \u010do u\u010d\u00ed, maj\u00fa \u013eudia bra\u0165 ako hypot\u00e9zu, ktor\u00fa si m\u00e1 ka\u017ed\u00fd s\u00e1m otestova\u0165, lebo slep\u00e1 viera nikam nevedie.<\/p>\n<p>\u0160ri Matad\u017ei zast\u00e1vala n\u00e1zor, \u017ee prav\u00e9 n\u00e1bo\u017eentvo nie je zalo\u017een\u00e9 na dogm\u00e1ch \u010di hierarchii, ale sk\u00f4r na absol\u00fatnom poznan\u00ed seba ako Du\u0161e. Ako u\u017e spom\u00ednala: v\u0161etky n\u00e1bo\u017eenstv\u00e1 vzi\u0161li z jedn\u00e9ho stromu \u017eivota, ktor\u00fdm je duchovn\u00fd svet&#8230;N\u00e1bo\u017eenstvo je tu na to, aby sme mali pokoj, rados\u0165, \u0161\u0165astie&#8230;n\u00e1bo\u017eenstv\u00e1 s\u00fa v\u0161etky rovnak\u00e9, ale ak nepozn\u00e1me seba, ako pochop\u00edme n\u00e1bo\u017eenstvo? Tak\u017ee je hlavn\u00e9, aby sme spoznali sami seba, ke\u010f zist\u00edme, \u017ee sme duchovn\u00e1 bytos\u0165, pochop\u00edme ak\u00e9ko\u013evek n\u00e1bo\u017eenstvo, ktor\u00e9 nasledujeme, ako aj ve\u013ekos\u0165 v\u0161etk\u00fdch prorokov a guruov.<\/p>\n<p>\u0160ri Matad\u017ei by sa dala viac prirovna\u0165 k duchovnej Matke, ne\u017e ku guruovi \u010di u\u010dite\u013eovi, ktor\u00fa viedol s\u00facit, l\u00e1ska a staros\u0165 o blaho a v\u00fdvoj \u013eudsk\u00e9ho pokolenia. V\u010faka jej v\u00edzii a ne\u00fanavn\u00e9mu \u00fasiliu bola Sahad\u017ea joga zalo\u017een\u00e1 vo viac ako sto krajin\u00e1ch, kde mili\u00f3ny \u013eud\u00ed dosiahlo rovnov\u00e1hu, uspokojenie v \u017eivote, pri\u010dom mnoh\u00ed prekonali v\u00e1\u017ene du\u0161evn\u00e9 alebo fyzick\u00e9 poruchy pomocou Sebarealiz\u00e1cie a pravidelnej <a href=\"https:\/\/shrimataji.org\/test\/sk\/meditacia-sahadza-jogy\/\" target=\"_blank\" rel=\"noopener\">medit\u00e1cii Sahad\u017ea jogy<\/a>.<\/p>\n\t<p>&nbsp;<\/p>\n<hr \/>\n<a name=\"citation-note-1\"><\/a><br \/>\n [1] Hnutie ob\u010dianskej neposlu\u0161nosti spusten\u00e9 poslancom G\u00e1ndhim a indick\u00fdm n\u00e1rodn\u00fdm kongresom v auguste 1942, po\u017eadovalo rozhodn\u00fd, no pas\u00edvny odpor vo\u010di britskej nadvl\u00e1de a &#8220;\u00fapln\u00e9 stiahnutie britov z Indie&#8221;. (wikipedia, bezplatn\u00e1 encyklop\u00e9dia.) \n\n","protected":false},"excerpt":{"rendered":"<p>Duchovn\u00e9 prebudenie \u013eudstva Revolu\u010dn\u00e1 premena a svetov\u00e9 osvietenie \u0160ri Matad\u017ei sa narodila kres\u0165ansk\u00fdm rodi\u010dom, ktor\u00ed hlboko re\u0161pektovali v\u0161etky n\u00e1bo\u017eenstv\u00e1. Jej otec Prasad K. Salve bol fascinovan\u00fd teol\u00f3giou a povzbudzoval svoje deti, aby pochopili princ\u00edp v\u0161etk\u00fdch hlavn\u00fdch vierovyznan\u00ed. Pochopil, \u017ee kone\u010dn\u00e9 zjednotenie \u013eudstva z\u00e1vis\u00ed od hromadn\u00e9ho duchovn\u00e9ho prebudenia, ktor\u00e9 by ukon\u010dilo konflikty poch\u00e1dzaj\u00face z viery, ktor\u00e9&hellip; <br \/> <a class=\"read-more\" href=\"https:\/\/shrimataji.org\/test\/sk\/duchovne-prebudenie-ludstva\/\">Read more<\/a><\/p>\n","protected":false},"author":28,"featured_media":37569,"parent":0,"menu_order":0,"comment_status":"closed","ping_status":"closed","template":"","meta":{"inline_featured_image":false,"footnotes":"","advanced-sidebar-menu\/link-title":"","advanced-sidebar-menu\/exclude-page":false},"class_list":["post-12436","page","type-page","status-publish","has-post-thumbnail","hentry"],"yoast_head":"<!-- This site is optimized with the Yoast SEO plugin v27.6 - https:\/\/yoast.com\/product\/yoast-seo-wordpress\/ -->\n<title>Duchovn\u00e9 prebudenie \u013eudstva - TEST - SMND<\/title>\n<meta name=\"robots\" content=\"noindex, follow, max-snippet:-1, max-image-preview:large, max-video-preview:-1\" \/>\n<meta property=\"og:locale\" content=\"en_US\" \/>\n<meta property=\"og:type\" content=\"article\" \/>\n<meta property=\"og:title\" content=\"Duchovn\u00e9 prebudenie \u013eudstva - TEST - SMND\" \/>\n<meta property=\"og:description\" content=\"Duchovn\u00e9 prebudenie \u013eudstva Revolu\u010dn\u00e1 premena a svetov\u00e9 osvietenie \u0160ri Matad\u017ei sa narodila kres\u0165ansk\u00fdm rodi\u010dom, ktor\u00ed hlboko re\u0161pektovali v\u0161etky n\u00e1bo\u017eenstv\u00e1. Jej otec Prasad K. Salve bol fascinovan\u00fd teol\u00f3giou a povzbudzoval svoje deti, aby pochopili princ\u00edp v\u0161etk\u00fdch hlavn\u00fdch vierovyznan\u00ed. Pochopil, \u017ee kone\u010dn\u00e9 zjednotenie \u013eudstva z\u00e1vis\u00ed od hromadn\u00e9ho duchovn\u00e9ho prebudenia, ktor\u00e9 by ukon\u010dilo konflikty poch\u00e1dzaj\u00face z viery, ktor\u00e9&hellip; Read more\" \/>\n<meta property=\"og:url\" content=\"https:\/\/shrimataji.org\/test\/sk\/duchovne-prebudenie-ludstva\/\" \/>\n<meta property=\"og:site_name\" content=\"TEST - SMND\" \/>\n<meta property=\"article:publisher\" content=\"https:\/\/www.facebook.com\/shrimataji\" \/>\n<meta property=\"article:modified_time\" content=\"2026-01-31T11:09:42+00:00\" \/>\n<meta property=\"og:image\" content=\"https:\/\/shrimataji.org\/test\/wp-content\/uploads\/2018\/07\/media_originals\/images\/shri-mataji-with-people\/shri-mataji-with-village-people-in-india.jpg\" \/>\n\t<meta property=\"og:image:width\" content=\"1500\" \/>\n\t<meta property=\"og:image:height\" content=\"980\" \/>\n\t<meta property=\"og:image:type\" content=\"image\/jpeg\" \/>\n<meta name=\"twitter:card\" content=\"summary_large_image\" \/>\n<meta name=\"twitter:site\" content=\"@shrimataji\" \/>\n<script type=\"application\/ld+json\" class=\"yoast-schema-graph\">{\"@context\":\"https:\\\/\\\/schema.org\",\"@graph\":[{\"@type\":\"WebPage\",\"@id\":\"https:\\\/\\\/shrimataji.org\\\/test\\\/sk\\\/duchovne-prebudenie-ludstva\\\/\",\"url\":\"https:\\\/\\\/shrimataji.org\\\/test\\\/sk\\\/duchovne-prebudenie-ludstva\\\/\",\"name\":\"Duchovn\u00e9 prebudenie \u013eudstva - TEST - SMND\",\"isPartOf\":{\"@id\":\"https:\\\/\\\/shrimataji.org\\\/test\\\/#website\"},\"primaryImageOfPage\":{\"@id\":\"https:\\\/\\\/shrimataji.org\\\/test\\\/sk\\\/duchovne-prebudenie-ludstva\\\/#primaryimage\"},\"image\":{\"@id\":\"https:\\\/\\\/shrimataji.org\\\/test\\\/sk\\\/duchovne-prebudenie-ludstva\\\/#primaryimage\"},\"thumbnailUrl\":\"https:\\\/\\\/shrimataji.org\\\/test\\\/wp-content\\\/uploads\\\/2026\\\/03\\\/shri-mataji-nirmala-devi-with-village-people-in-india-1.avif\",\"datePublished\":\"2020-04-13T17:41:10+00:00\",\"dateModified\":\"2026-01-31T11:09:42+00:00\",\"breadcrumb\":{\"@id\":\"https:\\\/\\\/shrimataji.org\\\/test\\\/sk\\\/duchovne-prebudenie-ludstva\\\/#breadcrumb\"},\"inLanguage\":\"en-US\",\"potentialAction\":[{\"@type\":\"ReadAction\",\"target\":[\"https:\\\/\\\/shrimataji.org\\\/test\\\/sk\\\/duchovne-prebudenie-ludstva\\\/\"]}]},{\"@type\":\"ImageObject\",\"inLanguage\":\"en-US\",\"@id\":\"https:\\\/\\\/shrimataji.org\\\/test\\\/sk\\\/duchovne-prebudenie-ludstva\\\/#primaryimage\",\"url\":\"https:\\\/\\\/shrimataji.org\\\/test\\\/wp-content\\\/uploads\\\/2026\\\/03\\\/shri-mataji-nirmala-devi-with-village-people-in-india-1.avif\",\"contentUrl\":\"https:\\\/\\\/shrimataji.org\\\/test\\\/wp-content\\\/uploads\\\/2026\\\/03\\\/shri-mataji-nirmala-devi-with-village-people-in-india-1.avif\",\"width\":990,\"height\":350},{\"@type\":\"BreadcrumbList\",\"@id\":\"https:\\\/\\\/shrimataji.org\\\/test\\\/sk\\\/duchovne-prebudenie-ludstva\\\/#breadcrumb\",\"itemListElement\":[{\"@type\":\"ListItem\",\"position\":1,\"name\":\"Home\",\"item\":\"https:\\\/\\\/shrimataji.org\\\/test\\\/uk\\\/home-en\\\/\"},{\"@type\":\"ListItem\",\"position\":2,\"name\":\"Duchovn\u00e9 prebudenie \u013eudstva\"}]},{\"@type\":\"WebSite\",\"@id\":\"https:\\\/\\\/shrimataji.org\\\/test\\\/#website\",\"url\":\"https:\\\/\\\/shrimataji.org\\\/test\\\/\",\"name\":\"Shri Mataji Nirmala Devi\",\"description\":\"A Life Dedicated to Humanity\",\"publisher\":{\"@id\":\"https:\\\/\\\/shrimataji.org\\\/test\\\/#\\\/schema\\\/person\\\/a1b3419c6585f164aa96da1ff85715d1\"},\"potentialAction\":[{\"@type\":\"SearchAction\",\"target\":{\"@type\":\"EntryPoint\",\"urlTemplate\":\"https:\\\/\\\/shrimataji.org\\\/test\\\/?s={search_term_string}\"},\"query-input\":{\"@type\":\"PropertyValueSpecification\",\"valueRequired\":true,\"valueName\":\"search_term_string\"}}],\"inLanguage\":\"en-US\"},{\"@type\":[\"Person\",\"Organization\"],\"@id\":\"https:\\\/\\\/shrimataji.org\\\/test\\\/#\\\/schema\\\/person\\\/a1b3419c6585f164aa96da1ff85715d1\",\"name\":\"Nirmala Shrivastava\",\"image\":{\"@type\":\"ImageObject\",\"inLanguage\":\"en-US\",\"@id\":\"https:\\\/\\\/shrimataji.org\\\/test\\\/wp-content\\\/uploads\\\/2023\\\/02\\\/SMO_LOGO-03.svg\",\"url\":\"https:\\\/\\\/shrimataji.org\\\/test\\\/wp-content\\\/uploads\\\/2023\\\/02\\\/SMO_LOGO-03.svg\",\"contentUrl\":\"https:\\\/\\\/shrimataji.org\\\/test\\\/wp-content\\\/uploads\\\/2023\\\/02\\\/SMO_LOGO-03.svg\",\"width\":\"1024\",\"height\":\"1024\",\"caption\":\"Nirmala Shrivastava\"},\"logo\":{\"@id\":\"https:\\\/\\\/shrimataji.org\\\/test\\\/wp-content\\\/uploads\\\/2023\\\/02\\\/SMO_LOGO-03.svg\"},\"sameAs\":[\"https:\\\/\\\/shrimataji.org\\\/test\",\"https:\\\/\\\/www.facebook.com\\\/shrimataji\",\"https:\\\/\\\/x.com\\\/shrimataji\",\"https:\\\/\\\/www.youtube.com\\\/@Shri_Mataji_Nirmala_Devi\\\/featured\"]}]}<\/script>\n<!-- \/ Yoast SEO plugin. -->","yoast_head_json":{"title":"Duchovn\u00e9 prebudenie \u013eudstva - TEST - SMND","robots":{"index":"noindex","follow":"follow","max-snippet":"max-snippet:-1","max-image-preview":"max-image-preview:large","max-video-preview":"max-video-preview:-1"},"og_locale":"en_US","og_type":"article","og_title":"Duchovn\u00e9 prebudenie \u013eudstva - TEST - SMND","og_description":"Duchovn\u00e9 prebudenie \u013eudstva Revolu\u010dn\u00e1 premena a svetov\u00e9 osvietenie \u0160ri Matad\u017ei sa narodila kres\u0165ansk\u00fdm rodi\u010dom, ktor\u00ed hlboko re\u0161pektovali v\u0161etky n\u00e1bo\u017eenstv\u00e1. Jej otec Prasad K. Salve bol fascinovan\u00fd teol\u00f3giou a povzbudzoval svoje deti, aby pochopili princ\u00edp v\u0161etk\u00fdch hlavn\u00fdch vierovyznan\u00ed. Pochopil, \u017ee kone\u010dn\u00e9 zjednotenie \u013eudstva z\u00e1vis\u00ed od hromadn\u00e9ho duchovn\u00e9ho prebudenia, ktor\u00e9 by ukon\u010dilo konflikty poch\u00e1dzaj\u00face z viery, ktor\u00e9&hellip; Read more","og_url":"https:\/\/shrimataji.org\/test\/sk\/duchovne-prebudenie-ludstva\/","og_site_name":"TEST - SMND","article_publisher":"https:\/\/www.facebook.com\/shrimataji","article_modified_time":"2026-01-31T11:09:42+00:00","og_image":[{"width":1500,"height":980,"url":"https:\/\/shrimataji.org\/test\/wp-content\/uploads\/2018\/07\/media_originals\/images\/shri-mataji-with-people\/shri-mataji-with-village-people-in-india.jpg","type":"image\/jpeg"}],"twitter_card":"summary_large_image","twitter_site":"@shrimataji","schema":{"@context":"https:\/\/schema.org","@graph":[{"@type":"WebPage","@id":"https:\/\/shrimataji.org\/test\/sk\/duchovne-prebudenie-ludstva\/","url":"https:\/\/shrimataji.org\/test\/sk\/duchovne-prebudenie-ludstva\/","name":"Duchovn\u00e9 prebudenie \u013eudstva - TEST - SMND","isPartOf":{"@id":"https:\/\/shrimataji.org\/test\/#website"},"primaryImageOfPage":{"@id":"https:\/\/shrimataji.org\/test\/sk\/duchovne-prebudenie-ludstva\/#primaryimage"},"image":{"@id":"https:\/\/shrimataji.org\/test\/sk\/duchovne-prebudenie-ludstva\/#primaryimage"},"thumbnailUrl":"https:\/\/shrimataji.org\/test\/wp-content\/uploads\/2026\/03\/shri-mataji-nirmala-devi-with-village-people-in-india-1.avif","datePublished":"2020-04-13T17:41:10+00:00","dateModified":"2026-01-31T11:09:42+00:00","breadcrumb":{"@id":"https:\/\/shrimataji.org\/test\/sk\/duchovne-prebudenie-ludstva\/#breadcrumb"},"inLanguage":"en-US","potentialAction":[{"@type":"ReadAction","target":["https:\/\/shrimataji.org\/test\/sk\/duchovne-prebudenie-ludstva\/"]}]},{"@type":"ImageObject","inLanguage":"en-US","@id":"https:\/\/shrimataji.org\/test\/sk\/duchovne-prebudenie-ludstva\/#primaryimage","url":"https:\/\/shrimataji.org\/test\/wp-content\/uploads\/2026\/03\/shri-mataji-nirmala-devi-with-village-people-in-india-1.avif","contentUrl":"https:\/\/shrimataji.org\/test\/wp-content\/uploads\/2026\/03\/shri-mataji-nirmala-devi-with-village-people-in-india-1.avif","width":990,"height":350},{"@type":"BreadcrumbList","@id":"https:\/\/shrimataji.org\/test\/sk\/duchovne-prebudenie-ludstva\/#breadcrumb","itemListElement":[{"@type":"ListItem","position":1,"name":"Home","item":"https:\/\/shrimataji.org\/test\/uk\/home-en\/"},{"@type":"ListItem","position":2,"name":"Duchovn\u00e9 prebudenie \u013eudstva"}]},{"@type":"WebSite","@id":"https:\/\/shrimataji.org\/test\/#website","url":"https:\/\/shrimataji.org\/test\/","name":"Shri Mataji Nirmala Devi","description":"A Life Dedicated to Humanity","publisher":{"@id":"https:\/\/shrimataji.org\/test\/#\/schema\/person\/a1b3419c6585f164aa96da1ff85715d1"},"potentialAction":[{"@type":"SearchAction","target":{"@type":"EntryPoint","urlTemplate":"https:\/\/shrimataji.org\/test\/?s={search_term_string}"},"query-input":{"@type":"PropertyValueSpecification","valueRequired":true,"valueName":"search_term_string"}}],"inLanguage":"en-US"},{"@type":["Person","Organization"],"@id":"https:\/\/shrimataji.org\/test\/#\/schema\/person\/a1b3419c6585f164aa96da1ff85715d1","name":"Nirmala Shrivastava","image":{"@type":"ImageObject","inLanguage":"en-US","@id":"https:\/\/shrimataji.org\/test\/wp-content\/uploads\/2023\/02\/SMO_LOGO-03.svg","url":"https:\/\/shrimataji.org\/test\/wp-content\/uploads\/2023\/02\/SMO_LOGO-03.svg","contentUrl":"https:\/\/shrimataji.org\/test\/wp-content\/uploads\/2023\/02\/SMO_LOGO-03.svg","width":"1024","height":"1024","caption":"Nirmala Shrivastava"},"logo":{"@id":"https:\/\/shrimataji.org\/test\/wp-content\/uploads\/2023\/02\/SMO_LOGO-03.svg"},"sameAs":["https:\/\/shrimataji.org\/test","https:\/\/www.facebook.com\/shrimataji","https:\/\/x.com\/shrimataji","https:\/\/www.youtube.com\/@Shri_Mataji_Nirmala_Devi\/featured"]}]}},"lang":"sk","translations":{"sk":12436,"ur":37510,"en":3082,"am":18083,"th":20070,"hu":19572,"sq":18484,"zh":17381,"tr":10215,"pt":10423,"de":10697,"fr":10795,"it":10893,"es":10990,"ja":11288,"ru":11476,"bn":11667,"te":11775,"sw":11898,"he":12046,"el":12338,"fa":12534,"fi":12632,"bg":13430,"ro":14504,"cs":14697,"nl":16644,"ku":16804,"ar":16980,"be":18691,"kn":18965,"mr":20434,"uk":20728,"ml":21023,"ta":22803,"sv":23072,"gu":28906,"pa":29066,"fil":29521,"da":37818,"pl":38028,"nn":38370},"pll_sync_post":{},"_links":{"self":[{"href":"https:\/\/shrimataji.org\/test\/wp-json\/wp\/v2\/pages\/12436","targetHints":{"allow":["GET"]}}],"collection":[{"href":"https:\/\/shrimataji.org\/test\/wp-json\/wp\/v2\/pages"}],"about":[{"href":"https:\/\/shrimataji.org\/test\/wp-json\/wp\/v2\/types\/page"}],"author":[{"embeddable":true,"href":"https:\/\/shrimataji.org\/test\/wp-json\/wp\/v2\/users\/28"}],"replies":[{"embeddable":true,"href":"https:\/\/shrimataji.org\/test\/wp-json\/wp\/v2\/comments?post=12436"}],"version-history":[{"count":0,"href":"https:\/\/shrimataji.org\/test\/wp-json\/wp\/v2\/pages\/12436\/revisions"}],"wp:featuredmedia":[{"embeddable":true,"href":"https:\/\/shrimataji.org\/test\/wp-json\/wp\/v2\/media\/37569"}],"wp:attachment":[{"href":"https:\/\/shrimataji.org\/test\/wp-json\/wp\/v2\/media?parent=12436"}],"curies":[{"name":"wp","href":"https:\/\/api.w.org\/{rel}","templated":true}]}}