{"id":12437,"date":"2022-01-29T10:35:29","date_gmt":"2022-01-29T10:35:29","guid":{"rendered":"https:\/\/test.shrimataji.org\/?page_id=6416"},"modified":"2026-03-12T15:35:54","modified_gmt":"2026-03-12T15:35:54","slug":"susumna-nadi","status":"publish","type":"page","link":"https:\/\/shrimataji.org\/test\/sk\/susumna-nadi\/","title":{"rendered":"Su\u0161umna n\u00e1di"},"content":{"rendered":"\n\n\t<h1>Su\u0161umna n\u00e1di<\/h1>\n<h2>Evol\u00facia a rovnov\u00e1ha<\/h2>\n\t<h4>N\u00e1\u0161 centr\u00e1lny energetick\u00fd kan\u00e1l (Su\u0161umna n\u00e1di v sanskrite) sa tie\u017e naz\u00fdva stredn\u00e1 cesta. Za\u010d\u00edna v kr\u00ed\u017eovej kosti na spodku chrbtice (kde je umestnenen\u00e1 na\u0161a energia <a href=\"https:\/\/shrimataji.org\/test\/sk\/kundaliny\/\" target=\"_blank\" rel=\"noopener\">Kundaliny<\/a>) a sp\u00e1ja sa so <a href=\"https:\/\/shrimataji.org\/test\/sk\/sahasrara-cakra\/\" target=\"_blank\" rel=\"noopener\">Sahasr\u00e1ra \u010dakrou<\/a> vo fontanelovej oblasti hlavy.<\/h4>\n<p>N\u00e1\u0161 centr\u00e1lny energetick\u00fd kan\u00e1l podporuje duchovn\u00fd rast. Tento kan\u00e1l je vysoko rozvinut\u00fd u realizovan\u00fdch du\u0161\u00ed a tie\u017e v t\u00fdch, ktor\u00ed kr\u00e1\u010daj\u00fa po ceste spravodlivosti a s\u00fa cnostn\u00ed. Su\u0161umna n\u00e1di sa aktivuje po Sebarealiz\u00e1cii, kedy sa prejavia kr\u00e1sne vlastnosti Sattwa guny (cesta spravodlivosti) v na\u0161om vedom\u00ed. To n\u00e1m pom\u00e1ha neust\u00e1le sa vyv\u00edja\u0165 s v\u00e4\u010d\u0161\u00edm zameran\u00edm na duchovn\u00e9 aspekty n\u00e1\u0161ho \u017eivota.<\/p>\n<figure itemscope itemtype=\"https:\/\/schema.org\/ImageObject\">\n\t\t\t\t<img decoding=\"async\" src=\"https:\/\/shrimataji.org\/test\/wp-content\/uploads\/2025\/12\/sk-Sushumna-Nadi-01-scaled.png\" alt=\"sk-Sushumna Nadi-01\" height=\"2560\" width=\"2418\" title=\"sk-Sushumna Nadi-01\" onerror=\"this.style.display='none'\" loading=\"lazy\" \/>\n\t<\/figure>\n\t\t<iframe loading=\"lazy\" title=\"Sushumna Nadi\" width=\"1920\" height=\"1080\" src=\"https:\/\/www.youtube.com\/embed\/1nBAQZ-X5Lk?feature=oembed\" frameborder=\"0\" allow=\"accelerometer; autoplay; clipboard-write; encrypted-media; gyroscope; picture-in-picture; web-share\" allowfullscreen><\/iframe>\t\n\t<p>Cel\u00fd n\u00e1\u0161 subt\u00edlny syst\u00e9m je integrovan\u00fd v Sahasr\u00e1ra \u010dakre, ktor\u00e1 je najd\u00f4le\u017eitej\u0161ou \u010dakrou n\u00e1\u0161ho duchovn\u00e9ho rastu a medit\u00e1cie. V tejto \u010dakre m\u00e1 na\u0161a Kundaliny najv\u00e4\u010d\u0161iu schopnos\u0165 sa rozvin\u00fa\u0165 a prejavi\u0165 vy\u0161\u0161\u00ed stav vedomia. Odstra\u0148ovanie prek\u00e1\u017eok v strednom kan\u00e1ly je d\u00f4le\u017eitou s\u00fa\u010das\u0165ou Sahad\u017ea medit\u00e1cie. Je jednoduch\u00e9 udr\u017ea\u0165 si stav rovnov\u00e1hy ak je n\u00e1\u0161 stredn\u00fd kan\u00e1l \u010dist\u00fd. T\u00fdm je cesta pre na\u0161u Kundaliny vo\u013en\u00e1 a m\u00f4\u017ee hladko st\u00fapa\u0165 do Sahasr\u00e1ry. Ke\u010f sa to stane, na\u0161a vlastn\u00e1 Kundaliny n\u00e1s spoj\u00ed so v\u0161etkoprenikaj\u00facou energiou Boha, ktor\u00e1 je zn\u00e1ma pod mnoh\u00fdmi n\u00e1zvamiv starovek\u00fdch duchovn\u00fdch trad\u00edci\u00ed a ktor\u00fa nazvala \u0160ri Matad\u017ei <a href=\"https:\/\/shrimataji.org\/test\/sk\/paramcaitania\/\" target=\"_blank\" rel=\"noopener\">Param\u010daitanja<\/a>. Spr\u00e1vne fungovanie tohto kan\u00e1lu je k\u013e\u00fa\u010dov\u00e9 pre udr\u017eanie subt\u00edlnej energetickej rovnov\u00e1hy v\u0161etk\u00fdch kan\u00e1lov a <a href=\"https:\/\/shrimataji.org\/test\/sk\/cakry-a-ich-kvality\/\" target=\"_blank\" rel=\"noopener\">\u010dakier<\/a>.<\/p>\n<p>Hoci to v\u0161etko m\u00f4\u017ee znie\u0165 dos\u0165 zlo\u017eito, \u0160ri Matad\u017ei pou\u017eila ve\u013emi jednoduch\u00e9 pr\u00edklady, aby aj be\u017en\u00fd \u010dlovek pochopil &#8220;joga \u0161\u00e1stru&#8221; (znalos\u0165 a discipl\u00edna v sanskrite). Aby sme to zhnruli,predstavme si, \u017ee chceme pou\u017ei\u0165 n\u00e1\u0161 \u013eav\u00fd a prav\u00fd energetick\u00fd kan\u00e1l na vyv\u00e1\u017eenie na\u0161ich em\u00f3ci\u00ed, t\u00fa\u017eob a \u010dinov po\u010das pre\u017e\u00edvania a u\u017e\u00edvania si n\u00e1\u0161ho \u017eivota. Vyv\u00e1\u017een\u00fd a spokojn\u00fd \u017eivot n\u00e1m poskytuje pr\u00edle\u017eitosti na plodn\u00e9 vyu\u017eite n\u00e1\u0161ho \u010dasu a zamera\u0165 sa na najvy\u0161\u0161\u00ed cie\u013e duchovnej cesty. Udr\u017eiavanie v\u0161etk\u00fdch troch kan\u00e1lov v rovnov\u00e1he n\u00e1m d\u00e1va silu zvl\u00e1dnu\u0165 svoj \u017eivot a jeho v\u00fdzvy s \u013eahkos\u0165ou. Tie\u017e pre\u017e\u00edvame a u\u017e\u00edvame si v\u0161etky aspekty \u017eivota zmyslupln\u00fdm sp\u00f4sobom a v rovnov\u00e1he.<\/p>\n\n","protected":false},"excerpt":{"rendered":"<p>Su\u0161umna n\u00e1di Evol\u00facia a rovnov\u00e1ha N\u00e1\u0161 centr\u00e1lny energetick\u00fd kan\u00e1l (Su\u0161umna n\u00e1di v sanskrite) sa tie\u017e naz\u00fdva stredn\u00e1 cesta. Za\u010d\u00edna v kr\u00ed\u017eovej kosti na spodku chrbtice (kde je umestnenen\u00e1 na\u0161a energia Kundaliny) a sp\u00e1ja sa so Sahasr\u00e1ra \u010dakrou vo fontanelovej oblasti hlavy. N\u00e1\u0161 centr\u00e1lny energetick\u00fd kan\u00e1l podporuje duchovn\u00fd rast. Tento kan\u00e1l je vysoko rozvinut\u00fd u realizovan\u00fdch&hellip; <br \/> <a class=\"read-more\" href=\"https:\/\/shrimataji.org\/test\/sk\/susumna-nadi\/\">Read more<\/a><\/p>\n","protected":false},"author":28,"featured_media":9249,"parent":0,"menu_order":0,"comment_status":"closed","ping_status":"closed","template":"","meta":{"inline_featured_image":false,"footnotes":""},"class_list":["post-12437","page","type-page","status-publish","has-post-thumbnail","hentry"],"yoast_head":"<!-- This site is optimized with the Yoast SEO plugin v27.4 - https:\/\/yoast.com\/product\/yoast-seo-wordpress\/ -->\n<title>Su\u0161umna n\u00e1di - TEST - SMND<\/title>\n<meta name=\"robots\" content=\"noindex, follow, max-snippet:-1, max-image-preview:large, max-video-preview:-1\" \/>\n<meta property=\"og:locale\" content=\"en_US\" \/>\n<meta property=\"og:type\" content=\"article\" \/>\n<meta property=\"og:title\" content=\"Su\u0161umna n\u00e1di - TEST - SMND\" \/>\n<meta property=\"og:description\" content=\"Su\u0161umna n\u00e1di Evol\u00facia a rovnov\u00e1ha N\u00e1\u0161 centr\u00e1lny energetick\u00fd kan\u00e1l (Su\u0161umna n\u00e1di v sanskrite) sa tie\u017e naz\u00fdva stredn\u00e1 cesta. Za\u010d\u00edna v kr\u00ed\u017eovej kosti na spodku chrbtice (kde je umestnenen\u00e1 na\u0161a energia Kundaliny) a sp\u00e1ja sa so Sahasr\u00e1ra \u010dakrou vo fontanelovej oblasti hlavy. N\u00e1\u0161 centr\u00e1lny energetick\u00fd kan\u00e1l podporuje duchovn\u00fd rast. Tento kan\u00e1l je vysoko rozvinut\u00fd u realizovan\u00fdch&hellip; Read more\" \/>\n<meta property=\"og:url\" content=\"https:\/\/shrimataji.org\/test\/sk\/susumna-nadi\/\" \/>\n<meta property=\"og:site_name\" content=\"TEST - SMND\" \/>\n<meta property=\"article:publisher\" content=\"https:\/\/www.facebook.com\/shrimataji\" \/>\n<meta property=\"article:modified_time\" content=\"2026-03-12T15:35:54+00:00\" \/>\n<meta property=\"og:image\" content=\"https:\/\/shrimataji.org\/test\/wp-content\/uploads\/2023\/03\/14_Banner-SY-Sushumna-scaled.jpg\" \/>\n\t<meta property=\"og:image:width\" content=\"2560\" \/>\n\t<meta property=\"og:image:height\" content=\"905\" \/>\n\t<meta property=\"og:image:type\" content=\"image\/jpeg\" \/>\n<meta name=\"twitter:card\" content=\"summary_large_image\" \/>\n<meta name=\"twitter:site\" content=\"@shrimataji\" \/>\n<meta name=\"twitter:label1\" content=\"Est. reading time\" \/>\n\t<meta name=\"twitter:data1\" content=\"2 minutes\" \/>\n<script type=\"application\/ld+json\" class=\"yoast-schema-graph\">{\"@context\":\"https:\\\/\\\/schema.org\",\"@graph\":[{\"@type\":\"WebPage\",\"@id\":\"https:\\\/\\\/shrimataji.org\\\/test\\\/sk\\\/susumna-nadi\\\/\",\"url\":\"https:\\\/\\\/shrimataji.org\\\/test\\\/sk\\\/susumna-nadi\\\/\",\"name\":\"Su\u0161umna n\u00e1di - TEST - SMND\",\"isPartOf\":{\"@id\":\"https:\\\/\\\/shrimataji.org\\\/test\\\/#website\"},\"primaryImageOfPage\":{\"@id\":\"https:\\\/\\\/shrimataji.org\\\/test\\\/sk\\\/susumna-nadi\\\/#primaryimage\"},\"image\":{\"@id\":\"https:\\\/\\\/shrimataji.org\\\/test\\\/sk\\\/susumna-nadi\\\/#primaryimage\"},\"thumbnailUrl\":\"https:\\\/\\\/shrimataji.org\\\/test\\\/wp-content\\\/uploads\\\/2023\\\/03\\\/14_Banner-SY-Sushumna-scaled.jpg\",\"datePublished\":\"2022-01-29T10:35:29+00:00\",\"dateModified\":\"2026-03-12T15:35:54+00:00\",\"breadcrumb\":{\"@id\":\"https:\\\/\\\/shrimataji.org\\\/test\\\/sk\\\/susumna-nadi\\\/#breadcrumb\"},\"inLanguage\":\"en-US\",\"potentialAction\":[{\"@type\":\"ReadAction\",\"target\":[\"https:\\\/\\\/shrimataji.org\\\/test\\\/sk\\\/susumna-nadi\\\/\"]}]},{\"@type\":\"ImageObject\",\"inLanguage\":\"en-US\",\"@id\":\"https:\\\/\\\/shrimataji.org\\\/test\\\/sk\\\/susumna-nadi\\\/#primaryimage\",\"url\":\"https:\\\/\\\/shrimataji.org\\\/test\\\/wp-content\\\/uploads\\\/2023\\\/03\\\/14_Banner-SY-Sushumna-scaled.jpg\",\"contentUrl\":\"https:\\\/\\\/shrimataji.org\\\/test\\\/wp-content\\\/uploads\\\/2023\\\/03\\\/14_Banner-SY-Sushumna-scaled.jpg\",\"width\":2560,\"height\":905},{\"@type\":\"BreadcrumbList\",\"@id\":\"https:\\\/\\\/shrimataji.org\\\/test\\\/sk\\\/susumna-nadi\\\/#breadcrumb\",\"itemListElement\":[{\"@type\":\"ListItem\",\"position\":1,\"name\":\"Home\",\"item\":\"https:\\\/\\\/shrimataji.org\\\/test\\\/uk\\\/home-en\\\/\"},{\"@type\":\"ListItem\",\"position\":2,\"name\":\"Su\u0161umna n\u00e1di\"}]},{\"@type\":\"WebSite\",\"@id\":\"https:\\\/\\\/shrimataji.org\\\/test\\\/#website\",\"url\":\"https:\\\/\\\/shrimataji.org\\\/test\\\/\",\"name\":\"Shri Mataji Nirmala Devi\",\"description\":\"A Life Dedicated to Humanity\",\"publisher\":{\"@id\":\"https:\\\/\\\/shrimataji.org\\\/test\\\/#\\\/schema\\\/person\\\/a1b3419c6585f164aa96da1ff85715d1\"},\"potentialAction\":[{\"@type\":\"SearchAction\",\"target\":{\"@type\":\"EntryPoint\",\"urlTemplate\":\"https:\\\/\\\/shrimataji.org\\\/test\\\/?s={search_term_string}\"},\"query-input\":{\"@type\":\"PropertyValueSpecification\",\"valueRequired\":true,\"valueName\":\"search_term_string\"}}],\"inLanguage\":\"en-US\"},{\"@type\":[\"Person\",\"Organization\"],\"@id\":\"https:\\\/\\\/shrimataji.org\\\/test\\\/#\\\/schema\\\/person\\\/a1b3419c6585f164aa96da1ff85715d1\",\"name\":\"Nirmala Shrivastava\",\"image\":{\"@type\":\"ImageObject\",\"inLanguage\":\"en-US\",\"@id\":\"https:\\\/\\\/shrimataji.org\\\/test\\\/wp-content\\\/uploads\\\/2023\\\/02\\\/SMO_LOGO-03.svg\",\"url\":\"https:\\\/\\\/shrimataji.org\\\/test\\\/wp-content\\\/uploads\\\/2023\\\/02\\\/SMO_LOGO-03.svg\",\"contentUrl\":\"https:\\\/\\\/shrimataji.org\\\/test\\\/wp-content\\\/uploads\\\/2023\\\/02\\\/SMO_LOGO-03.svg\",\"width\":\"1024\",\"height\":\"1024\",\"caption\":\"Nirmala Shrivastava\"},\"logo\":{\"@id\":\"https:\\\/\\\/shrimataji.org\\\/test\\\/wp-content\\\/uploads\\\/2023\\\/02\\\/SMO_LOGO-03.svg\"},\"sameAs\":[\"https:\\\/\\\/shrimataji.org\\\/test\",\"https:\\\/\\\/www.facebook.com\\\/shrimataji\",\"https:\\\/\\\/x.com\\\/shrimataji\",\"https:\\\/\\\/www.youtube.com\\\/@Shri_Mataji_Nirmala_Devi\\\/featured\"]}]}<\/script>\n<!-- \/ Yoast SEO plugin. -->","yoast_head_json":{"title":"Su\u0161umna n\u00e1di - TEST - SMND","robots":{"index":"noindex","follow":"follow","max-snippet":"max-snippet:-1","max-image-preview":"max-image-preview:large","max-video-preview":"max-video-preview:-1"},"og_locale":"en_US","og_type":"article","og_title":"Su\u0161umna n\u00e1di - TEST - SMND","og_description":"Su\u0161umna n\u00e1di Evol\u00facia a rovnov\u00e1ha N\u00e1\u0161 centr\u00e1lny energetick\u00fd kan\u00e1l (Su\u0161umna n\u00e1di v sanskrite) sa tie\u017e naz\u00fdva stredn\u00e1 cesta. Za\u010d\u00edna v kr\u00ed\u017eovej kosti na spodku chrbtice (kde je umestnenen\u00e1 na\u0161a energia Kundaliny) a sp\u00e1ja sa so Sahasr\u00e1ra \u010dakrou vo fontanelovej oblasti hlavy. N\u00e1\u0161 centr\u00e1lny energetick\u00fd kan\u00e1l podporuje duchovn\u00fd rast. Tento kan\u00e1l je vysoko rozvinut\u00fd u realizovan\u00fdch&hellip; Read more","og_url":"https:\/\/shrimataji.org\/test\/sk\/susumna-nadi\/","og_site_name":"TEST - SMND","article_publisher":"https:\/\/www.facebook.com\/shrimataji","article_modified_time":"2026-03-12T15:35:54+00:00","og_image":[{"width":2560,"height":905,"url":"https:\/\/shrimataji.org\/test\/wp-content\/uploads\/2023\/03\/14_Banner-SY-Sushumna-scaled.jpg","type":"image\/jpeg"}],"twitter_card":"summary_large_image","twitter_site":"@shrimataji","twitter_misc":{"Est. reading time":"2 minutes"},"schema":{"@context":"https:\/\/schema.org","@graph":[{"@type":"WebPage","@id":"https:\/\/shrimataji.org\/test\/sk\/susumna-nadi\/","url":"https:\/\/shrimataji.org\/test\/sk\/susumna-nadi\/","name":"Su\u0161umna n\u00e1di - TEST - SMND","isPartOf":{"@id":"https:\/\/shrimataji.org\/test\/#website"},"primaryImageOfPage":{"@id":"https:\/\/shrimataji.org\/test\/sk\/susumna-nadi\/#primaryimage"},"image":{"@id":"https:\/\/shrimataji.org\/test\/sk\/susumna-nadi\/#primaryimage"},"thumbnailUrl":"https:\/\/shrimataji.org\/test\/wp-content\/uploads\/2023\/03\/14_Banner-SY-Sushumna-scaled.jpg","datePublished":"2022-01-29T10:35:29+00:00","dateModified":"2026-03-12T15:35:54+00:00","breadcrumb":{"@id":"https:\/\/shrimataji.org\/test\/sk\/susumna-nadi\/#breadcrumb"},"inLanguage":"en-US","potentialAction":[{"@type":"ReadAction","target":["https:\/\/shrimataji.org\/test\/sk\/susumna-nadi\/"]}]},{"@type":"ImageObject","inLanguage":"en-US","@id":"https:\/\/shrimataji.org\/test\/sk\/susumna-nadi\/#primaryimage","url":"https:\/\/shrimataji.org\/test\/wp-content\/uploads\/2023\/03\/14_Banner-SY-Sushumna-scaled.jpg","contentUrl":"https:\/\/shrimataji.org\/test\/wp-content\/uploads\/2023\/03\/14_Banner-SY-Sushumna-scaled.jpg","width":2560,"height":905},{"@type":"BreadcrumbList","@id":"https:\/\/shrimataji.org\/test\/sk\/susumna-nadi\/#breadcrumb","itemListElement":[{"@type":"ListItem","position":1,"name":"Home","item":"https:\/\/shrimataji.org\/test\/uk\/home-en\/"},{"@type":"ListItem","position":2,"name":"Su\u0161umna n\u00e1di"}]},{"@type":"WebSite","@id":"https:\/\/shrimataji.org\/test\/#website","url":"https:\/\/shrimataji.org\/test\/","name":"Shri Mataji Nirmala Devi","description":"A Life Dedicated to Humanity","publisher":{"@id":"https:\/\/shrimataji.org\/test\/#\/schema\/person\/a1b3419c6585f164aa96da1ff85715d1"},"potentialAction":[{"@type":"SearchAction","target":{"@type":"EntryPoint","urlTemplate":"https:\/\/shrimataji.org\/test\/?s={search_term_string}"},"query-input":{"@type":"PropertyValueSpecification","valueRequired":true,"valueName":"search_term_string"}}],"inLanguage":"en-US"},{"@type":["Person","Organization"],"@id":"https:\/\/shrimataji.org\/test\/#\/schema\/person\/a1b3419c6585f164aa96da1ff85715d1","name":"Nirmala Shrivastava","image":{"@type":"ImageObject","inLanguage":"en-US","@id":"https:\/\/shrimataji.org\/test\/wp-content\/uploads\/2023\/02\/SMO_LOGO-03.svg","url":"https:\/\/shrimataji.org\/test\/wp-content\/uploads\/2023\/02\/SMO_LOGO-03.svg","contentUrl":"https:\/\/shrimataji.org\/test\/wp-content\/uploads\/2023\/02\/SMO_LOGO-03.svg","width":"1024","height":"1024","caption":"Nirmala Shrivastava"},"logo":{"@id":"https:\/\/shrimataji.org\/test\/wp-content\/uploads\/2023\/02\/SMO_LOGO-03.svg"},"sameAs":["https:\/\/shrimataji.org\/test","https:\/\/www.facebook.com\/shrimataji","https:\/\/x.com\/shrimataji","https:\/\/www.youtube.com\/@Shri_Mataji_Nirmala_Devi\/featured"]}]}},"lang":"sk","translations":{"sk":12437,"ur":37511,"en":6416,"am":18085,"th":20073,"hu":19574,"sq":18486,"zh":17383,"hi":8315,"tr":10216,"pt":10424,"de":10698,"fr":10796,"it":10894,"es":10991,"ja":11289,"ru":11477,"bn":11668,"te":11776,"sw":11899,"he":12047,"el":12339,"fa":12535,"fi":12633,"bg":13380,"ro":14454,"cs":14647,"nl":16645,"ku":16805,"ar":16981,"be":18693,"kn":18967,"mr":20437,"uk":20730,"ml":21025,"ta":22804,"sv":23073,"gu":28908,"pa":29068,"fil":29522,"da":37819,"pl":38029,"nn":38371},"pll_sync_post":[],"_links":{"self":[{"href":"https:\/\/shrimataji.org\/test\/wp-json\/wp\/v2\/pages\/12437","targetHints":{"allow":["GET"]}}],"collection":[{"href":"https:\/\/shrimataji.org\/test\/wp-json\/wp\/v2\/pages"}],"about":[{"href":"https:\/\/shrimataji.org\/test\/wp-json\/wp\/v2\/types\/page"}],"author":[{"embeddable":true,"href":"https:\/\/shrimataji.org\/test\/wp-json\/wp\/v2\/users\/28"}],"replies":[{"embeddable":true,"href":"https:\/\/shrimataji.org\/test\/wp-json\/wp\/v2\/comments?post=12437"}],"version-history":[{"count":0,"href":"https:\/\/shrimataji.org\/test\/wp-json\/wp\/v2\/pages\/12437\/revisions"}],"wp:featuredmedia":[{"embeddable":true,"href":"https:\/\/shrimataji.org\/test\/wp-json\/wp\/v2\/media\/9249"}],"wp:attachment":[{"href":"https:\/\/shrimataji.org\/test\/wp-json\/wp\/v2\/media?parent=12437"}],"curies":[{"name":"wp","href":"https:\/\/api.w.org\/{rel}","templated":true}]}}