{"id":12438,"date":"2022-03-05T07:25:31","date_gmt":"2022-03-05T07:25:31","guid":{"rendered":"https:\/\/test.shrimataji.org\/?page_id=6484"},"modified":"2026-03-12T15:37:30","modified_gmt":"2026-03-12T15:37:30","slug":"swadistana-cakra","status":"publish","type":"page","link":"https:\/\/shrimataji.org\/test\/sk\/swadistana-cakra\/","title":{"rendered":"Swadi\u0161t\u00e1na \u010dakra"},"content":{"rendered":"\n\n\t<h1>Swadi\u0161t\u00e1na \u010dakra<\/h1>\n<h2>Kreativita a intu\u00edcia<\/h2>\n<h4>S prib\u00fadaj\u00facim vekom podliehame intenz\u00edvnemu a tvoriv\u00e9mu procesu u\u010denia, ktor\u00fd vych\u00e1dza z na\u0161ich sk\u00fasenost\u00ed a prostredia. Neust\u00e1le sa u\u010d\u00edme nov\u00e9 veci.<\/h4>\n<p>Toto druh\u00e9 centrum sa prip\u00e1ja k zdroju na\u0161ej tvorivosti a d\u00e1va n\u00e1m jasn\u00fa pozornos\u0165, ako aj duchovn\u00fa inteligenciu. Usmer\u0148uje na\u0161u tvoriv\u00fa in\u0161pir\u00e1ciu a v\u010faka nej m\u00f4\u017eeme za\u017e\u00edva\u0165 kr\u00e1su nav\u00f4kol. Duchovn\u00e1 inteligencia tohto centra nie je na ment\u00e1lnej \u00farovni, ale je to priame vn\u00edmanie reality. M\u00f4\u017eeme to c\u00edti\u0165 na kon\u010dekoch prstov, kde m\u00e1me jemn\u00e9 blok\u00e1dy. Je centrom na\u0161ej \u010distej pozornosti, ktor\u00e1 n\u00e1m d\u00e1va silu s\u00fastredi\u0165 sa.<\/p>\n\t\t<iframe loading=\"lazy\" title=\"Swadhisthan Chakra\" width=\"1920\" height=\"1080\" src=\"https:\/\/www.youtube.com\/embed\/f4ta5ak6nMg?feature=oembed\" frameborder=\"0\" allow=\"accelerometer; autoplay; clipboard-write; encrypted-media; gyroscope; picture-in-picture; web-share\" allowfullscreen><\/iframe>\t\n\t<strong>Umiestnenie:<br \/>\n<\/strong>Na\u0161a Swadi\u0161t\u00e1na \u010dakra sa nach\u00e1dza v aort\u00e1lnom pletenci, nad kr\u00ed\u017eovou kos\u0165ou. Riadi funkcie pe\u010dene, obli\u010diek, sleziny. pankreasu a \u017eensk\u00fdch reproduk\u010dn\u00fdch org\u00e1nov. Vibr\u00e1cie Swadi\u0161t\u00e1na \u010dakry m\u00f4\u017eme c\u00edti\u0165 na palcoch oboch r\u00fak.\n<strong>Farba:<\/strong><br \/>\nSwadi\u0161t\u00e1na \u010dakra m\u00e1 \u017elt\u00fa farbu, reprezentuje ju o\u010distn\u00fd element ohe\u0148.\n<p><strong>Kvality Swadi\u0161t\u00e1ny:<\/strong><\/p>\n<ul>\n<li>tvorivos\u0165<\/li>\n<li>zmysel pre kr\u00e1su<\/li>\n<li>in\u0161pir\u00e1cia<\/li>\n<li>kreat\u00edvne myslenie<\/li>\n<li>\u010dist\u00e1 pozornos\u0165<\/li>\n<li>bystr\u00e9 vn\u00edmanie<\/li>\n<li>duchovn\u00e9 poznanie<\/li>\n<\/ul>\n<figure itemscope itemtype=\"https:\/\/schema.org\/ImageObject\">\n\t\t\t\t<img decoding=\"async\" src=\"https:\/\/shrimataji.org\/test\/wp-content\/uploads\/2025\/12\/sk-2-Swadhisthan-01-scaled.png\" alt=\"sk-2-Swadhisthan-01\" height=\"2560\" width=\"2402\" title=\"sk-2-Swadhisthan-01\" onerror=\"this.style.display='none'\" loading=\"lazy\" \/>\n\t<\/figure>\n\t<p>Z\u00e1kladnou kvalitou tejto \u010dakry je tvorivos\u0165. Prostredn\u00edctvom tejto \u010dakry sa vytv\u00e1ra na\u0161a kreat\u00edvna energia. Riadi aj na\u0161u pozornos\u0165,, in\u0161pir\u00e1ciu a \u010dist\u00e9 poznanie. Ke\u010f sa otvor\u00edme kvalit\u00e1m tejto \u010dakry, objav\u00edme kr\u00e1su a silu tvorivosti.<\/p>\n<strong>sk\u00fasenosti a duchovn\u00fd pr\u00ednos:<\/strong><br \/>\nNajhlavnej\u0161ou fyziologickou funkciou tejto \u010dakry je rozklad tukov\u00fdch buniek tr\u00e1ven\u00edm pre mozog a myslenie.\n<p>Pr\u00edli\u0161n\u00e9 prem\u00fd\u0161\u013eanie a pl\u00e1novanie s\u00fa v dne\u0161nom svete be\u017en\u00e9. V\u0161etky tieto my\u0161lienky m\u00f4\u017eu vy\u010derp\u00e1va\u0165 va\u0161u prav\u00fa stranu tejto \u010dakry a vtedy nec\u00edtite svoju tvorivos\u0165 a str\u00e1cate chu\u0165 do \u017eivota. Nec\u00edtite spont\u00e1nnos\u0165 a rados\u0165.<\/p>\n<p>Je to preto, \u017ee va\u0161a Swadi\u0161t\u00e1na zanedb\u00e1va ostatn\u00e9 org\u00e1ny o ktor\u00e9 by sa mala stara\u0165, mus\u00ed si dop\u013a\u0148a\u0165 mozgov\u00fa hmotu, ktor\u00fa str\u00e1came zbyto\u010dn\u00fdm prem\u00fd\u0161\u013ean\u00edm.<\/p>\n<p>Napr\u00edklad va\u0161a pe\u010de\u0148 mus\u00ed vynalo\u017ei\u0165 viac energie pri produkcii tukov\u00fdch buniek, aby uspokojila po\u017eiadavky v\u00e1\u0161ho tela. Preto\u017ee pe\u010de\u0148 je s\u00eddlom pozornosti, str\u00e1ca sa schopnos\u0165 s\u00fastredenia a \u010dist\u00e9 myslenie je ohrozen\u00e9.<\/p>\n<p>Je d\u00f4le\u017eit\u00e9 pochopi\u0165 rozdiel medzi pozornos\u0165ou (\u010do je vlastnos\u0165ou Swadi\u0161tana \u010dakry) a prem\u00fd\u0161\u013ean\u00edm (ktor\u00e9 jej \u0161kod\u00ed). Pozornos\u0165 znamen\u00e1 pozorn\u00e9 sledovanie, alebo po\u010d\u00favanie. Je to \u010dist\u00e9 s\u00fastredenie sa na objekt <strong>bez<\/strong> prem\u00fd\u0161\u013eania. Pozornos\u0165 je s\u00fastredenie, pozorovanie a stav kde sme svedkom.<\/p>\n<p>M\u00f4\u017eeme na pr\u00edklad upriami\u0165 svoju pozornos\u0165 na kvetinu, oceni\u0165 jej kr\u00e1su a v\u00f4\u0148u bez toho, aby sme o nej skuto\u010dne prem\u00fd\u0161\u013eali. Pozorujete a obdivujete kvet bez toho ,aby sa v\u00e1m v hlave preh\u00e1\u0148ali my\u0161lienky typu: &#8220;Ako sa vol\u00e1 tento kvet? Zauj\u00edmalo by ma, \u010di je to letni\u010dka alebo trvalka.&#8221;<\/p>\n<p>Pe\u010de\u0148 v rovnov\u00e1he podporuje a vy\u017eivuje va\u0161u schopnos\u0165 s\u00fastredi\u0165 sa t\u00fdm, \u017ee filtruje ne\u010distoty, ru\u0161iv\u00e9 vplyvy vonkaj\u0161ieho neporiadku. Pokoj a ticho, ktor\u00e9 v\u00e1m pom\u00e1haj\u00fa meditova\u0165, poch\u00e1dzaj\u00fa z tejto o\u010distenej pozornosti.<\/p>\n<p>Ke\u010f je swadi\u0161t\u00e1na \u010dakra vyv\u00e1\u017een\u00e1, zabr\u00e1ni sa nadmern\u00e9mu prem\u00fd\u0161\u013eaniu. Budete si m\u00f4c\u0165 zachova\u0165 pokojn\u00fa myse\u013e bez starost\u00ed, pochybnost\u00ed, zm\u00e4tku a rozprty\u013eovania. Kreat\u00edvna pr\u00e1ca, ktor\u00fa rob\u00edte v tomto vyrovnanom stave bude duchovne posilnen\u00e1 a bude roben\u00e1 so srdcom.<\/p>\n<strong>Sebahodnotenie:<br \/>\n<\/strong>Ak je t\u00e1to \u010dakra v nerovnov\u00e1he, m\u00f4\u017eete zisti\u0165, \u017ee sa v\u00e1m \u0165a\u017eko medituje a m\u00e1te v\u0161eobecne nedostatok tvorivosti. M\u00f4\u017ee v\u00e1s tie\u017e tr\u00e1pi\u0165 nespavos\u0165 a podr\u00e1\u017edenos\u0165. Medzi \u010fal\u0161ie pr\u00edznaky nevyv\u00e1\u017eenej Swadi\u0161t\u00e1ny s\u00fa: choroby ako cukrovka, rakovina s\u00favisiaca s krvou,alergie a srdcov\u00e9 choroby.\n<p><strong>D\u00f4vody nerovnov\u00e1hy:<\/strong><\/p>\n<ul>\n<li>Pr\u00edli\u0161n\u00e9 myslenie, pl\u00e1novanie a prehnan\u00e1 ment\u00e1lna aktivita vy\u010derp\u00e1va toto centrum. V extr\u00e9mnych pr\u00edpadoch m\u00f4\u017ee d\u00f4js\u0165 k ment\u00e1lnemu vyhoreniu a \u00fapln\u00e9mu vy\u010derpaniu fyzick\u00e9ho tela.<\/li>\n<\/ul>\n<strong>Ako dosiahnu\u0165 rovnov\u00e1hu:<br \/>\n<\/strong>Na\u0161\u0165astie medit\u00e1cia m\u00f4\u017ee \u013eahko navodi\u0165 rovnov\u00e1hu tejto \u010dakry. Aby sme ju vy\u010distili, mali by sme si denne robi\u0165 k\u00fape\u013e n\u00f4h vo vode s primeranou teplotou.\n<p>Ak sa chceme zamera\u0165 na vy\u010distenie pravej Swadi\u0161t\u00e1ny, namo\u010d\u00edme si nohy po\u010das medit\u00e1cie do lav\u00f3rika so slanou, studenou vodou, aj <strong>\u013eadovou<\/strong>. M\u00f4\u017eete umiestni\u0165 n\u00e1dobku s \u013eadom na prav\u00fa Swadi\u0161t\u00e1nu. Je to miesto kde sa va\u0161e telo sp\u00e1ja s pravou nohou.<\/p>\n<p>Na pre\u010distenie \u013eavej Swadi\u0161t\u00e1ny si <a href=\"https:\/\/shrimataji.org\/test\/wp-content\/uploads\/2026\/03\/SK_Footsoaking.pdf\" target=\"_blank\" rel=\"noopener\">namo\u010dime po\u010das medit\u00e1cie nohy<\/a> do slanej, teplej a\u017e hor\u00facej (ak\u00e1ko\u013evek je n\u00e1m pr\u00edjemn\u00e1) vody.<\/p>\n<p>Ak m\u00e1te pretrv\u00e1vaj\u00face probl\u00e9my s nerovnov\u00e1hou v tejto \u010dakre, m\u00f4\u017eete pou\u017ei\u0165 na \u010distenie plame\u0148 svie\u010dky. Dr\u017ete svie\u010dku v pravej ruke nieko\u013eko centimetrov od \u010dakry na \u013eavej strane tela. Je to miesto kde sa trup sp\u00e1ja s \u013eavou nohou.<\/p>\n\n","protected":false},"excerpt":{"rendered":"<p>Swadi\u0161t\u00e1na \u010dakra Kreativita a intu\u00edcia S prib\u00fadaj\u00facim vekom podliehame intenz\u00edvnemu a tvoriv\u00e9mu procesu u\u010denia, ktor\u00fd vych\u00e1dza z na\u0161ich sk\u00fasenost\u00ed a prostredia. Neust\u00e1le sa u\u010d\u00edme nov\u00e9 veci. Toto druh\u00e9 centrum sa prip\u00e1ja k zdroju na\u0161ej tvorivosti a d\u00e1va n\u00e1m jasn\u00fa pozornos\u0165, ako aj duchovn\u00fa inteligenciu. Usmer\u0148uje na\u0161u tvoriv\u00fa in\u0161pir\u00e1ciu a v\u010faka nej m\u00f4\u017eeme za\u017e\u00edva\u0165 kr\u00e1su nav\u00f4kol.&hellip; <br \/> <a class=\"read-more\" href=\"https:\/\/shrimataji.org\/test\/sk\/swadistana-cakra\/\">Read more<\/a><\/p>\n","protected":false},"author":28,"featured_media":9252,"parent":0,"menu_order":0,"comment_status":"closed","ping_status":"closed","template":"","meta":{"inline_featured_image":false,"footnotes":""},"class_list":["post-12438","page","type-page","status-publish","has-post-thumbnail","hentry"],"yoast_head":"<!-- This site is optimized with the Yoast SEO plugin v27.4 - https:\/\/yoast.com\/product\/yoast-seo-wordpress\/ -->\n<title>Swadi\u0161t\u00e1na \u010dakra - TEST - SMND<\/title>\n<meta name=\"robots\" content=\"noindex, follow, max-snippet:-1, max-image-preview:large, max-video-preview:-1\" \/>\n<meta property=\"og:locale\" content=\"en_US\" \/>\n<meta property=\"og:type\" content=\"article\" \/>\n<meta property=\"og:title\" content=\"Swadi\u0161t\u00e1na \u010dakra - TEST - SMND\" \/>\n<meta property=\"og:description\" content=\"Swadi\u0161t\u00e1na \u010dakra Kreativita a intu\u00edcia S prib\u00fadaj\u00facim vekom podliehame intenz\u00edvnemu a tvoriv\u00e9mu procesu u\u010denia, ktor\u00fd vych\u00e1dza z na\u0161ich sk\u00fasenost\u00ed a prostredia. Neust\u00e1le sa u\u010d\u00edme nov\u00e9 veci. Toto druh\u00e9 centrum sa prip\u00e1ja k zdroju na\u0161ej tvorivosti a d\u00e1va n\u00e1m jasn\u00fa pozornos\u0165, ako aj duchovn\u00fa inteligenciu. Usmer\u0148uje na\u0161u tvoriv\u00fa in\u0161pir\u00e1ciu a v\u010faka nej m\u00f4\u017eeme za\u017e\u00edva\u0165 kr\u00e1su nav\u00f4kol.&hellip; Read more\" \/>\n<meta property=\"og:url\" content=\"https:\/\/shrimataji.org\/test\/sk\/swadistana-cakra\/\" \/>\n<meta property=\"og:site_name\" content=\"TEST - SMND\" \/>\n<meta property=\"article:publisher\" content=\"https:\/\/www.facebook.com\/shrimataji\" \/>\n<meta property=\"article:modified_time\" content=\"2026-03-12T15:37:30+00:00\" \/>\n<meta property=\"og:image\" content=\"https:\/\/shrimataji.org\/test\/wp-content\/uploads\/2023\/03\/17_Banner-SY-Chakra-swad-scaled.jpg\" \/>\n\t<meta property=\"og:image:width\" content=\"2560\" \/>\n\t<meta property=\"og:image:height\" content=\"905\" \/>\n\t<meta property=\"og:image:type\" content=\"image\/jpeg\" \/>\n<meta name=\"twitter:card\" content=\"summary_large_image\" \/>\n<meta name=\"twitter:site\" content=\"@shrimataji\" \/>\n<script type=\"application\/ld+json\" class=\"yoast-schema-graph\">{\"@context\":\"https:\\\/\\\/schema.org\",\"@graph\":[{\"@type\":\"WebPage\",\"@id\":\"https:\\\/\\\/shrimataji.org\\\/test\\\/sk\\\/swadistana-cakra\\\/\",\"url\":\"https:\\\/\\\/shrimataji.org\\\/test\\\/sk\\\/swadistana-cakra\\\/\",\"name\":\"Swadi\u0161t\u00e1na \u010dakra - TEST - SMND\",\"isPartOf\":{\"@id\":\"https:\\\/\\\/shrimataji.org\\\/test\\\/#website\"},\"primaryImageOfPage\":{\"@id\":\"https:\\\/\\\/shrimataji.org\\\/test\\\/sk\\\/swadistana-cakra\\\/#primaryimage\"},\"image\":{\"@id\":\"https:\\\/\\\/shrimataji.org\\\/test\\\/sk\\\/swadistana-cakra\\\/#primaryimage\"},\"thumbnailUrl\":\"https:\\\/\\\/shrimataji.org\\\/test\\\/wp-content\\\/uploads\\\/2023\\\/03\\\/17_Banner-SY-Chakra-swad-scaled.jpg\",\"datePublished\":\"2022-03-05T07:25:31+00:00\",\"dateModified\":\"2026-03-12T15:37:30+00:00\",\"breadcrumb\":{\"@id\":\"https:\\\/\\\/shrimataji.org\\\/test\\\/sk\\\/swadistana-cakra\\\/#breadcrumb\"},\"inLanguage\":\"en-US\",\"potentialAction\":[{\"@type\":\"ReadAction\",\"target\":[\"https:\\\/\\\/shrimataji.org\\\/test\\\/sk\\\/swadistana-cakra\\\/\"]}]},{\"@type\":\"ImageObject\",\"inLanguage\":\"en-US\",\"@id\":\"https:\\\/\\\/shrimataji.org\\\/test\\\/sk\\\/swadistana-cakra\\\/#primaryimage\",\"url\":\"https:\\\/\\\/shrimataji.org\\\/test\\\/wp-content\\\/uploads\\\/2023\\\/03\\\/17_Banner-SY-Chakra-swad-scaled.jpg\",\"contentUrl\":\"https:\\\/\\\/shrimataji.org\\\/test\\\/wp-content\\\/uploads\\\/2023\\\/03\\\/17_Banner-SY-Chakra-swad-scaled.jpg\",\"width\":2560,\"height\":905},{\"@type\":\"BreadcrumbList\",\"@id\":\"https:\\\/\\\/shrimataji.org\\\/test\\\/sk\\\/swadistana-cakra\\\/#breadcrumb\",\"itemListElement\":[{\"@type\":\"ListItem\",\"position\":1,\"name\":\"Home\",\"item\":\"https:\\\/\\\/shrimataji.org\\\/test\\\/uk\\\/home-en\\\/\"},{\"@type\":\"ListItem\",\"position\":2,\"name\":\"Swadi\u0161t\u00e1na \u010dakra\"}]},{\"@type\":\"WebSite\",\"@id\":\"https:\\\/\\\/shrimataji.org\\\/test\\\/#website\",\"url\":\"https:\\\/\\\/shrimataji.org\\\/test\\\/\",\"name\":\"Shri Mataji Nirmala Devi\",\"description\":\"A Life Dedicated to Humanity\",\"publisher\":{\"@id\":\"https:\\\/\\\/shrimataji.org\\\/test\\\/#\\\/schema\\\/person\\\/a1b3419c6585f164aa96da1ff85715d1\"},\"potentialAction\":[{\"@type\":\"SearchAction\",\"target\":{\"@type\":\"EntryPoint\",\"urlTemplate\":\"https:\\\/\\\/shrimataji.org\\\/test\\\/?s={search_term_string}\"},\"query-input\":{\"@type\":\"PropertyValueSpecification\",\"valueRequired\":true,\"valueName\":\"search_term_string\"}}],\"inLanguage\":\"en-US\"},{\"@type\":[\"Person\",\"Organization\"],\"@id\":\"https:\\\/\\\/shrimataji.org\\\/test\\\/#\\\/schema\\\/person\\\/a1b3419c6585f164aa96da1ff85715d1\",\"name\":\"Nirmala Shrivastava\",\"image\":{\"@type\":\"ImageObject\",\"inLanguage\":\"en-US\",\"@id\":\"https:\\\/\\\/shrimataji.org\\\/test\\\/wp-content\\\/uploads\\\/2023\\\/02\\\/SMO_LOGO-03.svg\",\"url\":\"https:\\\/\\\/shrimataji.org\\\/test\\\/wp-content\\\/uploads\\\/2023\\\/02\\\/SMO_LOGO-03.svg\",\"contentUrl\":\"https:\\\/\\\/shrimataji.org\\\/test\\\/wp-content\\\/uploads\\\/2023\\\/02\\\/SMO_LOGO-03.svg\",\"width\":\"1024\",\"height\":\"1024\",\"caption\":\"Nirmala Shrivastava\"},\"logo\":{\"@id\":\"https:\\\/\\\/shrimataji.org\\\/test\\\/wp-content\\\/uploads\\\/2023\\\/02\\\/SMO_LOGO-03.svg\"},\"sameAs\":[\"https:\\\/\\\/shrimataji.org\\\/test\",\"https:\\\/\\\/www.facebook.com\\\/shrimataji\",\"https:\\\/\\\/x.com\\\/shrimataji\",\"https:\\\/\\\/www.youtube.com\\\/@Shri_Mataji_Nirmala_Devi\\\/featured\"]}]}<\/script>\n<!-- \/ Yoast SEO plugin. -->","yoast_head_json":{"title":"Swadi\u0161t\u00e1na \u010dakra - TEST - SMND","robots":{"index":"noindex","follow":"follow","max-snippet":"max-snippet:-1","max-image-preview":"max-image-preview:large","max-video-preview":"max-video-preview:-1"},"og_locale":"en_US","og_type":"article","og_title":"Swadi\u0161t\u00e1na \u010dakra - TEST - SMND","og_description":"Swadi\u0161t\u00e1na \u010dakra Kreativita a intu\u00edcia S prib\u00fadaj\u00facim vekom podliehame intenz\u00edvnemu a tvoriv\u00e9mu procesu u\u010denia, ktor\u00fd vych\u00e1dza z na\u0161ich sk\u00fasenost\u00ed a prostredia. Neust\u00e1le sa u\u010d\u00edme nov\u00e9 veci. Toto druh\u00e9 centrum sa prip\u00e1ja k zdroju na\u0161ej tvorivosti a d\u00e1va n\u00e1m jasn\u00fa pozornos\u0165, ako aj duchovn\u00fa inteligenciu. Usmer\u0148uje na\u0161u tvoriv\u00fa in\u0161pir\u00e1ciu a v\u010faka nej m\u00f4\u017eeme za\u017e\u00edva\u0165 kr\u00e1su nav\u00f4kol.&hellip; Read more","og_url":"https:\/\/shrimataji.org\/test\/sk\/swadistana-cakra\/","og_site_name":"TEST - SMND","article_publisher":"https:\/\/www.facebook.com\/shrimataji","article_modified_time":"2026-03-12T15:37:30+00:00","og_image":[{"width":2560,"height":905,"url":"https:\/\/shrimataji.org\/test\/wp-content\/uploads\/2023\/03\/17_Banner-SY-Chakra-swad-scaled.jpg","type":"image\/jpeg"}],"twitter_card":"summary_large_image","twitter_site":"@shrimataji","schema":{"@context":"https:\/\/schema.org","@graph":[{"@type":"WebPage","@id":"https:\/\/shrimataji.org\/test\/sk\/swadistana-cakra\/","url":"https:\/\/shrimataji.org\/test\/sk\/swadistana-cakra\/","name":"Swadi\u0161t\u00e1na \u010dakra - TEST - SMND","isPartOf":{"@id":"https:\/\/shrimataji.org\/test\/#website"},"primaryImageOfPage":{"@id":"https:\/\/shrimataji.org\/test\/sk\/swadistana-cakra\/#primaryimage"},"image":{"@id":"https:\/\/shrimataji.org\/test\/sk\/swadistana-cakra\/#primaryimage"},"thumbnailUrl":"https:\/\/shrimataji.org\/test\/wp-content\/uploads\/2023\/03\/17_Banner-SY-Chakra-swad-scaled.jpg","datePublished":"2022-03-05T07:25:31+00:00","dateModified":"2026-03-12T15:37:30+00:00","breadcrumb":{"@id":"https:\/\/shrimataji.org\/test\/sk\/swadistana-cakra\/#breadcrumb"},"inLanguage":"en-US","potentialAction":[{"@type":"ReadAction","target":["https:\/\/shrimataji.org\/test\/sk\/swadistana-cakra\/"]}]},{"@type":"ImageObject","inLanguage":"en-US","@id":"https:\/\/shrimataji.org\/test\/sk\/swadistana-cakra\/#primaryimage","url":"https:\/\/shrimataji.org\/test\/wp-content\/uploads\/2023\/03\/17_Banner-SY-Chakra-swad-scaled.jpg","contentUrl":"https:\/\/shrimataji.org\/test\/wp-content\/uploads\/2023\/03\/17_Banner-SY-Chakra-swad-scaled.jpg","width":2560,"height":905},{"@type":"BreadcrumbList","@id":"https:\/\/shrimataji.org\/test\/sk\/swadistana-cakra\/#breadcrumb","itemListElement":[{"@type":"ListItem","position":1,"name":"Home","item":"https:\/\/shrimataji.org\/test\/uk\/home-en\/"},{"@type":"ListItem","position":2,"name":"Swadi\u0161t\u00e1na \u010dakra"}]},{"@type":"WebSite","@id":"https:\/\/shrimataji.org\/test\/#website","url":"https:\/\/shrimataji.org\/test\/","name":"Shri Mataji Nirmala Devi","description":"A Life Dedicated to Humanity","publisher":{"@id":"https:\/\/shrimataji.org\/test\/#\/schema\/person\/a1b3419c6585f164aa96da1ff85715d1"},"potentialAction":[{"@type":"SearchAction","target":{"@type":"EntryPoint","urlTemplate":"https:\/\/shrimataji.org\/test\/?s={search_term_string}"},"query-input":{"@type":"PropertyValueSpecification","valueRequired":true,"valueName":"search_term_string"}}],"inLanguage":"en-US"},{"@type":["Person","Organization"],"@id":"https:\/\/shrimataji.org\/test\/#\/schema\/person\/a1b3419c6585f164aa96da1ff85715d1","name":"Nirmala Shrivastava","image":{"@type":"ImageObject","inLanguage":"en-US","@id":"https:\/\/shrimataji.org\/test\/wp-content\/uploads\/2023\/02\/SMO_LOGO-03.svg","url":"https:\/\/shrimataji.org\/test\/wp-content\/uploads\/2023\/02\/SMO_LOGO-03.svg","contentUrl":"https:\/\/shrimataji.org\/test\/wp-content\/uploads\/2023\/02\/SMO_LOGO-03.svg","width":"1024","height":"1024","caption":"Nirmala Shrivastava"},"logo":{"@id":"https:\/\/shrimataji.org\/test\/wp-content\/uploads\/2023\/02\/SMO_LOGO-03.svg"},"sameAs":["https:\/\/shrimataji.org\/test","https:\/\/www.facebook.com\/shrimataji","https:\/\/x.com\/shrimataji","https:\/\/www.youtube.com\/@Shri_Mataji_Nirmala_Devi\/featured"]}]}},"lang":"sk","translations":{"sk":12438,"ur":37513,"en":6484,"am":18087,"th":20076,"hu":19576,"ar":16983,"sq":18488,"zh":17385,"hi":8323,"tr":10217,"pt":10425,"de":10699,"fr":10797,"it":10895,"es":10992,"ja":11290,"ru":11478,"bn":11669,"te":11777,"sw":11900,"he":12048,"el":12340,"fa":12536,"fi":12634,"bg":13374,"ro":14448,"cs":14641,"nl":16647,"ku":16807,"be":18695,"kn":18969,"mr":20440,"uk":20733,"ml":21028,"ta":22806,"sv":23075,"gu":28910,"pa":29070,"fil":29524,"da":37821,"pl":38031,"nn":38373},"pll_sync_post":[],"_links":{"self":[{"href":"https:\/\/shrimataji.org\/test\/wp-json\/wp\/v2\/pages\/12438","targetHints":{"allow":["GET"]}}],"collection":[{"href":"https:\/\/shrimataji.org\/test\/wp-json\/wp\/v2\/pages"}],"about":[{"href":"https:\/\/shrimataji.org\/test\/wp-json\/wp\/v2\/types\/page"}],"author":[{"embeddable":true,"href":"https:\/\/shrimataji.org\/test\/wp-json\/wp\/v2\/users\/28"}],"replies":[{"embeddable":true,"href":"https:\/\/shrimataji.org\/test\/wp-json\/wp\/v2\/comments?post=12438"}],"version-history":[{"count":0,"href":"https:\/\/shrimataji.org\/test\/wp-json\/wp\/v2\/pages\/12438\/revisions"}],"wp:featuredmedia":[{"embeddable":true,"href":"https:\/\/shrimataji.org\/test\/wp-json\/wp\/v2\/media\/9252"}],"wp:attachment":[{"href":"https:\/\/shrimataji.org\/test\/wp-json\/wp\/v2\/media?parent=12438"}],"curies":[{"name":"wp","href":"https:\/\/api.w.org\/{rel}","templated":true}]}}