{"id":12440,"date":"2012-10-02T12:00:00","date_gmt":"2012-10-02T12:00:00","guid":{"rendered":"http:\/\/testwordpress.nirmalnagari.org\/smnd\/index.php\/that-absolute-truth\/"},"modified":"2026-01-31T07:35:18","modified_gmt":"2026-01-31T07:35:18","slug":"absolutna-pravda","status":"publish","type":"page","link":"https:\/\/shrimataji.org\/test\/sk\/absolutna-pravda\/","title":{"rendered":"Absol\u00fatna Pravda"},"content":{"rendered":"\n\n\t<h1>Absol\u00fatna Pravda<\/h1>\n<h2>V\u00fd\u0148atok z verejn\u00e9ho programu na Katedre regionalistiky<br \/>\nUniverzity v Sydney, Austr\u00e1lia, 15. marca 1990<\/h2>\n\t<p>Hne\u010f v \u00favode mus\u00edme pochopi\u0165 jednu vec, \u017ee pravda je tak\u00e1 ak\u00e1 je. Nem\u00f4\u017eeme ju ovl\u00e1da\u0165, nem\u00f4\u017eeme jej prikazova\u0165, \u010di definova\u0165 ju na\u0161\u00edm \u013eudsk\u00fdm ch\u00e1pan\u00edm. Je ak\u00e1 je, ak\u00e1 bola a aj bude. Podstatou v\u0161etk\u00fdch n\u00e1bo\u017eenstiev, ak by sme to zhrnuli do jednej vety, je h\u013eadanie nie\u010doho ve\u010dn\u00e9ho, v\u0161etko ostatn\u00e9 je pominute\u013en\u00e9.<\/p>\n\t\t\t\t<img decoding=\"async\" src=\"https:\/\/shrimataji.org\/test\/wp-content\/uploads\/2018\/07\/media_originals\/images\/shri-mataji-portraits\/shri-mataji-while-touring-india-1981-to-1982-1024x728.jpg\" alt=\"shri-mataji-while-touring-india-1981-to-1982\" itemprop=\"image\" height=\"728\" width=\"1024\" height=\"728\" width=\"1024\" title=\"shri-mataji-while-touring-india-1981-to-1982\" onerror=\"this.style.display='none'\" loading=\"lazy\" \/>\n\t<p>Prv\u00e1 \u010das\u0165 je \u0165a\u017ek\u00e1: h\u013eadajte ve\u010dnos\u0165. Ve\u010dnos\u0165 je pravda, ale \u010do je pravda? Hovor\u00edm o tom v\u00e1m, lebo ste tu v\u0161etci ve\u013emi zbehl\u00ed a vzdelan\u00ed \u013eudia, no mus\u00edm v\u00e1s po\u017eiada\u0165, aby ste mali otvoren\u00fa myse\u013e, vedeck\u00fd poh\u013ead, aby ste ch\u00e1pali, \u010di to \u010do hovor\u00edm je pravda, alebo nie, aby ste to za\u017eili a brali to v\u0161etko ako hypot\u00e9zu. Ak sa uk\u00e1\u017ee \u017ee je to pravda, potom mus\u00edme byr \u00faprimn\u00ed a prija\u0165 to.<\/p>\n<p>S\u00fa dve veci, ktor\u00e9 nemus\u00edme akceptova\u0165, ale existuj\u00fa. Jedna je, \u017ee cel\u00fd tento vesm\u00edr, cel\u00e9 stvorenie je preniknut\u00e9 a vy\u017eivovan\u00e9 v\u0161etkoprenikaj\u00facou silou bo\u017eej l\u00e1sky. No v dne\u0161nej dome len spomen\u00fa\u0165 slovo Boh je prive\u013ea. V sanskrite sa to naz\u00fdva Param\u010daitanja, v Kor\u00e1ne je to Ruh, v Biblii v\u0161eprenikaj\u00faca sila bo\u017eej l\u00e1sky, alebo v\u0161etkoprenikaj\u00faca sila Boha. \u010co naz\u00fdvame duchovn\u00fdm je v podstate Boh. Toto je prv\u00e1 pravda.<\/p>\n\t<p>Druh\u00e1 pravda je, \u017ee nie sme toto telo, ani t\u00e1to myse\u013e, ani tieto em\u00f3cie, ani toto ego, \u010di my\u0161lienky. Sme viac ako to, sme \u010dist\u00e1 Du\u0161a. Tieto dve veci sa spom\u00ednaj\u00fa v ka\u017edom n\u00e1bo\u017eenstve, nech u\u017e sa o tom hovorilo \u010doko\u013evek.<\/p>\n<p>V d\u00e1vnych dob\u00e1ch, ke\u010f sa h\u013eadanie Boha za\u010dalo v Indii, ktor\u00e1 mala v porovnan\u00ed s in\u00fdmi krajinami ur\u010dit\u00e9 privil\u00e9gi\u00e1. Po prv\u00e9 je tam tak dobr\u00e1 kl\u00edma, \u017ee m\u00f4\u017eete \u017ei\u0165 aj v d\u017eugli bez v\u00e4\u010d\u0161ich probl\u00e9mov. K\u00fdm na z\u00e1pade m\u00f4\u017eeme poveda\u0165, \u017ee h\u013eada\u010di sa vydali h\u013eada\u0165 vonkaj\u0161ie veci, Indovia sa uberali ku svojim kore\u0148om. U\u017e kedysi d\u00e1vno objavili Sahad\u017ea jogu.<\/p>\n<p>Nejedn\u00e1 sa o nie\u010do modern\u00e9. Ide o dlhodobu uzn\u00e1van\u00fa met\u00f3du zjednotenia sa s Bohom, \u010do je joga. Sahad\u017ea znamen\u00e1 &#8220;s tebou naroden\u00fd&#8221;, saha je &#8220;s&#8221; a ja je &#8220;naroden\u00fd&#8221;. Je to vroden\u00e9 a je va\u0161im pr\u00e1vom z\u00edska\u0165 toto spojenie s Bo\u017eou silou.<\/p>\n\t<p>Sahad\u017ea tie\u017e znamen\u00e1 &#8220;spont\u00e1nny&#8221;, preto\u017ee ide o \u017eiv\u00fa sila, ktor\u00e1 to rob\u00ed. Je v n\u00e1s \u017eiv\u00e1 sila, ktor\u00e1 z n\u00e1s urobila \u013eudsk\u00e9 bytosti od \u0161t\u00e1dia am\u00e9by. A v n\u00e1s je odrazen\u00e1 jej zvy\u0161kov\u00e1 sila, ktor\u00e1 n\u00e1s spoj\u00ed s Bohom. To je skuto\u010dn\u00fd v\u00fdznam slova &#8220;joga&#8221;. Ka\u017ed\u00e1 \u013eudsk\u00e1 bytos\u0165 m\u00e1 pr\u00e1vo z\u00edska\u0165 toto zjednotenie so v\u0161etkoprenikaj\u00facou silou. Tak\u017ee toto je posledn\u00fd prielom v na\u0161ej evol\u00facii.<\/p>\n<p>No na \u013eudskej \u00farovni, ako viete, \u017eijeme v relat\u00edvnom svete. Niektor\u00ed \u013eudia hovoria, \u017ee to je dobr\u00e9 a in\u00ed \u017ee tamto je dobr\u00e9. Ide o vn\u00fatorn\u00fd boj, ale ak ide o absol\u00fatnu pravdu, nemali by by\u0165 dve strany. Tak\u017ee by sme mali ve\u013emi pokorne prizna\u0165, \u017ee sme e\u0161te nedospeli k tej absol\u00fatnej pravde, ktor\u00e1 dokazuje existenciu Boha, alebo existenciu v\u0161etkoprenikaj\u00facej sily, ktor\u00e1 je d\u00f4kazom toho \u010do n\u00e1s u\u010dili ve\u013ek\u00ed proroci a inkarn\u00e1cie.<\/p>\n\t<p><img loading=\"lazy\" decoding=\"async\" src=\"https:\/\/shrimataji.org\/test\/wp-content\/uploads\/2018\/07\/media_originals\/images\/shri-mataji-portraits\/shri-mataji-nirmala-devi-portrait.jpg\" alt=\"\" width=\"906\" height=\"598\" \/><\/p>\n\t<p>Samozrejme, n\u00e1bo\u017eenstv\u00e1 sa kv\u00f4li \u013eudsk\u00e9mu \u00fasiliu odklonili a odch\u00fdlili, dokonca sa javia ako odli\u0161n\u00e9, no s\u00fa to len kvety na Strome \u017eivota prejaven\u00e9 v r\u00f4znych obdobiach, existuje pre to sanskritsk\u00e9 slovo samaya\u010daja. V r\u00f4znych obdobiach sa prejavili, ale v\u0161etky vznikli na jednom strome \u017eivota. Av\u0161ak \u013eudia tie kvety za\u010dali trha\u0165 a hovorili &#8220;toto je moje. Takto za\u010dali bojova\u0165 s m\u0155tvymi kvetmi. Toto je s\u00fa\u010dasn\u00fd probl\u00e9m.<\/p>\n\t<div class=\"su-quote su-quote-style-default\"><div class=\"su-quote-inner su-u-clearfix su-u-trim\"> Nemus\u00edte ni\u010domu slepo veri\u0165, slep\u00e1 viera vedie k fanatizmu. Nemali by sme ma\u0165 slep\u00fa vieru. Mus\u00edte to za\u017ei\u0165. <\/div><\/div>\n\t<p>Na sv\u00e4tcoch nebolo ni\u010d zl\u00e9, proroci a inkarn\u00e1cie urobili pre n\u00e1s to, \u010do bolo najlep\u0161ie v \u010dase na\u0161ej evol\u00facie a v\u00fdvoja, sna\u017eili sa n\u00e1m poveda\u0165 \u010do m\u00e1me v danom obdob\u00ed robi\u0165. V\u00e4\u010d\u0161inou rie\u0161ili probl\u00e9my tej doby, to ako sa neodd\u00e1va\u0165 pominute\u013en\u00fdm veciam, ale h\u013eada\u0165 ve\u010dn\u00e9.<\/p>\n\n","protected":false},"excerpt":{"rendered":"<p>Absol\u00fatna Pravda V\u00fd\u0148atok z verejn\u00e9ho programu na Katedre regionalistiky Univerzity v Sydney, Austr\u00e1lia, 15. marca 1990 Hne\u010f v \u00favode mus\u00edme pochopi\u0165 jednu vec, \u017ee pravda je tak\u00e1 ak\u00e1 je. Nem\u00f4\u017eeme ju ovl\u00e1da\u0165, nem\u00f4\u017eeme jej prikazova\u0165, \u010di definova\u0165 ju na\u0161\u00edm \u013eudsk\u00fdm ch\u00e1pan\u00edm. Je ak\u00e1 je, ak\u00e1 bola a aj bude. Podstatou v\u0161etk\u00fdch n\u00e1bo\u017eenstiev, ak by sme&hellip; <br \/> <a class=\"read-more\" href=\"https:\/\/shrimataji.org\/test\/sk\/absolutna-pravda\/\">Read more<\/a><\/p>\n","protected":false},"author":28,"featured_media":133,"parent":0,"menu_order":0,"comment_status":"closed","ping_status":"closed","template":"","meta":{"inline_featured_image":false,"footnotes":""},"class_list":["post-12440","page","type-page","status-publish","has-post-thumbnail","hentry"],"yoast_head":"<!-- This site is optimized with the Yoast SEO plugin v27.4 - https:\/\/yoast.com\/product\/yoast-seo-wordpress\/ -->\n<title>Absol\u00fatna Pravda - TEST - SMND<\/title>\n<meta name=\"robots\" content=\"noindex, follow, max-snippet:-1, max-image-preview:large, max-video-preview:-1\" \/>\n<meta property=\"og:locale\" content=\"en_US\" \/>\n<meta property=\"og:type\" content=\"article\" \/>\n<meta property=\"og:title\" content=\"Absol\u00fatna Pravda - TEST - SMND\" \/>\n<meta property=\"og:description\" content=\"Absol\u00fatna Pravda V\u00fd\u0148atok z verejn\u00e9ho programu na Katedre regionalistiky Univerzity v Sydney, Austr\u00e1lia, 15. marca 1990 Hne\u010f v \u00favode mus\u00edme pochopi\u0165 jednu vec, \u017ee pravda je tak\u00e1 ak\u00e1 je. Nem\u00f4\u017eeme ju ovl\u00e1da\u0165, nem\u00f4\u017eeme jej prikazova\u0165, \u010di definova\u0165 ju na\u0161\u00edm \u013eudsk\u00fdm ch\u00e1pan\u00edm. Je ak\u00e1 je, ak\u00e1 bola a aj bude. Podstatou v\u0161etk\u00fdch n\u00e1bo\u017eenstiev, ak by sme&hellip; Read more\" \/>\n<meta property=\"og:url\" content=\"https:\/\/shrimataji.org\/test\/sk\/absolutna-pravda\/\" \/>\n<meta property=\"og:site_name\" content=\"TEST - SMND\" \/>\n<meta property=\"article:publisher\" content=\"https:\/\/www.facebook.com\/shrimataji\" \/>\n<meta property=\"article:modified_time\" content=\"2026-01-31T07:35:18+00:00\" \/>\n<meta property=\"og:image\" content=\"https:\/\/shrimataji.org\/test\/wp-content\/uploads\/2018\/07\/media_originals\/images\/headers-general\/pink-flower-soft.jpg\" \/>\n\t<meta property=\"og:image:width\" content=\"990\" \/>\n\t<meta property=\"og:image:height\" content=\"350\" \/>\n\t<meta property=\"og:image:type\" content=\"image\/jpeg\" \/>\n<meta name=\"twitter:card\" content=\"summary_large_image\" \/>\n<meta name=\"twitter:site\" content=\"@shrimataji\" \/>\n<script type=\"application\/ld+json\" class=\"yoast-schema-graph\">{\"@context\":\"https:\\\/\\\/schema.org\",\"@graph\":[{\"@type\":\"WebPage\",\"@id\":\"https:\\\/\\\/shrimataji.org\\\/test\\\/sk\\\/absolutna-pravda\\\/\",\"url\":\"https:\\\/\\\/shrimataji.org\\\/test\\\/sk\\\/absolutna-pravda\\\/\",\"name\":\"Absol\u00fatna Pravda - TEST - SMND\",\"isPartOf\":{\"@id\":\"https:\\\/\\\/shrimataji.org\\\/test\\\/#website\"},\"primaryImageOfPage\":{\"@id\":\"https:\\\/\\\/shrimataji.org\\\/test\\\/sk\\\/absolutna-pravda\\\/#primaryimage\"},\"image\":{\"@id\":\"https:\\\/\\\/shrimataji.org\\\/test\\\/sk\\\/absolutna-pravda\\\/#primaryimage\"},\"thumbnailUrl\":\"https:\\\/\\\/shrimataji.org\\\/test\\\/wp-content\\\/uploads\\\/2018\\\/07\\\/media_originals\\\/images\\\/headers-general\\\/pink-flower-soft.jpg\",\"datePublished\":\"2012-10-02T12:00:00+00:00\",\"dateModified\":\"2026-01-31T07:35:18+00:00\",\"breadcrumb\":{\"@id\":\"https:\\\/\\\/shrimataji.org\\\/test\\\/sk\\\/absolutna-pravda\\\/#breadcrumb\"},\"inLanguage\":\"en-US\",\"potentialAction\":[{\"@type\":\"ReadAction\",\"target\":[\"https:\\\/\\\/shrimataji.org\\\/test\\\/sk\\\/absolutna-pravda\\\/\"]}]},{\"@type\":\"ImageObject\",\"inLanguage\":\"en-US\",\"@id\":\"https:\\\/\\\/shrimataji.org\\\/test\\\/sk\\\/absolutna-pravda\\\/#primaryimage\",\"url\":\"https:\\\/\\\/shrimataji.org\\\/test\\\/wp-content\\\/uploads\\\/2018\\\/07\\\/media_originals\\\/images\\\/headers-general\\\/pink-flower-soft.jpg\",\"contentUrl\":\"https:\\\/\\\/shrimataji.org\\\/test\\\/wp-content\\\/uploads\\\/2018\\\/07\\\/media_originals\\\/images\\\/headers-general\\\/pink-flower-soft.jpg\",\"width\":990,\"height\":350},{\"@type\":\"BreadcrumbList\",\"@id\":\"https:\\\/\\\/shrimataji.org\\\/test\\\/sk\\\/absolutna-pravda\\\/#breadcrumb\",\"itemListElement\":[{\"@type\":\"ListItem\",\"position\":1,\"name\":\"Home\",\"item\":\"https:\\\/\\\/shrimataji.org\\\/test\\\/uk\\\/home-en\\\/\"},{\"@type\":\"ListItem\",\"position\":2,\"name\":\"Absol\u00fatna Pravda\"}]},{\"@type\":\"WebSite\",\"@id\":\"https:\\\/\\\/shrimataji.org\\\/test\\\/#website\",\"url\":\"https:\\\/\\\/shrimataji.org\\\/test\\\/\",\"name\":\"Shri Mataji Nirmala Devi\",\"description\":\"A Life Dedicated to Humanity\",\"publisher\":{\"@id\":\"https:\\\/\\\/shrimataji.org\\\/test\\\/#\\\/schema\\\/person\\\/a1b3419c6585f164aa96da1ff85715d1\"},\"potentialAction\":[{\"@type\":\"SearchAction\",\"target\":{\"@type\":\"EntryPoint\",\"urlTemplate\":\"https:\\\/\\\/shrimataji.org\\\/test\\\/?s={search_term_string}\"},\"query-input\":{\"@type\":\"PropertyValueSpecification\",\"valueRequired\":true,\"valueName\":\"search_term_string\"}}],\"inLanguage\":\"en-US\"},{\"@type\":[\"Person\",\"Organization\"],\"@id\":\"https:\\\/\\\/shrimataji.org\\\/test\\\/#\\\/schema\\\/person\\\/a1b3419c6585f164aa96da1ff85715d1\",\"name\":\"Nirmala Shrivastava\",\"image\":{\"@type\":\"ImageObject\",\"inLanguage\":\"en-US\",\"@id\":\"https:\\\/\\\/shrimataji.org\\\/test\\\/wp-content\\\/uploads\\\/2023\\\/02\\\/SMO_LOGO-03.svg\",\"url\":\"https:\\\/\\\/shrimataji.org\\\/test\\\/wp-content\\\/uploads\\\/2023\\\/02\\\/SMO_LOGO-03.svg\",\"contentUrl\":\"https:\\\/\\\/shrimataji.org\\\/test\\\/wp-content\\\/uploads\\\/2023\\\/02\\\/SMO_LOGO-03.svg\",\"width\":\"1024\",\"height\":\"1024\",\"caption\":\"Nirmala Shrivastava\"},\"logo\":{\"@id\":\"https:\\\/\\\/shrimataji.org\\\/test\\\/wp-content\\\/uploads\\\/2023\\\/02\\\/SMO_LOGO-03.svg\"},\"sameAs\":[\"https:\\\/\\\/shrimataji.org\\\/test\",\"https:\\\/\\\/www.facebook.com\\\/shrimataji\",\"https:\\\/\\\/x.com\\\/shrimataji\",\"https:\\\/\\\/www.youtube.com\\\/@Shri_Mataji_Nirmala_Devi\\\/featured\"]}]}<\/script>\n<!-- \/ Yoast SEO plugin. -->","yoast_head_json":{"title":"Absol\u00fatna Pravda - TEST - SMND","robots":{"index":"noindex","follow":"follow","max-snippet":"max-snippet:-1","max-image-preview":"max-image-preview:large","max-video-preview":"max-video-preview:-1"},"og_locale":"en_US","og_type":"article","og_title":"Absol\u00fatna Pravda - TEST - SMND","og_description":"Absol\u00fatna Pravda V\u00fd\u0148atok z verejn\u00e9ho programu na Katedre regionalistiky Univerzity v Sydney, Austr\u00e1lia, 15. marca 1990 Hne\u010f v \u00favode mus\u00edme pochopi\u0165 jednu vec, \u017ee pravda je tak\u00e1 ak\u00e1 je. Nem\u00f4\u017eeme ju ovl\u00e1da\u0165, nem\u00f4\u017eeme jej prikazova\u0165, \u010di definova\u0165 ju na\u0161\u00edm \u013eudsk\u00fdm ch\u00e1pan\u00edm. Je ak\u00e1 je, ak\u00e1 bola a aj bude. Podstatou v\u0161etk\u00fdch n\u00e1bo\u017eenstiev, ak by sme&hellip; Read more","og_url":"https:\/\/shrimataji.org\/test\/sk\/absolutna-pravda\/","og_site_name":"TEST - SMND","article_publisher":"https:\/\/www.facebook.com\/shrimataji","article_modified_time":"2026-01-31T07:35:18+00:00","og_image":[{"width":990,"height":350,"url":"https:\/\/shrimataji.org\/test\/wp-content\/uploads\/2018\/07\/media_originals\/images\/headers-general\/pink-flower-soft.jpg","type":"image\/jpeg"}],"twitter_card":"summary_large_image","twitter_site":"@shrimataji","schema":{"@context":"https:\/\/schema.org","@graph":[{"@type":"WebPage","@id":"https:\/\/shrimataji.org\/test\/sk\/absolutna-pravda\/","url":"https:\/\/shrimataji.org\/test\/sk\/absolutna-pravda\/","name":"Absol\u00fatna Pravda - TEST - SMND","isPartOf":{"@id":"https:\/\/shrimataji.org\/test\/#website"},"primaryImageOfPage":{"@id":"https:\/\/shrimataji.org\/test\/sk\/absolutna-pravda\/#primaryimage"},"image":{"@id":"https:\/\/shrimataji.org\/test\/sk\/absolutna-pravda\/#primaryimage"},"thumbnailUrl":"https:\/\/shrimataji.org\/test\/wp-content\/uploads\/2018\/07\/media_originals\/images\/headers-general\/pink-flower-soft.jpg","datePublished":"2012-10-02T12:00:00+00:00","dateModified":"2026-01-31T07:35:18+00:00","breadcrumb":{"@id":"https:\/\/shrimataji.org\/test\/sk\/absolutna-pravda\/#breadcrumb"},"inLanguage":"en-US","potentialAction":[{"@type":"ReadAction","target":["https:\/\/shrimataji.org\/test\/sk\/absolutna-pravda\/"]}]},{"@type":"ImageObject","inLanguage":"en-US","@id":"https:\/\/shrimataji.org\/test\/sk\/absolutna-pravda\/#primaryimage","url":"https:\/\/shrimataji.org\/test\/wp-content\/uploads\/2018\/07\/media_originals\/images\/headers-general\/pink-flower-soft.jpg","contentUrl":"https:\/\/shrimataji.org\/test\/wp-content\/uploads\/2018\/07\/media_originals\/images\/headers-general\/pink-flower-soft.jpg","width":990,"height":350},{"@type":"BreadcrumbList","@id":"https:\/\/shrimataji.org\/test\/sk\/absolutna-pravda\/#breadcrumb","itemListElement":[{"@type":"ListItem","position":1,"name":"Home","item":"https:\/\/shrimataji.org\/test\/uk\/home-en\/"},{"@type":"ListItem","position":2,"name":"Absol\u00fatna Pravda"}]},{"@type":"WebSite","@id":"https:\/\/shrimataji.org\/test\/#website","url":"https:\/\/shrimataji.org\/test\/","name":"Shri Mataji Nirmala Devi","description":"A Life Dedicated to Humanity","publisher":{"@id":"https:\/\/shrimataji.org\/test\/#\/schema\/person\/a1b3419c6585f164aa96da1ff85715d1"},"potentialAction":[{"@type":"SearchAction","target":{"@type":"EntryPoint","urlTemplate":"https:\/\/shrimataji.org\/test\/?s={search_term_string}"},"query-input":{"@type":"PropertyValueSpecification","valueRequired":true,"valueName":"search_term_string"}}],"inLanguage":"en-US"},{"@type":["Person","Organization"],"@id":"https:\/\/shrimataji.org\/test\/#\/schema\/person\/a1b3419c6585f164aa96da1ff85715d1","name":"Nirmala Shrivastava","image":{"@type":"ImageObject","inLanguage":"en-US","@id":"https:\/\/shrimataji.org\/test\/wp-content\/uploads\/2023\/02\/SMO_LOGO-03.svg","url":"https:\/\/shrimataji.org\/test\/wp-content\/uploads\/2023\/02\/SMO_LOGO-03.svg","contentUrl":"https:\/\/shrimataji.org\/test\/wp-content\/uploads\/2023\/02\/SMO_LOGO-03.svg","width":"1024","height":"1024","caption":"Nirmala Shrivastava"},"logo":{"@id":"https:\/\/shrimataji.org\/test\/wp-content\/uploads\/2023\/02\/SMO_LOGO-03.svg"},"sameAs":["https:\/\/shrimataji.org\/test","https:\/\/www.facebook.com\/shrimataji","https:\/\/x.com\/shrimataji","https:\/\/www.youtube.com\/@Shri_Mataji_Nirmala_Devi\/featured"]}]}},"lang":"sk","translations":{"sk":12440,"ur":37515,"en":430,"am":18090,"th":20081,"hu":19580,"ar":16986,"sq":18491,"zh":17388,"tr":10219,"pt":10427,"de":10701,"fr":10799,"it":10897,"es":10994,"ja":11292,"ru":11480,"bn":11671,"te":11779,"sw":11902,"he":12050,"el":12342,"fa":12538,"fi":12636,"bg":13496,"ro":14571,"cs":14764,"nl":16650,"ku":16810,"be":18698,"kn":18972,"mr":20445,"uk":20738,"ml":21033,"ta":22809,"sv":23078,"gu":28913,"pa":29073,"fil":29527,"da":37823,"pl":38033,"nn":38375},"pll_sync_post":[],"_links":{"self":[{"href":"https:\/\/shrimataji.org\/test\/wp-json\/wp\/v2\/pages\/12440","targetHints":{"allow":["GET"]}}],"collection":[{"href":"https:\/\/shrimataji.org\/test\/wp-json\/wp\/v2\/pages"}],"about":[{"href":"https:\/\/shrimataji.org\/test\/wp-json\/wp\/v2\/types\/page"}],"author":[{"embeddable":true,"href":"https:\/\/shrimataji.org\/test\/wp-json\/wp\/v2\/users\/28"}],"replies":[{"embeddable":true,"href":"https:\/\/shrimataji.org\/test\/wp-json\/wp\/v2\/comments?post=12440"}],"version-history":[{"count":0,"href":"https:\/\/shrimataji.org\/test\/wp-json\/wp\/v2\/pages\/12440\/revisions"}],"wp:featuredmedia":[{"embeddable":true,"href":"https:\/\/shrimataji.org\/test\/wp-json\/wp\/v2\/media\/133"}],"wp:attachment":[{"href":"https:\/\/shrimataji.org\/test\/wp-json\/wp\/v2\/media?parent=12440"}],"curies":[{"name":"wp","href":"https:\/\/api.w.org\/{rel}","templated":true}]}}