{"id":12441,"date":"2022-01-29T09:27:08","date_gmt":"2022-01-29T09:27:08","guid":{"rendered":"https:\/\/test.shrimataji.org\/?page_id=6380"},"modified":"2026-01-31T18:27:24","modified_gmt":"2026-01-31T18:27:24","slug":"duchovny-rozvoj","status":"publish","type":"page","link":"https:\/\/shrimataji.org\/test\/sk\/duchovny-rozvoj\/","title":{"rendered":"Duchovn\u00fd rozvoj"},"content":{"rendered":"\n\n\t<h1>Duchovn\u00fd rozvoj<\/h1>\n<h2>Objavte svoj skuto\u010dn\u00fd potenci\u00e1l<\/h2>\n<div class=\"su-quote su-quote-style-default\"><div class=\"su-quote-inner su-u-clearfix su-u-trim\"> Ke\u010f ste si uvedomili svoj v\u00fdvoj navonok, ktor\u00fdm si mus\u00edte prejs\u0165, mus\u00ed tu by\u0165 aj vn\u00fatorn\u00fd v\u00fdvoj. Ako strom, ktor\u00fd rastie do v\u00fd\u0161ky, aj jeho korene musia nar\u00e1s\u0165.<\/div><\/div>\n<h4>N\u00e1\u0161 vn\u00fatorn\u00fd rast v <a href=\"https:\/\/shrimataji.org\/test\/sk\/meditacia-sahadza-jogy\/\" target=\"_blank\" rel=\"noopener\">Sahad\u017ea joge<\/a> je \u00faplne prirodzen\u00fd a spont\u00e1nny. Neexistuje \u017eiadna \u0161peci\u00e1lna technika, ktor\u00fa by sme mohli pou\u017ei\u0165, aby sme prin\u00fatili, \u010di ovplyvnili na\u0161u myse\u013e a intelekt v tomto vn\u00fatornom v\u00fdvoji. Rovnako neexistuje \u017eiadna \u0161peci\u00e1lna met\u00f3da pomocou ktorej sa semienko stane rastlinou, alebo ovoc\u00edm, je to sk\u00f4r Matka Pr\u00edroda, ktor\u00e1 prirodzene vyvol\u00e1va v\u0161etky tieto pr\u00edrodn\u00e9 procesy. V n\u00e1s je to na\u0161a <a href=\"https:\/\/shrimataji.org\/test\/sk\/kundaliny\/\" target=\"_blank\" rel=\"noopener\">Kundaliny<\/a>, ktor\u00e1 n\u00e1s ako matka vy\u017eivuje svojou silou a pomocou komplexnej siete <a href=\"https:\/\/shrimataji.org\/test\/sk\/cakry-a-ich-kvality\/\" target=\"_blank\" rel=\"noopener\">\u010dakier<\/a> a <a href=\"https:\/\/shrimataji.org\/test\/sk\/kanaly-a-tri-typy-psychiky\/\" target=\"_blank\" rel=\"noopener\">kan\u00e1lov<\/a> rozv\u00edja cel\u00e9 na\u0161e duchovn\u00e9 vedomie.<\/h4>\n<p>Prostredn\u00edctvom \u00fapln\u00e9ho duchovn\u00e9ho uvedomenia sa zjednocujeme s na\u0161\u00edm skuto\u010dn\u00fdm, vn\u00fatorn\u00fdm potenci\u00e1lom, kor\u00fd komplexne sp\u00e1ja na\u0161e telo s na\u0161ou mys\u013eou, em\u00f3ciami a s intelektom. Pred Sebarealiz\u00e1ciou na\u0161e srdce po nie\u010dom t\u00fa\u017ei, nie\u010do in\u00e9 si mysl\u00ed n\u00e1\u0161 rozum a na\u0161e telo reaguje odli\u0161ne. Pravidelnou medit\u00e1ciou Sahad\u017ea jogy sa vytvor\u00ed jemn\u00e9 spojenie srdca s pozornos\u0165ou, s mys\u013eou, s telom a s intelektom, \u010do n\u00e1m umo\u017en\u00ed za\u017ei\u0165 dokonal\u00fd stav splynutia v ka\u017edom aspekte n\u00e1\u0161ho \u017eivota.<\/p>\n<p>Dosiahnut\u00edm tejto vn\u00fatornej harm\u00f3nie zis\u0165ujeme, \u017ee to hlboko ovplyv\u0148uje na\u0161e okolie, \u010di u\u017e je to v pr\u00e1ci, v rodine, alebo v spolo\u010dnosti, v ktorej sa pohybujeme. Nemus\u00edme nejako v\u00fdnimo\u010dne zm\u00fd\u0161\u013ea\u0165, alebo nie\u010do v\u00fdnimo\u010dn\u00e9 hovori\u0165, preto\u017ee na\u0161a duchovn\u00e1 aura (existuje sedem aur, ktor\u00e9 obklopuj\u00fa na\u0161e srdce a na\u0161e \u010dakry), sa stane osvieten\u00e1 a dynamicky komunikuje so v\u0161etk\u00fdm \u010do sa v na\u0161om \u017eivote deje.<\/p>\n<div class=\"su-quote su-quote-style-default\"><div class=\"su-quote-inner su-u-clearfix su-u-trim\"> Nejde tu o ni\u010d in\u00e9 ako o vn\u00fatorn\u00fd v\u00fdvoj na\u0161ich kore\u0148ov, ktor\u00fd dosiahneme ke\u010f vyst\u00fapi Kundaliny&#8230;.Jedin\u00e9 \u010do treba urobi\u0165 je dopria\u0165 tomu nejak\u00fd \u010das, pris\u0165 do kolekt\u00edvu a napredova\u0165 v Sahad\u017ea joge. <\/div><\/div>\n\n","protected":false},"excerpt":{"rendered":"<p>Duchovn\u00fd rozvoj Objavte svoj skuto\u010dn\u00fd potenci\u00e1l N\u00e1\u0161 vn\u00fatorn\u00fd rast v Sahad\u017ea joge je \u00faplne prirodzen\u00fd a spont\u00e1nny. Neexistuje \u017eiadna \u0161peci\u00e1lna technika, ktor\u00fa by sme mohli pou\u017ei\u0165, aby sme prin\u00fatili, \u010di ovplyvnili na\u0161u myse\u013e a intelekt v tomto vn\u00fatornom v\u00fdvoji. Rovnako neexistuje \u017eiadna \u0161peci\u00e1lna met\u00f3da pomocou ktorej sa semienko stane rastlinou, alebo ovoc\u00edm, je to sk\u00f4r&hellip; <br \/> <a class=\"read-more\" href=\"https:\/\/shrimataji.org\/test\/sk\/duchovny-rozvoj\/\">Read more<\/a><\/p>\n","protected":false},"author":28,"featured_media":9258,"parent":0,"menu_order":0,"comment_status":"closed","ping_status":"closed","template":"","meta":{"inline_featured_image":false,"footnotes":""},"class_list":["post-12441","page","type-page","status-publish","has-post-thumbnail","hentry"],"yoast_head":"<!-- This site is optimized with the Yoast SEO plugin v27.4 - https:\/\/yoast.com\/product\/yoast-seo-wordpress\/ -->\n<title>Duchovn\u00fd rozvoj - TEST - SMND<\/title>\n<meta name=\"robots\" content=\"noindex, follow, max-snippet:-1, max-image-preview:large, max-video-preview:-1\" \/>\n<meta property=\"og:locale\" content=\"en_US\" \/>\n<meta property=\"og:type\" content=\"article\" \/>\n<meta property=\"og:title\" content=\"Duchovn\u00fd rozvoj - TEST - SMND\" \/>\n<meta property=\"og:description\" content=\"Duchovn\u00fd rozvoj Objavte svoj skuto\u010dn\u00fd potenci\u00e1l N\u00e1\u0161 vn\u00fatorn\u00fd rast v Sahad\u017ea joge je \u00faplne prirodzen\u00fd a spont\u00e1nny. Neexistuje \u017eiadna \u0161peci\u00e1lna technika, ktor\u00fa by sme mohli pou\u017ei\u0165, aby sme prin\u00fatili, \u010di ovplyvnili na\u0161u myse\u013e a intelekt v tomto vn\u00fatornom v\u00fdvoji. Rovnako neexistuje \u017eiadna \u0161peci\u00e1lna met\u00f3da pomocou ktorej sa semienko stane rastlinou, alebo ovoc\u00edm, je to sk\u00f4r&hellip; Read more\" \/>\n<meta property=\"og:url\" content=\"https:\/\/shrimataji.org\/test\/sk\/duchovny-rozvoj\/\" \/>\n<meta property=\"og:site_name\" content=\"TEST - SMND\" \/>\n<meta property=\"article:publisher\" content=\"https:\/\/www.facebook.com\/shrimataji\" \/>\n<meta property=\"article:modified_time\" content=\"2026-01-31T18:27:24+00:00\" \/>\n<meta property=\"og:image\" content=\"https:\/\/shrimataji.org\/test\/wp-content\/uploads\/2023\/03\/23_Banner-SY-Growth-scaled.jpg\" \/>\n\t<meta property=\"og:image:width\" content=\"2560\" \/>\n\t<meta property=\"og:image:height\" content=\"905\" \/>\n\t<meta property=\"og:image:type\" content=\"image\/jpeg\" \/>\n<meta name=\"twitter:card\" content=\"summary_large_image\" \/>\n<meta name=\"twitter:site\" content=\"@shrimataji\" \/>\n<meta name=\"twitter:label1\" content=\"Est. reading time\" \/>\n\t<meta name=\"twitter:data1\" content=\"2 minutes\" \/>\n<script type=\"application\/ld+json\" class=\"yoast-schema-graph\">{\"@context\":\"https:\\\/\\\/schema.org\",\"@graph\":[{\"@type\":\"WebPage\",\"@id\":\"https:\\\/\\\/shrimataji.org\\\/test\\\/sk\\\/duchovny-rozvoj\\\/\",\"url\":\"https:\\\/\\\/shrimataji.org\\\/test\\\/sk\\\/duchovny-rozvoj\\\/\",\"name\":\"Duchovn\u00fd rozvoj - TEST - SMND\",\"isPartOf\":{\"@id\":\"https:\\\/\\\/shrimataji.org\\\/test\\\/#website\"},\"primaryImageOfPage\":{\"@id\":\"https:\\\/\\\/shrimataji.org\\\/test\\\/sk\\\/duchovny-rozvoj\\\/#primaryimage\"},\"image\":{\"@id\":\"https:\\\/\\\/shrimataji.org\\\/test\\\/sk\\\/duchovny-rozvoj\\\/#primaryimage\"},\"thumbnailUrl\":\"https:\\\/\\\/shrimataji.org\\\/test\\\/wp-content\\\/uploads\\\/2023\\\/03\\\/23_Banner-SY-Growth-scaled.jpg\",\"datePublished\":\"2022-01-29T09:27:08+00:00\",\"dateModified\":\"2026-01-31T18:27:24+00:00\",\"breadcrumb\":{\"@id\":\"https:\\\/\\\/shrimataji.org\\\/test\\\/sk\\\/duchovny-rozvoj\\\/#breadcrumb\"},\"inLanguage\":\"en-US\",\"potentialAction\":[{\"@type\":\"ReadAction\",\"target\":[\"https:\\\/\\\/shrimataji.org\\\/test\\\/sk\\\/duchovny-rozvoj\\\/\"]}]},{\"@type\":\"ImageObject\",\"inLanguage\":\"en-US\",\"@id\":\"https:\\\/\\\/shrimataji.org\\\/test\\\/sk\\\/duchovny-rozvoj\\\/#primaryimage\",\"url\":\"https:\\\/\\\/shrimataji.org\\\/test\\\/wp-content\\\/uploads\\\/2023\\\/03\\\/23_Banner-SY-Growth-scaled.jpg\",\"contentUrl\":\"https:\\\/\\\/shrimataji.org\\\/test\\\/wp-content\\\/uploads\\\/2023\\\/03\\\/23_Banner-SY-Growth-scaled.jpg\",\"width\":2560,\"height\":905},{\"@type\":\"BreadcrumbList\",\"@id\":\"https:\\\/\\\/shrimataji.org\\\/test\\\/sk\\\/duchovny-rozvoj\\\/#breadcrumb\",\"itemListElement\":[{\"@type\":\"ListItem\",\"position\":1,\"name\":\"Home\",\"item\":\"https:\\\/\\\/shrimataji.org\\\/test\\\/uk\\\/home-en\\\/\"},{\"@type\":\"ListItem\",\"position\":2,\"name\":\"Duchovn\u00fd rozvoj\"}]},{\"@type\":\"WebSite\",\"@id\":\"https:\\\/\\\/shrimataji.org\\\/test\\\/#website\",\"url\":\"https:\\\/\\\/shrimataji.org\\\/test\\\/\",\"name\":\"Shri Mataji Nirmala Devi\",\"description\":\"A Life Dedicated to Humanity\",\"publisher\":{\"@id\":\"https:\\\/\\\/shrimataji.org\\\/test\\\/#\\\/schema\\\/person\\\/a1b3419c6585f164aa96da1ff85715d1\"},\"potentialAction\":[{\"@type\":\"SearchAction\",\"target\":{\"@type\":\"EntryPoint\",\"urlTemplate\":\"https:\\\/\\\/shrimataji.org\\\/test\\\/?s={search_term_string}\"},\"query-input\":{\"@type\":\"PropertyValueSpecification\",\"valueRequired\":true,\"valueName\":\"search_term_string\"}}],\"inLanguage\":\"en-US\"},{\"@type\":[\"Person\",\"Organization\"],\"@id\":\"https:\\\/\\\/shrimataji.org\\\/test\\\/#\\\/schema\\\/person\\\/a1b3419c6585f164aa96da1ff85715d1\",\"name\":\"Nirmala Shrivastava\",\"image\":{\"@type\":\"ImageObject\",\"inLanguage\":\"en-US\",\"@id\":\"https:\\\/\\\/shrimataji.org\\\/test\\\/wp-content\\\/uploads\\\/2023\\\/02\\\/SMO_LOGO-03.svg\",\"url\":\"https:\\\/\\\/shrimataji.org\\\/test\\\/wp-content\\\/uploads\\\/2023\\\/02\\\/SMO_LOGO-03.svg\",\"contentUrl\":\"https:\\\/\\\/shrimataji.org\\\/test\\\/wp-content\\\/uploads\\\/2023\\\/02\\\/SMO_LOGO-03.svg\",\"width\":\"1024\",\"height\":\"1024\",\"caption\":\"Nirmala Shrivastava\"},\"logo\":{\"@id\":\"https:\\\/\\\/shrimataji.org\\\/test\\\/wp-content\\\/uploads\\\/2023\\\/02\\\/SMO_LOGO-03.svg\"},\"sameAs\":[\"https:\\\/\\\/shrimataji.org\\\/test\",\"https:\\\/\\\/www.facebook.com\\\/shrimataji\",\"https:\\\/\\\/x.com\\\/shrimataji\",\"https:\\\/\\\/www.youtube.com\\\/@Shri_Mataji_Nirmala_Devi\\\/featured\"]}]}<\/script>\n<!-- \/ Yoast SEO plugin. -->","yoast_head_json":{"title":"Duchovn\u00fd rozvoj - TEST - SMND","robots":{"index":"noindex","follow":"follow","max-snippet":"max-snippet:-1","max-image-preview":"max-image-preview:large","max-video-preview":"max-video-preview:-1"},"og_locale":"en_US","og_type":"article","og_title":"Duchovn\u00fd rozvoj - TEST - SMND","og_description":"Duchovn\u00fd rozvoj Objavte svoj skuto\u010dn\u00fd potenci\u00e1l N\u00e1\u0161 vn\u00fatorn\u00fd rast v Sahad\u017ea joge je \u00faplne prirodzen\u00fd a spont\u00e1nny. Neexistuje \u017eiadna \u0161peci\u00e1lna technika, ktor\u00fa by sme mohli pou\u017ei\u0165, aby sme prin\u00fatili, \u010di ovplyvnili na\u0161u myse\u013e a intelekt v tomto vn\u00fatornom v\u00fdvoji. Rovnako neexistuje \u017eiadna \u0161peci\u00e1lna met\u00f3da pomocou ktorej sa semienko stane rastlinou, alebo ovoc\u00edm, je to sk\u00f4r&hellip; Read more","og_url":"https:\/\/shrimataji.org\/test\/sk\/duchovny-rozvoj\/","og_site_name":"TEST - SMND","article_publisher":"https:\/\/www.facebook.com\/shrimataji","article_modified_time":"2026-01-31T18:27:24+00:00","og_image":[{"width":2560,"height":905,"url":"https:\/\/shrimataji.org\/test\/wp-content\/uploads\/2023\/03\/23_Banner-SY-Growth-scaled.jpg","type":"image\/jpeg"}],"twitter_card":"summary_large_image","twitter_site":"@shrimataji","twitter_misc":{"Est. reading time":"2 minutes"},"schema":{"@context":"https:\/\/schema.org","@graph":[{"@type":"WebPage","@id":"https:\/\/shrimataji.org\/test\/sk\/duchovny-rozvoj\/","url":"https:\/\/shrimataji.org\/test\/sk\/duchovny-rozvoj\/","name":"Duchovn\u00fd rozvoj - TEST - SMND","isPartOf":{"@id":"https:\/\/shrimataji.org\/test\/#website"},"primaryImageOfPage":{"@id":"https:\/\/shrimataji.org\/test\/sk\/duchovny-rozvoj\/#primaryimage"},"image":{"@id":"https:\/\/shrimataji.org\/test\/sk\/duchovny-rozvoj\/#primaryimage"},"thumbnailUrl":"https:\/\/shrimataji.org\/test\/wp-content\/uploads\/2023\/03\/23_Banner-SY-Growth-scaled.jpg","datePublished":"2022-01-29T09:27:08+00:00","dateModified":"2026-01-31T18:27:24+00:00","breadcrumb":{"@id":"https:\/\/shrimataji.org\/test\/sk\/duchovny-rozvoj\/#breadcrumb"},"inLanguage":"en-US","potentialAction":[{"@type":"ReadAction","target":["https:\/\/shrimataji.org\/test\/sk\/duchovny-rozvoj\/"]}]},{"@type":"ImageObject","inLanguage":"en-US","@id":"https:\/\/shrimataji.org\/test\/sk\/duchovny-rozvoj\/#primaryimage","url":"https:\/\/shrimataji.org\/test\/wp-content\/uploads\/2023\/03\/23_Banner-SY-Growth-scaled.jpg","contentUrl":"https:\/\/shrimataji.org\/test\/wp-content\/uploads\/2023\/03\/23_Banner-SY-Growth-scaled.jpg","width":2560,"height":905},{"@type":"BreadcrumbList","@id":"https:\/\/shrimataji.org\/test\/sk\/duchovny-rozvoj\/#breadcrumb","itemListElement":[{"@type":"ListItem","position":1,"name":"Home","item":"https:\/\/shrimataji.org\/test\/uk\/home-en\/"},{"@type":"ListItem","position":2,"name":"Duchovn\u00fd rozvoj"}]},{"@type":"WebSite","@id":"https:\/\/shrimataji.org\/test\/#website","url":"https:\/\/shrimataji.org\/test\/","name":"Shri Mataji Nirmala Devi","description":"A Life Dedicated to Humanity","publisher":{"@id":"https:\/\/shrimataji.org\/test\/#\/schema\/person\/a1b3419c6585f164aa96da1ff85715d1"},"potentialAction":[{"@type":"SearchAction","target":{"@type":"EntryPoint","urlTemplate":"https:\/\/shrimataji.org\/test\/?s={search_term_string}"},"query-input":{"@type":"PropertyValueSpecification","valueRequired":true,"valueName":"search_term_string"}}],"inLanguage":"en-US"},{"@type":["Person","Organization"],"@id":"https:\/\/shrimataji.org\/test\/#\/schema\/person\/a1b3419c6585f164aa96da1ff85715d1","name":"Nirmala Shrivastava","image":{"@type":"ImageObject","inLanguage":"en-US","@id":"https:\/\/shrimataji.org\/test\/wp-content\/uploads\/2023\/02\/SMO_LOGO-03.svg","url":"https:\/\/shrimataji.org\/test\/wp-content\/uploads\/2023\/02\/SMO_LOGO-03.svg","contentUrl":"https:\/\/shrimataji.org\/test\/wp-content\/uploads\/2023\/02\/SMO_LOGO-03.svg","width":"1024","height":"1024","caption":"Nirmala Shrivastava"},"logo":{"@id":"https:\/\/shrimataji.org\/test\/wp-content\/uploads\/2023\/02\/SMO_LOGO-03.svg"},"sameAs":["https:\/\/shrimataji.org\/test","https:\/\/www.facebook.com\/shrimataji","https:\/\/x.com\/shrimataji","https:\/\/www.youtube.com\/@Shri_Mataji_Nirmala_Devi\/featured"]}]}},"lang":"sk","translations":{"sk":12441,"ur":37517,"en":6380,"am":18092,"th":20084,"hu":19582,"ar":16988,"sq":18493,"zh":17390,"hi":7883,"tr":10220,"pt":10428,"de":10702,"fr":10800,"it":10898,"es":10995,"ja":11293,"ru":11481,"bn":11672,"te":11780,"sw":11903,"he":12051,"el":12343,"fa":12539,"fi":12637,"bg":13405,"ro":14479,"cs":14672,"nl":16652,"ku":16812,"be":18700,"kn":18974,"mr":20448,"uk":20741,"ml":21036,"ta":22811,"sv":23080,"gu":28915,"pa":29075,"fil":29529,"da":37825,"pl":38035,"nn":38377},"pll_sync_post":[],"_links":{"self":[{"href":"https:\/\/shrimataji.org\/test\/wp-json\/wp\/v2\/pages\/12441","targetHints":{"allow":["GET"]}}],"collection":[{"href":"https:\/\/shrimataji.org\/test\/wp-json\/wp\/v2\/pages"}],"about":[{"href":"https:\/\/shrimataji.org\/test\/wp-json\/wp\/v2\/types\/page"}],"author":[{"embeddable":true,"href":"https:\/\/shrimataji.org\/test\/wp-json\/wp\/v2\/users\/28"}],"replies":[{"embeddable":true,"href":"https:\/\/shrimataji.org\/test\/wp-json\/wp\/v2\/comments?post=12441"}],"version-history":[{"count":0,"href":"https:\/\/shrimataji.org\/test\/wp-json\/wp\/v2\/pages\/12441\/revisions"}],"wp:featuredmedia":[{"embeddable":true,"href":"https:\/\/shrimataji.org\/test\/wp-json\/wp\/v2\/media\/9258"}],"wp:attachment":[{"href":"https:\/\/shrimataji.org\/test\/wp-json\/wp\/v2\/media?parent=12441"}],"curies":[{"name":"wp","href":"https:\/\/api.w.org\/{rel}","templated":true}]}}