{"id":12442,"date":"2018-07-10T06:54:50","date_gmt":"2018-07-10T06:54:50","guid":{"rendered":"http:\/\/testwordpress.nirmalnagari.org\/smnd\/index.php\/the-culmination\/"},"modified":"2026-02-19T17:15:11","modified_gmt":"2026-02-19T17:15:11","slug":"zavrsenie-jej-usilia","status":"publish","type":"page","link":"https:\/\/shrimataji.org\/test\/sk\/zavrsenie-jej-usilia\/","title":{"rendered":"Zav\u0155\u0161enie jej \u00fasilia"},"content":{"rendered":"\n\n\t<h1>Zav\u0155\u0161enie jej \u00fasilia<\/h1>\n<h2>Pokorn\u00e1 \u00facta<\/h2>\n\t<h4>\u0160ri Matad\u017ei od \u00fatleho veku vedela, \u017ee jej hlavn\u00fdm cie\u013eom je prispie\u0165 k duchovn\u00e9mu v\u00fdvoju \u013eudstva.. A\u017e vo veku 47 rokov, ke\u010f sa vydali jej dve dc\u00e9ry, sa pustila do svojej \u017eivotnej \u00falohy.<\/h4>\n\t<p>Zlomov\u00fd bod nastal v Nargole, v malej dedine v indickom \u0161t\u00e1te Gujarat, <a href=\"https:\/\/shrimataji.org\/test\/sk\/klucovy-okamih\/\" target=\"_blank\" rel=\"noopener\">5 m\u00e1ja 1970<\/a> po\u010das hlbokej medit\u00e1cie, mala \u0160ri Matad\u017ei hlbok\u00fd z\u00e1\u017eitok uvedomenia a pravdy, ktor\u00fd in\u0161piroval jej \u010diny \u010fal\u0161\u00edch 40 rokov.<\/p>\n<figure itemscope itemtype=\"https:\/\/schema.org\/ImageObject\">\n\t\t\t\t<img decoding=\"async\" src=\"https:\/\/shrimataji.org\/test\/wp-content\/uploads\/2018\/07\/media_originals\/images\/shri-mataji-teaching-sahaja-yoga\/shri-mataji-nirmala-devi-teaching-sahaja-yoga-meditation-in-india.jpg\" alt=\"Shri Mataji opettaa Sahaja Yoga -meditaatiota Intiassa\" height=\"541\" width=\"721\" title=\"Shri Mataji opettaa Sahaja Yoga -meditaatiota Intiassa\" onerror=\"this.style.display='none'\" loading=\"lazy\" \/>\n\t\t\n\t<\/figure>\n\t<p>Od tej chv\u00edle sa \u0160ri Matad\u017ei oddala \u0161\u00edreniu posolstva, \u017ee Sebarealiz\u00e1cia je tu pre ka\u017ed\u00e9ho jedinca, praktizovan\u00edm jednoduchej medit\u00e1cie, ktor\u00fa nazvala Sahad\u017ea joga &#8211; sanskritsk\u00fd v\u00fdraz, ktor\u00fd znamen\u00e1 &#8220;spont\u00e1nne spojenie&#8221; individu\u00e1lneho ja so &#8220;v\u0161etko-prenikaj\u00facou silou vesm\u00edru.&#8221; Uviedla, \u017ee Sebarealiz\u00e1cia je vo\u013ene dostupn\u00e1 v\u0161etk\u00fdm a vysvetlila ako m\u00f4\u017ee ka\u017ed\u00fd odovzda\u0165 tento z\u00e1\u017eitok druh\u00fdm, ako ke\u010f horiaca svie\u010dka rozsvieti \u010fal\u0161ie svie\u010dky.<\/p>\n<p>\u0160ri Matad\u017ei za\u010dala s malou h\u0155stkou zanieten\u00fdch h\u013eada\u010dov pravdy v Bombaji a v Lond\u00fdne. Po\u010das tohto obdobia a\u017e do polovice 80-tych rokov p\u00f4sobila bezprostredne ako matka, ktor\u00e1 var\u00ed, nakupuje, chod\u00ed do kina, nehovoriac o pravidelnom meditovan\u00ed so svojou rozrastaj\u00facou sa duchovnou rodinou.<\/p>\n\t<p>Jej man\u017eel p\u00e1n C.P. \u0160rivastava &#8211; tajomn\u00edk medzin\u00e1rodnej n\u00e1mornej organiz\u00e1cie OSN, bol najprv trochu zasko\u010den\u00fd politikou &#8220;otvoren\u00fdch dver\u00ed&#8221; svojej man\u017eelky, ale \u010dasom sa aj on in\u0161piroval jej s\u00facitom a t\u00fa\u017ebou pom\u00e1ha\u0165 druh\u00fdm. Videl svoju man\u017eelku, ako v\u00edta \u013eud\u00ed vo svojom dome, d\u00e1va im Sebarealiz\u00e1ciu a star\u00e1 sa o nich, u\u010d\u00ed a lie\u010di ich pomocou techn\u00edk Sahad\u017ea jogy. O jednom takom pr\u00edpade povedal: &#8220;Za\u010dal som vn\u00edma\u0165 ako sa deje z\u00e1zrak. Starala sa o toho chlapca s takou n\u00e1klonnos\u0165ou, cez Sahad\u017ea jogu sa chlapec za\u010dal meni\u0165&#8230;&#8221;<\/p>\n\t<p>Ke\u010f\u017ee bola verejne zn\u00e1mou ako man\u017eelka popredn\u00e9ho diplomata, za\u010dala zohr\u00e1va\u0165 v\u00e4\u010d\u0161iu \u00falohu sama o sebe- vystupovala na verejn\u00fdch podujatiach, poskytovala rozhovory pre tla\u010d, predn\u00e1\u0161ala a hlavne zdie\u013eala sk\u00fasenos\u0165 Sebarealiz\u00e1cie s ka\u017ed\u00fdm kto si to \u017eelal. Svoj\u00edm posolstvom pravdy, nevy\u010derpate\u013enou energiou a \u00fa\u017easn\u00fdm zmyslom pre humor pri\u0165ahovala \u013eud\u00ed v\u0161ade kam pri\u0161la. Pomaly, ale isto sa Sahad\u017ea joga udom\u00e1c\u0148ovala v Spojenom kr\u00e1\u013eovstve, v Indii, v Eur\u00f3pe, Spojen\u00fdch \u0161t\u00e1toch a nakoniec na celom svete.<\/p>\n<p>V 90-tych rokoch sa stala \u0160ri Matad\u017ei glob\u00e1lnou osobnos\u0165ou, ktor\u00e1 pri\u0165ahovala pozornos\u0165 m\u00e9di\u00ed kamko\u013evek pri\u0161la spolu so s\u00e9riou poct a ocenen\u00ed. Bola nominovan\u00e1 na Nobelovu cenu za mier a Claes Nobel, prasynovec Alfreda Nobela &#8211; predsedu nad\u00e1cie United Earth, vyhl\u00e1sil, \u017ee &#8220;\u0160ri Matad\u017ei n\u00e1m d\u00e1va silu sta\u0165 sa p\u00e1nom svojho vlastn\u00e9ho osudu.&#8221; Bola pozvan\u00e1 vystupova\u0165 v s\u00eddle Organiz\u00e1cie Spojen\u00fdch n\u00e1rodov v New Yorku, aj na <a href=\"https:\/\/shrimataji.org\/test\/sk\/stvrta-svetova-konferencia-zien-osn\/\" target=\"_blank\" rel=\"noopener\">konferencii OSN pre \u017eeny, v Pekingu<\/a>. Nespo\u010detn\u00e9 mestsk\u00e9 a region\u00e1lne samospr\u00e1vy ustanovili de\u0148 na jej po\u010des\u0165.<\/p>\n<p>\u0160ri Matad\u017ei zalo\u017eila mno\u017estvo mimovl\u00e1dnych organiz\u00e1ci\u00ed vr\u00e1tane Medzin\u00e1rodn\u00e9ho centra pre v\u00fdskum rakoviny ne\u010faleko Bombaja a Nirmal Prem, domov pre \u017eeny v n\u00fadzi na predmesti Nai Dill\u00ed. Dodnes tieto nad\u00e1cie pou\u017e\u00edvaj\u00fa techniky Sahad\u017ea jogy, aby pomohli \u013eu\u010fom prekona\u0165 probl\u00e9my, ako s\u00fa choroby a z\u00e1vislosti, n\u00e1js\u0165 rados\u0165 a zmysel vo svojom \u017eivote.<\/p>\n<p>Napriek svojej popularite zostala s\u00facitnou, milou a skromnou osobou ako bola v\u017edy. Jej cie\u013e, ani jej posolstvo sa nezmenili. Ako nap\u00edsala vo svojej knihe Meta Modern\u00e1 \u00c9ra- &#8220;Existuje V\u0161etkoprenikaj\u00faca rados\u0165 Bo\u017eej l\u00e1sky a ja chcem, aby ju ka\u017ed\u00fd za\u017eil.&#8221; <a href=\"https:\/\/shrimataji.org\/test\/sk\/zavrsenie-jej-usilia\/#citation-note-1\">[1]<\/a><\/p>\n<p>\u0160ri Matad\u017ei cestovala po celom svete a\u017e do konca svojho \u017eivota, hoci jej verejn\u00e9 vystupovanie bolo v posledn\u00fdch rokoch v men\u0161ej miere, ke\u010f\u017ee tr\u00e1vila viac \u010dasu so svojou najbli\u017e\u0161ou rodinou.<\/p>\n<p>23. febru\u00e1ra 2011 pokojne umrela vo veku 87 rokov. Jej odkaz pokra\u010duje a sk\u00fasenos\u0165 Sebarealiz\u00e1cie na\u010falej premie\u0148a \u017eivoty nespo\u010detne ve\u013ea \u013eu\u010fom..<\/p>\n<figure itemscope itemtype=\"https:\/\/schema.org\/ImageObject\">\n\t\t\t\t<img decoding=\"async\" src=\"https:\/\/shrimataji.org\/test\/wp-content\/uploads\/2026\/01\/SK_Nirmaldham_inside.jpg\" alt=\"Nirmal Dham, Dill\u00ed, India\" height=\"400\" width=\"600\" title=\"SK_Nirmaldham_inside\" onerror=\"this.style.display='none'\" loading=\"lazy\" \/>\n\t\t<figcaption>Nirmal Dham, Dill\u00ed, India<\/figcaption>\n\t<\/figure>\n<figure itemscope itemtype=\"https:\/\/schema.org\/ImageObject\">\n\t\t\t\t<img decoding=\"async\" src=\"https:\/\/shrimataji.org\/test\/wp-content\/uploads\/2026\/01\/SK_Nirmaldham.jpg\" alt=\"Nirmal Dham\" height=\"521\" width=\"521\" title=\"SK_Nirmaldham\" onerror=\"this.style.display='none'\" loading=\"lazy\" \/>\n\t\t<figcaption>Nirmal Dham<\/figcaption>\n\t<\/figure>\n\t<div class=\"su-quote su-quote-style-default\"><div class=\"su-quote-inner su-u-clearfix su-u-trim\">\u010clovek si mus\u00ed uvedomi\u0165, \u017ee sme v\u0161etci viazan\u00ed nejak\u00fdm spolo\u010dn\u00fdm princ\u00edpom \u017eivota&#8230;.ide o to, \u017ee m\u00e1me v\u0161etci v sebe Kundaliny&#8230;preto mus\u00edme re\u0161pektova\u0165 v\u0161etk\u00fdch \u013eud\u00ed bez oh\u013eadu na to, akej s\u00fa n\u00e1rodnosti, z akej krajiny poch\u00e1dzaj\u00fa a akej farby pleti s\u00fa, lebo ka\u017ed\u00fd m\u00e1 svoju Kundaliny. <\/div><\/div>\n\t<hr \/>\n<a name=\"citation-note-1\"><\/a><br \/>\n [1] \u0160ri Matad\u017ei Nirmala Devi, &#8220;Meta Modern\u00e1 \u00c9ra.&#8221; Pune, Vi\u0161wa Nirmala Dharma, 1995\n\n","protected":false},"excerpt":{"rendered":"<p>Zav\u0155\u0161enie jej \u00fasilia Pokorn\u00e1 \u00facta \u0160ri Matad\u017ei od \u00fatleho veku vedela, \u017ee jej hlavn\u00fdm cie\u013eom je prispie\u0165 k duchovn\u00e9mu v\u00fdvoju \u013eudstva.. A\u017e vo veku 47 rokov, ke\u010f sa vydali jej dve dc\u00e9ry, sa pustila do svojej \u017eivotnej \u00falohy. Zlomov\u00fd bod nastal v Nargole, v malej dedine v indickom \u0161t\u00e1te Gujarat, 5 m\u00e1ja 1970 po\u010das hlbokej&hellip; <br \/> <a class=\"read-more\" href=\"https:\/\/shrimataji.org\/test\/sk\/zavrsenie-jej-usilia\/\">Read more<\/a><\/p>\n","protected":false},"author":28,"featured_media":37582,"parent":0,"menu_order":0,"comment_status":"closed","ping_status":"closed","template":"","meta":{"inline_featured_image":false,"footnotes":""},"class_list":["post-12442","page","type-page","status-publish","has-post-thumbnail","hentry"],"yoast_head":"<!-- This site is optimized with the Yoast SEO plugin v27.4 - https:\/\/yoast.com\/product\/yoast-seo-wordpress\/ -->\n<title>Zav\u0155\u0161enie jej \u00fasilia - TEST - SMND<\/title>\n<meta name=\"robots\" content=\"noindex, follow, max-snippet:-1, max-image-preview:large, max-video-preview:-1\" \/>\n<meta property=\"og:locale\" content=\"en_US\" \/>\n<meta property=\"og:type\" content=\"article\" \/>\n<meta property=\"og:title\" content=\"Zav\u0155\u0161enie jej \u00fasilia - TEST - SMND\" \/>\n<meta property=\"og:description\" content=\"Zav\u0155\u0161enie jej \u00fasilia Pokorn\u00e1 \u00facta \u0160ri Matad\u017ei od \u00fatleho veku vedela, \u017ee jej hlavn\u00fdm cie\u013eom je prispie\u0165 k duchovn\u00e9mu v\u00fdvoju \u013eudstva.. A\u017e vo veku 47 rokov, ke\u010f sa vydali jej dve dc\u00e9ry, sa pustila do svojej \u017eivotnej \u00falohy. Zlomov\u00fd bod nastal v Nargole, v malej dedine v indickom \u0161t\u00e1te Gujarat, 5 m\u00e1ja 1970 po\u010das hlbokej&hellip; Read more\" \/>\n<meta property=\"og:url\" content=\"https:\/\/shrimataji.org\/test\/sk\/zavrsenie-jej-usilia\/\" \/>\n<meta property=\"og:site_name\" content=\"TEST - SMND\" \/>\n<meta property=\"article:publisher\" content=\"https:\/\/www.facebook.com\/shrimataji\" \/>\n<meta property=\"article:modified_time\" content=\"2026-02-19T17:15:11+00:00\" \/>\n<meta property=\"og:image\" content=\"https:\/\/shrimataji.org\/test\/wp-content\/uploads\/2018\/07\/media_originals\/images\/headers-general\/shri-mataji-nirmala-devi-austria.jpg\" \/>\n\t<meta property=\"og:image:width\" content=\"990\" \/>\n\t<meta property=\"og:image:height\" content=\"350\" \/>\n\t<meta property=\"og:image:type\" content=\"image\/jpeg\" \/>\n<meta name=\"twitter:card\" content=\"summary_large_image\" \/>\n<meta name=\"twitter:site\" content=\"@shrimataji\" \/>\n<meta name=\"twitter:label1\" content=\"Est. reading time\" \/>\n\t<meta name=\"twitter:data1\" content=\"4 minutes\" \/>\n<script type=\"application\/ld+json\" class=\"yoast-schema-graph\">{\"@context\":\"https:\\\/\\\/schema.org\",\"@graph\":[{\"@type\":\"WebPage\",\"@id\":\"https:\\\/\\\/shrimataji.org\\\/test\\\/sk\\\/zavrsenie-jej-usilia\\\/\",\"url\":\"https:\\\/\\\/shrimataji.org\\\/test\\\/sk\\\/zavrsenie-jej-usilia\\\/\",\"name\":\"Zav\u0155\u0161enie jej \u00fasilia - TEST - SMND\",\"isPartOf\":{\"@id\":\"https:\\\/\\\/shrimataji.org\\\/test\\\/#website\"},\"primaryImageOfPage\":{\"@id\":\"https:\\\/\\\/shrimataji.org\\\/test\\\/sk\\\/zavrsenie-jej-usilia\\\/#primaryimage\"},\"image\":{\"@id\":\"https:\\\/\\\/shrimataji.org\\\/test\\\/sk\\\/zavrsenie-jej-usilia\\\/#primaryimage\"},\"thumbnailUrl\":\"https:\\\/\\\/shrimataji.org\\\/test\\\/wp-content\\\/uploads\\\/2026\\\/03\\\/Banner-TheCulmination-3-1-1920x800-2.avif\",\"datePublished\":\"2018-07-10T06:54:50+00:00\",\"dateModified\":\"2026-02-19T17:15:11+00:00\",\"breadcrumb\":{\"@id\":\"https:\\\/\\\/shrimataji.org\\\/test\\\/sk\\\/zavrsenie-jej-usilia\\\/#breadcrumb\"},\"inLanguage\":\"en-US\",\"potentialAction\":[{\"@type\":\"ReadAction\",\"target\":[\"https:\\\/\\\/shrimataji.org\\\/test\\\/sk\\\/zavrsenie-jej-usilia\\\/\"]}]},{\"@type\":\"ImageObject\",\"inLanguage\":\"en-US\",\"@id\":\"https:\\\/\\\/shrimataji.org\\\/test\\\/sk\\\/zavrsenie-jej-usilia\\\/#primaryimage\",\"url\":\"https:\\\/\\\/shrimataji.org\\\/test\\\/wp-content\\\/uploads\\\/2026\\\/03\\\/Banner-TheCulmination-3-1-1920x800-2.avif\",\"contentUrl\":\"https:\\\/\\\/shrimataji.org\\\/test\\\/wp-content\\\/uploads\\\/2026\\\/03\\\/Banner-TheCulmination-3-1-1920x800-2.avif\",\"width\":1920,\"height\":800},{\"@type\":\"BreadcrumbList\",\"@id\":\"https:\\\/\\\/shrimataji.org\\\/test\\\/sk\\\/zavrsenie-jej-usilia\\\/#breadcrumb\",\"itemListElement\":[{\"@type\":\"ListItem\",\"position\":1,\"name\":\"Home\",\"item\":\"https:\\\/\\\/shrimataji.org\\\/test\\\/uk\\\/home-en\\\/\"},{\"@type\":\"ListItem\",\"position\":2,\"name\":\"Zav\u0155\u0161enie jej \u00fasilia\"}]},{\"@type\":\"WebSite\",\"@id\":\"https:\\\/\\\/shrimataji.org\\\/test\\\/#website\",\"url\":\"https:\\\/\\\/shrimataji.org\\\/test\\\/\",\"name\":\"Shri Mataji Nirmala Devi\",\"description\":\"A Life Dedicated to Humanity\",\"publisher\":{\"@id\":\"https:\\\/\\\/shrimataji.org\\\/test\\\/#\\\/schema\\\/person\\\/a1b3419c6585f164aa96da1ff85715d1\"},\"potentialAction\":[{\"@type\":\"SearchAction\",\"target\":{\"@type\":\"EntryPoint\",\"urlTemplate\":\"https:\\\/\\\/shrimataji.org\\\/test\\\/?s={search_term_string}\"},\"query-input\":{\"@type\":\"PropertyValueSpecification\",\"valueRequired\":true,\"valueName\":\"search_term_string\"}}],\"inLanguage\":\"en-US\"},{\"@type\":[\"Person\",\"Organization\"],\"@id\":\"https:\\\/\\\/shrimataji.org\\\/test\\\/#\\\/schema\\\/person\\\/a1b3419c6585f164aa96da1ff85715d1\",\"name\":\"Nirmala Shrivastava\",\"image\":{\"@type\":\"ImageObject\",\"inLanguage\":\"en-US\",\"@id\":\"https:\\\/\\\/shrimataji.org\\\/test\\\/wp-content\\\/uploads\\\/2023\\\/02\\\/SMO_LOGO-03.svg\",\"url\":\"https:\\\/\\\/shrimataji.org\\\/test\\\/wp-content\\\/uploads\\\/2023\\\/02\\\/SMO_LOGO-03.svg\",\"contentUrl\":\"https:\\\/\\\/shrimataji.org\\\/test\\\/wp-content\\\/uploads\\\/2023\\\/02\\\/SMO_LOGO-03.svg\",\"width\":\"1024\",\"height\":\"1024\",\"caption\":\"Nirmala Shrivastava\"},\"logo\":{\"@id\":\"https:\\\/\\\/shrimataji.org\\\/test\\\/wp-content\\\/uploads\\\/2023\\\/02\\\/SMO_LOGO-03.svg\"},\"sameAs\":[\"https:\\\/\\\/shrimataji.org\\\/test\",\"https:\\\/\\\/www.facebook.com\\\/shrimataji\",\"https:\\\/\\\/x.com\\\/shrimataji\",\"https:\\\/\\\/www.youtube.com\\\/@Shri_Mataji_Nirmala_Devi\\\/featured\"]}]}<\/script>\n<!-- \/ Yoast SEO plugin. -->","yoast_head_json":{"title":"Zav\u0155\u0161enie jej \u00fasilia - TEST - SMND","robots":{"index":"noindex","follow":"follow","max-snippet":"max-snippet:-1","max-image-preview":"max-image-preview:large","max-video-preview":"max-video-preview:-1"},"og_locale":"en_US","og_type":"article","og_title":"Zav\u0155\u0161enie jej \u00fasilia - TEST - SMND","og_description":"Zav\u0155\u0161enie jej \u00fasilia Pokorn\u00e1 \u00facta \u0160ri Matad\u017ei od \u00fatleho veku vedela, \u017ee jej hlavn\u00fdm cie\u013eom je prispie\u0165 k duchovn\u00e9mu v\u00fdvoju \u013eudstva.. A\u017e vo veku 47 rokov, ke\u010f sa vydali jej dve dc\u00e9ry, sa pustila do svojej \u017eivotnej \u00falohy. Zlomov\u00fd bod nastal v Nargole, v malej dedine v indickom \u0161t\u00e1te Gujarat, 5 m\u00e1ja 1970 po\u010das hlbokej&hellip; Read more","og_url":"https:\/\/shrimataji.org\/test\/sk\/zavrsenie-jej-usilia\/","og_site_name":"TEST - SMND","article_publisher":"https:\/\/www.facebook.com\/shrimataji","article_modified_time":"2026-02-19T17:15:11+00:00","og_image":[{"width":990,"height":350,"url":"https:\/\/shrimataji.org\/test\/wp-content\/uploads\/2018\/07\/media_originals\/images\/headers-general\/shri-mataji-nirmala-devi-austria.jpg","type":"image\/jpeg"}],"twitter_card":"summary_large_image","twitter_site":"@shrimataji","twitter_misc":{"Est. reading time":"4 minutes"},"schema":{"@context":"https:\/\/schema.org","@graph":[{"@type":"WebPage","@id":"https:\/\/shrimataji.org\/test\/sk\/zavrsenie-jej-usilia\/","url":"https:\/\/shrimataji.org\/test\/sk\/zavrsenie-jej-usilia\/","name":"Zav\u0155\u0161enie jej \u00fasilia - TEST - SMND","isPartOf":{"@id":"https:\/\/shrimataji.org\/test\/#website"},"primaryImageOfPage":{"@id":"https:\/\/shrimataji.org\/test\/sk\/zavrsenie-jej-usilia\/#primaryimage"},"image":{"@id":"https:\/\/shrimataji.org\/test\/sk\/zavrsenie-jej-usilia\/#primaryimage"},"thumbnailUrl":"https:\/\/shrimataji.org\/test\/wp-content\/uploads\/2026\/03\/Banner-TheCulmination-3-1-1920x800-2.avif","datePublished":"2018-07-10T06:54:50+00:00","dateModified":"2026-02-19T17:15:11+00:00","breadcrumb":{"@id":"https:\/\/shrimataji.org\/test\/sk\/zavrsenie-jej-usilia\/#breadcrumb"},"inLanguage":"en-US","potentialAction":[{"@type":"ReadAction","target":["https:\/\/shrimataji.org\/test\/sk\/zavrsenie-jej-usilia\/"]}]},{"@type":"ImageObject","inLanguage":"en-US","@id":"https:\/\/shrimataji.org\/test\/sk\/zavrsenie-jej-usilia\/#primaryimage","url":"https:\/\/shrimataji.org\/test\/wp-content\/uploads\/2026\/03\/Banner-TheCulmination-3-1-1920x800-2.avif","contentUrl":"https:\/\/shrimataji.org\/test\/wp-content\/uploads\/2026\/03\/Banner-TheCulmination-3-1-1920x800-2.avif","width":1920,"height":800},{"@type":"BreadcrumbList","@id":"https:\/\/shrimataji.org\/test\/sk\/zavrsenie-jej-usilia\/#breadcrumb","itemListElement":[{"@type":"ListItem","position":1,"name":"Home","item":"https:\/\/shrimataji.org\/test\/uk\/home-en\/"},{"@type":"ListItem","position":2,"name":"Zav\u0155\u0161enie jej \u00fasilia"}]},{"@type":"WebSite","@id":"https:\/\/shrimataji.org\/test\/#website","url":"https:\/\/shrimataji.org\/test\/","name":"Shri Mataji Nirmala Devi","description":"A Life Dedicated to Humanity","publisher":{"@id":"https:\/\/shrimataji.org\/test\/#\/schema\/person\/a1b3419c6585f164aa96da1ff85715d1"},"potentialAction":[{"@type":"SearchAction","target":{"@type":"EntryPoint","urlTemplate":"https:\/\/shrimataji.org\/test\/?s={search_term_string}"},"query-input":{"@type":"PropertyValueSpecification","valueRequired":true,"valueName":"search_term_string"}}],"inLanguage":"en-US"},{"@type":["Person","Organization"],"@id":"https:\/\/shrimataji.org\/test\/#\/schema\/person\/a1b3419c6585f164aa96da1ff85715d1","name":"Nirmala Shrivastava","image":{"@type":"ImageObject","inLanguage":"en-US","@id":"https:\/\/shrimataji.org\/test\/wp-content\/uploads\/2023\/02\/SMO_LOGO-03.svg","url":"https:\/\/shrimataji.org\/test\/wp-content\/uploads\/2023\/02\/SMO_LOGO-03.svg","contentUrl":"https:\/\/shrimataji.org\/test\/wp-content\/uploads\/2023\/02\/SMO_LOGO-03.svg","width":"1024","height":"1024","caption":"Nirmala Shrivastava"},"logo":{"@id":"https:\/\/shrimataji.org\/test\/wp-content\/uploads\/2023\/02\/SMO_LOGO-03.svg"},"sameAs":["https:\/\/shrimataji.org\/test","https:\/\/www.facebook.com\/shrimataji","https:\/\/x.com\/shrimataji","https:\/\/www.youtube.com\/@Shri_Mataji_Nirmala_Devi\/featured"]}]}},"lang":"sk","translations":{"sk":12442,"ur":37519,"en":446,"am":18094,"th":20087,"hu":19585,"ar":16990,"sq":18495,"zh":17392,"tr":10221,"pt":10429,"de":10703,"fr":10801,"it":10899,"es":10996,"ja":11294,"ru":11482,"bn":11673,"te":11781,"sw":11904,"he":12052,"el":12344,"fa":12540,"fi":12638,"bg":13449,"ro":14523,"cs":14716,"nl":16654,"ku":16814,"be":18702,"kn":18976,"mr":20451,"uk":20744,"ml":21039,"ta":22813,"sv":23082,"gu":28917,"pa":29077,"fil":29531,"da":37827,"pl":38037,"nn":38379},"pll_sync_post":[],"_links":{"self":[{"href":"https:\/\/shrimataji.org\/test\/wp-json\/wp\/v2\/pages\/12442","targetHints":{"allow":["GET"]}}],"collection":[{"href":"https:\/\/shrimataji.org\/test\/wp-json\/wp\/v2\/pages"}],"about":[{"href":"https:\/\/shrimataji.org\/test\/wp-json\/wp\/v2\/types\/page"}],"author":[{"embeddable":true,"href":"https:\/\/shrimataji.org\/test\/wp-json\/wp\/v2\/users\/28"}],"replies":[{"embeddable":true,"href":"https:\/\/shrimataji.org\/test\/wp-json\/wp\/v2\/comments?post=12442"}],"version-history":[{"count":0,"href":"https:\/\/shrimataji.org\/test\/wp-json\/wp\/v2\/pages\/12442\/revisions"}],"wp:featuredmedia":[{"embeddable":true,"href":"https:\/\/shrimataji.org\/test\/wp-json\/wp\/v2\/media\/37582"}],"wp:attachment":[{"href":"https:\/\/shrimataji.org\/test\/wp-json\/wp\/v2\/media?parent=12442"}],"curies":[{"name":"wp","href":"https:\/\/api.w.org\/{rel}","templated":true}]}}