{"id":12443,"date":"2012-10-02T13:00:00","date_gmt":"2012-10-02T13:00:00","guid":{"rendered":"http:\/\/testwordpress.nirmalnagari.org\/smnd\/index.php\/the-dignity-of-art\/"},"modified":"2026-01-31T07:37:24","modified_gmt":"2026-01-31T07:37:24","slug":"dostojnost-v-umeni","status":"publish","type":"page","link":"https:\/\/shrimataji.org\/test\/sk\/dostojnost-v-umeni\/","title":{"rendered":"D\u00f4stojnos\u0165 v umen\u00ed"},"content":{"rendered":"\n\n\t<h1>D\u00f4stojnos\u0165 v umen\u00ed<\/h1>\n<h2>\u00daryvok z bro\u017e\u00farky distribuovanej v Indii v roku 1961<\/h2>\n\t<p>Umelci musia pozdvihn\u00fa\u0165 vkus verejnosti k vy\u0161\u0161\u00edm \u0161tandardom a nie sa zn\u00ed\u017ei\u0165 k lacn\u00fdm po\u017eiadavk\u00e1m verejnosti, kedy stratia svoju slobodu.<\/p>\n<p>To m\u00f4\u017eu dosiahnu\u0165 tak, \u017ee osvieten\u00ed umelci skontaktuj\u00fa vzdel\u00e1vacie a soci\u00e1lne in\u0161tit\u00facie. My\u0161lienky tak\u00fdchto umelcov m\u00f4\u017eu by\u0165 propagovan\u00e9 v \u010dl\u00e1nkoch \u010dasopisov a nov\u00edn. Prostredn\u00edctvom filmov a rozhlasu mo\u017eno \u013eud\u00ed vychov\u00e1va\u0165, aby pochopili skuto\u010dn\u00e9 umenie. Takto sa m\u00f4\u017ee zachova\u0165 hodnota umenia.<\/p>\n<p>T\u00fdm, \u017ee sa umelci dostan\u00fa do kontaktu so \u0161irokou verejnos\u0165ou, soci\u00e1lne ja umelca sa vyvinie na vy\u0161\u0161iu \u00farove\u0148 bystrej\u0161ej a citlivej\u0161ej bytosti, ktor\u00e1 bude reagova\u0165 na najmen\u0161\u00ed nepokoj, a nerovnov\u00e1hu v spolo\u010dnosti.<\/p>\n<p>Ak uvid\u00ed na ulici malomocn\u00e9ho, v jeho srdci prepukne tak\u00fd s\u00facit, \u017ee vo svojom umen\u00ed vytvor\u00ed tak\u00fa atmosf\u00e9ru v ktorej si soci\u00e1lny pracovn\u00edci, lek\u00e1ri, vedci a osobnosti, ktor\u00e9 riadia \u0161t\u00e1t bud\u00fa n\u00faten\u00ed h\u013eada\u0165 rie\u0161enia tak\u00fdchto probl\u00e9mov.<\/p>\n<p>Ak umelec zist\u00ed, \u017ee jeho krajania nie s\u00fa vlastenci ale zbabelci, m\u00f4\u017ee v ich mysli vzbudi\u0165 hlbok\u00fd re\u0161pekt cez in\u00fdch \u013eud\u00ed. Tak\u00fa motiva\u010dn\u00fa silu m\u00e1 umelec.<\/p>\n<p>Oni s\u00fa najkraj\u0161ie kvety stvorenia, najslad\u0161ie sny Stvorite\u013ea a s\u00fa najvz\u00e1cnej\u0161ou \u010das\u0165ou spolo\u010dnosti. Sn\u00e1\u010f ani nevedia ako ich div\u00e1ci miluj\u00fa, uctievaj\u00fa a sleduj\u00fa&#8230;<\/p>\n\n","protected":false},"excerpt":{"rendered":"<p>D\u00f4stojnos\u0165 v umen\u00ed \u00daryvok z bro\u017e\u00farky distribuovanej v Indii v roku 1961 Umelci musia pozdvihn\u00fa\u0165 vkus verejnosti k vy\u0161\u0161\u00edm \u0161tandardom a nie sa zn\u00ed\u017ei\u0165 k lacn\u00fdm po\u017eiadavk\u00e1m verejnosti, kedy stratia svoju slobodu. To m\u00f4\u017eu dosiahnu\u0165 tak, \u017ee osvieten\u00ed umelci skontaktuj\u00fa vzdel\u00e1vacie a soci\u00e1lne in\u0161tit\u00facie. My\u0161lienky tak\u00fdchto umelcov m\u00f4\u017eu by\u0165 propagovan\u00e9 v \u010dl\u00e1nkoch \u010dasopisov a nov\u00edn.&hellip; <br \/> <a class=\"read-more\" href=\"https:\/\/shrimataji.org\/test\/sk\/dostojnost-v-umeni\/\">Read more<\/a><\/p>\n","protected":false},"author":28,"featured_media":131,"parent":0,"menu_order":0,"comment_status":"closed","ping_status":"closed","template":"","meta":{"inline_featured_image":false,"footnotes":""},"class_list":["post-12443","page","type-page","status-publish","has-post-thumbnail","hentry"],"yoast_head":"<!-- This site is optimized with the Yoast SEO plugin v27.4 - https:\/\/yoast.com\/product\/yoast-seo-wordpress\/ -->\n<title>D\u00f4stojnos\u0165 v umen\u00ed - TEST - SMND<\/title>\n<meta name=\"robots\" content=\"noindex, follow, max-snippet:-1, max-image-preview:large, max-video-preview:-1\" \/>\n<meta property=\"og:locale\" content=\"en_US\" \/>\n<meta property=\"og:type\" content=\"article\" \/>\n<meta property=\"og:title\" content=\"D\u00f4stojnos\u0165 v umen\u00ed - TEST - SMND\" \/>\n<meta property=\"og:description\" content=\"D\u00f4stojnos\u0165 v umen\u00ed \u00daryvok z bro\u017e\u00farky distribuovanej v Indii v roku 1961 Umelci musia pozdvihn\u00fa\u0165 vkus verejnosti k vy\u0161\u0161\u00edm \u0161tandardom a nie sa zn\u00ed\u017ei\u0165 k lacn\u00fdm po\u017eiadavk\u00e1m verejnosti, kedy stratia svoju slobodu. To m\u00f4\u017eu dosiahnu\u0165 tak, \u017ee osvieten\u00ed umelci skontaktuj\u00fa vzdel\u00e1vacie a soci\u00e1lne in\u0161tit\u00facie. My\u0161lienky tak\u00fdchto umelcov m\u00f4\u017eu by\u0165 propagovan\u00e9 v \u010dl\u00e1nkoch \u010dasopisov a nov\u00edn.&hellip; Read more\" \/>\n<meta property=\"og:url\" content=\"https:\/\/shrimataji.org\/test\/sk\/dostojnost-v-umeni\/\" \/>\n<meta property=\"og:site_name\" content=\"TEST - SMND\" \/>\n<meta property=\"article:publisher\" content=\"https:\/\/www.facebook.com\/shrimataji\" \/>\n<meta property=\"article:modified_time\" content=\"2026-01-31T07:37:24+00:00\" \/>\n<meta property=\"og:image\" content=\"https:\/\/shrimataji.org\/test\/wp-content\/uploads\/2018\/07\/media_originals\/images\/headers-general\/queen-mayas-dream-by-graham-brown.jpg\" \/>\n\t<meta property=\"og:image:width\" content=\"990\" \/>\n\t<meta property=\"og:image:height\" content=\"350\" \/>\n\t<meta property=\"og:image:type\" content=\"image\/jpeg\" \/>\n<meta name=\"twitter:card\" content=\"summary_large_image\" \/>\n<meta name=\"twitter:site\" content=\"@shrimataji\" \/>\n<script type=\"application\/ld+json\" class=\"yoast-schema-graph\">{\"@context\":\"https:\\\/\\\/schema.org\",\"@graph\":[{\"@type\":\"WebPage\",\"@id\":\"https:\\\/\\\/shrimataji.org\\\/test\\\/sk\\\/dostojnost-v-umeni\\\/\",\"url\":\"https:\\\/\\\/shrimataji.org\\\/test\\\/sk\\\/dostojnost-v-umeni\\\/\",\"name\":\"D\u00f4stojnos\u0165 v umen\u00ed - TEST - SMND\",\"isPartOf\":{\"@id\":\"https:\\\/\\\/shrimataji.org\\\/test\\\/#website\"},\"primaryImageOfPage\":{\"@id\":\"https:\\\/\\\/shrimataji.org\\\/test\\\/sk\\\/dostojnost-v-umeni\\\/#primaryimage\"},\"image\":{\"@id\":\"https:\\\/\\\/shrimataji.org\\\/test\\\/sk\\\/dostojnost-v-umeni\\\/#primaryimage\"},\"thumbnailUrl\":\"https:\\\/\\\/shrimataji.org\\\/test\\\/wp-content\\\/uploads\\\/2018\\\/07\\\/media_originals\\\/images\\\/headers-general\\\/queen-mayas-dream-by-graham-brown.jpg\",\"datePublished\":\"2012-10-02T13:00:00+00:00\",\"dateModified\":\"2026-01-31T07:37:24+00:00\",\"breadcrumb\":{\"@id\":\"https:\\\/\\\/shrimataji.org\\\/test\\\/sk\\\/dostojnost-v-umeni\\\/#breadcrumb\"},\"inLanguage\":\"en-US\",\"potentialAction\":[{\"@type\":\"ReadAction\",\"target\":[\"https:\\\/\\\/shrimataji.org\\\/test\\\/sk\\\/dostojnost-v-umeni\\\/\"]}]},{\"@type\":\"ImageObject\",\"inLanguage\":\"en-US\",\"@id\":\"https:\\\/\\\/shrimataji.org\\\/test\\\/sk\\\/dostojnost-v-umeni\\\/#primaryimage\",\"url\":\"https:\\\/\\\/shrimataji.org\\\/test\\\/wp-content\\\/uploads\\\/2018\\\/07\\\/media_originals\\\/images\\\/headers-general\\\/queen-mayas-dream-by-graham-brown.jpg\",\"contentUrl\":\"https:\\\/\\\/shrimataji.org\\\/test\\\/wp-content\\\/uploads\\\/2018\\\/07\\\/media_originals\\\/images\\\/headers-general\\\/queen-mayas-dream-by-graham-brown.jpg\",\"width\":990,\"height\":350},{\"@type\":\"BreadcrumbList\",\"@id\":\"https:\\\/\\\/shrimataji.org\\\/test\\\/sk\\\/dostojnost-v-umeni\\\/#breadcrumb\",\"itemListElement\":[{\"@type\":\"ListItem\",\"position\":1,\"name\":\"Home\",\"item\":\"https:\\\/\\\/shrimataji.org\\\/test\\\/uk\\\/home-en\\\/\"},{\"@type\":\"ListItem\",\"position\":2,\"name\":\"D\u00f4stojnos\u0165 v umen\u00ed\"}]},{\"@type\":\"WebSite\",\"@id\":\"https:\\\/\\\/shrimataji.org\\\/test\\\/#website\",\"url\":\"https:\\\/\\\/shrimataji.org\\\/test\\\/\",\"name\":\"Shri Mataji Nirmala Devi\",\"description\":\"A Life Dedicated to Humanity\",\"publisher\":{\"@id\":\"https:\\\/\\\/shrimataji.org\\\/test\\\/#\\\/schema\\\/person\\\/a1b3419c6585f164aa96da1ff85715d1\"},\"potentialAction\":[{\"@type\":\"SearchAction\",\"target\":{\"@type\":\"EntryPoint\",\"urlTemplate\":\"https:\\\/\\\/shrimataji.org\\\/test\\\/?s={search_term_string}\"},\"query-input\":{\"@type\":\"PropertyValueSpecification\",\"valueRequired\":true,\"valueName\":\"search_term_string\"}}],\"inLanguage\":\"en-US\"},{\"@type\":[\"Person\",\"Organization\"],\"@id\":\"https:\\\/\\\/shrimataji.org\\\/test\\\/#\\\/schema\\\/person\\\/a1b3419c6585f164aa96da1ff85715d1\",\"name\":\"Nirmala Shrivastava\",\"image\":{\"@type\":\"ImageObject\",\"inLanguage\":\"en-US\",\"@id\":\"https:\\\/\\\/shrimataji.org\\\/test\\\/wp-content\\\/uploads\\\/2023\\\/02\\\/SMO_LOGO-03.svg\",\"url\":\"https:\\\/\\\/shrimataji.org\\\/test\\\/wp-content\\\/uploads\\\/2023\\\/02\\\/SMO_LOGO-03.svg\",\"contentUrl\":\"https:\\\/\\\/shrimataji.org\\\/test\\\/wp-content\\\/uploads\\\/2023\\\/02\\\/SMO_LOGO-03.svg\",\"width\":\"1024\",\"height\":\"1024\",\"caption\":\"Nirmala Shrivastava\"},\"logo\":{\"@id\":\"https:\\\/\\\/shrimataji.org\\\/test\\\/wp-content\\\/uploads\\\/2023\\\/02\\\/SMO_LOGO-03.svg\"},\"sameAs\":[\"https:\\\/\\\/shrimataji.org\\\/test\",\"https:\\\/\\\/www.facebook.com\\\/shrimataji\",\"https:\\\/\\\/x.com\\\/shrimataji\",\"https:\\\/\\\/www.youtube.com\\\/@Shri_Mataji_Nirmala_Devi\\\/featured\"]}]}<\/script>\n<!-- \/ Yoast SEO plugin. -->","yoast_head_json":{"title":"D\u00f4stojnos\u0165 v umen\u00ed - TEST - SMND","robots":{"index":"noindex","follow":"follow","max-snippet":"max-snippet:-1","max-image-preview":"max-image-preview:large","max-video-preview":"max-video-preview:-1"},"og_locale":"en_US","og_type":"article","og_title":"D\u00f4stojnos\u0165 v umen\u00ed - TEST - SMND","og_description":"D\u00f4stojnos\u0165 v umen\u00ed \u00daryvok z bro\u017e\u00farky distribuovanej v Indii v roku 1961 Umelci musia pozdvihn\u00fa\u0165 vkus verejnosti k vy\u0161\u0161\u00edm \u0161tandardom a nie sa zn\u00ed\u017ei\u0165 k lacn\u00fdm po\u017eiadavk\u00e1m verejnosti, kedy stratia svoju slobodu. To m\u00f4\u017eu dosiahnu\u0165 tak, \u017ee osvieten\u00ed umelci skontaktuj\u00fa vzdel\u00e1vacie a soci\u00e1lne in\u0161tit\u00facie. My\u0161lienky tak\u00fdchto umelcov m\u00f4\u017eu by\u0165 propagovan\u00e9 v \u010dl\u00e1nkoch \u010dasopisov a nov\u00edn.&hellip; Read more","og_url":"https:\/\/shrimataji.org\/test\/sk\/dostojnost-v-umeni\/","og_site_name":"TEST - SMND","article_publisher":"https:\/\/www.facebook.com\/shrimataji","article_modified_time":"2026-01-31T07:37:24+00:00","og_image":[{"width":990,"height":350,"url":"https:\/\/shrimataji.org\/test\/wp-content\/uploads\/2018\/07\/media_originals\/images\/headers-general\/queen-mayas-dream-by-graham-brown.jpg","type":"image\/jpeg"}],"twitter_card":"summary_large_image","twitter_site":"@shrimataji","schema":{"@context":"https:\/\/schema.org","@graph":[{"@type":"WebPage","@id":"https:\/\/shrimataji.org\/test\/sk\/dostojnost-v-umeni\/","url":"https:\/\/shrimataji.org\/test\/sk\/dostojnost-v-umeni\/","name":"D\u00f4stojnos\u0165 v umen\u00ed - TEST - SMND","isPartOf":{"@id":"https:\/\/shrimataji.org\/test\/#website"},"primaryImageOfPage":{"@id":"https:\/\/shrimataji.org\/test\/sk\/dostojnost-v-umeni\/#primaryimage"},"image":{"@id":"https:\/\/shrimataji.org\/test\/sk\/dostojnost-v-umeni\/#primaryimage"},"thumbnailUrl":"https:\/\/shrimataji.org\/test\/wp-content\/uploads\/2018\/07\/media_originals\/images\/headers-general\/queen-mayas-dream-by-graham-brown.jpg","datePublished":"2012-10-02T13:00:00+00:00","dateModified":"2026-01-31T07:37:24+00:00","breadcrumb":{"@id":"https:\/\/shrimataji.org\/test\/sk\/dostojnost-v-umeni\/#breadcrumb"},"inLanguage":"en-US","potentialAction":[{"@type":"ReadAction","target":["https:\/\/shrimataji.org\/test\/sk\/dostojnost-v-umeni\/"]}]},{"@type":"ImageObject","inLanguage":"en-US","@id":"https:\/\/shrimataji.org\/test\/sk\/dostojnost-v-umeni\/#primaryimage","url":"https:\/\/shrimataji.org\/test\/wp-content\/uploads\/2018\/07\/media_originals\/images\/headers-general\/queen-mayas-dream-by-graham-brown.jpg","contentUrl":"https:\/\/shrimataji.org\/test\/wp-content\/uploads\/2018\/07\/media_originals\/images\/headers-general\/queen-mayas-dream-by-graham-brown.jpg","width":990,"height":350},{"@type":"BreadcrumbList","@id":"https:\/\/shrimataji.org\/test\/sk\/dostojnost-v-umeni\/#breadcrumb","itemListElement":[{"@type":"ListItem","position":1,"name":"Home","item":"https:\/\/shrimataji.org\/test\/uk\/home-en\/"},{"@type":"ListItem","position":2,"name":"D\u00f4stojnos\u0165 v umen\u00ed"}]},{"@type":"WebSite","@id":"https:\/\/shrimataji.org\/test\/#website","url":"https:\/\/shrimataji.org\/test\/","name":"Shri Mataji Nirmala Devi","description":"A Life Dedicated to Humanity","publisher":{"@id":"https:\/\/shrimataji.org\/test\/#\/schema\/person\/a1b3419c6585f164aa96da1ff85715d1"},"potentialAction":[{"@type":"SearchAction","target":{"@type":"EntryPoint","urlTemplate":"https:\/\/shrimataji.org\/test\/?s={search_term_string}"},"query-input":{"@type":"PropertyValueSpecification","valueRequired":true,"valueName":"search_term_string"}}],"inLanguage":"en-US"},{"@type":["Person","Organization"],"@id":"https:\/\/shrimataji.org\/test\/#\/schema\/person\/a1b3419c6585f164aa96da1ff85715d1","name":"Nirmala Shrivastava","image":{"@type":"ImageObject","inLanguage":"en-US","@id":"https:\/\/shrimataji.org\/test\/wp-content\/uploads\/2023\/02\/SMO_LOGO-03.svg","url":"https:\/\/shrimataji.org\/test\/wp-content\/uploads\/2023\/02\/SMO_LOGO-03.svg","contentUrl":"https:\/\/shrimataji.org\/test\/wp-content\/uploads\/2023\/02\/SMO_LOGO-03.svg","width":"1024","height":"1024","caption":"Nirmala Shrivastava"},"logo":{"@id":"https:\/\/shrimataji.org\/test\/wp-content\/uploads\/2023\/02\/SMO_LOGO-03.svg"},"sameAs":["https:\/\/shrimataji.org\/test","https:\/\/www.facebook.com\/shrimataji","https:\/\/x.com\/shrimataji","https:\/\/www.youtube.com\/@Shri_Mataji_Nirmala_Devi\/featured"]}]}},"lang":"sk","translations":{"sk":12443,"ur":37521,"en":431,"am":18096,"th":20090,"hu":19588,"ar":16992,"sq":18497,"zh":17394,"tr":10222,"pt":10430,"de":10704,"fr":10802,"it":10900,"es":10997,"ja":11295,"ru":11483,"bn":11674,"te":11782,"sw":11905,"he":12053,"el":12345,"fa":12541,"fi":12639,"bg":13494,"ro":14569,"cs":14762,"nl":16656,"ku":16816,"be":18704,"kn":18978,"mr":20454,"uk":20747,"ml":21042,"ta":22815,"sv":23084,"gu":28919,"pa":29079,"fil":29533,"da":37829,"pl":38039,"nn":38381},"pll_sync_post":[],"_links":{"self":[{"href":"https:\/\/shrimataji.org\/test\/wp-json\/wp\/v2\/pages\/12443","targetHints":{"allow":["GET"]}}],"collection":[{"href":"https:\/\/shrimataji.org\/test\/wp-json\/wp\/v2\/pages"}],"about":[{"href":"https:\/\/shrimataji.org\/test\/wp-json\/wp\/v2\/types\/page"}],"author":[{"embeddable":true,"href":"https:\/\/shrimataji.org\/test\/wp-json\/wp\/v2\/users\/28"}],"replies":[{"embeddable":true,"href":"https:\/\/shrimataji.org\/test\/wp-json\/wp\/v2\/comments?post=12443"}],"version-history":[{"count":0,"href":"https:\/\/shrimataji.org\/test\/wp-json\/wp\/v2\/pages\/12443\/revisions"}],"wp:featuredmedia":[{"embeddable":true,"href":"https:\/\/shrimataji.org\/test\/wp-json\/wp\/v2\/media\/131"}],"wp:attachment":[{"href":"https:\/\/shrimataji.org\/test\/wp-json\/wp\/v2\/media?parent=12443"}],"curies":[{"name":"wp","href":"https:\/\/api.w.org\/{rel}","templated":true}]}}