{"id":12444,"date":"2018-07-10T06:55:02","date_gmt":"2018-07-10T06:55:02","guid":{"rendered":"http:\/\/testwordpress.nirmalnagari.org\/smnd\/index.php\/the-international-day-of-yoga\/"},"modified":"2026-01-31T18:44:04","modified_gmt":"2026-01-31T18:44:04","slug":"medzinarodny-den-jogy","status":"publish","type":"page","link":"https:\/\/shrimataji.org\/test\/sk\/medzinarodny-den-jogy\/","title":{"rendered":"Medzin\u00e1rodn\u00fd de\u0148 jogy"},"content":{"rendered":"\n\n\t<h1>Medzin\u00e1rodn\u00fd de\u0148 jogy<\/h1>\n<h2>Tla\u010dov\u00e1 spr\u00e1va Mil\u00e1no , 21. j\u00fan 2015<\/h2>\n<p>Sahad\u017ea joga oslavuje Medzin\u00e1rodn\u00fd de\u0148 jogy s prav\u00fdm v\u00fdznamom tohto starovek\u00e9ho umenia.<\/p>\n<p>Dne\u0161n\u00e1 oslava starod\u00e1vneho umenia jogy prich\u00e1dza v \u010dase, ke\u010f sa svet zmieta v nepokojoch a neistote. V \u010dase ekonomickej kr\u00edzy, ekologick\u00fdch probl\u00e9mov a tlak rast\u00facej popul\u00e1cie sp\u00f4sobuj\u00fa v mnoh\u00fdch \u010dastiach sveta hlbok\u00fd nepokoj a preto mnoh\u00ed pova\u017euj\u00fa n\u00e1vrat ku svojim kore\u0148om, ku svojej duchovnej podstate a zmyslu \u017eivota za nevyhnutn\u00fd.<\/p>\n<p>Skuto\u010dn\u00e1, prav\u00e1 joga \u010faleko presahuje krkolomn\u00e9 poz\u00edcie, \u010di zop\u00e1r mantier. Prin\u00e1\u0161a z\u00e1sadn\u00fd posun vo vn\u00edman\u00ed jednotlivca, skuto\u010dn\u00e9 prebudenie vedomia &#8211; a nikde to nie je c\u00edti\u0165 silnej\u0161ie, ako pri cvi\u010den\u00ed Sahad\u017ea jogy. T\u00fato jedine\u010dn\u00fa medit\u00e1ciu predstavila svetu v roku 1970 \u0160ri Matad\u017ei Nrimala Devi (<a href=\"https:\/\/shrimataji.org\/test\/sk\/home-en\/\" target=\"_blank\" rel=\"noopener\">www.shrimataji.org<\/a>), jedna z najob\u013e\u00fabenej\u0161\u00edch duchovn\u00fdch u\u010dite\u013eov na svete, ktor\u00e1 bola dva kr\u00e1t nominovan\u00e1 na Nobelovu cenu mieru a ktor\u00e1 zasv\u00e4tila svoj \u017eivot tomu, aby svetu priniesla osvietenie a sebapoznanie.<\/p>\n<p>Na rozdiel od in\u00fdch medit\u00e1ci\u00ed, kde si za to nechaj\u00fa zaplati\u0165,sa Sahad\u017ea joga zameriava sk\u00f4r na medit\u00e1ciu, ako na knihy, \u010di drah\u00e9 kurzy. Potom ako sa praktizuj\u00faci nau\u010d\u00ed z\u00e1klady medit\u00e1cie a dosiahne bezmy\u0161lienkov\u00e9 vedomie, sa ka\u017ed\u00fd jednotlivec vyd\u00e1va na osobn\u00fa cestu objavov prostredn\u00edctvom medit\u00e1cie, z ktorej z\u00edskava v\u0161etku fyzick\u00fa, ment\u00e1lnu a emocion\u00e1lnu pohodu. Nie s\u00fa tu \u017eiadne sk\u00fa\u0161ky, \u017eiadne harmonogramy, ani \u017eiadne chyt\u013eav\u00e9 marketingov\u00e9 slogany, len hlbok\u00e1 medit\u00e1cia, vn\u00fatorn\u00e9 ticho.<\/p>\n<p>Desa\u0165tis\u00edce \u013eud\u00ed, ktor\u00ed praktizuj\u00fa Sahad\u017ea jogu po celom svete na\u0161li vn\u00fatorn\u00fd mier, ktor\u00fd poch\u00e1dza zo spojenia sa s kolekt\u00edvn\u00fdm vedom\u00edm pomocou jogy. Ka\u017ed\u00fd t\u00fd\u017ede\u0148 \u010fa\u013e\u0161ie tis\u00edce nav\u0161tevuj\u00fa jednu z bezplatn\u00fdch kurzov Sahad\u017ea jogy v 126 krajin\u00e1ch, aby na vlastnej ko\u017ei zistili, ako sa ich \u017eivot m\u00f4\u017ee zmeni\u0165 len p\u00e1r min\u00fatami medit\u00e1cie ka\u017ed\u00fd de\u0148.Za kurzy sa nikdy ne\u00fa\u010dtuj\u00fa poplatky a ka\u017ed\u00fd praktizuj\u00faci m\u00f4\u017ee sk\u00fama\u0165 t\u00fato hlbok\u00fa sk\u00fasenos\u0165 svoj\u00edm vlastn\u00fdm tempom.<\/p>\n<p>Skuto\u010dn\u00e1 joga m\u00e1 moc zmeni\u0165 nielen \u017eivoty jednotlivcov, ale aj celej komunity a nikde to nie je viac vidite\u013en\u00e9 ako na programoch Sahd\u017ea jogy pre pomoc znev\u00fdhodnen\u00fdm oblastiam po celom svete. Od chudobn\u00fdch oblast\u00ed severnej Indie a\u017e po vojnou zni\u010den\u00e9 ute\u010deneck\u00e9 t\u00e1bory na Bl\u00edzkom v\u00fdchode, kde n\u00e1jdete medit\u00e1\u010dn\u00e9 programy Sahad\u017ea jogy, ktor\u00e9 sa sna\u017eia dosiahnu\u0165 zmenu, prinies\u0165 mier a zlep\u0161enie v \u017eivotoch traumatizovan\u00fdch \u013eud\u00ed. Pr\u00e1ca a v\u00edzia \u0160ri Matad\u017ei pokra\u010duj\u00fa v\u0161ade tam, kde je duchovno potrebn\u00e9 na obnovenie l\u00e1sky a \u013eudskosti.<\/p>\n<p>N\u00e1v\u0161tevn\u00edci\u00ed osl\u00e1v EXPO 2015 v Mil\u00e1ne m\u00f4\u017eu n\u00e1js\u0165 viac infom\u00e1ci\u00ed na str\u00e1nke India Basmati Stand, alebo na str\u00e1nke <a href=\"https:\/\/live.sahajayoga.it\/\" target=\"_blank\" rel=\"noopener\">live.sahajayoga.it<\/a> na online \u00favodnom semin\u00e1ri, ktor\u00fd sa uskuto\u010dn\u00ed pri pr\u00edle\u017eitosti osl\u00e1v Medzin\u00e1rodneho d\u0148a jogy 2015<\/p>\n\n","protected":false},"excerpt":{"rendered":"<p>Medzin\u00e1rodn\u00fd de\u0148 jogy Tla\u010dov\u00e1 spr\u00e1va Mil\u00e1no , 21. j\u00fan 2015 Sahad\u017ea joga oslavuje Medzin\u00e1rodn\u00fd de\u0148 jogy s prav\u00fdm v\u00fdznamom tohto starovek\u00e9ho umenia. Dne\u0161n\u00e1 oslava starod\u00e1vneho umenia jogy prich\u00e1dza v \u010dase, ke\u010f sa svet zmieta v nepokojoch a neistote. V \u010dase ekonomickej kr\u00edzy, ekologick\u00fdch probl\u00e9mov a tlak rast\u00facej popul\u00e1cie sp\u00f4sobuj\u00fa v mnoh\u00fdch \u010dastiach sveta hlbok\u00fd nepokoj&hellip; <br \/> <a class=\"read-more\" href=\"https:\/\/shrimataji.org\/test\/sk\/medzinarodny-den-jogy\/\">Read more<\/a><\/p>\n","protected":false},"author":28,"featured_media":37585,"parent":0,"menu_order":0,"comment_status":"closed","ping_status":"closed","template":"","meta":{"inline_featured_image":false,"footnotes":""},"class_list":["post-12444","page","type-page","status-publish","has-post-thumbnail","hentry"],"yoast_head":"<!-- This site is optimized with the Yoast SEO plugin v27.4 - https:\/\/yoast.com\/product\/yoast-seo-wordpress\/ -->\n<title>Medzin\u00e1rodn\u00fd de\u0148 jogy - TEST - SMND<\/title>\n<meta name=\"robots\" content=\"noindex, follow, max-snippet:-1, max-image-preview:large, max-video-preview:-1\" \/>\n<meta property=\"og:locale\" content=\"en_US\" \/>\n<meta property=\"og:type\" content=\"article\" \/>\n<meta property=\"og:title\" content=\"Medzin\u00e1rodn\u00fd de\u0148 jogy - TEST - SMND\" \/>\n<meta property=\"og:description\" content=\"Medzin\u00e1rodn\u00fd de\u0148 jogy Tla\u010dov\u00e1 spr\u00e1va Mil\u00e1no , 21. j\u00fan 2015 Sahad\u017ea joga oslavuje Medzin\u00e1rodn\u00fd de\u0148 jogy s prav\u00fdm v\u00fdznamom tohto starovek\u00e9ho umenia. Dne\u0161n\u00e1 oslava starod\u00e1vneho umenia jogy prich\u00e1dza v \u010dase, ke\u010f sa svet zmieta v nepokojoch a neistote. V \u010dase ekonomickej kr\u00edzy, ekologick\u00fdch probl\u00e9mov a tlak rast\u00facej popul\u00e1cie sp\u00f4sobuj\u00fa v mnoh\u00fdch \u010dastiach sveta hlbok\u00fd nepokoj&hellip; Read more\" \/>\n<meta property=\"og:url\" content=\"https:\/\/shrimataji.org\/test\/sk\/medzinarodny-den-jogy\/\" \/>\n<meta property=\"og:site_name\" content=\"TEST - SMND\" \/>\n<meta property=\"article:publisher\" content=\"https:\/\/www.facebook.com\/shrimataji\" \/>\n<meta property=\"article:modified_time\" content=\"2026-01-31T18:44:04+00:00\" \/>\n<meta property=\"og:image\" content=\"https:\/\/shrimataji.org\/test\/wp-content\/uploads\/2018\/07\/fp11-e1588597806347.jpg\" \/>\n\t<meta property=\"og:image:width\" content=\"707\" \/>\n\t<meta property=\"og:image:height\" content=\"700\" \/>\n\t<meta property=\"og:image:type\" content=\"image\/jpeg\" \/>\n<meta name=\"twitter:card\" content=\"summary_large_image\" \/>\n<meta name=\"twitter:site\" content=\"@shrimataji\" \/>\n<meta name=\"twitter:label1\" content=\"Est. reading time\" \/>\n\t<meta name=\"twitter:data1\" content=\"3 minutes\" \/>\n<script type=\"application\/ld+json\" class=\"yoast-schema-graph\">{\"@context\":\"https:\\\/\\\/schema.org\",\"@graph\":[{\"@type\":\"WebPage\",\"@id\":\"https:\\\/\\\/shrimataji.org\\\/test\\\/sk\\\/medzinarodny-den-jogy\\\/\",\"url\":\"https:\\\/\\\/shrimataji.org\\\/test\\\/sk\\\/medzinarodny-den-jogy\\\/\",\"name\":\"Medzin\u00e1rodn\u00fd de\u0148 jogy - TEST - SMND\",\"isPartOf\":{\"@id\":\"https:\\\/\\\/shrimataji.org\\\/test\\\/#website\"},\"primaryImageOfPage\":{\"@id\":\"https:\\\/\\\/shrimataji.org\\\/test\\\/sk\\\/medzinarodny-den-jogy\\\/#primaryimage\"},\"image\":{\"@id\":\"https:\\\/\\\/shrimataji.org\\\/test\\\/sk\\\/medzinarodny-den-jogy\\\/#primaryimage\"},\"thumbnailUrl\":\"https:\\\/\\\/shrimataji.org\\\/test\\\/wp-content\\\/uploads\\\/2026\\\/03\\\/SK_5_Banner-SY-HowtoMeditate-1920x679-1.avif\",\"datePublished\":\"2018-07-10T06:55:02+00:00\",\"dateModified\":\"2026-01-31T18:44:04+00:00\",\"breadcrumb\":{\"@id\":\"https:\\\/\\\/shrimataji.org\\\/test\\\/sk\\\/medzinarodny-den-jogy\\\/#breadcrumb\"},\"inLanguage\":\"en-US\",\"potentialAction\":[{\"@type\":\"ReadAction\",\"target\":[\"https:\\\/\\\/shrimataji.org\\\/test\\\/sk\\\/medzinarodny-den-jogy\\\/\"]}]},{\"@type\":\"ImageObject\",\"inLanguage\":\"en-US\",\"@id\":\"https:\\\/\\\/shrimataji.org\\\/test\\\/sk\\\/medzinarodny-den-jogy\\\/#primaryimage\",\"url\":\"https:\\\/\\\/shrimataji.org\\\/test\\\/wp-content\\\/uploads\\\/2026\\\/03\\\/SK_5_Banner-SY-HowtoMeditate-1920x679-1.avif\",\"contentUrl\":\"https:\\\/\\\/shrimataji.org\\\/test\\\/wp-content\\\/uploads\\\/2026\\\/03\\\/SK_5_Banner-SY-HowtoMeditate-1920x679-1.avif\",\"width\":1920,\"height\":679},{\"@type\":\"BreadcrumbList\",\"@id\":\"https:\\\/\\\/shrimataji.org\\\/test\\\/sk\\\/medzinarodny-den-jogy\\\/#breadcrumb\",\"itemListElement\":[{\"@type\":\"ListItem\",\"position\":1,\"name\":\"Home\",\"item\":\"https:\\\/\\\/shrimataji.org\\\/test\\\/uk\\\/home-en\\\/\"},{\"@type\":\"ListItem\",\"position\":2,\"name\":\"Medzin\u00e1rodn\u00fd de\u0148 jogy\"}]},{\"@type\":\"WebSite\",\"@id\":\"https:\\\/\\\/shrimataji.org\\\/test\\\/#website\",\"url\":\"https:\\\/\\\/shrimataji.org\\\/test\\\/\",\"name\":\"Shri Mataji Nirmala Devi\",\"description\":\"A Life Dedicated to Humanity\",\"publisher\":{\"@id\":\"https:\\\/\\\/shrimataji.org\\\/test\\\/#\\\/schema\\\/person\\\/a1b3419c6585f164aa96da1ff85715d1\"},\"potentialAction\":[{\"@type\":\"SearchAction\",\"target\":{\"@type\":\"EntryPoint\",\"urlTemplate\":\"https:\\\/\\\/shrimataji.org\\\/test\\\/?s={search_term_string}\"},\"query-input\":{\"@type\":\"PropertyValueSpecification\",\"valueRequired\":true,\"valueName\":\"search_term_string\"}}],\"inLanguage\":\"en-US\"},{\"@type\":[\"Person\",\"Organization\"],\"@id\":\"https:\\\/\\\/shrimataji.org\\\/test\\\/#\\\/schema\\\/person\\\/a1b3419c6585f164aa96da1ff85715d1\",\"name\":\"Nirmala Shrivastava\",\"image\":{\"@type\":\"ImageObject\",\"inLanguage\":\"en-US\",\"@id\":\"https:\\\/\\\/shrimataji.org\\\/test\\\/wp-content\\\/uploads\\\/2023\\\/02\\\/SMO_LOGO-03.svg\",\"url\":\"https:\\\/\\\/shrimataji.org\\\/test\\\/wp-content\\\/uploads\\\/2023\\\/02\\\/SMO_LOGO-03.svg\",\"contentUrl\":\"https:\\\/\\\/shrimataji.org\\\/test\\\/wp-content\\\/uploads\\\/2023\\\/02\\\/SMO_LOGO-03.svg\",\"width\":\"1024\",\"height\":\"1024\",\"caption\":\"Nirmala Shrivastava\"},\"logo\":{\"@id\":\"https:\\\/\\\/shrimataji.org\\\/test\\\/wp-content\\\/uploads\\\/2023\\\/02\\\/SMO_LOGO-03.svg\"},\"sameAs\":[\"https:\\\/\\\/shrimataji.org\\\/test\",\"https:\\\/\\\/www.facebook.com\\\/shrimataji\",\"https:\\\/\\\/x.com\\\/shrimataji\",\"https:\\\/\\\/www.youtube.com\\\/@Shri_Mataji_Nirmala_Devi\\\/featured\"]}]}<\/script>\n<!-- \/ Yoast SEO plugin. -->","yoast_head_json":{"title":"Medzin\u00e1rodn\u00fd de\u0148 jogy - TEST - SMND","robots":{"index":"noindex","follow":"follow","max-snippet":"max-snippet:-1","max-image-preview":"max-image-preview:large","max-video-preview":"max-video-preview:-1"},"og_locale":"en_US","og_type":"article","og_title":"Medzin\u00e1rodn\u00fd de\u0148 jogy - TEST - SMND","og_description":"Medzin\u00e1rodn\u00fd de\u0148 jogy Tla\u010dov\u00e1 spr\u00e1va Mil\u00e1no , 21. j\u00fan 2015 Sahad\u017ea joga oslavuje Medzin\u00e1rodn\u00fd de\u0148 jogy s prav\u00fdm v\u00fdznamom tohto starovek\u00e9ho umenia. Dne\u0161n\u00e1 oslava starod\u00e1vneho umenia jogy prich\u00e1dza v \u010dase, ke\u010f sa svet zmieta v nepokojoch a neistote. V \u010dase ekonomickej kr\u00edzy, ekologick\u00fdch probl\u00e9mov a tlak rast\u00facej popul\u00e1cie sp\u00f4sobuj\u00fa v mnoh\u00fdch \u010dastiach sveta hlbok\u00fd nepokoj&hellip; Read more","og_url":"https:\/\/shrimataji.org\/test\/sk\/medzinarodny-den-jogy\/","og_site_name":"TEST - SMND","article_publisher":"https:\/\/www.facebook.com\/shrimataji","article_modified_time":"2026-01-31T18:44:04+00:00","og_image":[{"width":707,"height":700,"url":"https:\/\/shrimataji.org\/test\/wp-content\/uploads\/2018\/07\/fp11-e1588597806347.jpg","type":"image\/jpeg"}],"twitter_card":"summary_large_image","twitter_site":"@shrimataji","twitter_misc":{"Est. reading time":"3 minutes"},"schema":{"@context":"https:\/\/schema.org","@graph":[{"@type":"WebPage","@id":"https:\/\/shrimataji.org\/test\/sk\/medzinarodny-den-jogy\/","url":"https:\/\/shrimataji.org\/test\/sk\/medzinarodny-den-jogy\/","name":"Medzin\u00e1rodn\u00fd de\u0148 jogy - TEST - SMND","isPartOf":{"@id":"https:\/\/shrimataji.org\/test\/#website"},"primaryImageOfPage":{"@id":"https:\/\/shrimataji.org\/test\/sk\/medzinarodny-den-jogy\/#primaryimage"},"image":{"@id":"https:\/\/shrimataji.org\/test\/sk\/medzinarodny-den-jogy\/#primaryimage"},"thumbnailUrl":"https:\/\/shrimataji.org\/test\/wp-content\/uploads\/2026\/03\/SK_5_Banner-SY-HowtoMeditate-1920x679-1.avif","datePublished":"2018-07-10T06:55:02+00:00","dateModified":"2026-01-31T18:44:04+00:00","breadcrumb":{"@id":"https:\/\/shrimataji.org\/test\/sk\/medzinarodny-den-jogy\/#breadcrumb"},"inLanguage":"en-US","potentialAction":[{"@type":"ReadAction","target":["https:\/\/shrimataji.org\/test\/sk\/medzinarodny-den-jogy\/"]}]},{"@type":"ImageObject","inLanguage":"en-US","@id":"https:\/\/shrimataji.org\/test\/sk\/medzinarodny-den-jogy\/#primaryimage","url":"https:\/\/shrimataji.org\/test\/wp-content\/uploads\/2026\/03\/SK_5_Banner-SY-HowtoMeditate-1920x679-1.avif","contentUrl":"https:\/\/shrimataji.org\/test\/wp-content\/uploads\/2026\/03\/SK_5_Banner-SY-HowtoMeditate-1920x679-1.avif","width":1920,"height":679},{"@type":"BreadcrumbList","@id":"https:\/\/shrimataji.org\/test\/sk\/medzinarodny-den-jogy\/#breadcrumb","itemListElement":[{"@type":"ListItem","position":1,"name":"Home","item":"https:\/\/shrimataji.org\/test\/uk\/home-en\/"},{"@type":"ListItem","position":2,"name":"Medzin\u00e1rodn\u00fd de\u0148 jogy"}]},{"@type":"WebSite","@id":"https:\/\/shrimataji.org\/test\/#website","url":"https:\/\/shrimataji.org\/test\/","name":"Shri Mataji Nirmala Devi","description":"A Life Dedicated to Humanity","publisher":{"@id":"https:\/\/shrimataji.org\/test\/#\/schema\/person\/a1b3419c6585f164aa96da1ff85715d1"},"potentialAction":[{"@type":"SearchAction","target":{"@type":"EntryPoint","urlTemplate":"https:\/\/shrimataji.org\/test\/?s={search_term_string}"},"query-input":{"@type":"PropertyValueSpecification","valueRequired":true,"valueName":"search_term_string"}}],"inLanguage":"en-US"},{"@type":["Person","Organization"],"@id":"https:\/\/shrimataji.org\/test\/#\/schema\/person\/a1b3419c6585f164aa96da1ff85715d1","name":"Nirmala Shrivastava","image":{"@type":"ImageObject","inLanguage":"en-US","@id":"https:\/\/shrimataji.org\/test\/wp-content\/uploads\/2023\/02\/SMO_LOGO-03.svg","url":"https:\/\/shrimataji.org\/test\/wp-content\/uploads\/2023\/02\/SMO_LOGO-03.svg","contentUrl":"https:\/\/shrimataji.org\/test\/wp-content\/uploads\/2023\/02\/SMO_LOGO-03.svg","width":"1024","height":"1024","caption":"Nirmala Shrivastava"},"logo":{"@id":"https:\/\/shrimataji.org\/test\/wp-content\/uploads\/2023\/02\/SMO_LOGO-03.svg"},"sameAs":["https:\/\/shrimataji.org\/test","https:\/\/www.facebook.com\/shrimataji","https:\/\/x.com\/shrimataji","https:\/\/www.youtube.com\/@Shri_Mataji_Nirmala_Devi\/featured"]}]}},"lang":"sk","translations":{"sk":12444,"en":505,"am":18098,"th":20093,"hu":19591,"ar":16994,"sq":18499,"zh":17396,"tr":10223,"pt":10431,"de":10705,"fr":10803,"it":10901,"es":10998,"ja":11296,"ru":11484,"bn":11675,"te":11783,"sw":11906,"he":12054,"el":12346,"fa":12542,"fi":12640,"bg":13432,"ro":14506,"cs":14699,"nl":16658,"ku":16818,"be":18706,"kn":18980,"uk":20750,"ml":21045,"ta":22817,"sv":23086,"gu":28921,"pa":29081,"fil":29535},"pll_sync_post":[],"_links":{"self":[{"href":"https:\/\/shrimataji.org\/test\/wp-json\/wp\/v2\/pages\/12444","targetHints":{"allow":["GET"]}}],"collection":[{"href":"https:\/\/shrimataji.org\/test\/wp-json\/wp\/v2\/pages"}],"about":[{"href":"https:\/\/shrimataji.org\/test\/wp-json\/wp\/v2\/types\/page"}],"author":[{"embeddable":true,"href":"https:\/\/shrimataji.org\/test\/wp-json\/wp\/v2\/users\/28"}],"replies":[{"embeddable":true,"href":"https:\/\/shrimataji.org\/test\/wp-json\/wp\/v2\/comments?post=12444"}],"version-history":[{"count":0,"href":"https:\/\/shrimataji.org\/test\/wp-json\/wp\/v2\/pages\/12444\/revisions"}],"wp:featuredmedia":[{"embeddable":true,"href":"https:\/\/shrimataji.org\/test\/wp-json\/wp\/v2\/media\/37585"}],"wp:attachment":[{"href":"https:\/\/shrimataji.org\/test\/wp-json\/wp\/v2\/media?parent=12444"}],"curies":[{"name":"wp","href":"https:\/\/api.w.org\/{rel}","templated":true}]}}