{"id":12445,"date":"2018-07-10T06:54:50","date_gmt":"2018-07-10T06:54:50","guid":{"rendered":"http:\/\/testwordpress.nirmalnagari.org\/smnd\/index.php\/the-widening-circle\/"},"modified":"2026-03-12T15:45:13","modified_gmt":"2026-03-12T15:45:13","slug":"rozsirovanie-kruhov","status":"publish","type":"page","link":"https:\/\/shrimataji.org\/test\/sk\/rozsirovanie-kruhov\/","title":{"rendered":"Roz\u0161irovanie kruhov"},"content":{"rendered":"\n\n\t<h1>Roz\u0161irovanie kruhov<\/h1>\n<h2>Z\u00e1van novej \u00e9ry<\/h2>\n\t<h4>27. m\u00e1ja 1964 zomrel prv\u00fd indick\u00fd premi\u00e9r D\u017eav\u00e1harlal Nehr\u00fa. <a href=\"https:\/\/shrimataji.org\/test\/sk\/pan-c-p-srivastava\/\" target=\"_blank\" rel=\"noopener\">P\u00e1n C,P.<\/a> bol v Spojenom kr\u00e1\u013eovstve na konferencii o lodnej doprave. V utorok 2. j\u00fana pri\u0161la spr\u00e1va, \u017ee Lal Bahadur \u0160astri bol zvolen\u00fd za nov\u00e9ho vodcu kongresovej strany a \u010doskoro bude druh\u00fdm indick\u00fdm premi\u00e9rom.<\/h4>\n\t<p>V \u010dase ke\u010f sa p\u00e1n C.P. vr\u00e1til zo Spojen\u00e9ho kr\u00e1\u013eovstva do Bombaja, v novin\u00e1ch bola spr\u00e1va, \u017ee p\u00e1n \u0160astri ochorel. \u0160ri Matad\u017ei naliehala na man\u017eela, aby ihne\u010f odi\u0161iel do Nov\u00e9ho Dil\u00ed a pon\u00fakol svoje slu\u017eby p\u00e1novi \u0160astrimu. Silne c\u00edtila, \u017ee Lal Bahadur \u0160astri m\u00e1 v jej man\u017eela ve\u013ek\u00fa d\u00f4veru a je teda jeho povinnos\u0165ou by\u0165 mu n\u00e1pomocn\u00fd ak\u00fdmko\u013evek sp\u00f4sobom.<\/p>\n<p>O nieko\u013eko dn\u00ed nesk\u00f4r, po\u010das stretnutia v Novom Dil\u00ed, p\u00e1n C,P. mohol nav\u0161t\u00edvi\u0165 zotavuj\u00faceho sa p\u00e1na \u0160astriho.<\/p>\n<p>Pr\u00e1ve po\u010das tohto priazniv\u00e9ho stretnutia po\u017eiadal Lal Bahadur \u0160astri man\u017eela \u0160ri Matad\u017ei, aby sa stal spolo\u010dn\u00fdm tajomn\u00edkom predsedu vl\u00e1dy a pracoval po jeho boku v slu\u017eb\u00e1ch indick\u00e9ho n\u00e1roda.<\/p>\n<figure itemscope itemtype=\"https:\/\/schema.org\/ImageObject\">\n\t\t\t\t<img decoding=\"async\" src=\"https:\/\/shrimataji.org\/test\/wp-content\/uploads\/2026\/01\/SK_shri-mataji-introducing-guests-to-lal-bahadur-shastri-in-mumbai.jpg\" alt=\"\u0160ri Matad\u017ei predstavuje Lal Bahadur \u0160astrimu host\u00ed, v Bombaji\" height=\"452\" width=\"674\" title=\"SK_shri-mataji-introducing-guests-to-lal-bahadur-shastri-in-mumbai\" onerror=\"this.style.display='none'\" loading=\"lazy\" \/>\n\t\t<figcaption>\u0160ri Matad\u017ei predstavuje Lal Bahadur \u0160astrimu host\u00ed, v Bombaji<\/figcaption>\n\t<\/figure>\n\t<p>Vo svojej biografii Lal Bahadur \u0160astri, \u017divot pravdy v politike, spom\u00edna p\u00e1n C.P.-&#8220;Ke\u010f sme obaja nav\u0161t\u00edvili premi\u00e9ra \u0160astriho, \u010dasto sa s \u0148ou rozpr\u00e1val o sv\u00e4tcoch a mudrcoch, o n\u00e1bo\u017eenstve a duchovne, o oblastiach v ktor\u00fdch mala ve\u013ek\u00e9 znalosti, dokonca ju povzbudil, aby sa pripojila k indickej kongresovej strane. Nirmala v\u0161ak viac inklinovala k duchovnu a nie k politike.<\/p>\n<p>V priebehu rokov, ke\u010f bol jej man\u017eel zanepr\u00e1zdnen\u00fd \u0161t\u00e1tnymi z\u00e1le\u017eitos\u0165ami, Nirmala bola tich\u00fdm slu\u017eobn\u00edkom spolo\u010dnosti. Vyzbierala peniaze na sanat\u00f3rium ne\u010faleko Chandrapuru v Mah\u00e1ra\u0161tre, stala sa prezidentkou spolo\u010dnosti s n\u00e1zvom &#8220;Priatelia slep\u00fdch&#8221;. V Meerute zalo\u017eila domov pre ute\u010dencov, pre invalidov a pom\u00e1hala s domovom pre malomocn\u00fdch.<\/p>\n\t<p>V okt\u00f3bri 1969 sa prv\u00e1 dc\u00e9ra Kalpana vydala za Prabhata \u0160rivastava v Bombaji.<\/p>\n<figure itemscope itemtype=\"https:\/\/schema.org\/ImageObject\">\n\t\t\t\t<img decoding=\"async\" src=\"https:\/\/shrimataji.org\/test\/wp-content\/uploads\/2026\/01\/SK_shri-mataji-with-daughter-kalpana-upon-her-marriage.jpg\" alt=\"\u0160ri Matad\u017ei s dc\u00e9rou Kalpanou po svadbe.\" height=\"1440\" width=\"1085\" title=\"SK_shri-mataji-with-daughter-kalpana-upon-her-marriage\" onerror=\"this.style.display='none'\" loading=\"lazy\" \/>\n\t\t<figcaption>\u0160ri Matad\u017ei s dc\u00e9rou Kalpanou po svadbe.<\/figcaption>\n\t<\/figure>\n<figure itemscope itemtype=\"https:\/\/schema.org\/ImageObject\">\n\t\t\t\t<img decoding=\"async\" src=\"https:\/\/shrimataji.org\/test\/wp-content\/uploads\/2026\/01\/SK_shri-mataji-with-sir-cp-and-prabhat-at-daughter-kalpanas-wedding.jpg\" alt=\"\u0160ri Matad\u017ei s p\u00e1nom C.P. a za\u0165om Prabhatom na svadbe dc\u00e9ry Kalpany.\" height=\"817\" width=\"1105\" title=\"SK_shri-mataji-with-sir-cp-and-prabhat-at-daughter-kalpanas-wedding\" onerror=\"this.style.display='none'\" loading=\"lazy\" \/>\n\t\t<figcaption>\u0160ri Matad\u017ei s p\u00e1nom C.P. a za\u0165om Prabhatom na svadbe dc\u00e9ry Kalpany.<\/figcaption>\n\t<\/figure>\n\t<p>Za\u010diatkom okt\u00f3bra 1970 matka \u0160ri Matad\u017ei v\u00e1\u017ene ochorela. Ke\u010f sa \u0160ri Matad\u017ei vr\u00e1tila zo zahrani\u010dia, aby nav\u0161t\u00edvila mamu, na\u0161la ju v prekvapivo vesej n\u00e1lade. Matka sa jej p\u00fdtala, \u010di na\u0161la to, \u010do si \u017eelal jej otec. \u0160ri Matad\u017ei jej povedala, \u017ee na\u0161la met\u00f3du hromadnej Sebarealiz\u00e1cie. V nede\u013eu 11. okt\u00f3bra 1970 jej matka Cornelia Karuna Salve zomrela v Nagpure.<\/p>\n<p>Onedlho na to bola \u0160ri Matad\u017ei pozvan\u00e1 na inaugura\u010dn\u00fd let Air India do Par\u00ed\u017ea, po ktorom odcestovala do Teher\u00e1nu, aby nav\u0161t\u00edvila svojho mlad\u0161ieho brata H.P. Salve, ktor\u00e9ho tam vyslala leteck\u00e1 spolo\u010dnos\u0165. <a href=\"https:\/\/shrimataji.org\/test\/sk\/rozsirovanie-kruhov\/\/#citation-note-1\">[1]<\/a><\/p>\n<p>Ako tr\u00e1vil \u010das so svojou star\u0161ou sestrou, H.P. si uvedomil, \u017ee nie\u010do na jeho sestre sa zmenilo. Vlastne mala v Indii asi 12 \u017eiakov, ktor\u00ed ju nasledovali a zauj\u00edmali sa o \u0148u, ako o svojho u\u010dite\u013ea &#8211; gurua.<\/p>\n<p>Svojmu bratovi prezradila,\u017ee 5. m\u00e1ja 1970 za\u017eila skuto\u010dne siln\u00fa duchovn\u00fa premenu a prejavila \u017eelanie da\u0165 nieko\u013ek\u00fdm jeho priate\u013eom, ktor\u00fd h\u013eadali duchovno, Sebarealiz\u00e1ciu. Ke\u010f sa vr\u00e1tili do Teher\u00e1nu z pozn\u00e1vacieho z\u00e1jazdu zo Shiraz, zavolal H.P. Salve nieko\u013ek\u00fdm priate\u013eom a dohodol ve\u010deru s duchovn\u00fdm stretnut\u00edm so \u0160ri Matad\u017ei. Na druh\u00fd de\u0148 pri\u0161lo asi 20 \u013eud\u00ed, niektor\u00ed z tla\u010de, aby z\u00edskali svoje duchovn\u00e9 prebudenie.<\/p>\n<p>H.P. spom\u00edna : &#8220;Jeden p\u00e1n, Dr. Divan, potom ako z\u00edskal svoju Sebarealiz\u00e1ciu, z vrcholu jeho hlavy sa \u0161\u00edrila santalov\u00e1 v\u00f4\u0148a. Bol som dos\u0165 prekvapen\u00fd, ako by mohla \u0160ri Matad\u017ei prenies\u0165 tak\u00fa v\u00f4\u0148u do nie\u010dieho tela, pri\u010dom sedela \u010faleko od neho. Okrem toho, jedna parisk\u00e1 d\u00e1ma, ktor\u00e1 pri\u0161la o barl\u00e1ch s ak\u00fatnou artrit\u00eddou a po svojej Sebarealiz\u00e1cii odi\u0161la bez barl\u00ed a na druh\u00fd de\u0148 ju videli \u0161of\u00e9rova\u0165 auto.&#8221;<\/p>\n<p>Nasleduj\u00faci de\u0148 popredn\u00e9 anglick\u00e9 noviny v Teher\u00e1ne nap\u00edsali o tejto udalosti aj o tom, \u017ee existuje ve\u013ea svedkov toho \u010do sa stalo a potom sa ku \u0160ri Matad\u017ei nahrnulo ve\u013ea \u013eud\u00ed. Ako spom\u00edna jej brat: &#8220;Jej popularita bola tak\u00e1 ve\u013ek\u00e1, \u017ee ke\u010f pri\u0161la do Teher\u00e1nu prv\u00fd kr\u00e1t, predstavoval som ju ako svoju sestru, ke\u010f odch\u00e1dzala predstavovali m\u0148a ako jej brata.&#8221; Zakr\u00e1tko na to dostal H.P. Salve svoju ne\u017en\u00fa prez\u00fdvku Babamama, \u010do znamen\u00e1 &#8220;matkin brat&#8221;.<\/p>\n\t<h5>&#8220;Najkraj\u0161ia vec ak\u00fa m\u00f4\u017eeme za\u017ei\u0165 je duchovno. Je zdrojom v\u0161etk\u00e9ho skuto\u010dn\u00e9ho umena a vedy.&#8221;<\/h5>\n<h5>Albert Einstein<\/h5>\n\t<hr \/>\n<a name=\"citation-note-1\"><\/a><br \/>\n [1] H.P. Salve, &#8220;Moje spomienky&#8221;. Nov\u00e9 Dil\u00ed, Nad\u00e1cia ve\u010dn\u00e9ho \u017eivota, 2000\n\n","protected":false},"excerpt":{"rendered":"<p>Roz\u0161irovanie kruhov Z\u00e1van novej \u00e9ry 27. m\u00e1ja 1964 zomrel prv\u00fd indick\u00fd premi\u00e9r D\u017eav\u00e1harlal Nehr\u00fa. P\u00e1n C,P. bol v Spojenom kr\u00e1\u013eovstve na konferencii o lodnej doprave. V utorok 2. j\u00fana pri\u0161la spr\u00e1va, \u017ee Lal Bahadur \u0160astri bol zvolen\u00fd za nov\u00e9ho vodcu kongresovej strany a \u010doskoro bude druh\u00fdm indick\u00fdm premi\u00e9rom. V \u010dase ke\u010f sa p\u00e1n C.P. vr\u00e1til&hellip; <br \/> <a class=\"read-more\" href=\"https:\/\/shrimataji.org\/test\/sk\/rozsirovanie-kruhov\/\">Read more<\/a><\/p>\n","protected":false},"author":28,"featured_media":9515,"parent":0,"menu_order":0,"comment_status":"closed","ping_status":"closed","template":"","meta":{"inline_featured_image":false,"footnotes":""},"class_list":["post-12445","page","type-page","status-publish","has-post-thumbnail","hentry"],"yoast_head":"<!-- This site is optimized with the Yoast SEO plugin v27.4 - https:\/\/yoast.com\/product\/yoast-seo-wordpress\/ -->\n<title>Roz\u0161irovanie kruhov - TEST - SMND<\/title>\n<meta name=\"robots\" content=\"noindex, follow, max-snippet:-1, max-image-preview:large, max-video-preview:-1\" \/>\n<meta property=\"og:locale\" content=\"en_US\" \/>\n<meta property=\"og:type\" content=\"article\" \/>\n<meta property=\"og:title\" content=\"Roz\u0161irovanie kruhov - TEST - SMND\" \/>\n<meta property=\"og:description\" content=\"Roz\u0161irovanie kruhov Z\u00e1van novej \u00e9ry 27. m\u00e1ja 1964 zomrel prv\u00fd indick\u00fd premi\u00e9r D\u017eav\u00e1harlal Nehr\u00fa. P\u00e1n C,P. bol v Spojenom kr\u00e1\u013eovstve na konferencii o lodnej doprave. V utorok 2. j\u00fana pri\u0161la spr\u00e1va, \u017ee Lal Bahadur \u0160astri bol zvolen\u00fd za nov\u00e9ho vodcu kongresovej strany a \u010doskoro bude druh\u00fdm indick\u00fdm premi\u00e9rom. V \u010dase ke\u010f sa p\u00e1n C.P. vr\u00e1til&hellip; Read more\" \/>\n<meta property=\"og:url\" content=\"https:\/\/shrimataji.org\/test\/sk\/rozsirovanie-kruhov\/\" \/>\n<meta property=\"og:site_name\" content=\"TEST - SMND\" \/>\n<meta property=\"article:publisher\" content=\"https:\/\/www.facebook.com\/shrimataji\" \/>\n<meta property=\"article:modified_time\" content=\"2026-03-12T15:45:13+00:00\" \/>\n<meta property=\"og:image\" content=\"https:\/\/shrimataji.org\/test\/wp-content\/uploads\/2023\/03\/10_Banner-PublicLife-WideningCircle_2-scaled.jpg\" \/>\n\t<meta property=\"og:image:width\" content=\"2560\" \/>\n\t<meta property=\"og:image:height\" content=\"905\" \/>\n\t<meta property=\"og:image:type\" content=\"image\/jpeg\" \/>\n<meta name=\"twitter:card\" content=\"summary_large_image\" \/>\n<meta name=\"twitter:site\" content=\"@shrimataji\" \/>\n<script type=\"application\/ld+json\" class=\"yoast-schema-graph\">{\"@context\":\"https:\\\/\\\/schema.org\",\"@graph\":[{\"@type\":\"WebPage\",\"@id\":\"https:\\\/\\\/shrimataji.org\\\/test\\\/sk\\\/rozsirovanie-kruhov\\\/\",\"url\":\"https:\\\/\\\/shrimataji.org\\\/test\\\/sk\\\/rozsirovanie-kruhov\\\/\",\"name\":\"Roz\u0161irovanie kruhov - TEST - SMND\",\"isPartOf\":{\"@id\":\"https:\\\/\\\/shrimataji.org\\\/test\\\/#website\"},\"primaryImageOfPage\":{\"@id\":\"https:\\\/\\\/shrimataji.org\\\/test\\\/sk\\\/rozsirovanie-kruhov\\\/#primaryimage\"},\"image\":{\"@id\":\"https:\\\/\\\/shrimataji.org\\\/test\\\/sk\\\/rozsirovanie-kruhov\\\/#primaryimage\"},\"thumbnailUrl\":\"https:\\\/\\\/shrimataji.org\\\/test\\\/wp-content\\\/uploads\\\/2023\\\/03\\\/10_Banner-PublicLife-WideningCircle_2-scaled.jpg\",\"datePublished\":\"2018-07-10T06:54:50+00:00\",\"dateModified\":\"2026-03-12T15:45:13+00:00\",\"breadcrumb\":{\"@id\":\"https:\\\/\\\/shrimataji.org\\\/test\\\/sk\\\/rozsirovanie-kruhov\\\/#breadcrumb\"},\"inLanguage\":\"en-US\",\"potentialAction\":[{\"@type\":\"ReadAction\",\"target\":[\"https:\\\/\\\/shrimataji.org\\\/test\\\/sk\\\/rozsirovanie-kruhov\\\/\"]}]},{\"@type\":\"ImageObject\",\"inLanguage\":\"en-US\",\"@id\":\"https:\\\/\\\/shrimataji.org\\\/test\\\/sk\\\/rozsirovanie-kruhov\\\/#primaryimage\",\"url\":\"https:\\\/\\\/shrimataji.org\\\/test\\\/wp-content\\\/uploads\\\/2023\\\/03\\\/10_Banner-PublicLife-WideningCircle_2-scaled.jpg\",\"contentUrl\":\"https:\\\/\\\/shrimataji.org\\\/test\\\/wp-content\\\/uploads\\\/2023\\\/03\\\/10_Banner-PublicLife-WideningCircle_2-scaled.jpg\",\"width\":2560,\"height\":905},{\"@type\":\"BreadcrumbList\",\"@id\":\"https:\\\/\\\/shrimataji.org\\\/test\\\/sk\\\/rozsirovanie-kruhov\\\/#breadcrumb\",\"itemListElement\":[{\"@type\":\"ListItem\",\"position\":1,\"name\":\"Home\",\"item\":\"https:\\\/\\\/shrimataji.org\\\/test\\\/uk\\\/home-en\\\/\"},{\"@type\":\"ListItem\",\"position\":2,\"name\":\"Roz\u0161irovanie kruhov\"}]},{\"@type\":\"WebSite\",\"@id\":\"https:\\\/\\\/shrimataji.org\\\/test\\\/#website\",\"url\":\"https:\\\/\\\/shrimataji.org\\\/test\\\/\",\"name\":\"Shri Mataji Nirmala Devi\",\"description\":\"A Life Dedicated to Humanity\",\"publisher\":{\"@id\":\"https:\\\/\\\/shrimataji.org\\\/test\\\/#\\\/schema\\\/person\\\/a1b3419c6585f164aa96da1ff85715d1\"},\"potentialAction\":[{\"@type\":\"SearchAction\",\"target\":{\"@type\":\"EntryPoint\",\"urlTemplate\":\"https:\\\/\\\/shrimataji.org\\\/test\\\/?s={search_term_string}\"},\"query-input\":{\"@type\":\"PropertyValueSpecification\",\"valueRequired\":true,\"valueName\":\"search_term_string\"}}],\"inLanguage\":\"en-US\"},{\"@type\":[\"Person\",\"Organization\"],\"@id\":\"https:\\\/\\\/shrimataji.org\\\/test\\\/#\\\/schema\\\/person\\\/a1b3419c6585f164aa96da1ff85715d1\",\"name\":\"Nirmala Shrivastava\",\"image\":{\"@type\":\"ImageObject\",\"inLanguage\":\"en-US\",\"@id\":\"https:\\\/\\\/shrimataji.org\\\/test\\\/wp-content\\\/uploads\\\/2023\\\/02\\\/SMO_LOGO-03.svg\",\"url\":\"https:\\\/\\\/shrimataji.org\\\/test\\\/wp-content\\\/uploads\\\/2023\\\/02\\\/SMO_LOGO-03.svg\",\"contentUrl\":\"https:\\\/\\\/shrimataji.org\\\/test\\\/wp-content\\\/uploads\\\/2023\\\/02\\\/SMO_LOGO-03.svg\",\"width\":\"1024\",\"height\":\"1024\",\"caption\":\"Nirmala Shrivastava\"},\"logo\":{\"@id\":\"https:\\\/\\\/shrimataji.org\\\/test\\\/wp-content\\\/uploads\\\/2023\\\/02\\\/SMO_LOGO-03.svg\"},\"sameAs\":[\"https:\\\/\\\/shrimataji.org\\\/test\",\"https:\\\/\\\/www.facebook.com\\\/shrimataji\",\"https:\\\/\\\/x.com\\\/shrimataji\",\"https:\\\/\\\/www.youtube.com\\\/@Shri_Mataji_Nirmala_Devi\\\/featured\"]}]}<\/script>\n<!-- \/ Yoast SEO plugin. -->","yoast_head_json":{"title":"Roz\u0161irovanie kruhov - TEST - SMND","robots":{"index":"noindex","follow":"follow","max-snippet":"max-snippet:-1","max-image-preview":"max-image-preview:large","max-video-preview":"max-video-preview:-1"},"og_locale":"en_US","og_type":"article","og_title":"Roz\u0161irovanie kruhov - TEST - SMND","og_description":"Roz\u0161irovanie kruhov Z\u00e1van novej \u00e9ry 27. m\u00e1ja 1964 zomrel prv\u00fd indick\u00fd premi\u00e9r D\u017eav\u00e1harlal Nehr\u00fa. P\u00e1n C,P. bol v Spojenom kr\u00e1\u013eovstve na konferencii o lodnej doprave. V utorok 2. j\u00fana pri\u0161la spr\u00e1va, \u017ee Lal Bahadur \u0160astri bol zvolen\u00fd za nov\u00e9ho vodcu kongresovej strany a \u010doskoro bude druh\u00fdm indick\u00fdm premi\u00e9rom. V \u010dase ke\u010f sa p\u00e1n C.P. vr\u00e1til&hellip; Read more","og_url":"https:\/\/shrimataji.org\/test\/sk\/rozsirovanie-kruhov\/","og_site_name":"TEST - SMND","article_publisher":"https:\/\/www.facebook.com\/shrimataji","article_modified_time":"2026-03-12T15:45:13+00:00","og_image":[{"width":2560,"height":905,"url":"https:\/\/shrimataji.org\/test\/wp-content\/uploads\/2023\/03\/10_Banner-PublicLife-WideningCircle_2-scaled.jpg","type":"image\/jpeg"}],"twitter_card":"summary_large_image","twitter_site":"@shrimataji","schema":{"@context":"https:\/\/schema.org","@graph":[{"@type":"WebPage","@id":"https:\/\/shrimataji.org\/test\/sk\/rozsirovanie-kruhov\/","url":"https:\/\/shrimataji.org\/test\/sk\/rozsirovanie-kruhov\/","name":"Roz\u0161irovanie kruhov - TEST - SMND","isPartOf":{"@id":"https:\/\/shrimataji.org\/test\/#website"},"primaryImageOfPage":{"@id":"https:\/\/shrimataji.org\/test\/sk\/rozsirovanie-kruhov\/#primaryimage"},"image":{"@id":"https:\/\/shrimataji.org\/test\/sk\/rozsirovanie-kruhov\/#primaryimage"},"thumbnailUrl":"https:\/\/shrimataji.org\/test\/wp-content\/uploads\/2023\/03\/10_Banner-PublicLife-WideningCircle_2-scaled.jpg","datePublished":"2018-07-10T06:54:50+00:00","dateModified":"2026-03-12T15:45:13+00:00","breadcrumb":{"@id":"https:\/\/shrimataji.org\/test\/sk\/rozsirovanie-kruhov\/#breadcrumb"},"inLanguage":"en-US","potentialAction":[{"@type":"ReadAction","target":["https:\/\/shrimataji.org\/test\/sk\/rozsirovanie-kruhov\/"]}]},{"@type":"ImageObject","inLanguage":"en-US","@id":"https:\/\/shrimataji.org\/test\/sk\/rozsirovanie-kruhov\/#primaryimage","url":"https:\/\/shrimataji.org\/test\/wp-content\/uploads\/2023\/03\/10_Banner-PublicLife-WideningCircle_2-scaled.jpg","contentUrl":"https:\/\/shrimataji.org\/test\/wp-content\/uploads\/2023\/03\/10_Banner-PublicLife-WideningCircle_2-scaled.jpg","width":2560,"height":905},{"@type":"BreadcrumbList","@id":"https:\/\/shrimataji.org\/test\/sk\/rozsirovanie-kruhov\/#breadcrumb","itemListElement":[{"@type":"ListItem","position":1,"name":"Home","item":"https:\/\/shrimataji.org\/test\/uk\/home-en\/"},{"@type":"ListItem","position":2,"name":"Roz\u0161irovanie kruhov"}]},{"@type":"WebSite","@id":"https:\/\/shrimataji.org\/test\/#website","url":"https:\/\/shrimataji.org\/test\/","name":"Shri Mataji Nirmala Devi","description":"A Life Dedicated to Humanity","publisher":{"@id":"https:\/\/shrimataji.org\/test\/#\/schema\/person\/a1b3419c6585f164aa96da1ff85715d1"},"potentialAction":[{"@type":"SearchAction","target":{"@type":"EntryPoint","urlTemplate":"https:\/\/shrimataji.org\/test\/?s={search_term_string}"},"query-input":{"@type":"PropertyValueSpecification","valueRequired":true,"valueName":"search_term_string"}}],"inLanguage":"en-US"},{"@type":["Person","Organization"],"@id":"https:\/\/shrimataji.org\/test\/#\/schema\/person\/a1b3419c6585f164aa96da1ff85715d1","name":"Nirmala Shrivastava","image":{"@type":"ImageObject","inLanguage":"en-US","@id":"https:\/\/shrimataji.org\/test\/wp-content\/uploads\/2023\/02\/SMO_LOGO-03.svg","url":"https:\/\/shrimataji.org\/test\/wp-content\/uploads\/2023\/02\/SMO_LOGO-03.svg","contentUrl":"https:\/\/shrimataji.org\/test\/wp-content\/uploads\/2023\/02\/SMO_LOGO-03.svg","width":"1024","height":"1024","caption":"Nirmala Shrivastava"},"logo":{"@id":"https:\/\/shrimataji.org\/test\/wp-content\/uploads\/2023\/02\/SMO_LOGO-03.svg"},"sameAs":["https:\/\/shrimataji.org\/test","https:\/\/www.facebook.com\/shrimataji","https:\/\/x.com\/shrimataji","https:\/\/www.youtube.com\/@Shri_Mataji_Nirmala_Devi\/featured"]}]}},"lang":"sk","translations":{"sk":12445,"ur":37524,"en":37234,"hu":19593,"am":18099,"th":20095,"ar":16995,"sq":18500,"zh":17397,"hi":8269,"tr":10224,"pt":10432,"de":10706,"fr":10804,"it":10902,"es":10999,"ja":11297,"ru":11485,"bn":11676,"te":11784,"sw":11907,"he":12055,"el":12347,"fa":12543,"fi":12641,"bg":13447,"ro":14521,"cs":14714,"nl":16659,"ku":16819,"be":18707,"kn":18981,"mr":20459,"uk":20752,"ml":21047,"ta":22818,"sv":23087,"gu":28922,"pa":29082,"fil":29536,"da":37831,"pl":38041,"nn":38383},"pll_sync_post":[],"_links":{"self":[{"href":"https:\/\/shrimataji.org\/test\/wp-json\/wp\/v2\/pages\/12445","targetHints":{"allow":["GET"]}}],"collection":[{"href":"https:\/\/shrimataji.org\/test\/wp-json\/wp\/v2\/pages"}],"about":[{"href":"https:\/\/shrimataji.org\/test\/wp-json\/wp\/v2\/types\/page"}],"author":[{"embeddable":true,"href":"https:\/\/shrimataji.org\/test\/wp-json\/wp\/v2\/users\/28"}],"replies":[{"embeddable":true,"href":"https:\/\/shrimataji.org\/test\/wp-json\/wp\/v2\/comments?post=12445"}],"version-history":[{"count":0,"href":"https:\/\/shrimataji.org\/test\/wp-json\/wp\/v2\/pages\/12445\/revisions"}],"wp:featuredmedia":[{"embeddable":true,"href":"https:\/\/shrimataji.org\/test\/wp-json\/wp\/v2\/media\/9515"}],"wp:attachment":[{"href":"https:\/\/shrimataji.org\/test\/wp-json\/wp\/v2\/media?parent=12445"}],"curies":[{"name":"wp","href":"https:\/\/api.w.org\/{rel}","templated":true}]}}