{"id":12446,"date":"2018-07-10T06:54:54","date_gmt":"2018-07-10T06:54:54","guid":{"rendered":"http:\/\/testwordpress.nirmalnagari.org\/smnd\/index.php\/thoughtless-awareness\/"},"modified":"2026-01-31T07:31:43","modified_gmt":"2026-01-31T07:31:43","slug":"bezmyslienkove-vedomie","status":"publish","type":"page","link":"https:\/\/shrimataji.org\/test\/sk\/bezmyslienkove-vedomie\/","title":{"rendered":"Bezmy\u0161lienkov\u00e9 vedomie"},"content":{"rendered":"\n\n\t<h1>Bezmy\u0161lienkov\u00e9 vedomie<\/h1>\n<h2>\u00daryvky z r\u00e1d jog\u00ednom poskytnut\u00fdch 27.marca 1994, 5.j\u00fala 1998 a po\u010das medzin\u00e1rodn\u00e9ho semin\u00e1ra v roku 1994.<\/h2>\n\t<p>Ste pri plnom vedom\u00ed, ale ste bez my\u0161lienok. To je stav, kedy ste v pr\u00edtomnosti a ste naplnen\u00ed mierom. V tomto stave duchovne rastiete.<\/p>\n\t<p>Bezmy\u0161lienkov\u00e9 vedomie je kr\u00e1sny stav, ktor\u00fd mus\u00edte dosiahnu\u0165 ako prv\u00fd. Poskytne v\u00e1m mier, stav svedka, ktor\u00fd si u\u017e\u00edva \u017eivot ako dr\u00e1mu, u\u017e\u00edva si druh\u00fdch \u013eud\u00ed, zatia\u013e \u010do vo svojom vn\u00fatri sa vyv\u00edja.<\/p>\n<p>U\u017e\u00edvate si v\u0161etko \u010do je kr\u00e1sne, bez prem\u00fd\u0161\u013eania o tom, bez reagovania. Len rados\u0165 je va\u0161ou reakciou. Vn\u00edmanie kr\u00e1sy. Nemysl\u00edme na to, kto to vyrobil, ko\u013eko to bude st\u00e1\u0165 &#8211; ni\u010d. Stanete sa bezmy\u013e\u0161lienkov\u00fdm a toto bezmy\u0161lienkov\u00e9 vedomie nie je ni\u010d in\u00e9 ako pocit radosti, ktor\u00fd v\u00e1s nap\u013a\u0148a \u0161\u0165ast\u00edm, ktor\u00e9 sa nemen\u00ed na ne\u0161\u0165astie, ale je jedine\u010dn\u00e9.<\/p>\n<p>Nemo\u017eno to op\u00edsa\u0165 slovami, ale m\u00f4\u017eete to naozaj poc\u00edti\u0165 vo svojom vn\u00fatri, rados\u0165 zo svojho prav\u00e9ho Ja. Ke\u010f budete bez my\u0161lienok, potom m\u00f4\u017eete vn\u00edma\u0165 realitu.<\/p>\n\t<p><img loading=\"lazy\" decoding=\"async\" src=\"https:\/\/shrimataji.org\/test\/wp-content\/uploads\/2018\/07\/media_originals\/images\/flowers\/rose-flower-yellow-by-vera-subkus-201x300.jpg\" alt=\"\" width=\"201\" height=\"300\" \/><\/p>\n\n","protected":false},"excerpt":{"rendered":"<p>Bezmy\u0161lienkov\u00e9 vedomie \u00daryvky z r\u00e1d jog\u00ednom poskytnut\u00fdch 27.marca 1994, 5.j\u00fala 1998 a po\u010das medzin\u00e1rodn\u00e9ho semin\u00e1ra v roku 1994. Ste pri plnom vedom\u00ed, ale ste bez my\u0161lienok. To je stav, kedy ste v pr\u00edtomnosti a ste naplnen\u00ed mierom. V tomto stave duchovne rastiete. Bezmy\u0161lienkov\u00e9 vedomie je kr\u00e1sny stav, ktor\u00fd mus\u00edte dosiahnu\u0165 ako prv\u00fd. Poskytne v\u00e1m mier,&hellip; <br \/> <a class=\"read-more\" href=\"https:\/\/shrimataji.org\/test\/sk\/bezmyslienkove-vedomie\/\">Read more<\/a><\/p>\n","protected":false},"author":28,"featured_media":102,"parent":0,"menu_order":0,"comment_status":"closed","ping_status":"closed","template":"","meta":{"inline_featured_image":false,"footnotes":""},"class_list":["post-12446","page","type-page","status-publish","has-post-thumbnail","hentry"],"yoast_head":"<!-- This site is optimized with the Yoast SEO plugin v27.4 - https:\/\/yoast.com\/product\/yoast-seo-wordpress\/ -->\n<title>Bezmy\u0161lienkov\u00e9 vedomie - TEST - SMND<\/title>\n<meta name=\"robots\" content=\"noindex, follow, max-snippet:-1, max-image-preview:large, max-video-preview:-1\" \/>\n<meta property=\"og:locale\" content=\"en_US\" \/>\n<meta property=\"og:type\" content=\"article\" \/>\n<meta property=\"og:title\" content=\"Bezmy\u0161lienkov\u00e9 vedomie - TEST - SMND\" \/>\n<meta property=\"og:description\" content=\"Bezmy\u0161lienkov\u00e9 vedomie \u00daryvky z r\u00e1d jog\u00ednom poskytnut\u00fdch 27.marca 1994, 5.j\u00fala 1998 a po\u010das medzin\u00e1rodn\u00e9ho semin\u00e1ra v roku 1994. Ste pri plnom vedom\u00ed, ale ste bez my\u0161lienok. To je stav, kedy ste v pr\u00edtomnosti a ste naplnen\u00ed mierom. V tomto stave duchovne rastiete. Bezmy\u0161lienkov\u00e9 vedomie je kr\u00e1sny stav, ktor\u00fd mus\u00edte dosiahnu\u0165 ako prv\u00fd. Poskytne v\u00e1m mier,&hellip; Read more\" \/>\n<meta property=\"og:url\" content=\"https:\/\/shrimataji.org\/test\/sk\/bezmyslienkove-vedomie\/\" \/>\n<meta property=\"og:site_name\" content=\"TEST - SMND\" \/>\n<meta property=\"article:publisher\" content=\"https:\/\/www.facebook.com\/shrimataji\" \/>\n<meta property=\"article:modified_time\" content=\"2026-01-31T07:31:43+00:00\" \/>\n<meta property=\"og:image\" content=\"https:\/\/shrimataji.org\/test\/wp-content\/uploads\/2018\/07\/media_originals\/images\/headers-general\/thoughtless-awareness-is-peace-and-joy.jpg\" \/>\n\t<meta property=\"og:image:width\" content=\"990\" \/>\n\t<meta property=\"og:image:height\" content=\"350\" \/>\n\t<meta property=\"og:image:type\" content=\"image\/jpeg\" \/>\n<meta name=\"twitter:card\" content=\"summary_large_image\" \/>\n<meta name=\"twitter:site\" content=\"@shrimataji\" \/>\n<script type=\"application\/ld+json\" class=\"yoast-schema-graph\">{\"@context\":\"https:\\\/\\\/schema.org\",\"@graph\":[{\"@type\":\"WebPage\",\"@id\":\"https:\\\/\\\/shrimataji.org\\\/test\\\/sk\\\/bezmyslienkove-vedomie\\\/\",\"url\":\"https:\\\/\\\/shrimataji.org\\\/test\\\/sk\\\/bezmyslienkove-vedomie\\\/\",\"name\":\"Bezmy\u0161lienkov\u00e9 vedomie - TEST - SMND\",\"isPartOf\":{\"@id\":\"https:\\\/\\\/shrimataji.org\\\/test\\\/#website\"},\"primaryImageOfPage\":{\"@id\":\"https:\\\/\\\/shrimataji.org\\\/test\\\/sk\\\/bezmyslienkove-vedomie\\\/#primaryimage\"},\"image\":{\"@id\":\"https:\\\/\\\/shrimataji.org\\\/test\\\/sk\\\/bezmyslienkove-vedomie\\\/#primaryimage\"},\"thumbnailUrl\":\"https:\\\/\\\/shrimataji.org\\\/test\\\/wp-content\\\/uploads\\\/2018\\\/07\\\/media_originals\\\/images\\\/headers-general\\\/thoughtless-awareness-is-peace-and-joy.jpg\",\"datePublished\":\"2018-07-10T06:54:54+00:00\",\"dateModified\":\"2026-01-31T07:31:43+00:00\",\"breadcrumb\":{\"@id\":\"https:\\\/\\\/shrimataji.org\\\/test\\\/sk\\\/bezmyslienkove-vedomie\\\/#breadcrumb\"},\"inLanguage\":\"en-US\",\"potentialAction\":[{\"@type\":\"ReadAction\",\"target\":[\"https:\\\/\\\/shrimataji.org\\\/test\\\/sk\\\/bezmyslienkove-vedomie\\\/\"]}]},{\"@type\":\"ImageObject\",\"inLanguage\":\"en-US\",\"@id\":\"https:\\\/\\\/shrimataji.org\\\/test\\\/sk\\\/bezmyslienkove-vedomie\\\/#primaryimage\",\"url\":\"https:\\\/\\\/shrimataji.org\\\/test\\\/wp-content\\\/uploads\\\/2018\\\/07\\\/media_originals\\\/images\\\/headers-general\\\/thoughtless-awareness-is-peace-and-joy.jpg\",\"contentUrl\":\"https:\\\/\\\/shrimataji.org\\\/test\\\/wp-content\\\/uploads\\\/2018\\\/07\\\/media_originals\\\/images\\\/headers-general\\\/thoughtless-awareness-is-peace-and-joy.jpg\",\"width\":990,\"height\":350},{\"@type\":\"BreadcrumbList\",\"@id\":\"https:\\\/\\\/shrimataji.org\\\/test\\\/sk\\\/bezmyslienkove-vedomie\\\/#breadcrumb\",\"itemListElement\":[{\"@type\":\"ListItem\",\"position\":1,\"name\":\"Home\",\"item\":\"https:\\\/\\\/shrimataji.org\\\/test\\\/uk\\\/home-en\\\/\"},{\"@type\":\"ListItem\",\"position\":2,\"name\":\"Bezmy\u0161lienkov\u00e9 vedomie\"}]},{\"@type\":\"WebSite\",\"@id\":\"https:\\\/\\\/shrimataji.org\\\/test\\\/#website\",\"url\":\"https:\\\/\\\/shrimataji.org\\\/test\\\/\",\"name\":\"Shri Mataji Nirmala Devi\",\"description\":\"A Life Dedicated to Humanity\",\"publisher\":{\"@id\":\"https:\\\/\\\/shrimataji.org\\\/test\\\/#\\\/schema\\\/person\\\/a1b3419c6585f164aa96da1ff85715d1\"},\"potentialAction\":[{\"@type\":\"SearchAction\",\"target\":{\"@type\":\"EntryPoint\",\"urlTemplate\":\"https:\\\/\\\/shrimataji.org\\\/test\\\/?s={search_term_string}\"},\"query-input\":{\"@type\":\"PropertyValueSpecification\",\"valueRequired\":true,\"valueName\":\"search_term_string\"}}],\"inLanguage\":\"en-US\"},{\"@type\":[\"Person\",\"Organization\"],\"@id\":\"https:\\\/\\\/shrimataji.org\\\/test\\\/#\\\/schema\\\/person\\\/a1b3419c6585f164aa96da1ff85715d1\",\"name\":\"Nirmala Shrivastava\",\"image\":{\"@type\":\"ImageObject\",\"inLanguage\":\"en-US\",\"@id\":\"https:\\\/\\\/shrimataji.org\\\/test\\\/wp-content\\\/uploads\\\/2023\\\/02\\\/SMO_LOGO-03.svg\",\"url\":\"https:\\\/\\\/shrimataji.org\\\/test\\\/wp-content\\\/uploads\\\/2023\\\/02\\\/SMO_LOGO-03.svg\",\"contentUrl\":\"https:\\\/\\\/shrimataji.org\\\/test\\\/wp-content\\\/uploads\\\/2023\\\/02\\\/SMO_LOGO-03.svg\",\"width\":\"1024\",\"height\":\"1024\",\"caption\":\"Nirmala Shrivastava\"},\"logo\":{\"@id\":\"https:\\\/\\\/shrimataji.org\\\/test\\\/wp-content\\\/uploads\\\/2023\\\/02\\\/SMO_LOGO-03.svg\"},\"sameAs\":[\"https:\\\/\\\/shrimataji.org\\\/test\",\"https:\\\/\\\/www.facebook.com\\\/shrimataji\",\"https:\\\/\\\/x.com\\\/shrimataji\",\"https:\\\/\\\/www.youtube.com\\\/@Shri_Mataji_Nirmala_Devi\\\/featured\"]}]}<\/script>\n<!-- \/ Yoast SEO plugin. -->","yoast_head_json":{"title":"Bezmy\u0161lienkov\u00e9 vedomie - TEST - SMND","robots":{"index":"noindex","follow":"follow","max-snippet":"max-snippet:-1","max-image-preview":"max-image-preview:large","max-video-preview":"max-video-preview:-1"},"og_locale":"en_US","og_type":"article","og_title":"Bezmy\u0161lienkov\u00e9 vedomie - TEST - SMND","og_description":"Bezmy\u0161lienkov\u00e9 vedomie \u00daryvky z r\u00e1d jog\u00ednom poskytnut\u00fdch 27.marca 1994, 5.j\u00fala 1998 a po\u010das medzin\u00e1rodn\u00e9ho semin\u00e1ra v roku 1994. Ste pri plnom vedom\u00ed, ale ste bez my\u0161lienok. To je stav, kedy ste v pr\u00edtomnosti a ste naplnen\u00ed mierom. V tomto stave duchovne rastiete. Bezmy\u0161lienkov\u00e9 vedomie je kr\u00e1sny stav, ktor\u00fd mus\u00edte dosiahnu\u0165 ako prv\u00fd. Poskytne v\u00e1m mier,&hellip; Read more","og_url":"https:\/\/shrimataji.org\/test\/sk\/bezmyslienkove-vedomie\/","og_site_name":"TEST - SMND","article_publisher":"https:\/\/www.facebook.com\/shrimataji","article_modified_time":"2026-01-31T07:31:43+00:00","og_image":[{"width":990,"height":350,"url":"https:\/\/shrimataji.org\/test\/wp-content\/uploads\/2018\/07\/media_originals\/images\/headers-general\/thoughtless-awareness-is-peace-and-joy.jpg","type":"image\/jpeg"}],"twitter_card":"summary_large_image","twitter_site":"@shrimataji","schema":{"@context":"https:\/\/schema.org","@graph":[{"@type":"WebPage","@id":"https:\/\/shrimataji.org\/test\/sk\/bezmyslienkove-vedomie\/","url":"https:\/\/shrimataji.org\/test\/sk\/bezmyslienkove-vedomie\/","name":"Bezmy\u0161lienkov\u00e9 vedomie - TEST - SMND","isPartOf":{"@id":"https:\/\/shrimataji.org\/test\/#website"},"primaryImageOfPage":{"@id":"https:\/\/shrimataji.org\/test\/sk\/bezmyslienkove-vedomie\/#primaryimage"},"image":{"@id":"https:\/\/shrimataji.org\/test\/sk\/bezmyslienkove-vedomie\/#primaryimage"},"thumbnailUrl":"https:\/\/shrimataji.org\/test\/wp-content\/uploads\/2018\/07\/media_originals\/images\/headers-general\/thoughtless-awareness-is-peace-and-joy.jpg","datePublished":"2018-07-10T06:54:54+00:00","dateModified":"2026-01-31T07:31:43+00:00","breadcrumb":{"@id":"https:\/\/shrimataji.org\/test\/sk\/bezmyslienkove-vedomie\/#breadcrumb"},"inLanguage":"en-US","potentialAction":[{"@type":"ReadAction","target":["https:\/\/shrimataji.org\/test\/sk\/bezmyslienkove-vedomie\/"]}]},{"@type":"ImageObject","inLanguage":"en-US","@id":"https:\/\/shrimataji.org\/test\/sk\/bezmyslienkove-vedomie\/#primaryimage","url":"https:\/\/shrimataji.org\/test\/wp-content\/uploads\/2018\/07\/media_originals\/images\/headers-general\/thoughtless-awareness-is-peace-and-joy.jpg","contentUrl":"https:\/\/shrimataji.org\/test\/wp-content\/uploads\/2018\/07\/media_originals\/images\/headers-general\/thoughtless-awareness-is-peace-and-joy.jpg","width":990,"height":350},{"@type":"BreadcrumbList","@id":"https:\/\/shrimataji.org\/test\/sk\/bezmyslienkove-vedomie\/#breadcrumb","itemListElement":[{"@type":"ListItem","position":1,"name":"Home","item":"https:\/\/shrimataji.org\/test\/uk\/home-en\/"},{"@type":"ListItem","position":2,"name":"Bezmy\u0161lienkov\u00e9 vedomie"}]},{"@type":"WebSite","@id":"https:\/\/shrimataji.org\/test\/#website","url":"https:\/\/shrimataji.org\/test\/","name":"Shri Mataji Nirmala Devi","description":"A Life Dedicated to Humanity","publisher":{"@id":"https:\/\/shrimataji.org\/test\/#\/schema\/person\/a1b3419c6585f164aa96da1ff85715d1"},"potentialAction":[{"@type":"SearchAction","target":{"@type":"EntryPoint","urlTemplate":"https:\/\/shrimataji.org\/test\/?s={search_term_string}"},"query-input":{"@type":"PropertyValueSpecification","valueRequired":true,"valueName":"search_term_string"}}],"inLanguage":"en-US"},{"@type":["Person","Organization"],"@id":"https:\/\/shrimataji.org\/test\/#\/schema\/person\/a1b3419c6585f164aa96da1ff85715d1","name":"Nirmala Shrivastava","image":{"@type":"ImageObject","inLanguage":"en-US","@id":"https:\/\/shrimataji.org\/test\/wp-content\/uploads\/2023\/02\/SMO_LOGO-03.svg","url":"https:\/\/shrimataji.org\/test\/wp-content\/uploads\/2023\/02\/SMO_LOGO-03.svg","contentUrl":"https:\/\/shrimataji.org\/test\/wp-content\/uploads\/2023\/02\/SMO_LOGO-03.svg","width":"1024","height":"1024","caption":"Nirmala Shrivastava"},"logo":{"@id":"https:\/\/shrimataji.org\/test\/wp-content\/uploads\/2023\/02\/SMO_LOGO-03.svg"},"sameAs":["https:\/\/shrimataji.org\/test","https:\/\/www.facebook.com\/shrimataji","https:\/\/x.com\/shrimataji","https:\/\/www.youtube.com\/@Shri_Mataji_Nirmala_Devi\/featured"]}]}},"lang":"sk","translations":{"sk":12446,"ur":37526,"en":452,"am":18101,"th":20098,"hu":19596,"ar":16997,"sq":18502,"zh":17399,"tr":10225,"pt":10433,"de":10707,"fr":10805,"it":10903,"es":11000,"ja":11298,"ru":11486,"bn":11677,"te":11785,"sw":11908,"he":12056,"el":12348,"fa":12544,"fi":12642,"bg":13435,"ro":14509,"cs":14702,"nl":16661,"ku":16821,"be":18709,"kn":18983,"mr":20462,"uk":20755,"ml":21050,"ta":22820,"sv":23089,"gu":28924,"pa":29084,"fil":29538,"da":37833,"pl":38043,"nn":38385},"pll_sync_post":[],"_links":{"self":[{"href":"https:\/\/shrimataji.org\/test\/wp-json\/wp\/v2\/pages\/12446","targetHints":{"allow":["GET"]}}],"collection":[{"href":"https:\/\/shrimataji.org\/test\/wp-json\/wp\/v2\/pages"}],"about":[{"href":"https:\/\/shrimataji.org\/test\/wp-json\/wp\/v2\/types\/page"}],"author":[{"embeddable":true,"href":"https:\/\/shrimataji.org\/test\/wp-json\/wp\/v2\/users\/28"}],"replies":[{"embeddable":true,"href":"https:\/\/shrimataji.org\/test\/wp-json\/wp\/v2\/comments?post=12446"}],"version-history":[{"count":0,"href":"https:\/\/shrimataji.org\/test\/wp-json\/wp\/v2\/pages\/12446\/revisions"}],"wp:featuredmedia":[{"embeddable":true,"href":"https:\/\/shrimataji.org\/test\/wp-json\/wp\/v2\/media\/102"}],"wp:attachment":[{"href":"https:\/\/shrimataji.org\/test\/wp-json\/wp\/v2\/media?parent=12446"}],"curies":[{"name":"wp","href":"https:\/\/api.w.org\/{rel}","templated":true}]}}