{"id":12448,"date":"2012-10-02T02:00:00","date_gmt":"2012-10-02T02:00:00","guid":{"rendered":"http:\/\/testwordpress.nirmalnagari.org\/smnd\/index.php\/un-womens-conference\/"},"modified":"2026-01-30T17:38:12","modified_gmt":"2026-01-30T17:38:12","slug":"stvrta-svetova-konferencia-zien-osn","status":"publish","type":"page","link":"https:\/\/shrimataji.org\/test\/sk\/stvrta-svetova-konferencia-zien-osn\/","title":{"rendered":"\u0160tvrt\u00e1 svetov\u00e1 konferencia \u017eien OSN"},"content":{"rendered":"\n\n\t<h1>\u0160tvrt\u00e1 svetov\u00e1 konferencia \u017eien OSN<\/h1>\n<h2>\u00daryvok z medzin\u00e1rodn\u00e9ho diskusn\u00e9ho f\u00f3ra v Pekingu, v septembri 1995<\/h2>\n\t<h4>\u0160tvrt\u00e1 svetov\u00e1 konferencia \u017eien OSN v Pekingu, v septembri 1995 bola vyvrcholen\u00edm politick\u00fdch doh\u00f4d, ktor\u00fdm predch\u00e1dzali tri predo\u0161l\u00e9 stretnutia glob\u00e1lnej konferencie o \u017een\u00e1ch a rovnosti medzi \u017eenami a mu\u017emi. 189 kraj\u00edn sa zhodlo a prijalo agendu na posilnenie postavenia \u017eien v Pekingu, ktor\u00e1 je pova\u017eovan\u00e1 za k\u013e\u00fa\u010dov\u00fd medzin\u00e1rodn\u00fd,politick\u00fd dokument o rovnopr\u00e1vnosti mu\u017eov a \u017eien.<\/h4>\n<p>\u0160ri Matad\u017ei bola pozvan\u00e1 ako hos\u0165 na tejto glob\u00e1lnej platforme. V\u017edy d\u00e1vala ve\u013emi jasne najavo svoj n\u00e1zor, \u010do sa t\u00fdka \u00falohy \u017eien, \u017ee maj\u00fa na svete rovnako d\u00f4le\u017eit\u00fa \u00falohu ako mu\u017ei, ale nemali by sa sna\u017ei\u0165 podoba\u0165 na mu\u017eov, ale vyu\u017ei\u0165 rozdiely vo svoj prospech. Spr\u00e1vna rovnov\u00e1ha medzi mu\u017emi a \u017eenami je v \u017eivote k\u013e\u00fa\u010dov\u00e1 pre vybudovanie stabilnej a mierumilovnej spolo\u010dnosti. Je d\u00f4le\u017eit\u00e9 uvedomi\u0165 si vz\u00e1jomn\u00e9 rozdiely a re\u0161pektova\u0165 siln\u00e9 str\u00e1nky toho druh\u00e9ho. Op\u00e4tovne \u013eu\u010fom pripom\u00ednala, ak\u00e9 je potrebn\u00e9, aby si ka\u017ed\u00fd na\u0161iel vn\u00fatorn\u00fa rovnov\u00e1hu medzi \u017eensk\u00fdmi a mu\u017esk\u00fdmi kvalitami. \u017deny m\u00f4\u017eu skuto\u010dne ovplyvni\u0165 svet hlavne na soci\u00e1lnej \u00farovni.<\/p>\n\t<div class=\"su-quote su-quote-style-default\"><div class=\"su-quote-inner su-u-clearfix su-u-trim\"> Pravdou je, \u017ee \u017eeny s\u00fa potencion\u00e1lnou silou ka\u017edej civiliz\u00e1cie, ka\u017edej krajiny. Je zrejm\u00e9, \u017ee s\u00fa to \u017eeny, ktor\u00e9 s\u00fa tvorcami aj uchov\u00e1vate\u013emi cel\u00e9ho \u013eudstva. Je to ich \u00faloha, ktor\u00fa im dal Boh. <\/div><\/div>\n\t<p>\u0160ri Matad\u017ei sa nikdy nepova\u017eovala za politick\u00fa aktivistku. Jej v\u00edziou bola vn\u00fatorn\u00e1 premena mu\u017eov aj \u017eien prostredn\u00edctvom Sebarealiz\u00e1cie, \u010d\u00edm sa dosiahne prirodzen\u00e1 rovnov\u00e1ha. T\u00e1to premena je k\u013e\u00fa\u010dom k rie\u0161eniu mnoh\u00fdch probl\u00e9mov, ktor\u00fdm dnes \u017eeny \u010delia vo svete, v ktorom dominuj\u00fa mu\u017ei.<\/p>\n<p>&#8220;Semen\u00e1 sam\u00e9 o sebe nem\u00f4\u017eu ni\u010d vytvori\u0165, je to Matka Zem, ktor\u00e1 poskytuje kvety, ovocie a ostatn\u00e9 po\u017eehnania. Podobne je na tom, \u017eena v ktorej sa vytvor\u00ed die\u0165a, vy\u017eivuje a opatruje ho a potom aj ob\u010danov zajtraj\u0161ka. \u017deny by sa mali pribli\u017eova\u0165 Matke Zemi, ktor\u00e1 je z\u00e1kladom cel\u00e9ho \u013eudstva.<\/p>\n\t<p>\u0160ri Matad\u017ei \u017eila na v\u00fdchode aj na z\u00e1pade a ve\u013ea cestovala, za\u017eila rozdiely v sp\u00f4sobe zaobch\u00e1dzania so \u017eenami a hoci uzn\u00e1vala ve\u013ek\u00fd nedostatok pr\u00e1v mnoh\u00fdch \u017eien, bol to nedostatok \u00facty k \u017een\u00e1m, ktor\u00fd ju viac tr\u00e1pil.<\/p>\n\t<div class=\"su-quote su-quote-style-default\"><div class=\"su-quote-inner su-u-clearfix su-u-trim\">V mojej krajine sa hovori &#8220;Yatra narya pujyante tatra ramante devata&#8221; \u010do znamen\u00e1 &#8220;tam kde s\u00fa \u017eeny re\u0161pektovan\u00e9 a uctievan\u00e9, tam s\u00eddlia bohovia n\u00e1\u0161ho blahobytu.&#8221;<\/div><\/div>\n\t<p>Ke\u010f mu\u017ei i \u017eeny pochopia svoju vlastn\u00fa hodnotu a hodnotu toho druh\u00e9ho, \u010do by sa pod\u013ea nej dalo dosiahnu\u0165 Sebarealiz\u00e1ciou, potom by medzi \u013eu\u010fmi na svete zavl\u00e1dol mier.<\/p>\n<p>&#8220;Je to teda iba na n\u00e1s, aby sme teraz pochopili hodnotu tejto nesmiernej sily, ktorou n\u00e1s obdaroval n\u00e1\u0161 Stvorite\u013e. Ale \u010do vid\u00edme? Ani na z\u00e1pade, ani na v\u00fdchode neboli \u017eeny schopn\u00e9 naplno prejavi\u0165 svoju ve\u013ekos\u0165.&#8221;<\/p>\n<p>Samozrejme \u0160ri Matad\u017ei obhajovala rovnopr\u00e1vnos\u0165 \u017eien vo vzdelan\u00ed, kari\u00e9re, bezpe\u010dnom prostred\u00ed a pr\u00e1vnej ochrane.<\/p>\n<p>&#8220;Netvrd\u00edm, \u017ee jedinou \u00falohou \u017eien v \u013eudskej spolo\u010dnosti je by\u0165 matkou, ktor\u00e1 plod\u00ed deti a star\u00e1 sa o ne, alebo by\u0165 man\u017eelkou \u010di sestrou. \u017dena m\u00e1 pr\u00e1vo z\u00fa\u010dast\u0148ova\u0165 sa v ka\u017edej oblasti \u017eivota ako rovnopr\u00e1vny partner: v spolo\u010denskej oblasti, kult\u00farnej, poliltickej, ekonomickej, administrat\u00edvnej a \u010fa\u013e\u0161\u00edch&#8230;&#8230;. Av\u0161ak ak je matkou m\u00e1 ve\u013ek\u00fa zodpovednos\u0165 vo\u010di svojim de\u0165om a spolo\u010dnosti.<\/p>\n<p>\u0160ri Matad\u017ei c\u00edtila, \u017ee nerovnov\u00e1hu medzi pohlaviami mo\u017eno napravi\u0165 len vtedy, ke\u010f sa obr\u00e1time do svojho vn\u00fatra a dovol\u00edme sile Sebarealiz\u00e1cie, aby n\u00e1s viedla.<\/p>\n<p>&#8220;Potrebujeme rovnov\u00e1hu medzi t\u00fdmito dvoma extr\u00e9mami, \u017eenu, ktor\u00e1 je s mu\u017eom rovnocenn\u00e1, ale odli\u0161n\u00e1&#8230;&#8221;<\/p>\n\t<div class=\"su-quote su-quote-style-default\"><div class=\"su-quote-inner su-u-clearfix su-u-trim\">Potrebujeme \u017eeny, ktor\u00e9 s\u00fa v rovnov\u00e1he, aby sme mali vyv\u00e1\u017een\u00fa \u013eudsk\u00fa rasu s mierom vo svojom vn\u00fatri.<\/div><\/div>\n\t\t<iframe loading=\"lazy\" title=\"UN Women\u00b4s Conference\" width=\"1920\" height=\"1080\" src=\"https:\/\/www.youtube.com\/embed\/_v6jiBJ-jdg?feature=oembed\" frameborder=\"0\" allow=\"accelerometer; autoplay; clipboard-write; encrypted-media; gyroscope; picture-in-picture; web-share\" allowfullscreen><\/iframe>\t\n\n","protected":false},"excerpt":{"rendered":"<p>\u0160tvrt\u00e1 svetov\u00e1 konferencia \u017eien OSN \u00daryvok z medzin\u00e1rodn\u00e9ho diskusn\u00e9ho f\u00f3ra v Pekingu, v septembri 1995 \u0160tvrt\u00e1 svetov\u00e1 konferencia \u017eien OSN v Pekingu, v septembri 1995 bola vyvrcholen\u00edm politick\u00fdch doh\u00f4d, ktor\u00fdm predch\u00e1dzali tri predo\u0161l\u00e9 stretnutia glob\u00e1lnej konferencie o \u017een\u00e1ch a rovnosti medzi \u017eenami a mu\u017emi. 189 kraj\u00edn sa zhodlo a prijalo agendu na posilnenie postavenia \u017eien&hellip; <br \/> <a class=\"read-more\" href=\"https:\/\/shrimataji.org\/test\/sk\/stvrta-svetova-konferencia-zien-osn\/\">Read more<\/a><\/p>\n","protected":false},"author":28,"featured_media":109,"parent":0,"menu_order":0,"comment_status":"closed","ping_status":"closed","template":"","meta":{"inline_featured_image":false,"footnotes":""},"class_list":["post-12448","page","type-page","status-publish","has-post-thumbnail","hentry"],"yoast_head":"<!-- This site is optimized with the Yoast SEO plugin v27.4 - https:\/\/yoast.com\/product\/yoast-seo-wordpress\/ -->\n<title>\u0160tvrt\u00e1 svetov\u00e1 konferencia \u017eien OSN - TEST - SMND<\/title>\n<meta name=\"robots\" content=\"noindex, follow, max-snippet:-1, max-image-preview:large, max-video-preview:-1\" \/>\n<meta property=\"og:locale\" content=\"en_US\" \/>\n<meta property=\"og:type\" content=\"article\" \/>\n<meta property=\"og:title\" content=\"\u0160tvrt\u00e1 svetov\u00e1 konferencia \u017eien OSN - TEST - SMND\" \/>\n<meta property=\"og:description\" content=\"\u0160tvrt\u00e1 svetov\u00e1 konferencia \u017eien OSN \u00daryvok z medzin\u00e1rodn\u00e9ho diskusn\u00e9ho f\u00f3ra v Pekingu, v septembri 1995 \u0160tvrt\u00e1 svetov\u00e1 konferencia \u017eien OSN v Pekingu, v septembri 1995 bola vyvrcholen\u00edm politick\u00fdch doh\u00f4d, ktor\u00fdm predch\u00e1dzali tri predo\u0161l\u00e9 stretnutia glob\u00e1lnej konferencie o \u017een\u00e1ch a rovnosti medzi \u017eenami a mu\u017emi. 189 kraj\u00edn sa zhodlo a prijalo agendu na posilnenie postavenia \u017eien&hellip; Read more\" \/>\n<meta property=\"og:url\" content=\"https:\/\/shrimataji.org\/test\/sk\/stvrta-svetova-konferencia-zien-osn\/\" \/>\n<meta property=\"og:site_name\" content=\"TEST - SMND\" \/>\n<meta property=\"article:publisher\" content=\"https:\/\/www.facebook.com\/shrimataji\" \/>\n<meta property=\"article:modified_time\" content=\"2026-01-30T17:38:12+00:00\" \/>\n<meta property=\"og:image\" content=\"https:\/\/shrimataji.org\/test\/wp-content\/uploads\/2018\/07\/media_originals\/images\/headers-general\/shri-mataji-speaking-at-the-un-womens-conference-in-beijing-1995.jpg\" \/>\n\t<meta property=\"og:image:width\" content=\"990\" \/>\n\t<meta property=\"og:image:height\" content=\"350\" \/>\n\t<meta property=\"og:image:type\" content=\"image\/jpeg\" \/>\n<meta name=\"twitter:card\" content=\"summary_large_image\" \/>\n<meta name=\"twitter:site\" content=\"@shrimataji\" \/>\n<script type=\"application\/ld+json\" class=\"yoast-schema-graph\">{\"@context\":\"https:\\\/\\\/schema.org\",\"@graph\":[{\"@type\":\"WebPage\",\"@id\":\"https:\\\/\\\/shrimataji.org\\\/test\\\/sk\\\/stvrta-svetova-konferencia-zien-osn\\\/\",\"url\":\"https:\\\/\\\/shrimataji.org\\\/test\\\/sk\\\/stvrta-svetova-konferencia-zien-osn\\\/\",\"name\":\"\u0160tvrt\u00e1 svetov\u00e1 konferencia \u017eien OSN - TEST - SMND\",\"isPartOf\":{\"@id\":\"https:\\\/\\\/shrimataji.org\\\/test\\\/#website\"},\"primaryImageOfPage\":{\"@id\":\"https:\\\/\\\/shrimataji.org\\\/test\\\/sk\\\/stvrta-svetova-konferencia-zien-osn\\\/#primaryimage\"},\"image\":{\"@id\":\"https:\\\/\\\/shrimataji.org\\\/test\\\/sk\\\/stvrta-svetova-konferencia-zien-osn\\\/#primaryimage\"},\"thumbnailUrl\":\"https:\\\/\\\/shrimataji.org\\\/test\\\/wp-content\\\/uploads\\\/2018\\\/07\\\/media_originals\\\/images\\\/headers-general\\\/shri-mataji-speaking-at-the-un-womens-conference-in-beijing-1995.jpg\",\"datePublished\":\"2012-10-02T02:00:00+00:00\",\"dateModified\":\"2026-01-30T17:38:12+00:00\",\"breadcrumb\":{\"@id\":\"https:\\\/\\\/shrimataji.org\\\/test\\\/sk\\\/stvrta-svetova-konferencia-zien-osn\\\/#breadcrumb\"},\"inLanguage\":\"en-US\",\"potentialAction\":[{\"@type\":\"ReadAction\",\"target\":[\"https:\\\/\\\/shrimataji.org\\\/test\\\/sk\\\/stvrta-svetova-konferencia-zien-osn\\\/\"]}]},{\"@type\":\"ImageObject\",\"inLanguage\":\"en-US\",\"@id\":\"https:\\\/\\\/shrimataji.org\\\/test\\\/sk\\\/stvrta-svetova-konferencia-zien-osn\\\/#primaryimage\",\"url\":\"https:\\\/\\\/shrimataji.org\\\/test\\\/wp-content\\\/uploads\\\/2018\\\/07\\\/media_originals\\\/images\\\/headers-general\\\/shri-mataji-speaking-at-the-un-womens-conference-in-beijing-1995.jpg\",\"contentUrl\":\"https:\\\/\\\/shrimataji.org\\\/test\\\/wp-content\\\/uploads\\\/2018\\\/07\\\/media_originals\\\/images\\\/headers-general\\\/shri-mataji-speaking-at-the-un-womens-conference-in-beijing-1995.jpg\",\"width\":990,\"height\":350},{\"@type\":\"BreadcrumbList\",\"@id\":\"https:\\\/\\\/shrimataji.org\\\/test\\\/sk\\\/stvrta-svetova-konferencia-zien-osn\\\/#breadcrumb\",\"itemListElement\":[{\"@type\":\"ListItem\",\"position\":1,\"name\":\"Home\",\"item\":\"https:\\\/\\\/shrimataji.org\\\/test\\\/uk\\\/home-en\\\/\"},{\"@type\":\"ListItem\",\"position\":2,\"name\":\"\u0160tvrt\u00e1 svetov\u00e1 konferencia \u017eien OSN\"}]},{\"@type\":\"WebSite\",\"@id\":\"https:\\\/\\\/shrimataji.org\\\/test\\\/#website\",\"url\":\"https:\\\/\\\/shrimataji.org\\\/test\\\/\",\"name\":\"Shri Mataji Nirmala Devi\",\"description\":\"A Life Dedicated to Humanity\",\"publisher\":{\"@id\":\"https:\\\/\\\/shrimataji.org\\\/test\\\/#\\\/schema\\\/person\\\/a1b3419c6585f164aa96da1ff85715d1\"},\"potentialAction\":[{\"@type\":\"SearchAction\",\"target\":{\"@type\":\"EntryPoint\",\"urlTemplate\":\"https:\\\/\\\/shrimataji.org\\\/test\\\/?s={search_term_string}\"},\"query-input\":{\"@type\":\"PropertyValueSpecification\",\"valueRequired\":true,\"valueName\":\"search_term_string\"}}],\"inLanguage\":\"en-US\"},{\"@type\":[\"Person\",\"Organization\"],\"@id\":\"https:\\\/\\\/shrimataji.org\\\/test\\\/#\\\/schema\\\/person\\\/a1b3419c6585f164aa96da1ff85715d1\",\"name\":\"Nirmala Shrivastava\",\"image\":{\"@type\":\"ImageObject\",\"inLanguage\":\"en-US\",\"@id\":\"https:\\\/\\\/shrimataji.org\\\/test\\\/wp-content\\\/uploads\\\/2023\\\/02\\\/SMO_LOGO-03.svg\",\"url\":\"https:\\\/\\\/shrimataji.org\\\/test\\\/wp-content\\\/uploads\\\/2023\\\/02\\\/SMO_LOGO-03.svg\",\"contentUrl\":\"https:\\\/\\\/shrimataji.org\\\/test\\\/wp-content\\\/uploads\\\/2023\\\/02\\\/SMO_LOGO-03.svg\",\"width\":\"1024\",\"height\":\"1024\",\"caption\":\"Nirmala Shrivastava\"},\"logo\":{\"@id\":\"https:\\\/\\\/shrimataji.org\\\/test\\\/wp-content\\\/uploads\\\/2023\\\/02\\\/SMO_LOGO-03.svg\"},\"sameAs\":[\"https:\\\/\\\/shrimataji.org\\\/test\",\"https:\\\/\\\/www.facebook.com\\\/shrimataji\",\"https:\\\/\\\/x.com\\\/shrimataji\",\"https:\\\/\\\/www.youtube.com\\\/@Shri_Mataji_Nirmala_Devi\\\/featured\"]}]}<\/script>\n<!-- \/ Yoast SEO plugin. -->","yoast_head_json":{"title":"\u0160tvrt\u00e1 svetov\u00e1 konferencia \u017eien OSN - TEST - SMND","robots":{"index":"noindex","follow":"follow","max-snippet":"max-snippet:-1","max-image-preview":"max-image-preview:large","max-video-preview":"max-video-preview:-1"},"og_locale":"en_US","og_type":"article","og_title":"\u0160tvrt\u00e1 svetov\u00e1 konferencia \u017eien OSN - TEST - SMND","og_description":"\u0160tvrt\u00e1 svetov\u00e1 konferencia \u017eien OSN \u00daryvok z medzin\u00e1rodn\u00e9ho diskusn\u00e9ho f\u00f3ra v Pekingu, v septembri 1995 \u0160tvrt\u00e1 svetov\u00e1 konferencia \u017eien OSN v Pekingu, v septembri 1995 bola vyvrcholen\u00edm politick\u00fdch doh\u00f4d, ktor\u00fdm predch\u00e1dzali tri predo\u0161l\u00e9 stretnutia glob\u00e1lnej konferencie o \u017een\u00e1ch a rovnosti medzi \u017eenami a mu\u017emi. 189 kraj\u00edn sa zhodlo a prijalo agendu na posilnenie postavenia \u017eien&hellip; Read more","og_url":"https:\/\/shrimataji.org\/test\/sk\/stvrta-svetova-konferencia-zien-osn\/","og_site_name":"TEST - SMND","article_publisher":"https:\/\/www.facebook.com\/shrimataji","article_modified_time":"2026-01-30T17:38:12+00:00","og_image":[{"width":990,"height":350,"url":"https:\/\/shrimataji.org\/test\/wp-content\/uploads\/2018\/07\/media_originals\/images\/headers-general\/shri-mataji-speaking-at-the-un-womens-conference-in-beijing-1995.jpg","type":"image\/jpeg"}],"twitter_card":"summary_large_image","twitter_site":"@shrimataji","schema":{"@context":"https:\/\/schema.org","@graph":[{"@type":"WebPage","@id":"https:\/\/shrimataji.org\/test\/sk\/stvrta-svetova-konferencia-zien-osn\/","url":"https:\/\/shrimataji.org\/test\/sk\/stvrta-svetova-konferencia-zien-osn\/","name":"\u0160tvrt\u00e1 svetov\u00e1 konferencia \u017eien OSN - TEST - SMND","isPartOf":{"@id":"https:\/\/shrimataji.org\/test\/#website"},"primaryImageOfPage":{"@id":"https:\/\/shrimataji.org\/test\/sk\/stvrta-svetova-konferencia-zien-osn\/#primaryimage"},"image":{"@id":"https:\/\/shrimataji.org\/test\/sk\/stvrta-svetova-konferencia-zien-osn\/#primaryimage"},"thumbnailUrl":"https:\/\/shrimataji.org\/test\/wp-content\/uploads\/2018\/07\/media_originals\/images\/headers-general\/shri-mataji-speaking-at-the-un-womens-conference-in-beijing-1995.jpg","datePublished":"2012-10-02T02:00:00+00:00","dateModified":"2026-01-30T17:38:12+00:00","breadcrumb":{"@id":"https:\/\/shrimataji.org\/test\/sk\/stvrta-svetova-konferencia-zien-osn\/#breadcrumb"},"inLanguage":"en-US","potentialAction":[{"@type":"ReadAction","target":["https:\/\/shrimataji.org\/test\/sk\/stvrta-svetova-konferencia-zien-osn\/"]}]},{"@type":"ImageObject","inLanguage":"en-US","@id":"https:\/\/shrimataji.org\/test\/sk\/stvrta-svetova-konferencia-zien-osn\/#primaryimage","url":"https:\/\/shrimataji.org\/test\/wp-content\/uploads\/2018\/07\/media_originals\/images\/headers-general\/shri-mataji-speaking-at-the-un-womens-conference-in-beijing-1995.jpg","contentUrl":"https:\/\/shrimataji.org\/test\/wp-content\/uploads\/2018\/07\/media_originals\/images\/headers-general\/shri-mataji-speaking-at-the-un-womens-conference-in-beijing-1995.jpg","width":990,"height":350},{"@type":"BreadcrumbList","@id":"https:\/\/shrimataji.org\/test\/sk\/stvrta-svetova-konferencia-zien-osn\/#breadcrumb","itemListElement":[{"@type":"ListItem","position":1,"name":"Home","item":"https:\/\/shrimataji.org\/test\/uk\/home-en\/"},{"@type":"ListItem","position":2,"name":"\u0160tvrt\u00e1 svetov\u00e1 konferencia \u017eien OSN"}]},{"@type":"WebSite","@id":"https:\/\/shrimataji.org\/test\/#website","url":"https:\/\/shrimataji.org\/test\/","name":"Shri Mataji Nirmala Devi","description":"A Life Dedicated to Humanity","publisher":{"@id":"https:\/\/shrimataji.org\/test\/#\/schema\/person\/a1b3419c6585f164aa96da1ff85715d1"},"potentialAction":[{"@type":"SearchAction","target":{"@type":"EntryPoint","urlTemplate":"https:\/\/shrimataji.org\/test\/?s={search_term_string}"},"query-input":{"@type":"PropertyValueSpecification","valueRequired":true,"valueName":"search_term_string"}}],"inLanguage":"en-US"},{"@type":["Person","Organization"],"@id":"https:\/\/shrimataji.org\/test\/#\/schema\/person\/a1b3419c6585f164aa96da1ff85715d1","name":"Nirmala Shrivastava","image":{"@type":"ImageObject","inLanguage":"en-US","@id":"https:\/\/shrimataji.org\/test\/wp-content\/uploads\/2023\/02\/SMO_LOGO-03.svg","url":"https:\/\/shrimataji.org\/test\/wp-content\/uploads\/2023\/02\/SMO_LOGO-03.svg","contentUrl":"https:\/\/shrimataji.org\/test\/wp-content\/uploads\/2023\/02\/SMO_LOGO-03.svg","width":"1024","height":"1024","caption":"Nirmala Shrivastava"},"logo":{"@id":"https:\/\/shrimataji.org\/test\/wp-content\/uploads\/2023\/02\/SMO_LOGO-03.svg"},"sameAs":["https:\/\/shrimataji.org\/test","https:\/\/www.facebook.com\/shrimataji","https:\/\/x.com\/shrimataji","https:\/\/www.youtube.com\/@Shri_Mataji_Nirmala_Devi\/featured"]}]}},"lang":"sk","translations":{"sk":12448,"ur":37528,"en":427,"am":18103,"th":20101,"hu":19599,"ar":16999,"sq":18504,"zh":17401,"tr":10227,"pt":10434,"de":10709,"fr":10807,"it":10905,"es":11001,"ja":11299,"ru":11487,"bn":11679,"te":11787,"sw":11910,"he":12058,"el":12350,"fa":12546,"fi":12644,"bg":13498,"ro":14573,"cs":14766,"nl":16663,"ku":16823,"be":18711,"kn":18985,"mr":20465,"uk":20758,"ml":21053,"ta":22822,"sv":23091,"gu":28926,"pa":29086,"fil":29540,"da":37835,"pl":38045,"nn":38387},"pll_sync_post":[],"_links":{"self":[{"href":"https:\/\/shrimataji.org\/test\/wp-json\/wp\/v2\/pages\/12448","targetHints":{"allow":["GET"]}}],"collection":[{"href":"https:\/\/shrimataji.org\/test\/wp-json\/wp\/v2\/pages"}],"about":[{"href":"https:\/\/shrimataji.org\/test\/wp-json\/wp\/v2\/types\/page"}],"author":[{"embeddable":true,"href":"https:\/\/shrimataji.org\/test\/wp-json\/wp\/v2\/users\/28"}],"replies":[{"embeddable":true,"href":"https:\/\/shrimataji.org\/test\/wp-json\/wp\/v2\/comments?post=12448"}],"version-history":[{"count":0,"href":"https:\/\/shrimataji.org\/test\/wp-json\/wp\/v2\/pages\/12448\/revisions"}],"wp:featuredmedia":[{"embeddable":true,"href":"https:\/\/shrimataji.org\/test\/wp-json\/wp\/v2\/media\/109"}],"wp:attachment":[{"href":"https:\/\/shrimataji.org\/test\/wp-json\/wp\/v2\/media?parent=12448"}],"curies":[{"name":"wp","href":"https:\/\/api.w.org\/{rel}","templated":true}]}}