{"id":12449,"date":"2011-10-05T02:00:00","date_gmt":"2011-10-05T02:00:00","guid":{"rendered":"http:\/\/testwordpress.nirmalnagari.org\/smnd\/index.php\/uniting-the-nations\/"},"modified":"2026-01-30T17:36:35","modified_gmt":"2026-01-30T17:36:35","slug":"zjednotenie-narodov","status":"publish","type":"page","link":"https:\/\/shrimataji.org\/test\/sk\/zjednotenie-narodov\/","title":{"rendered":"Zjednotenie n\u00e1rodov"},"content":{"rendered":"\n\n\t<h1>Zjednotenie n\u00e1rodov<\/h1>\n<h2>Hromadn\u00e1 transform\u00e1cia &#8211; bez hran\u00edc<\/h2>\n\t<h4>Publikum bolo v divadelnej s\u00e1le Dag Hammarskjold mal\u00e9, v stredne ve\u013ekom divadle sa podve\u010der zi\u0161lo p\u00e4\u0165desiat zamestnancov. Len dva dni predt\u00fdm bola zriaden\u00e1 a schv\u00e1len\u00e1 nov\u00e1 spolo\u010dnos\u0165 Sahad\u017ea jogy Organiz\u00e1ciou Spojen\u00fdch n\u00e1rodov a jej \u010dlenovia sa tu zhroma\u017edili, aby si vypo\u010duli svojho hlavn\u00e9ho re\u010dn\u00edka.<\/h4>\n\t<p>Bol to oddych od ich kancel\u00e1rskej rutiny, stretnut\u00ed a glob\u00e1lnych probl\u00e9mov, kedy mali pr\u00edle\u017eitos\u0165 vypo\u010du\u0165 si slov\u00e1 \u0160ri Matad\u017ei Nirmala Devi a nahliadnu\u0165 do svojho vn\u00fatra. T\u00e9mou bolo duchovn\u00e9 osvietenie, svetov\u00fd mier a lep\u0161\u00ed svet. Miesto konania bolo s\u00eddlo OSN v New Yorku, d\u0148a 6. j\u00fana 1990.<\/p>\n<p>Mysle zamestnancov OSN boli mo\u017eno na s\u013eube Sovietskeho zv\u00e4zu o zn\u00ed\u017een\u00ed eur\u00f3pskych zbran\u00ed. Niektor\u00ed mo\u017eno mysleli na to ako poskytn\u00fa\u0165 pomoc preson\u00e1lu OSN v d\u00f4sledku \u010fal\u0161ej ob\u010dianskej vojny v Lib\u00e9rii.<\/p>\n<p>Svet sa zdal pln\u00fd nepokojov a zmien. Len nieko\u013eko dn\u00ed pred t\u00fdm sa v Pekingu konalo prv\u00e9 v\u00fdro\u010die demon\u0161tr\u00e1ci\u00ed masakru na n\u00e1mest\u00ed Tiananmen. Nikto netu\u0161il \u010do bude \u010falej.<\/p>\n\t\t\t\t<img decoding=\"async\" src=\"https:\/\/shrimataji.org\/test\/wp-content\/uploads\/2018\/07\/media_originals\/images\/shri-mataji-portraits\/shri-mataji-nirmala-devi-portrait-smiling-1024x681.jpg\" alt=\"shri-mataji-nirmala-devi-portrait-smiling\" itemprop=\"image\" height=\"681\" width=\"1024\" height=\"681\" width=\"1024\" title=\"shri-mataji-nirmala-devi-portrait-smiling\" onerror=\"this.style.display='none'\" loading=\"lazy\" \/>\n\t<p>Do dvan\u00e1stich mesiacov ten ist\u00fd Sovietsky zv\u00e4z u\u017e neexistoval, nahradilo ho nov\u00e9 Spolo\u010denstvo nez\u00e1visl\u00fdch \u0161t\u00e1tov. V Rumunsku u\u017e prebiehali slobodn\u00e9 vo\u013eby po predo\u0161lom zb\u00faran\u00ed Berl\u00ednskeho m\u00faru. A za menej ako \u0161tyri mesiace v\u00fdchodn\u00e9 a z\u00e1padn\u00e9 Nemecko dokon\u010dilo svoje zjednotenie a do dvoch mesiacov Irak napadol Kuvajt. Budova Organiz\u00e1cie Spojen\u00fdch n\u00e1rodov sa \u010doskoro stala e\u0161te ru\u0161nej\u0161\u00edm miestom. Nastal \u010das pozastavi\u0165 sa a po\u010d\u00fava\u0165.<\/p>\n<p>V t\u00fa stredu ve\u010der hovorila \u0160ri Matad\u017ei pokojne, prehovorila k publiku, jej hlas znel d\u00f4verne a volila tak\u00e9 slov\u00e1, aby vyhovela potreb\u00e1m publika. Ako v\u017edy hovorila v pojmoch, ktor\u00e9 boli glob\u00e1lne aj osobn\u00e9.<\/p>\n\t<div class=\"su-quote su-quote-style-default\"><div class=\"su-quote-inner su-u-clearfix su-u-trim\">M\u00f4j odkaz \u013eudstvu je, \u017ee by sa v\u0161etci mali premeni\u0165, sta\u0165 sa Du\u0161ou a tak spozna\u0165 sami seba. <\/div><\/div>\n\t<p>Po\u010das svojho prejavu \u0160ri Matad\u017ei hovorila o pravde a potrebe realizova\u0165 kolekt\u00edvne prnc\u00edpy Organiz\u00e1cie Spojen\u00fdch n\u00e1rodov. Spomenula \u00falohu Kundaliny pri realizovan\u00ed t\u00fdchto princ\u00edpov.<\/p>\n<p>&#8220;Hovor\u00ed sa o ekologick\u00fdch prlobl\u00e9moch&#8221; povedala, &#8220;o tak\u00fdch a onak\u00fdch probl\u00e9moch, ale nevieme ako sa z nich dosta\u0165. Ak sa m\u00e1 t\u00e1to organiz\u00e1cia re\u00e1lne presadi\u0165, potom je potrebn\u00e9, aby jej \u010dlenovia z\u00edskali Sebarealiz\u00e1ciu a potom pochopia k\u00fdm s\u00fa&#8230;Existuje ve\u013ea sp\u00f4sobov a ve\u013ea s\u00edl, ktor\u00e9 v sebe maj\u00fa a m\u00f4\u017eu ich pou\u017ei\u0165. Hovor\u00edm o sile l\u00e1sky.&#8221;<\/p>\n\t<p>Na konci jej prejavu udelila ka\u017ed\u00e9mu Sebarealiz\u00e1ciu. Takmer nikto zo s\u00e1ly neodi\u0161iel, aby z\u00edskal t\u00fato sk\u00fasenos\u0165 Sebarealiz\u00e1cie a osobne pozdravil \u0160ri Matad\u017ei. V\u00e4\u010d\u0161ina sa prihl\u00e1sila na pokra\u010duj\u00faci kurz.<\/p>\n<p>T\u00fd\u017ede\u0148 pre jej vyst\u00fapen\u00edm v OSN mala \u0160ri Matad\u017ei podobn\u00fd pr\u00edhovor v Miami, v San Diegu. Za\u010diatkom roka bola aj v Austr\u00e1lii, Indii, Taliansku, Novom Z\u00e9lade, Rusku, Singapure a Spojenom kr\u00e1\u013eovstve.\u00a0Jej n\u00e1v\u0161tevy toho roku sa bl\u00ed\u017eili k stovke a to bol len j\u00fan- bola na lek\u00e1rskej konferencii v Moskve, tla\u010dovej konferencii v Kalkate, Perthte, Melbourne, Cairns, Sydney, Bangalore, Hyderabade, Jaipure, Leningrade a Aucklande.<\/p>\n<p>Sk\u00f4r ako sa skon\u010dil rok, \u0160ri Matad\u017ei nav\u0161t\u00edvila viac ako 200 miest v 26 krajin\u00e1ch po celom svete. Jej cesty v roku 1990 dokopy presiahli 135 000 kilometrov &#8211; jej ceston\u00fd pl\u00e1n by v\u00e4\u010d\u0161inu \u013eud\u00ed vy\u010derpal. Neostalo to v\u0161ak len pri tom, okrem pl\u00e1novan\u00fdch rozhovorov sa konalo mno\u017estvo neform\u00e1lnych podujat\u00ed v dom\u00e1cnostiach, na letisk\u00e1ch, v hal\u00e1ch, v \u0161kol\u00e1ch at\u010f. Ka\u017ed\u00fd pr\u00edhovor, ka\u017ed\u00fd prejav bol in\u00fd, ale mal rovnak\u00fa podstatu, pln\u00fd z\u00e1ujimu, nadh\u013eadu, humoru a l\u00e1sky. Ka\u017ed\u00fd prejav sl\u00fa\u017eil jednej veci &#8211; potrebe duchovn\u00e9ho vzostupu \u013eudstva.<\/p>\n<p>Niekto in\u00fd povedal: &#8220;Bu\u010f svoj\u00edm lep\u0161\u00edm ja.&#8221; \u0160ri Matad\u017ei nastavila e\u0161te vy\u0161\u0161iu latku &#8211; &#8220;Bu\u010f svoj\u00edm prav\u00fdm Ja.&#8221;<\/p>\n<p>Rok 1990 nebol v\u00fdnimo\u010dn\u00fd, od konca 70. rokov a\u017e po 90.roky a po nov\u00e9 storo\u010die jej snaha o vytvorenie lep\u0161ieho sveta mala pokra\u010dova\u0165. O jej cest\u00e1ch noviny neinformovali, ale pre t\u00fdch, ktor\u00ed h\u013eadali osvietenie v meta modernom svete neostala bez pov\u0161imnutia.<\/p>\n\n","protected":false},"excerpt":{"rendered":"<p>Zjednotenie n\u00e1rodov Hromadn\u00e1 transform\u00e1cia &#8211; bez hran\u00edc Publikum bolo v divadelnej s\u00e1le Dag Hammarskjold mal\u00e9, v stredne ve\u013ekom divadle sa podve\u010der zi\u0161lo p\u00e4\u0165desiat zamestnancov. Len dva dni predt\u00fdm bola zriaden\u00e1 a schv\u00e1len\u00e1 nov\u00e1 spolo\u010dnos\u0165 Sahad\u017ea jogy Organiz\u00e1ciou Spojen\u00fdch n\u00e1rodov a jej \u010dlenovia sa tu zhroma\u017edili, aby si vypo\u010duli svojho hlavn\u00e9ho re\u010dn\u00edka. Bol to oddych od&hellip; <br \/> <a class=\"read-more\" href=\"https:\/\/shrimataji.org\/test\/sk\/zjednotenie-narodov\/\">Read more<\/a><\/p>\n","protected":false},"author":28,"featured_media":121,"parent":0,"menu_order":0,"comment_status":"closed","ping_status":"closed","template":"","meta":{"inline_featured_image":false,"footnotes":""},"class_list":["post-12449","page","type-page","status-publish","has-post-thumbnail","hentry"],"yoast_head":"<!-- This site is optimized with the Yoast SEO plugin v27.4 - https:\/\/yoast.com\/product\/yoast-seo-wordpress\/ -->\n<title>Zjednotenie n\u00e1rodov - TEST - SMND<\/title>\n<meta name=\"robots\" content=\"noindex, follow, max-snippet:-1, max-image-preview:large, max-video-preview:-1\" \/>\n<meta property=\"og:locale\" content=\"en_US\" \/>\n<meta property=\"og:type\" content=\"article\" \/>\n<meta property=\"og:title\" content=\"Zjednotenie n\u00e1rodov - TEST - SMND\" \/>\n<meta property=\"og:description\" content=\"Zjednotenie n\u00e1rodov Hromadn\u00e1 transform\u00e1cia &#8211; bez hran\u00edc Publikum bolo v divadelnej s\u00e1le Dag Hammarskjold mal\u00e9, v stredne ve\u013ekom divadle sa podve\u010der zi\u0161lo p\u00e4\u0165desiat zamestnancov. Len dva dni predt\u00fdm bola zriaden\u00e1 a schv\u00e1len\u00e1 nov\u00e1 spolo\u010dnos\u0165 Sahad\u017ea jogy Organiz\u00e1ciou Spojen\u00fdch n\u00e1rodov a jej \u010dlenovia sa tu zhroma\u017edili, aby si vypo\u010duli svojho hlavn\u00e9ho re\u010dn\u00edka. Bol to oddych od&hellip; Read more\" \/>\n<meta property=\"og:url\" content=\"https:\/\/shrimataji.org\/test\/sk\/zjednotenie-narodov\/\" \/>\n<meta property=\"og:site_name\" content=\"TEST - SMND\" \/>\n<meta property=\"article:publisher\" content=\"https:\/\/www.facebook.com\/shrimataji\" \/>\n<meta property=\"article:modified_time\" content=\"2026-01-30T17:36:35+00:00\" \/>\n<meta property=\"og:image\" content=\"https:\/\/shrimataji.org\/test\/wp-content\/uploads\/2018\/07\/media_originals\/images\/headers-general\/shri-mataji-nirmala-devi-arrives-near-vienna-austria-2009.jpg\" \/>\n\t<meta property=\"og:image:width\" content=\"990\" \/>\n\t<meta property=\"og:image:height\" content=\"350\" \/>\n\t<meta property=\"og:image:type\" content=\"image\/jpeg\" \/>\n<meta name=\"twitter:card\" content=\"summary_large_image\" \/>\n<meta name=\"twitter:site\" content=\"@shrimataji\" \/>\n<script type=\"application\/ld+json\" class=\"yoast-schema-graph\">{\"@context\":\"https:\\\/\\\/schema.org\",\"@graph\":[{\"@type\":\"WebPage\",\"@id\":\"https:\\\/\\\/shrimataji.org\\\/test\\\/sk\\\/zjednotenie-narodov\\\/\",\"url\":\"https:\\\/\\\/shrimataji.org\\\/test\\\/sk\\\/zjednotenie-narodov\\\/\",\"name\":\"Zjednotenie n\u00e1rodov - TEST - SMND\",\"isPartOf\":{\"@id\":\"https:\\\/\\\/shrimataji.org\\\/test\\\/#website\"},\"primaryImageOfPage\":{\"@id\":\"https:\\\/\\\/shrimataji.org\\\/test\\\/sk\\\/zjednotenie-narodov\\\/#primaryimage\"},\"image\":{\"@id\":\"https:\\\/\\\/shrimataji.org\\\/test\\\/sk\\\/zjednotenie-narodov\\\/#primaryimage\"},\"thumbnailUrl\":\"https:\\\/\\\/shrimataji.org\\\/test\\\/wp-content\\\/uploads\\\/2018\\\/07\\\/media_originals\\\/images\\\/headers-general\\\/shri-mataji-nirmala-devi-arrives-near-vienna-austria-2009.jpg\",\"datePublished\":\"2011-10-05T02:00:00+00:00\",\"dateModified\":\"2026-01-30T17:36:35+00:00\",\"breadcrumb\":{\"@id\":\"https:\\\/\\\/shrimataji.org\\\/test\\\/sk\\\/zjednotenie-narodov\\\/#breadcrumb\"},\"inLanguage\":\"en-US\",\"potentialAction\":[{\"@type\":\"ReadAction\",\"target\":[\"https:\\\/\\\/shrimataji.org\\\/test\\\/sk\\\/zjednotenie-narodov\\\/\"]}]},{\"@type\":\"ImageObject\",\"inLanguage\":\"en-US\",\"@id\":\"https:\\\/\\\/shrimataji.org\\\/test\\\/sk\\\/zjednotenie-narodov\\\/#primaryimage\",\"url\":\"https:\\\/\\\/shrimataji.org\\\/test\\\/wp-content\\\/uploads\\\/2018\\\/07\\\/media_originals\\\/images\\\/headers-general\\\/shri-mataji-nirmala-devi-arrives-near-vienna-austria-2009.jpg\",\"contentUrl\":\"https:\\\/\\\/shrimataji.org\\\/test\\\/wp-content\\\/uploads\\\/2018\\\/07\\\/media_originals\\\/images\\\/headers-general\\\/shri-mataji-nirmala-devi-arrives-near-vienna-austria-2009.jpg\",\"width\":990,\"height\":350},{\"@type\":\"BreadcrumbList\",\"@id\":\"https:\\\/\\\/shrimataji.org\\\/test\\\/sk\\\/zjednotenie-narodov\\\/#breadcrumb\",\"itemListElement\":[{\"@type\":\"ListItem\",\"position\":1,\"name\":\"Home\",\"item\":\"https:\\\/\\\/shrimataji.org\\\/test\\\/uk\\\/home-en\\\/\"},{\"@type\":\"ListItem\",\"position\":2,\"name\":\"Zjednotenie n\u00e1rodov\"}]},{\"@type\":\"WebSite\",\"@id\":\"https:\\\/\\\/shrimataji.org\\\/test\\\/#website\",\"url\":\"https:\\\/\\\/shrimataji.org\\\/test\\\/\",\"name\":\"Shri Mataji Nirmala Devi\",\"description\":\"A Life Dedicated to Humanity\",\"publisher\":{\"@id\":\"https:\\\/\\\/shrimataji.org\\\/test\\\/#\\\/schema\\\/person\\\/a1b3419c6585f164aa96da1ff85715d1\"},\"potentialAction\":[{\"@type\":\"SearchAction\",\"target\":{\"@type\":\"EntryPoint\",\"urlTemplate\":\"https:\\\/\\\/shrimataji.org\\\/test\\\/?s={search_term_string}\"},\"query-input\":{\"@type\":\"PropertyValueSpecification\",\"valueRequired\":true,\"valueName\":\"search_term_string\"}}],\"inLanguage\":\"en-US\"},{\"@type\":[\"Person\",\"Organization\"],\"@id\":\"https:\\\/\\\/shrimataji.org\\\/test\\\/#\\\/schema\\\/person\\\/a1b3419c6585f164aa96da1ff85715d1\",\"name\":\"Nirmala Shrivastava\",\"image\":{\"@type\":\"ImageObject\",\"inLanguage\":\"en-US\",\"@id\":\"https:\\\/\\\/shrimataji.org\\\/test\\\/wp-content\\\/uploads\\\/2023\\\/02\\\/SMO_LOGO-03.svg\",\"url\":\"https:\\\/\\\/shrimataji.org\\\/test\\\/wp-content\\\/uploads\\\/2023\\\/02\\\/SMO_LOGO-03.svg\",\"contentUrl\":\"https:\\\/\\\/shrimataji.org\\\/test\\\/wp-content\\\/uploads\\\/2023\\\/02\\\/SMO_LOGO-03.svg\",\"width\":\"1024\",\"height\":\"1024\",\"caption\":\"Nirmala Shrivastava\"},\"logo\":{\"@id\":\"https:\\\/\\\/shrimataji.org\\\/test\\\/wp-content\\\/uploads\\\/2023\\\/02\\\/SMO_LOGO-03.svg\"},\"sameAs\":[\"https:\\\/\\\/shrimataji.org\\\/test\",\"https:\\\/\\\/www.facebook.com\\\/shrimataji\",\"https:\\\/\\\/x.com\\\/shrimataji\",\"https:\\\/\\\/www.youtube.com\\\/@Shri_Mataji_Nirmala_Devi\\\/featured\"]}]}<\/script>\n<!-- \/ Yoast SEO plugin. -->","yoast_head_json":{"title":"Zjednotenie n\u00e1rodov - TEST - SMND","robots":{"index":"noindex","follow":"follow","max-snippet":"max-snippet:-1","max-image-preview":"max-image-preview:large","max-video-preview":"max-video-preview:-1"},"og_locale":"en_US","og_type":"article","og_title":"Zjednotenie n\u00e1rodov - TEST - SMND","og_description":"Zjednotenie n\u00e1rodov Hromadn\u00e1 transform\u00e1cia &#8211; bez hran\u00edc Publikum bolo v divadelnej s\u00e1le Dag Hammarskjold mal\u00e9, v stredne ve\u013ekom divadle sa podve\u010der zi\u0161lo p\u00e4\u0165desiat zamestnancov. Len dva dni predt\u00fdm bola zriaden\u00e1 a schv\u00e1len\u00e1 nov\u00e1 spolo\u010dnos\u0165 Sahad\u017ea jogy Organiz\u00e1ciou Spojen\u00fdch n\u00e1rodov a jej \u010dlenovia sa tu zhroma\u017edili, aby si vypo\u010duli svojho hlavn\u00e9ho re\u010dn\u00edka. Bol to oddych od&hellip; Read more","og_url":"https:\/\/shrimataji.org\/test\/sk\/zjednotenie-narodov\/","og_site_name":"TEST - SMND","article_publisher":"https:\/\/www.facebook.com\/shrimataji","article_modified_time":"2026-01-30T17:36:35+00:00","og_image":[{"width":990,"height":350,"url":"https:\/\/shrimataji.org\/test\/wp-content\/uploads\/2018\/07\/media_originals\/images\/headers-general\/shri-mataji-nirmala-devi-arrives-near-vienna-austria-2009.jpg","type":"image\/jpeg"}],"twitter_card":"summary_large_image","twitter_site":"@shrimataji","schema":{"@context":"https:\/\/schema.org","@graph":[{"@type":"WebPage","@id":"https:\/\/shrimataji.org\/test\/sk\/zjednotenie-narodov\/","url":"https:\/\/shrimataji.org\/test\/sk\/zjednotenie-narodov\/","name":"Zjednotenie n\u00e1rodov - TEST - SMND","isPartOf":{"@id":"https:\/\/shrimataji.org\/test\/#website"},"primaryImageOfPage":{"@id":"https:\/\/shrimataji.org\/test\/sk\/zjednotenie-narodov\/#primaryimage"},"image":{"@id":"https:\/\/shrimataji.org\/test\/sk\/zjednotenie-narodov\/#primaryimage"},"thumbnailUrl":"https:\/\/shrimataji.org\/test\/wp-content\/uploads\/2018\/07\/media_originals\/images\/headers-general\/shri-mataji-nirmala-devi-arrives-near-vienna-austria-2009.jpg","datePublished":"2011-10-05T02:00:00+00:00","dateModified":"2026-01-30T17:36:35+00:00","breadcrumb":{"@id":"https:\/\/shrimataji.org\/test\/sk\/zjednotenie-narodov\/#breadcrumb"},"inLanguage":"en-US","potentialAction":[{"@type":"ReadAction","target":["https:\/\/shrimataji.org\/test\/sk\/zjednotenie-narodov\/"]}]},{"@type":"ImageObject","inLanguage":"en-US","@id":"https:\/\/shrimataji.org\/test\/sk\/zjednotenie-narodov\/#primaryimage","url":"https:\/\/shrimataji.org\/test\/wp-content\/uploads\/2018\/07\/media_originals\/images\/headers-general\/shri-mataji-nirmala-devi-arrives-near-vienna-austria-2009.jpg","contentUrl":"https:\/\/shrimataji.org\/test\/wp-content\/uploads\/2018\/07\/media_originals\/images\/headers-general\/shri-mataji-nirmala-devi-arrives-near-vienna-austria-2009.jpg","width":990,"height":350},{"@type":"BreadcrumbList","@id":"https:\/\/shrimataji.org\/test\/sk\/zjednotenie-narodov\/#breadcrumb","itemListElement":[{"@type":"ListItem","position":1,"name":"Home","item":"https:\/\/shrimataji.org\/test\/uk\/home-en\/"},{"@type":"ListItem","position":2,"name":"Zjednotenie n\u00e1rodov"}]},{"@type":"WebSite","@id":"https:\/\/shrimataji.org\/test\/#website","url":"https:\/\/shrimataji.org\/test\/","name":"Shri Mataji Nirmala Devi","description":"A Life Dedicated to Humanity","publisher":{"@id":"https:\/\/shrimataji.org\/test\/#\/schema\/person\/a1b3419c6585f164aa96da1ff85715d1"},"potentialAction":[{"@type":"SearchAction","target":{"@type":"EntryPoint","urlTemplate":"https:\/\/shrimataji.org\/test\/?s={search_term_string}"},"query-input":{"@type":"PropertyValueSpecification","valueRequired":true,"valueName":"search_term_string"}}],"inLanguage":"en-US"},{"@type":["Person","Organization"],"@id":"https:\/\/shrimataji.org\/test\/#\/schema\/person\/a1b3419c6585f164aa96da1ff85715d1","name":"Nirmala Shrivastava","image":{"@type":"ImageObject","inLanguage":"en-US","@id":"https:\/\/shrimataji.org\/test\/wp-content\/uploads\/2023\/02\/SMO_LOGO-03.svg","url":"https:\/\/shrimataji.org\/test\/wp-content\/uploads\/2023\/02\/SMO_LOGO-03.svg","contentUrl":"https:\/\/shrimataji.org\/test\/wp-content\/uploads\/2023\/02\/SMO_LOGO-03.svg","width":"1024","height":"1024","caption":"Nirmala Shrivastava"},"logo":{"@id":"https:\/\/shrimataji.org\/test\/wp-content\/uploads\/2023\/02\/SMO_LOGO-03.svg"},"sameAs":["https:\/\/shrimataji.org\/test","https:\/\/www.facebook.com\/shrimataji","https:\/\/x.com\/shrimataji","https:\/\/www.youtube.com\/@Shri_Mataji_Nirmala_Devi\/featured"]}]}},"lang":"sk","translations":{"sk":12449,"ur":37530,"en":445,"am":18105,"th":20104,"hu":19602,"ar":17001,"sq":18506,"zh":17403,"tr":10228,"pt":10435,"de":10710,"fr":10808,"it":10906,"es":11002,"ja":11300,"ru":11488,"bn":11680,"te":11788,"sw":11911,"he":12059,"el":12351,"fa":12547,"fi":12645,"bg":13508,"ro":14583,"cs":14776,"nl":16665,"ku":16825,"be":18713,"kn":18987,"mr":20468,"uk":20761,"ml":21056,"ta":22824,"sv":23093,"gu":28928,"pa":29088,"fil":29542,"da":37837,"pl":38047,"nn":38389},"pll_sync_post":[],"_links":{"self":[{"href":"https:\/\/shrimataji.org\/test\/wp-json\/wp\/v2\/pages\/12449","targetHints":{"allow":["GET"]}}],"collection":[{"href":"https:\/\/shrimataji.org\/test\/wp-json\/wp\/v2\/pages"}],"about":[{"href":"https:\/\/shrimataji.org\/test\/wp-json\/wp\/v2\/types\/page"}],"author":[{"embeddable":true,"href":"https:\/\/shrimataji.org\/test\/wp-json\/wp\/v2\/users\/28"}],"replies":[{"embeddable":true,"href":"https:\/\/shrimataji.org\/test\/wp-json\/wp\/v2\/comments?post=12449"}],"version-history":[{"count":0,"href":"https:\/\/shrimataji.org\/test\/wp-json\/wp\/v2\/pages\/12449\/revisions"}],"wp:featuredmedia":[{"embeddable":true,"href":"https:\/\/shrimataji.org\/test\/wp-json\/wp\/v2\/media\/121"}],"wp:attachment":[{"href":"https:\/\/shrimataji.org\/test\/wp-json\/wp\/v2\/media?parent=12449"}],"curies":[{"name":"wp","href":"https:\/\/api.w.org\/{rel}","templated":true}]}}