{"id":12452,"date":"2022-03-05T07:52:48","date_gmt":"2022-03-05T07:52:48","guid":{"rendered":"https:\/\/test.shrimataji.org\/?page_id=6494"},"modified":"2026-03-11T17:04:05","modified_gmt":"2026-03-11T17:04:05","slug":"visudhi-cakra","status":"publish","type":"page","link":"https:\/\/shrimataji.org\/test\/sk\/visudhi-cakra\/","title":{"rendered":"Vi\u0161udhi \u010dakra"},"content":{"rendered":"\n\n\t<h1>Vi\u0161udhi \u010dakra<\/h1>\n<h2>Komunik\u00e1cia, seba\u00facta, diplomacia<\/h2>\n<h4>Evol\u00facia \u013eudskej spolo\u010dnosti sa vyv\u00edjala a formovala po cel\u00e9 gener\u00e1cie pomocou efekt\u00edvnych komunika\u010dn\u00fdch zru\u010dnost\u00ed. Je to Vu\u0161udhi \u010dakra, ktor\u00e1 n\u00e1m umo\u017e\u0148uje prejs\u0165 z vedomia jednotlivca k vedomiu kolekt\u00edvnemu. Je to na\u0161e spojenie s ostatn\u00fdmi a pom\u00e1ha n\u00e1m kultivova\u0165 na\u0161u citlivos\u0165 vo\u010di na\u0161im bl\u00ed\u017enym. U\u010d\u00edme sa uvedomi\u0165 si d\u00f4le\u017ei\u0165\u00fd pr\u00ednos kolekt\u00edvneho prospechu a nie individu\u00e1lneho zisku, lebo sme v\u0161etci jedno.<\/h4>\n<div class=\"su-quote su-quote-style-default\"><div class=\"su-quote-inner su-u-clearfix su-u-trim\"> \u0160ri Kr\u00ed\u0161na to povedal ve\u013emi kr\u00e1sne: &#8220;Satyam Vade, Hitam Vade, Priyam Vade.&#8221; To \u010do je pre du\u0161u prospe\u0161n\u00e9 a prin\u00e1\u0161a l\u00e1sku, to sa mus\u00ed prejavi\u0165. Niekedy n\u00e1s to m\u00f4\u017ee zrani\u0165, ale nesk\u00f4r sa uk\u00e1\u017ee, \u017ee je to prospe\u0161n\u00e9 a l\u00e1skav\u00e9. Aj ke\u010f to v\u0161etko ch\u00e1peme, zab\u00fadame, \u017ee Boh je l\u00e1ska, aj pravda je l\u00e1ska. <\/div><\/div>\n<p>\u010eal\u0161ia skvel\u00e1 vlastnos\u0165, ktor\u00e1 sa prejav\u00ed v na\u0161ej osobnosti otvoren\u00edm tejto \u010dakry je zmysel pre diplomaciu. Ako diplomati ovl\u00e1dneme umenie pr\u00edjemnej komunik\u00e1cie, nie pre svoj osobn\u00fd prospech, alebo pre moc, \u010di peniaze, ale pre vy\u0161\u0161ie dobro. Ak meditujeme na t\u00fato piatu \u010dakru, pom\u00f4\u017ee n\u00e1m to rie\u0161i\u0165 spont\u00e1nne a \u00fa\u010d\u00ednne v\u0161etky na\u0161e vz\u0165ahy.<\/p>\n\t\t<iframe loading=\"lazy\" title=\"Vishuddhi Chakra\" width=\"1920\" height=\"1080\" src=\"https:\/\/www.youtube.com\/embed\/LLi3R16u62Y?feature=oembed\" frameborder=\"0\" allow=\"accelerometer; autoplay; clipboard-write; encrypted-media; gyroscope; picture-in-picture; web-share\" allowfullscreen><\/iframe>\t\n\t<strong>Umiestnenie:<\/strong><br \/>\nNa\u0161a Vi\u0161udhi \u010dakra sa nach\u00e1dza na krku, v zadnej \u010dasti chrbtice, pribli\u017ene na \u00farovni pliec. Vibr\u00e1cie Vi\u0161udhi m\u00f4\u017eeme c\u00edti\u0165 na ukazov\u00e1koch oboch r\u00fak. Lav\u00fd ukazov\u00e1k je spojen\u00fd s \u013eavou Vi\u0161udhi, zatia\u013e \u010do prav\u00fd je spojen\u00fd s pravou Vi\u0161udhi.\n<strong>Farba:<\/strong><br \/>\nVi\u0161udhi \u010dakra m\u00e1 svetlo modr\u00fa farbu. S\u00favis\u00ed s elementom vzduchu- \u00e9ter.\n<p><strong>Kvality Vi\u0161udhi \u010dakry zah\u0155\u0148aj\u00fa:<\/strong><\/p>\n<ul>\n<li>Pozit\u00edvne vz\u0165ahy<\/li>\n<li>Efektivna komunik\u00e1cia<\/li>\n<li>Slu\u0161nos\u0165<\/li>\n<li>Diplomacia<\/li>\n<li>Zmysel pre kolekt\u00edv<\/li>\n<li>pr\u00edjemn\u00e1 osobnos\u0165<\/li>\n<\/ul>\n<figure itemscope itemtype=\"https:\/\/schema.org\/ImageObject\">\n\t\t\t\t<img decoding=\"async\" src=\"https:\/\/shrimataji.org\/test\/wp-content\/uploads\/2025\/12\/sk-5-Vishuddhi-01-scaled.png\" alt=\"sk-5-Vishuddhi-01\" height=\"2560\" width=\"2402\" title=\"sk-5-Vishuddhi-01\" onerror=\"this.style.display='none'\" loading=\"lazy\" \/>\n\t<\/figure>\n\t<p>Medzi z\u00e1kladn\u00e9 kvality tejto \u010dakry patr\u00ed efekt\u00edvna komunik\u00e1cia a zmysel pre kolektivitu. Ke\u010f je toto centrum v rovnov\u00e1he c\u00edtime sa v harm\u00f3nii so v\u0161etk\u00fdmi \u013eu\u010fmi.<\/p>\n<p>Vi\u0161udhi \u010dakru si rozv\u00fdjame pomocou pravidelnej medit\u00e1cie a tak sa rozv\u00fdjaj\u00fa na\u0161e diplomatikc\u00e9 schopnosti, objavujeme priate\u013esk\u00fd, jemn\u00fd sp\u00f4sob komunik\u00e1cie s ostatn\u00fdmi, ktor\u00fd je prirodzen\u00fd, bez toho aby sme nav\u0161tevovali kurzy , ktor\u00e9 s\u00fa na to zameran\u00e9. Rozvoj tejto \u010dakry n\u00e1m tie\u017e d\u00e1va schopnos\u0165 vidie\u0165 svoje nedostatky a pr\u00edjma\u0165 v\u00fdzvy bez pocitov viny a menejcennosti, tak\u017ee m\u00f4\u017eeme n\u00e1js\u0165 vhodn\u00e9 rie\u0161enie prospe\u0161n\u00e9 pre v\u0161etk\u00fdch.<\/p>\n<strong>v\u00fdhody a sk\u00fasenosti:<\/strong><br \/>\nVi\u0161udhi \u010dakra riadi krk, hrdlo, ramen\u00e1, tv\u00e1r, u\u0161i, \u00fasta a zuby. D\u00e1va n\u00e1m komunika\u010dn\u00e9 schopnosti.\n<p>Ke\u010f je v rovnov\u00e1he, sme v rovnov\u00e1he aj my a tak pristupujeme k udalostiam \u017eivota a probl\u00e9mom s pokojom. Sme optimistick\u00fd aj v \u0165a\u017e\u0161\u00edch chv\u00ed\u013each. Vi\u0161udhi \u010dakra n\u00e1m umo\u017e\u0148uje uvedomi\u0165 si, \u017ee vonkaj\u0161ie udalosti existuj\u00fa mimo n\u00e1s a tak ich m\u00f4\u017eeme vidie\u0165 bez rozru\u0161enia.<\/p>\n<p>Je d\u00f4le\u017eit\u00e9 udr\u017eova\u0165 t\u00fato \u010dakru v rovnov\u00e1he, lebo je nevyhnutn\u00e1 pre n\u00e1\u0161 duchovn\u00fd rast a tie\u017e pre pozit\u00edvne a dobr\u00e9 vz\u0165ahy. T\u00e1to \u010dakra zlep\u0161uje re\u0161pekt a diplomaciu. Praktizovanie medit\u00e1cie Sahad\u017ea jogy vy\u017eivuje t\u00fato \u010dakru a chr\u00e1ni jej \u013eav\u00fa i prav\u00fa \u010das\u0165. T\u00e1to \u010dakra prosperuje ak viacej chv\u00e1lime ako kritizujeme a hovor\u00edme zo srdca.<\/p>\n<strong>Sebahodnotenie:<\/strong><br \/>\nAk je \u010dakra v nerovnov\u00e1he, m\u00f4\u017eeme poci\u0165ova\u0165 nedostatok seba\u00facty, pocity viny, alebo ob\u010das prehnane reagujeme a sme agres\u00edvny. Pr\u00edli\u0161n\u00e9 rozpr\u00e1vanie, \u010di kri\u010danie m\u00f4\u017eu zablokova\u0165 prav\u00fa stranu tejto \u010dakry. Boles\u0165 \u010di infekcia v u\u0161iach a zuboch m\u00f4\u017ee nazna\u010dova\u0165 zablokovanie tejto \u010dakry. Pocity viny sa m\u00f4\u017eu prejavi\u0165 ako bolestiv\u00e9 a nap\u00e4t\u00e9 ramen\u00e1 a krk. M\u00f4\u017ee \u00eds\u0165 o nerovnov\u00e1hu v \u013eavej Vi\u0161udhi. Opakovan\u00e9 prechladnutia, infekcie dut\u00edn a priedu\u0161iek nazna\u010duj\u00fa nerovnov\u00e1hu pravej Vi\u0161udhi. Nespr\u00e1vne \u010di nez\u00e1konn\u00e9 vz\u0165ahy m\u00f4\u017eu tie\u017e negat\u00edvne vpl\u00fdva\u0165 na t\u00fato \u010dakru.\n<p><strong>Pr\u00ed\u010diny po\u0161kodenia:<\/strong><\/p>\n<ul>\n<li>Vina, nedostatok seba\u00facty,<\/li>\n<li>nadmern\u00e9 a zbyto\u010dne agres\u00edvne pou\u017e\u00edvanie hlasu,<\/li>\n<li>sarkazmus, zvy\u0161ovanie hlasu, hnev, pref\u00edkanos\u0165.<\/li>\n<\/ul>\n<strong>Ako da\u0165 do rovnov\u00e1hy:<\/strong><br \/>\nAk chcete da\u0165 svoju Vi\u0161udhi do rovnov\u00e1hy, umiestnite pred \u0148u prav\u00fa ruku nieko\u013eko centimetrov od nej. Dla\u0148 smeruje do vn\u00fatra, ak energia z va\u0161ej dlani pr\u00fadi, ot\u00e1\u010dajte okolo \u010dakry v smere hodinov\u00fdch ru\u010di\u010diek. Opakujte nieko\u013eko kr\u00e1t.\n<p>Pri \u010disten\u00ed \u013eavej Vi\u0161udhi dr\u017ete plame\u0148 svie\u010dky nieko\u013eko centimetrov na \u013eavej strane krku. Pohybujte svie\u010dkou jemne a pomaly v smere hodinov\u00fdch ru\u010di\u010diek okolo \u010dakry.<\/p>\n\n","protected":false},"excerpt":{"rendered":"<p>Vi\u0161udhi \u010dakra Komunik\u00e1cia, seba\u00facta, diplomacia Evol\u00facia \u013eudskej spolo\u010dnosti sa vyv\u00edjala a formovala po cel\u00e9 gener\u00e1cie pomocou efekt\u00edvnych komunika\u010dn\u00fdch zru\u010dnost\u00ed. Je to Vu\u0161udhi \u010dakra, ktor\u00e1 n\u00e1m umo\u017e\u0148uje prejs\u0165 z vedomia jednotlivca k vedomiu kolekt\u00edvnemu. Je to na\u0161e spojenie s ostatn\u00fdmi a pom\u00e1ha n\u00e1m kultivova\u0165 na\u0161u citlivos\u0165 vo\u010di na\u0161im bl\u00ed\u017enym. U\u010d\u00edme sa uvedomi\u0165 si d\u00f4le\u017ei\u0165\u00fd pr\u00ednos kolekt\u00edvneho&hellip; <br \/> <a class=\"read-more\" href=\"https:\/\/shrimataji.org\/test\/sk\/visudhi-cakra\/\">Read more<\/a><\/p>\n","protected":false},"author":28,"featured_media":9255,"parent":0,"menu_order":0,"comment_status":"closed","ping_status":"closed","template":"","meta":{"inline_featured_image":false,"footnotes":""},"class_list":["post-12452","page","type-page","status-publish","has-post-thumbnail","hentry"],"yoast_head":"<!-- This site is optimized with the Yoast SEO plugin v27.4 - https:\/\/yoast.com\/product\/yoast-seo-wordpress\/ -->\n<title>Vi\u0161udhi \u010dakra - TEST - SMND<\/title>\n<meta name=\"robots\" content=\"noindex, follow, max-snippet:-1, max-image-preview:large, max-video-preview:-1\" \/>\n<meta property=\"og:locale\" content=\"en_US\" \/>\n<meta property=\"og:type\" content=\"article\" \/>\n<meta property=\"og:title\" content=\"Vi\u0161udhi \u010dakra - TEST - SMND\" \/>\n<meta property=\"og:description\" content=\"Vi\u0161udhi \u010dakra Komunik\u00e1cia, seba\u00facta, diplomacia Evol\u00facia \u013eudskej spolo\u010dnosti sa vyv\u00edjala a formovala po cel\u00e9 gener\u00e1cie pomocou efekt\u00edvnych komunika\u010dn\u00fdch zru\u010dnost\u00ed. Je to Vu\u0161udhi \u010dakra, ktor\u00e1 n\u00e1m umo\u017e\u0148uje prejs\u0165 z vedomia jednotlivca k vedomiu kolekt\u00edvnemu. Je to na\u0161e spojenie s ostatn\u00fdmi a pom\u00e1ha n\u00e1m kultivova\u0165 na\u0161u citlivos\u0165 vo\u010di na\u0161im bl\u00ed\u017enym. U\u010d\u00edme sa uvedomi\u0165 si d\u00f4le\u017ei\u0165\u00fd pr\u00ednos kolekt\u00edvneho&hellip; Read more\" \/>\n<meta property=\"og:url\" content=\"https:\/\/shrimataji.org\/test\/sk\/visudhi-cakra\/\" \/>\n<meta property=\"og:site_name\" content=\"TEST - SMND\" \/>\n<meta property=\"article:publisher\" content=\"https:\/\/www.facebook.com\/shrimataji\" \/>\n<meta property=\"article:modified_time\" content=\"2026-03-11T17:04:05+00:00\" \/>\n<meta property=\"og:image\" content=\"https:\/\/shrimataji.org\/test\/wp-content\/uploads\/2023\/03\/20_Banner-SY-Chakra-vishu-scaled.jpg\" \/>\n\t<meta property=\"og:image:width\" content=\"2560\" \/>\n\t<meta property=\"og:image:height\" content=\"905\" \/>\n\t<meta property=\"og:image:type\" content=\"image\/jpeg\" \/>\n<meta name=\"twitter:card\" content=\"summary_large_image\" \/>\n<meta name=\"twitter:site\" content=\"@shrimataji\" \/>\n<meta name=\"twitter:label1\" content=\"Est. reading time\" \/>\n\t<meta name=\"twitter:data1\" content=\"4 minutes\" \/>\n<script type=\"application\/ld+json\" class=\"yoast-schema-graph\">{\"@context\":\"https:\\\/\\\/schema.org\",\"@graph\":[{\"@type\":\"WebPage\",\"@id\":\"https:\\\/\\\/shrimataji.org\\\/test\\\/sk\\\/visudhi-cakra\\\/\",\"url\":\"https:\\\/\\\/shrimataji.org\\\/test\\\/sk\\\/visudhi-cakra\\\/\",\"name\":\"Vi\u0161udhi \u010dakra - TEST - SMND\",\"isPartOf\":{\"@id\":\"https:\\\/\\\/shrimataji.org\\\/test\\\/#website\"},\"primaryImageOfPage\":{\"@id\":\"https:\\\/\\\/shrimataji.org\\\/test\\\/sk\\\/visudhi-cakra\\\/#primaryimage\"},\"image\":{\"@id\":\"https:\\\/\\\/shrimataji.org\\\/test\\\/sk\\\/visudhi-cakra\\\/#primaryimage\"},\"thumbnailUrl\":\"https:\\\/\\\/shrimataji.org\\\/test\\\/wp-content\\\/uploads\\\/2023\\\/03\\\/20_Banner-SY-Chakra-vishu-scaled.jpg\",\"datePublished\":\"2022-03-05T07:52:48+00:00\",\"dateModified\":\"2026-03-11T17:04:05+00:00\",\"breadcrumb\":{\"@id\":\"https:\\\/\\\/shrimataji.org\\\/test\\\/sk\\\/visudhi-cakra\\\/#breadcrumb\"},\"inLanguage\":\"en-US\",\"potentialAction\":[{\"@type\":\"ReadAction\",\"target\":[\"https:\\\/\\\/shrimataji.org\\\/test\\\/sk\\\/visudhi-cakra\\\/\"]}]},{\"@type\":\"ImageObject\",\"inLanguage\":\"en-US\",\"@id\":\"https:\\\/\\\/shrimataji.org\\\/test\\\/sk\\\/visudhi-cakra\\\/#primaryimage\",\"url\":\"https:\\\/\\\/shrimataji.org\\\/test\\\/wp-content\\\/uploads\\\/2023\\\/03\\\/20_Banner-SY-Chakra-vishu-scaled.jpg\",\"contentUrl\":\"https:\\\/\\\/shrimataji.org\\\/test\\\/wp-content\\\/uploads\\\/2023\\\/03\\\/20_Banner-SY-Chakra-vishu-scaled.jpg\",\"width\":2560,\"height\":905},{\"@type\":\"BreadcrumbList\",\"@id\":\"https:\\\/\\\/shrimataji.org\\\/test\\\/sk\\\/visudhi-cakra\\\/#breadcrumb\",\"itemListElement\":[{\"@type\":\"ListItem\",\"position\":1,\"name\":\"Home\",\"item\":\"https:\\\/\\\/shrimataji.org\\\/test\\\/uk\\\/home-en\\\/\"},{\"@type\":\"ListItem\",\"position\":2,\"name\":\"Vi\u0161udhi \u010dakra\"}]},{\"@type\":\"WebSite\",\"@id\":\"https:\\\/\\\/shrimataji.org\\\/test\\\/#website\",\"url\":\"https:\\\/\\\/shrimataji.org\\\/test\\\/\",\"name\":\"Shri Mataji Nirmala Devi\",\"description\":\"A Life Dedicated to Humanity\",\"publisher\":{\"@id\":\"https:\\\/\\\/shrimataji.org\\\/test\\\/#\\\/schema\\\/person\\\/a1b3419c6585f164aa96da1ff85715d1\"},\"potentialAction\":[{\"@type\":\"SearchAction\",\"target\":{\"@type\":\"EntryPoint\",\"urlTemplate\":\"https:\\\/\\\/shrimataji.org\\\/test\\\/?s={search_term_string}\"},\"query-input\":{\"@type\":\"PropertyValueSpecification\",\"valueRequired\":true,\"valueName\":\"search_term_string\"}}],\"inLanguage\":\"en-US\"},{\"@type\":[\"Person\",\"Organization\"],\"@id\":\"https:\\\/\\\/shrimataji.org\\\/test\\\/#\\\/schema\\\/person\\\/a1b3419c6585f164aa96da1ff85715d1\",\"name\":\"Nirmala Shrivastava\",\"image\":{\"@type\":\"ImageObject\",\"inLanguage\":\"en-US\",\"@id\":\"https:\\\/\\\/shrimataji.org\\\/test\\\/wp-content\\\/uploads\\\/2023\\\/02\\\/SMO_LOGO-03.svg\",\"url\":\"https:\\\/\\\/shrimataji.org\\\/test\\\/wp-content\\\/uploads\\\/2023\\\/02\\\/SMO_LOGO-03.svg\",\"contentUrl\":\"https:\\\/\\\/shrimataji.org\\\/test\\\/wp-content\\\/uploads\\\/2023\\\/02\\\/SMO_LOGO-03.svg\",\"width\":\"1024\",\"height\":\"1024\",\"caption\":\"Nirmala Shrivastava\"},\"logo\":{\"@id\":\"https:\\\/\\\/shrimataji.org\\\/test\\\/wp-content\\\/uploads\\\/2023\\\/02\\\/SMO_LOGO-03.svg\"},\"sameAs\":[\"https:\\\/\\\/shrimataji.org\\\/test\",\"https:\\\/\\\/www.facebook.com\\\/shrimataji\",\"https:\\\/\\\/x.com\\\/shrimataji\",\"https:\\\/\\\/www.youtube.com\\\/@Shri_Mataji_Nirmala_Devi\\\/featured\"]}]}<\/script>\n<!-- \/ Yoast SEO plugin. -->","yoast_head_json":{"title":"Vi\u0161udhi \u010dakra - TEST - SMND","robots":{"index":"noindex","follow":"follow","max-snippet":"max-snippet:-1","max-image-preview":"max-image-preview:large","max-video-preview":"max-video-preview:-1"},"og_locale":"en_US","og_type":"article","og_title":"Vi\u0161udhi \u010dakra - TEST - SMND","og_description":"Vi\u0161udhi \u010dakra Komunik\u00e1cia, seba\u00facta, diplomacia Evol\u00facia \u013eudskej spolo\u010dnosti sa vyv\u00edjala a formovala po cel\u00e9 gener\u00e1cie pomocou efekt\u00edvnych komunika\u010dn\u00fdch zru\u010dnost\u00ed. Je to Vu\u0161udhi \u010dakra, ktor\u00e1 n\u00e1m umo\u017e\u0148uje prejs\u0165 z vedomia jednotlivca k vedomiu kolekt\u00edvnemu. Je to na\u0161e spojenie s ostatn\u00fdmi a pom\u00e1ha n\u00e1m kultivova\u0165 na\u0161u citlivos\u0165 vo\u010di na\u0161im bl\u00ed\u017enym. U\u010d\u00edme sa uvedomi\u0165 si d\u00f4le\u017ei\u0165\u00fd pr\u00ednos kolekt\u00edvneho&hellip; Read more","og_url":"https:\/\/shrimataji.org\/test\/sk\/visudhi-cakra\/","og_site_name":"TEST - SMND","article_publisher":"https:\/\/www.facebook.com\/shrimataji","article_modified_time":"2026-03-11T17:04:05+00:00","og_image":[{"width":2560,"height":905,"url":"https:\/\/shrimataji.org\/test\/wp-content\/uploads\/2023\/03\/20_Banner-SY-Chakra-vishu-scaled.jpg","type":"image\/jpeg"}],"twitter_card":"summary_large_image","twitter_site":"@shrimataji","twitter_misc":{"Est. reading time":"4 minutes"},"schema":{"@context":"https:\/\/schema.org","@graph":[{"@type":"WebPage","@id":"https:\/\/shrimataji.org\/test\/sk\/visudhi-cakra\/","url":"https:\/\/shrimataji.org\/test\/sk\/visudhi-cakra\/","name":"Vi\u0161udhi \u010dakra - TEST - SMND","isPartOf":{"@id":"https:\/\/shrimataji.org\/test\/#website"},"primaryImageOfPage":{"@id":"https:\/\/shrimataji.org\/test\/sk\/visudhi-cakra\/#primaryimage"},"image":{"@id":"https:\/\/shrimataji.org\/test\/sk\/visudhi-cakra\/#primaryimage"},"thumbnailUrl":"https:\/\/shrimataji.org\/test\/wp-content\/uploads\/2023\/03\/20_Banner-SY-Chakra-vishu-scaled.jpg","datePublished":"2022-03-05T07:52:48+00:00","dateModified":"2026-03-11T17:04:05+00:00","breadcrumb":{"@id":"https:\/\/shrimataji.org\/test\/sk\/visudhi-cakra\/#breadcrumb"},"inLanguage":"en-US","potentialAction":[{"@type":"ReadAction","target":["https:\/\/shrimataji.org\/test\/sk\/visudhi-cakra\/"]}]},{"@type":"ImageObject","inLanguage":"en-US","@id":"https:\/\/shrimataji.org\/test\/sk\/visudhi-cakra\/#primaryimage","url":"https:\/\/shrimataji.org\/test\/wp-content\/uploads\/2023\/03\/20_Banner-SY-Chakra-vishu-scaled.jpg","contentUrl":"https:\/\/shrimataji.org\/test\/wp-content\/uploads\/2023\/03\/20_Banner-SY-Chakra-vishu-scaled.jpg","width":2560,"height":905},{"@type":"BreadcrumbList","@id":"https:\/\/shrimataji.org\/test\/sk\/visudhi-cakra\/#breadcrumb","itemListElement":[{"@type":"ListItem","position":1,"name":"Home","item":"https:\/\/shrimataji.org\/test\/uk\/home-en\/"},{"@type":"ListItem","position":2,"name":"Vi\u0161udhi \u010dakra"}]},{"@type":"WebSite","@id":"https:\/\/shrimataji.org\/test\/#website","url":"https:\/\/shrimataji.org\/test\/","name":"Shri Mataji Nirmala Devi","description":"A Life Dedicated to Humanity","publisher":{"@id":"https:\/\/shrimataji.org\/test\/#\/schema\/person\/a1b3419c6585f164aa96da1ff85715d1"},"potentialAction":[{"@type":"SearchAction","target":{"@type":"EntryPoint","urlTemplate":"https:\/\/shrimataji.org\/test\/?s={search_term_string}"},"query-input":{"@type":"PropertyValueSpecification","valueRequired":true,"valueName":"search_term_string"}}],"inLanguage":"en-US"},{"@type":["Person","Organization"],"@id":"https:\/\/shrimataji.org\/test\/#\/schema\/person\/a1b3419c6585f164aa96da1ff85715d1","name":"Nirmala Shrivastava","image":{"@type":"ImageObject","inLanguage":"en-US","@id":"https:\/\/shrimataji.org\/test\/wp-content\/uploads\/2023\/02\/SMO_LOGO-03.svg","url":"https:\/\/shrimataji.org\/test\/wp-content\/uploads\/2023\/02\/SMO_LOGO-03.svg","contentUrl":"https:\/\/shrimataji.org\/test\/wp-content\/uploads\/2023\/02\/SMO_LOGO-03.svg","width":"1024","height":"1024","caption":"Nirmala Shrivastava"},"logo":{"@id":"https:\/\/shrimataji.org\/test\/wp-content\/uploads\/2023\/02\/SMO_LOGO-03.svg"},"sameAs":["https:\/\/shrimataji.org\/test","https:\/\/www.facebook.com\/shrimataji","https:\/\/x.com\/shrimataji","https:\/\/www.youtube.com\/@Shri_Mataji_Nirmala_Devi\/featured"]}]}},"lang":"sk","translations":{"sk":12452,"ur":37534,"en":6494,"am":18109,"th":20110,"hu":19608,"ar":17005,"sq":18510,"zh":17407,"hi":8265,"tr":10231,"pt":10438,"de":10713,"fr":10811,"it":10909,"es":11005,"ja":11303,"ru":11491,"bn":11683,"te":11791,"sw":11914,"he":12062,"el":12354,"fa":12550,"fi":12648,"bg":13368,"ro":14442,"cs":14635,"nl":16669,"ku":16829,"be":18717,"kn":18991,"mr":20474,"uk":20767,"ml":21062,"ta":22828,"sv":23097,"gu":28932,"pa":29092,"fil":29546,"da":37841,"pl":38051,"nn":38393},"pll_sync_post":[],"_links":{"self":[{"href":"https:\/\/shrimataji.org\/test\/wp-json\/wp\/v2\/pages\/12452","targetHints":{"allow":["GET"]}}],"collection":[{"href":"https:\/\/shrimataji.org\/test\/wp-json\/wp\/v2\/pages"}],"about":[{"href":"https:\/\/shrimataji.org\/test\/wp-json\/wp\/v2\/types\/page"}],"author":[{"embeddable":true,"href":"https:\/\/shrimataji.org\/test\/wp-json\/wp\/v2\/users\/28"}],"replies":[{"embeddable":true,"href":"https:\/\/shrimataji.org\/test\/wp-json\/wp\/v2\/comments?post=12452"}],"version-history":[{"count":0,"href":"https:\/\/shrimataji.org\/test\/wp-json\/wp\/v2\/pages\/12452\/revisions"}],"wp:featuredmedia":[{"embeddable":true,"href":"https:\/\/shrimataji.org\/test\/wp-json\/wp\/v2\/media\/9255"}],"wp:attachment":[{"href":"https:\/\/shrimataji.org\/test\/wp-json\/wp\/v2\/media?parent=12452"}],"curies":[{"name":"wp","href":"https:\/\/api.w.org\/{rel}","templated":true}]}}