{"id":12555,"date":"2011-12-05T02:00:00","date_gmt":"2011-12-05T02:00:00","guid":{"rendered":"http:\/\/testwordpress.nirmalnagari.org\/smnd\/index.php\/a-town-hall-for-the-world\/"},"modified":"2025-04-22T20:08:42","modified_gmt":"2025-04-22T20:08:42","slug":"kokoontumispaikka-koko-maailmalle","status":"publish","type":"page","link":"https:\/\/shrimataji.org\/test\/fi\/kokoontumispaikka-koko-maailmalle\/","title":{"rendered":"Kokoontumispaikka koko maailmalle"},"content":{"rendered":"\n\n\t<h1>Kokoontumispaikka koko maailmalle<\/h1>\n<h2>Siell\u00e4 syd\u00e4met kohtaavat<\/h2>\n\t\t\t\t<img loading=\"lazy\" decoding=\"async\" src=\"https:\/\/shrimataji.org\/test\/wp-content\/uploads\/2018\/07\/media_originals\/images\/geographic-locations\/caxton-hall-london-uk.jpg\" alt=\"Caxton Hall, Lontoo\" itemprop=\"image\" height=\"2000\" width=\"1500\" title=\"caxton-hall-london-uk\" onerror=\"this.style.display='none'\"  \/>\n\t\tCaxton Hall, Lontoo\n\t<p>Caxton Hall sijaitsee Westminsterin kaupunginosassa Lontoon keskustassa. Se rakennettiin 1800-luvun puoliv\u00e4liss\u00e4, ja se on nimetty kirjapainokoneen keksij\u00e4n William Caxtonin mukaan, joka mullisti tiedon saatavuuden. Sill\u00e4 on pitk\u00e4 historia paikkana, jossa on vaihdettu ja tutkittu rohkeita uusia ajatuksia.<\/p>\n<p>Alun perin Caxton Hall oli hallintorakennus, kaupungintalo. Sill\u00e4 on kuitenkin ollut vuosien varrella kaksi teht\u00e4v\u00e4\u00e4. T\u00e4\u00e4ll\u00e4 on pidetty siviilivihkimisi\u00e4 ja vihitty avioon julkisuuden henkil\u00f6it\u00e4 sek\u00e4 j\u00e4rjestetty \u00e4\u00e4nekk\u00e4it\u00e4 kokouksia ja kokoontumisia, tehty vetoomuksia, vaadittu yhteiskunnallisia uudistuksia ja her\u00e4tetty poliittista aktivismia. Caxton Hallin ovien kautta monet 1900-luvun suuret ideat ja liikkeet l\u00f6ysiv\u00e4t tiens\u00e4 maailmalle. Naisten \u00e4\u00e4nioikeusliike, sosialismi ja ensimm\u00e4inen yleisafrikkalainen konferenssi, jossa k\u00e4siteltiin orjuuden j\u00e4lkiseurauksia, ovat vain joitakin esimerkkej\u00e4 siit\u00e4, mit\u00e4 t\u00e4\u00e4ll\u00e4 tapahtui.<\/p>\n\t<p>Siksi on mielenkiintoista, ett\u00e4 Shri Mataji Nirmala Devi valitsi juuri t\u00e4m\u00e4n salin, kun h\u00e4n vuonna 1977 p\u00e4\u00e4tti tuoda viestins\u00e4 julkisuuteen. Vuosina 1977-1983 Shri Mataji esiintyi t\u00e4\u00e4ll\u00e4 l\u00e4hes sata kertaa, mik\u00e4 tarkoitti merkitt\u00e4v\u00e4\u00e4 laajemman yleis\u00f6n tavoittamista. H\u00e4nen sanansa olivat tarkoitettu kaikille. Kutsu oli avoin ja sis\u00e4\u00e4np\u00e4\u00e4sy ilmainen.<\/p>\n\t<p>Suuri bengalilainen runoilija ja Nobel-palkinnon saaja Rabindranath Tagore piti t\u00e4\u00e4ll\u00e4 kes\u00e4ll\u00e4 1913 menestyksekk\u00e4\u00e4n luentosarjan. Luentojen otsikot olivat muun muassa &#8220;Yksil\u00f6n suhde maailmankaikkeuteen&#8221;, &#8220;Sielun tietoisuus&#8221;, &#8220;Oivallus rakkaudessa&#8221; ja &#8220;Itsen ongelma&#8221;. N\u00e4m\u00e4 olivat aiheita, joista Shri Mataji itsekin puhui noin seitsem\u00e4nkymment\u00e4 vuotta my\u00f6hemmin. Kuten edelt\u00e4j\u00e4ns\u00e4, H\u00e4n halusi jakaa muinaisen it\u00e4maisen tiedon l\u00e4nsimaisen yleis\u00f6n kanssa ja vied\u00e4 heid\u00e4t matkalle sisimp\u00e4\u00e4ns\u00e4.<\/p>\n<h5>Sis\u00e4ll\u00e4mme on se, miss\u00e4 paikka ja aika lakkaavat hallitsemasta ja miss\u00e4 evoluution linkit yhdistyv\u00e4t ykseyteen.<\/h5>\n<h5>Rabindranath Tagore<\/h5>\n\t\t\t\t<img loading=\"lazy\" decoding=\"async\" src=\"https:\/\/shrimataji.org\/test\/wp-content\/uploads\/2018\/07\/media_originals\/images\/people\/ravindranath-tagore-c1915.jpg\" alt=\"Rabindranath Tagore\" itemprop=\"image\" height=\"532\" width=\"395\" title=\"ravindranath-tagore-c1915\" onerror=\"this.style.display='none'\"  \/>\n\t\tRabindranath Tagore\n\t<p>Shri Matajin tapauksessa H\u00e4nen luentojensa tavoitteena ei kuitenkaan ollut vain tutkia uutta ajatusta vaan toteuttaa se. H\u00e4nen luentoihinsa liittyi aina er\u00e4s lis\u00e4elementti. Illan p\u00e4\u00e4tteeksi H\u00e4n tarjosi ihmisille aina kokemuksen itseoivalluksesta. Ohjaten heit\u00e4 syv\u00e4n meditaation hiljaisuuteen, kuulijat saivat tilaisuuden tuntea oman syvyytens\u00e4. Tagoren &#8220;Brahman oivaltaminen&#8221; oli muuttunut Shri Matajin &#8220;todellisen Itsen kokemukseksi&#8221;.<\/p>\n\t<p>J\u00e4lleen kerran vallankumouksellinen liike oli k\u00e4ynnistetty Caxton Hallin portailta. Ihmisen kyvyss\u00e4 nousta henkiselle tasolle otettiin perustavanlaatuinen askel, ja monet tunsivat syv\u00e4llisen muutoksen itsess\u00e4\u00e4n ja maailmankatsomuksessaan.<\/p>\n\t<p><img loading=\"lazy\" decoding=\"async\" src=\"https:\/\/shrimataji.org\/test\/wp-content\/uploads\/2018\/07\/media_originals\/images\/shri-mataji-with-people\/shri-mataji-nirmala-devi-clearing-technique-in-england-1024x672.jpg\" alt=\"\" width=\"1024\" height=\"672\" \/><\/p>\n\t<p>Kuuden vuoden ajan Shri Mataji puhui Caxton Hallissa ihmisille, jotka edustivat kaikkia el\u00e4m\u00e4nalueita. H\u00e4n k\u00e4ytti aikaa kaikkiin heid\u00e4n huoliinsa. H\u00e4n k\u00e4sitteli suuria kysymyksi\u00e4: &#8220;Miksi olemme t\u00e4\u00e4ll\u00e4?&#8221;, &#8220;Mik\u00e4 on el\u00e4m\u00e4ni tarkoitus?&#8221;, &#8220;Miksi Jumala on luonut meid\u00e4t?&#8221;, jopa &#8220;Onko Jumalaa olemassa?&#8221;. Lopussa kaikkia pyydettiin olemaan yhteydess\u00e4 todelliseen itseens\u00e4.<\/p>\n<p>N\u00e4in Shri Matajin julkinen ty\u00f6 l\u00e4nness\u00e4 alkoi toden teolla. T\u00e4\u00e4ll\u00e4 Caxton Hallissa kaikki olivat tervetulleita, ja se kaikkein arvokkain annettiin ilman maksua. Monet niist\u00e4, jotka saivat itseoivalluksensa, j\u00e4iv\u00e4t H\u00e4nen rinnalleen ja tukivat H\u00e4nen pyrkimyksi\u00e4\u00e4n tavoittaa mahdollisimman monta totuutta etsiv\u00e4\u00e4 ihmist\u00e4.<\/p>\n\t<p>Vuonna 1980 Shri Mataji itse sanoi: &#8220;Totuutta etsit\u00e4\u00e4n, ja monia kauppoja on avattu (ihmiset lupaavat totuutta). T\u00e4m\u00e4 ei ole kauppa. T\u00e4m\u00e4 on temppeli, ja temppelill\u00e4 on hyvin v\u00e4h\u00e4n arvoa markkinoilla. Jos teid\u00e4n t\u00e4ytyy kiivet\u00e4 seitsem\u00e4lle vuorelle p\u00e4\u00e4st\u00e4ksenne temppeliin, sill\u00e4 on paljon enemm\u00e4n arvoa. Mutta vain harvat p\u00e4\u00e4sev\u00e4t perille hengiss\u00e4. Niinp\u00e4 temppelin oli tultava Lontooseen, Caxton Halliin, puhumaan ihmisille.&#8221;<\/p>\n<p>Shri Mataji toivotti kaikki tervetulleiksi ja syleili heit\u00e4 itseoivalluksen lahjallaan.<\/p>\n<p>Tagoren sanoin: &#8220;Rakkauden korkein teht\u00e4v\u00e4 on ottaa vastaan kaikki rajoitukset ja ylitt\u00e4\u00e4 ne&#8221;, ja Shri Matajin rakkaus ja rakkauden lahja ylitt\u00e4\u00e4 kaikki esteet valaistakseen syd\u00e4men ja maailman.<\/p>\n<div class=\"su-quote su-quote-style-default\"><div class=\"su-quote-inner su-u-clearfix su-u-trim\">Totuus on mit\u00e4 se on. Emme voi muuttaa sit\u00e4. Emme voi muokata sit\u00e4. Emme voi k\u00e4sitteellist\u00e4\u00e4 sit\u00e4.<\/div><\/div>\n\t\t\t\t<img loading=\"lazy\" decoding=\"async\" src=\"https:\/\/shrimataji.org\/test\/wp-content\/uploads\/2018\/07\/media_originals\/images\/shri-mataji-with-people\/shri-mataji-nirmala-devi-bath-england-1977-759x1024.jpg\" alt=\"shri-mataji-nirmala-devi-bath-england-1977\" itemprop=\"image\" height=\"1024\" width=\"759\" title=\"shri-mataji-nirmala-devi-bath-england-1977\" onerror=\"this.style.display='none'\"  \/>\n\n","protected":false},"excerpt":{"rendered":"<p>Kokoontumispaikka koko maailmalle Siell\u00e4 syd\u00e4met kohtaavat Caxton Hall, Lontoo Caxton Hall sijaitsee Westminsterin kaupunginosassa Lontoon keskustassa. Se rakennettiin 1800-luvun puoliv\u00e4liss\u00e4, ja se on nimetty kirjapainokoneen keksij\u00e4n William Caxtonin mukaan, joka mullisti tiedon saatavuuden. Sill\u00e4 on pitk\u00e4 historia paikkana, jossa on vaihdettu ja tutkittu rohkeita uusia ajatuksia. Alun perin Caxton Hall oli hallintorakennus, kaupungintalo. Sill\u00e4 on&hellip; <br \/> <a class=\"read-more\" href=\"https:\/\/shrimataji.org\/test\/fi\/kokoontumispaikka-koko-maailmalle\/\">Read more<\/a><\/p>\n","protected":false},"author":29,"featured_media":9505,"parent":0,"menu_order":0,"comment_status":"closed","ping_status":"closed","template":"","meta":{"inline_featured_image":false,"footnotes":""},"class_list":["post-12555","page","type-page","status-publish","has-post-thumbnail","hentry"],"yoast_head":"<!-- This site is optimized with the Yoast SEO plugin v27.4 - https:\/\/yoast.com\/product\/yoast-seo-wordpress\/ -->\n<title>Kokoontumispaikka koko maailmalle - TEST - SMND<\/title>\n<meta name=\"robots\" content=\"noindex, follow, max-snippet:-1, max-image-preview:large, max-video-preview:-1\" \/>\n<meta property=\"og:locale\" content=\"en_US\" \/>\n<meta property=\"og:type\" content=\"article\" \/>\n<meta property=\"og:title\" content=\"Kokoontumispaikka koko maailmalle - TEST - SMND\" \/>\n<meta property=\"og:description\" content=\"Kokoontumispaikka koko maailmalle Siell\u00e4 syd\u00e4met kohtaavat Caxton Hall, Lontoo Caxton Hall sijaitsee Westminsterin kaupunginosassa Lontoon keskustassa. Se rakennettiin 1800-luvun puoliv\u00e4liss\u00e4, ja se on nimetty kirjapainokoneen keksij\u00e4n William Caxtonin mukaan, joka mullisti tiedon saatavuuden. Sill\u00e4 on pitk\u00e4 historia paikkana, jossa on vaihdettu ja tutkittu rohkeita uusia ajatuksia. Alun perin Caxton Hall oli hallintorakennus, kaupungintalo. Sill\u00e4 on&hellip; Read more\" \/>\n<meta property=\"og:url\" content=\"https:\/\/shrimataji.org\/test\/fi\/kokoontumispaikka-koko-maailmalle\/\" \/>\n<meta property=\"og:site_name\" content=\"TEST - SMND\" \/>\n<meta property=\"article:publisher\" content=\"https:\/\/www.facebook.com\/shrimataji\" \/>\n<meta property=\"article:modified_time\" content=\"2025-04-22T20:08:42+00:00\" \/>\n<meta property=\"og:image\" content=\"https:\/\/shrimataji.org\/test\/wp-content\/uploads\/2023\/03\/12_Banner-PublicLife-Hall-scaled.jpg\" \/>\n\t<meta property=\"og:image:width\" content=\"2560\" \/>\n\t<meta property=\"og:image:height\" content=\"905\" \/>\n\t<meta property=\"og:image:type\" content=\"image\/jpeg\" \/>\n<meta name=\"twitter:card\" content=\"summary_large_image\" \/>\n<meta name=\"twitter:site\" content=\"@shrimataji\" \/>\n<meta name=\"twitter:label1\" content=\"Est. reading time\" \/>\n\t<meta name=\"twitter:data1\" content=\"4 minutes\" \/>\n<script type=\"application\/ld+json\" class=\"yoast-schema-graph\">{\"@context\":\"https:\\\/\\\/schema.org\",\"@graph\":[{\"@type\":\"WebPage\",\"@id\":\"https:\\\/\\\/shrimataji.org\\\/test\\\/fi\\\/kokoontumispaikka-koko-maailmalle\\\/\",\"url\":\"https:\\\/\\\/shrimataji.org\\\/test\\\/fi\\\/kokoontumispaikka-koko-maailmalle\\\/\",\"name\":\"Kokoontumispaikka koko maailmalle - TEST - SMND\",\"isPartOf\":{\"@id\":\"https:\\\/\\\/shrimataji.org\\\/test\\\/#website\"},\"primaryImageOfPage\":{\"@id\":\"https:\\\/\\\/shrimataji.org\\\/test\\\/fi\\\/kokoontumispaikka-koko-maailmalle\\\/#primaryimage\"},\"image\":{\"@id\":\"https:\\\/\\\/shrimataji.org\\\/test\\\/fi\\\/kokoontumispaikka-koko-maailmalle\\\/#primaryimage\"},\"thumbnailUrl\":\"https:\\\/\\\/shrimataji.org\\\/test\\\/wp-content\\\/uploads\\\/2023\\\/03\\\/12_Banner-PublicLife-Hall-scaled.jpg\",\"datePublished\":\"2011-12-05T02:00:00+00:00\",\"dateModified\":\"2025-04-22T20:08:42+00:00\",\"breadcrumb\":{\"@id\":\"https:\\\/\\\/shrimataji.org\\\/test\\\/fi\\\/kokoontumispaikka-koko-maailmalle\\\/#breadcrumb\"},\"inLanguage\":\"en-US\",\"potentialAction\":[{\"@type\":\"ReadAction\",\"target\":[\"https:\\\/\\\/shrimataji.org\\\/test\\\/fi\\\/kokoontumispaikka-koko-maailmalle\\\/\"]}]},{\"@type\":\"ImageObject\",\"inLanguage\":\"en-US\",\"@id\":\"https:\\\/\\\/shrimataji.org\\\/test\\\/fi\\\/kokoontumispaikka-koko-maailmalle\\\/#primaryimage\",\"url\":\"https:\\\/\\\/shrimataji.org\\\/test\\\/wp-content\\\/uploads\\\/2023\\\/03\\\/12_Banner-PublicLife-Hall-scaled.jpg\",\"contentUrl\":\"https:\\\/\\\/shrimataji.org\\\/test\\\/wp-content\\\/uploads\\\/2023\\\/03\\\/12_Banner-PublicLife-Hall-scaled.jpg\",\"width\":2560,\"height\":905},{\"@type\":\"BreadcrumbList\",\"@id\":\"https:\\\/\\\/shrimataji.org\\\/test\\\/fi\\\/kokoontumispaikka-koko-maailmalle\\\/#breadcrumb\",\"itemListElement\":[{\"@type\":\"ListItem\",\"position\":1,\"name\":\"Home\",\"item\":\"https:\\\/\\\/shrimataji.org\\\/test\\\/uk\\\/home-en\\\/\"},{\"@type\":\"ListItem\",\"position\":2,\"name\":\"Kokoontumispaikka koko maailmalle\"}]},{\"@type\":\"WebSite\",\"@id\":\"https:\\\/\\\/shrimataji.org\\\/test\\\/#website\",\"url\":\"https:\\\/\\\/shrimataji.org\\\/test\\\/\",\"name\":\"Shri Mataji Nirmala Devi\",\"description\":\"A Life Dedicated to Humanity\",\"publisher\":{\"@id\":\"https:\\\/\\\/shrimataji.org\\\/test\\\/#\\\/schema\\\/person\\\/a1b3419c6585f164aa96da1ff85715d1\"},\"potentialAction\":[{\"@type\":\"SearchAction\",\"target\":{\"@type\":\"EntryPoint\",\"urlTemplate\":\"https:\\\/\\\/shrimataji.org\\\/test\\\/?s={search_term_string}\"},\"query-input\":{\"@type\":\"PropertyValueSpecification\",\"valueRequired\":true,\"valueName\":\"search_term_string\"}}],\"inLanguage\":\"en-US\"},{\"@type\":[\"Person\",\"Organization\"],\"@id\":\"https:\\\/\\\/shrimataji.org\\\/test\\\/#\\\/schema\\\/person\\\/a1b3419c6585f164aa96da1ff85715d1\",\"name\":\"Nirmala Shrivastava\",\"image\":{\"@type\":\"ImageObject\",\"inLanguage\":\"en-US\",\"@id\":\"https:\\\/\\\/shrimataji.org\\\/test\\\/wp-content\\\/uploads\\\/2023\\\/02\\\/SMO_LOGO-03.svg\",\"url\":\"https:\\\/\\\/shrimataji.org\\\/test\\\/wp-content\\\/uploads\\\/2023\\\/02\\\/SMO_LOGO-03.svg\",\"contentUrl\":\"https:\\\/\\\/shrimataji.org\\\/test\\\/wp-content\\\/uploads\\\/2023\\\/02\\\/SMO_LOGO-03.svg\",\"width\":\"1024\",\"height\":\"1024\",\"caption\":\"Nirmala Shrivastava\"},\"logo\":{\"@id\":\"https:\\\/\\\/shrimataji.org\\\/test\\\/wp-content\\\/uploads\\\/2023\\\/02\\\/SMO_LOGO-03.svg\"},\"sameAs\":[\"https:\\\/\\\/shrimataji.org\\\/test\",\"https:\\\/\\\/www.facebook.com\\\/shrimataji\",\"https:\\\/\\\/x.com\\\/shrimataji\",\"https:\\\/\\\/www.youtube.com\\\/@Shri_Mataji_Nirmala_Devi\\\/featured\"]}]}<\/script>\n<!-- \/ Yoast SEO plugin. -->","yoast_head_json":{"title":"Kokoontumispaikka koko maailmalle - TEST - SMND","robots":{"index":"noindex","follow":"follow","max-snippet":"max-snippet:-1","max-image-preview":"max-image-preview:large","max-video-preview":"max-video-preview:-1"},"og_locale":"en_US","og_type":"article","og_title":"Kokoontumispaikka koko maailmalle - TEST - SMND","og_description":"Kokoontumispaikka koko maailmalle Siell\u00e4 syd\u00e4met kohtaavat Caxton Hall, Lontoo Caxton Hall sijaitsee Westminsterin kaupunginosassa Lontoon keskustassa. Se rakennettiin 1800-luvun puoliv\u00e4liss\u00e4, ja se on nimetty kirjapainokoneen keksij\u00e4n William Caxtonin mukaan, joka mullisti tiedon saatavuuden. Sill\u00e4 on pitk\u00e4 historia paikkana, jossa on vaihdettu ja tutkittu rohkeita uusia ajatuksia. Alun perin Caxton Hall oli hallintorakennus, kaupungintalo. Sill\u00e4 on&hellip; Read more","og_url":"https:\/\/shrimataji.org\/test\/fi\/kokoontumispaikka-koko-maailmalle\/","og_site_name":"TEST - SMND","article_publisher":"https:\/\/www.facebook.com\/shrimataji","article_modified_time":"2025-04-22T20:08:42+00:00","og_image":[{"width":2560,"height":905,"url":"https:\/\/shrimataji.org\/test\/wp-content\/uploads\/2023\/03\/12_Banner-PublicLife-Hall-scaled.jpg","type":"image\/jpeg"}],"twitter_card":"summary_large_image","twitter_site":"@shrimataji","twitter_misc":{"Est. reading time":"4 minutes"},"schema":{"@context":"https:\/\/schema.org","@graph":[{"@type":"WebPage","@id":"https:\/\/shrimataji.org\/test\/fi\/kokoontumispaikka-koko-maailmalle\/","url":"https:\/\/shrimataji.org\/test\/fi\/kokoontumispaikka-koko-maailmalle\/","name":"Kokoontumispaikka koko maailmalle - TEST - SMND","isPartOf":{"@id":"https:\/\/shrimataji.org\/test\/#website"},"primaryImageOfPage":{"@id":"https:\/\/shrimataji.org\/test\/fi\/kokoontumispaikka-koko-maailmalle\/#primaryimage"},"image":{"@id":"https:\/\/shrimataji.org\/test\/fi\/kokoontumispaikka-koko-maailmalle\/#primaryimage"},"thumbnailUrl":"https:\/\/shrimataji.org\/test\/wp-content\/uploads\/2023\/03\/12_Banner-PublicLife-Hall-scaled.jpg","datePublished":"2011-12-05T02:00:00+00:00","dateModified":"2025-04-22T20:08:42+00:00","breadcrumb":{"@id":"https:\/\/shrimataji.org\/test\/fi\/kokoontumispaikka-koko-maailmalle\/#breadcrumb"},"inLanguage":"en-US","potentialAction":[{"@type":"ReadAction","target":["https:\/\/shrimataji.org\/test\/fi\/kokoontumispaikka-koko-maailmalle\/"]}]},{"@type":"ImageObject","inLanguage":"en-US","@id":"https:\/\/shrimataji.org\/test\/fi\/kokoontumispaikka-koko-maailmalle\/#primaryimage","url":"https:\/\/shrimataji.org\/test\/wp-content\/uploads\/2023\/03\/12_Banner-PublicLife-Hall-scaled.jpg","contentUrl":"https:\/\/shrimataji.org\/test\/wp-content\/uploads\/2023\/03\/12_Banner-PublicLife-Hall-scaled.jpg","width":2560,"height":905},{"@type":"BreadcrumbList","@id":"https:\/\/shrimataji.org\/test\/fi\/kokoontumispaikka-koko-maailmalle\/#breadcrumb","itemListElement":[{"@type":"ListItem","position":1,"name":"Home","item":"https:\/\/shrimataji.org\/test\/uk\/home-en\/"},{"@type":"ListItem","position":2,"name":"Kokoontumispaikka koko maailmalle"}]},{"@type":"WebSite","@id":"https:\/\/shrimataji.org\/test\/#website","url":"https:\/\/shrimataji.org\/test\/","name":"Shri Mataji Nirmala Devi","description":"A Life Dedicated to Humanity","publisher":{"@id":"https:\/\/shrimataji.org\/test\/#\/schema\/person\/a1b3419c6585f164aa96da1ff85715d1"},"potentialAction":[{"@type":"SearchAction","target":{"@type":"EntryPoint","urlTemplate":"https:\/\/shrimataji.org\/test\/?s={search_term_string}"},"query-input":{"@type":"PropertyValueSpecification","valueRequired":true,"valueName":"search_term_string"}}],"inLanguage":"en-US"},{"@type":["Person","Organization"],"@id":"https:\/\/shrimataji.org\/test\/#\/schema\/person\/a1b3419c6585f164aa96da1ff85715d1","name":"Nirmala Shrivastava","image":{"@type":"ImageObject","inLanguage":"en-US","@id":"https:\/\/shrimataji.org\/test\/wp-content\/uploads\/2023\/02\/SMO_LOGO-03.svg","url":"https:\/\/shrimataji.org\/test\/wp-content\/uploads\/2023\/02\/SMO_LOGO-03.svg","contentUrl":"https:\/\/shrimataji.org\/test\/wp-content\/uploads\/2023\/02\/SMO_LOGO-03.svg","width":"1024","height":"1024","caption":"Nirmala Shrivastava"},"logo":{"@id":"https:\/\/shrimataji.org\/test\/wp-content\/uploads\/2023\/02\/SMO_LOGO-03.svg"},"sameAs":["https:\/\/shrimataji.org\/test","https:\/\/www.facebook.com\/shrimataji","https:\/\/x.com\/shrimataji","https:\/\/www.youtube.com\/@Shri_Mataji_Nirmala_Devi\/featured"]}]}},"lang":"fi","translations":{"fi":12555,"ur":37385,"en":443,"am":17956,"th":19879,"hu":19431,"sq":18357,"zh":17254,"hi":8514,"tr":10130,"pl":10239,"pt":10347,"de":10620,"fr":10718,"it":10816,"es":10914,"ja":11211,"ru":11399,"bn":11591,"te":11699,"sw":11822,"he":11970,"el":12261,"sk":12359,"fa":12457,"bg":13504,"ro":14579,"cs":14772,"nl":16517,"ku":16677,"ar":16853,"be":18564,"kn":18838,"mr":20243,"uk":20535,"ml":20834,"ta":22672,"sv":22945,"gu":28793,"pa":28951,"fil":29391,"da":37699,"nn":38251},"pll_sync_post":[],"_links":{"self":[{"href":"https:\/\/shrimataji.org\/test\/wp-json\/wp\/v2\/pages\/12555","targetHints":{"allow":["GET"]}}],"collection":[{"href":"https:\/\/shrimataji.org\/test\/wp-json\/wp\/v2\/pages"}],"about":[{"href":"https:\/\/shrimataji.org\/test\/wp-json\/wp\/v2\/types\/page"}],"author":[{"embeddable":true,"href":"https:\/\/shrimataji.org\/test\/wp-json\/wp\/v2\/users\/29"}],"replies":[{"embeddable":true,"href":"https:\/\/shrimataji.org\/test\/wp-json\/wp\/v2\/comments?post=12555"}],"version-history":[{"count":0,"href":"https:\/\/shrimataji.org\/test\/wp-json\/wp\/v2\/pages\/12555\/revisions"}],"wp:featuredmedia":[{"embeddable":true,"href":"https:\/\/shrimataji.org\/test\/wp-json\/wp\/v2\/media\/9505"}],"wp:attachment":[{"href":"https:\/\/shrimataji.org\/test\/wp-json\/wp\/v2\/media?parent=12555"}],"curies":[{"name":"wp","href":"https:\/\/api.w.org\/{rel}","templated":true}]}}