{"id":12556,"date":"2022-03-05T07:57:08","date_gmt":"2022-03-05T07:57:08","guid":{"rendered":"https:\/\/test.shrimataji.org\/?page_id=6497"},"modified":"2025-09-20T21:07:14","modified_gmt":"2025-09-20T21:07:14","slug":"agnya-chakra-fi","status":"publish","type":"page","link":"https:\/\/shrimataji.org\/test\/fi\/agnya-chakra-fi\/","title":{"rendered":"Agnya-chakra FIN"},"content":{"rendered":"\n\n\t<h1>Agnya-chakra<\/h1>\n<h2>Anteeksiannon voima<br \/>\n<\/h2>\n<h4>T\u00e4m\u00e4n chakran perusolemus on anteeksianto. Kun emme anna anteeksi, satutamme todella itse\u00e4mme, koska t\u00e4m\u00e4 chakra joutuu ep\u00e4tasapainoon. Anteeksiantaminen on voima p\u00e4\u00e4st\u00e4\u00e4 irti suuttumuksesta, vihasta ja mielipahasta, mik\u00e4 ei ole helppoa ennen itseoivallusta. Yksinkertaisesti sanomalla &#8220;annan anteeksi&#8221; vilpitt\u00f6m\u00e4st\u00e4 syd\u00e4mest\u00e4, <a href=\"https:\/\/shrimataji.org\/test\/fi\/kundaliini\/\" target=\"_blank\" rel=\"noopener\">Kundaliinimme<\/a> voi tunkeutua t\u00e4h\u00e4n keskukseen ja ime\u00e4 huomiomme jumalalliseen hiljaisuuteen, jolloin voimme helposti asettua ajatuksettomaan tietoisuuteen meditaatiossamme.<\/h4>\n<p>Anteeksiannon voiman kautta l\u00f6yd\u00e4mme henkemme korkeamman luonteen &#8211; n\u00f6yryyden, jalouden, anteliaisuuden ja loputtoman rakkauden ja my\u00f6t\u00e4tunnon kaikkia kohtaan. Meditaation kautta kehittyneen Agnya-chakran kypsyys sulattaa pois kaiken egomme, ehdollistumisemme, tottumuksemme, v\u00e4\u00e4r\u00e4t k\u00e4sityksemme rasismista ja kaikki v\u00e4\u00e4r\u00e4t samaistumisemme. Sit\u00e4 kuvataan pyhiss\u00e4 kirjoituksissa kapeaksi portiksi, joka avaa tietoisuudellemme tien sen lopulliseen m\u00e4\u00e4r\u00e4np\u00e4\u00e4h\u00e4n, seitsem\u00e4nteen keskukseen, Sahasrara-chakraan, joka symboloi olemassaolon puhtainta henkist\u00e4 aluetta.<\/p>\n\t\t<iframe loading=\"lazy\" title=\"Agnya Chakra\" width=\"1920\" height=\"1080\" src=\"https:\/\/www.youtube.com\/embed\/Fu9CT50ZFSc?feature=oembed\" frameborder=\"0\" allow=\"accelerometer; autoplay; clipboard-write; encrypted-media; gyroscope; picture-in-picture; web-share\" allowfullscreen><\/iframe>\t\n\t<strong>Sijainti<\/strong>:<strong><br \/>\n<\/strong>Agnya-chakra sijaitsee aivoissa suunnilleen n\u00e4k\u00f6hermos\u00e4ikeiden risteyskohdassa (l\u00e4\u00e4ketieteellisess\u00e4 termist\u00f6ss\u00e4 optinen kiasma) otsan keskell\u00e4. Agnya-chakran v\u00e4r\u00e4htelyt voidaan tuntea molempien k\u00e4sien nimett\u00f6miss\u00e4 sormissa.\n<strong>V\u00e4ri<\/strong>:<strong><br \/>\n<\/strong>Hopean v\u00e4ri edustaa Agnya-chakraa. T\u00e4m\u00e4 chakra on yhdenmukainen valon olemuksen kanssa.\n<p><strong>Agnya-chakran ominaisuuksia ovat<\/strong><strong>:<\/strong><\/p>\n&#8211; Anteeksianto<br \/>\n&#8211; My\u00f6t\u00e4tunto<br \/>\n&#8211; N\u00f6yryys<br \/>\n&#8211; Ajatukseton tietoisuus<br \/>\n&#8211; Ego ja superego\n\t\t\t\t<a href=\"https:\/\/shrimataji.org\/test\/wp-content\/uploads\/2023\/02\/6-Agnya-01.png\"  target=\"_blank\" rel=\"noopener\"  itemprop=\"url\">\n\t\t\t\t<img decoding=\"async\" src=\"https:\/\/shrimataji.org\/test\/wp-content\/uploads\/2025\/04\/6-Agnya-01-scaled.png\" alt=\"6-Agnya-01\" itemprop=\"image\" height=\"2560\" width=\"2402\" title=\"6-Agnya-01\" onerror=\"this.style.display='none'\" loading='lazy' \/>\n\t\t\t\t<\/a>\n\t<p>Agnyan ensisijainen ominaisuus on anteeksianto. T\u00e4m\u00e4n chakran her\u00e4\u00e4misen kautta kehit\u00e4mme kyky\u00e4 antaa anteeksi inhimillisi\u00e4 puutteita muille ja my\u00f6s itsellemme. Agnya-chakraa kutsutaan my\u00f6s &#8220;kolmanneksi silm\u00e4ksi&#8221;. T\u00e4ss\u00e4 kolmannessa silm\u00e4ss\u00e4 ei ole kyse esoteeristen kuvien n\u00e4kemisest\u00e4 tai selv\u00e4n\u00e4kij\u00e4n kykyjen kehitt\u00e4misest\u00e4, kuten monet muut joogaharjoittajat v\u00e4itt\u00e4v\u00e4t, vaan siin\u00e4 on kyse sen n\u00e4k\u00f6kulman muuttamisesta, johon olemme p\u00e4\u00e4asiassa tottuneet mentaalisten ja emotionaalisten ennakkoluulojemme kautta. Sama el\u00e4m\u00e4, joka oli stressaavaa, usein tyls\u00e4\u00e4 tai vailla merkityst\u00e4, muuttuu itseoivalluksen ja Agnya-chakran avautumisen j\u00e4lkeen t\u00e4yteen iloa, rakkautta ja my\u00f6t\u00e4tuntoa, kun ymm\u00e4rr\u00e4mme syntym\u00e4mme todellisen tarkoituksen. Rikkaus tai puute eiv\u00e4t voi kohottaa meit\u00e4 tai tuottaa meille pettymyst\u00e4, kun olemme asettuneet mukavasti henkisen luontomme todellisuuteen. T\u00e4m\u00e4n korkeamman alueen saavuttaminen auttaa meit\u00e4 ymm\u00e4rt\u00e4m\u00e4\u00e4n, miksi Gautama Buddha ei koskaan kokenut tarvetta palata palatsinsa mukavuuteen valaistumisensa j\u00e4lkeen.<\/p>\n<strong>Kokemukset ja hy\u00f6dyt<\/strong><strong>:<\/strong><br \/>\nAgnya-chakra hallitsee n\u00e4k\u00f6\u00e4, kuuloa ja ajatuksia. Se ohjaa my\u00f6s aivolis\u00e4kett\u00e4si. T\u00e4m\u00e4 t\u00e4rke\u00e4 rauhanen, joka tunnetaan my\u00f6s &#8220;p\u00e4\u00e4rauhasena&#8221;, s\u00e4\u00e4telee kaikkia muita sis\u00e4eritysrauhasia ja vaikuttaa kasvuun, fysiologiseen kypsymiseen, aineenvaihduntaan ja uneen. Monet meist\u00e4 viett\u00e4v\u00e4t pitki\u00e4 aikoja tietokoneen \u00e4\u00e4ress\u00e4 osana ty\u00f6t\u00e4mme. Viet\u00e4mme my\u00f6s paljon aikaa television \u00e4\u00e4ress\u00e4. Liika visuaalinen stimulaatio voi heikent\u00e4\u00e4 Agnya-chakraa. Onneksi s\u00e4\u00e4nn\u00f6llinen Sahaja Yoga -meditaatioharjoitus voi lievitt\u00e4\u00e4 t\u00e4t\u00e4 ongelmaa. Vasen Agnya on yhteydess\u00e4 aivojen superego-osaan, joka s\u00e4ilytt\u00e4\u00e4 muistoja, kokemuksia, tapoja ja tunteita. Oikean puolen Agnya on yhteydess\u00e4 aivojen ego-osaan, joka keskittyy tulevaisuuteen ajattelun, suunnittelun ja toiminnan kautta. Ego ja superego riste\u00e4v\u00e4t Agnya-chakrassa.\n<p>Jos vasen Agnya on yliaktiivinen, superego voi paisua kuin ilmapallo. Kaikki t\u00e4llainen menneisyyteen keskittyminen voi johtaa eritt\u00e4in tunteikkaan temperamentin kehittymiseen ja itse\u00e4 vahingoittaviin ajatuksiin tai k\u00e4ytt\u00e4ytymiseen. Vastaavasti, jos oikea Agnya on yliaktiivinen, ego paisuu ilmapalloksi kaiken liiallisen ajattelun ja suunnittelun my\u00f6t\u00e4. T\u00e4m\u00e4 voi johtaa kiihtymykseen, usein tapahtuvaan kiukutteluun ja jopa aggressiiviseen k\u00e4ytt\u00e4ytymiseen muita kohtaan.<\/p>\n<p>Onneksi Agnya-chakran t\u00e4ytt\u00e4minen Kundaliini-energialla on eritt\u00e4in tehokas tapa tasapainottaa ja tyhjent\u00e4\u00e4 n\u00e4m\u00e4 ilmapallot. Meditaatiosta saatava henkinen hiljaisuus kasvattaa n\u00f6yryytt\u00e4 meiss\u00e4 kaikissa. N\u00f6yryyden kautta kehit\u00e4mme anteeksiannon voimaa. Anteeksiantamisessa on kyse hyv\u00e4ksymisest\u00e4 ja parantumisesta. Se vapauttaa ihmisen vihan, suuttumuksen ja kaunan negatiivisista siteist\u00e4. Anteeksiantamisessa voi odottaa kokevansa valtavaa rauhan ja helpotuksen tunnetta.<\/p>\n<p><strong>Itsearviointi<\/strong>:<\/p>\n<p>Jos Agnya-chakrasi on tukossa, saatat kokea kyvytt\u00f6myytt\u00e4 antaa anteeksi itsellesi tai muille. Saatat my\u00f6s huomata haikailevasi menneisyyden per\u00e4\u00e4n tai olevasi itses\u00e4\u00e4lin vallassa. Egoismi ja aggressiivisuus ovat muita merkkej\u00e4 Agnya-tasapainon h\u00e4iri\u00f6st\u00e4, samoin kuin pakkomielle pornografiaan tai h\u00e4iritseviin seksuaalisiin fantasioihin. My\u00f6s murehtiminen, liiallinen ajattelu ja liiallinen suunnittelu voivat viitata Agnya-chakran tukkeutumiseen.<\/p>\n<p><strong>Ep\u00e4tasapainon syit\u00e4<\/strong>:<\/p>\n<ul>\n<li>J\u00e4yk\u00e4t k\u00e4sitteet<\/li>\n<li>Kiinte\u00e4t k\u00e4ytt\u00e4ytymismallit<\/li>\n<li>\u00c4\u00e4rimm\u00e4isyyksiin meneminen toiminnassa<\/li>\n<\/ul>\n<p><strong>Miten tasapainottaa<\/strong>:<\/p>\n<p>Tasapainottaaksesi Agnya-chakraasi tee meditaatioharjoituksesi luonnossa Kokeile meditoida ulkona katsellen taivasta. Voit my\u00f6s asettaa oikean k\u00e4tesi otsallesi, laskea sitten p\u00e4\u00e4t\u00e4si hieman ja sanoa: &#8220;Annan anteeksi kaikille, my\u00f6s itselleni&#8221;. Yrit\u00e4 ilmaista anteeksianto syd\u00e4mest\u00e4si.<\/p>\n<p>Paras tapa pit\u00e4\u00e4 Agnya-chakra tasapainossa on v\u00e4ltt\u00e4\u00e4 liiallista ajattelua ja suunnittelua. El\u00e4 nykyhetkess\u00e4 &#8211; ja nauti jokaisesta sekunnista!<\/p>\n\n","protected":false},"excerpt":{"rendered":"<p>Agnya-chakra Anteeksiannon voima T\u00e4m\u00e4n chakran perusolemus on anteeksianto. Kun emme anna anteeksi, satutamme todella itse\u00e4mme, koska t\u00e4m\u00e4 chakra joutuu ep\u00e4tasapainoon. Anteeksiantaminen on voima p\u00e4\u00e4st\u00e4\u00e4 irti suuttumuksesta, vihasta ja mielipahasta, mik\u00e4 ei ole helppoa ennen itseoivallusta. Yksinkertaisesti sanomalla &#8220;annan anteeksi&#8221; vilpitt\u00f6m\u00e4st\u00e4 syd\u00e4mest\u00e4, Kundaliinimme voi tunkeutua t\u00e4h\u00e4n keskukseen ja ime\u00e4 huomiomme jumalalliseen hiljaisuuteen, jolloin voimme helposti asettua&hellip; <br \/> <a class=\"read-more\" href=\"https:\/\/shrimataji.org\/test\/fi\/agnya-chakra-fi\/\">Read more<\/a><\/p>\n","protected":false},"author":29,"featured_media":9256,"parent":0,"menu_order":0,"comment_status":"closed","ping_status":"closed","template":"","meta":{"inline_featured_image":false,"footnotes":""},"class_list":["post-12556","page","type-page","status-publish","has-post-thumbnail","hentry"],"yoast_head":"<!-- This site is optimized with the Yoast SEO plugin v27.4 - https:\/\/yoast.com\/product\/yoast-seo-wordpress\/ -->\n<title>Agnya-chakra FIN - TEST - SMND<\/title>\n<meta name=\"robots\" content=\"noindex, follow, max-snippet:-1, max-image-preview:large, max-video-preview:-1\" \/>\n<meta property=\"og:locale\" content=\"en_US\" \/>\n<meta property=\"og:type\" content=\"article\" \/>\n<meta property=\"og:title\" content=\"Agnya-chakra FIN - TEST - SMND\" \/>\n<meta property=\"og:description\" content=\"Agnya-chakra Anteeksiannon voima T\u00e4m\u00e4n chakran perusolemus on anteeksianto. Kun emme anna anteeksi, satutamme todella itse\u00e4mme, koska t\u00e4m\u00e4 chakra joutuu ep\u00e4tasapainoon. Anteeksiantaminen on voima p\u00e4\u00e4st\u00e4\u00e4 irti suuttumuksesta, vihasta ja mielipahasta, mik\u00e4 ei ole helppoa ennen itseoivallusta. Yksinkertaisesti sanomalla &#8220;annan anteeksi&#8221; vilpitt\u00f6m\u00e4st\u00e4 syd\u00e4mest\u00e4, Kundaliinimme voi tunkeutua t\u00e4h\u00e4n keskukseen ja ime\u00e4 huomiomme jumalalliseen hiljaisuuteen, jolloin voimme helposti asettua&hellip; Read more\" \/>\n<meta property=\"og:url\" content=\"https:\/\/shrimataji.org\/test\/fi\/agnya-chakra-fi\/\" \/>\n<meta property=\"og:site_name\" content=\"TEST - SMND\" \/>\n<meta property=\"article:publisher\" content=\"https:\/\/www.facebook.com\/shrimataji\" \/>\n<meta property=\"article:modified_time\" content=\"2025-09-20T21:07:14+00:00\" \/>\n<meta property=\"og:image\" content=\"https:\/\/shrimataji.org\/test\/wp-content\/uploads\/2023\/03\/21_Banner-SY-Chakra-agnya-scaled.jpg\" \/>\n\t<meta property=\"og:image:width\" content=\"2560\" \/>\n\t<meta property=\"og:image:height\" content=\"905\" \/>\n\t<meta property=\"og:image:type\" content=\"image\/jpeg\" \/>\n<meta name=\"twitter:card\" content=\"summary_large_image\" \/>\n<meta name=\"twitter:site\" content=\"@shrimataji\" \/>\n<meta name=\"twitter:label1\" content=\"Est. reading time\" \/>\n\t<meta name=\"twitter:data1\" content=\"3 minutes\" \/>\n<script type=\"application\/ld+json\" class=\"yoast-schema-graph\">{\"@context\":\"https:\\\/\\\/schema.org\",\"@graph\":[{\"@type\":\"WebPage\",\"@id\":\"https:\\\/\\\/shrimataji.org\\\/test\\\/fi\\\/agnya-chakra-fi\\\/\",\"url\":\"https:\\\/\\\/shrimataji.org\\\/test\\\/fi\\\/agnya-chakra-fi\\\/\",\"name\":\"Agnya-chakra FIN - TEST - SMND\",\"isPartOf\":{\"@id\":\"https:\\\/\\\/shrimataji.org\\\/test\\\/#website\"},\"primaryImageOfPage\":{\"@id\":\"https:\\\/\\\/shrimataji.org\\\/test\\\/fi\\\/agnya-chakra-fi\\\/#primaryimage\"},\"image\":{\"@id\":\"https:\\\/\\\/shrimataji.org\\\/test\\\/fi\\\/agnya-chakra-fi\\\/#primaryimage\"},\"thumbnailUrl\":\"https:\\\/\\\/shrimataji.org\\\/test\\\/wp-content\\\/uploads\\\/2023\\\/03\\\/21_Banner-SY-Chakra-agnya-scaled.jpg\",\"datePublished\":\"2022-03-05T07:57:08+00:00\",\"dateModified\":\"2025-09-20T21:07:14+00:00\",\"breadcrumb\":{\"@id\":\"https:\\\/\\\/shrimataji.org\\\/test\\\/fi\\\/agnya-chakra-fi\\\/#breadcrumb\"},\"inLanguage\":\"en-US\",\"potentialAction\":[{\"@type\":\"ReadAction\",\"target\":[\"https:\\\/\\\/shrimataji.org\\\/test\\\/fi\\\/agnya-chakra-fi\\\/\"]}]},{\"@type\":\"ImageObject\",\"inLanguage\":\"en-US\",\"@id\":\"https:\\\/\\\/shrimataji.org\\\/test\\\/fi\\\/agnya-chakra-fi\\\/#primaryimage\",\"url\":\"https:\\\/\\\/shrimataji.org\\\/test\\\/wp-content\\\/uploads\\\/2023\\\/03\\\/21_Banner-SY-Chakra-agnya-scaled.jpg\",\"contentUrl\":\"https:\\\/\\\/shrimataji.org\\\/test\\\/wp-content\\\/uploads\\\/2023\\\/03\\\/21_Banner-SY-Chakra-agnya-scaled.jpg\",\"width\":2560,\"height\":905},{\"@type\":\"BreadcrumbList\",\"@id\":\"https:\\\/\\\/shrimataji.org\\\/test\\\/fi\\\/agnya-chakra-fi\\\/#breadcrumb\",\"itemListElement\":[{\"@type\":\"ListItem\",\"position\":1,\"name\":\"Home\",\"item\":\"https:\\\/\\\/shrimataji.org\\\/test\\\/uk\\\/home-en\\\/\"},{\"@type\":\"ListItem\",\"position\":2,\"name\":\"Agnya-chakra FIN\"}]},{\"@type\":\"WebSite\",\"@id\":\"https:\\\/\\\/shrimataji.org\\\/test\\\/#website\",\"url\":\"https:\\\/\\\/shrimataji.org\\\/test\\\/\",\"name\":\"Shri Mataji Nirmala Devi\",\"description\":\"A Life Dedicated to Humanity\",\"publisher\":{\"@id\":\"https:\\\/\\\/shrimataji.org\\\/test\\\/#\\\/schema\\\/person\\\/a1b3419c6585f164aa96da1ff85715d1\"},\"potentialAction\":[{\"@type\":\"SearchAction\",\"target\":{\"@type\":\"EntryPoint\",\"urlTemplate\":\"https:\\\/\\\/shrimataji.org\\\/test\\\/?s={search_term_string}\"},\"query-input\":{\"@type\":\"PropertyValueSpecification\",\"valueRequired\":true,\"valueName\":\"search_term_string\"}}],\"inLanguage\":\"en-US\"},{\"@type\":[\"Person\",\"Organization\"],\"@id\":\"https:\\\/\\\/shrimataji.org\\\/test\\\/#\\\/schema\\\/person\\\/a1b3419c6585f164aa96da1ff85715d1\",\"name\":\"Nirmala Shrivastava\",\"image\":{\"@type\":\"ImageObject\",\"inLanguage\":\"en-US\",\"@id\":\"https:\\\/\\\/shrimataji.org\\\/test\\\/wp-content\\\/uploads\\\/2023\\\/02\\\/SMO_LOGO-03.svg\",\"url\":\"https:\\\/\\\/shrimataji.org\\\/test\\\/wp-content\\\/uploads\\\/2023\\\/02\\\/SMO_LOGO-03.svg\",\"contentUrl\":\"https:\\\/\\\/shrimataji.org\\\/test\\\/wp-content\\\/uploads\\\/2023\\\/02\\\/SMO_LOGO-03.svg\",\"width\":\"1024\",\"height\":\"1024\",\"caption\":\"Nirmala Shrivastava\"},\"logo\":{\"@id\":\"https:\\\/\\\/shrimataji.org\\\/test\\\/wp-content\\\/uploads\\\/2023\\\/02\\\/SMO_LOGO-03.svg\"},\"sameAs\":[\"https:\\\/\\\/shrimataji.org\\\/test\",\"https:\\\/\\\/www.facebook.com\\\/shrimataji\",\"https:\\\/\\\/x.com\\\/shrimataji\",\"https:\\\/\\\/www.youtube.com\\\/@Shri_Mataji_Nirmala_Devi\\\/featured\"]}]}<\/script>\n<!-- \/ Yoast SEO plugin. -->","yoast_head_json":{"title":"Agnya-chakra FIN - TEST - SMND","robots":{"index":"noindex","follow":"follow","max-snippet":"max-snippet:-1","max-image-preview":"max-image-preview:large","max-video-preview":"max-video-preview:-1"},"og_locale":"en_US","og_type":"article","og_title":"Agnya-chakra FIN - TEST - SMND","og_description":"Agnya-chakra Anteeksiannon voima T\u00e4m\u00e4n chakran perusolemus on anteeksianto. Kun emme anna anteeksi, satutamme todella itse\u00e4mme, koska t\u00e4m\u00e4 chakra joutuu ep\u00e4tasapainoon. Anteeksiantaminen on voima p\u00e4\u00e4st\u00e4\u00e4 irti suuttumuksesta, vihasta ja mielipahasta, mik\u00e4 ei ole helppoa ennen itseoivallusta. Yksinkertaisesti sanomalla &#8220;annan anteeksi&#8221; vilpitt\u00f6m\u00e4st\u00e4 syd\u00e4mest\u00e4, Kundaliinimme voi tunkeutua t\u00e4h\u00e4n keskukseen ja ime\u00e4 huomiomme jumalalliseen hiljaisuuteen, jolloin voimme helposti asettua&hellip; Read more","og_url":"https:\/\/shrimataji.org\/test\/fi\/agnya-chakra-fi\/","og_site_name":"TEST - SMND","article_publisher":"https:\/\/www.facebook.com\/shrimataji","article_modified_time":"2025-09-20T21:07:14+00:00","og_image":[{"width":2560,"height":905,"url":"https:\/\/shrimataji.org\/test\/wp-content\/uploads\/2023\/03\/21_Banner-SY-Chakra-agnya-scaled.jpg","type":"image\/jpeg"}],"twitter_card":"summary_large_image","twitter_site":"@shrimataji","twitter_misc":{"Est. reading time":"3 minutes"},"schema":{"@context":"https:\/\/schema.org","@graph":[{"@type":"WebPage","@id":"https:\/\/shrimataji.org\/test\/fi\/agnya-chakra-fi\/","url":"https:\/\/shrimataji.org\/test\/fi\/agnya-chakra-fi\/","name":"Agnya-chakra FIN - TEST - SMND","isPartOf":{"@id":"https:\/\/shrimataji.org\/test\/#website"},"primaryImageOfPage":{"@id":"https:\/\/shrimataji.org\/test\/fi\/agnya-chakra-fi\/#primaryimage"},"image":{"@id":"https:\/\/shrimataji.org\/test\/fi\/agnya-chakra-fi\/#primaryimage"},"thumbnailUrl":"https:\/\/shrimataji.org\/test\/wp-content\/uploads\/2023\/03\/21_Banner-SY-Chakra-agnya-scaled.jpg","datePublished":"2022-03-05T07:57:08+00:00","dateModified":"2025-09-20T21:07:14+00:00","breadcrumb":{"@id":"https:\/\/shrimataji.org\/test\/fi\/agnya-chakra-fi\/#breadcrumb"},"inLanguage":"en-US","potentialAction":[{"@type":"ReadAction","target":["https:\/\/shrimataji.org\/test\/fi\/agnya-chakra-fi\/"]}]},{"@type":"ImageObject","inLanguage":"en-US","@id":"https:\/\/shrimataji.org\/test\/fi\/agnya-chakra-fi\/#primaryimage","url":"https:\/\/shrimataji.org\/test\/wp-content\/uploads\/2023\/03\/21_Banner-SY-Chakra-agnya-scaled.jpg","contentUrl":"https:\/\/shrimataji.org\/test\/wp-content\/uploads\/2023\/03\/21_Banner-SY-Chakra-agnya-scaled.jpg","width":2560,"height":905},{"@type":"BreadcrumbList","@id":"https:\/\/shrimataji.org\/test\/fi\/agnya-chakra-fi\/#breadcrumb","itemListElement":[{"@type":"ListItem","position":1,"name":"Home","item":"https:\/\/shrimataji.org\/test\/uk\/home-en\/"},{"@type":"ListItem","position":2,"name":"Agnya-chakra FIN"}]},{"@type":"WebSite","@id":"https:\/\/shrimataji.org\/test\/#website","url":"https:\/\/shrimataji.org\/test\/","name":"Shri Mataji Nirmala Devi","description":"A Life Dedicated to Humanity","publisher":{"@id":"https:\/\/shrimataji.org\/test\/#\/schema\/person\/a1b3419c6585f164aa96da1ff85715d1"},"potentialAction":[{"@type":"SearchAction","target":{"@type":"EntryPoint","urlTemplate":"https:\/\/shrimataji.org\/test\/?s={search_term_string}"},"query-input":{"@type":"PropertyValueSpecification","valueRequired":true,"valueName":"search_term_string"}}],"inLanguage":"en-US"},{"@type":["Person","Organization"],"@id":"https:\/\/shrimataji.org\/test\/#\/schema\/person\/a1b3419c6585f164aa96da1ff85715d1","name":"Nirmala Shrivastava","image":{"@type":"ImageObject","inLanguage":"en-US","@id":"https:\/\/shrimataji.org\/test\/wp-content\/uploads\/2023\/02\/SMO_LOGO-03.svg","url":"https:\/\/shrimataji.org\/test\/wp-content\/uploads\/2023\/02\/SMO_LOGO-03.svg","contentUrl":"https:\/\/shrimataji.org\/test\/wp-content\/uploads\/2023\/02\/SMO_LOGO-03.svg","width":"1024","height":"1024","caption":"Nirmala Shrivastava"},"logo":{"@id":"https:\/\/shrimataji.org\/test\/wp-content\/uploads\/2023\/02\/SMO_LOGO-03.svg"},"sameAs":["https:\/\/shrimataji.org\/test","https:\/\/www.facebook.com\/shrimataji","https:\/\/x.com\/shrimataji","https:\/\/www.youtube.com\/@Shri_Mataji_Nirmala_Devi\/featured"]}]}},"lang":"fi","translations":{"fi":12556,"ur":37387,"en":6497,"am":17958,"th":19882,"hu":19433,"sq":18359,"zh":17256,"hi":7347,"tr":10131,"pt":10348,"de":10621,"fr":10719,"it":10817,"es":10915,"ja":11212,"ru":11400,"bn":11592,"te":11700,"sw":11823,"he":11971,"el":12262,"sk":12360,"fa":12458,"bg":13366,"ro":14440,"cs":14633,"nl":16519,"ku":16679,"ar":16855,"be":18566,"kn":18840,"mr":20246,"uk":20538,"ml":20837,"ta":22674,"sv":22947,"gu":28795,"pa":28953,"fil":29393,"da":37701,"pl":37918,"nn":38253},"pll_sync_post":[],"_links":{"self":[{"href":"https:\/\/shrimataji.org\/test\/wp-json\/wp\/v2\/pages\/12556","targetHints":{"allow":["GET"]}}],"collection":[{"href":"https:\/\/shrimataji.org\/test\/wp-json\/wp\/v2\/pages"}],"about":[{"href":"https:\/\/shrimataji.org\/test\/wp-json\/wp\/v2\/types\/page"}],"author":[{"embeddable":true,"href":"https:\/\/shrimataji.org\/test\/wp-json\/wp\/v2\/users\/29"}],"replies":[{"embeddable":true,"href":"https:\/\/shrimataji.org\/test\/wp-json\/wp\/v2\/comments?post=12556"}],"version-history":[{"count":0,"href":"https:\/\/shrimataji.org\/test\/wp-json\/wp\/v2\/pages\/12556\/revisions"}],"wp:featuredmedia":[{"embeddable":true,"href":"https:\/\/shrimataji.org\/test\/wp-json\/wp\/v2\/media\/9256"}],"wp:attachment":[{"href":"https:\/\/shrimataji.org\/test\/wp-json\/wp\/v2\/media?parent=12556"}],"curies":[{"name":"wp","href":"https:\/\/api.w.org\/{rel}","templated":true}]}}