{"id":12557,"date":"2022-03-05T07:42:03","date_gmt":"2022-03-05T07:42:03","guid":{"rendered":"https:\/\/test.shrimataji.org\/?page_id=6490"},"modified":"2025-09-20T21:07:20","modified_gmt":"2025-09-20T21:07:20","slug":"anahata-chakra-fi","status":"publish","type":"page","link":"https:\/\/shrimataji.org\/test\/fi\/anahata-chakra-fi\/","title":{"rendered":"Anahata-chakra FIN"},"content":{"rendered":"\n\n\t<h1>Anahata-chakra<\/h1>\n<h2>Varaukseton rakkaus ja pelottomuus<\/h2>\n<h4>Ikuinen, kaiken l\u00e4p\u00e4isev\u00e4 Henki (Atma) tulee aivoihin ensimm\u00e4isen kerran ihmisen siki\u00f6n muodostumisen alkuvaiheessa. Shri Mataji kuvailee t\u00e4t\u00e4 hetke\u00e4 ensimm\u00e4iseksi syd\u00e4menly\u00f6nniksi, joka laukaisee meiss\u00e4 olevan el\u00e4m\u00e4nvoiman ja luo tapahtumaketjun, jossa <a href=\"https:\/\/shrimataji.org\/test\/fi\/kundaliini\/\" target=\"_blank\" rel=\"noopener\">Kundaliinimme<\/a> kietoo hienojakoisen kehomme yhteen fyysisen kehomme kehityksen kanssa. T\u00e4m\u00e4 sykkiv\u00e4 syd\u00e4n, joka kehittyy l\u00e4hell\u00e4 siki\u00f6n p\u00e4\u00e4t\u00e4, ty\u00f6ntyy my\u00f6hemmin alas rintaan kehomme kehittyess\u00e4. Se asuu siell\u00e4 ikuisesti puhtaana ja koskemattomana kaikista tapahtumista el\u00e4m\u00e4ss\u00e4mme, aivan kuin katsoja, joka todistaa el\u00e4m\u00e4n n\u00e4ytelm\u00e4\u00e4.<\/h4>\n<p>Kun Kundaliini valaisee t\u00e4m\u00e4n keskuksen, koemme puhtaan, varauksettoman rakkauden tunteen, joka on Henkemme todellinen luonne. Tunne irrottautumisesta maallisesta el\u00e4m\u00e4st\u00e4mme kehittyy, kun tietoisuutemme imeytyy ulos harhoista, joihin olemme kietoutuneet kolmatta keskusta ymp\u00e4r\u00f6iv\u00e4ll\u00e4 Voidin tasolla. Meist\u00e4 tulee my\u00f6s t\u00e4ysin pelottomia, kun olemme vapautuneet illuusioista.<\/p>\n<p>My\u00f6t\u00e4tunto ja rakkaus tulevat esiin puhtaasta syd\u00e4mest\u00e4, ja Syd\u00e4n-chakra on my\u00f6s se, joka antaa meille vastuuntunnon ja hyv\u00e4ntahtoisen k\u00e4ytt\u00e4ytymisen muita kohtaan. Syd\u00e4n-chakra antaa meille my\u00f6s t\u00e4ydellisen turvallisuuden ja luottamuksen. T\u00e4llainen persoonallisuus on hyvin dynaaminen, varustettu n\u00e4kemyksell\u00e4 ja el\u00e4m\u00e4n tarkoituksella. Klassinen esimerkki on Gandhi, jonka ep\u00e4itsek\u00e4s ponnistus edisti Intian itsen\u00e4istymist\u00e4.<\/p>\n\t\t<iframe loading=\"lazy\" title=\"Anahata Chakra\" width=\"1920\" height=\"1080\" src=\"https:\/\/www.youtube.com\/embed\/Hj3SNT9-pfk?feature=oembed\" frameborder=\"0\" allow=\"accelerometer; autoplay; clipboard-write; encrypted-media; gyroscope; picture-in-picture; web-share\" allowfullscreen><\/iframe>\t\n\t<strong>Sijainti<\/strong>:<strong><br \/>\n<\/strong>Anahata-chakra sijaitsee selk\u00e4rankamme sis\u00e4ll\u00e4. Se sijaitsee suunnilleen rintakeh\u00e4n korkeudella, rintalastan takana. T\u00e4m\u00e4 keskus ohjaa syd\u00e4nlihaksen toimintaa. Anahata-chakran v\u00e4r\u00e4htelyt voi tuntea molempien k\u00e4sien pikkusormissa.\n<strong>V\u00e4ri<\/strong>:<strong><br \/>\n<\/strong>Anahata-chakraa edustaa punainen v\u00e4ri. Se on yhdenmukainen ilman peruselementin kanssa.\n<p><strong>Anahata-chakran ominaisuuksia ovat:<\/strong><\/p>\n&#8211; Varaukseton rakkaus<br \/>\n&#8211; Varaukseton my\u00f6t\u00e4tunto<br \/>\n&#8211; Hyv\u00e4ntahtoinen k\u00e4yt\u00f6s<br \/>\n&#8211; Totuus<br \/>\n&#8211; Ilo<br \/>\n&#8211; Luottamus<br \/>\n&#8211; Pelottomuus ja turvallisuuden tunne el\u00e4m\u00e4ss\u00e4<br \/>\n&#8211; My\u00f6nteiset is\u00e4- ja \u00e4itisuhteet\n\t\t\t\t<a href=\"https:\/\/shrimataji.org\/test\/wp-content\/uploads\/2023\/02\/4-Anahata-01.png\"  target=\"_blank\" rel=\"noopener\"  itemprop=\"url\">\n\t\t\t\t<img decoding=\"async\" src=\"https:\/\/shrimataji.org\/test\/wp-content\/uploads\/2025\/04\/4-Anahata-01-scaled.png\" alt=\"4-Anahata-01\" itemprop=\"image\" height=\"2560\" width=\"2402\" title=\"4-Anahata-01\" onerror=\"this.style.display='none'\" loading='lazy' \/>\n\t\t\t\t<\/a>\n\t<p>Anahata-chakran perusominaisuus on varaukseton rakkaus. T\u00e4m\u00e4n chakran aktivoituminen itseoivalluksen j\u00e4lkeen antaa meille mahdollisuuden tuntea itseluottamusta, itsevarmuutta, moraalista vastuuta ja emotionaalista tasapainoa. Kun t\u00e4m\u00e4n hienojakoisen keskuksen ominaisuudet avautuvat tietoisuudessamme, koemme olemassaolon puhdasta iloa. L\u00f6yd\u00e4mme el\u00e4m\u00e4mme todellisen tarkoituksen ja pyrimme jatkuvasti kehittym\u00e4\u00e4n korkeampaan henkisen tietoisuuden tilaan.<\/p>\n<strong>Kokemuksia ja hy\u00f6tyj\u00e4:<\/strong><br \/>\nAnahata-chakran t\u00e4rkein fysiologinen teht\u00e4v\u00e4 on syd\u00e4men ja keuhkojen s\u00e4\u00e4tely. N\u00e4m\u00e4 elimet s\u00e4\u00e4telev\u00e4t verenkierto- ja hengityselimist\u00f6n terveytt\u00e4, joten niiden asianmukainen toiminta on ehdottoman t\u00e4rke\u00e4\u00e4. Anahata-chakra kontrolloi my\u00f6s rintoja ja kateenkorvan rauhasta. Kateenkorvarauhanen on pieni rauhanen, joka sijaitsee rintalastan yl\u00e4osan takana. Se on olennainen immuunij\u00e4rjestelm\u00e4si toiminnassa.\n<p>Joskus sekoitamme rakkauden ja my\u00f6t\u00e4tunnon v\u00e4hemm\u00e4n toivottaviin omistamisen ja itsekkyyden tunteisiin. Koska Sahaja Yoga t\u00e4ytt\u00e4\u00e4 syd\u00e4mesi jumalallisella energialla, pystyt erottamaan ne toisistaan. Huomaat olevasi tietoisempi toisten tarpeista. Pystyt rakastamaan puhtaasti ja ilman itsekkyytt\u00e4.<\/p>\n<p>Kuten monien muidenkin chakrojen kohdalla, arkiel\u00e4m\u00e4n stressi voi johtaa tukkeutumiseen ja ep\u00e4tasapainoon. Liiallinen ajattelu, liiallinen suunnittelu, ep\u00e4varmuus ja ahdistus voivat kaikki vaikuttaa Anahata-chakran ep\u00e4tasapainoon. Kun kuitenkin annat t\u00e4lle chakralle energiaa meditaation avulla, saat tasapainon takaisin. Tunnet itsevarmuutta ja turvallisuutta, olet immuuni negatiivisille vaikutuksille. Kun Syd\u00e4nchakra on vahva, pystyt arvostamaan t\u00e4ysin el\u00e4m\u00e4n iloa.<\/p>\n<p>Jos sinulla on kokemuksia kielteisist\u00e4 \u00e4iti- tai is\u00e4suhteista, vahva Anahat-chakra voi jopa auttaa sinua korjaamaan niit\u00e4. Opit asettamaan rajoja omalle k\u00e4yt\u00f6ksellesi ja kunnioittamaan toisten rajoja. Kaikki ihmissuhteesi paranevat t\u00e4m\u00e4n seurauksena.<\/p>\n<p><strong>Itsearviointi:<\/strong><\/p>\n<p>Jos Anahat-chakrasi on tukossa tai ep\u00e4tasapainossa, saatat kokea oireita, kuten syd\u00e4mentykytys, astma ja heikentynyt immuunij\u00e4rjestelm\u00e4. Vakavimmissa tapauksissa voi tulla syd\u00e4nkohtaus, rintasy\u00f6p\u00e4 tai keuhkosairaus. On kuitenkin ep\u00e4todenn\u00e4k\u00f6ist\u00e4, ett\u00e4 olisit jo joutunut t\u00e4llaiseen tilaan. T\u00e4m\u00e4n chakran tasapainottaminen on yksinkertaista ja auttaa sinua ehk\u00e4isem\u00e4\u00e4n n\u00e4it\u00e4 vakavia sairauksia sek\u00e4 v\u00e4hemm\u00e4n vakavia oireita.<\/p>\n<p><strong>Ep\u00e4tasapainon syit\u00e4:<\/strong><\/p>\n<ul>\n<li>Pelko<\/li>\n<li>Liiallinen vastuu\/vastuun puute<\/li>\n<li>Pelkk\u00e4 oman edun tavoittelu<\/li>\n<\/ul>\n<p><strong>Tasapainotus<\/strong>:<\/p>\n<p>Jos haluat tasapainottaa Anahata-chakraasi, hengit\u00e4 syv\u00e4\u00e4n ja hitaasti useita sekunteja. Tunnet itsesi rentoutuvan sis\u00e4\u00e4n- ja uloshengityksen aikana. Ved\u00e4 syv\u00e4\u00e4n henke\u00e4 ja pid\u00e4ttele sit\u00e4 muutaman sekunnin ajan. Hengit\u00e4 ulos hitaasti ja tasaisesti. Toista t\u00e4t\u00e4 useita kertoja.<\/p>\n<p>Oikean, keskimm\u00e4isen ja vasemman Anahata-chakran tasapainottamiseen voidaan k\u00e4ytt\u00e4\u00e4 my\u00f6s seuraavaa menetelm\u00e4\u00e4. Aseta oikea k\u00e4tesi muutaman sentin p\u00e4\u00e4h\u00e4n syd\u00e4nchakrasta, k\u00e4mmen sis\u00e4\u00e4np\u00e4in. Kun tunnet energian virtaavan k\u00e4tesi l\u00e4pi, kierr\u00e4 sit\u00e4 chakran ymp\u00e4ri my\u00f6t\u00e4p\u00e4iv\u00e4\u00e4n. Toista kiertoa useita kertoja.<\/p>\n<p>Voit tasapainottaa erityisesti vasenta Anahat-chakraasi asettamalla oikean k\u00e4den syd\u00e4mesi p\u00e4\u00e4lle meditoinnin aikana. Toista n\u00e4m\u00e4 sanat useita kertoja: &#8220;Olen yht\u00e4 henkeni kanssa.&#8221; Tunne n\u00e4m\u00e4 sanat syd\u00e4mess\u00e4si.<\/p>\n\n","protected":false},"excerpt":{"rendered":"<p>Anahata-chakra Varaukseton rakkaus ja pelottomuus Ikuinen, kaiken l\u00e4p\u00e4isev\u00e4 Henki (Atma) tulee aivoihin ensimm\u00e4isen kerran ihmisen siki\u00f6n muodostumisen alkuvaiheessa. Shri Mataji kuvailee t\u00e4t\u00e4 hetke\u00e4 ensimm\u00e4iseksi syd\u00e4menly\u00f6nniksi, joka laukaisee meiss\u00e4 olevan el\u00e4m\u00e4nvoiman ja luo tapahtumaketjun, jossa Kundaliinimme kietoo hienojakoisen kehomme yhteen fyysisen kehomme kehityksen kanssa. T\u00e4m\u00e4 sykkiv\u00e4 syd\u00e4n, joka kehittyy l\u00e4hell\u00e4 siki\u00f6n p\u00e4\u00e4t\u00e4, ty\u00f6ntyy my\u00f6hemmin alas rintaan&hellip; <br \/> <a class=\"read-more\" href=\"https:\/\/shrimataji.org\/test\/fi\/anahata-chakra-fi\/\">Read more<\/a><\/p>\n","protected":false},"author":29,"featured_media":9254,"parent":0,"menu_order":0,"comment_status":"closed","ping_status":"closed","template":"","meta":{"inline_featured_image":false,"footnotes":""},"class_list":["post-12557","page","type-page","status-publish","has-post-thumbnail","hentry"],"yoast_head":"<!-- This site is optimized with the Yoast SEO plugin v27.4 - https:\/\/yoast.com\/product\/yoast-seo-wordpress\/ -->\n<title>Anahata-chakra FIN - TEST - SMND<\/title>\n<meta name=\"robots\" content=\"noindex, follow, max-snippet:-1, max-image-preview:large, max-video-preview:-1\" \/>\n<meta property=\"og:locale\" content=\"en_US\" \/>\n<meta property=\"og:type\" content=\"article\" \/>\n<meta property=\"og:title\" content=\"Anahata-chakra FIN - TEST - SMND\" \/>\n<meta property=\"og:description\" content=\"Anahata-chakra Varaukseton rakkaus ja pelottomuus Ikuinen, kaiken l\u00e4p\u00e4isev\u00e4 Henki (Atma) tulee aivoihin ensimm\u00e4isen kerran ihmisen siki\u00f6n muodostumisen alkuvaiheessa. Shri Mataji kuvailee t\u00e4t\u00e4 hetke\u00e4 ensimm\u00e4iseksi syd\u00e4menly\u00f6nniksi, joka laukaisee meiss\u00e4 olevan el\u00e4m\u00e4nvoiman ja luo tapahtumaketjun, jossa Kundaliinimme kietoo hienojakoisen kehomme yhteen fyysisen kehomme kehityksen kanssa. T\u00e4m\u00e4 sykkiv\u00e4 syd\u00e4n, joka kehittyy l\u00e4hell\u00e4 siki\u00f6n p\u00e4\u00e4t\u00e4, ty\u00f6ntyy my\u00f6hemmin alas rintaan&hellip; Read more\" \/>\n<meta property=\"og:url\" content=\"https:\/\/shrimataji.org\/test\/fi\/anahata-chakra-fi\/\" \/>\n<meta property=\"og:site_name\" content=\"TEST - SMND\" \/>\n<meta property=\"article:publisher\" content=\"https:\/\/www.facebook.com\/shrimataji\" \/>\n<meta property=\"article:modified_time\" content=\"2025-09-20T21:07:20+00:00\" \/>\n<meta property=\"og:image\" content=\"https:\/\/shrimataji.org\/test\/wp-content\/uploads\/2023\/03\/19_Banner-SY-Chakra-anahat-scaled.jpg\" \/>\n\t<meta property=\"og:image:width\" content=\"2560\" \/>\n\t<meta property=\"og:image:height\" content=\"905\" \/>\n\t<meta property=\"og:image:type\" content=\"image\/jpeg\" \/>\n<meta name=\"twitter:card\" content=\"summary_large_image\" \/>\n<meta name=\"twitter:site\" content=\"@shrimataji\" \/>\n<meta name=\"twitter:label1\" content=\"Est. reading time\" \/>\n\t<meta name=\"twitter:data1\" content=\"4 minutes\" \/>\n<script type=\"application\/ld+json\" class=\"yoast-schema-graph\">{\"@context\":\"https:\\\/\\\/schema.org\",\"@graph\":[{\"@type\":\"WebPage\",\"@id\":\"https:\\\/\\\/shrimataji.org\\\/test\\\/fi\\\/anahata-chakra-fi\\\/\",\"url\":\"https:\\\/\\\/shrimataji.org\\\/test\\\/fi\\\/anahata-chakra-fi\\\/\",\"name\":\"Anahata-chakra FIN - TEST - SMND\",\"isPartOf\":{\"@id\":\"https:\\\/\\\/shrimataji.org\\\/test\\\/#website\"},\"primaryImageOfPage\":{\"@id\":\"https:\\\/\\\/shrimataji.org\\\/test\\\/fi\\\/anahata-chakra-fi\\\/#primaryimage\"},\"image\":{\"@id\":\"https:\\\/\\\/shrimataji.org\\\/test\\\/fi\\\/anahata-chakra-fi\\\/#primaryimage\"},\"thumbnailUrl\":\"https:\\\/\\\/shrimataji.org\\\/test\\\/wp-content\\\/uploads\\\/2023\\\/03\\\/19_Banner-SY-Chakra-anahat-scaled.jpg\",\"datePublished\":\"2022-03-05T07:42:03+00:00\",\"dateModified\":\"2025-09-20T21:07:20+00:00\",\"breadcrumb\":{\"@id\":\"https:\\\/\\\/shrimataji.org\\\/test\\\/fi\\\/anahata-chakra-fi\\\/#breadcrumb\"},\"inLanguage\":\"en-US\",\"potentialAction\":[{\"@type\":\"ReadAction\",\"target\":[\"https:\\\/\\\/shrimataji.org\\\/test\\\/fi\\\/anahata-chakra-fi\\\/\"]}]},{\"@type\":\"ImageObject\",\"inLanguage\":\"en-US\",\"@id\":\"https:\\\/\\\/shrimataji.org\\\/test\\\/fi\\\/anahata-chakra-fi\\\/#primaryimage\",\"url\":\"https:\\\/\\\/shrimataji.org\\\/test\\\/wp-content\\\/uploads\\\/2023\\\/03\\\/19_Banner-SY-Chakra-anahat-scaled.jpg\",\"contentUrl\":\"https:\\\/\\\/shrimataji.org\\\/test\\\/wp-content\\\/uploads\\\/2023\\\/03\\\/19_Banner-SY-Chakra-anahat-scaled.jpg\",\"width\":2560,\"height\":905},{\"@type\":\"BreadcrumbList\",\"@id\":\"https:\\\/\\\/shrimataji.org\\\/test\\\/fi\\\/anahata-chakra-fi\\\/#breadcrumb\",\"itemListElement\":[{\"@type\":\"ListItem\",\"position\":1,\"name\":\"Home\",\"item\":\"https:\\\/\\\/shrimataji.org\\\/test\\\/uk\\\/home-en\\\/\"},{\"@type\":\"ListItem\",\"position\":2,\"name\":\"Anahata-chakra FIN\"}]},{\"@type\":\"WebSite\",\"@id\":\"https:\\\/\\\/shrimataji.org\\\/test\\\/#website\",\"url\":\"https:\\\/\\\/shrimataji.org\\\/test\\\/\",\"name\":\"Shri Mataji Nirmala Devi\",\"description\":\"A Life Dedicated to Humanity\",\"publisher\":{\"@id\":\"https:\\\/\\\/shrimataji.org\\\/test\\\/#\\\/schema\\\/person\\\/a1b3419c6585f164aa96da1ff85715d1\"},\"potentialAction\":[{\"@type\":\"SearchAction\",\"target\":{\"@type\":\"EntryPoint\",\"urlTemplate\":\"https:\\\/\\\/shrimataji.org\\\/test\\\/?s={search_term_string}\"},\"query-input\":{\"@type\":\"PropertyValueSpecification\",\"valueRequired\":true,\"valueName\":\"search_term_string\"}}],\"inLanguage\":\"en-US\"},{\"@type\":[\"Person\",\"Organization\"],\"@id\":\"https:\\\/\\\/shrimataji.org\\\/test\\\/#\\\/schema\\\/person\\\/a1b3419c6585f164aa96da1ff85715d1\",\"name\":\"Nirmala Shrivastava\",\"image\":{\"@type\":\"ImageObject\",\"inLanguage\":\"en-US\",\"@id\":\"https:\\\/\\\/shrimataji.org\\\/test\\\/wp-content\\\/uploads\\\/2023\\\/02\\\/SMO_LOGO-03.svg\",\"url\":\"https:\\\/\\\/shrimataji.org\\\/test\\\/wp-content\\\/uploads\\\/2023\\\/02\\\/SMO_LOGO-03.svg\",\"contentUrl\":\"https:\\\/\\\/shrimataji.org\\\/test\\\/wp-content\\\/uploads\\\/2023\\\/02\\\/SMO_LOGO-03.svg\",\"width\":\"1024\",\"height\":\"1024\",\"caption\":\"Nirmala Shrivastava\"},\"logo\":{\"@id\":\"https:\\\/\\\/shrimataji.org\\\/test\\\/wp-content\\\/uploads\\\/2023\\\/02\\\/SMO_LOGO-03.svg\"},\"sameAs\":[\"https:\\\/\\\/shrimataji.org\\\/test\",\"https:\\\/\\\/www.facebook.com\\\/shrimataji\",\"https:\\\/\\\/x.com\\\/shrimataji\",\"https:\\\/\\\/www.youtube.com\\\/@Shri_Mataji_Nirmala_Devi\\\/featured\"]}]}<\/script>\n<!-- \/ Yoast SEO plugin. -->","yoast_head_json":{"title":"Anahata-chakra FIN - TEST - SMND","robots":{"index":"noindex","follow":"follow","max-snippet":"max-snippet:-1","max-image-preview":"max-image-preview:large","max-video-preview":"max-video-preview:-1"},"og_locale":"en_US","og_type":"article","og_title":"Anahata-chakra FIN - TEST - SMND","og_description":"Anahata-chakra Varaukseton rakkaus ja pelottomuus Ikuinen, kaiken l\u00e4p\u00e4isev\u00e4 Henki (Atma) tulee aivoihin ensimm\u00e4isen kerran ihmisen siki\u00f6n muodostumisen alkuvaiheessa. Shri Mataji kuvailee t\u00e4t\u00e4 hetke\u00e4 ensimm\u00e4iseksi syd\u00e4menly\u00f6nniksi, joka laukaisee meiss\u00e4 olevan el\u00e4m\u00e4nvoiman ja luo tapahtumaketjun, jossa Kundaliinimme kietoo hienojakoisen kehomme yhteen fyysisen kehomme kehityksen kanssa. T\u00e4m\u00e4 sykkiv\u00e4 syd\u00e4n, joka kehittyy l\u00e4hell\u00e4 siki\u00f6n p\u00e4\u00e4t\u00e4, ty\u00f6ntyy my\u00f6hemmin alas rintaan&hellip; Read more","og_url":"https:\/\/shrimataji.org\/test\/fi\/anahata-chakra-fi\/","og_site_name":"TEST - SMND","article_publisher":"https:\/\/www.facebook.com\/shrimataji","article_modified_time":"2025-09-20T21:07:20+00:00","og_image":[{"width":2560,"height":905,"url":"https:\/\/shrimataji.org\/test\/wp-content\/uploads\/2023\/03\/19_Banner-SY-Chakra-anahat-scaled.jpg","type":"image\/jpeg"}],"twitter_card":"summary_large_image","twitter_site":"@shrimataji","twitter_misc":{"Est. reading time":"4 minutes"},"schema":{"@context":"https:\/\/schema.org","@graph":[{"@type":"WebPage","@id":"https:\/\/shrimataji.org\/test\/fi\/anahata-chakra-fi\/","url":"https:\/\/shrimataji.org\/test\/fi\/anahata-chakra-fi\/","name":"Anahata-chakra FIN - TEST - SMND","isPartOf":{"@id":"https:\/\/shrimataji.org\/test\/#website"},"primaryImageOfPage":{"@id":"https:\/\/shrimataji.org\/test\/fi\/anahata-chakra-fi\/#primaryimage"},"image":{"@id":"https:\/\/shrimataji.org\/test\/fi\/anahata-chakra-fi\/#primaryimage"},"thumbnailUrl":"https:\/\/shrimataji.org\/test\/wp-content\/uploads\/2023\/03\/19_Banner-SY-Chakra-anahat-scaled.jpg","datePublished":"2022-03-05T07:42:03+00:00","dateModified":"2025-09-20T21:07:20+00:00","breadcrumb":{"@id":"https:\/\/shrimataji.org\/test\/fi\/anahata-chakra-fi\/#breadcrumb"},"inLanguage":"en-US","potentialAction":[{"@type":"ReadAction","target":["https:\/\/shrimataji.org\/test\/fi\/anahata-chakra-fi\/"]}]},{"@type":"ImageObject","inLanguage":"en-US","@id":"https:\/\/shrimataji.org\/test\/fi\/anahata-chakra-fi\/#primaryimage","url":"https:\/\/shrimataji.org\/test\/wp-content\/uploads\/2023\/03\/19_Banner-SY-Chakra-anahat-scaled.jpg","contentUrl":"https:\/\/shrimataji.org\/test\/wp-content\/uploads\/2023\/03\/19_Banner-SY-Chakra-anahat-scaled.jpg","width":2560,"height":905},{"@type":"BreadcrumbList","@id":"https:\/\/shrimataji.org\/test\/fi\/anahata-chakra-fi\/#breadcrumb","itemListElement":[{"@type":"ListItem","position":1,"name":"Home","item":"https:\/\/shrimataji.org\/test\/uk\/home-en\/"},{"@type":"ListItem","position":2,"name":"Anahata-chakra FIN"}]},{"@type":"WebSite","@id":"https:\/\/shrimataji.org\/test\/#website","url":"https:\/\/shrimataji.org\/test\/","name":"Shri Mataji Nirmala Devi","description":"A Life Dedicated to Humanity","publisher":{"@id":"https:\/\/shrimataji.org\/test\/#\/schema\/person\/a1b3419c6585f164aa96da1ff85715d1"},"potentialAction":[{"@type":"SearchAction","target":{"@type":"EntryPoint","urlTemplate":"https:\/\/shrimataji.org\/test\/?s={search_term_string}"},"query-input":{"@type":"PropertyValueSpecification","valueRequired":true,"valueName":"search_term_string"}}],"inLanguage":"en-US"},{"@type":["Person","Organization"],"@id":"https:\/\/shrimataji.org\/test\/#\/schema\/person\/a1b3419c6585f164aa96da1ff85715d1","name":"Nirmala Shrivastava","image":{"@type":"ImageObject","inLanguage":"en-US","@id":"https:\/\/shrimataji.org\/test\/wp-content\/uploads\/2023\/02\/SMO_LOGO-03.svg","url":"https:\/\/shrimataji.org\/test\/wp-content\/uploads\/2023\/02\/SMO_LOGO-03.svg","contentUrl":"https:\/\/shrimataji.org\/test\/wp-content\/uploads\/2023\/02\/SMO_LOGO-03.svg","width":"1024","height":"1024","caption":"Nirmala Shrivastava"},"logo":{"@id":"https:\/\/shrimataji.org\/test\/wp-content\/uploads\/2023\/02\/SMO_LOGO-03.svg"},"sameAs":["https:\/\/shrimataji.org\/test","https:\/\/www.facebook.com\/shrimataji","https:\/\/x.com\/shrimataji","https:\/\/www.youtube.com\/@Shri_Mataji_Nirmala_Devi\/featured"]}]}},"lang":"fi","translations":{"fi":12557,"ur":37389,"en":6490,"am":17960,"th":19885,"hu":19435,"sq":18361,"zh":17258,"hi":8331,"tr":10132,"pt":10349,"de":10622,"fr":10720,"it":10818,"es":10916,"ja":11213,"ru":11401,"bn":11593,"te":11701,"sw":11824,"he":11972,"el":12263,"sk":12361,"fa":12459,"bg":13370,"ro":14444,"cs":14637,"nl":16521,"ku":16681,"ar":16857,"be":18568,"kn":18842,"mr":20249,"uk":20541,"ml":20840,"ta":22676,"sv":22949,"gu":28797,"pa":28955,"fil":29395,"da":37703,"pl":37920,"nn":38255},"pll_sync_post":[],"_links":{"self":[{"href":"https:\/\/shrimataji.org\/test\/wp-json\/wp\/v2\/pages\/12557","targetHints":{"allow":["GET"]}}],"collection":[{"href":"https:\/\/shrimataji.org\/test\/wp-json\/wp\/v2\/pages"}],"about":[{"href":"https:\/\/shrimataji.org\/test\/wp-json\/wp\/v2\/types\/page"}],"author":[{"embeddable":true,"href":"https:\/\/shrimataji.org\/test\/wp-json\/wp\/v2\/users\/29"}],"replies":[{"embeddable":true,"href":"https:\/\/shrimataji.org\/test\/wp-json\/wp\/v2\/comments?post=12557"}],"version-history":[{"count":0,"href":"https:\/\/shrimataji.org\/test\/wp-json\/wp\/v2\/pages\/12557\/revisions"}],"wp:featuredmedia":[{"embeddable":true,"href":"https:\/\/shrimataji.org\/test\/wp-json\/wp\/v2\/media\/9254"}],"wp:attachment":[{"href":"https:\/\/shrimataji.org\/test\/wp-json\/wp\/v2\/media?parent=12557"}],"curies":[{"name":"wp","href":"https:\/\/api.w.org\/{rel}","templated":true}]}}