{"id":12558,"date":"2022-01-29T09:56:43","date_gmt":"2022-01-29T09:56:43","guid":{"rendered":"https:\/\/test.shrimataji.org\/?page_id=6391"},"modified":"2025-07-09T19:44:40","modified_gmt":"2025-07-09T19:44:40","slug":"ylosnousemus","status":"publish","type":"page","link":"https:\/\/shrimataji.org\/test\/fi\/ylosnousemus\/","title":{"rendered":"Yl\u00f6snousemus"},"content":{"rendered":"\n\n\t<h1>Yl\u00f6snousemus<\/h1>\n<h2>El\u00e4m\u00e4n illuusioiden ylitt\u00e4minen<\/h2>\n<div class=\"su-quote su-quote-style-default\"><div class=\"su-quote-inner su-u-clearfix su-u-trim\"> Nyt on yl\u00f6snousemuksen aika. &#8230; Ja alatte tuntea viile\u00e4n tuulahduksen tulevan p\u00e4\u00e4nne sis\u00e4lt\u00e4. Tunnette viile\u00e4n tuulen jopa k\u00e4siss\u00e4nne. <\/div><\/div>\n<h4>Itseoivalluksen t\u00e4rkein tavoite on saavuttaa t\u00e4ydellinen tasapainotila, jossa voimme nousta jatkuvasti korkeammille tietoisuuden tasoille. Sahaja Yoga -meditaatio auttaa meit\u00e4 p\u00e4sem\u00e4\u00e4n suuriin korkeuksiin henkisess\u00e4 tietoisuudessamme, ja sen hy\u00f6dyt heijastuvat jokap\u00e4iv\u00e4iseen el\u00e4m\u00e4\u00e4mme, perheeseemme, ty\u00f6h\u00f6mme ja yhteiskuntaan. Se on t\u00e4rke\u00e4 virstanpylv\u00e4s, joka on saavutettava, jotta voimme luoda kest\u00e4v\u00e4n el\u00e4m\u00e4n itsellemme ja maapallollemme.<\/h4>\n<p>Henkisen yl\u00f6snousemuksemme suurin haaste on voittaa t\u00e4m\u00e4 ohimenev\u00e4 el\u00e4m\u00e4, jota usein kutsutaan illusoriseksi el\u00e4m\u00e4ksi ja jota pid\u00e4mme p\u00e4ivitt\u00e4isen\u00e4 todellisuutenamme. Muinaisissa kirjoituksissa kuvataan, ett\u00e4 kaikki inhimilliset kokemuksemme t\u00e4ss\u00e4 ohimenev\u00e4ss\u00e4 el\u00e4m\u00e4ss\u00e4, joka heittelee tietoisuuttamme edestakaisin j\u00e4nnityksen tai masennuksen, mielihyv\u00e4n tai tuskan, voiton tai menetyksen kaksinaisuudessa, ovat onnettomuutemme l\u00e4hde, ja meit\u00e4 neuvotaan seuraamaan asketismin ja meditaation polkua, jotta voisimme kokea rauhaa ja lohtua korkeammassa henkisess\u00e4 tietoisuudessa. T\u00e4m\u00e4 selitt\u00e4\u00e4, miksi monet totuuden etsij\u00e4t yritt\u00e4v\u00e4t luopua maailmasta ja paeta sen kaaosta hakeutumalla syrj\u00e4isiin paikkoihin, kuten Himalajalle, ja uskovat saavuttavansa siell\u00e4 nirvanan eli henkisen vapautumisen. Vaikka kourallinen innokkaita etsij\u00f6it\u00e4 l\u00f6yt\u00e4\u00e4kin valaistumisen itseoivaltaneen gurun johdolla, monet palaavat pettynein\u00e4 ja tyhjin k\u00e4sin, vaikka ovatkin viett\u00e4neet vuosia kovaa askeettista el\u00e4m\u00e4\u00e4 ja harjoittaneet tiukkaa jooga-meditaatiota.<\/p>\n<p>Sahaja Yoga -meditaatio ei vaadi tiukkaa askeettista el\u00e4m\u00e4ntapaa tai vet\u00e4ytymist\u00e4 yhteiskunnasta. Se soveltuu parhaiten harjoitettavaksi perheellisen\u00e4 tai tavallisena kansalaisena, joka el\u00e4\u00e4 keskell\u00e4 yhteiskuntaa. Itse asiassa juuri jokap\u00e4iv\u00e4isen el\u00e4m\u00e4mme haasteet tarjoavat terveen maaper\u00e4n, jolla voimme testata Sahaja Yoga -meditaatioharjoituksen kautta saavuttamaamme yl\u00f6snousun tilaa.<\/p>\n<p>Saavuttamalla itseoivalluksemme Sahaja Yoga -meditaation avulla, ymm\u00e4rr\u00e4mme todellisen luontomme puhtaana universaalina henken\u00e4. T\u00e4m\u00e4n tietoisuuden ja Sahaja Yogan meille tarjoamien ty\u00f6kalujen avulla pystymme todistamaan el\u00e4m\u00e4n myllerryst\u00e4, irrottautumaan liiallisesta ongelmiin ja esteisiin samaistumisesta ja n\u00e4kem\u00e4\u00e4n, ett\u00e4 suuri osa siit\u00e4, mit\u00e4 pid\u00e4mme &#8220;el\u00e4m\u00e4n\u00e4&#8221;, on seurausta itse asettamastamme ajattelutavasta ja odotuksistamme ja on siksi ohimenev\u00e4\u00e4.<\/p>\n<div class=\"epyt-video-wrapper\"><div  data-ep-a=\"fadeIn\"  style=\"display: block; margin: 0px auto;\"  id=\"_ytid_40063\"  width=\"3840\" height=\"2160\"  data-origwidth=\"3840\" data-origheight=\"2160\" data-facadesrc=\"https:\/\/www.youtube.com\/embed\/L9AKl8ypUcE?enablejsapi=1&autoplay=0&cc_load_policy=0&cc_lang_pref=&iv_load_policy=1&loop=0&rel=0&fs=1&playsinline=1&autohide=2&theme=dark&color=red&controls=1&disablekb=0&\" class=\"__youtube_prefs__ epyt-facade  no-lazyload\" data-epautoplay=\"1\" ><img decoding=\"async\" data-spai-excluded=\"true\" class=\"epyt-facade-poster skip-lazy\" loading=\"lazy\"  alt=\"YouTube player\"  src=\"https:\/\/i.ytimg.com\/vi\/L9AKl8ypUcE\/maxresdefault.jpg\"  \/><button class=\"epyt-facade-play\" aria-label=\"Play\"><svg data-no-lazy=\"1\" height=\"100%\" version=\"1.1\" viewBox=\"0 0 68 48\" width=\"100%\"><path class=\"ytp-large-play-button-bg\" d=\"M66.52,7.74c-0.78-2.93-2.49-5.41-5.42-6.19C55.79,.13,34,0,34,0S12.21,.13,6.9,1.55 C3.97,2.33,2.27,4.81,1.48,7.74C0.06,13.05,0,24,0,24s0.06,10.95,1.48,16.26c0.78,2.93,2.49,5.41,5.42,6.19 C12.21,47.87,34,48,34,48s21.79-0.13,27.1-1.55c2.93-0.78,4.64-3.26,5.42-6.19C67.94,34.95,68,24,68,24S67.94,13.05,66.52,7.74z\" fill=\"#f00\"><\/path><path d=\"M 45,24 27,14 27,34\" fill=\"#fff\"><\/path><\/svg><\/button><\/div><\/div><span itemprop=\"video\" itemscope itemtype=\"http:\/\/schema.org\/VideoObject\"><meta itemprop=\"embedUrl\" content=\"https:\/\/www.youtube.com\/embed\/L9AKl8ypUcE\"><meta itemprop=\"name\" content=\"Ascent\"><meta itemprop=\"description\" content=\"YouTube video\"><meta itemprop=\"thumbnailUrl\" content=\"https:\/\/i.ytimg.com\/vi\/L9AKl8ypUcE\/0.jpg\"><meta itemprop=\"duration\" content=\"PT49S\"><meta itemprop=\"uploadDate\" content=\"2022-11-12T03:28:05Z\"><\/span>\n<div class=\"su-quote su-quote-style-default\"><div class=\"su-quote-inner su-u-clearfix su-u-trim\"> Yl\u00f6snousemus on el\u00e4m\u00e4si p\u00e4\u00e4m\u00e4\u00e4r\u00e4, ja sen t\u00e4ydellist\u00e4minen on ty\u00f6si. <\/div><\/div>\n<p>Kaikki Sahaja Yogan todellisen tiedon aarteet l\u00f6ytyv\u00e4t H\u00e4nen Pyhyytens\u00e4 Shri Mataji Nirmala Devin tuhansista puheista. Jokainen n\u00e4ist\u00e4 puheista auttaa meit\u00e4 l\u00f6yt\u00e4m\u00e4\u00e4n henkisen olemassaolomme kauniit ulottuvuudet ja l\u00f6yt\u00e4m\u00e4\u00e4n asianmukaista opastusta, jotta voimme kasvaa t\u00e4ss\u00e4 tietoisuudessa. Suosittelemme lukijoillemme aktiivista tutustumista erilaisiin puheisiin, jotka l\u00f6ytyv\u00e4t Yleis\u00f6tilaisuudet-osioista sek\u00e4 Kirjasto-osiosta.<\/p>\n<p>T\u00e4ss\u00e4 jaamme yhden t\u00e4llaisen kauniin puheen <a href=\"https:\/\/shrimataji.org\/test\/fi\/henkinen-ylosnousemuksemme\/\" target=\"_blank\" rel=\"noopener\">Henkisest\u00e4 yl\u00f6snousemuksestamme<\/a> henkisen meditatiivisen tilamme syvent\u00e4miseksi.<\/p>\n<p>&nbsp;<\/p>\n\n","protected":false},"excerpt":{"rendered":"<p>Yl\u00f6snousemus El\u00e4m\u00e4n illuusioiden ylitt\u00e4minen Itseoivalluksen t\u00e4rkein tavoite on saavuttaa t\u00e4ydellinen tasapainotila, jossa voimme nousta jatkuvasti korkeammille tietoisuuden tasoille. Sahaja Yoga -meditaatio auttaa meit\u00e4 p\u00e4sem\u00e4\u00e4n suuriin korkeuksiin henkisess\u00e4 tietoisuudessamme, ja sen hy\u00f6dyt heijastuvat jokap\u00e4iv\u00e4iseen el\u00e4m\u00e4\u00e4mme, perheeseemme, ty\u00f6h\u00f6mme ja yhteiskuntaan. Se on t\u00e4rke\u00e4 virstanpylv\u00e4s, joka on saavutettava, jotta voimme luoda kest\u00e4v\u00e4n el\u00e4m\u00e4n itsellemme ja maapallollemme. Henkisen yl\u00f6snousemuksemme&hellip; <br \/> <a class=\"read-more\" href=\"https:\/\/shrimataji.org\/test\/fi\/ylosnousemus\/\">Read more<\/a><\/p>\n","protected":false},"author":29,"featured_media":9262,"parent":0,"menu_order":0,"comment_status":"closed","ping_status":"closed","template":"","meta":{"inline_featured_image":false,"footnotes":""},"class_list":["post-12558","page","type-page","status-publish","has-post-thumbnail","hentry"],"yoast_head":"<!-- This site is optimized with the Yoast SEO plugin v27.4 - https:\/\/yoast.com\/product\/yoast-seo-wordpress\/ -->\n<title>Yl\u00f6snousemus - TEST - SMND<\/title>\n<meta name=\"robots\" content=\"noindex, follow, max-snippet:-1, max-image-preview:large, max-video-preview:-1\" \/>\n<meta property=\"og:locale\" content=\"en_US\" \/>\n<meta property=\"og:type\" content=\"article\" \/>\n<meta property=\"og:title\" content=\"Yl\u00f6snousemus - TEST - SMND\" \/>\n<meta property=\"og:description\" content=\"Yl\u00f6snousemus El\u00e4m\u00e4n illuusioiden ylitt\u00e4minen Itseoivalluksen t\u00e4rkein tavoite on saavuttaa t\u00e4ydellinen tasapainotila, jossa voimme nousta jatkuvasti korkeammille tietoisuuden tasoille. Sahaja Yoga -meditaatio auttaa meit\u00e4 p\u00e4sem\u00e4\u00e4n suuriin korkeuksiin henkisess\u00e4 tietoisuudessamme, ja sen hy\u00f6dyt heijastuvat jokap\u00e4iv\u00e4iseen el\u00e4m\u00e4\u00e4mme, perheeseemme, ty\u00f6h\u00f6mme ja yhteiskuntaan. Se on t\u00e4rke\u00e4 virstanpylv\u00e4s, joka on saavutettava, jotta voimme luoda kest\u00e4v\u00e4n el\u00e4m\u00e4n itsellemme ja maapallollemme. Henkisen yl\u00f6snousemuksemme&hellip; Read more\" \/>\n<meta property=\"og:url\" content=\"https:\/\/shrimataji.org\/test\/fi\/ylosnousemus\/\" \/>\n<meta property=\"og:site_name\" content=\"TEST - SMND\" \/>\n<meta property=\"article:publisher\" content=\"https:\/\/www.facebook.com\/shrimataji\" \/>\n<meta property=\"article:modified_time\" content=\"2025-07-09T19:44:40+00:00\" \/>\n<meta property=\"og:image\" content=\"https:\/\/shrimataji.org\/test\/wp-content\/uploads\/2023\/03\/27_Banner-SY-Ascent-scaled.jpg\" \/>\n\t<meta property=\"og:image:width\" content=\"2560\" \/>\n\t<meta property=\"og:image:height\" content=\"905\" \/>\n\t<meta property=\"og:image:type\" content=\"image\/jpeg\" \/>\n<meta name=\"twitter:card\" content=\"summary_large_image\" \/>\n<meta name=\"twitter:site\" content=\"@shrimataji\" \/>\n<meta name=\"twitter:label1\" content=\"Est. reading time\" \/>\n\t<meta name=\"twitter:data1\" content=\"3 minutes\" \/>\n<script type=\"application\/ld+json\" class=\"yoast-schema-graph\">{\"@context\":\"https:\\\/\\\/schema.org\",\"@graph\":[{\"@type\":\"WebPage\",\"@id\":\"https:\\\/\\\/shrimataji.org\\\/test\\\/fi\\\/ylosnousemus\\\/\",\"url\":\"https:\\\/\\\/shrimataji.org\\\/test\\\/fi\\\/ylosnousemus\\\/\",\"name\":\"Yl\u00f6snousemus - TEST - SMND\",\"isPartOf\":{\"@id\":\"https:\\\/\\\/shrimataji.org\\\/test\\\/#website\"},\"primaryImageOfPage\":{\"@id\":\"https:\\\/\\\/shrimataji.org\\\/test\\\/fi\\\/ylosnousemus\\\/#primaryimage\"},\"image\":{\"@id\":\"https:\\\/\\\/shrimataji.org\\\/test\\\/fi\\\/ylosnousemus\\\/#primaryimage\"},\"thumbnailUrl\":\"https:\\\/\\\/shrimataji.org\\\/test\\\/wp-content\\\/uploads\\\/2023\\\/03\\\/27_Banner-SY-Ascent-scaled.jpg\",\"datePublished\":\"2022-01-29T09:56:43+00:00\",\"dateModified\":\"2025-07-09T19:44:40+00:00\",\"breadcrumb\":{\"@id\":\"https:\\\/\\\/shrimataji.org\\\/test\\\/fi\\\/ylosnousemus\\\/#breadcrumb\"},\"inLanguage\":\"en-US\",\"potentialAction\":[{\"@type\":\"ReadAction\",\"target\":[\"https:\\\/\\\/shrimataji.org\\\/test\\\/fi\\\/ylosnousemus\\\/\"]}]},{\"@type\":\"ImageObject\",\"inLanguage\":\"en-US\",\"@id\":\"https:\\\/\\\/shrimataji.org\\\/test\\\/fi\\\/ylosnousemus\\\/#primaryimage\",\"url\":\"https:\\\/\\\/shrimataji.org\\\/test\\\/wp-content\\\/uploads\\\/2023\\\/03\\\/27_Banner-SY-Ascent-scaled.jpg\",\"contentUrl\":\"https:\\\/\\\/shrimataji.org\\\/test\\\/wp-content\\\/uploads\\\/2023\\\/03\\\/27_Banner-SY-Ascent-scaled.jpg\",\"width\":2560,\"height\":905},{\"@type\":\"BreadcrumbList\",\"@id\":\"https:\\\/\\\/shrimataji.org\\\/test\\\/fi\\\/ylosnousemus\\\/#breadcrumb\",\"itemListElement\":[{\"@type\":\"ListItem\",\"position\":1,\"name\":\"Home\",\"item\":\"https:\\\/\\\/shrimataji.org\\\/test\\\/uk\\\/home-en\\\/\"},{\"@type\":\"ListItem\",\"position\":2,\"name\":\"Yl\u00f6snousemus\"}]},{\"@type\":\"WebSite\",\"@id\":\"https:\\\/\\\/shrimataji.org\\\/test\\\/#website\",\"url\":\"https:\\\/\\\/shrimataji.org\\\/test\\\/\",\"name\":\"Shri Mataji Nirmala Devi\",\"description\":\"A Life Dedicated to Humanity\",\"publisher\":{\"@id\":\"https:\\\/\\\/shrimataji.org\\\/test\\\/#\\\/schema\\\/person\\\/a1b3419c6585f164aa96da1ff85715d1\"},\"potentialAction\":[{\"@type\":\"SearchAction\",\"target\":{\"@type\":\"EntryPoint\",\"urlTemplate\":\"https:\\\/\\\/shrimataji.org\\\/test\\\/?s={search_term_string}\"},\"query-input\":{\"@type\":\"PropertyValueSpecification\",\"valueRequired\":true,\"valueName\":\"search_term_string\"}}],\"inLanguage\":\"en-US\"},{\"@type\":[\"Person\",\"Organization\"],\"@id\":\"https:\\\/\\\/shrimataji.org\\\/test\\\/#\\\/schema\\\/person\\\/a1b3419c6585f164aa96da1ff85715d1\",\"name\":\"Nirmala Shrivastava\",\"image\":{\"@type\":\"ImageObject\",\"inLanguage\":\"en-US\",\"@id\":\"https:\\\/\\\/shrimataji.org\\\/test\\\/wp-content\\\/uploads\\\/2023\\\/02\\\/SMO_LOGO-03.svg\",\"url\":\"https:\\\/\\\/shrimataji.org\\\/test\\\/wp-content\\\/uploads\\\/2023\\\/02\\\/SMO_LOGO-03.svg\",\"contentUrl\":\"https:\\\/\\\/shrimataji.org\\\/test\\\/wp-content\\\/uploads\\\/2023\\\/02\\\/SMO_LOGO-03.svg\",\"width\":\"1024\",\"height\":\"1024\",\"caption\":\"Nirmala Shrivastava\"},\"logo\":{\"@id\":\"https:\\\/\\\/shrimataji.org\\\/test\\\/wp-content\\\/uploads\\\/2023\\\/02\\\/SMO_LOGO-03.svg\"},\"sameAs\":[\"https:\\\/\\\/shrimataji.org\\\/test\",\"https:\\\/\\\/www.facebook.com\\\/shrimataji\",\"https:\\\/\\\/x.com\\\/shrimataji\",\"https:\\\/\\\/www.youtube.com\\\/@Shri_Mataji_Nirmala_Devi\\\/featured\"]}]}<\/script>\n<!-- \/ Yoast SEO plugin. -->","yoast_head_json":{"title":"Yl\u00f6snousemus - TEST - SMND","robots":{"index":"noindex","follow":"follow","max-snippet":"max-snippet:-1","max-image-preview":"max-image-preview:large","max-video-preview":"max-video-preview:-1"},"og_locale":"en_US","og_type":"article","og_title":"Yl\u00f6snousemus - TEST - SMND","og_description":"Yl\u00f6snousemus El\u00e4m\u00e4n illuusioiden ylitt\u00e4minen Itseoivalluksen t\u00e4rkein tavoite on saavuttaa t\u00e4ydellinen tasapainotila, jossa voimme nousta jatkuvasti korkeammille tietoisuuden tasoille. Sahaja Yoga -meditaatio auttaa meit\u00e4 p\u00e4sem\u00e4\u00e4n suuriin korkeuksiin henkisess\u00e4 tietoisuudessamme, ja sen hy\u00f6dyt heijastuvat jokap\u00e4iv\u00e4iseen el\u00e4m\u00e4\u00e4mme, perheeseemme, ty\u00f6h\u00f6mme ja yhteiskuntaan. Se on t\u00e4rke\u00e4 virstanpylv\u00e4s, joka on saavutettava, jotta voimme luoda kest\u00e4v\u00e4n el\u00e4m\u00e4n itsellemme ja maapallollemme. Henkisen yl\u00f6snousemuksemme&hellip; Read more","og_url":"https:\/\/shrimataji.org\/test\/fi\/ylosnousemus\/","og_site_name":"TEST - SMND","article_publisher":"https:\/\/www.facebook.com\/shrimataji","article_modified_time":"2025-07-09T19:44:40+00:00","og_image":[{"width":2560,"height":905,"url":"https:\/\/shrimataji.org\/test\/wp-content\/uploads\/2023\/03\/27_Banner-SY-Ascent-scaled.jpg","type":"image\/jpeg"}],"twitter_card":"summary_large_image","twitter_site":"@shrimataji","twitter_misc":{"Est. reading time":"3 minutes"},"schema":{"@context":"https:\/\/schema.org","@graph":[{"@type":"WebPage","@id":"https:\/\/shrimataji.org\/test\/fi\/ylosnousemus\/","url":"https:\/\/shrimataji.org\/test\/fi\/ylosnousemus\/","name":"Yl\u00f6snousemus - TEST - SMND","isPartOf":{"@id":"https:\/\/shrimataji.org\/test\/#website"},"primaryImageOfPage":{"@id":"https:\/\/shrimataji.org\/test\/fi\/ylosnousemus\/#primaryimage"},"image":{"@id":"https:\/\/shrimataji.org\/test\/fi\/ylosnousemus\/#primaryimage"},"thumbnailUrl":"https:\/\/shrimataji.org\/test\/wp-content\/uploads\/2023\/03\/27_Banner-SY-Ascent-scaled.jpg","datePublished":"2022-01-29T09:56:43+00:00","dateModified":"2025-07-09T19:44:40+00:00","breadcrumb":{"@id":"https:\/\/shrimataji.org\/test\/fi\/ylosnousemus\/#breadcrumb"},"inLanguage":"en-US","potentialAction":[{"@type":"ReadAction","target":["https:\/\/shrimataji.org\/test\/fi\/ylosnousemus\/"]}]},{"@type":"ImageObject","inLanguage":"en-US","@id":"https:\/\/shrimataji.org\/test\/fi\/ylosnousemus\/#primaryimage","url":"https:\/\/shrimataji.org\/test\/wp-content\/uploads\/2023\/03\/27_Banner-SY-Ascent-scaled.jpg","contentUrl":"https:\/\/shrimataji.org\/test\/wp-content\/uploads\/2023\/03\/27_Banner-SY-Ascent-scaled.jpg","width":2560,"height":905},{"@type":"BreadcrumbList","@id":"https:\/\/shrimataji.org\/test\/fi\/ylosnousemus\/#breadcrumb","itemListElement":[{"@type":"ListItem","position":1,"name":"Home","item":"https:\/\/shrimataji.org\/test\/uk\/home-en\/"},{"@type":"ListItem","position":2,"name":"Yl\u00f6snousemus"}]},{"@type":"WebSite","@id":"https:\/\/shrimataji.org\/test\/#website","url":"https:\/\/shrimataji.org\/test\/","name":"Shri Mataji Nirmala Devi","description":"A Life Dedicated to Humanity","publisher":{"@id":"https:\/\/shrimataji.org\/test\/#\/schema\/person\/a1b3419c6585f164aa96da1ff85715d1"},"potentialAction":[{"@type":"SearchAction","target":{"@type":"EntryPoint","urlTemplate":"https:\/\/shrimataji.org\/test\/?s={search_term_string}"},"query-input":{"@type":"PropertyValueSpecification","valueRequired":true,"valueName":"search_term_string"}}],"inLanguage":"en-US"},{"@type":["Person","Organization"],"@id":"https:\/\/shrimataji.org\/test\/#\/schema\/person\/a1b3419c6585f164aa96da1ff85715d1","name":"Nirmala Shrivastava","image":{"@type":"ImageObject","inLanguage":"en-US","@id":"https:\/\/shrimataji.org\/test\/wp-content\/uploads\/2023\/02\/SMO_LOGO-03.svg","url":"https:\/\/shrimataji.org\/test\/wp-content\/uploads\/2023\/02\/SMO_LOGO-03.svg","contentUrl":"https:\/\/shrimataji.org\/test\/wp-content\/uploads\/2023\/02\/SMO_LOGO-03.svg","width":"1024","height":"1024","caption":"Nirmala Shrivastava"},"logo":{"@id":"https:\/\/shrimataji.org\/test\/wp-content\/uploads\/2023\/02\/SMO_LOGO-03.svg"},"sameAs":["https:\/\/shrimataji.org\/test","https:\/\/www.facebook.com\/shrimataji","https:\/\/x.com\/shrimataji","https:\/\/www.youtube.com\/@Shri_Mataji_Nirmala_Devi\/featured"]}]}},"lang":"fi","translations":{"fi":12558,"ur":37391,"en":6391,"am":17962,"th":19888,"hu":19437,"sq":18363,"zh":17260,"hi":7355,"tr":10133,"pt":10350,"de":10623,"fr":10721,"it":10819,"es":10917,"ja":11214,"ru":11402,"bn":11594,"te":11702,"sw":11825,"he":11973,"el":12264,"sk":12362,"fa":12460,"bg":13397,"ro":14471,"cs":14664,"nl":16523,"ku":16683,"ar":16859,"be":18570,"kn":18844,"mr":20252,"uk":20544,"ml":20843,"ta":22678,"sv":22951,"gu":28799,"pa":28957,"fil":29397,"da":37705,"pl":37922,"nn":38257},"pll_sync_post":[],"_links":{"self":[{"href":"https:\/\/shrimataji.org\/test\/wp-json\/wp\/v2\/pages\/12558","targetHints":{"allow":["GET"]}}],"collection":[{"href":"https:\/\/shrimataji.org\/test\/wp-json\/wp\/v2\/pages"}],"about":[{"href":"https:\/\/shrimataji.org\/test\/wp-json\/wp\/v2\/types\/page"}],"author":[{"embeddable":true,"href":"https:\/\/shrimataji.org\/test\/wp-json\/wp\/v2\/users\/29"}],"replies":[{"embeddable":true,"href":"https:\/\/shrimataji.org\/test\/wp-json\/wp\/v2\/comments?post=12558"}],"version-history":[{"count":0,"href":"https:\/\/shrimataji.org\/test\/wp-json\/wp\/v2\/pages\/12558\/revisions"}],"wp:featuredmedia":[{"embeddable":true,"href":"https:\/\/shrimataji.org\/test\/wp-json\/wp\/v2\/media\/9262"}],"wp:attachment":[{"href":"https:\/\/shrimataji.org\/test\/wp-json\/wp\/v2\/media?parent=12558"}],"curies":[{"name":"wp","href":"https:\/\/api.w.org\/{rel}","templated":true}]}}