{"id":12560,"date":"2022-01-29T10:07:35","date_gmt":"2022-01-29T10:07:35","guid":{"rendered":"https:\/\/test.shrimataji.org\/?page_id=6397"},"modified":"2025-06-12T07:37:11","modified_gmt":"2025-06-12T07:37:11","slug":"atma-henki","status":"publish","type":"page","link":"https:\/\/shrimataji.org\/test\/fi\/atma-henki\/","title":{"rendered":"Atma (Henki)"},"content":{"rendered":"\n\n\t<h1>Atma<\/h1>\n<h2>Ikuinen Itse meiss\u00e4<\/h2>\n<div class=\"su-quote su-quote-style-default\"><div class=\"su-quote-inner su-u-clearfix su-u-trim\">Sis\u00e4ll\u00e4mme loistaa t\u00e4hti, se on meid\u00e4n Henkemme.<\/div><\/div>\n\t<h4>Ihmissiki\u00f6n kehityksen hyvin varhaisessa vaiheessa Atma (sanskritinkielinen sana, joka tarkoittaa ikuista Henke\u00e4mme) tulee ensimm\u00e4isen kerran siki\u00f6n syd\u00e4meen, joka alkaa sykki\u00e4.<\/h4>\n<h4>Biologisesti syd\u00e4memme kehittyy alkion p\u00e4\u00e4n l\u00e4helle syd\u00e4nalueelle ja ty\u00f6ntyy my\u00f6hemmin alas rintakeh\u00e4\u00e4n kehomme kehittyess\u00e4. Atma asuu syd\u00e4mess\u00e4 el\u00e4m\u00e4mme hiljaisena sivustaseuraajana ja tulee tietoisuuteemme vasta itseoivalluksen kautta. Se on sis\u00e4ll\u00e4mme olevan ikiaikaisen olennon heijastuma.<\/h4>\n<p>Se ei kehity, vaan se on pikemminkin evoluutiomme p\u00e4\u00e4m\u00e4\u00e4r\u00e4, tai voisi sanoa, ett\u00e4 ihmisen tietoisuuden evoluution p\u00e4\u00e4m\u00e4\u00e4r\u00e4 on saavuttaa Hengen tila.<\/p>\n\t<p>Kun l\u00e4nsimainen filosofia py\u00f6rii individualismin ja persoonallisuuden tai egon kehitt\u00e4misen ymp\u00e4rill\u00e4, it\u00e4mainen filosofia liittyy kollektiivisuuteen ja pyrkii k\u00e4\u00e4nt\u00e4m\u00e4\u00e4n yksil\u00f6n sis\u00e4\u00e4np\u00e4in kollektiiviseen olemukseemme, kaikkialla olevaan Henkeen.<\/p>\n\t\t\t\t<a href=\"https:\/\/shrimataji.org\/test\/wp-content\/uploads\/2023\/02\/4a-Atma-01.png\"  target=\"_blank\" rel=\"noopener\"  itemprop=\"url\">\n\t\t\t\t<img loading=\"lazy\" decoding=\"async\" src=\"https:\/\/shrimataji.org\/test\/wp-content\/uploads\/2025\/04\/4a-Atma-01-scaled.png\" alt=\"4a-Atma-01\" itemprop=\"image\" height=\"2560\" width=\"2402\" title=\"4a-Atma-01\" onerror=\"this.style.display='none'\"  \/>\n\t\t\t\t<\/a>\n\t<p>Shri Mataji kuvailee, kuinka napanuoran katkaiseminen syntym\u00e4ss\u00e4 aiheuttaa tietoisuutemme erottumisen absoluuttisesta jumalallisesta tietoisuudesta hienojakoisessa Sushumna-kanavassa. Karkealla tasolla t\u00e4m\u00e4 erottelu vastaa aurinkopunoksen ja parasympaattisen hermoston vagushermon v\u00e4list\u00e4 kuilua. T\u00e4m\u00e4 ilmi\u00f6 on nimetty monissa muinaisissa kirjoituksissa esimerkiksi Zen-j\u00e4rjestelm\u00e4ss\u00e4 Voidiksi ja hindulaisuudessa Mayaksi (illuusio). My\u00f6hemmin lapsuutemme aikana, kun rajalliset inhimilliset samaistumisemme, joita symboloivat ego ja superego, puhkeavat ilmapallon tavoin ja peitt\u00e4v\u00e4t aivojen vasemman ja oikean aivopuoliskon, jotka vastaavat vasemman ja oikean sympaattisen hermoston p\u00e4it\u00e4, se ymp\u00e4r\u00f6i tietoisuutemme t\u00e4ysin erillisen\u00e4 kokonaisuutena ja tietoisuus &#8220;min\u00e4st\u00e4&#8221; (Aham) p\u00e4\u00e4see hallitsemaan.<\/p>\n\t<p>Kun Kundaliini itseoivallusprosessin kautta nousee syd\u00e4meen, se valaisee Atman ja alamme tuntea Atman sis\u00e4isen ominaisuuden, olemassaolon, puhtaan ilon. Kun Kundaliini nousee edelleen Sahasrara-chakraan, ylimp\u00e4\u00e4n energiakeskukseen, joka sijaitsee p\u00e4\u00e4n fontanella-alueella, yksil\u00f6llinen Atmamme yhdistyy kaikkialla olevaan universaaliin voimaan, ja uppoamme autuuteen, joka syntyy siit\u00e4, ett\u00e4 olemme yht\u00e4 itsemme ja maailmankaikkeudessa vallitsevan voiman kanssa. Jopa h\u00e4iv\u00e4hdyskin t\u00e4st\u00e4 ilosta (jonka saatamme havaita, kun vain muutama Kundaliinin s\u00e4ie nousee p\u00e4\u00e4mme yl\u00e4puolelle) voi toimia johtot\u00e4hten\u00e4 henkisell\u00e4 matkallamme. Kun kerran tunnemme tuon ilon, emme halua menett\u00e4\u00e4 sit\u00e4 ja pid\u00e4tt\u00e4ydymme automaattisesti asenteista ja k\u00e4ytt\u00e4ytymistavoista, jotka haittaavat sen yll\u00e4pitoa ja kasvua. Siksi Sahaja Yogassa on hyvin v\u00e4h\u00e4n s\u00e4\u00e4nt\u00f6j\u00e4 eik\u00e4 ollenkaan dogmeja.<\/p>\n\t\t\t\t<img loading=\"lazy\" decoding=\"async\" src=\"https:\/\/shrimataji.org\/test\/wp-content\/uploads\/2023\/02\/GISELE_MOURA_HAF_10DEZ2022__14-scaled.jpg\" alt=\"GISELE_MOURA_HAF_10DEZ2022__14\" itemprop=\"image\" height=\"1918\" width=\"2560\" title=\"GISELE_MOURA_HAF_10DEZ2022__14\" onerror=\"this.style.display='none'\"  \/>\n\t<div class=\"su-quote su-quote-style-default\"><div class=\"su-quote-inner su-u-clearfix su-u-trim\">Silloin on tiedett\u00e4v\u00e4, ett\u00e4 me olemme rauha, koska Henki on rauhan l\u00e4hde. Kun teist\u00e4 tulee Henki, Henki tulee huomioonne, ja teist\u00e4 tulee hyvin rauhallinen. Se on kuin olisitte reuna-alueella, kuten py\u00f6r\u00e4ss\u00e4: jos olette reuna-alueella, liikutte koko ajan, mutta py\u00f6r\u00e4n keskell\u00e4 on t\u00e4ysin rauhallista. Aivan kuin hypp\u00e4isitte keskipisteeseenne, sielt\u00e4 n\u00e4ette kaiken py\u00f6r\u00e4n liikkeen, mutta olette keskell\u00e4, eik\u00e4 se h\u00e4iritse teit\u00e4. N\u00e4ette ongelmat hyvin helposti ja voitte hoitaa ne.<\/div><\/div>\n\t<img decoding=\"async\" data-spai-excluded=\"true\" loading=\"lazy\"  alt=\"YouTube player\"  src=\"https:\/\/i.ytimg.com\/vi\/8-7C4nLmAI4\/maxresdefault.jpg\"  \/><button aria-label=\"Play\"><\/button><meta itemprop=\"embedUrl\" content=\"https:\/\/www.youtube.com\/embed\/8-7C4nLmAI4\"\/><meta itemprop=\"name\" content=\"The nature of the Spirit\"\/><meta itemprop=\"description\" content=\"YouTube video\"\/><meta itemprop=\"thumbnailUrl\" content=\"https:\/\/i.ytimg.com\/vi\/8-7C4nLmAI4\/0.jpg\"\/><meta itemprop=\"duration\" content=\"PT1M54S\"\/><meta itemprop=\"uploadDate\" content=\"2022-11-12T03:25:59Z\"\/>\n\t<p>Adi Shankaracharya, yksi Intian tunnetuimmista henkisist\u00e4 mestareista, kuvaa t\u00e4t\u00e4 syd\u00e4mess\u00e4mme heijastuvaa kollektiivisen olemuksen absoluuttista tietoisuuden tilaa ikuisena autuutena kauniissa &#8220;Atma Shatakam&#8221; -runon s\u00e4keist\u00f6iss\u00e4.<\/p>\n\t<p><em>&#8220;Manobuddhyahamkar.<\/em> <em>Chittani Na Aham<\/em><\/p>\n<p>En ole \u00e4ly, mieli, huomio enk\u00e4 ego.<\/p>\n<p><em>Na cha Shrotr.<\/em> <em>Jihve, Na cha ghraan Netreghraan Netre<\/em><\/p>\n<p>En ole kuulo, en maistamisen, haistamisen tai n\u00e4kemisen aisti.<\/p>\n<p><em>Na cha vyom.<\/em> <em>Bhumir Na Tejo Na Vayu Na Vayu<\/em><\/p>\n<p>En ole taivas enk\u00e4 maa, en tuli enk\u00e4 ilma.<\/p>\n<p><em>Chidanand.<\/em> <em>Rupah., Shivo.ham, Shivo.ham, Shivo.ham.<\/em><\/p>\n<p>Olen ikuinen autuus ja tietoisuus, olen Shiva, olen Shiva.&#8221;<\/p>\n\t<div class=\"su-quote su-quote-style-default\"><div class=\"su-quote-inner su-u-clearfix su-u-trim\">Totuus on, ett\u00e4 te ette ole t\u00e4m\u00e4 ruumis, ette ole t\u00e4m\u00e4 \u00e4ly, ette ole tunteet, vaan olette Henki.<\/div><\/div>\n\n","protected":false},"excerpt":{"rendered":"<p>Atma Ikuinen Itse meiss\u00e4 Ihmissiki\u00f6n kehityksen hyvin varhaisessa vaiheessa Atma (sanskritinkielinen sana, joka tarkoittaa ikuista Henke\u00e4mme) tulee ensimm\u00e4isen kerran siki\u00f6n syd\u00e4meen, joka alkaa sykki\u00e4. Biologisesti syd\u00e4memme kehittyy alkion p\u00e4\u00e4n l\u00e4helle syd\u00e4nalueelle ja ty\u00f6ntyy my\u00f6hemmin alas rintakeh\u00e4\u00e4n kehomme kehittyess\u00e4. Atma asuu syd\u00e4mess\u00e4 el\u00e4m\u00e4mme hiljaisena sivustaseuraajana ja tulee tietoisuuteemme vasta itseoivalluksen kautta. Se on sis\u00e4ll\u00e4mme olevan ikiaikaisen&hellip; <br \/> <a class=\"read-more\" href=\"https:\/\/shrimataji.org\/test\/fi\/atma-henki\/\">Read more<\/a><\/p>\n","protected":false},"author":29,"featured_media":9243,"parent":0,"menu_order":0,"comment_status":"closed","ping_status":"closed","template":"","meta":{"inline_featured_image":false,"footnotes":""},"class_list":["post-12560","page","type-page","status-publish","has-post-thumbnail","hentry"],"yoast_head":"<!-- This site is optimized with the Yoast SEO plugin v27.4 - https:\/\/yoast.com\/product\/yoast-seo-wordpress\/ -->\n<title>Atma (Henki) - TEST - SMND<\/title>\n<meta name=\"robots\" content=\"noindex, follow, max-snippet:-1, max-image-preview:large, max-video-preview:-1\" \/>\n<meta property=\"og:locale\" content=\"en_US\" \/>\n<meta property=\"og:type\" content=\"article\" \/>\n<meta property=\"og:title\" content=\"Atma (Henki) - TEST - SMND\" \/>\n<meta property=\"og:description\" content=\"Atma Ikuinen Itse meiss\u00e4 Ihmissiki\u00f6n kehityksen hyvin varhaisessa vaiheessa Atma (sanskritinkielinen sana, joka tarkoittaa ikuista Henke\u00e4mme) tulee ensimm\u00e4isen kerran siki\u00f6n syd\u00e4meen, joka alkaa sykki\u00e4. Biologisesti syd\u00e4memme kehittyy alkion p\u00e4\u00e4n l\u00e4helle syd\u00e4nalueelle ja ty\u00f6ntyy my\u00f6hemmin alas rintakeh\u00e4\u00e4n kehomme kehittyess\u00e4. Atma asuu syd\u00e4mess\u00e4 el\u00e4m\u00e4mme hiljaisena sivustaseuraajana ja tulee tietoisuuteemme vasta itseoivalluksen kautta. Se on sis\u00e4ll\u00e4mme olevan ikiaikaisen&hellip; Read more\" \/>\n<meta property=\"og:url\" content=\"https:\/\/shrimataji.org\/test\/fi\/atma-henki\/\" \/>\n<meta property=\"og:site_name\" content=\"TEST - SMND\" \/>\n<meta property=\"article:publisher\" content=\"https:\/\/www.facebook.com\/shrimataji\" \/>\n<meta property=\"article:modified_time\" content=\"2025-06-12T07:37:11+00:00\" \/>\n<meta property=\"og:image\" content=\"https:\/\/shrimataji.org\/test\/wp-content\/uploads\/2023\/03\/8_Banner-SY-Atma-scaled.jpg\" \/>\n\t<meta property=\"og:image:width\" content=\"2560\" \/>\n\t<meta property=\"og:image:height\" content=\"905\" \/>\n\t<meta property=\"og:image:type\" content=\"image\/jpeg\" \/>\n<meta name=\"twitter:card\" content=\"summary_large_image\" \/>\n<meta name=\"twitter:site\" content=\"@shrimataji\" \/>\n<meta name=\"twitter:label1\" content=\"Est. reading time\" \/>\n\t<meta name=\"twitter:data1\" content=\"3 minutes\" \/>\n<script type=\"application\/ld+json\" class=\"yoast-schema-graph\">{\"@context\":\"https:\\\/\\\/schema.org\",\"@graph\":[{\"@type\":\"WebPage\",\"@id\":\"https:\\\/\\\/shrimataji.org\\\/test\\\/fi\\\/atma-henki\\\/\",\"url\":\"https:\\\/\\\/shrimataji.org\\\/test\\\/fi\\\/atma-henki\\\/\",\"name\":\"Atma (Henki) - TEST - SMND\",\"isPartOf\":{\"@id\":\"https:\\\/\\\/shrimataji.org\\\/test\\\/#website\"},\"primaryImageOfPage\":{\"@id\":\"https:\\\/\\\/shrimataji.org\\\/test\\\/fi\\\/atma-henki\\\/#primaryimage\"},\"image\":{\"@id\":\"https:\\\/\\\/shrimataji.org\\\/test\\\/fi\\\/atma-henki\\\/#primaryimage\"},\"thumbnailUrl\":\"https:\\\/\\\/shrimataji.org\\\/test\\\/wp-content\\\/uploads\\\/2023\\\/03\\\/8_Banner-SY-Atma-scaled.jpg\",\"datePublished\":\"2022-01-29T10:07:35+00:00\",\"dateModified\":\"2025-06-12T07:37:11+00:00\",\"breadcrumb\":{\"@id\":\"https:\\\/\\\/shrimataji.org\\\/test\\\/fi\\\/atma-henki\\\/#breadcrumb\"},\"inLanguage\":\"en-US\",\"potentialAction\":[{\"@type\":\"ReadAction\",\"target\":[\"https:\\\/\\\/shrimataji.org\\\/test\\\/fi\\\/atma-henki\\\/\"]}]},{\"@type\":\"ImageObject\",\"inLanguage\":\"en-US\",\"@id\":\"https:\\\/\\\/shrimataji.org\\\/test\\\/fi\\\/atma-henki\\\/#primaryimage\",\"url\":\"https:\\\/\\\/shrimataji.org\\\/test\\\/wp-content\\\/uploads\\\/2023\\\/03\\\/8_Banner-SY-Atma-scaled.jpg\",\"contentUrl\":\"https:\\\/\\\/shrimataji.org\\\/test\\\/wp-content\\\/uploads\\\/2023\\\/03\\\/8_Banner-SY-Atma-scaled.jpg\",\"width\":2560,\"height\":905},{\"@type\":\"BreadcrumbList\",\"@id\":\"https:\\\/\\\/shrimataji.org\\\/test\\\/fi\\\/atma-henki\\\/#breadcrumb\",\"itemListElement\":[{\"@type\":\"ListItem\",\"position\":1,\"name\":\"Home\",\"item\":\"https:\\\/\\\/shrimataji.org\\\/test\\\/uk\\\/home-en\\\/\"},{\"@type\":\"ListItem\",\"position\":2,\"name\":\"Atma (Henki)\"}]},{\"@type\":\"WebSite\",\"@id\":\"https:\\\/\\\/shrimataji.org\\\/test\\\/#website\",\"url\":\"https:\\\/\\\/shrimataji.org\\\/test\\\/\",\"name\":\"Shri Mataji Nirmala Devi\",\"description\":\"A Life Dedicated to Humanity\",\"publisher\":{\"@id\":\"https:\\\/\\\/shrimataji.org\\\/test\\\/#\\\/schema\\\/person\\\/a1b3419c6585f164aa96da1ff85715d1\"},\"potentialAction\":[{\"@type\":\"SearchAction\",\"target\":{\"@type\":\"EntryPoint\",\"urlTemplate\":\"https:\\\/\\\/shrimataji.org\\\/test\\\/?s={search_term_string}\"},\"query-input\":{\"@type\":\"PropertyValueSpecification\",\"valueRequired\":true,\"valueName\":\"search_term_string\"}}],\"inLanguage\":\"en-US\"},{\"@type\":[\"Person\",\"Organization\"],\"@id\":\"https:\\\/\\\/shrimataji.org\\\/test\\\/#\\\/schema\\\/person\\\/a1b3419c6585f164aa96da1ff85715d1\",\"name\":\"Nirmala Shrivastava\",\"image\":{\"@type\":\"ImageObject\",\"inLanguage\":\"en-US\",\"@id\":\"https:\\\/\\\/shrimataji.org\\\/test\\\/wp-content\\\/uploads\\\/2023\\\/02\\\/SMO_LOGO-03.svg\",\"url\":\"https:\\\/\\\/shrimataji.org\\\/test\\\/wp-content\\\/uploads\\\/2023\\\/02\\\/SMO_LOGO-03.svg\",\"contentUrl\":\"https:\\\/\\\/shrimataji.org\\\/test\\\/wp-content\\\/uploads\\\/2023\\\/02\\\/SMO_LOGO-03.svg\",\"width\":\"1024\",\"height\":\"1024\",\"caption\":\"Nirmala Shrivastava\"},\"logo\":{\"@id\":\"https:\\\/\\\/shrimataji.org\\\/test\\\/wp-content\\\/uploads\\\/2023\\\/02\\\/SMO_LOGO-03.svg\"},\"sameAs\":[\"https:\\\/\\\/shrimataji.org\\\/test\",\"https:\\\/\\\/www.facebook.com\\\/shrimataji\",\"https:\\\/\\\/x.com\\\/shrimataji\",\"https:\\\/\\\/www.youtube.com\\\/@Shri_Mataji_Nirmala_Devi\\\/featured\"]}]}<\/script>\n<!-- \/ Yoast SEO plugin. -->","yoast_head_json":{"title":"Atma (Henki) - TEST - SMND","robots":{"index":"noindex","follow":"follow","max-snippet":"max-snippet:-1","max-image-preview":"max-image-preview:large","max-video-preview":"max-video-preview:-1"},"og_locale":"en_US","og_type":"article","og_title":"Atma (Henki) - TEST - SMND","og_description":"Atma Ikuinen Itse meiss\u00e4 Ihmissiki\u00f6n kehityksen hyvin varhaisessa vaiheessa Atma (sanskritinkielinen sana, joka tarkoittaa ikuista Henke\u00e4mme) tulee ensimm\u00e4isen kerran siki\u00f6n syd\u00e4meen, joka alkaa sykki\u00e4. Biologisesti syd\u00e4memme kehittyy alkion p\u00e4\u00e4n l\u00e4helle syd\u00e4nalueelle ja ty\u00f6ntyy my\u00f6hemmin alas rintakeh\u00e4\u00e4n kehomme kehittyess\u00e4. Atma asuu syd\u00e4mess\u00e4 el\u00e4m\u00e4mme hiljaisena sivustaseuraajana ja tulee tietoisuuteemme vasta itseoivalluksen kautta. Se on sis\u00e4ll\u00e4mme olevan ikiaikaisen&hellip; Read more","og_url":"https:\/\/shrimataji.org\/test\/fi\/atma-henki\/","og_site_name":"TEST - SMND","article_publisher":"https:\/\/www.facebook.com\/shrimataji","article_modified_time":"2025-06-12T07:37:11+00:00","og_image":[{"width":2560,"height":905,"url":"https:\/\/shrimataji.org\/test\/wp-content\/uploads\/2023\/03\/8_Banner-SY-Atma-scaled.jpg","type":"image\/jpeg"}],"twitter_card":"summary_large_image","twitter_site":"@shrimataji","twitter_misc":{"Est. reading time":"3 minutes"},"schema":{"@context":"https:\/\/schema.org","@graph":[{"@type":"WebPage","@id":"https:\/\/shrimataji.org\/test\/fi\/atma-henki\/","url":"https:\/\/shrimataji.org\/test\/fi\/atma-henki\/","name":"Atma (Henki) - TEST - SMND","isPartOf":{"@id":"https:\/\/shrimataji.org\/test\/#website"},"primaryImageOfPage":{"@id":"https:\/\/shrimataji.org\/test\/fi\/atma-henki\/#primaryimage"},"image":{"@id":"https:\/\/shrimataji.org\/test\/fi\/atma-henki\/#primaryimage"},"thumbnailUrl":"https:\/\/shrimataji.org\/test\/wp-content\/uploads\/2023\/03\/8_Banner-SY-Atma-scaled.jpg","datePublished":"2022-01-29T10:07:35+00:00","dateModified":"2025-06-12T07:37:11+00:00","breadcrumb":{"@id":"https:\/\/shrimataji.org\/test\/fi\/atma-henki\/#breadcrumb"},"inLanguage":"en-US","potentialAction":[{"@type":"ReadAction","target":["https:\/\/shrimataji.org\/test\/fi\/atma-henki\/"]}]},{"@type":"ImageObject","inLanguage":"en-US","@id":"https:\/\/shrimataji.org\/test\/fi\/atma-henki\/#primaryimage","url":"https:\/\/shrimataji.org\/test\/wp-content\/uploads\/2023\/03\/8_Banner-SY-Atma-scaled.jpg","contentUrl":"https:\/\/shrimataji.org\/test\/wp-content\/uploads\/2023\/03\/8_Banner-SY-Atma-scaled.jpg","width":2560,"height":905},{"@type":"BreadcrumbList","@id":"https:\/\/shrimataji.org\/test\/fi\/atma-henki\/#breadcrumb","itemListElement":[{"@type":"ListItem","position":1,"name":"Home","item":"https:\/\/shrimataji.org\/test\/uk\/home-en\/"},{"@type":"ListItem","position":2,"name":"Atma (Henki)"}]},{"@type":"WebSite","@id":"https:\/\/shrimataji.org\/test\/#website","url":"https:\/\/shrimataji.org\/test\/","name":"Shri Mataji Nirmala Devi","description":"A Life Dedicated to Humanity","publisher":{"@id":"https:\/\/shrimataji.org\/test\/#\/schema\/person\/a1b3419c6585f164aa96da1ff85715d1"},"potentialAction":[{"@type":"SearchAction","target":{"@type":"EntryPoint","urlTemplate":"https:\/\/shrimataji.org\/test\/?s={search_term_string}"},"query-input":{"@type":"PropertyValueSpecification","valueRequired":true,"valueName":"search_term_string"}}],"inLanguage":"en-US"},{"@type":["Person","Organization"],"@id":"https:\/\/shrimataji.org\/test\/#\/schema\/person\/a1b3419c6585f164aa96da1ff85715d1","name":"Nirmala Shrivastava","image":{"@type":"ImageObject","inLanguage":"en-US","@id":"https:\/\/shrimataji.org\/test\/wp-content\/uploads\/2023\/02\/SMO_LOGO-03.svg","url":"https:\/\/shrimataji.org\/test\/wp-content\/uploads\/2023\/02\/SMO_LOGO-03.svg","contentUrl":"https:\/\/shrimataji.org\/test\/wp-content\/uploads\/2023\/02\/SMO_LOGO-03.svg","width":"1024","height":"1024","caption":"Nirmala Shrivastava"},"logo":{"@id":"https:\/\/shrimataji.org\/test\/wp-content\/uploads\/2023\/02\/SMO_LOGO-03.svg"},"sameAs":["https:\/\/shrimataji.org\/test","https:\/\/www.facebook.com\/shrimataji","https:\/\/x.com\/shrimataji","https:\/\/www.youtube.com\/@Shri_Mataji_Nirmala_Devi\/featured"]}]}},"lang":"fi","translations":{"fi":12560,"ur":37394,"en":6397,"am":17965,"th":19892,"hu":19440,"sq":18366,"zh":17263,"hi":7360,"tr":10135,"pt":10352,"de":10625,"fr":10723,"it":10821,"es":10919,"ja":11216,"ru":11404,"bn":11596,"te":11704,"sw":11827,"he":11975,"el":12266,"sk":12364,"fa":12462,"bg":13393,"ro":14467,"cs":14660,"nl":16526,"ku":16686,"ar":16862,"be":18573,"kn":18847,"mr":20256,"uk":20548,"ml":20847,"ta":22681,"sv":22954,"gu":28802,"pa":28960,"fil":29400,"da":37708,"pl":37925,"nn":38260},"pll_sync_post":[],"_links":{"self":[{"href":"https:\/\/shrimataji.org\/test\/wp-json\/wp\/v2\/pages\/12560","targetHints":{"allow":["GET"]}}],"collection":[{"href":"https:\/\/shrimataji.org\/test\/wp-json\/wp\/v2\/pages"}],"about":[{"href":"https:\/\/shrimataji.org\/test\/wp-json\/wp\/v2\/types\/page"}],"author":[{"embeddable":true,"href":"https:\/\/shrimataji.org\/test\/wp-json\/wp\/v2\/users\/29"}],"replies":[{"embeddable":true,"href":"https:\/\/shrimataji.org\/test\/wp-json\/wp\/v2\/comments?post=12560"}],"version-history":[{"count":0,"href":"https:\/\/shrimataji.org\/test\/wp-json\/wp\/v2\/pages\/12560\/revisions"}],"wp:featuredmedia":[{"embeddable":true,"href":"https:\/\/shrimataji.org\/test\/wp-json\/wp\/v2\/media\/9243"}],"wp:attachment":[{"href":"https:\/\/shrimataji.org\/test\/wp-json\/wp\/v2\/media?parent=12560"}],"curies":[{"name":"wp","href":"https:\/\/api.w.org\/{rel}","templated":true}]}}