{"id":12561,"date":"2018-07-10T06:54:50","date_gmt":"2018-07-10T06:54:50","guid":{"rendered":"http:\/\/testwordpress.nirmalnagari.org\/smnd\/index.php\/awards\/"},"modified":"2025-07-01T19:53:40","modified_gmt":"2025-07-01T19:53:40","slug":"palkinnot","status":"publish","type":"page","link":"https:\/\/shrimataji.org\/test\/fi\/palkinnot\/","title":{"rendered":"Palkinnot"},"content":{"rendered":"\n\n\t<h1>Palkinnot<\/h1>\n<h2>Kansainv\u00e4liset tunnustukset<\/h2>\n\t<h4>Shri Matajin humanitaarinen ja henkinen ty\u00f6 her\u00e4tt\u00e4\u00e4 ihailua paitsi lukemattomilta yksil\u00f6ilt\u00e4 yli 95 maassa, jotka ovat henkil\u00f6kohtaisesti hy\u00f6tyneet h\u00e4nen opetuksistaan, my\u00f6s hallituksilta, arvohenkil\u00f6ilt\u00e4, oppilaitoksilta ja humanitaarisilta j\u00e4rjest\u00f6ilt\u00e4.<\/h4>\n<p>Tunnustaessaan h\u00e4nen opetustensa tieteellisen ja todennettavan luonteen Pietarin Petrovskajan taiteen ja tieteen akatemia my\u00f6nsi Shri Matajille kunniaj\u00e4senyyden ja lausuen: &#8221; Olette jopa tiedett\u00e4 korkeammalla.&#8221;<\/p>\n<p>Toiset, kuten Claes Nobel, kiittiv\u00e4t h\u00e4nt\u00e4 siit\u00e4, ett\u00e4 h\u00e4n antoi toivoa ihmiskunnalle. H\u00e4n otti kaikki palkinnot vastaan h\u00e4nelle ominaisella n\u00f6yryydell\u00e4 kehuen muiden ponnisteluja ja korostaen pikemminkin kollektiivisia kuin yksil\u00f6llisi\u00e4 saavutuksia.<\/p>\n<p>Jatkuvasta matkustamisesta huolimatta Shri Mataji ei koskaan kutsunut vaativaa aikatauluaan v\u00e4sytt\u00e4v\u00e4ksi, vaan rinnasti sen ennemminkin ty\u00f6h\u00f6n, jota rakastavan \u00e4iti tekee huolehtiessaan lastensa hyvinvoinnista.<\/p>\n\t\t<iframe loading=\"lazy\" title=\"Claes Nobel - Tribute to Shri Mataji\" width=\"1920\" height=\"1080\" src=\"https:\/\/www.youtube.com\/embed\/K4ftCStNzWk?feature=oembed\" frameborder=\"0\" allow=\"accelerometer; autoplay; clipboard-write; encrypted-media; gyroscope; picture-in-picture; web-share\" allowfullscreen><\/iframe>\t\n\t\t\t\t<img decoding=\"async\" src=\"https:\/\/shrimataji.org\/test\/wp-content\/uploads\/2018\/07\/media_originals\/images\/shri-mataji-with-people\/shri-mataji-at-the-womens-conference-in-beijing-13.09.1995.jpg\" alt=\"YK:n naistenkokous  (Peking, Kiina, 1995)\" itemprop=\"image\" height=\"888\" width=\"1362\" title=\"shri-mataji-at-the-womens-conference-in-beijing-13\" onerror=\"this.style.display='none'\" loading='lazy' \/>\n\t\tYK:n naistenkokous  (Peking, Kiina, 1995)\n\t<p><strong>Joitakin palkintoja ja tunnustuksia<\/strong><\/p>\n<p>Useat arvostetut instituutiot ovat tunnustaneet Shri Matajin maailmanlaajuisesti h\u00e4nen ep\u00e4itsekk\u00e4\u00e4st\u00e4 ty\u00f6st\u00e4\u00e4n ja h\u00e4nen Sahaja Yogan kautta antamiensa henkisten opetusten huomattavista tuloksista, joista muutama on lueteltu alla.<\/p>\n<strong>Italia, 1986<\/strong><br \/>\nItalian hallitus julisti h\u00e4net &#8220;Vuoden henkil\u00f6ksi&#8221;.\n<strong>Moskova, Ven\u00e4j\u00e4, 1989<\/strong><br \/>\nShri Matajin tavattua Neuvostoliiton terveysministerin Sahaja Yoga sai t\u00e4yden valtiontuen, mukaan lukien rahoituksen tieteelliseen tutkimukseen.\n<strong>New York, 1990-1994<\/strong><br \/>\nYhdistyneet Kansakunnat kutsui h\u00e4net nelj\u00e4n\u00e4 per\u00e4kk\u00e4isen\u00e4 vuonna puhumaan tavoista ja keinoista saavuttaa maailmanrauha.\n<strong>Pietari, Ven\u00e4j\u00e4, 1993<\/strong><br \/>\nShri Mataji nimitettiin Petrovskajan taide- ja tiedeakatemian kunniaj\u00e4seneksi. Akatemian historiassa vain kahdelletoista ihmiselle on my\u00f6nnetty t\u00e4m\u00e4 kunnia, Einstein on yksi heist\u00e4. Shri Mataji avasi ensimm\u00e4isen Kansainv\u00e4lisen l\u00e4\u00e4ketieteen ja itsetuntemuksen konferenssin, josta tuli sittemmin Akatemian vuosittainen tapahtuma.\n<strong>Brasilia, 1994<\/strong><br \/>\nBrasilian pormestari toivotti Shri Matajin tervetulleeksi lentokent\u00e4ll\u00e4, antoi h\u00e4nelle kaupungin avaimen ja sponsoroi kaikkia h\u00e4nen tilaisuuksiaan.\n<strong>New York, 1994<\/strong><br \/>\nSyyskuun 26. p\u00e4iv\u00e4 julistettiin &#8220;Shri Mataji Nirmala Devin p\u00e4iv\u00e4ksi&#8221;. Kaupungissa j\u00e4rjestettiin tervetuliaiskulkue<br \/>\npoliisisaattueen kera, jolla kunnioitettiin Shri Matajia ja juhlistettiin h\u00e4nen yhteytt\u00e4\u00e4n Mahatma Gandhiin.\n<strong>Brittil\u00e4inen Kolumbia, Kanada, 1994<\/strong><br \/>\nBrittil\u00e4isen Kolumbian provinssin p\u00e4\u00e4ministeri Mike Harcourt esitti tervehdyskirjeen Kanadan kansan puolesta.\n<strong>Romania 1995<\/strong><br \/>\nProfessori D. Drimer, Bukarestin ymp\u00e4rist\u00f6tieteteen yliopiston johtaja, my\u00f6nsi h\u00e4nelle kognitiotieteiden kunniatohtorin arvonimen (Honorary Doctorate in Cognitive Science).\n<strong>Kiina, 1995<\/strong><br \/>\nKiinan hallituksen virallinen puhujavieras Yhdistyneiden Kansakuntien kansainv\u00e4lisess\u00e4 naistenkonferenssissa.\n<strong>Pune, Intia, 1996<\/strong><br \/>\nPyhimys Gyaneshwaran 700-vuotisjuhlan yhteydess\u00e4 Shri Mataji puhui &#8220;World Philosophers Meet &#8217;96 &#8211; A Parliament of Science, Religion and Philosophy&#8221; -tapahtumassa, jossa h\u00e4net palkittiin h\u00e4nen hengellisest\u00e4 liikkeest\u00e4\u00e4n, Sahaja Yogasta.\n<strong>Lontoo, 1997<\/strong><br \/>\nAlfred Nobelin veljenpoika Claes Nobel, United Earth -j\u00e4rjest\u00f6n ja The National Society of High School Scholars -j\u00e4rjest\u00f6n puheenjohtaja, kunnioitti Shri Matajin el\u00e4m\u00e4\u00e4 ja ty\u00f6t\u00e4 Royal Albert Hallissa pit\u00e4m\u00e4ss\u00e4\u00e4n julkisessa puheessa.\n<strong>Yhdysvallat, 105. kongressi 1997 ja 106. kongressi 2000.<\/strong><br \/>\nKongressiedustaja Eliot Engle luki kongressin p\u00f6yt\u00e4kirjaan kunniakirjan, jossa h\u00e4n kiitti Shri Matajia h\u00e4nen omistautuneesta ja v\u00e4sym\u00e4tt\u00f6m\u00e4st\u00e4 ty\u00f6st\u00e4\u00e4n ihmiskunnan hyv\u00e4ksi.\n<strong>Cabella Ligure, Italia, 2006<\/strong><br \/>\nShri Matajille my\u00f6nnettiin Italian kunniakansalaisuus, mink\u00e4 j\u00e4lkeen paljastettiin &#8216;Shri Mataji Nirmala Devi World Foundation of Sahaja Yogan&#8217; peruskivi. T\u00e4m\u00e4n s\u00e4\u00e4ti\u00f6n kotipaikka on Cabella Ligure.\n\t\t\t\t<img decoding=\"async\" src=\"https:\/\/shrimataji.org\/test\/wp-content\/uploads\/2018\/07\/media_originals\/images\/geographic-locations\/lwp-3459.jpg\" alt=\"Cabella Ligure, Italia\" itemprop=\"image\" height=\"427\" width=\"640\" title=\"lwp-3459\" onerror=\"this.style.display='none'\" loading='lazy' \/>\n\t\tCabella Ligure, Italia\n\t<div class=\"su-quote su-quote-style-default\"><div class=\"su-quote-inner su-u-clearfix su-u-trim\">\u00c4idin asema on erilainen, k\u00e4rsiv\u00e4llisyys, rakkaus ja anteeksianto ovat \u00e4itien synnynn\u00e4isi\u00e4 ominaisuuksia&#8230; \u00e4idin asenne on hyvin erilainen. Ei mit\u00e4\u00e4n saavutuksia, ei mit\u00e4\u00e4n suurta nime\u00e4 tai jonkinlaista palkintoa tai muuta &#8230; h\u00e4n tekee sen, koska h\u00e4n on \u00e4iti.<\/div><\/div>\n\n","protected":false},"excerpt":{"rendered":"<p>Palkinnot Kansainv\u00e4liset tunnustukset Shri Matajin humanitaarinen ja henkinen ty\u00f6 her\u00e4tt\u00e4\u00e4 ihailua paitsi lukemattomilta yksil\u00f6ilt\u00e4 yli 95 maassa, jotka ovat henkil\u00f6kohtaisesti hy\u00f6tyneet h\u00e4nen opetuksistaan, my\u00f6s hallituksilta, arvohenkil\u00f6ilt\u00e4, oppilaitoksilta ja humanitaarisilta j\u00e4rjest\u00f6ilt\u00e4. Tunnustaessaan h\u00e4nen opetustensa tieteellisen ja todennettavan luonteen Pietarin Petrovskajan taiteen ja tieteen akatemia my\u00f6nsi Shri Matajille kunniaj\u00e4senyyden ja lausuen: &#8221; Olette jopa tiedett\u00e4 korkeammalla.&#8221; Toiset,&hellip; <br \/> <a class=\"read-more\" href=\"https:\/\/shrimataji.org\/test\/fi\/palkinnot\/\">Read more<\/a><\/p>\n","protected":false},"author":29,"featured_media":156,"parent":0,"menu_order":0,"comment_status":"closed","ping_status":"closed","template":"","meta":{"inline_featured_image":false,"footnotes":""},"class_list":["post-12561","page","type-page","status-publish","has-post-thumbnail","hentry"],"yoast_head":"<!-- This site is optimized with the Yoast SEO plugin v27.4 - https:\/\/yoast.com\/product\/yoast-seo-wordpress\/ -->\n<title>Palkinnot - TEST - SMND<\/title>\n<meta name=\"robots\" content=\"noindex, follow, max-snippet:-1, max-image-preview:large, max-video-preview:-1\" \/>\n<meta property=\"og:locale\" content=\"en_US\" \/>\n<meta property=\"og:type\" content=\"article\" \/>\n<meta property=\"og:title\" content=\"Palkinnot - TEST - SMND\" \/>\n<meta property=\"og:description\" content=\"Palkinnot Kansainv\u00e4liset tunnustukset Shri Matajin humanitaarinen ja henkinen ty\u00f6 her\u00e4tt\u00e4\u00e4 ihailua paitsi lukemattomilta yksil\u00f6ilt\u00e4 yli 95 maassa, jotka ovat henkil\u00f6kohtaisesti hy\u00f6tyneet h\u00e4nen opetuksistaan, my\u00f6s hallituksilta, arvohenkil\u00f6ilt\u00e4, oppilaitoksilta ja humanitaarisilta j\u00e4rjest\u00f6ilt\u00e4. Tunnustaessaan h\u00e4nen opetustensa tieteellisen ja todennettavan luonteen Pietarin Petrovskajan taiteen ja tieteen akatemia my\u00f6nsi Shri Matajille kunniaj\u00e4senyyden ja lausuen: &#8221; Olette jopa tiedett\u00e4 korkeammalla.&#8221; Toiset,&hellip; Read more\" \/>\n<meta property=\"og:url\" content=\"https:\/\/shrimataji.org\/test\/fi\/palkinnot\/\" \/>\n<meta property=\"og:site_name\" content=\"TEST - SMND\" \/>\n<meta property=\"article:publisher\" content=\"https:\/\/www.facebook.com\/shrimataji\" \/>\n<meta property=\"article:modified_time\" content=\"2025-07-01T19:53:40+00:00\" \/>\n<meta property=\"og:image\" content=\"https:\/\/shrimataji.org\/test\/wp-content\/uploads\/2018\/07\/media_originals\/images\/headers-life-awards\/shri-mataji-recieves-recognition-in-moscow-russia.jpg\" \/>\n\t<meta property=\"og:image:width\" content=\"990\" \/>\n\t<meta property=\"og:image:height\" content=\"350\" \/>\n\t<meta property=\"og:image:type\" content=\"image\/jpeg\" \/>\n<meta name=\"twitter:card\" content=\"summary_large_image\" \/>\n<meta name=\"twitter:site\" content=\"@shrimataji\" \/>\n<meta name=\"twitter:label1\" content=\"Est. reading time\" \/>\n\t<meta name=\"twitter:data1\" content=\"4 minutes\" \/>\n<script type=\"application\/ld+json\" class=\"yoast-schema-graph\">{\"@context\":\"https:\\\/\\\/schema.org\",\"@graph\":[{\"@type\":\"WebPage\",\"@id\":\"https:\\\/\\\/shrimataji.org\\\/test\\\/fi\\\/palkinnot\\\/\",\"url\":\"https:\\\/\\\/shrimataji.org\\\/test\\\/fi\\\/palkinnot\\\/\",\"name\":\"Palkinnot - TEST - SMND\",\"isPartOf\":{\"@id\":\"https:\\\/\\\/shrimataji.org\\\/test\\\/#website\"},\"primaryImageOfPage\":{\"@id\":\"https:\\\/\\\/shrimataji.org\\\/test\\\/fi\\\/palkinnot\\\/#primaryimage\"},\"image\":{\"@id\":\"https:\\\/\\\/shrimataji.org\\\/test\\\/fi\\\/palkinnot\\\/#primaryimage\"},\"thumbnailUrl\":\"https:\\\/\\\/shrimataji.org\\\/test\\\/wp-content\\\/uploads\\\/2018\\\/07\\\/media_originals\\\/images\\\/headers-life-awards\\\/shri-mataji-recieves-recognition-in-moscow-russia.jpg\",\"datePublished\":\"2018-07-10T06:54:50+00:00\",\"dateModified\":\"2025-07-01T19:53:40+00:00\",\"breadcrumb\":{\"@id\":\"https:\\\/\\\/shrimataji.org\\\/test\\\/fi\\\/palkinnot\\\/#breadcrumb\"},\"inLanguage\":\"en-US\",\"potentialAction\":[{\"@type\":\"ReadAction\",\"target\":[\"https:\\\/\\\/shrimataji.org\\\/test\\\/fi\\\/palkinnot\\\/\"]}]},{\"@type\":\"ImageObject\",\"inLanguage\":\"en-US\",\"@id\":\"https:\\\/\\\/shrimataji.org\\\/test\\\/fi\\\/palkinnot\\\/#primaryimage\",\"url\":\"https:\\\/\\\/shrimataji.org\\\/test\\\/wp-content\\\/uploads\\\/2018\\\/07\\\/media_originals\\\/images\\\/headers-life-awards\\\/shri-mataji-recieves-recognition-in-moscow-russia.jpg\",\"contentUrl\":\"https:\\\/\\\/shrimataji.org\\\/test\\\/wp-content\\\/uploads\\\/2018\\\/07\\\/media_originals\\\/images\\\/headers-life-awards\\\/shri-mataji-recieves-recognition-in-moscow-russia.jpg\",\"width\":990,\"height\":350},{\"@type\":\"BreadcrumbList\",\"@id\":\"https:\\\/\\\/shrimataji.org\\\/test\\\/fi\\\/palkinnot\\\/#breadcrumb\",\"itemListElement\":[{\"@type\":\"ListItem\",\"position\":1,\"name\":\"Home\",\"item\":\"https:\\\/\\\/shrimataji.org\\\/test\\\/uk\\\/home-en\\\/\"},{\"@type\":\"ListItem\",\"position\":2,\"name\":\"Palkinnot\"}]},{\"@type\":\"WebSite\",\"@id\":\"https:\\\/\\\/shrimataji.org\\\/test\\\/#website\",\"url\":\"https:\\\/\\\/shrimataji.org\\\/test\\\/\",\"name\":\"Shri Mataji Nirmala Devi\",\"description\":\"A Life Dedicated to Humanity\",\"publisher\":{\"@id\":\"https:\\\/\\\/shrimataji.org\\\/test\\\/#\\\/schema\\\/person\\\/a1b3419c6585f164aa96da1ff85715d1\"},\"potentialAction\":[{\"@type\":\"SearchAction\",\"target\":{\"@type\":\"EntryPoint\",\"urlTemplate\":\"https:\\\/\\\/shrimataji.org\\\/test\\\/?s={search_term_string}\"},\"query-input\":{\"@type\":\"PropertyValueSpecification\",\"valueRequired\":true,\"valueName\":\"search_term_string\"}}],\"inLanguage\":\"en-US\"},{\"@type\":[\"Person\",\"Organization\"],\"@id\":\"https:\\\/\\\/shrimataji.org\\\/test\\\/#\\\/schema\\\/person\\\/a1b3419c6585f164aa96da1ff85715d1\",\"name\":\"Nirmala Shrivastava\",\"image\":{\"@type\":\"ImageObject\",\"inLanguage\":\"en-US\",\"@id\":\"https:\\\/\\\/shrimataji.org\\\/test\\\/wp-content\\\/uploads\\\/2023\\\/02\\\/SMO_LOGO-03.svg\",\"url\":\"https:\\\/\\\/shrimataji.org\\\/test\\\/wp-content\\\/uploads\\\/2023\\\/02\\\/SMO_LOGO-03.svg\",\"contentUrl\":\"https:\\\/\\\/shrimataji.org\\\/test\\\/wp-content\\\/uploads\\\/2023\\\/02\\\/SMO_LOGO-03.svg\",\"width\":\"1024\",\"height\":\"1024\",\"caption\":\"Nirmala Shrivastava\"},\"logo\":{\"@id\":\"https:\\\/\\\/shrimataji.org\\\/test\\\/wp-content\\\/uploads\\\/2023\\\/02\\\/SMO_LOGO-03.svg\"},\"sameAs\":[\"https:\\\/\\\/shrimataji.org\\\/test\",\"https:\\\/\\\/www.facebook.com\\\/shrimataji\",\"https:\\\/\\\/x.com\\\/shrimataji\",\"https:\\\/\\\/www.youtube.com\\\/@Shri_Mataji_Nirmala_Devi\\\/featured\"]}]}<\/script>\n<!-- \/ Yoast SEO plugin. -->","yoast_head_json":{"title":"Palkinnot - TEST - SMND","robots":{"index":"noindex","follow":"follow","max-snippet":"max-snippet:-1","max-image-preview":"max-image-preview:large","max-video-preview":"max-video-preview:-1"},"og_locale":"en_US","og_type":"article","og_title":"Palkinnot - TEST - SMND","og_description":"Palkinnot Kansainv\u00e4liset tunnustukset Shri Matajin humanitaarinen ja henkinen ty\u00f6 her\u00e4tt\u00e4\u00e4 ihailua paitsi lukemattomilta yksil\u00f6ilt\u00e4 yli 95 maassa, jotka ovat henkil\u00f6kohtaisesti hy\u00f6tyneet h\u00e4nen opetuksistaan, my\u00f6s hallituksilta, arvohenkil\u00f6ilt\u00e4, oppilaitoksilta ja humanitaarisilta j\u00e4rjest\u00f6ilt\u00e4. Tunnustaessaan h\u00e4nen opetustensa tieteellisen ja todennettavan luonteen Pietarin Petrovskajan taiteen ja tieteen akatemia my\u00f6nsi Shri Matajille kunniaj\u00e4senyyden ja lausuen: &#8221; Olette jopa tiedett\u00e4 korkeammalla.&#8221; Toiset,&hellip; Read more","og_url":"https:\/\/shrimataji.org\/test\/fi\/palkinnot\/","og_site_name":"TEST - SMND","article_publisher":"https:\/\/www.facebook.com\/shrimataji","article_modified_time":"2025-07-01T19:53:40+00:00","og_image":[{"width":990,"height":350,"url":"https:\/\/shrimataji.org\/test\/wp-content\/uploads\/2018\/07\/media_originals\/images\/headers-life-awards\/shri-mataji-recieves-recognition-in-moscow-russia.jpg","type":"image\/jpeg"}],"twitter_card":"summary_large_image","twitter_site":"@shrimataji","twitter_misc":{"Est. reading time":"4 minutes"},"schema":{"@context":"https:\/\/schema.org","@graph":[{"@type":"WebPage","@id":"https:\/\/shrimataji.org\/test\/fi\/palkinnot\/","url":"https:\/\/shrimataji.org\/test\/fi\/palkinnot\/","name":"Palkinnot - TEST - SMND","isPartOf":{"@id":"https:\/\/shrimataji.org\/test\/#website"},"primaryImageOfPage":{"@id":"https:\/\/shrimataji.org\/test\/fi\/palkinnot\/#primaryimage"},"image":{"@id":"https:\/\/shrimataji.org\/test\/fi\/palkinnot\/#primaryimage"},"thumbnailUrl":"https:\/\/shrimataji.org\/test\/wp-content\/uploads\/2018\/07\/media_originals\/images\/headers-life-awards\/shri-mataji-recieves-recognition-in-moscow-russia.jpg","datePublished":"2018-07-10T06:54:50+00:00","dateModified":"2025-07-01T19:53:40+00:00","breadcrumb":{"@id":"https:\/\/shrimataji.org\/test\/fi\/palkinnot\/#breadcrumb"},"inLanguage":"en-US","potentialAction":[{"@type":"ReadAction","target":["https:\/\/shrimataji.org\/test\/fi\/palkinnot\/"]}]},{"@type":"ImageObject","inLanguage":"en-US","@id":"https:\/\/shrimataji.org\/test\/fi\/palkinnot\/#primaryimage","url":"https:\/\/shrimataji.org\/test\/wp-content\/uploads\/2018\/07\/media_originals\/images\/headers-life-awards\/shri-mataji-recieves-recognition-in-moscow-russia.jpg","contentUrl":"https:\/\/shrimataji.org\/test\/wp-content\/uploads\/2018\/07\/media_originals\/images\/headers-life-awards\/shri-mataji-recieves-recognition-in-moscow-russia.jpg","width":990,"height":350},{"@type":"BreadcrumbList","@id":"https:\/\/shrimataji.org\/test\/fi\/palkinnot\/#breadcrumb","itemListElement":[{"@type":"ListItem","position":1,"name":"Home","item":"https:\/\/shrimataji.org\/test\/uk\/home-en\/"},{"@type":"ListItem","position":2,"name":"Palkinnot"}]},{"@type":"WebSite","@id":"https:\/\/shrimataji.org\/test\/#website","url":"https:\/\/shrimataji.org\/test\/","name":"Shri Mataji Nirmala Devi","description":"A Life Dedicated to Humanity","publisher":{"@id":"https:\/\/shrimataji.org\/test\/#\/schema\/person\/a1b3419c6585f164aa96da1ff85715d1"},"potentialAction":[{"@type":"SearchAction","target":{"@type":"EntryPoint","urlTemplate":"https:\/\/shrimataji.org\/test\/?s={search_term_string}"},"query-input":{"@type":"PropertyValueSpecification","valueRequired":true,"valueName":"search_term_string"}}],"inLanguage":"en-US"},{"@type":["Person","Organization"],"@id":"https:\/\/shrimataji.org\/test\/#\/schema\/person\/a1b3419c6585f164aa96da1ff85715d1","name":"Nirmala Shrivastava","image":{"@type":"ImageObject","inLanguage":"en-US","@id":"https:\/\/shrimataji.org\/test\/wp-content\/uploads\/2023\/02\/SMO_LOGO-03.svg","url":"https:\/\/shrimataji.org\/test\/wp-content\/uploads\/2023\/02\/SMO_LOGO-03.svg","contentUrl":"https:\/\/shrimataji.org\/test\/wp-content\/uploads\/2023\/02\/SMO_LOGO-03.svg","width":"1024","height":"1024","caption":"Nirmala Shrivastava"},"logo":{"@id":"https:\/\/shrimataji.org\/test\/wp-content\/uploads\/2023\/02\/SMO_LOGO-03.svg"},"sameAs":["https:\/\/shrimataji.org\/test","https:\/\/www.facebook.com\/shrimataji","https:\/\/x.com\/shrimataji","https:\/\/www.youtube.com\/@Shri_Mataji_Nirmala_Devi\/featured"]}]}},"lang":"fi","translations":{"fi":12561,"ur":37691,"en":437,"am":17967,"th":19895,"hu":19442,"sq":18368,"zh":17265,"tr":10136,"pt":10353,"de":10626,"fr":10724,"it":10822,"es":10920,"ja":11217,"ru":11405,"bn":11597,"te":11705,"sw":11828,"he":11976,"el":12267,"sk":12365,"fa":12463,"bg":13438,"ro":14512,"cs":14705,"nl":16528,"ku":16688,"ar":16864,"be":18575,"kn":18849,"mr":20259,"uk":20551,"ml":20850,"ta":22683,"sv":22956,"gu":28804,"pa":28962,"fil":29402,"da":37710,"pl":37927,"nn":38262},"pll_sync_post":[],"_links":{"self":[{"href":"https:\/\/shrimataji.org\/test\/wp-json\/wp\/v2\/pages\/12561","targetHints":{"allow":["GET"]}}],"collection":[{"href":"https:\/\/shrimataji.org\/test\/wp-json\/wp\/v2\/pages"}],"about":[{"href":"https:\/\/shrimataji.org\/test\/wp-json\/wp\/v2\/types\/page"}],"author":[{"embeddable":true,"href":"https:\/\/shrimataji.org\/test\/wp-json\/wp\/v2\/users\/29"}],"replies":[{"embeddable":true,"href":"https:\/\/shrimataji.org\/test\/wp-json\/wp\/v2\/comments?post=12561"}],"version-history":[{"count":0,"href":"https:\/\/shrimataji.org\/test\/wp-json\/wp\/v2\/pages\/12561\/revisions"}],"wp:featuredmedia":[{"embeddable":true,"href":"https:\/\/shrimataji.org\/test\/wp-json\/wp\/v2\/media\/156"}],"wp:attachment":[{"href":"https:\/\/shrimataji.org\/test\/wp-json\/wp\/v2\/media?parent=12561"}],"curies":[{"name":"wp","href":"https:\/\/api.w.org\/{rel}","templated":true}]}}