{"id":12562,"date":"2022-01-29T09:51:00","date_gmt":"2022-01-29T09:51:00","guid":{"rendered":"https:\/\/test.shrimataji.org\/?page_id=6388"},"modified":"2025-04-23T05:43:03","modified_gmt":"2025-04-23T05:43:03","slug":"mestariksi-tuleminen","status":"publish","type":"page","link":"https:\/\/shrimataji.org\/test\/fi\/mestariksi-tuleminen\/","title":{"rendered":"Mestariksi tuleminen"},"content":{"rendered":"\n\n\t<h1>Mestariksi tuleminen<\/h1>\n<h2>Guru-periaatteen her\u00e4\u00e4minen<\/h2>\n<div class=\"su-quote su-quote-style-default\"><div class=\"su-quote-inner su-u-clearfix su-u-trim\"> Me olemme paljon kaikkien n\u00e4iden tavallisten instrumenttien yl\u00e4puolella, jopa kaikkein monimutkaisimpien, jopa kaikkein edistyneimpien ja tieteen kehitt\u00e4mien instrumenttien yl\u00e4puolella. Sill\u00e4 me saavutamme tilan, jossa meist\u00e4 itsest\u00e4mme tulee tiede, totuuden tiede, absoluuttinen totuus. Guru tarvitsee siis vain omanarvontuntoa. <\/div><\/div>\n<h4>Shri Mataji korosti oman opettajuuden saavuttamisen periaatetta heti ensimm\u00e4isest\u00e4 p\u00e4iv\u00e4st\u00e4 l\u00e4htien, jolloin h\u00e4n alkoi opettaa Sahaja Yogaa. Toisin kuin muut joogalajit, jotka vaativat vuosien oppimista mestarin tai gurun tiukassa ohjauksessa, Sahaja Yoga -meditaatio keskittyy p\u00e4\u00e4sem\u00e4\u00e4n k\u00e4siksi omaan sis\u00e4iseen opettajaperiaatteeseemme, valaistuneeseen Henkeen.<\/h4>\n<p>Kaikki todellinen tieto voidaan tuntea vain keskushermostomme kautta. Kuudennesta aistista, hienojakoisesta v\u00e4r\u00e4htelytietoisuudesta, joka k\u00e4ynnistyy itseoivalluksen kautta ja vakiintuu oikean Sahaja Yoga -meditaation harjoittamisen kautta, tulee t\u00e4ydellinen ty\u00f6kalu todentamaan tieto itsest\u00e4mme ja tieto toisista t\u00e4m\u00e4n tietoisuuden uuden ulottuvuuden kautta.<\/p>\n<p>Kun saavutamme t\u00e4m\u00e4n sis\u00e4isen mestaruuden tilan, n\u00e4emme asiat selv\u00e4sti sellaisina kuin ne ovat, emmek\u00e4 sellaisina kuin olimme aiemmin uskoneet niiden olevan. Emme seuraa sokeasti uskoa tai uskontoa tai oppeja tai dogmeja; sen sijaan n\u00e4k\u00f6kulmamme muuttuu, kun todistamme kaikkea absoluuttisen v\u00e4r\u00e4htelytietoisuuden tilassa, joka on rajoittuneen mielen kaksinaisuuden yl\u00e4puolella.<\/p>\n<p>Aluksi t\u00e4llaiset jumalalliset kokemukset saattavat kest\u00e4\u00e4 vain hetken, mutta kun edistymme vilpitt\u00f6m\u00e4sti Sahaja Yoga -meditaatiossa, t\u00e4llaisista syv\u00e4llisist\u00e4 kokemuksista tulee osa el\u00e4m\u00e4\u00e4mme. Pystymme kohtaamaan el\u00e4m\u00e4mme kaikki osa-alueet tyynesti ja hallitsemaan mink\u00e4 tahansa tilanteen, joka on aiemmin saattanut tuntua pelottavalta tai ahdistavalta.<\/p>\n<p>T\u00e4m\u00e4 oman mestaruuden tila ei ainoastaan anna meille mahdollisuutta tuoda harmonista tasapainoa jokap\u00e4iv\u00e4iseen el\u00e4m\u00e4\u00e4mme, vaan osaamme my\u00f6s tuoda muita t\u00e4h\u00e4n kauniiseen itseoivalluksen tilaan. Monet sahaja-joogit ovat kokeneet, miten heid\u00e4n oma, heid\u00e4n perheidens\u00e4 ja yst\u00e4viens\u00e4 el\u00e4m\u00e4 ja laajemmin jopa yhteiskunta, jossa he el\u00e4v\u00e4t, on muuttunut vain toteuttamalla omaa mestaruuden tai guru-periaatteen tilaa itsess\u00e4\u00e4n.<\/p>\n<div class=\"su-quote su-quote-style-default\"><div class=\"su-quote-inner su-u-clearfix su-u-trim\"> Samalla tavalla, kun olette sill\u00e4 korkeudella tai siin\u00e4 tilassa, silloin ilman, ett\u00e4 sanotte mit\u00e4\u00e4n, ilman, ett\u00e4 teette mit\u00e4\u00e4n, vain katsahtamalla, te ilmenn\u00e4tte itse\u00e4nne. <\/div><\/div>\n\n","protected":false},"excerpt":{"rendered":"<p>Mestariksi tuleminen Guru-periaatteen her\u00e4\u00e4minen Shri Mataji korosti oman opettajuuden saavuttamisen periaatetta heti ensimm\u00e4isest\u00e4 p\u00e4iv\u00e4st\u00e4 l\u00e4htien, jolloin h\u00e4n alkoi opettaa Sahaja Yogaa. Toisin kuin muut joogalajit, jotka vaativat vuosien oppimista mestarin tai gurun tiukassa ohjauksessa, Sahaja Yoga -meditaatio keskittyy p\u00e4\u00e4sem\u00e4\u00e4n k\u00e4siksi omaan sis\u00e4iseen opettajaperiaatteeseemme, valaistuneeseen Henkeen. Kaikki todellinen tieto voidaan tuntea vain keskushermostomme kautta. Kuudennesta aistista,&hellip; <br \/> <a class=\"read-more\" href=\"https:\/\/shrimataji.org\/test\/fi\/mestariksi-tuleminen\/\">Read more<\/a><\/p>\n","protected":false},"author":29,"featured_media":9261,"parent":0,"menu_order":0,"comment_status":"closed","ping_status":"closed","template":"","meta":{"inline_featured_image":false,"footnotes":""},"class_list":["post-12562","page","type-page","status-publish","has-post-thumbnail","hentry"],"yoast_head":"<!-- This site is optimized with the Yoast SEO plugin v27.4 - https:\/\/yoast.com\/product\/yoast-seo-wordpress\/ -->\n<title>Mestariksi tuleminen - TEST - SMND<\/title>\n<meta name=\"robots\" content=\"noindex, follow, max-snippet:-1, max-image-preview:large, max-video-preview:-1\" \/>\n<meta property=\"og:locale\" content=\"en_US\" \/>\n<meta property=\"og:type\" content=\"article\" \/>\n<meta property=\"og:title\" content=\"Mestariksi tuleminen - TEST - SMND\" \/>\n<meta property=\"og:description\" content=\"Mestariksi tuleminen Guru-periaatteen her\u00e4\u00e4minen Shri Mataji korosti oman opettajuuden saavuttamisen periaatetta heti ensimm\u00e4isest\u00e4 p\u00e4iv\u00e4st\u00e4 l\u00e4htien, jolloin h\u00e4n alkoi opettaa Sahaja Yogaa. Toisin kuin muut joogalajit, jotka vaativat vuosien oppimista mestarin tai gurun tiukassa ohjauksessa, Sahaja Yoga -meditaatio keskittyy p\u00e4\u00e4sem\u00e4\u00e4n k\u00e4siksi omaan sis\u00e4iseen opettajaperiaatteeseemme, valaistuneeseen Henkeen. Kaikki todellinen tieto voidaan tuntea vain keskushermostomme kautta. Kuudennesta aistista,&hellip; Read more\" \/>\n<meta property=\"og:url\" content=\"https:\/\/shrimataji.org\/test\/fi\/mestariksi-tuleminen\/\" \/>\n<meta property=\"og:site_name\" content=\"TEST - SMND\" \/>\n<meta property=\"article:publisher\" content=\"https:\/\/www.facebook.com\/shrimataji\" \/>\n<meta property=\"article:modified_time\" content=\"2025-04-23T05:43:03+00:00\" \/>\n<meta property=\"og:image\" content=\"https:\/\/shrimataji.org\/test\/wp-content\/uploads\/2023\/03\/26_Banner-SY-Master-scaled.jpg\" \/>\n\t<meta property=\"og:image:width\" content=\"2560\" \/>\n\t<meta property=\"og:image:height\" content=\"905\" \/>\n\t<meta property=\"og:image:type\" content=\"image\/jpeg\" \/>\n<meta name=\"twitter:card\" content=\"summary_large_image\" \/>\n<meta name=\"twitter:site\" content=\"@shrimataji\" \/>\n<meta name=\"twitter:label1\" content=\"Est. reading time\" \/>\n\t<meta name=\"twitter:data1\" content=\"2 minutes\" \/>\n<script type=\"application\/ld+json\" class=\"yoast-schema-graph\">{\"@context\":\"https:\\\/\\\/schema.org\",\"@graph\":[{\"@type\":\"WebPage\",\"@id\":\"https:\\\/\\\/shrimataji.org\\\/test\\\/fi\\\/mestariksi-tuleminen\\\/\",\"url\":\"https:\\\/\\\/shrimataji.org\\\/test\\\/fi\\\/mestariksi-tuleminen\\\/\",\"name\":\"Mestariksi tuleminen - TEST - SMND\",\"isPartOf\":{\"@id\":\"https:\\\/\\\/shrimataji.org\\\/test\\\/#website\"},\"primaryImageOfPage\":{\"@id\":\"https:\\\/\\\/shrimataji.org\\\/test\\\/fi\\\/mestariksi-tuleminen\\\/#primaryimage\"},\"image\":{\"@id\":\"https:\\\/\\\/shrimataji.org\\\/test\\\/fi\\\/mestariksi-tuleminen\\\/#primaryimage\"},\"thumbnailUrl\":\"https:\\\/\\\/shrimataji.org\\\/test\\\/wp-content\\\/uploads\\\/2023\\\/03\\\/26_Banner-SY-Master-scaled.jpg\",\"datePublished\":\"2022-01-29T09:51:00+00:00\",\"dateModified\":\"2025-04-23T05:43:03+00:00\",\"breadcrumb\":{\"@id\":\"https:\\\/\\\/shrimataji.org\\\/test\\\/fi\\\/mestariksi-tuleminen\\\/#breadcrumb\"},\"inLanguage\":\"en-US\",\"potentialAction\":[{\"@type\":\"ReadAction\",\"target\":[\"https:\\\/\\\/shrimataji.org\\\/test\\\/fi\\\/mestariksi-tuleminen\\\/\"]}]},{\"@type\":\"ImageObject\",\"inLanguage\":\"en-US\",\"@id\":\"https:\\\/\\\/shrimataji.org\\\/test\\\/fi\\\/mestariksi-tuleminen\\\/#primaryimage\",\"url\":\"https:\\\/\\\/shrimataji.org\\\/test\\\/wp-content\\\/uploads\\\/2023\\\/03\\\/26_Banner-SY-Master-scaled.jpg\",\"contentUrl\":\"https:\\\/\\\/shrimataji.org\\\/test\\\/wp-content\\\/uploads\\\/2023\\\/03\\\/26_Banner-SY-Master-scaled.jpg\",\"width\":2560,\"height\":905},{\"@type\":\"BreadcrumbList\",\"@id\":\"https:\\\/\\\/shrimataji.org\\\/test\\\/fi\\\/mestariksi-tuleminen\\\/#breadcrumb\",\"itemListElement\":[{\"@type\":\"ListItem\",\"position\":1,\"name\":\"Home\",\"item\":\"https:\\\/\\\/shrimataji.org\\\/test\\\/uk\\\/home-en\\\/\"},{\"@type\":\"ListItem\",\"position\":2,\"name\":\"Mestariksi tuleminen\"}]},{\"@type\":\"WebSite\",\"@id\":\"https:\\\/\\\/shrimataji.org\\\/test\\\/#website\",\"url\":\"https:\\\/\\\/shrimataji.org\\\/test\\\/\",\"name\":\"Shri Mataji Nirmala Devi\",\"description\":\"A Life Dedicated to Humanity\",\"publisher\":{\"@id\":\"https:\\\/\\\/shrimataji.org\\\/test\\\/#\\\/schema\\\/person\\\/a1b3419c6585f164aa96da1ff85715d1\"},\"potentialAction\":[{\"@type\":\"SearchAction\",\"target\":{\"@type\":\"EntryPoint\",\"urlTemplate\":\"https:\\\/\\\/shrimataji.org\\\/test\\\/?s={search_term_string}\"},\"query-input\":{\"@type\":\"PropertyValueSpecification\",\"valueRequired\":true,\"valueName\":\"search_term_string\"}}],\"inLanguage\":\"en-US\"},{\"@type\":[\"Person\",\"Organization\"],\"@id\":\"https:\\\/\\\/shrimataji.org\\\/test\\\/#\\\/schema\\\/person\\\/a1b3419c6585f164aa96da1ff85715d1\",\"name\":\"Nirmala Shrivastava\",\"image\":{\"@type\":\"ImageObject\",\"inLanguage\":\"en-US\",\"@id\":\"https:\\\/\\\/shrimataji.org\\\/test\\\/wp-content\\\/uploads\\\/2023\\\/02\\\/SMO_LOGO-03.svg\",\"url\":\"https:\\\/\\\/shrimataji.org\\\/test\\\/wp-content\\\/uploads\\\/2023\\\/02\\\/SMO_LOGO-03.svg\",\"contentUrl\":\"https:\\\/\\\/shrimataji.org\\\/test\\\/wp-content\\\/uploads\\\/2023\\\/02\\\/SMO_LOGO-03.svg\",\"width\":\"1024\",\"height\":\"1024\",\"caption\":\"Nirmala Shrivastava\"},\"logo\":{\"@id\":\"https:\\\/\\\/shrimataji.org\\\/test\\\/wp-content\\\/uploads\\\/2023\\\/02\\\/SMO_LOGO-03.svg\"},\"sameAs\":[\"https:\\\/\\\/shrimataji.org\\\/test\",\"https:\\\/\\\/www.facebook.com\\\/shrimataji\",\"https:\\\/\\\/x.com\\\/shrimataji\",\"https:\\\/\\\/www.youtube.com\\\/@Shri_Mataji_Nirmala_Devi\\\/featured\"]}]}<\/script>\n<!-- \/ Yoast SEO plugin. -->","yoast_head_json":{"title":"Mestariksi tuleminen - TEST - SMND","robots":{"index":"noindex","follow":"follow","max-snippet":"max-snippet:-1","max-image-preview":"max-image-preview:large","max-video-preview":"max-video-preview:-1"},"og_locale":"en_US","og_type":"article","og_title":"Mestariksi tuleminen - TEST - SMND","og_description":"Mestariksi tuleminen Guru-periaatteen her\u00e4\u00e4minen Shri Mataji korosti oman opettajuuden saavuttamisen periaatetta heti ensimm\u00e4isest\u00e4 p\u00e4iv\u00e4st\u00e4 l\u00e4htien, jolloin h\u00e4n alkoi opettaa Sahaja Yogaa. Toisin kuin muut joogalajit, jotka vaativat vuosien oppimista mestarin tai gurun tiukassa ohjauksessa, Sahaja Yoga -meditaatio keskittyy p\u00e4\u00e4sem\u00e4\u00e4n k\u00e4siksi omaan sis\u00e4iseen opettajaperiaatteeseemme, valaistuneeseen Henkeen. Kaikki todellinen tieto voidaan tuntea vain keskushermostomme kautta. Kuudennesta aistista,&hellip; Read more","og_url":"https:\/\/shrimataji.org\/test\/fi\/mestariksi-tuleminen\/","og_site_name":"TEST - SMND","article_publisher":"https:\/\/www.facebook.com\/shrimataji","article_modified_time":"2025-04-23T05:43:03+00:00","og_image":[{"width":2560,"height":905,"url":"https:\/\/shrimataji.org\/test\/wp-content\/uploads\/2023\/03\/26_Banner-SY-Master-scaled.jpg","type":"image\/jpeg"}],"twitter_card":"summary_large_image","twitter_site":"@shrimataji","twitter_misc":{"Est. reading time":"2 minutes"},"schema":{"@context":"https:\/\/schema.org","@graph":[{"@type":"WebPage","@id":"https:\/\/shrimataji.org\/test\/fi\/mestariksi-tuleminen\/","url":"https:\/\/shrimataji.org\/test\/fi\/mestariksi-tuleminen\/","name":"Mestariksi tuleminen - TEST - SMND","isPartOf":{"@id":"https:\/\/shrimataji.org\/test\/#website"},"primaryImageOfPage":{"@id":"https:\/\/shrimataji.org\/test\/fi\/mestariksi-tuleminen\/#primaryimage"},"image":{"@id":"https:\/\/shrimataji.org\/test\/fi\/mestariksi-tuleminen\/#primaryimage"},"thumbnailUrl":"https:\/\/shrimataji.org\/test\/wp-content\/uploads\/2023\/03\/26_Banner-SY-Master-scaled.jpg","datePublished":"2022-01-29T09:51:00+00:00","dateModified":"2025-04-23T05:43:03+00:00","breadcrumb":{"@id":"https:\/\/shrimataji.org\/test\/fi\/mestariksi-tuleminen\/#breadcrumb"},"inLanguage":"en-US","potentialAction":[{"@type":"ReadAction","target":["https:\/\/shrimataji.org\/test\/fi\/mestariksi-tuleminen\/"]}]},{"@type":"ImageObject","inLanguage":"en-US","@id":"https:\/\/shrimataji.org\/test\/fi\/mestariksi-tuleminen\/#primaryimage","url":"https:\/\/shrimataji.org\/test\/wp-content\/uploads\/2023\/03\/26_Banner-SY-Master-scaled.jpg","contentUrl":"https:\/\/shrimataji.org\/test\/wp-content\/uploads\/2023\/03\/26_Banner-SY-Master-scaled.jpg","width":2560,"height":905},{"@type":"BreadcrumbList","@id":"https:\/\/shrimataji.org\/test\/fi\/mestariksi-tuleminen\/#breadcrumb","itemListElement":[{"@type":"ListItem","position":1,"name":"Home","item":"https:\/\/shrimataji.org\/test\/uk\/home-en\/"},{"@type":"ListItem","position":2,"name":"Mestariksi tuleminen"}]},{"@type":"WebSite","@id":"https:\/\/shrimataji.org\/test\/#website","url":"https:\/\/shrimataji.org\/test\/","name":"Shri Mataji Nirmala Devi","description":"A Life Dedicated to Humanity","publisher":{"@id":"https:\/\/shrimataji.org\/test\/#\/schema\/person\/a1b3419c6585f164aa96da1ff85715d1"},"potentialAction":[{"@type":"SearchAction","target":{"@type":"EntryPoint","urlTemplate":"https:\/\/shrimataji.org\/test\/?s={search_term_string}"},"query-input":{"@type":"PropertyValueSpecification","valueRequired":true,"valueName":"search_term_string"}}],"inLanguage":"en-US"},{"@type":["Person","Organization"],"@id":"https:\/\/shrimataji.org\/test\/#\/schema\/person\/a1b3419c6585f164aa96da1ff85715d1","name":"Nirmala Shrivastava","image":{"@type":"ImageObject","inLanguage":"en-US","@id":"https:\/\/shrimataji.org\/test\/wp-content\/uploads\/2023\/02\/SMO_LOGO-03.svg","url":"https:\/\/shrimataji.org\/test\/wp-content\/uploads\/2023\/02\/SMO_LOGO-03.svg","contentUrl":"https:\/\/shrimataji.org\/test\/wp-content\/uploads\/2023\/02\/SMO_LOGO-03.svg","width":"1024","height":"1024","caption":"Nirmala Shrivastava"},"logo":{"@id":"https:\/\/shrimataji.org\/test\/wp-content\/uploads\/2023\/02\/SMO_LOGO-03.svg"},"sameAs":["https:\/\/shrimataji.org\/test","https:\/\/www.facebook.com\/shrimataji","https:\/\/x.com\/shrimataji","https:\/\/www.youtube.com\/@Shri_Mataji_Nirmala_Devi\/featured"]}]}},"lang":"fi","translations":{"fi":12562,"ur":37398,"en":6388,"am":17969,"th":19898,"hu":19444,"sq":18370,"zh":17267,"hi":7370,"tr":10137,"pt":10354,"de":10627,"fr":10725,"it":10823,"es":10921,"ja":11218,"ru":11406,"bn":11598,"te":11706,"sw":11829,"he":11977,"el":12268,"sk":12366,"fa":12464,"bg":13400,"ro":14474,"cs":14667,"nl":16530,"ku":16690,"ar":16866,"be":18577,"kn":18851,"mr":20262,"uk":20554,"ml":20853,"ta":22685,"sv":22958,"gu":28806,"pa":28964,"fil":29404,"da":37712,"pl":37929,"nn":38264},"pll_sync_post":[],"_links":{"self":[{"href":"https:\/\/shrimataji.org\/test\/wp-json\/wp\/v2\/pages\/12562","targetHints":{"allow":["GET"]}}],"collection":[{"href":"https:\/\/shrimataji.org\/test\/wp-json\/wp\/v2\/pages"}],"about":[{"href":"https:\/\/shrimataji.org\/test\/wp-json\/wp\/v2\/types\/page"}],"author":[{"embeddable":true,"href":"https:\/\/shrimataji.org\/test\/wp-json\/wp\/v2\/users\/29"}],"replies":[{"embeddable":true,"href":"https:\/\/shrimataji.org\/test\/wp-json\/wp\/v2\/comments?post=12562"}],"version-history":[{"count":0,"href":"https:\/\/shrimataji.org\/test\/wp-json\/wp\/v2\/pages\/12562\/revisions"}],"wp:featuredmedia":[{"embeddable":true,"href":"https:\/\/shrimataji.org\/test\/wp-json\/wp\/v2\/media\/9261"}],"wp:attachment":[{"href":"https:\/\/shrimataji.org\/test\/wp-json\/wp\/v2\/media?parent=12562"}],"curies":[{"name":"wp","href":"https:\/\/api.w.org\/{rel}","templated":true}]}}