{"id":12563,"date":"2022-02-25T04:05:58","date_gmt":"2022-02-25T04:05:58","guid":{"rendered":"https:\/\/test.shrimataji.org\/?page_id=6476"},"modified":"2025-09-02T11:41:40","modified_gmt":"2025-09-02T11:41:40","slug":"chakrat-ja-ominaisuudet","status":"publish","type":"page","link":"https:\/\/shrimataji.org\/test\/fi\/chakrat-ja-ominaisuudet\/","title":{"rendered":"Chakrat ja ominaisuudet"},"content":{"rendered":"\n\n\t<h1><a href=\"#_ftnref1\" name=\"_ftn1\"><\/a><\/h1>\n<h1>Chakrat ja ominaisuudet<\/h1>\n<h2>El\u00e4m\u00e4n py\u00f6r\u00e4t<\/h2>\n<div class=\"su-quote su-quote-style-default\"><div class=\"su-quote-inner su-u-clearfix su-u-trim\">Chakrat on luotu viidest\u00e4 elementist\u00e4: maa, vesi, ilma, tuli ja eetteri.<\/div><\/div>\n\t<h4>Shri Mataji selitti etsij\u00f6ille, kuinka hienovaraiset keskukset (chakrat) voi todella tuntea joko kehossa tai raajoissa eli k\u00e4siss\u00e4, sormenp\u00e4iss\u00e4 ja jaloissa. Ihmisen psyyken tilasta riippuen voi tuntea erilaisia tuntemuksia, l\u00e4mpim\u00e4st\u00e4, viile\u00e4st\u00e4, fyysiseen pistelyyn tai painon tunteeseen. H\u00e4n selitti k\u00e4rsiv\u00e4llisesti jokaisen n\u00e4ist\u00e4 tuntemuksista, joita etsij\u00e4t kokivat H\u00e4nen l\u00e4sn\u00e4 ollessaan, liittyv\u00e4n tiettyyn ongelmaan, joka vaikutti heihin fyysisell\u00e4, henkisell\u00e4, emotionaalisella ja henkisell\u00e4 tasolla. H\u00e4n huomautti, ett\u00e4 t\u00e4t\u00e4 joogan tilassa saatua henkist\u00e4 kokemusta kuvataan eritt\u00e4in hyvin maailman pyhiss\u00e4 kirjoituksissa, erityisesti pyh\u00e4n Koraanin jakeissa.<\/h4>\n\t<div class=\"su-quote su-quote-style-default\"><div class=\"su-quote-inner su-u-clearfix su-u-trim\">Sit\u00e4 kutsutaan Koraanissa nimell\u00e4 &#8216;kiyama'[1], jossa sanotaan, ett\u00e4 teid\u00e4n k\u00e4tenne puhuvat ja kertovat teille kaiken itsest\u00e4nne ja muista. Juuri n\u00e4in tapahtuu, ett\u00e4 voitte tuntea sormenp\u00e4iss\u00e4nne omat keskuksenne ja voitte tuntea my\u00f6s toisten keskukset. N\u00e4in kehit\u00e4tte itsetietoisuutta ja teist\u00e4 tulee my\u00f6s kollektiivisesti tietoinen.<\/div><\/div>\n<p>Chakrat voidaan visualisoida tulenlieskoina tai vaikka lootuksen ter\u00e4lehtin\u00e4. Jokaisella chakralla on eri m\u00e4\u00e4r\u00e4 ter\u00e4lehti\u00e4, jotka vastaavat hermopunoksen alapunosten lukum\u00e4\u00e4r\u00e4\u00e4. Hermopunokset s\u00e4\u00e4telev\u00e4t kehomme ja aivojemme sis\u00e4ist\u00e4 informaatiovirtaa, joka mahdollistaa olemuksemme harmonisen toiminnan. Ne ovat kaikkien fyysisten, henkisten ja emotionaalisten toimintojemme perusta. N\u00e4in ollen kukin chakra liittyy tiettyihin fyysisiin, henkisiin ja emotionaalisiin ominaisuuksiin. Kun koemme h\u00e4iri\u00f6it\u00e4 henkisell\u00e4, emotionaalisella tai fyysisell\u00e4 tasolla, se johtuu n\u00e4iss\u00e4 chakroissa olevista hienojakoisista tukoksista tai esteist\u00e4.<\/p>\n<div class=\"su-quote su-quote-style-default\"><div class=\"su-quote-inner su-u-clearfix su-u-trim\">Hienojakoinen energia tunkeutuu aivojen keskuksen (Sahasrara Brahmarandhra) kautta ja laskeutuu kuuteen muuhun keskukseen matkallaan alasp\u00e4in. T\u00e4m\u00e4n hienojakoisen energian karkeaa ilmentym\u00e4\u00e4 selk\u00e4ytimen Sushumna-kanavassa kutsutaan parasympaattiseksi hermostoksi. Chakrojen keskukset ilmenev\u00e4t selk\u00e4ytimen ulkopuolella olevina pleksuksina. Yll\u00e4tt\u00e4v\u00e4\u00e4 kyll\u00e4, meill\u00e4 on sama m\u00e4\u00e4r\u00e4 pleksuksia ja alapleksuksia selk\u00e4ytimen ulkopuolella kuin selk\u00e4ytimen sis\u00e4ll\u00e4 olevien chakrojen ja niiden ter\u00e4lehtien m\u00e4\u00e4r\u00e4.<\/div><\/div>\n<p>Hermostomme \u00e4\u00e4reislaajeneminen vastaa hienojakoisen kehomme \u00e4\u00e4reislaajenemista, mik\u00e4 mahdollistaa selk\u00e4ytimess\u00e4 sijaitsevien chakrojen ja vastaavien k\u00e4sien ja jalkojen v\u00e4lisen yhdenmukaisen korrelaation. Jos tiet\u00e4\u00e4 n\u00e4iden kehomme paikkojen ja niit\u00e4 vastaavien hienojakoisten keskusten (chakrojen) oikean tulkinnan, voi helposti hallita fyysist\u00e4, mentaalista, emotionaalista ja henkist\u00e4 olemustaan. Ihminen ei ole en\u00e4\u00e4 erill\u00e4\u00e4n absoluuttisesta universaalista todellisuudesta, vaan h\u00e4n voi irrottautua havaittujen todellisuuksien illuusioista itsetuntemuksen avulla.<\/p>\n\t\t\t\t<a href=\"https:\/\/shrimataji.org\/test\/wp-content\/uploads\/2023\/02\/01a_Chakras-_-Qualities_SMO-01-1.png\"  target=\"_blank\" rel=\"noopener\"  itemprop=\"url\">\n\t\t\t\t<img decoding=\"async\" src=\"https:\/\/shrimataji.org\/test\/wp-content\/uploads\/2025\/04\/Chakras_Qualities_SMO-01-scaled.png\" alt=\"Chakras_Qualities_SMO-01\" itemprop=\"image\" height=\"2560\" width=\"2095\" title=\"Chakras_Qualities_SMO-01\" onerror=\"this.style.display='none'\" loading=\"lazy\" \/>\n\t\t\t\t<\/a>\n\t<p>Hienojakoisen j\u00e4rjestelm\u00e4mme keskukset eiv\u00e4t ainoastaan s\u00e4\u00e4tele fyysist\u00e4, henkist\u00e4 ja emotionaalista hyvinvointiamme, vaan auttavat my\u00f6s muokkaamaan persoonallisuuttamme. Ne voidaan ymm\u00e4rt\u00e4\u00e4 persoonallisuuden piirteidemme varastona. Kun kehitymme, kypsymme ja kasvamme, n\u00e4m\u00e4 persoonallisuuspiirteet avautuvat el\u00e4m\u00e4ss\u00e4mme, joskus tietoisesti ja usein tiedostamatta. Mieti, kuinka usein sinulla on ollut tarve auttaa jotakuta tai olla yst\u00e4v\u00e4llinen tai antelias tietyss\u00e4 tilanteessa. Mist\u00e4 n\u00e4m\u00e4 tunteet ovat per\u00e4isin? Kiinan ja Intian muinaiset it\u00e4iset kulttuurit, jotka eliv\u00e4t hienojakoisen j\u00e4rjestelm\u00e4n tiet\u00e4myst\u00e4 hy\u00f6dynt\u00e4en, perustivat yhteiskuntansa henkisen el\u00e4m\u00e4n korkeampiin arvoihin, dharmaan. Dharma tarkoittaa muinaisessa sanskritin kieless\u00e4 &#8221;oikeamielist\u00e4 k\u00e4ytt\u00e4ytymiss\u00e4\u00e4nn\u00f6st\u00f6\u00e4&#8221;, s\u00e4\u00e4nn\u00f6st\u00f6\u00e4, joka on sopusoinnussa universaalin Hengen kanssa. Samansuuntainen analogia voitaisiin vet\u00e4\u00e4 Moosekselle annettuihin kymmeneen k\u00e4skyyn. Itse asiassa monissa muinaisissa maailmanuskonnoissa, kulttuureissa ja perinteiss\u00e4 voidaan l\u00f6yt\u00e4\u00e4 muitakin esimerkkej\u00e4 t\u00e4st\u00e4 universaalista sis\u00e4isest\u00e4 k\u00e4ytt\u00e4ytymiss\u00e4\u00e4nn\u00f6st\u00f6st\u00e4.<\/p>\n\t\t<iframe loading=\"lazy\" title=\"Chakras - The Subtle Centers\" width=\"1920\" height=\"1080\" src=\"https:\/\/www.youtube.com\/embed\/8_ocwivaNcc?feature=oembed\" frameborder=\"0\" allow=\"accelerometer; autoplay; clipboard-write; encrypted-media; gyroscope; picture-in-picture; web-share\" allowfullscreen><\/iframe>\t\n\t<p>Shri Matajin jakamaan tietoon perustuen seuraavissa osioissa kerrotaan yksityiskohtaisesti jokaisesta chakrasta ja korostetaan synnynn\u00e4isi\u00e4 persoonallisuuden piirteit\u00e4, jotka perustuvat hienojakoisten keskusten alkuper\u00e4iseen periaatteeseen. Jotkin n\u00e4iden keskusten ominaisuuksista avautuvat ihmisen tietoisuudessa heti syntym\u00e4st\u00e4 l\u00e4htien. N\u00e4iden keskusten korkeammat hienojakoiset ominaisuudet tulevat t\u00e4ysin esiin sen j\u00e4lkeen, kun olemme saaneet itseoivalluksemme <a href=\"https:\/\/shrimataji.org\/test\/fi\/kundaliini\/\" target=\"_blank\" rel=\"noopener\"><u>Kundaliinin<\/u><\/a> her\u00e4\u00e4misen kautta.<\/p>\n<p>K\u00e4ytt\u00e4m\u00e4ll\u00e4 t\u00e4t\u00e4 eri keskusten hienojakoista tietoa voimme auttaa itse\u00e4mme el\u00e4m\u00e4\u00e4n sopusoinnussa synnynn\u00e4isen henkisen luontomme ja kanssaihmistemme kanssa.<\/p>\n\t<hr \/>\n[1] viittaa Al-Qiyamaan tai Al-Qiyamahiin, joka tunnetaan Koraanissa yl\u00f6snousemuksen p\u00e4iv\u00e4n\u00e4.<\/p>\n\n","protected":false},"excerpt":{"rendered":"<p>Chakrat ja ominaisuudet El\u00e4m\u00e4n py\u00f6r\u00e4t Shri Mataji selitti etsij\u00f6ille, kuinka hienovaraiset keskukset (chakrat) voi todella tuntea joko kehossa tai raajoissa eli k\u00e4siss\u00e4, sormenp\u00e4iss\u00e4 ja jaloissa. Ihmisen psyyken tilasta riippuen voi tuntea erilaisia tuntemuksia, l\u00e4mpim\u00e4st\u00e4, viile\u00e4st\u00e4, fyysiseen pistelyyn tai painon tunteeseen. H\u00e4n selitti k\u00e4rsiv\u00e4llisesti jokaisen n\u00e4ist\u00e4 tuntemuksista, joita etsij\u00e4t kokivat H\u00e4nen l\u00e4sn\u00e4 ollessaan, liittyv\u00e4n tiettyyn ongelmaan,&hellip; <br \/> <a class=\"read-more\" href=\"https:\/\/shrimataji.org\/test\/fi\/chakrat-ja-ominaisuudet\/\">Read more<\/a><\/p>\n","protected":false},"author":29,"featured_media":9250,"parent":0,"menu_order":0,"comment_status":"closed","ping_status":"closed","template":"","meta":{"inline_featured_image":false,"footnotes":""},"class_list":["post-12563","page","type-page","status-publish","has-post-thumbnail","hentry"],"yoast_head":"<!-- This site is optimized with the Yoast SEO plugin v27.4 - https:\/\/yoast.com\/product\/yoast-seo-wordpress\/ -->\n<title>Chakrat ja ominaisuudet - TEST - SMND<\/title>\n<meta name=\"robots\" content=\"noindex, follow, max-snippet:-1, max-image-preview:large, max-video-preview:-1\" \/>\n<meta property=\"og:locale\" content=\"en_US\" \/>\n<meta property=\"og:type\" content=\"article\" \/>\n<meta property=\"og:title\" content=\"Chakrat ja ominaisuudet - TEST - SMND\" \/>\n<meta property=\"og:description\" content=\"Chakrat ja ominaisuudet El\u00e4m\u00e4n py\u00f6r\u00e4t Shri Mataji selitti etsij\u00f6ille, kuinka hienovaraiset keskukset (chakrat) voi todella tuntea joko kehossa tai raajoissa eli k\u00e4siss\u00e4, sormenp\u00e4iss\u00e4 ja jaloissa. Ihmisen psyyken tilasta riippuen voi tuntea erilaisia tuntemuksia, l\u00e4mpim\u00e4st\u00e4, viile\u00e4st\u00e4, fyysiseen pistelyyn tai painon tunteeseen. H\u00e4n selitti k\u00e4rsiv\u00e4llisesti jokaisen n\u00e4ist\u00e4 tuntemuksista, joita etsij\u00e4t kokivat H\u00e4nen l\u00e4sn\u00e4 ollessaan, liittyv\u00e4n tiettyyn ongelmaan,&hellip; Read more\" \/>\n<meta property=\"og:url\" content=\"https:\/\/shrimataji.org\/test\/fi\/chakrat-ja-ominaisuudet\/\" \/>\n<meta property=\"og:site_name\" content=\"TEST - SMND\" \/>\n<meta property=\"article:publisher\" content=\"https:\/\/www.facebook.com\/shrimataji\" \/>\n<meta property=\"article:modified_time\" content=\"2025-09-02T11:41:40+00:00\" \/>\n<meta property=\"og:image\" content=\"https:\/\/shrimataji.org\/test\/wp-content\/uploads\/2023\/03\/15_Banner-SY-ChakrasQualities-scaled.jpg\" \/>\n\t<meta property=\"og:image:width\" content=\"2560\" \/>\n\t<meta property=\"og:image:height\" content=\"905\" \/>\n\t<meta property=\"og:image:type\" content=\"image\/jpeg\" \/>\n<meta name=\"twitter:card\" content=\"summary_large_image\" \/>\n<meta name=\"twitter:site\" content=\"@shrimataji\" \/>\n<meta name=\"twitter:label1\" content=\"Est. reading time\" \/>\n\t<meta name=\"twitter:data1\" content=\"4 minutes\" \/>\n<script type=\"application\/ld+json\" class=\"yoast-schema-graph\">{\"@context\":\"https:\\\/\\\/schema.org\",\"@graph\":[{\"@type\":\"WebPage\",\"@id\":\"https:\\\/\\\/shrimataji.org\\\/test\\\/fi\\\/chakrat-ja-ominaisuudet\\\/\",\"url\":\"https:\\\/\\\/shrimataji.org\\\/test\\\/fi\\\/chakrat-ja-ominaisuudet\\\/\",\"name\":\"Chakrat ja ominaisuudet - TEST - SMND\",\"isPartOf\":{\"@id\":\"https:\\\/\\\/shrimataji.org\\\/test\\\/#website\"},\"primaryImageOfPage\":{\"@id\":\"https:\\\/\\\/shrimataji.org\\\/test\\\/fi\\\/chakrat-ja-ominaisuudet\\\/#primaryimage\"},\"image\":{\"@id\":\"https:\\\/\\\/shrimataji.org\\\/test\\\/fi\\\/chakrat-ja-ominaisuudet\\\/#primaryimage\"},\"thumbnailUrl\":\"https:\\\/\\\/shrimataji.org\\\/test\\\/wp-content\\\/uploads\\\/2023\\\/03\\\/15_Banner-SY-ChakrasQualities-scaled.jpg\",\"datePublished\":\"2022-02-25T04:05:58+00:00\",\"dateModified\":\"2025-09-02T11:41:40+00:00\",\"breadcrumb\":{\"@id\":\"https:\\\/\\\/shrimataji.org\\\/test\\\/fi\\\/chakrat-ja-ominaisuudet\\\/#breadcrumb\"},\"inLanguage\":\"en-US\",\"potentialAction\":[{\"@type\":\"ReadAction\",\"target\":[\"https:\\\/\\\/shrimataji.org\\\/test\\\/fi\\\/chakrat-ja-ominaisuudet\\\/\"]}]},{\"@type\":\"ImageObject\",\"inLanguage\":\"en-US\",\"@id\":\"https:\\\/\\\/shrimataji.org\\\/test\\\/fi\\\/chakrat-ja-ominaisuudet\\\/#primaryimage\",\"url\":\"https:\\\/\\\/shrimataji.org\\\/test\\\/wp-content\\\/uploads\\\/2023\\\/03\\\/15_Banner-SY-ChakrasQualities-scaled.jpg\",\"contentUrl\":\"https:\\\/\\\/shrimataji.org\\\/test\\\/wp-content\\\/uploads\\\/2023\\\/03\\\/15_Banner-SY-ChakrasQualities-scaled.jpg\",\"width\":2560,\"height\":905},{\"@type\":\"BreadcrumbList\",\"@id\":\"https:\\\/\\\/shrimataji.org\\\/test\\\/fi\\\/chakrat-ja-ominaisuudet\\\/#breadcrumb\",\"itemListElement\":[{\"@type\":\"ListItem\",\"position\":1,\"name\":\"Home\",\"item\":\"https:\\\/\\\/shrimataji.org\\\/test\\\/uk\\\/home-en\\\/\"},{\"@type\":\"ListItem\",\"position\":2,\"name\":\"Chakrat ja ominaisuudet\"}]},{\"@type\":\"WebSite\",\"@id\":\"https:\\\/\\\/shrimataji.org\\\/test\\\/#website\",\"url\":\"https:\\\/\\\/shrimataji.org\\\/test\\\/\",\"name\":\"Shri Mataji Nirmala Devi\",\"description\":\"A Life Dedicated to Humanity\",\"publisher\":{\"@id\":\"https:\\\/\\\/shrimataji.org\\\/test\\\/#\\\/schema\\\/person\\\/a1b3419c6585f164aa96da1ff85715d1\"},\"potentialAction\":[{\"@type\":\"SearchAction\",\"target\":{\"@type\":\"EntryPoint\",\"urlTemplate\":\"https:\\\/\\\/shrimataji.org\\\/test\\\/?s={search_term_string}\"},\"query-input\":{\"@type\":\"PropertyValueSpecification\",\"valueRequired\":true,\"valueName\":\"search_term_string\"}}],\"inLanguage\":\"en-US\"},{\"@type\":[\"Person\",\"Organization\"],\"@id\":\"https:\\\/\\\/shrimataji.org\\\/test\\\/#\\\/schema\\\/person\\\/a1b3419c6585f164aa96da1ff85715d1\",\"name\":\"Nirmala Shrivastava\",\"image\":{\"@type\":\"ImageObject\",\"inLanguage\":\"en-US\",\"@id\":\"https:\\\/\\\/shrimataji.org\\\/test\\\/wp-content\\\/uploads\\\/2023\\\/02\\\/SMO_LOGO-03.svg\",\"url\":\"https:\\\/\\\/shrimataji.org\\\/test\\\/wp-content\\\/uploads\\\/2023\\\/02\\\/SMO_LOGO-03.svg\",\"contentUrl\":\"https:\\\/\\\/shrimataji.org\\\/test\\\/wp-content\\\/uploads\\\/2023\\\/02\\\/SMO_LOGO-03.svg\",\"width\":\"1024\",\"height\":\"1024\",\"caption\":\"Nirmala Shrivastava\"},\"logo\":{\"@id\":\"https:\\\/\\\/shrimataji.org\\\/test\\\/wp-content\\\/uploads\\\/2023\\\/02\\\/SMO_LOGO-03.svg\"},\"sameAs\":[\"https:\\\/\\\/shrimataji.org\\\/test\",\"https:\\\/\\\/www.facebook.com\\\/shrimataji\",\"https:\\\/\\\/x.com\\\/shrimataji\",\"https:\\\/\\\/www.youtube.com\\\/@Shri_Mataji_Nirmala_Devi\\\/featured\"]}]}<\/script>\n<!-- \/ Yoast SEO plugin. -->","yoast_head_json":{"title":"Chakrat ja ominaisuudet - TEST - SMND","robots":{"index":"noindex","follow":"follow","max-snippet":"max-snippet:-1","max-image-preview":"max-image-preview:large","max-video-preview":"max-video-preview:-1"},"og_locale":"en_US","og_type":"article","og_title":"Chakrat ja ominaisuudet - TEST - SMND","og_description":"Chakrat ja ominaisuudet El\u00e4m\u00e4n py\u00f6r\u00e4t Shri Mataji selitti etsij\u00f6ille, kuinka hienovaraiset keskukset (chakrat) voi todella tuntea joko kehossa tai raajoissa eli k\u00e4siss\u00e4, sormenp\u00e4iss\u00e4 ja jaloissa. Ihmisen psyyken tilasta riippuen voi tuntea erilaisia tuntemuksia, l\u00e4mpim\u00e4st\u00e4, viile\u00e4st\u00e4, fyysiseen pistelyyn tai painon tunteeseen. H\u00e4n selitti k\u00e4rsiv\u00e4llisesti jokaisen n\u00e4ist\u00e4 tuntemuksista, joita etsij\u00e4t kokivat H\u00e4nen l\u00e4sn\u00e4 ollessaan, liittyv\u00e4n tiettyyn ongelmaan,&hellip; Read more","og_url":"https:\/\/shrimataji.org\/test\/fi\/chakrat-ja-ominaisuudet\/","og_site_name":"TEST - SMND","article_publisher":"https:\/\/www.facebook.com\/shrimataji","article_modified_time":"2025-09-02T11:41:40+00:00","og_image":[{"width":2560,"height":905,"url":"https:\/\/shrimataji.org\/test\/wp-content\/uploads\/2023\/03\/15_Banner-SY-ChakrasQualities-scaled.jpg","type":"image\/jpeg"}],"twitter_card":"summary_large_image","twitter_site":"@shrimataji","twitter_misc":{"Est. reading time":"4 minutes"},"schema":{"@context":"https:\/\/schema.org","@graph":[{"@type":"WebPage","@id":"https:\/\/shrimataji.org\/test\/fi\/chakrat-ja-ominaisuudet\/","url":"https:\/\/shrimataji.org\/test\/fi\/chakrat-ja-ominaisuudet\/","name":"Chakrat ja ominaisuudet - TEST - SMND","isPartOf":{"@id":"https:\/\/shrimataji.org\/test\/#website"},"primaryImageOfPage":{"@id":"https:\/\/shrimataji.org\/test\/fi\/chakrat-ja-ominaisuudet\/#primaryimage"},"image":{"@id":"https:\/\/shrimataji.org\/test\/fi\/chakrat-ja-ominaisuudet\/#primaryimage"},"thumbnailUrl":"https:\/\/shrimataji.org\/test\/wp-content\/uploads\/2023\/03\/15_Banner-SY-ChakrasQualities-scaled.jpg","datePublished":"2022-02-25T04:05:58+00:00","dateModified":"2025-09-02T11:41:40+00:00","breadcrumb":{"@id":"https:\/\/shrimataji.org\/test\/fi\/chakrat-ja-ominaisuudet\/#breadcrumb"},"inLanguage":"en-US","potentialAction":[{"@type":"ReadAction","target":["https:\/\/shrimataji.org\/test\/fi\/chakrat-ja-ominaisuudet\/"]}]},{"@type":"ImageObject","inLanguage":"en-US","@id":"https:\/\/shrimataji.org\/test\/fi\/chakrat-ja-ominaisuudet\/#primaryimage","url":"https:\/\/shrimataji.org\/test\/wp-content\/uploads\/2023\/03\/15_Banner-SY-ChakrasQualities-scaled.jpg","contentUrl":"https:\/\/shrimataji.org\/test\/wp-content\/uploads\/2023\/03\/15_Banner-SY-ChakrasQualities-scaled.jpg","width":2560,"height":905},{"@type":"BreadcrumbList","@id":"https:\/\/shrimataji.org\/test\/fi\/chakrat-ja-ominaisuudet\/#breadcrumb","itemListElement":[{"@type":"ListItem","position":1,"name":"Home","item":"https:\/\/shrimataji.org\/test\/uk\/home-en\/"},{"@type":"ListItem","position":2,"name":"Chakrat ja ominaisuudet"}]},{"@type":"WebSite","@id":"https:\/\/shrimataji.org\/test\/#website","url":"https:\/\/shrimataji.org\/test\/","name":"Shri Mataji Nirmala Devi","description":"A Life Dedicated to Humanity","publisher":{"@id":"https:\/\/shrimataji.org\/test\/#\/schema\/person\/a1b3419c6585f164aa96da1ff85715d1"},"potentialAction":[{"@type":"SearchAction","target":{"@type":"EntryPoint","urlTemplate":"https:\/\/shrimataji.org\/test\/?s={search_term_string}"},"query-input":{"@type":"PropertyValueSpecification","valueRequired":true,"valueName":"search_term_string"}}],"inLanguage":"en-US"},{"@type":["Person","Organization"],"@id":"https:\/\/shrimataji.org\/test\/#\/schema\/person\/a1b3419c6585f164aa96da1ff85715d1","name":"Nirmala Shrivastava","image":{"@type":"ImageObject","inLanguage":"en-US","@id":"https:\/\/shrimataji.org\/test\/wp-content\/uploads\/2023\/02\/SMO_LOGO-03.svg","url":"https:\/\/shrimataji.org\/test\/wp-content\/uploads\/2023\/02\/SMO_LOGO-03.svg","contentUrl":"https:\/\/shrimataji.org\/test\/wp-content\/uploads\/2023\/02\/SMO_LOGO-03.svg","width":"1024","height":"1024","caption":"Nirmala Shrivastava"},"logo":{"@id":"https:\/\/shrimataji.org\/test\/wp-content\/uploads\/2023\/02\/SMO_LOGO-03.svg"},"sameAs":["https:\/\/shrimataji.org\/test","https:\/\/www.facebook.com\/shrimataji","https:\/\/x.com\/shrimataji","https:\/\/www.youtube.com\/@Shri_Mataji_Nirmala_Devi\/featured"]}]}},"lang":"fi","translations":{"fi":12563,"ur":37400,"en":6476,"am":17971,"th":19901,"hu":19446,"sq":18372,"zh":17269,"hi":7374,"tr":10139,"pt":10355,"de":10628,"fr":10726,"it":10824,"es":10922,"ja":11219,"ru":11407,"bn":11599,"te":11707,"sw":11830,"he":11978,"el":12269,"sk":12367,"fa":12465,"bg":13378,"ro":14452,"cs":14645,"nl":16532,"ku":16692,"ar":16868,"be":18579,"kn":18853,"mr":20265,"uk":20557,"ml":20856,"ta":22687,"sv":22960,"gu":28808,"pa":28966,"fil":29406,"da":37714,"pl":37931,"nn":38266},"pll_sync_post":[],"_links":{"self":[{"href":"https:\/\/shrimataji.org\/test\/wp-json\/wp\/v2\/pages\/12563","targetHints":{"allow":["GET"]}}],"collection":[{"href":"https:\/\/shrimataji.org\/test\/wp-json\/wp\/v2\/pages"}],"about":[{"href":"https:\/\/shrimataji.org\/test\/wp-json\/wp\/v2\/types\/page"}],"author":[{"embeddable":true,"href":"https:\/\/shrimataji.org\/test\/wp-json\/wp\/v2\/users\/29"}],"replies":[{"embeddable":true,"href":"https:\/\/shrimataji.org\/test\/wp-json\/wp\/v2\/comments?post=12563"}],"version-history":[{"count":0,"href":"https:\/\/shrimataji.org\/test\/wp-json\/wp\/v2\/pages\/12563\/revisions"}],"wp:featuredmedia":[{"embeddable":true,"href":"https:\/\/shrimataji.org\/test\/wp-json\/wp\/v2\/media\/9250"}],"wp:attachment":[{"href":"https:\/\/shrimataji.org\/test\/wp-json\/wp\/v2\/media?parent=12563"}],"curies":[{"name":"wp","href":"https:\/\/api.w.org\/{rel}","templated":true}]}}